{"id":49246,"date":"2022-05-02T09:56:06","date_gmt":"2022-05-02T07:56:06","guid":{"rendered":"https:\/\/www.fiorentini-iberia.com\/pietro-fiorentini-iberia\/"},"modified":"2025-09-18T14:14:40","modified_gmt":"2025-09-18T12:14:40","slug":"pietro-fiorentini-iberia","status":"publish","type":"page","link":"https:\/\/www.fiorentini-iberia.com\/ca\/pietro-fiorentini-iberia\/","title":{"rendered":"Pietro Fiorentini Ib\u00e8ria"},"content":{"rendered":"\n<p><strong>Pietro Fiorentini Iberia, S.L.<\/strong>\u00a0\u00e9s l&#8217;oficina de vendes i distribuci\u00f3 \u00a0<strong>a Espanya i Portugal<\/strong>\u00a0de <a href=\"http:\/\/fiorentini.com\/\" target=\"_blank\" rel=\"noreferrer noopener\"><strong>Pietro Fiorentini S.p.A.<\/strong><\/a>, que subministra equipament i solucions per gas natural, biog\u00e0s i hidrogen en tots els nivells de pressi\u00f3.<\/p>\n\n\n\n<p>A la Pen\u00ednsula Ib\u00e8rica, som <strong>l\u00edders en equipament pel transport i distribuci\u00f3 de gas natural i biomet\u00e0<\/strong>.<\/p>\n\n\n\n<p>L\u2019equip de Fiorentini Iberia, pertanyent al <strong><a href=\"https:\/\/www.fiorentini-iberia.com\/ca\/grup-pietro-fiorentini\/\">Grup&nbsp;Pietro&nbsp;Fiorentini<\/a><\/strong>, est\u00e0 format per un equip de&nbsp;<strong>professionals excepcionals amb una extensa experi\u00e8ncia en el mercat <\/strong>que coneixen \u00e0mpliament el nostre ventall de solucions.<\/p>\n\n\n\n<p><strong>Pietro Fiorentini<\/strong>&nbsp;\u00e9s present a Espanya des de 1976 a trav\u00e9s de <a href=\"https:\/\/www.contagas.com\/\" target=\"_blank\" rel=\"noreferrer noopener\">CONTAGAS, S.A.<\/a>&nbsp;A l\u2019abril de 2022 es va crear la filial per impulsar el creixement de totes les solucions del Grup a la <strong>Pen\u00ednsula Ib\u00e8rica<\/strong>.<\/p>\n\n\n\n<h2 class=\"wp-block-heading\">Pietro Fiorentini Ib\u00e8ria<\/h2>\n\n\n\n<p>Els nostres clients s\u00f3n empreses de distribuci\u00f3 de gas natural i de transport, empreses de petroli i gas, enginyeries, empreses per projectes claus en m\u00e0 (EPCs), usuaris finals industrials i serveis p\u00fablics.<\/p>\n\n\n\n<p>A m\u00e9s d\u2019un <strong>producte de qualitat<\/strong>, oferim un <strong>servei complet <\/strong>tals nostres clients, incl\u00f2s <strong>suport SAT, log\u00edstica, i assessorament t\u00e8cnic<\/strong>&nbsp;a mida de cada client.<\/p>\n\n\n\n<p>Amb el nostre equip de Servei d\u2019Assist\u00e8ncia T\u00e8cnica garantim la posada en marxa, el manteniment i les reparacions de l\u2019equipament de Pietro Fiorentini a Espanya i Portugal.<\/p>\n\n\n\n<p>Tornar a la <a href=\"http:\/\/fiorentini-iberia.com\/ca\/\">p\u00e0gina d&#8217;inici<\/a>.<\/p>\n\n\n\n<p><strong>Pietro Fiorentini, fundada a Bolonya el 1940<\/strong>, \u00e9s una <strong>empresa industrial l\u00edder <\/strong>al nord-est d\u2019It\u00e0lia, reconeguda com a Marca Hist\u00f2rica d\u2019Inter\u00e8s Nacional. Compta amb <strong>m\u00e9s de 80 anys d\u2019experi\u00e8ncia<\/strong>&nbsp;en tota la cadena de subministrament de gas natural. El Grup ha ampliat els seu horitzons envers el desenvolupament de <strong>tecnologies i solucions cap a un m\u00f3n digital sostenible <\/strong>i s\u2019ha centrat especialment en projectes d\u2019energia renovable.<\/p>\n\n\n\n<p>L\u2019empresa \u00e9s un actor actiu en canvis de mercat, incloent la digitalitzaci\u00f3, la transici\u00f3 cap a fonts d\u2019energia m\u00e9s netes i una major responsabilitat pel que fa a la sostenibilitat ambiental, social i econ\u00f2mica.<\/p>\n\n\n\n<p>El 2022, el Grup Pietro Fiorentini va assolir uns ingressos consolidats d\u2019uns 500 milions d\u2019euros,&nbsp;<strong>un 8% m\u00e9s comparat amb 2021<\/strong>. El Grup compta amb una consolidada base de clients formada per empreses de transport i distribuci\u00f3 de gas natural, empreses de gas i petroli, enginyeries, EPC, usuaris industrials finals i &nbsp;serveis p\u00fablics.<\/p>\n","protected":false},"excerpt":{"rendered":"<p>Pietro Fiorentini Iberia, S.L.\u00a0\u00e9s l&#8217;oficina de vendes i distribuci\u00f3 \u00a0a Espanya i Portugal\u00a0de Pietro Fiorentini S.p.A., que subministra equipament i solucions per gas natural, biog\u00e0s i hidrogen en tots els nivells de pressi\u00f3. A la Pen\u00ednsula Ib\u00e8rica, som l\u00edders en equipament pel transport i distribuci\u00f3 de gas natural i biomet\u00e0. L\u2019equip de Fiorentini Iberia, pertanyent [&hellip;]<\/p>\n","protected":false},"author":15,"featured_media":49248,"parent":0,"menu_order":0,"comment_status":"closed","ping_status":"closed","template":"template-company-master.php","meta":{"_acf_changed":false,"inline_featured_image":false,"footnotes":""},"class_list":["post-49246","page","type-page","status-publish","has-post-thumbnail","hentry"],"acf":[],"yoast_head":"<!-- This site is optimized with the Yoast SEO plugin v27.2 - https:\/\/yoast.com\/product\/yoast-seo-wordpress\/ -->\n<title>Pietro Fiorentini Ib\u00e8ria - Pres\u00e8ncia directe a Espanya i Portugal<\/title>\n<meta name=\"description\" content=\"Subministrem equips i solucions per a gas natural, biog\u00e0s, xarxes de subministrament d&#039;aigua i hidrogen en tots els nivells de pressi\u00f3.\" \/>\n<meta name=\"robots\" content=\"index, follow, max-snippet:-1, max-image-preview:large, max-video-preview:-1\" \/>\n<link rel=\"canonical\" href=\"https:\/\/www.fiorentini-iberia.com\/ca\/pietro-fiorentini-iberia\/\" \/>\n<meta property=\"og:locale\" content=\"ca_ES\" \/>\n<meta property=\"og:type\" content=\"article\" \/>\n<meta property=\"og:title\" content=\"Pietro Fiorentini Ib\u00e8ria - Pres\u00e8ncia directe a Espanya i Portugal\" \/>\n<meta property=\"og:description\" content=\"Subministrem equips i solucions per a gas natural, biog\u00e0s, xarxes de subministrament d&#039;aigua i hidrogen en tots els nivells de pressi\u00f3.\" \/>\n<meta property=\"og:url\" content=\"https:\/\/www.fiorentini-iberia.com\/ca\/pietro-fiorentini-iberia\/\" \/>\n<meta property=\"og:site_name\" content=\"Pietro Fiorentini\" \/>\n<meta property=\"article:modified_time\" content=\"2025-09-18T12:14:40+00:00\" \/>\n<meta property=\"og:image\" content=\"https:\/\/www.fiorentini-iberia.com\/wp-content\/uploads\/2022\/11\/01-PFI-capcalera-1.jpg\" \/>\n\t<meta property=\"og:image:width\" content=\"1920\" \/>\n\t<meta property=\"og:image:height\" content=\"1440\" \/>\n\t<meta property=\"og:image:type\" content=\"image\/jpeg\" \/>\n<meta name=\"twitter:card\" content=\"summary_large_image\" \/>\n<meta name=\"twitter:site\" content=\"@FiorentiniSpa\" \/>\n<meta name=\"twitter:label1\" content=\"Temps estimat de lectura\" \/>\n\t<meta name=\"twitter:data1\" content=\"2 minuts\" \/>\n<script type=\"application\/ld+json\" class=\"yoast-schema-graph\">{\"@context\":\"https:\/\/schema.org\",\"@graph\":[{\"@type\":\"WebPage\",\"@id\":\"https:\/\/www.fiorentini-iberia.com\/ca\/pietro-fiorentini-iberia\/\",\"url\":\"https:\/\/www.fiorentini-iberia.com\/ca\/pietro-fiorentini-iberia\/\",\"name\":\"Pietro Fiorentini Ib\u00e8ria - Pres\u00e8ncia directe a Espanya i Portugal\",\"isPartOf\":{\"@id\":\"https:\/\/www.fiorentini-iberia.com\/ca\/#website\"},\"primaryImageOfPage\":{\"@id\":\"https:\/\/www.fiorentini-iberia.com\/ca\/pietro-fiorentini-iberia\/#primaryimage\"},\"image\":{\"@id\":\"https:\/\/www.fiorentini-iberia.com\/ca\/pietro-fiorentini-iberia\/#primaryimage\"},\"thumbnailUrl\":\"https:\/\/www.fiorentini-iberia.com\/wp-content\/uploads\/2022\/11\/01-PFI-capcalera-1.jpg\",\"datePublished\":\"2022-05-02T07:56:06+00:00\",\"dateModified\":\"2025-09-18T12:14:40+00:00\",\"description\":\"Subministrem equips i solucions per a gas natural, biog\u00e0s, xarxes de subministrament d'aigua i hidrogen en tots els nivells de pressi\u00f3.\",\"breadcrumb\":{\"@id\":\"https:\/\/www.fiorentini-iberia.com\/ca\/pietro-fiorentini-iberia\/#breadcrumb\"},\"inLanguage\":\"ca\",\"potentialAction\":[{\"@type\":\"ReadAction\",\"target\":[\"https:\/\/www.fiorentini-iberia.com\/ca\/pietro-fiorentini-iberia\/\"]}]},{\"@type\":\"ImageObject\",\"inLanguage\":\"ca\",\"@id\":\"https:\/\/www.fiorentini-iberia.com\/ca\/pietro-fiorentini-iberia\/#primaryimage\",\"url\":\"https:\/\/www.fiorentini-iberia.com\/wp-content\/uploads\/2022\/11\/01-PFI-capcalera-1.jpg\",\"contentUrl\":\"https:\/\/www.fiorentini-iberia.com\/wp-content\/uploads\/2022\/11\/01-PFI-capcalera-1.jpg\",\"width\":1920,\"height\":1440,\"caption\":\"Fachada Pietro Fiorentini Iberia\"},{\"@type\":\"BreadcrumbList\",\"@id\":\"https:\/\/www.fiorentini-iberia.com\/ca\/pietro-fiorentini-iberia\/#breadcrumb\",\"itemListElement\":[{\"@type\":\"ListItem\",\"position\":1,\"name\":\"Home\",\"item\":\"https:\/\/www.fiorentini-iberia.com\/ca\/\"},{\"@type\":\"ListItem\",\"position\":2,\"name\":\"Pietro Fiorentini Ib\u00e8ria\"}]},{\"@type\":\"WebSite\",\"@id\":\"https:\/\/www.fiorentini-iberia.com\/ca\/#website\",\"url\":\"https:\/\/www.fiorentini-iberia.com\/ca\/\",\"name\":\"Pietro Fiorentini Iberia\",\"description\":\"Pietro Fiorentini dise\u00f1a y fabrica componentes, sistemas y servicios para la regulaci\u00f3n, medici\u00f3n, gesti\u00f3n de redes de agua, energ\u00edas renovables, petr\u00f3leo y el gas natural, con sistemas adaptados 100% al hidr\u00f3geno.\",\"publisher\":{\"@id\":\"https:\/\/www.fiorentini-iberia.com\/ca\/#organization\"},\"potentialAction\":[{\"@type\":\"SearchAction\",\"target\":{\"@type\":\"EntryPoint\",\"urlTemplate\":\"https:\/\/www.fiorentini-iberia.com\/ca\/?s={search_term_string}\"},\"query-input\":{\"@type\":\"PropertyValueSpecification\",\"valueRequired\":true,\"valueName\":\"search_term_string\"}}],\"inLanguage\":\"ca\"},{\"@type\":\"Organization\",\"@id\":\"https:\/\/www.fiorentini-iberia.com\/ca\/#organization\",\"name\":\"Pietro Fiorentini Iberia\",\"url\":\"https:\/\/www.fiorentini-iberia.com\/ca\/\",\"logo\":{\"@type\":\"ImageObject\",\"inLanguage\":\"ca\",\"@id\":\"https:\/\/www.fiorentini-iberia.com\/ca\/#\/schema\/logo\/image\/\",\"url\":\"https:\/\/www.fiorentini-iberia.com\/wp-content\/uploads\/2020\/11\/logo.svg\",\"contentUrl\":\"https:\/\/www.fiorentini-iberia.com\/wp-content\/uploads\/2020\/11\/logo.svg\",\"width\":227,\"height\":59,\"caption\":\"Pietro Fiorentini Iberia\"},\"image\":{\"@id\":\"https:\/\/www.fiorentini-iberia.com\/ca\/#\/schema\/logo\/image\/\"},\"sameAs\":[\"https:\/\/x.com\/FiorentiniSpa\",\"https:\/\/www.linkedin.com\/company\/pietro-fiorentini-iberia\/\"]}]}<\/script>\n<!-- \/ Yoast SEO plugin. -->","yoast_head_json":{"title":"Pietro Fiorentini Ib\u00e8ria - Pres\u00e8ncia directe a Espanya i Portugal","description":"Subministrem equips i solucions per a gas natural, biog\u00e0s, xarxes de subministrament d'aigua i hidrogen en tots els nivells de pressi\u00f3.","robots":{"index":"index","follow":"follow","max-snippet":"max-snippet:-1","max-image-preview":"max-image-preview:large","max-video-preview":"max-video-preview:-1"},"canonical":"https:\/\/www.fiorentini-iberia.com\/ca\/pietro-fiorentini-iberia\/","og_locale":"ca_ES","og_type":"article","og_title":"Pietro Fiorentini Ib\u00e8ria - Pres\u00e8ncia directe a Espanya i Portugal","og_description":"Subministrem equips i solucions per a gas natural, biog\u00e0s, xarxes de subministrament d'aigua i hidrogen en tots els nivells de pressi\u00f3.","og_url":"https:\/\/www.fiorentini-iberia.com\/ca\/pietro-fiorentini-iberia\/","og_site_name":"Pietro Fiorentini","article_modified_time":"2025-09-18T12:14:40+00:00","og_image":[{"width":1920,"height":1440,"url":"https:\/\/www.fiorentini-iberia.com\/wp-content\/uploads\/2022\/11\/01-PFI-capcalera-1.jpg","type":"image\/jpeg"}],"twitter_card":"summary_large_image","twitter_site":"@FiorentiniSpa","twitter_misc":{"Temps estimat de lectura":"2 minuts"},"schema":{"@context":"https:\/\/schema.org","@graph":[{"@type":"WebPage","@id":"https:\/\/www.fiorentini-iberia.com\/ca\/pietro-fiorentini-iberia\/","url":"https:\/\/www.fiorentini-iberia.com\/ca\/pietro-fiorentini-iberia\/","name":"Pietro Fiorentini Ib\u00e8ria - Pres\u00e8ncia directe a Espanya i Portugal","isPartOf":{"@id":"https:\/\/www.fiorentini-iberia.com\/ca\/#website"},"primaryImageOfPage":{"@id":"https:\/\/www.fiorentini-iberia.com\/ca\/pietro-fiorentini-iberia\/#primaryimage"},"image":{"@id":"https:\/\/www.fiorentini-iberia.com\/ca\/pietro-fiorentini-iberia\/#primaryimage"},"thumbnailUrl":"https:\/\/www.fiorentini-iberia.com\/wp-content\/uploads\/2022\/11\/01-PFI-capcalera-1.jpg","datePublished":"2022-05-02T07:56:06+00:00","dateModified":"2025-09-18T12:14:40+00:00","description":"Subministrem equips i solucions per a gas natural, biog\u00e0s, xarxes de subministrament d'aigua i hidrogen en tots els nivells de pressi\u00f3.","breadcrumb":{"@id":"https:\/\/www.fiorentini-iberia.com\/ca\/pietro-fiorentini-iberia\/#breadcrumb"},"inLanguage":"ca","potentialAction":[{"@type":"ReadAction","target":["https:\/\/www.fiorentini-iberia.com\/ca\/pietro-fiorentini-iberia\/"]}]},{"@type":"ImageObject","inLanguage":"ca","@id":"https:\/\/www.fiorentini-iberia.com\/ca\/pietro-fiorentini-iberia\/#primaryimage","url":"https:\/\/www.fiorentini-iberia.com\/wp-content\/uploads\/2022\/11\/01-PFI-capcalera-1.jpg","contentUrl":"https:\/\/www.fiorentini-iberia.com\/wp-content\/uploads\/2022\/11\/01-PFI-capcalera-1.jpg","width":1920,"height":1440,"caption":"Fachada Pietro Fiorentini Iberia"},{"@type":"BreadcrumbList","@id":"https:\/\/www.fiorentini-iberia.com\/ca\/pietro-fiorentini-iberia\/#breadcrumb","itemListElement":[{"@type":"ListItem","position":1,"name":"Home","item":"https:\/\/www.fiorentini-iberia.com\/ca\/"},{"@type":"ListItem","position":2,"name":"Pietro Fiorentini Ib\u00e8ria"}]},{"@type":"WebSite","@id":"https:\/\/www.fiorentini-iberia.com\/ca\/#website","url":"https:\/\/www.fiorentini-iberia.com\/ca\/","name":"Pietro Fiorentini Iberia","description":"Pietro Fiorentini dise\u00f1a y fabrica componentes, sistemas y servicios para la regulaci\u00f3n, medici\u00f3n, gesti\u00f3n de redes de agua, energ\u00edas renovables, petr\u00f3leo y el gas natural, con sistemas adaptados 100% al hidr\u00f3geno.","publisher":{"@id":"https:\/\/www.fiorentini-iberia.com\/ca\/#organization"},"potentialAction":[{"@type":"SearchAction","target":{"@type":"EntryPoint","urlTemplate":"https:\/\/www.fiorentini-iberia.com\/ca\/?s={search_term_string}"},"query-input":{"@type":"PropertyValueSpecification","valueRequired":true,"valueName":"search_term_string"}}],"inLanguage":"ca"},{"@type":"Organization","@id":"https:\/\/www.fiorentini-iberia.com\/ca\/#organization","name":"Pietro Fiorentini Iberia","url":"https:\/\/www.fiorentini-iberia.com\/ca\/","logo":{"@type":"ImageObject","inLanguage":"ca","@id":"https:\/\/www.fiorentini-iberia.com\/ca\/#\/schema\/logo\/image\/","url":"https:\/\/www.fiorentini-iberia.com\/wp-content\/uploads\/2020\/11\/logo.svg","contentUrl":"https:\/\/www.fiorentini-iberia.com\/wp-content\/uploads\/2020\/11\/logo.svg","width":227,"height":59,"caption":"Pietro Fiorentini Iberia"},"image":{"@id":"https:\/\/www.fiorentini-iberia.com\/ca\/#\/schema\/logo\/image\/"},"sameAs":["https:\/\/x.com\/FiorentiniSpa","https:\/\/www.linkedin.com\/company\/pietro-fiorentini-iberia\/"]}]}},"_links":{"self":[{"href":"https:\/\/www.fiorentini-iberia.com\/ca\/wp-json\/wp\/v2\/pages\/49246","targetHints":{"allow":["GET"]}}],"collection":[{"href":"https:\/\/www.fiorentini-iberia.com\/ca\/wp-json\/wp\/v2\/pages"}],"about":[{"href":"https:\/\/www.fiorentini-iberia.com\/ca\/wp-json\/wp\/v2\/types\/page"}],"author":[{"embeddable":true,"href":"https:\/\/www.fiorentini-iberia.com\/ca\/wp-json\/wp\/v2\/users\/15"}],"replies":[{"embeddable":true,"href":"https:\/\/www.fiorentini-iberia.com\/ca\/wp-json\/wp\/v2\/comments?post=49246"}],"version-history":[{"count":3,"href":"https:\/\/www.fiorentini-iberia.com\/ca\/wp-json\/wp\/v2\/pages\/49246\/revisions"}],"predecessor-version":[{"id":61859,"href":"https:\/\/www.fiorentini-iberia.com\/ca\/wp-json\/wp\/v2\/pages\/49246\/revisions\/61859"}],"wp:featuredmedia":[{"embeddable":true,"href":"https:\/\/www.fiorentini-iberia.com\/ca\/wp-json\/wp\/v2\/media\/49248"}],"wp:attachment":[{"href":"https:\/\/www.fiorentini-iberia.com\/ca\/wp-json\/wp\/v2\/media?parent=49246"}],"curies":[{"name":"wp","href":"https:\/\/api.w.org\/{rel}","templated":true}]}}