{"id":49298,"date":"2022-11-29T16:48:48","date_gmt":"2022-11-29T15:48:48","guid":{"rendered":"https:\/\/www.fiorentini-iberia.com\/pietro-fiorentini-iberia\/nuestro-equipo\/"},"modified":"2025-09-19T09:45:34","modified_gmt":"2025-09-19T07:45:34","slug":"el-nostre-equip","status":"publish","type":"page","link":"https:\/\/www.fiorentini-iberia.com\/ca\/pietro-fiorentini-iberia\/el-nostre-equip\/","title":{"rendered":"El nostre equip"},"content":{"rendered":"\n<p><strong>Pietro Fiorentini Ib\u00e8ria<\/strong> \u00e9s una empresa jove que a m\u00e9s de comptar amb el suport de Pietro Fiorentini, <strong>un l\u00edder mundial en el sector energ\u00e8tic<\/strong>, est\u00e0 orgullosa d\u2019estar constitu\u00efda per uns <strong>magn\u00edfics professionals<\/strong> amb una extensa experi\u00e8ncia en el sector.<\/p>\n\n\n\n<p>La prioritat de l\u2019equip de Pietro Fiorentini Iberia \u00e9s oferir <strong>la millor soluci\u00f3 i servei als seus clients a Espanya i Portugal<\/strong>. <a href=\"https:\/\/fiorentini-iberia.com\/ca\/contacte\/\" ;=\"\" style=\"text-decoration:none\"><strong> Contacta\u2019ns!<\/strong><\/a><\/p>\n","protected":false},"excerpt":{"rendered":"<p>Pietro Fiorentini Ib\u00e8ria \u00e9s una empresa jove que a m\u00e9s de comptar amb el suport de Pietro Fiorentini, un l\u00edder mundial en el sector energ\u00e8tic, est\u00e0 orgullosa d\u2019estar constitu\u00efda per uns magn\u00edfics professionals amb una extensa experi\u00e8ncia en el sector. La prioritat de l\u2019equip de Pietro Fiorentini Iberia \u00e9s oferir la millor soluci\u00f3 i servei [&hellip;]<\/p>\n","protected":false},"author":12,"featured_media":49300,"parent":49246,"menu_order":0,"comment_status":"closed","ping_status":"closed","template":"template-team.php","meta":{"_acf_changed":false,"inline_featured_image":false,"footnotes":""},"class_list":["post-49298","page","type-page","status-publish","has-post-thumbnail","hentry"],"acf":[],"yoast_head":"<!-- This site is optimized with the Yoast SEO plugin v27.2 - https:\/\/yoast.com\/product\/yoast-seo-wordpress\/ -->\n<title>El nostre equip - Pietro Fiorentini<\/title>\n<meta name=\"description\" content=\"Pietro Fiorentini Ib\u00e8ria t\u00e9 l&#039;orgull d&#039;estar composta per magn\u00edfics professionals amb una dilatada traject\u00f2ria en el sector.\" \/>\n<meta name=\"robots\" content=\"index, follow, max-snippet:-1, max-image-preview:large, max-video-preview:-1\" \/>\n<link rel=\"canonical\" href=\"https:\/\/www.fiorentini-iberia.com\/ca\/pietro-fiorentini-iberia\/el-nostre-equip\/\" \/>\n<meta property=\"og:locale\" content=\"ca_ES\" \/>\n<meta property=\"og:type\" content=\"article\" \/>\n<meta property=\"og:title\" content=\"El nostre equip - Pietro Fiorentini\" \/>\n<meta property=\"og:description\" content=\"Pietro Fiorentini Ib\u00e8ria t\u00e9 l&#039;orgull d&#039;estar composta per magn\u00edfics professionals amb una dilatada traject\u00f2ria en el sector.\" \/>\n<meta property=\"og:url\" content=\"https:\/\/www.fiorentini-iberia.com\/ca\/pietro-fiorentini-iberia\/el-nostre-equip\/\" \/>\n<meta property=\"og:site_name\" content=\"Pietro Fiorentini\" \/>\n<meta property=\"article:modified_time\" content=\"2025-09-19T07:45:34+00:00\" \/>\n<meta property=\"og:image\" content=\"https:\/\/www.fiorentini-iberia.com\/wp-content\/uploads\/2022\/12\/Team-header-02.jpg\" \/>\n\t<meta property=\"og:image:width\" content=\"1331\" \/>\n\t<meta property=\"og:image:height\" content=\"621\" \/>\n\t<meta property=\"og:image:type\" content=\"image\/jpeg\" \/>\n<meta name=\"twitter:card\" content=\"summary_large_image\" \/>\n<meta name=\"twitter:site\" content=\"@FiorentiniSpa\" \/>\n<meta name=\"twitter:label1\" content=\"Temps estimat de lectura\" \/>\n\t<meta name=\"twitter:data1\" content=\"1 minut\" \/>\n<script type=\"application\/ld+json\" class=\"yoast-schema-graph\">{\"@context\":\"https:\/\/schema.org\",\"@graph\":[{\"@type\":\"WebPage\",\"@id\":\"https:\/\/www.fiorentini-iberia.com\/ca\/pietro-fiorentini-iberia\/el-nostre-equip\/\",\"url\":\"https:\/\/www.fiorentini-iberia.com\/ca\/pietro-fiorentini-iberia\/el-nostre-equip\/\",\"name\":\"El nostre equip - Pietro Fiorentini\",\"isPartOf\":{\"@id\":\"https:\/\/www.fiorentini-iberia.com\/ca\/#website\"},\"primaryImageOfPage\":{\"@id\":\"https:\/\/www.fiorentini-iberia.com\/ca\/pietro-fiorentini-iberia\/el-nostre-equip\/#primaryimage\"},\"image\":{\"@id\":\"https:\/\/www.fiorentini-iberia.com\/ca\/pietro-fiorentini-iberia\/el-nostre-equip\/#primaryimage\"},\"thumbnailUrl\":\"https:\/\/www.fiorentini-iberia.com\/wp-content\/uploads\/2022\/12\/Team-header-02.jpg\",\"datePublished\":\"2022-11-29T15:48:48+00:00\",\"dateModified\":\"2025-09-19T07:45:34+00:00\",\"description\":\"Pietro Fiorentini Ib\u00e8ria t\u00e9 l'orgull d'estar composta per magn\u00edfics professionals amb una dilatada traject\u00f2ria en el sector.\",\"breadcrumb\":{\"@id\":\"https:\/\/www.fiorentini-iberia.com\/ca\/pietro-fiorentini-iberia\/el-nostre-equip\/#breadcrumb\"},\"inLanguage\":\"ca\",\"potentialAction\":[{\"@type\":\"ReadAction\",\"target\":[\"https:\/\/www.fiorentini-iberia.com\/ca\/pietro-fiorentini-iberia\/el-nostre-equip\/\"]}]},{\"@type\":\"ImageObject\",\"inLanguage\":\"ca\",\"@id\":\"https:\/\/www.fiorentini-iberia.com\/ca\/pietro-fiorentini-iberia\/el-nostre-equip\/#primaryimage\",\"url\":\"https:\/\/www.fiorentini-iberia.com\/wp-content\/uploads\/2022\/12\/Team-header-02.jpg\",\"contentUrl\":\"https:\/\/www.fiorentini-iberia.com\/wp-content\/uploads\/2022\/12\/Team-header-02.jpg\",\"width\":1331,\"height\":621},{\"@type\":\"BreadcrumbList\",\"@id\":\"https:\/\/www.fiorentini-iberia.com\/ca\/pietro-fiorentini-iberia\/el-nostre-equip\/#breadcrumb\",\"itemListElement\":[{\"@type\":\"ListItem\",\"position\":1,\"name\":\"Home\",\"item\":\"https:\/\/www.fiorentini-iberia.com\/ca\/\"},{\"@type\":\"ListItem\",\"position\":2,\"name\":\"Pietro Fiorentini Ib\u00e8ria\",\"item\":\"https:\/\/www.fiorentini-iberia.com\/ca\/pietro-fiorentini-iberia\/\"},{\"@type\":\"ListItem\",\"position\":3,\"name\":\"El nostre equip\"}]},{\"@type\":\"WebSite\",\"@id\":\"https:\/\/www.fiorentini-iberia.com\/ca\/#website\",\"url\":\"https:\/\/www.fiorentini-iberia.com\/ca\/\",\"name\":\"Pietro Fiorentini Iberia\",\"description\":\"Pietro Fiorentini dise\u00f1a y fabrica componentes, sistemas y servicios para la regulaci\u00f3n, medici\u00f3n, gesti\u00f3n de redes de agua, energ\u00edas renovables, petr\u00f3leo y el gas natural, con sistemas adaptados 100% al hidr\u00f3geno.\",\"publisher\":{\"@id\":\"https:\/\/www.fiorentini-iberia.com\/ca\/#organization\"},\"potentialAction\":[{\"@type\":\"SearchAction\",\"target\":{\"@type\":\"EntryPoint\",\"urlTemplate\":\"https:\/\/www.fiorentini-iberia.com\/ca\/?s={search_term_string}\"},\"query-input\":{\"@type\":\"PropertyValueSpecification\",\"valueRequired\":true,\"valueName\":\"search_term_string\"}}],\"inLanguage\":\"ca\"},{\"@type\":\"Organization\",\"@id\":\"https:\/\/www.fiorentini-iberia.com\/ca\/#organization\",\"name\":\"Pietro Fiorentini Iberia\",\"url\":\"https:\/\/www.fiorentini-iberia.com\/ca\/\",\"logo\":{\"@type\":\"ImageObject\",\"inLanguage\":\"ca\",\"@id\":\"https:\/\/www.fiorentini-iberia.com\/ca\/#\/schema\/logo\/image\/\",\"url\":\"https:\/\/www.fiorentini-iberia.com\/wp-content\/uploads\/2020\/11\/logo.svg\",\"contentUrl\":\"https:\/\/www.fiorentini-iberia.com\/wp-content\/uploads\/2020\/11\/logo.svg\",\"width\":227,\"height\":59,\"caption\":\"Pietro Fiorentini Iberia\"},\"image\":{\"@id\":\"https:\/\/www.fiorentini-iberia.com\/ca\/#\/schema\/logo\/image\/\"},\"sameAs\":[\"https:\/\/x.com\/FiorentiniSpa\",\"https:\/\/www.linkedin.com\/company\/pietro-fiorentini-iberia\/\"]}]}<\/script>\n<!-- \/ Yoast SEO plugin. -->","yoast_head_json":{"title":"El nostre equip - Pietro Fiorentini","description":"Pietro Fiorentini Ib\u00e8ria t\u00e9 l'orgull d'estar composta per magn\u00edfics professionals amb una dilatada traject\u00f2ria en el sector.","robots":{"index":"index","follow":"follow","max-snippet":"max-snippet:-1","max-image-preview":"max-image-preview:large","max-video-preview":"max-video-preview:-1"},"canonical":"https:\/\/www.fiorentini-iberia.com\/ca\/pietro-fiorentini-iberia\/el-nostre-equip\/","og_locale":"ca_ES","og_type":"article","og_title":"El nostre equip - Pietro Fiorentini","og_description":"Pietro Fiorentini Ib\u00e8ria t\u00e9 l'orgull d'estar composta per magn\u00edfics professionals amb una dilatada traject\u00f2ria en el sector.","og_url":"https:\/\/www.fiorentini-iberia.com\/ca\/pietro-fiorentini-iberia\/el-nostre-equip\/","og_site_name":"Pietro Fiorentini","article_modified_time":"2025-09-19T07:45:34+00:00","og_image":[{"width":1331,"height":621,"url":"https:\/\/www.fiorentini-iberia.com\/wp-content\/uploads\/2022\/12\/Team-header-02.jpg","type":"image\/jpeg"}],"twitter_card":"summary_large_image","twitter_site":"@FiorentiniSpa","twitter_misc":{"Temps estimat de lectura":"1 minut"},"schema":{"@context":"https:\/\/schema.org","@graph":[{"@type":"WebPage","@id":"https:\/\/www.fiorentini-iberia.com\/ca\/pietro-fiorentini-iberia\/el-nostre-equip\/","url":"https:\/\/www.fiorentini-iberia.com\/ca\/pietro-fiorentini-iberia\/el-nostre-equip\/","name":"El nostre equip - Pietro Fiorentini","isPartOf":{"@id":"https:\/\/www.fiorentini-iberia.com\/ca\/#website"},"primaryImageOfPage":{"@id":"https:\/\/www.fiorentini-iberia.com\/ca\/pietro-fiorentini-iberia\/el-nostre-equip\/#primaryimage"},"image":{"@id":"https:\/\/www.fiorentini-iberia.com\/ca\/pietro-fiorentini-iberia\/el-nostre-equip\/#primaryimage"},"thumbnailUrl":"https:\/\/www.fiorentini-iberia.com\/wp-content\/uploads\/2022\/12\/Team-header-02.jpg","datePublished":"2022-11-29T15:48:48+00:00","dateModified":"2025-09-19T07:45:34+00:00","description":"Pietro Fiorentini Ib\u00e8ria t\u00e9 l'orgull d'estar composta per magn\u00edfics professionals amb una dilatada traject\u00f2ria en el sector.","breadcrumb":{"@id":"https:\/\/www.fiorentini-iberia.com\/ca\/pietro-fiorentini-iberia\/el-nostre-equip\/#breadcrumb"},"inLanguage":"ca","potentialAction":[{"@type":"ReadAction","target":["https:\/\/www.fiorentini-iberia.com\/ca\/pietro-fiorentini-iberia\/el-nostre-equip\/"]}]},{"@type":"ImageObject","inLanguage":"ca","@id":"https:\/\/www.fiorentini-iberia.com\/ca\/pietro-fiorentini-iberia\/el-nostre-equip\/#primaryimage","url":"https:\/\/www.fiorentini-iberia.com\/wp-content\/uploads\/2022\/12\/Team-header-02.jpg","contentUrl":"https:\/\/www.fiorentini-iberia.com\/wp-content\/uploads\/2022\/12\/Team-header-02.jpg","width":1331,"height":621},{"@type":"BreadcrumbList","@id":"https:\/\/www.fiorentini-iberia.com\/ca\/pietro-fiorentini-iberia\/el-nostre-equip\/#breadcrumb","itemListElement":[{"@type":"ListItem","position":1,"name":"Home","item":"https:\/\/www.fiorentini-iberia.com\/ca\/"},{"@type":"ListItem","position":2,"name":"Pietro Fiorentini Ib\u00e8ria","item":"https:\/\/www.fiorentini-iberia.com\/ca\/pietro-fiorentini-iberia\/"},{"@type":"ListItem","position":3,"name":"El nostre equip"}]},{"@type":"WebSite","@id":"https:\/\/www.fiorentini-iberia.com\/ca\/#website","url":"https:\/\/www.fiorentini-iberia.com\/ca\/","name":"Pietro Fiorentini Iberia","description":"Pietro Fiorentini dise\u00f1a y fabrica componentes, sistemas y servicios para la regulaci\u00f3n, medici\u00f3n, gesti\u00f3n de redes de agua, energ\u00edas renovables, petr\u00f3leo y el gas natural, con sistemas adaptados 100% al hidr\u00f3geno.","publisher":{"@id":"https:\/\/www.fiorentini-iberia.com\/ca\/#organization"},"potentialAction":[{"@type":"SearchAction","target":{"@type":"EntryPoint","urlTemplate":"https:\/\/www.fiorentini-iberia.com\/ca\/?s={search_term_string}"},"query-input":{"@type":"PropertyValueSpecification","valueRequired":true,"valueName":"search_term_string"}}],"inLanguage":"ca"},{"@type":"Organization","@id":"https:\/\/www.fiorentini-iberia.com\/ca\/#organization","name":"Pietro Fiorentini Iberia","url":"https:\/\/www.fiorentini-iberia.com\/ca\/","logo":{"@type":"ImageObject","inLanguage":"ca","@id":"https:\/\/www.fiorentini-iberia.com\/ca\/#\/schema\/logo\/image\/","url":"https:\/\/www.fiorentini-iberia.com\/wp-content\/uploads\/2020\/11\/logo.svg","contentUrl":"https:\/\/www.fiorentini-iberia.com\/wp-content\/uploads\/2020\/11\/logo.svg","width":227,"height":59,"caption":"Pietro Fiorentini Iberia"},"image":{"@id":"https:\/\/www.fiorentini-iberia.com\/ca\/#\/schema\/logo\/image\/"},"sameAs":["https:\/\/x.com\/FiorentiniSpa","https:\/\/www.linkedin.com\/company\/pietro-fiorentini-iberia\/"]}]}},"_links":{"self":[{"href":"https:\/\/www.fiorentini-iberia.com\/ca\/wp-json\/wp\/v2\/pages\/49298","targetHints":{"allow":["GET"]}}],"collection":[{"href":"https:\/\/www.fiorentini-iberia.com\/ca\/wp-json\/wp\/v2\/pages"}],"about":[{"href":"https:\/\/www.fiorentini-iberia.com\/ca\/wp-json\/wp\/v2\/types\/page"}],"author":[{"embeddable":true,"href":"https:\/\/www.fiorentini-iberia.com\/ca\/wp-json\/wp\/v2\/users\/12"}],"replies":[{"embeddable":true,"href":"https:\/\/www.fiorentini-iberia.com\/ca\/wp-json\/wp\/v2\/comments?post=49298"}],"version-history":[{"count":3,"href":"https:\/\/www.fiorentini-iberia.com\/ca\/wp-json\/wp\/v2\/pages\/49298\/revisions"}],"predecessor-version":[{"id":61863,"href":"https:\/\/www.fiorentini-iberia.com\/ca\/wp-json\/wp\/v2\/pages\/49298\/revisions\/61863"}],"up":[{"embeddable":true,"href":"https:\/\/www.fiorentini-iberia.com\/ca\/wp-json\/wp\/v2\/pages\/49246"}],"wp:featuredmedia":[{"embeddable":true,"href":"https:\/\/www.fiorentini-iberia.com\/ca\/wp-json\/wp\/v2\/media\/49300"}],"wp:attachment":[{"href":"https:\/\/www.fiorentini-iberia.com\/ca\/wp-json\/wp\/v2\/media?parent=49298"}],"curies":[{"name":"wp","href":"https:\/\/api.w.org\/{rel}","templated":true}]}}