{"id":49397,"date":"2022-04-29T17:49:17","date_gmt":"2022-04-29T15:49:17","guid":{"rendered":"https:\/\/www.fiorentini-iberia.com\/unete-al-equipo\/"},"modified":"2025-03-19T13:24:52","modified_gmt":"2025-03-19T12:24:52","slug":"uneixte-a-l-equip","status":"publish","type":"page","link":"https:\/\/www.fiorentini-iberia.com\/ca\/uneixte-a-l-equip\/","title":{"rendered":"Uneix-te al nostre equip"},"content":{"rendered":"\n<p>A Pietro Fiorentini, la carrera de tots i cadascun dels nostres empleats es controla, recolza i nodreix amb formaci\u00f3 en habilitats personals, funcionals i de producte. Aix\u00ed \u00e9s com vam crear una <strong>cultura de millora continua<\/strong>, que impulsa tots els nostres empleats a comprometre\u2019s&nbsp; tant amb el seu creixement individual com amb el de l\u2019empresa.<br><br>&nbsp;<\/p>\n\n\n\n<p style=\"font-size:23px\"><strong><strong>Oportunitats obertes<\/strong> a Pietro Fiorentini Ib\u00e8ria<br><\/strong>&nbsp;<\/p>\n\n\n\n\n\n<p><strong>><\/strong> <strong><a href=\"https:\/\/www.fiorentini-iberia.com\/ca\/uneixte-a-l-equip\/tecnic-a-de-back-office\/\">Suport Back-Office per a la Divisi\u00f3 Aigua de Pietro Fiorentini Ib\u00e8ria a Barcelona<\/a><\/strong><\/p>\n\n\n\n\n\n<p style=\"font-size:23px\"><br>&nbsp;<br><strong><strong><strong>Oportunitats internacionals<\/strong><\/strong><\/strong>&nbsp;<br>&nbsp;<\/p>\n\n\n\n<p>Com que som part de Pietro Fiorentini SpA,&nbsp;<strong>una empresa amb 30 ubicacions internacionals<\/strong>, podem oferir feines a tot el m\u00f3n.<\/p>\n","protected":false},"excerpt":{"rendered":"<p>A Pietro Fiorentini, la carrera de tots i cadascun dels nostres empleats es controla, recolza i nodreix amb formaci\u00f3 en habilitats personals, funcionals i de producte. Aix\u00ed \u00e9s com vam crear una cultura de millora continua, que impulsa tots els nostres empleats a comprometre\u2019s&nbsp; tant amb el seu creixement individual com amb el de l\u2019empresa. [&hellip;]<\/p>\n","protected":false},"author":15,"featured_media":49399,"parent":0,"menu_order":0,"comment_status":"closed","ping_status":"closed","template":"template-careers.php","meta":{"_acf_changed":false,"inline_featured_image":false,"footnotes":""},"class_list":["post-49397","page","type-page","status-publish","has-post-thumbnail","hentry"],"acf":[],"yoast_head":"<!-- This site is optimized with the Yoast SEO plugin v27.2 - https:\/\/yoast.com\/product\/yoast-seo-wordpress\/ -->\n<title>Uneix-te al nostre equip - Pietro Fiorentini<\/title>\n<meta name=\"description\" content=\"Treballar en Pietro Fiorentini significa entrar en una gran fam\u00edlia i tenir l&#039;oportunitat de cr\u00e9ixer a nivell internacional.\" \/>\n<meta name=\"robots\" content=\"index, follow, max-snippet:-1, max-image-preview:large, max-video-preview:-1\" \/>\n<link rel=\"canonical\" href=\"https:\/\/www.fiorentini-iberia.com\/ca\/uneixte-a-l-equip\/\" \/>\n<meta property=\"og:locale\" content=\"ca_ES\" \/>\n<meta property=\"og:type\" content=\"article\" \/>\n<meta property=\"og:title\" content=\"Uneix-te al nostre equip - Pietro Fiorentini\" \/>\n<meta property=\"og:description\" content=\"Treballar en Pietro Fiorentini significa entrar en una gran fam\u00edlia i tenir l&#039;oportunitat de cr\u00e9ixer a nivell internacional.\" \/>\n<meta property=\"og:url\" content=\"https:\/\/www.fiorentini-iberia.com\/ca\/uneixte-a-l-equip\/\" \/>\n<meta property=\"og:site_name\" content=\"Pietro Fiorentini\" \/>\n<meta property=\"article:modified_time\" content=\"2025-03-19T12:24:52+00:00\" \/>\n<meta property=\"og:image\" content=\"https:\/\/www.fiorentini-iberia.com\/wp-content\/uploads\/2022\/11\/06-Unete-al-equipo-capcalera-1.jpg\" \/>\n\t<meta property=\"og:image:width\" content=\"1920\" \/>\n\t<meta property=\"og:image:height\" content=\"1440\" \/>\n\t<meta property=\"og:image:type\" content=\"image\/jpeg\" \/>\n<meta name=\"twitter:card\" content=\"summary_large_image\" \/>\n<meta name=\"twitter:site\" content=\"@FiorentiniSpa\" \/>\n<meta name=\"twitter:label1\" content=\"Temps estimat de lectura\" \/>\n\t<meta name=\"twitter:data1\" content=\"1 minut\" \/>\n<script type=\"application\/ld+json\" class=\"yoast-schema-graph\">{\"@context\":\"https:\/\/schema.org\",\"@graph\":[{\"@type\":\"WebPage\",\"@id\":\"https:\/\/www.fiorentini-iberia.com\/ca\/uneixte-a-l-equip\/\",\"url\":\"https:\/\/www.fiorentini-iberia.com\/ca\/uneixte-a-l-equip\/\",\"name\":\"Uneix-te al nostre equip - Pietro Fiorentini\",\"isPartOf\":{\"@id\":\"https:\/\/www.fiorentini-iberia.com\/ca\/#website\"},\"primaryImageOfPage\":{\"@id\":\"https:\/\/www.fiorentini-iberia.com\/ca\/uneixte-a-l-equip\/#primaryimage\"},\"image\":{\"@id\":\"https:\/\/www.fiorentini-iberia.com\/ca\/uneixte-a-l-equip\/#primaryimage\"},\"thumbnailUrl\":\"https:\/\/www.fiorentini-iberia.com\/wp-content\/uploads\/2022\/11\/06-Unete-al-equipo-capcalera-1.jpg\",\"datePublished\":\"2022-04-29T15:49:17+00:00\",\"dateModified\":\"2025-03-19T12:24:52+00:00\",\"description\":\"Treballar en Pietro Fiorentini significa entrar en una gran fam\u00edlia i tenir l'oportunitat de cr\u00e9ixer a nivell internacional.\",\"breadcrumb\":{\"@id\":\"https:\/\/www.fiorentini-iberia.com\/ca\/uneixte-a-l-equip\/#breadcrumb\"},\"inLanguage\":\"ca\",\"potentialAction\":[{\"@type\":\"ReadAction\",\"target\":[\"https:\/\/www.fiorentini-iberia.com\/ca\/uneixte-a-l-equip\/\"]}]},{\"@type\":\"ImageObject\",\"inLanguage\":\"ca\",\"@id\":\"https:\/\/www.fiorentini-iberia.com\/ca\/uneixte-a-l-equip\/#primaryimage\",\"url\":\"https:\/\/www.fiorentini-iberia.com\/wp-content\/uploads\/2022\/11\/06-Unete-al-equipo-capcalera-1.jpg\",\"contentUrl\":\"https:\/\/www.fiorentini-iberia.com\/wp-content\/uploads\/2022\/11\/06-Unete-al-equipo-capcalera-1.jpg\",\"width\":1920,\"height\":1440},{\"@type\":\"BreadcrumbList\",\"@id\":\"https:\/\/www.fiorentini-iberia.com\/ca\/uneixte-a-l-equip\/#breadcrumb\",\"itemListElement\":[{\"@type\":\"ListItem\",\"position\":1,\"name\":\"Home\",\"item\":\"https:\/\/www.fiorentini-iberia.com\/ca\/\"},{\"@type\":\"ListItem\",\"position\":2,\"name\":\"Uneix-te al nostre equip\"}]},{\"@type\":\"WebSite\",\"@id\":\"https:\/\/www.fiorentini-iberia.com\/ca\/#website\",\"url\":\"https:\/\/www.fiorentini-iberia.com\/ca\/\",\"name\":\"Pietro Fiorentini Iberia\",\"description\":\"Pietro Fiorentini dise\u00f1a y fabrica componentes, sistemas y servicios para la regulaci\u00f3n, medici\u00f3n, gesti\u00f3n de redes de agua, energ\u00edas renovables, petr\u00f3leo y el gas natural, con sistemas adaptados 100% al hidr\u00f3geno.\",\"publisher\":{\"@id\":\"https:\/\/www.fiorentini-iberia.com\/ca\/#organization\"},\"potentialAction\":[{\"@type\":\"SearchAction\",\"target\":{\"@type\":\"EntryPoint\",\"urlTemplate\":\"https:\/\/www.fiorentini-iberia.com\/ca\/?s={search_term_string}\"},\"query-input\":{\"@type\":\"PropertyValueSpecification\",\"valueRequired\":true,\"valueName\":\"search_term_string\"}}],\"inLanguage\":\"ca\"},{\"@type\":\"Organization\",\"@id\":\"https:\/\/www.fiorentini-iberia.com\/ca\/#organization\",\"name\":\"Pietro Fiorentini Iberia\",\"url\":\"https:\/\/www.fiorentini-iberia.com\/ca\/\",\"logo\":{\"@type\":\"ImageObject\",\"inLanguage\":\"ca\",\"@id\":\"https:\/\/www.fiorentini-iberia.com\/ca\/#\/schema\/logo\/image\/\",\"url\":\"https:\/\/www.fiorentini-iberia.com\/wp-content\/uploads\/2020\/11\/logo.svg\",\"contentUrl\":\"https:\/\/www.fiorentini-iberia.com\/wp-content\/uploads\/2020\/11\/logo.svg\",\"width\":227,\"height\":59,\"caption\":\"Pietro Fiorentini Iberia\"},\"image\":{\"@id\":\"https:\/\/www.fiorentini-iberia.com\/ca\/#\/schema\/logo\/image\/\"},\"sameAs\":[\"https:\/\/x.com\/FiorentiniSpa\",\"https:\/\/www.linkedin.com\/company\/pietro-fiorentini-iberia\/\"]}]}<\/script>\n<!-- \/ Yoast SEO plugin. -->","yoast_head_json":{"title":"Uneix-te al nostre equip - Pietro Fiorentini","description":"Treballar en Pietro Fiorentini significa entrar en una gran fam\u00edlia i tenir l'oportunitat de cr\u00e9ixer a nivell internacional.","robots":{"index":"index","follow":"follow","max-snippet":"max-snippet:-1","max-image-preview":"max-image-preview:large","max-video-preview":"max-video-preview:-1"},"canonical":"https:\/\/www.fiorentini-iberia.com\/ca\/uneixte-a-l-equip\/","og_locale":"ca_ES","og_type":"article","og_title":"Uneix-te al nostre equip - Pietro Fiorentini","og_description":"Treballar en Pietro Fiorentini significa entrar en una gran fam\u00edlia i tenir l'oportunitat de cr\u00e9ixer a nivell internacional.","og_url":"https:\/\/www.fiorentini-iberia.com\/ca\/uneixte-a-l-equip\/","og_site_name":"Pietro Fiorentini","article_modified_time":"2025-03-19T12:24:52+00:00","og_image":[{"width":1920,"height":1440,"url":"https:\/\/www.fiorentini-iberia.com\/wp-content\/uploads\/2022\/11\/06-Unete-al-equipo-capcalera-1.jpg","type":"image\/jpeg"}],"twitter_card":"summary_large_image","twitter_site":"@FiorentiniSpa","twitter_misc":{"Temps estimat de lectura":"1 minut"},"schema":{"@context":"https:\/\/schema.org","@graph":[{"@type":"WebPage","@id":"https:\/\/www.fiorentini-iberia.com\/ca\/uneixte-a-l-equip\/","url":"https:\/\/www.fiorentini-iberia.com\/ca\/uneixte-a-l-equip\/","name":"Uneix-te al nostre equip - Pietro Fiorentini","isPartOf":{"@id":"https:\/\/www.fiorentini-iberia.com\/ca\/#website"},"primaryImageOfPage":{"@id":"https:\/\/www.fiorentini-iberia.com\/ca\/uneixte-a-l-equip\/#primaryimage"},"image":{"@id":"https:\/\/www.fiorentini-iberia.com\/ca\/uneixte-a-l-equip\/#primaryimage"},"thumbnailUrl":"https:\/\/www.fiorentini-iberia.com\/wp-content\/uploads\/2022\/11\/06-Unete-al-equipo-capcalera-1.jpg","datePublished":"2022-04-29T15:49:17+00:00","dateModified":"2025-03-19T12:24:52+00:00","description":"Treballar en Pietro Fiorentini significa entrar en una gran fam\u00edlia i tenir l'oportunitat de cr\u00e9ixer a nivell internacional.","breadcrumb":{"@id":"https:\/\/www.fiorentini-iberia.com\/ca\/uneixte-a-l-equip\/#breadcrumb"},"inLanguage":"ca","potentialAction":[{"@type":"ReadAction","target":["https:\/\/www.fiorentini-iberia.com\/ca\/uneixte-a-l-equip\/"]}]},{"@type":"ImageObject","inLanguage":"ca","@id":"https:\/\/www.fiorentini-iberia.com\/ca\/uneixte-a-l-equip\/#primaryimage","url":"https:\/\/www.fiorentini-iberia.com\/wp-content\/uploads\/2022\/11\/06-Unete-al-equipo-capcalera-1.jpg","contentUrl":"https:\/\/www.fiorentini-iberia.com\/wp-content\/uploads\/2022\/11\/06-Unete-al-equipo-capcalera-1.jpg","width":1920,"height":1440},{"@type":"BreadcrumbList","@id":"https:\/\/www.fiorentini-iberia.com\/ca\/uneixte-a-l-equip\/#breadcrumb","itemListElement":[{"@type":"ListItem","position":1,"name":"Home","item":"https:\/\/www.fiorentini-iberia.com\/ca\/"},{"@type":"ListItem","position":2,"name":"Uneix-te al nostre equip"}]},{"@type":"WebSite","@id":"https:\/\/www.fiorentini-iberia.com\/ca\/#website","url":"https:\/\/www.fiorentini-iberia.com\/ca\/","name":"Pietro Fiorentini Iberia","description":"Pietro Fiorentini dise\u00f1a y fabrica componentes, sistemas y servicios para la regulaci\u00f3n, medici\u00f3n, gesti\u00f3n de redes de agua, energ\u00edas renovables, petr\u00f3leo y el gas natural, con sistemas adaptados 100% al hidr\u00f3geno.","publisher":{"@id":"https:\/\/www.fiorentini-iberia.com\/ca\/#organization"},"potentialAction":[{"@type":"SearchAction","target":{"@type":"EntryPoint","urlTemplate":"https:\/\/www.fiorentini-iberia.com\/ca\/?s={search_term_string}"},"query-input":{"@type":"PropertyValueSpecification","valueRequired":true,"valueName":"search_term_string"}}],"inLanguage":"ca"},{"@type":"Organization","@id":"https:\/\/www.fiorentini-iberia.com\/ca\/#organization","name":"Pietro Fiorentini Iberia","url":"https:\/\/www.fiorentini-iberia.com\/ca\/","logo":{"@type":"ImageObject","inLanguage":"ca","@id":"https:\/\/www.fiorentini-iberia.com\/ca\/#\/schema\/logo\/image\/","url":"https:\/\/www.fiorentini-iberia.com\/wp-content\/uploads\/2020\/11\/logo.svg","contentUrl":"https:\/\/www.fiorentini-iberia.com\/wp-content\/uploads\/2020\/11\/logo.svg","width":227,"height":59,"caption":"Pietro Fiorentini Iberia"},"image":{"@id":"https:\/\/www.fiorentini-iberia.com\/ca\/#\/schema\/logo\/image\/"},"sameAs":["https:\/\/x.com\/FiorentiniSpa","https:\/\/www.linkedin.com\/company\/pietro-fiorentini-iberia\/"]}]}},"_links":{"self":[{"href":"https:\/\/www.fiorentini-iberia.com\/ca\/wp-json\/wp\/v2\/pages\/49397","targetHints":{"allow":["GET"]}}],"collection":[{"href":"https:\/\/www.fiorentini-iberia.com\/ca\/wp-json\/wp\/v2\/pages"}],"about":[{"href":"https:\/\/www.fiorentini-iberia.com\/ca\/wp-json\/wp\/v2\/types\/page"}],"author":[{"embeddable":true,"href":"https:\/\/www.fiorentini-iberia.com\/ca\/wp-json\/wp\/v2\/users\/15"}],"replies":[{"embeddable":true,"href":"https:\/\/www.fiorentini-iberia.com\/ca\/wp-json\/wp\/v2\/comments?post=49397"}],"version-history":[{"count":3,"href":"https:\/\/www.fiorentini-iberia.com\/ca\/wp-json\/wp\/v2\/pages\/49397\/revisions"}],"predecessor-version":[{"id":59346,"href":"https:\/\/www.fiorentini-iberia.com\/ca\/wp-json\/wp\/v2\/pages\/49397\/revisions\/59346"}],"wp:featuredmedia":[{"embeddable":true,"href":"https:\/\/www.fiorentini-iberia.com\/ca\/wp-json\/wp\/v2\/media\/49399"}],"wp:attachment":[{"href":"https:\/\/www.fiorentini-iberia.com\/ca\/wp-json\/wp\/v2\/media?parent=49397"}],"curies":[{"name":"wp","href":"https:\/\/api.w.org\/{rel}","templated":true}]}}