{"id":50088,"date":"2023-12-11T10:16:39","date_gmt":"2023-12-11T09:16:39","guid":{"rendered":"https:\/\/www.fiorentini-iberia.com\/experiencia\/"},"modified":"2024-06-08T23:19:33","modified_gmt":"2024-06-08T21:19:33","slug":"experiencia","status":"publish","type":"page","link":"https:\/\/www.fiorentini-iberia.com\/ca\/experiencia\/","title":{"rendered":"Experi\u00e8ncia"},"content":{"rendered":"\n<p>Amb <strong>m\u00e9s de 80 anys d\u2019experi\u00e8ncia<\/strong> i una cultura empresarial dedicada a la millora continua, a PF busquem constantment noves formes d\u2019avan\u00e7ar. Per aquest motiu, una part considerable de les nostres inversions es destina a desenvolupar solucions tecnol\u00f2giques que obrin noves fronteres, amb especial refer\u00e8ncia a l\u2019\u00fas d\u2019energies renovables amb vistes a la transici\u00f3 energ\u00e8tica i a recolzar l\u2019efici\u00e8ncia de las xarxes de distribuci\u00f3 i transport. <br>\u00a0<br>M\u00e9s informaci\u00f3 sobre els projectes realitzats:<\/p>\n","protected":false},"excerpt":{"rendered":"<p>Amb m\u00e9s de 80 anys d\u2019experi\u00e8ncia i una cultura empresarial dedicada a la millora continua, a PF busquem constantment noves formes d\u2019avan\u00e7ar. Per aquest motiu, una part considerable de les nostres inversions es destina a desenvolupar solucions tecnol\u00f2giques que obrin noves fronteres, amb especial refer\u00e8ncia a l\u2019\u00fas d\u2019energies renovables amb vistes a la transici\u00f3 energ\u00e8tica [&hellip;]<\/p>\n","protected":false},"author":15,"featured_media":50089,"parent":0,"menu_order":0,"comment_status":"closed","ping_status":"closed","template":"template-expertise.php","meta":{"_acf_changed":false,"inline_featured_image":false,"footnotes":""},"class_list":["post-50088","page","type-page","status-publish","has-post-thumbnail","hentry"],"acf":[],"yoast_head":"<!-- This site is optimized with the Yoast SEO plugin v27.2 - https:\/\/yoast.com\/product\/yoast-seo-wordpress\/ -->\n<title>Experi\u00e8ncia - Pietro Fiorentini<\/title>\n<meta name=\"description\" content=\"Amb m\u00e9s de 80 anys d&#039;experi\u00e8ncia en AIGUA, HIDROGEN, BIOMET\u00c0, POWER-TO-GAS, XARXES DE GAS INTEL\u00b7LIGENTS i PROTECCI\u00d3 CAT\u00d2DICA, a Pietro Fiorentini, el futur \u00e9s ara.\" \/>\n<meta name=\"robots\" content=\"index, follow, max-snippet:-1, max-image-preview:large, max-video-preview:-1\" \/>\n<link rel=\"canonical\" href=\"https:\/\/www.fiorentini-iberia.com\/ca\/experiencia\/\" \/>\n<meta property=\"og:locale\" content=\"ca_ES\" \/>\n<meta property=\"og:type\" content=\"article\" \/>\n<meta property=\"og:title\" content=\"Experi\u00e8ncia - Pietro Fiorentini\" \/>\n<meta property=\"og:description\" content=\"Amb m\u00e9s de 80 anys d&#039;experi\u00e8ncia en AIGUA, HIDROGEN, BIOMET\u00c0, POWER-TO-GAS, XARXES DE GAS INTEL\u00b7LIGENTS i PROTECCI\u00d3 CAT\u00d2DICA, a Pietro Fiorentini, el futur \u00e9s ara.\" \/>\n<meta property=\"og:url\" content=\"https:\/\/www.fiorentini-iberia.com\/ca\/experiencia\/\" \/>\n<meta property=\"og:site_name\" content=\"Pietro Fiorentini\" \/>\n<meta property=\"article:modified_time\" content=\"2024-06-08T21:19:33+00:00\" \/>\n<meta property=\"og:image\" content=\"https:\/\/www.fiorentini-iberia.com\/wp-content\/uploads\/2021\/04\/00_expertise.jpg\" \/>\n\t<meta property=\"og:image:width\" content=\"1920\" \/>\n\t<meta property=\"og:image:height\" content=\"440\" \/>\n\t<meta property=\"og:image:type\" content=\"image\/jpeg\" \/>\n<meta name=\"twitter:card\" content=\"summary_large_image\" \/>\n<meta name=\"twitter:site\" content=\"@FiorentiniSpa\" \/>\n<meta name=\"twitter:label1\" content=\"Temps estimat de lectura\" \/>\n\t<meta name=\"twitter:data1\" content=\"1 minut\" \/>\n<script type=\"application\/ld+json\" class=\"yoast-schema-graph\">{\"@context\":\"https:\/\/schema.org\",\"@graph\":[{\"@type\":\"WebPage\",\"@id\":\"https:\/\/www.fiorentini-iberia.com\/ca\/experiencia\/\",\"url\":\"https:\/\/www.fiorentini-iberia.com\/ca\/experiencia\/\",\"name\":\"Experi\u00e8ncia - Pietro Fiorentini\",\"isPartOf\":{\"@id\":\"https:\/\/www.fiorentini-iberia.com\/ca\/#website\"},\"primaryImageOfPage\":{\"@id\":\"https:\/\/www.fiorentini-iberia.com\/ca\/experiencia\/#primaryimage\"},\"image\":{\"@id\":\"https:\/\/www.fiorentini-iberia.com\/ca\/experiencia\/#primaryimage\"},\"thumbnailUrl\":\"https:\/\/www.fiorentini-iberia.com\/wp-content\/uploads\/2021\/04\/00_expertise.jpg\",\"datePublished\":\"2023-12-11T09:16:39+00:00\",\"dateModified\":\"2024-06-08T21:19:33+00:00\",\"description\":\"Amb m\u00e9s de 80 anys d'experi\u00e8ncia en AIGUA, HIDROGEN, BIOMET\u00c0, POWER-TO-GAS, XARXES DE GAS INTEL\u00b7LIGENTS i PROTECCI\u00d3 CAT\u00d2DICA, a Pietro Fiorentini, el futur \u00e9s ara.\",\"breadcrumb\":{\"@id\":\"https:\/\/www.fiorentini-iberia.com\/ca\/experiencia\/#breadcrumb\"},\"inLanguage\":\"ca\",\"potentialAction\":[{\"@type\":\"ReadAction\",\"target\":[\"https:\/\/www.fiorentini-iberia.com\/ca\/experiencia\/\"]}]},{\"@type\":\"ImageObject\",\"inLanguage\":\"ca\",\"@id\":\"https:\/\/www.fiorentini-iberia.com\/ca\/experiencia\/#primaryimage\",\"url\":\"https:\/\/www.fiorentini-iberia.com\/wp-content\/uploads\/2021\/04\/00_expertise.jpg\",\"contentUrl\":\"https:\/\/www.fiorentini-iberia.com\/wp-content\/uploads\/2021\/04\/00_expertise.jpg\",\"width\":1920,\"height\":440},{\"@type\":\"BreadcrumbList\",\"@id\":\"https:\/\/www.fiorentini-iberia.com\/ca\/experiencia\/#breadcrumb\",\"itemListElement\":[{\"@type\":\"ListItem\",\"position\":1,\"name\":\"Home\",\"item\":\"https:\/\/www.fiorentini-iberia.com\/ca\/\"},{\"@type\":\"ListItem\",\"position\":2,\"name\":\"Experi\u00e8ncia\"}]},{\"@type\":\"WebSite\",\"@id\":\"https:\/\/www.fiorentini-iberia.com\/ca\/#website\",\"url\":\"https:\/\/www.fiorentini-iberia.com\/ca\/\",\"name\":\"Pietro Fiorentini Iberia\",\"description\":\"Pietro Fiorentini dise\u00f1a y fabrica componentes, sistemas y servicios para la regulaci\u00f3n, medici\u00f3n, gesti\u00f3n de redes de agua, energ\u00edas renovables, petr\u00f3leo y el gas natural, con sistemas adaptados 100% al hidr\u00f3geno.\",\"publisher\":{\"@id\":\"https:\/\/www.fiorentini-iberia.com\/ca\/#organization\"},\"potentialAction\":[{\"@type\":\"SearchAction\",\"target\":{\"@type\":\"EntryPoint\",\"urlTemplate\":\"https:\/\/www.fiorentini-iberia.com\/ca\/?s={search_term_string}\"},\"query-input\":{\"@type\":\"PropertyValueSpecification\",\"valueRequired\":true,\"valueName\":\"search_term_string\"}}],\"inLanguage\":\"ca\"},{\"@type\":\"Organization\",\"@id\":\"https:\/\/www.fiorentini-iberia.com\/ca\/#organization\",\"name\":\"Pietro Fiorentini Iberia\",\"url\":\"https:\/\/www.fiorentini-iberia.com\/ca\/\",\"logo\":{\"@type\":\"ImageObject\",\"inLanguage\":\"ca\",\"@id\":\"https:\/\/www.fiorentini-iberia.com\/ca\/#\/schema\/logo\/image\/\",\"url\":\"https:\/\/www.fiorentini-iberia.com\/wp-content\/uploads\/2020\/11\/logo.svg\",\"contentUrl\":\"https:\/\/www.fiorentini-iberia.com\/wp-content\/uploads\/2020\/11\/logo.svg\",\"width\":227,\"height\":59,\"caption\":\"Pietro Fiorentini Iberia\"},\"image\":{\"@id\":\"https:\/\/www.fiorentini-iberia.com\/ca\/#\/schema\/logo\/image\/\"},\"sameAs\":[\"https:\/\/x.com\/FiorentiniSpa\",\"https:\/\/www.linkedin.com\/company\/pietro-fiorentini-iberia\/\"]}]}<\/script>\n<!-- \/ Yoast SEO plugin. -->","yoast_head_json":{"title":"Experi\u00e8ncia - Pietro Fiorentini","description":"Amb m\u00e9s de 80 anys d'experi\u00e8ncia en AIGUA, HIDROGEN, BIOMET\u00c0, POWER-TO-GAS, XARXES DE GAS INTEL\u00b7LIGENTS i PROTECCI\u00d3 CAT\u00d2DICA, a Pietro Fiorentini, el futur \u00e9s ara.","robots":{"index":"index","follow":"follow","max-snippet":"max-snippet:-1","max-image-preview":"max-image-preview:large","max-video-preview":"max-video-preview:-1"},"canonical":"https:\/\/www.fiorentini-iberia.com\/ca\/experiencia\/","og_locale":"ca_ES","og_type":"article","og_title":"Experi\u00e8ncia - Pietro Fiorentini","og_description":"Amb m\u00e9s de 80 anys d'experi\u00e8ncia en AIGUA, HIDROGEN, BIOMET\u00c0, POWER-TO-GAS, XARXES DE GAS INTEL\u00b7LIGENTS i PROTECCI\u00d3 CAT\u00d2DICA, a Pietro Fiorentini, el futur \u00e9s ara.","og_url":"https:\/\/www.fiorentini-iberia.com\/ca\/experiencia\/","og_site_name":"Pietro Fiorentini","article_modified_time":"2024-06-08T21:19:33+00:00","og_image":[{"width":1920,"height":440,"url":"https:\/\/www.fiorentini-iberia.com\/wp-content\/uploads\/2021\/04\/00_expertise.jpg","type":"image\/jpeg"}],"twitter_card":"summary_large_image","twitter_site":"@FiorentiniSpa","twitter_misc":{"Temps estimat de lectura":"1 minut"},"schema":{"@context":"https:\/\/schema.org","@graph":[{"@type":"WebPage","@id":"https:\/\/www.fiorentini-iberia.com\/ca\/experiencia\/","url":"https:\/\/www.fiorentini-iberia.com\/ca\/experiencia\/","name":"Experi\u00e8ncia - Pietro Fiorentini","isPartOf":{"@id":"https:\/\/www.fiorentini-iberia.com\/ca\/#website"},"primaryImageOfPage":{"@id":"https:\/\/www.fiorentini-iberia.com\/ca\/experiencia\/#primaryimage"},"image":{"@id":"https:\/\/www.fiorentini-iberia.com\/ca\/experiencia\/#primaryimage"},"thumbnailUrl":"https:\/\/www.fiorentini-iberia.com\/wp-content\/uploads\/2021\/04\/00_expertise.jpg","datePublished":"2023-12-11T09:16:39+00:00","dateModified":"2024-06-08T21:19:33+00:00","description":"Amb m\u00e9s de 80 anys d'experi\u00e8ncia en AIGUA, HIDROGEN, BIOMET\u00c0, POWER-TO-GAS, XARXES DE GAS INTEL\u00b7LIGENTS i PROTECCI\u00d3 CAT\u00d2DICA, a Pietro Fiorentini, el futur \u00e9s ara.","breadcrumb":{"@id":"https:\/\/www.fiorentini-iberia.com\/ca\/experiencia\/#breadcrumb"},"inLanguage":"ca","potentialAction":[{"@type":"ReadAction","target":["https:\/\/www.fiorentini-iberia.com\/ca\/experiencia\/"]}]},{"@type":"ImageObject","inLanguage":"ca","@id":"https:\/\/www.fiorentini-iberia.com\/ca\/experiencia\/#primaryimage","url":"https:\/\/www.fiorentini-iberia.com\/wp-content\/uploads\/2021\/04\/00_expertise.jpg","contentUrl":"https:\/\/www.fiorentini-iberia.com\/wp-content\/uploads\/2021\/04\/00_expertise.jpg","width":1920,"height":440},{"@type":"BreadcrumbList","@id":"https:\/\/www.fiorentini-iberia.com\/ca\/experiencia\/#breadcrumb","itemListElement":[{"@type":"ListItem","position":1,"name":"Home","item":"https:\/\/www.fiorentini-iberia.com\/ca\/"},{"@type":"ListItem","position":2,"name":"Experi\u00e8ncia"}]},{"@type":"WebSite","@id":"https:\/\/www.fiorentini-iberia.com\/ca\/#website","url":"https:\/\/www.fiorentini-iberia.com\/ca\/","name":"Pietro Fiorentini Iberia","description":"Pietro Fiorentini dise\u00f1a y fabrica componentes, sistemas y servicios para la regulaci\u00f3n, medici\u00f3n, gesti\u00f3n de redes de agua, energ\u00edas renovables, petr\u00f3leo y el gas natural, con sistemas adaptados 100% al hidr\u00f3geno.","publisher":{"@id":"https:\/\/www.fiorentini-iberia.com\/ca\/#organization"},"potentialAction":[{"@type":"SearchAction","target":{"@type":"EntryPoint","urlTemplate":"https:\/\/www.fiorentini-iberia.com\/ca\/?s={search_term_string}"},"query-input":{"@type":"PropertyValueSpecification","valueRequired":true,"valueName":"search_term_string"}}],"inLanguage":"ca"},{"@type":"Organization","@id":"https:\/\/www.fiorentini-iberia.com\/ca\/#organization","name":"Pietro Fiorentini Iberia","url":"https:\/\/www.fiorentini-iberia.com\/ca\/","logo":{"@type":"ImageObject","inLanguage":"ca","@id":"https:\/\/www.fiorentini-iberia.com\/ca\/#\/schema\/logo\/image\/","url":"https:\/\/www.fiorentini-iberia.com\/wp-content\/uploads\/2020\/11\/logo.svg","contentUrl":"https:\/\/www.fiorentini-iberia.com\/wp-content\/uploads\/2020\/11\/logo.svg","width":227,"height":59,"caption":"Pietro Fiorentini Iberia"},"image":{"@id":"https:\/\/www.fiorentini-iberia.com\/ca\/#\/schema\/logo\/image\/"},"sameAs":["https:\/\/x.com\/FiorentiniSpa","https:\/\/www.linkedin.com\/company\/pietro-fiorentini-iberia\/"]}]}},"_links":{"self":[{"href":"https:\/\/www.fiorentini-iberia.com\/ca\/wp-json\/wp\/v2\/pages\/50088","targetHints":{"allow":["GET"]}}],"collection":[{"href":"https:\/\/www.fiorentini-iberia.com\/ca\/wp-json\/wp\/v2\/pages"}],"about":[{"href":"https:\/\/www.fiorentini-iberia.com\/ca\/wp-json\/wp\/v2\/types\/page"}],"author":[{"embeddable":true,"href":"https:\/\/www.fiorentini-iberia.com\/ca\/wp-json\/wp\/v2\/users\/15"}],"replies":[{"embeddable":true,"href":"https:\/\/www.fiorentini-iberia.com\/ca\/wp-json\/wp\/v2\/comments?post=50088"}],"version-history":[{"count":3,"href":"https:\/\/www.fiorentini-iberia.com\/ca\/wp-json\/wp\/v2\/pages\/50088\/revisions"}],"predecessor-version":[{"id":54825,"href":"https:\/\/www.fiorentini-iberia.com\/ca\/wp-json\/wp\/v2\/pages\/50088\/revisions\/54825"}],"wp:featuredmedia":[{"embeddable":true,"href":"https:\/\/www.fiorentini-iberia.com\/ca\/wp-json\/wp\/v2\/media\/50089"}],"wp:attachment":[{"href":"https:\/\/www.fiorentini-iberia.com\/ca\/wp-json\/wp\/v2\/media?parent=50088"}],"curies":[{"name":"wp","href":"https:\/\/api.w.org\/{rel}","templated":true}]}}