{"id":50103,"date":"2023-12-11T10:22:33","date_gmt":"2023-12-11T09:22:33","guid":{"rendered":"https:\/\/www.fiorentini-iberia.com\/experiencia\/biometano\/"},"modified":"2026-03-10T15:55:12","modified_gmt":"2026-03-10T14:55:12","slug":"biometa","status":"publish","type":"page","link":"https:\/\/www.fiorentini-iberia.com\/ca\/experiencia\/biometa\/","title":{"rendered":"Biomet\u00e0"},"content":{"rendered":"\n<h2 class=\"wp-block-heading\"><strong>Un dels pilars de la transici\u00f3 energ\u00e8tica<\/strong><\/h2>\n\n\n\n<p>El <strong><a href=\"https:\/\/www.fiorentini-iberia.com\/ca\/solucions\/sistemes\/energies-renovables\/servei-de-biometa\/\">biomet\u00e0<\/a><\/strong> ocupa un lloc destacat. A difer\u00e8ncia d&#8217;altres energies renovables, requereix <strong>una inversi\u00f3 limitada en infraestructures<\/strong> i, pel que fa a les emissions, es considera <strong>neutra<\/strong>, ja\u00a0quese\u00a0produeix mitjan\u00e7ant la digesti\u00f3 de biomassa procedent de subproductes agr\u00edcoles, residus de processos industrials i altres materials org\u00e0nics.<\/p>\n\n\n\n<p>A\u00a0<strong>Pietro\u00a0Fiorentini<\/strong>\u00a0aportem solucions integrals per a tota mena de plantes, des de la\u00a0<strong><a href=\"https:\/\/www.fiorentini-iberia.com\/ca\/solucions\/sistemes\/energies-renovables\/injeccio-de-biometa\/\">injecci\u00f3 directa de biomet\u00e0 <\/a>a la xarxa de transport o distribuci\u00f3<\/strong>, fins a solucions per a <strong><a href=\"https:\/\/www.fiorentini-iberia.com\/ca\/solucions\/sistemes\/energies-renovables\/metrologia-de-biometa-liquid\/\">biomet\u00e0 l\u00edquid<\/a><\/strong>.<\/p>\n\n\n\n<p>A m\u00e9s, gr\u00e0cies a les solucions de\u00a0<strong><a href=\"https:\/\/www.fiorentini-iberia.com\/ca\/solucions\/sistemes\/energies-renovables\/tractament-del-biogas\/\">millora del biog\u00e0s<\/a><\/strong>\u00a0de\u00a0<strong>Pietro\u00a0Fiorentini<\/strong>, s&#8217;eliminen del biog\u00e0s els contaminants i les subst\u00e0ncies inertes de menor poder calor\u00edfic, transformant-ho en biomet\u00e0.<\/p>\n\n\n\n<p>En detectar directa i cont\u00ednuament els requisits del sistema, podem gestionar l&#8217;automatitzaci\u00f3 de manera remota i informar de qualsevol anomalia <strong>de manera autom\u00e0tica i immediata<\/strong>.<\/p>\n","protected":false},"excerpt":{"rendered":"<p>A difer\u00e8ncia d\u2019altres energies renovables, el biomet\u00e0 necessita una inversi\u00f3 limitada en infraestructures. A m\u00e9s, como que es produeix mitjan\u00e7ant la digesti\u00f3 de biomassa procedent de subproductes, residus de processos industrials i mat\u00e8ria org\u00e0nica, es considera neutre pel que fa a emissions.<br \/>\n\u00a0<br \/>\nTamb\u00e9, gr\u00e0cies als incentius espec\u00edfics promoguts a nivell europeu para fer el seu \u00fas econ\u00f2micament viable, avui en dia la producci\u00f3 i utilitzaci\u00f3 d\u2019aquesta font esta reben un fort impuls.<\/p>\n","protected":false},"author":12,"featured_media":50104,"parent":50088,"menu_order":0,"comment_status":"closed","ping_status":"closed","template":"template-expertise-child.php","meta":{"_acf_changed":false,"inline_featured_image":false,"footnotes":""},"class_list":["post-50103","page","type-page","status-publish","has-post-thumbnail","hentry"],"acf":[],"yoast_head":"<!-- This site is optimized with the Yoast SEO plugin v27.2 - https:\/\/yoast.com\/product\/yoast-seo-wordpress\/ -->\n<title>Biomet\u00e0 - Pietro Fiorentini<\/title>\n<meta name=\"description\" content=\"A Pietro Fiorentini aportem solucions integrals per a tota mena de plantes, des de la\u00a0injecci\u00f3 directa de biomet\u00e0 a la xarxa.\" \/>\n<meta name=\"robots\" content=\"index, follow, max-snippet:-1, max-image-preview:large, max-video-preview:-1\" \/>\n<link rel=\"canonical\" href=\"https:\/\/www.fiorentini-iberia.com\/ca\/experiencia\/biometa\/\" \/>\n<meta property=\"og:locale\" content=\"ca_ES\" \/>\n<meta property=\"og:type\" content=\"article\" \/>\n<meta property=\"og:title\" content=\"Biomet\u00e0 - Pietro Fiorentini\" \/>\n<meta property=\"og:description\" content=\"A Pietro Fiorentini aportem solucions integrals per a tota mena de plantes, des de la\u00a0injecci\u00f3 directa de biomet\u00e0 a la xarxa.\" \/>\n<meta property=\"og:url\" content=\"https:\/\/www.fiorentini-iberia.com\/ca\/experiencia\/biometa\/\" \/>\n<meta property=\"og:site_name\" content=\"Pietro Fiorentini\" \/>\n<meta property=\"article:modified_time\" content=\"2026-03-10T14:55:12+00:00\" \/>\n<meta property=\"og:image\" content=\"https:\/\/www.fiorentini-iberia.com\/wp-content\/uploads\/2021\/03\/01_expertise_biogas.jpeg\" \/>\n\t<meta property=\"og:image:width\" content=\"991\" \/>\n\t<meta property=\"og:image:height\" content=\"991\" \/>\n\t<meta property=\"og:image:type\" content=\"image\/jpeg\" \/>\n<meta name=\"twitter:card\" content=\"summary_large_image\" \/>\n<meta name=\"twitter:site\" content=\"@FiorentiniSpa\" \/>\n<meta name=\"twitter:label1\" content=\"Temps estimat de lectura\" \/>\n\t<meta name=\"twitter:data1\" content=\"1 minut\" \/>\n<script type=\"application\/ld+json\" class=\"yoast-schema-graph\">{\"@context\":\"https:\/\/schema.org\",\"@graph\":[{\"@type\":\"WebPage\",\"@id\":\"https:\/\/www.fiorentini-iberia.com\/ca\/experiencia\/biometa\/\",\"url\":\"https:\/\/www.fiorentini-iberia.com\/ca\/experiencia\/biometa\/\",\"name\":\"Biomet\u00e0 - Pietro Fiorentini\",\"isPartOf\":{\"@id\":\"https:\/\/www.fiorentini-iberia.com\/ca\/#website\"},\"primaryImageOfPage\":{\"@id\":\"https:\/\/www.fiorentini-iberia.com\/ca\/experiencia\/biometa\/#primaryimage\"},\"image\":{\"@id\":\"https:\/\/www.fiorentini-iberia.com\/ca\/experiencia\/biometa\/#primaryimage\"},\"thumbnailUrl\":\"https:\/\/www.fiorentini-iberia.com\/wp-content\/uploads\/2021\/03\/01_expertise_biogas.jpeg\",\"datePublished\":\"2023-12-11T09:22:33+00:00\",\"dateModified\":\"2026-03-10T14:55:12+00:00\",\"description\":\"A Pietro Fiorentini aportem solucions integrals per a tota mena de plantes, des de la\u00a0injecci\u00f3 directa de biomet\u00e0 a la xarxa.\",\"breadcrumb\":{\"@id\":\"https:\/\/www.fiorentini-iberia.com\/ca\/experiencia\/biometa\/#breadcrumb\"},\"inLanguage\":\"ca\",\"potentialAction\":[{\"@type\":\"ReadAction\",\"target\":[\"https:\/\/www.fiorentini-iberia.com\/ca\/experiencia\/biometa\/\"]}]},{\"@type\":\"ImageObject\",\"inLanguage\":\"ca\",\"@id\":\"https:\/\/www.fiorentini-iberia.com\/ca\/experiencia\/biometa\/#primaryimage\",\"url\":\"https:\/\/www.fiorentini-iberia.com\/wp-content\/uploads\/2021\/03\/01_expertise_biogas.jpeg\",\"contentUrl\":\"https:\/\/www.fiorentini-iberia.com\/wp-content\/uploads\/2021\/03\/01_expertise_biogas.jpeg\",\"width\":991,\"height\":991},{\"@type\":\"BreadcrumbList\",\"@id\":\"https:\/\/www.fiorentini-iberia.com\/ca\/experiencia\/biometa\/#breadcrumb\",\"itemListElement\":[{\"@type\":\"ListItem\",\"position\":1,\"name\":\"Home\",\"item\":\"https:\/\/www.fiorentini-iberia.com\/ca\/\"},{\"@type\":\"ListItem\",\"position\":2,\"name\":\"Experi\u00e8ncia\",\"item\":\"https:\/\/www.fiorentini-iberia.com\/ca\/experiencia\/\"},{\"@type\":\"ListItem\",\"position\":3,\"name\":\"Biomet\u00e0\"}]},{\"@type\":\"WebSite\",\"@id\":\"https:\/\/www.fiorentini-iberia.com\/ca\/#website\",\"url\":\"https:\/\/www.fiorentini-iberia.com\/ca\/\",\"name\":\"Pietro Fiorentini Iberia\",\"description\":\"Pietro Fiorentini dise\u00f1a y fabrica componentes, sistemas y servicios para la regulaci\u00f3n, medici\u00f3n, gesti\u00f3n de redes de agua, energ\u00edas renovables, petr\u00f3leo y el gas natural, con sistemas adaptados 100% al hidr\u00f3geno.\",\"publisher\":{\"@id\":\"https:\/\/www.fiorentini-iberia.com\/ca\/#organization\"},\"potentialAction\":[{\"@type\":\"SearchAction\",\"target\":{\"@type\":\"EntryPoint\",\"urlTemplate\":\"https:\/\/www.fiorentini-iberia.com\/ca\/?s={search_term_string}\"},\"query-input\":{\"@type\":\"PropertyValueSpecification\",\"valueRequired\":true,\"valueName\":\"search_term_string\"}}],\"inLanguage\":\"ca\"},{\"@type\":\"Organization\",\"@id\":\"https:\/\/www.fiorentini-iberia.com\/ca\/#organization\",\"name\":\"Pietro Fiorentini Iberia\",\"url\":\"https:\/\/www.fiorentini-iberia.com\/ca\/\",\"logo\":{\"@type\":\"ImageObject\",\"inLanguage\":\"ca\",\"@id\":\"https:\/\/www.fiorentini-iberia.com\/ca\/#\/schema\/logo\/image\/\",\"url\":\"https:\/\/www.fiorentini-iberia.com\/wp-content\/uploads\/2020\/11\/logo.svg\",\"contentUrl\":\"https:\/\/www.fiorentini-iberia.com\/wp-content\/uploads\/2020\/11\/logo.svg\",\"width\":227,\"height\":59,\"caption\":\"Pietro Fiorentini Iberia\"},\"image\":{\"@id\":\"https:\/\/www.fiorentini-iberia.com\/ca\/#\/schema\/logo\/image\/\"},\"sameAs\":[\"https:\/\/x.com\/FiorentiniSpa\",\"https:\/\/www.linkedin.com\/company\/pietro-fiorentini-iberia\/\"]}]}<\/script>\n<!-- \/ Yoast SEO plugin. -->","yoast_head_json":{"title":"Biomet\u00e0 - Pietro Fiorentini","description":"A Pietro Fiorentini aportem solucions integrals per a tota mena de plantes, des de la\u00a0injecci\u00f3 directa de biomet\u00e0 a la xarxa.","robots":{"index":"index","follow":"follow","max-snippet":"max-snippet:-1","max-image-preview":"max-image-preview:large","max-video-preview":"max-video-preview:-1"},"canonical":"https:\/\/www.fiorentini-iberia.com\/ca\/experiencia\/biometa\/","og_locale":"ca_ES","og_type":"article","og_title":"Biomet\u00e0 - Pietro Fiorentini","og_description":"A Pietro Fiorentini aportem solucions integrals per a tota mena de plantes, des de la\u00a0injecci\u00f3 directa de biomet\u00e0 a la xarxa.","og_url":"https:\/\/www.fiorentini-iberia.com\/ca\/experiencia\/biometa\/","og_site_name":"Pietro Fiorentini","article_modified_time":"2026-03-10T14:55:12+00:00","og_image":[{"width":991,"height":991,"url":"https:\/\/www.fiorentini-iberia.com\/wp-content\/uploads\/2021\/03\/01_expertise_biogas.jpeg","type":"image\/jpeg"}],"twitter_card":"summary_large_image","twitter_site":"@FiorentiniSpa","twitter_misc":{"Temps estimat de lectura":"1 minut"},"schema":{"@context":"https:\/\/schema.org","@graph":[{"@type":"WebPage","@id":"https:\/\/www.fiorentini-iberia.com\/ca\/experiencia\/biometa\/","url":"https:\/\/www.fiorentini-iberia.com\/ca\/experiencia\/biometa\/","name":"Biomet\u00e0 - Pietro Fiorentini","isPartOf":{"@id":"https:\/\/www.fiorentini-iberia.com\/ca\/#website"},"primaryImageOfPage":{"@id":"https:\/\/www.fiorentini-iberia.com\/ca\/experiencia\/biometa\/#primaryimage"},"image":{"@id":"https:\/\/www.fiorentini-iberia.com\/ca\/experiencia\/biometa\/#primaryimage"},"thumbnailUrl":"https:\/\/www.fiorentini-iberia.com\/wp-content\/uploads\/2021\/03\/01_expertise_biogas.jpeg","datePublished":"2023-12-11T09:22:33+00:00","dateModified":"2026-03-10T14:55:12+00:00","description":"A Pietro Fiorentini aportem solucions integrals per a tota mena de plantes, des de la\u00a0injecci\u00f3 directa de biomet\u00e0 a la xarxa.","breadcrumb":{"@id":"https:\/\/www.fiorentini-iberia.com\/ca\/experiencia\/biometa\/#breadcrumb"},"inLanguage":"ca","potentialAction":[{"@type":"ReadAction","target":["https:\/\/www.fiorentini-iberia.com\/ca\/experiencia\/biometa\/"]}]},{"@type":"ImageObject","inLanguage":"ca","@id":"https:\/\/www.fiorentini-iberia.com\/ca\/experiencia\/biometa\/#primaryimage","url":"https:\/\/www.fiorentini-iberia.com\/wp-content\/uploads\/2021\/03\/01_expertise_biogas.jpeg","contentUrl":"https:\/\/www.fiorentini-iberia.com\/wp-content\/uploads\/2021\/03\/01_expertise_biogas.jpeg","width":991,"height":991},{"@type":"BreadcrumbList","@id":"https:\/\/www.fiorentini-iberia.com\/ca\/experiencia\/biometa\/#breadcrumb","itemListElement":[{"@type":"ListItem","position":1,"name":"Home","item":"https:\/\/www.fiorentini-iberia.com\/ca\/"},{"@type":"ListItem","position":2,"name":"Experi\u00e8ncia","item":"https:\/\/www.fiorentini-iberia.com\/ca\/experiencia\/"},{"@type":"ListItem","position":3,"name":"Biomet\u00e0"}]},{"@type":"WebSite","@id":"https:\/\/www.fiorentini-iberia.com\/ca\/#website","url":"https:\/\/www.fiorentini-iberia.com\/ca\/","name":"Pietro Fiorentini Iberia","description":"Pietro Fiorentini dise\u00f1a y fabrica componentes, sistemas y servicios para la regulaci\u00f3n, medici\u00f3n, gesti\u00f3n de redes de agua, energ\u00edas renovables, petr\u00f3leo y el gas natural, con sistemas adaptados 100% al hidr\u00f3geno.","publisher":{"@id":"https:\/\/www.fiorentini-iberia.com\/ca\/#organization"},"potentialAction":[{"@type":"SearchAction","target":{"@type":"EntryPoint","urlTemplate":"https:\/\/www.fiorentini-iberia.com\/ca\/?s={search_term_string}"},"query-input":{"@type":"PropertyValueSpecification","valueRequired":true,"valueName":"search_term_string"}}],"inLanguage":"ca"},{"@type":"Organization","@id":"https:\/\/www.fiorentini-iberia.com\/ca\/#organization","name":"Pietro Fiorentini Iberia","url":"https:\/\/www.fiorentini-iberia.com\/ca\/","logo":{"@type":"ImageObject","inLanguage":"ca","@id":"https:\/\/www.fiorentini-iberia.com\/ca\/#\/schema\/logo\/image\/","url":"https:\/\/www.fiorentini-iberia.com\/wp-content\/uploads\/2020\/11\/logo.svg","contentUrl":"https:\/\/www.fiorentini-iberia.com\/wp-content\/uploads\/2020\/11\/logo.svg","width":227,"height":59,"caption":"Pietro Fiorentini Iberia"},"image":{"@id":"https:\/\/www.fiorentini-iberia.com\/ca\/#\/schema\/logo\/image\/"},"sameAs":["https:\/\/x.com\/FiorentiniSpa","https:\/\/www.linkedin.com\/company\/pietro-fiorentini-iberia\/"]}]}},"_links":{"self":[{"href":"https:\/\/www.fiorentini-iberia.com\/ca\/wp-json\/wp\/v2\/pages\/50103","targetHints":{"allow":["GET"]}}],"collection":[{"href":"https:\/\/www.fiorentini-iberia.com\/ca\/wp-json\/wp\/v2\/pages"}],"about":[{"href":"https:\/\/www.fiorentini-iberia.com\/ca\/wp-json\/wp\/v2\/types\/page"}],"author":[{"embeddable":true,"href":"https:\/\/www.fiorentini-iberia.com\/ca\/wp-json\/wp\/v2\/users\/12"}],"replies":[{"embeddable":true,"href":"https:\/\/www.fiorentini-iberia.com\/ca\/wp-json\/wp\/v2\/comments?post=50103"}],"version-history":[{"count":3,"href":"https:\/\/www.fiorentini-iberia.com\/ca\/wp-json\/wp\/v2\/pages\/50103\/revisions"}],"predecessor-version":[{"id":63347,"href":"https:\/\/www.fiorentini-iberia.com\/ca\/wp-json\/wp\/v2\/pages\/50103\/revisions\/63347"}],"up":[{"embeddable":true,"href":"https:\/\/www.fiorentini-iberia.com\/ca\/wp-json\/wp\/v2\/pages\/50088"}],"wp:featuredmedia":[{"embeddable":true,"href":"https:\/\/www.fiorentini-iberia.com\/ca\/wp-json\/wp\/v2\/media\/50104"}],"wp:attachment":[{"href":"https:\/\/www.fiorentini-iberia.com\/ca\/wp-json\/wp\/v2\/media?parent=50103"}],"curies":[{"name":"wp","href":"https:\/\/api.w.org\/{rel}","templated":true}]}}