{"id":50136,"date":"2023-12-11T10:25:12","date_gmt":"2023-12-11T09:25:12","guid":{"rendered":"https:\/\/www.fiorentini-iberia.com\/experiencia\/power-to-gas\/"},"modified":"2024-03-13T21:05:58","modified_gmt":"2024-03-13T20:05:58","slug":"power-to-gas","status":"publish","type":"page","link":"https:\/\/www.fiorentini-iberia.com\/ca\/experiencia\/power-to-gas\/","title":{"rendered":"Power-to-gas"},"content":{"rendered":"\n<h2 class=\"wp-block-heading\"><strong>Al servei de les energies renovables<\/strong><\/h2>\n\n\n\n<p>El\u00a0<strong><a href=\"https:\/\/www.fiorentini-iberia.com\/ca\/solutions\/sistemes-de-metanacio-i-gas-obtinguts-de-fonts-renovables-power-to-gas\/\">Power-to-gas<\/a><\/strong>\u00a0<em>(P2G)<\/em>, <strong>transforma l&#8217;excedent d&#8217;electricitat en mol\u00e8cules verdes<\/strong> que poden transportar-se a llargues dist\u00e0ncies a baix cost i amb cada vegada menys p\u00e8rdues. Al mateix temps, ofereix la possibilitat d&#8217;<strong>emmagatzemar energia renovable estacionalment<\/strong>, per a utilitzar-la en els moments de major demanda.<br>\u00a0<\/p>\n\n\n\n<figure class=\"wp-block-image size-full is-resized\"><a href=\"https:\/\/www.micropyros.de\" target=\"_blank\" rel=\"noreferrer noopener\"><img decoding=\"async\" src=\"https:\/\/www.fiorentini-iberia.com\/wp-content\/uploads\/2022\/10\/MicroPyros-Logo.svg\" alt=\"\" class=\"wp-image-21542\" style=\"width:298px;height:auto\"\/><\/a><\/figure>\n\n\n\n<p><br><strong><a href=\"https:\/\/www.fiorentini-iberia.com\/ca\/grup-pietro-fiorentini\/empreses-i-marques-del-grup-pietro-fiorentini\/#micropyros\">MicroPyros BioEnerTec<\/a><\/strong>, empresa biotecnol\u00f2gica del <strong><a href=\"https:\/\/www.fiorentini-iberia.com\/ca\/grup-pietro-fiorentini\/empreses-i-marques-del-grup-pietro-fiorentini\/\">Grup\u00a0Pietro\u00a0Fiorentini<\/a><\/strong>, \u00e9s una de les tres \u00faniques empreses del m\u00f3n capa\u00e7os d&#8217;aplicar la <strong>metanaci\u00f3 org\u00e0nica<\/strong> als processos industrials.<\/p>\n\n\n\n<p>Aprofitant les aig\u00fces residuals presents com a nutrients per als microorganismes, <strong>captura el di\u00f2xid de carboni alliberat en la fase de metanaci\u00f3<\/strong>. \u00c9s una de les fonts m\u00e9s prometedores relacionades amb la conversi\u00f3 d&#8217;energia en gas (Power-to-gas).<\/p>\n","protected":false},"excerpt":{"rendered":"<p>Per obtenir la m\u00e0xima energia possible en moments en que es disposa de fonts renovables com el sol i el vent, \u00e9s necessari gestionar els &#8220;electrons verds&#8221; en el temps i en l\u2019espai.<br \/>\n\u00a0<br \/>\nLa resposta a aquesta necessitat \u00e9s el \u201cPower-to-gas\u201d, una tecnologia que transforma l\u2019excedent d\u2019 electricitat en mol\u00e8cules de gas que poden transportar-se a llargues dist\u00e0ncies a baix cost i ofereix la possibilitat d\u2019emmagatzemar estacionalment l\u2019energia renovable.<\/p>\n","protected":false},"author":15,"featured_media":50137,"parent":50088,"menu_order":6,"comment_status":"closed","ping_status":"closed","template":"template-expertise-child.php","meta":{"_acf_changed":false,"inline_featured_image":false,"footnotes":""},"class_list":["post-50136","page","type-page","status-publish","has-post-thumbnail","hentry"],"acf":[],"yoast_head":"<!-- This site is optimized with the Yoast SEO plugin v27.2 - https:\/\/yoast.com\/product\/yoast-seo-wordpress\/ -->\n<title>Power-to-gas - Pietro Fiorentini<\/title>\n<meta name=\"description\" content=\"Transforma l&#039;excedent d&#039;electricitat en mol\u00e8cules verdes que poden transportar-se a llargues dist\u00e0ncies a baix cost i amb cada vegada menys p\u00e8rdues.\" \/>\n<meta name=\"robots\" content=\"index, follow, max-snippet:-1, max-image-preview:large, max-video-preview:-1\" \/>\n<link rel=\"canonical\" href=\"https:\/\/www.fiorentini-iberia.com\/ca\/experiencia\/power-to-gas\/\" \/>\n<meta property=\"og:locale\" content=\"ca_ES\" \/>\n<meta property=\"og:type\" content=\"article\" \/>\n<meta property=\"og:title\" content=\"Power-to-gas - Pietro Fiorentini\" \/>\n<meta property=\"og:description\" content=\"Transforma l&#039;excedent d&#039;electricitat en mol\u00e8cules verdes que poden transportar-se a llargues dist\u00e0ncies a baix cost i amb cada vegada menys p\u00e8rdues.\" \/>\n<meta property=\"og:url\" content=\"https:\/\/www.fiorentini-iberia.com\/ca\/experiencia\/power-to-gas\/\" \/>\n<meta property=\"og:site_name\" content=\"Pietro Fiorentini\" \/>\n<meta property=\"article:modified_time\" content=\"2024-03-13T20:05:58+00:00\" \/>\n<meta property=\"og:image\" content=\"https:\/\/www.fiorentini-iberia.com\/wp-content\/uploads\/2021\/03\/04_expertise_powertogas.jpeg\" \/>\n\t<meta property=\"og:image:width\" content=\"991\" \/>\n\t<meta property=\"og:image:height\" content=\"991\" \/>\n\t<meta property=\"og:image:type\" content=\"image\/jpeg\" \/>\n<meta name=\"twitter:card\" content=\"summary_large_image\" \/>\n<meta name=\"twitter:site\" content=\"@FiorentiniSpa\" \/>\n<meta name=\"twitter:label1\" content=\"Temps estimat de lectura\" \/>\n\t<meta name=\"twitter:data1\" content=\"1 minut\" \/>\n<script type=\"application\/ld+json\" class=\"yoast-schema-graph\">{\"@context\":\"https:\/\/schema.org\",\"@graph\":[{\"@type\":\"WebPage\",\"@id\":\"https:\/\/www.fiorentini-iberia.com\/ca\/experiencia\/power-to-gas\/\",\"url\":\"https:\/\/www.fiorentini-iberia.com\/ca\/experiencia\/power-to-gas\/\",\"name\":\"Power-to-gas - Pietro Fiorentini\",\"isPartOf\":{\"@id\":\"https:\/\/www.fiorentini-iberia.com\/ca\/#website\"},\"primaryImageOfPage\":{\"@id\":\"https:\/\/www.fiorentini-iberia.com\/ca\/experiencia\/power-to-gas\/#primaryimage\"},\"image\":{\"@id\":\"https:\/\/www.fiorentini-iberia.com\/ca\/experiencia\/power-to-gas\/#primaryimage\"},\"thumbnailUrl\":\"https:\/\/www.fiorentini-iberia.com\/wp-content\/uploads\/2021\/03\/04_expertise_powertogas.jpeg\",\"datePublished\":\"2023-12-11T09:25:12+00:00\",\"dateModified\":\"2024-03-13T20:05:58+00:00\",\"description\":\"Transforma l'excedent d'electricitat en mol\u00e8cules verdes que poden transportar-se a llargues dist\u00e0ncies a baix cost i amb cada vegada menys p\u00e8rdues.\",\"breadcrumb\":{\"@id\":\"https:\/\/www.fiorentini-iberia.com\/ca\/experiencia\/power-to-gas\/#breadcrumb\"},\"inLanguage\":\"ca\",\"potentialAction\":[{\"@type\":\"ReadAction\",\"target\":[\"https:\/\/www.fiorentini-iberia.com\/ca\/experiencia\/power-to-gas\/\"]}]},{\"@type\":\"ImageObject\",\"inLanguage\":\"ca\",\"@id\":\"https:\/\/www.fiorentini-iberia.com\/ca\/experiencia\/power-to-gas\/#primaryimage\",\"url\":\"https:\/\/www.fiorentini-iberia.com\/wp-content\/uploads\/2021\/03\/04_expertise_powertogas.jpeg\",\"contentUrl\":\"https:\/\/www.fiorentini-iberia.com\/wp-content\/uploads\/2021\/03\/04_expertise_powertogas.jpeg\",\"width\":991,\"height\":991},{\"@type\":\"BreadcrumbList\",\"@id\":\"https:\/\/www.fiorentini-iberia.com\/ca\/experiencia\/power-to-gas\/#breadcrumb\",\"itemListElement\":[{\"@type\":\"ListItem\",\"position\":1,\"name\":\"Home\",\"item\":\"https:\/\/www.fiorentini-iberia.com\/ca\/\"},{\"@type\":\"ListItem\",\"position\":2,\"name\":\"Experi\u00e8ncia\",\"item\":\"https:\/\/www.fiorentini-iberia.com\/ca\/experiencia\/\"},{\"@type\":\"ListItem\",\"position\":3,\"name\":\"Power-to-gas\"}]},{\"@type\":\"WebSite\",\"@id\":\"https:\/\/www.fiorentini-iberia.com\/ca\/#website\",\"url\":\"https:\/\/www.fiorentini-iberia.com\/ca\/\",\"name\":\"Pietro Fiorentini Iberia\",\"description\":\"Pietro Fiorentini dise\u00f1a y fabrica componentes, sistemas y servicios para la regulaci\u00f3n, medici\u00f3n, gesti\u00f3n de redes de agua, energ\u00edas renovables, petr\u00f3leo y el gas natural, con sistemas adaptados 100% al hidr\u00f3geno.\",\"publisher\":{\"@id\":\"https:\/\/www.fiorentini-iberia.com\/ca\/#organization\"},\"potentialAction\":[{\"@type\":\"SearchAction\",\"target\":{\"@type\":\"EntryPoint\",\"urlTemplate\":\"https:\/\/www.fiorentini-iberia.com\/ca\/?s={search_term_string}\"},\"query-input\":{\"@type\":\"PropertyValueSpecification\",\"valueRequired\":true,\"valueName\":\"search_term_string\"}}],\"inLanguage\":\"ca\"},{\"@type\":\"Organization\",\"@id\":\"https:\/\/www.fiorentini-iberia.com\/ca\/#organization\",\"name\":\"Pietro Fiorentini Iberia\",\"url\":\"https:\/\/www.fiorentini-iberia.com\/ca\/\",\"logo\":{\"@type\":\"ImageObject\",\"inLanguage\":\"ca\",\"@id\":\"https:\/\/www.fiorentini-iberia.com\/ca\/#\/schema\/logo\/image\/\",\"url\":\"https:\/\/www.fiorentini-iberia.com\/wp-content\/uploads\/2020\/11\/logo.svg\",\"contentUrl\":\"https:\/\/www.fiorentini-iberia.com\/wp-content\/uploads\/2020\/11\/logo.svg\",\"width\":227,\"height\":59,\"caption\":\"Pietro Fiorentini Iberia\"},\"image\":{\"@id\":\"https:\/\/www.fiorentini-iberia.com\/ca\/#\/schema\/logo\/image\/\"},\"sameAs\":[\"https:\/\/x.com\/FiorentiniSpa\",\"https:\/\/www.linkedin.com\/company\/pietro-fiorentini-iberia\/\"]}]}<\/script>\n<!-- \/ Yoast SEO plugin. -->","yoast_head_json":{"title":"Power-to-gas - Pietro Fiorentini","description":"Transforma l'excedent d'electricitat en mol\u00e8cules verdes que poden transportar-se a llargues dist\u00e0ncies a baix cost i amb cada vegada menys p\u00e8rdues.","robots":{"index":"index","follow":"follow","max-snippet":"max-snippet:-1","max-image-preview":"max-image-preview:large","max-video-preview":"max-video-preview:-1"},"canonical":"https:\/\/www.fiorentini-iberia.com\/ca\/experiencia\/power-to-gas\/","og_locale":"ca_ES","og_type":"article","og_title":"Power-to-gas - Pietro Fiorentini","og_description":"Transforma l'excedent d'electricitat en mol\u00e8cules verdes que poden transportar-se a llargues dist\u00e0ncies a baix cost i amb cada vegada menys p\u00e8rdues.","og_url":"https:\/\/www.fiorentini-iberia.com\/ca\/experiencia\/power-to-gas\/","og_site_name":"Pietro Fiorentini","article_modified_time":"2024-03-13T20:05:58+00:00","og_image":[{"width":991,"height":991,"url":"https:\/\/www.fiorentini-iberia.com\/wp-content\/uploads\/2021\/03\/04_expertise_powertogas.jpeg","type":"image\/jpeg"}],"twitter_card":"summary_large_image","twitter_site":"@FiorentiniSpa","twitter_misc":{"Temps estimat de lectura":"1 minut"},"schema":{"@context":"https:\/\/schema.org","@graph":[{"@type":"WebPage","@id":"https:\/\/www.fiorentini-iberia.com\/ca\/experiencia\/power-to-gas\/","url":"https:\/\/www.fiorentini-iberia.com\/ca\/experiencia\/power-to-gas\/","name":"Power-to-gas - Pietro Fiorentini","isPartOf":{"@id":"https:\/\/www.fiorentini-iberia.com\/ca\/#website"},"primaryImageOfPage":{"@id":"https:\/\/www.fiorentini-iberia.com\/ca\/experiencia\/power-to-gas\/#primaryimage"},"image":{"@id":"https:\/\/www.fiorentini-iberia.com\/ca\/experiencia\/power-to-gas\/#primaryimage"},"thumbnailUrl":"https:\/\/www.fiorentini-iberia.com\/wp-content\/uploads\/2021\/03\/04_expertise_powertogas.jpeg","datePublished":"2023-12-11T09:25:12+00:00","dateModified":"2024-03-13T20:05:58+00:00","description":"Transforma l'excedent d'electricitat en mol\u00e8cules verdes que poden transportar-se a llargues dist\u00e0ncies a baix cost i amb cada vegada menys p\u00e8rdues.","breadcrumb":{"@id":"https:\/\/www.fiorentini-iberia.com\/ca\/experiencia\/power-to-gas\/#breadcrumb"},"inLanguage":"ca","potentialAction":[{"@type":"ReadAction","target":["https:\/\/www.fiorentini-iberia.com\/ca\/experiencia\/power-to-gas\/"]}]},{"@type":"ImageObject","inLanguage":"ca","@id":"https:\/\/www.fiorentini-iberia.com\/ca\/experiencia\/power-to-gas\/#primaryimage","url":"https:\/\/www.fiorentini-iberia.com\/wp-content\/uploads\/2021\/03\/04_expertise_powertogas.jpeg","contentUrl":"https:\/\/www.fiorentini-iberia.com\/wp-content\/uploads\/2021\/03\/04_expertise_powertogas.jpeg","width":991,"height":991},{"@type":"BreadcrumbList","@id":"https:\/\/www.fiorentini-iberia.com\/ca\/experiencia\/power-to-gas\/#breadcrumb","itemListElement":[{"@type":"ListItem","position":1,"name":"Home","item":"https:\/\/www.fiorentini-iberia.com\/ca\/"},{"@type":"ListItem","position":2,"name":"Experi\u00e8ncia","item":"https:\/\/www.fiorentini-iberia.com\/ca\/experiencia\/"},{"@type":"ListItem","position":3,"name":"Power-to-gas"}]},{"@type":"WebSite","@id":"https:\/\/www.fiorentini-iberia.com\/ca\/#website","url":"https:\/\/www.fiorentini-iberia.com\/ca\/","name":"Pietro Fiorentini Iberia","description":"Pietro Fiorentini dise\u00f1a y fabrica componentes, sistemas y servicios para la regulaci\u00f3n, medici\u00f3n, gesti\u00f3n de redes de agua, energ\u00edas renovables, petr\u00f3leo y el gas natural, con sistemas adaptados 100% al hidr\u00f3geno.","publisher":{"@id":"https:\/\/www.fiorentini-iberia.com\/ca\/#organization"},"potentialAction":[{"@type":"SearchAction","target":{"@type":"EntryPoint","urlTemplate":"https:\/\/www.fiorentini-iberia.com\/ca\/?s={search_term_string}"},"query-input":{"@type":"PropertyValueSpecification","valueRequired":true,"valueName":"search_term_string"}}],"inLanguage":"ca"},{"@type":"Organization","@id":"https:\/\/www.fiorentini-iberia.com\/ca\/#organization","name":"Pietro Fiorentini Iberia","url":"https:\/\/www.fiorentini-iberia.com\/ca\/","logo":{"@type":"ImageObject","inLanguage":"ca","@id":"https:\/\/www.fiorentini-iberia.com\/ca\/#\/schema\/logo\/image\/","url":"https:\/\/www.fiorentini-iberia.com\/wp-content\/uploads\/2020\/11\/logo.svg","contentUrl":"https:\/\/www.fiorentini-iberia.com\/wp-content\/uploads\/2020\/11\/logo.svg","width":227,"height":59,"caption":"Pietro Fiorentini Iberia"},"image":{"@id":"https:\/\/www.fiorentini-iberia.com\/ca\/#\/schema\/logo\/image\/"},"sameAs":["https:\/\/x.com\/FiorentiniSpa","https:\/\/www.linkedin.com\/company\/pietro-fiorentini-iberia\/"]}]}},"_links":{"self":[{"href":"https:\/\/www.fiorentini-iberia.com\/ca\/wp-json\/wp\/v2\/pages\/50136","targetHints":{"allow":["GET"]}}],"collection":[{"href":"https:\/\/www.fiorentini-iberia.com\/ca\/wp-json\/wp\/v2\/pages"}],"about":[{"href":"https:\/\/www.fiorentini-iberia.com\/ca\/wp-json\/wp\/v2\/types\/page"}],"author":[{"embeddable":true,"href":"https:\/\/www.fiorentini-iberia.com\/ca\/wp-json\/wp\/v2\/users\/15"}],"replies":[{"embeddable":true,"href":"https:\/\/www.fiorentini-iberia.com\/ca\/wp-json\/wp\/v2\/comments?post=50136"}],"version-history":[{"count":1,"href":"https:\/\/www.fiorentini-iberia.com\/ca\/wp-json\/wp\/v2\/pages\/50136\/revisions"}],"predecessor-version":[{"id":50139,"href":"https:\/\/www.fiorentini-iberia.com\/ca\/wp-json\/wp\/v2\/pages\/50136\/revisions\/50139"}],"up":[{"embeddable":true,"href":"https:\/\/www.fiorentini-iberia.com\/ca\/wp-json\/wp\/v2\/pages\/50088"}],"wp:featuredmedia":[{"embeddable":true,"href":"https:\/\/www.fiorentini-iberia.com\/ca\/wp-json\/wp\/v2\/media\/50137"}],"wp:attachment":[{"href":"https:\/\/www.fiorentini-iberia.com\/ca\/wp-json\/wp\/v2\/media?parent=50136"}],"curies":[{"name":"wp","href":"https:\/\/api.w.org\/{rel}","templated":true}]}}