{"id":50167,"date":"2023-12-13T14:30:34","date_gmt":"2023-12-13T13:30:34","guid":{"rendered":"https:\/\/www.fiorentini-iberia.com\/experiencia\/aigua\/las-soluciones-de-control-y-supervision-del-grupo-pf\/"},"modified":"2025-02-05T11:35:38","modified_gmt":"2025-02-05T10:35:38","slug":"les-solucions-de-control-i-supervisio-del-grup-pf","status":"publish","type":"page","link":"https:\/\/www.fiorentini-iberia.com\/ca\/experiencia\/aigua\/les-solucions-de-control-i-supervisio-del-grup-pf\/","title":{"rendered":"Les solucions de monitoratge i control del Grup PF"},"content":{"rendered":"\n<p>Dins del <strong><a href=\"https:\/\/www.fiorentini-iberia.com\/ca\/grup-pietro-fiorentini\/\">Grup Pietro Fiorentini<\/a><\/strong> hi ha diverses empreses que desenvolupen <strong>solucions pel m\u00f3n de l\u2019aigua<\/strong> les quals ens permeten oferir als nostres clients un servei complert i integrat.<\/p>\n\n\n\n<p>Els reptes que ens planteja l\u2019actualitat exigeixen solucions en les quals hardware i software estiguin perfectament integrats, de manera que la supervisi\u00f3 a temps real pugui millorar l\u2019efic\u00e0cia dels controls de gesti\u00f3 de xarxa.<\/p>\n\n\n\n<p>Algunes de les tecnologies en les que estem realitzant inversions per tal que la nostra oferta evolucioni s\u00f3n l\u2019<strong><em>internet de les coses<\/em><\/strong>, el <strong>seguiment per sat\u00e8l\u00b7lit<\/strong> i <strong>la realitat augmentada<\/strong>.<\/p>\n\n\n\n<div class=\"wp-block-group index\"><div class=\"wp-block-group__inner-container is-layout-flow wp-block-group-is-layout-flow\">\n<ol class=\"wp-block-list\">\n<li><strong><a href=\"#water-cycle-control-technologies\">Tecnologies per controlar el cicle de l\u2019aigua<\/a><\/strong><\/li>\n\n\n\n<li><strong><a href=\"#data-management-solutions\"><strong>Solucions de gesti\u00f3 de dades<\/strong><\/a><\/strong> <\/li>\n\n\n\n<li><strong><a href=\"#on-field-workforce-management\"><strong>Gesti\u00f3 de les intervencions sobre el terreny<\/strong><\/a><\/strong><\/li>\n<\/ol>\n<\/div><\/div>\n\n\n\n<div style=\"height:32px\" aria-hidden=\"true\" class=\"wp-block-spacer\"><\/div>\n\n\n\n<div id=\"water-cycle-control-technologies\" class=\"wp-block-group\"><div class=\"wp-block-group__inner-container is-layout-flow wp-block-group-is-layout-flow\">\n<h3 class=\"wp-block-heading\"><strong>Tecnologies per controlar el cicle de l\u2019aigua<\/strong><br>&nbsp;<\/h3>\n\n\n<div class=\"wp-block-image\">\n<figure class=\"alignleft size-full\"><img loading=\"lazy\" decoding=\"async\" width=\"300\" height=\"78\" src=\"https:\/\/www.fiorentini-iberia.com\/wp-content\/uploads\/2023\/12\/Fast_Logo.png\" alt=\"\" class=\"wp-image-29337\"\/><\/figure>\n<\/div>\n\n\n<p>Fast ofereix coneixements t\u00e8cnics i tecnologies intel\u00b7ligents pel control total de les xarxes d\u2019aigua i cada etapa del proc\u00e9s: <em>hardware <\/em>per regular el cabal i la pressi\u00f3 de les xarxes i <em>software desenvolupat<\/em> per gestionar de manera remota amb tecnologia IoT i sistemes d\u2019an\u00e0lisi de dades.<\/p>\n\n\n\n<p>Els <strong>productes i serveis estan perfectament integrats<\/strong>, millorant aix\u00ed el rendiment i l\u2019efic\u00e0cia en diferents contextos de servei com aigua, clavegueram i depuraci\u00f3 entre d\u2019altres.<\/p>\n\n\n\n<p>Les solucions que ofereix FAST integren funcions de control remot i automatitzaci\u00f3, creant <strong>un sistema de gesti\u00f3 efica\u00e7 que contribueix a millorar el servei i a reduir el consum i les despeses d\u2019explotaci\u00f3.<\/strong><\/p>\n\n\n\n<p><strong><a href=\"https:\/\/www.fiorentini-iberia.com\/ca\/category\/solucions\/productes\/medicio-de-laigua\/digitalitzacio-de-la-xarxa\/\">Descobreixi aqu\u00ed les solucions FAST<\/a><\/strong> per a la gesti\u00f3 de xarxes de distribuci\u00f3 de l&#8217;aigua.<\/p>\n\n\n\n<p>Per m\u00e9s informaci\u00f3, visiteu <a href=\"https:\/\/www.fastonline.it\/it\" target=\"_blank\" rel=\"noreferrer noopener\">fastonline.co.uk<\/a><\/p>\n\n\n\n<div style=\"height:32px\" aria-hidden=\"true\" class=\"wp-block-spacer\"><\/div>\n\n\n\n<figure class=\"wp-block-image size-full\"><img loading=\"lazy\" decoding=\"async\" width=\"1024\" height=\"678\" src=\"https:\/\/www.fiorentini-iberia.com\/wp-content\/uploads\/2023\/12\/Fast_plant-1024x678-1.png\" alt=\"\" class=\"wp-image-29334\" srcset=\"https:\/\/www.fiorentini-iberia.com\/wp-content\/uploads\/2023\/12\/Fast_plant-1024x678-1.png 1024w, https:\/\/www.fiorentini-iberia.com\/wp-content\/uploads\/2023\/12\/Fast_plant-1024x678-1-300x199.png 300w, https:\/\/www.fiorentini-iberia.com\/wp-content\/uploads\/2023\/12\/Fast_plant-1024x678-1-768x509.png 768w\" sizes=\"auto, (max-width: 1024px) 100vw, 1024px\" \/><\/figure>\n<\/div><\/div>\n\n\n\n<div style=\"height:32px\" aria-hidden=\"true\" class=\"wp-block-spacer\"><\/div>\n\n\n\n<div id=\"data-management-solutions\" class=\"wp-block-group\"><div class=\"wp-block-group__inner-container is-layout-flow wp-block-group-is-layout-flow\">\n<h3 class=\"wp-block-heading\"><strong><strong>Solucions de gesti\u00f3 de dades<\/strong><\/strong><br>&nbsp;<\/h3>\n\n\n<div class=\"wp-block-image\">\n<figure class=\"alignleft size-full is-resized\"><img loading=\"lazy\" decoding=\"async\" width=\"1024\" height=\"329\" src=\"https:\/\/www.fiorentini-iberia.com\/wp-content\/uploads\/2023\/12\/Terranova-CMYK-01-1-1024x329-1.png\" alt=\"\" class=\"wp-image-29331\" style=\"width:400px\" srcset=\"https:\/\/www.fiorentini-iberia.com\/wp-content\/uploads\/2023\/12\/Terranova-CMYK-01-1-1024x329-1.png 1024w, https:\/\/www.fiorentini-iberia.com\/wp-content\/uploads\/2023\/12\/Terranova-CMYK-01-1-1024x329-1-300x96.png 300w, https:\/\/www.fiorentini-iberia.com\/wp-content\/uploads\/2023\/12\/Terranova-CMYK-01-1-1024x329-1-768x247.png 768w\" sizes=\"auto, (max-width: 1024px) 100vw, 1024px\" \/><\/figure>\n<\/div>\n\n\n<p>Terranova \u00e9s un dels <strong>principals desenvolupadors de software <\/strong>pels sectors de l\u2019aigua, el gas i l\u2019 electricitat. Basant-se en la seva experi\u00e8ncia en <strong>medici\u00f3 intel\u00b7ligent, gesti\u00f3 d\u2019operacions i<\/strong> <strong>gesti\u00f3 de xarxes intel\u00b7ligents<\/strong>, l\u2019empresa ofereix una \u00e0mplia gamma de <strong>software dissenyat espec\u00edficament per satisfer les necessitats m\u00e9s complexes <\/strong>del sector dels serveis p\u00fablics.<\/p>\n\n\n\n<p><strong>TAMM <\/strong>\u00e9s un software multiservei dissenyat per automatitzar els processos de tele-medici\u00f3 y tele-gesti\u00f3 de comptadors d\u2019aigua (o electricitat o gas). L\u2019aplicaci\u00f3 TAMM est\u00e0 dissenyada per <strong>ajudar les empreses de distribuci\u00f3 en els processos de medici\u00f3 i gesti\u00f3 a dist\u00e0ncia<\/strong>, de conformitat amb les normes de funcionament, efici\u00e8ncia i seguretat aplicables als diferents contextos (industrial, comercial i residencial).<\/p>\n\n\n\n<p>Per m\u00e9s informaci\u00f3, visiteu <a href=\"https:\/\/www.terranovasoftware.eu\/it\" target=\"_blank\" rel=\"noreferrer noopener\">terranovasoftware.eu<\/a><\/p>\n\n\n\n<div style=\"height:32px\" aria-hidden=\"true\" class=\"wp-block-spacer\"><\/div>\n\n\n\n<figure class=\"wp-block-image size-full\"><img loading=\"lazy\" decoding=\"async\" width=\"747\" height=\"665\" src=\"https:\/\/www.fiorentini-iberia.com\/wp-content\/uploads\/2023\/12\/Terranova_watermetering.png\" alt=\"\" class=\"wp-image-29327\" srcset=\"https:\/\/www.fiorentini-iberia.com\/wp-content\/uploads\/2023\/12\/Terranova_watermetering.png 747w, https:\/\/www.fiorentini-iberia.com\/wp-content\/uploads\/2023\/12\/Terranova_watermetering-300x267.png 300w\" sizes=\"auto, (max-width: 747px) 100vw, 747px\" \/><\/figure>\n<\/div><\/div>\n\n\n\n<div style=\"height:32px\" aria-hidden=\"true\" class=\"wp-block-spacer\"><\/div>\n\n\n\n<div id=\"on-field-workforce-management\" class=\"wp-block-group\"><div class=\"wp-block-group__inner-container is-layout-flow wp-block-group-is-layout-flow\">\n<h3 class=\"wp-block-heading\"><strong>Gesti\u00f3 de les intervencions sobre el terreny<\/strong><br>&nbsp;<\/h3>\n\n\n<div class=\"wp-block-image\">\n<figure class=\"alignleft size-full\"><img loading=\"lazy\" decoding=\"async\" width=\"300\" height=\"87\" src=\"https:\/\/www.fiorentini-iberia.com\/wp-content\/uploads\/2023\/12\/Logo-Arcoda-300x87-1.png\" alt=\"\" class=\"wp-image-29324\"\/><\/figure>\n<\/div>\n\n\n<p>Arcoda forma part del <strong>Grupo Terranova <\/strong>i desenvolupa solucions l\u00edder en <strong>gesti\u00f3 de personal sobre el terreny<\/strong>. L\u2019oferta d\u2019Arcoda inclou des del <strong>seguiment per sat\u00e8l\u00b7lit <\/strong>fins aplicacions de <strong>realitat augmentada<\/strong> d\u2019\u00faltima generaci\u00f3. L\u2019alt grau d\u2019innovaci\u00f3 que caracteritza cada soluci\u00f3 fa que Arcoda es converteixi en el soci perfecte per <strong>les principals empreses del m\u00f3n<\/strong>.<\/p>\n\n\n\n<p>Per m\u00e9s informaci\u00f3 visiteu <a href=\"https:\/\/www.arcoda.it\/ws\/it\/index.html\" target=\"_blank\" rel=\"noreferrer noopener\">arcoda.es<\/a><\/p>\n\n\n\n<div style=\"height:32px\" aria-hidden=\"true\" class=\"wp-block-spacer\"><\/div>\n\n\n\n<figure class=\"wp-block-image size-full\"><img loading=\"lazy\" decoding=\"async\" width=\"1002\" height=\"454\" src=\"https:\/\/www.fiorentini-iberia.com\/wp-content\/uploads\/2023\/12\/arcoda_tracking.jpg\" alt=\"\" class=\"wp-image-29321\" srcset=\"https:\/\/www.fiorentini-iberia.com\/wp-content\/uploads\/2023\/12\/arcoda_tracking.jpg 1002w, https:\/\/www.fiorentini-iberia.com\/wp-content\/uploads\/2023\/12\/arcoda_tracking-300x136.jpg 300w, https:\/\/www.fiorentini-iberia.com\/wp-content\/uploads\/2023\/12\/arcoda_tracking-768x348.jpg 768w\" sizes=\"auto, (max-width: 1002px) 100vw, 1002px\" \/><\/figure>\n<\/div><\/div>\n","protected":false},"excerpt":{"rendered":"<p>Desenvolupem solucions pel m\u00f3n de l\u2019aigua que ens permetin oferir als nostres clients un servei complet i integrat de hardware i software. Algunes de les tecnologies en les que estem realitzant inversions per tal que la nostra oferta evolucioni s\u00f3n IoT, el seguiment por sat\u00e8l\u00b7lit i la realitat augmentada.<\/p>\n","protected":false},"author":15,"featured_media":56713,"parent":50093,"menu_order":1,"comment_status":"closed","ping_status":"closed","template":"template-expertise-post.php","meta":{"_acf_changed":false,"inline_featured_image":false,"footnotes":""},"class_list":["post-50167","page","type-page","status-publish","has-post-thumbnail","hentry"],"acf":[],"yoast_head":"<!-- This site is optimized with the Yoast SEO plugin v27.2 - https:\/\/yoast.com\/product\/yoast-seo-wordpress\/ -->\n<title>Les solucions de monitoratge i control del Grup PF - Pietro Fiorentini<\/title>\n<meta name=\"description\" content=\"Dins del Grup Pietro Fiorentini existeixen diverses empreses que desenvolupen solucions per al m\u00f3n de l&#039;aigua.\" \/>\n<meta name=\"robots\" content=\"index, follow, max-snippet:-1, max-image-preview:large, max-video-preview:-1\" \/>\n<link rel=\"canonical\" href=\"https:\/\/www.fiorentini-iberia.com\/ca\/experiencia\/aigua\/les-solucions-de-control-i-supervisio-del-grup-pf\/\" \/>\n<meta property=\"og:locale\" content=\"ca_ES\" \/>\n<meta property=\"og:type\" content=\"article\" \/>\n<meta property=\"og:title\" content=\"Les solucions de monitoratge i control del Grup PF - Pietro Fiorentini\" \/>\n<meta property=\"og:description\" content=\"Dins del Grup Pietro Fiorentini existeixen diverses empreses que desenvolupen solucions per al m\u00f3n de l&#039;aigua.\" \/>\n<meta property=\"og:url\" content=\"https:\/\/www.fiorentini-iberia.com\/ca\/experiencia\/aigua\/les-solucions-de-control-i-supervisio-del-grup-pf\/\" \/>\n<meta property=\"og:site_name\" content=\"Pietro Fiorentini\" \/>\n<meta property=\"article:modified_time\" content=\"2025-02-05T10:35:38+00:00\" \/>\n<meta property=\"og:image\" content=\"https:\/\/www.fiorentini-iberia.com\/wp-content\/uploads\/2024\/10\/WATER_drop_visual-new-a.jpg\" \/>\n\t<meta property=\"og:image:width\" content=\"614\" \/>\n\t<meta property=\"og:image:height\" content=\"614\" \/>\n\t<meta property=\"og:image:type\" content=\"image\/jpeg\" \/>\n<meta name=\"twitter:card\" content=\"summary_large_image\" \/>\n<meta name=\"twitter:site\" content=\"@FiorentiniSpa\" \/>\n<script type=\"application\/ld+json\" class=\"yoast-schema-graph\">{\"@context\":\"https:\/\/schema.org\",\"@graph\":[{\"@type\":\"WebPage\",\"@id\":\"https:\/\/www.fiorentini-iberia.com\/ca\/experiencia\/aigua\/les-solucions-de-control-i-supervisio-del-grup-pf\/\",\"url\":\"https:\/\/www.fiorentini-iberia.com\/ca\/experiencia\/aigua\/les-solucions-de-control-i-supervisio-del-grup-pf\/\",\"name\":\"Les solucions de monitoratge i control del Grup PF - Pietro Fiorentini\",\"isPartOf\":{\"@id\":\"https:\/\/www.fiorentini-iberia.com\/ca\/#website\"},\"primaryImageOfPage\":{\"@id\":\"https:\/\/www.fiorentini-iberia.com\/ca\/experiencia\/aigua\/les-solucions-de-control-i-supervisio-del-grup-pf\/#primaryimage\"},\"image\":{\"@id\":\"https:\/\/www.fiorentini-iberia.com\/ca\/experiencia\/aigua\/les-solucions-de-control-i-supervisio-del-grup-pf\/#primaryimage\"},\"thumbnailUrl\":\"https:\/\/www.fiorentini-iberia.com\/wp-content\/uploads\/2024\/10\/WATER_drop_visual-new-a.jpg\",\"datePublished\":\"2023-12-13T13:30:34+00:00\",\"dateModified\":\"2025-02-05T10:35:38+00:00\",\"description\":\"Dins del Grup Pietro Fiorentini existeixen diverses empreses que desenvolupen solucions per al m\u00f3n de l'aigua.\",\"breadcrumb\":{\"@id\":\"https:\/\/www.fiorentini-iberia.com\/ca\/experiencia\/aigua\/les-solucions-de-control-i-supervisio-del-grup-pf\/#breadcrumb\"},\"inLanguage\":\"ca\",\"potentialAction\":[{\"@type\":\"ReadAction\",\"target\":[\"https:\/\/www.fiorentini-iberia.com\/ca\/experiencia\/aigua\/les-solucions-de-control-i-supervisio-del-grup-pf\/\"]}]},{\"@type\":\"ImageObject\",\"inLanguage\":\"ca\",\"@id\":\"https:\/\/www.fiorentini-iberia.com\/ca\/experiencia\/aigua\/les-solucions-de-control-i-supervisio-del-grup-pf\/#primaryimage\",\"url\":\"https:\/\/www.fiorentini-iberia.com\/wp-content\/uploads\/2024\/10\/WATER_drop_visual-new-a.jpg\",\"contentUrl\":\"https:\/\/www.fiorentini-iberia.com\/wp-content\/uploads\/2024\/10\/WATER_drop_visual-new-a.jpg\",\"width\":614,\"height\":614},{\"@type\":\"BreadcrumbList\",\"@id\":\"https:\/\/www.fiorentini-iberia.com\/ca\/experiencia\/aigua\/les-solucions-de-control-i-supervisio-del-grup-pf\/#breadcrumb\",\"itemListElement\":[{\"@type\":\"ListItem\",\"position\":1,\"name\":\"Home\",\"item\":\"https:\/\/www.fiorentini-iberia.com\/ca\/\"},{\"@type\":\"ListItem\",\"position\":2,\"name\":\"Experi\u00e8ncia\",\"item\":\"https:\/\/www.fiorentini-iberia.com\/ca\/experiencia\/\"},{\"@type\":\"ListItem\",\"position\":3,\"name\":\"Aigua\",\"item\":\"https:\/\/www.fiorentini-iberia.com\/ca\/experiencia\/aigua\/\"},{\"@type\":\"ListItem\",\"position\":4,\"name\":\"Les solucions de monitoratge i control del Grup PF\"}]},{\"@type\":\"WebSite\",\"@id\":\"https:\/\/www.fiorentini-iberia.com\/ca\/#website\",\"url\":\"https:\/\/www.fiorentini-iberia.com\/ca\/\",\"name\":\"Pietro Fiorentini Iberia\",\"description\":\"Pietro Fiorentini dise\u00f1a y fabrica componentes, sistemas y servicios para la regulaci\u00f3n, medici\u00f3n, gesti\u00f3n de redes de agua, energ\u00edas renovables, petr\u00f3leo y el gas natural, con sistemas adaptados 100% al hidr\u00f3geno.\",\"publisher\":{\"@id\":\"https:\/\/www.fiorentini-iberia.com\/ca\/#organization\"},\"potentialAction\":[{\"@type\":\"SearchAction\",\"target\":{\"@type\":\"EntryPoint\",\"urlTemplate\":\"https:\/\/www.fiorentini-iberia.com\/ca\/?s={search_term_string}\"},\"query-input\":{\"@type\":\"PropertyValueSpecification\",\"valueRequired\":true,\"valueName\":\"search_term_string\"}}],\"inLanguage\":\"ca\"},{\"@type\":\"Organization\",\"@id\":\"https:\/\/www.fiorentini-iberia.com\/ca\/#organization\",\"name\":\"Pietro Fiorentini Iberia\",\"url\":\"https:\/\/www.fiorentini-iberia.com\/ca\/\",\"logo\":{\"@type\":\"ImageObject\",\"inLanguage\":\"ca\",\"@id\":\"https:\/\/www.fiorentini-iberia.com\/ca\/#\/schema\/logo\/image\/\",\"url\":\"https:\/\/www.fiorentini-iberia.com\/wp-content\/uploads\/2020\/11\/logo.svg\",\"contentUrl\":\"https:\/\/www.fiorentini-iberia.com\/wp-content\/uploads\/2020\/11\/logo.svg\",\"width\":227,\"height\":59,\"caption\":\"Pietro Fiorentini Iberia\"},\"image\":{\"@id\":\"https:\/\/www.fiorentini-iberia.com\/ca\/#\/schema\/logo\/image\/\"},\"sameAs\":[\"https:\/\/x.com\/FiorentiniSpa\",\"https:\/\/www.linkedin.com\/company\/pietro-fiorentini-iberia\/\"]}]}<\/script>\n<!-- \/ Yoast SEO plugin. -->","yoast_head_json":{"title":"Les solucions de monitoratge i control del Grup PF - Pietro Fiorentini","description":"Dins del Grup Pietro Fiorentini existeixen diverses empreses que desenvolupen solucions per al m\u00f3n de l'aigua.","robots":{"index":"index","follow":"follow","max-snippet":"max-snippet:-1","max-image-preview":"max-image-preview:large","max-video-preview":"max-video-preview:-1"},"canonical":"https:\/\/www.fiorentini-iberia.com\/ca\/experiencia\/aigua\/les-solucions-de-control-i-supervisio-del-grup-pf\/","og_locale":"ca_ES","og_type":"article","og_title":"Les solucions de monitoratge i control del Grup PF - Pietro Fiorentini","og_description":"Dins del Grup Pietro Fiorentini existeixen diverses empreses que desenvolupen solucions per al m\u00f3n de l'aigua.","og_url":"https:\/\/www.fiorentini-iberia.com\/ca\/experiencia\/aigua\/les-solucions-de-control-i-supervisio-del-grup-pf\/","og_site_name":"Pietro Fiorentini","article_modified_time":"2025-02-05T10:35:38+00:00","og_image":[{"width":614,"height":614,"url":"https:\/\/www.fiorentini-iberia.com\/wp-content\/uploads\/2024\/10\/WATER_drop_visual-new-a.jpg","type":"image\/jpeg"}],"twitter_card":"summary_large_image","twitter_site":"@FiorentiniSpa","schema":{"@context":"https:\/\/schema.org","@graph":[{"@type":"WebPage","@id":"https:\/\/www.fiorentini-iberia.com\/ca\/experiencia\/aigua\/les-solucions-de-control-i-supervisio-del-grup-pf\/","url":"https:\/\/www.fiorentini-iberia.com\/ca\/experiencia\/aigua\/les-solucions-de-control-i-supervisio-del-grup-pf\/","name":"Les solucions de monitoratge i control del Grup PF - Pietro Fiorentini","isPartOf":{"@id":"https:\/\/www.fiorentini-iberia.com\/ca\/#website"},"primaryImageOfPage":{"@id":"https:\/\/www.fiorentini-iberia.com\/ca\/experiencia\/aigua\/les-solucions-de-control-i-supervisio-del-grup-pf\/#primaryimage"},"image":{"@id":"https:\/\/www.fiorentini-iberia.com\/ca\/experiencia\/aigua\/les-solucions-de-control-i-supervisio-del-grup-pf\/#primaryimage"},"thumbnailUrl":"https:\/\/www.fiorentini-iberia.com\/wp-content\/uploads\/2024\/10\/WATER_drop_visual-new-a.jpg","datePublished":"2023-12-13T13:30:34+00:00","dateModified":"2025-02-05T10:35:38+00:00","description":"Dins del Grup Pietro Fiorentini existeixen diverses empreses que desenvolupen solucions per al m\u00f3n de l'aigua.","breadcrumb":{"@id":"https:\/\/www.fiorentini-iberia.com\/ca\/experiencia\/aigua\/les-solucions-de-control-i-supervisio-del-grup-pf\/#breadcrumb"},"inLanguage":"ca","potentialAction":[{"@type":"ReadAction","target":["https:\/\/www.fiorentini-iberia.com\/ca\/experiencia\/aigua\/les-solucions-de-control-i-supervisio-del-grup-pf\/"]}]},{"@type":"ImageObject","inLanguage":"ca","@id":"https:\/\/www.fiorentini-iberia.com\/ca\/experiencia\/aigua\/les-solucions-de-control-i-supervisio-del-grup-pf\/#primaryimage","url":"https:\/\/www.fiorentini-iberia.com\/wp-content\/uploads\/2024\/10\/WATER_drop_visual-new-a.jpg","contentUrl":"https:\/\/www.fiorentini-iberia.com\/wp-content\/uploads\/2024\/10\/WATER_drop_visual-new-a.jpg","width":614,"height":614},{"@type":"BreadcrumbList","@id":"https:\/\/www.fiorentini-iberia.com\/ca\/experiencia\/aigua\/les-solucions-de-control-i-supervisio-del-grup-pf\/#breadcrumb","itemListElement":[{"@type":"ListItem","position":1,"name":"Home","item":"https:\/\/www.fiorentini-iberia.com\/ca\/"},{"@type":"ListItem","position":2,"name":"Experi\u00e8ncia","item":"https:\/\/www.fiorentini-iberia.com\/ca\/experiencia\/"},{"@type":"ListItem","position":3,"name":"Aigua","item":"https:\/\/www.fiorentini-iberia.com\/ca\/experiencia\/aigua\/"},{"@type":"ListItem","position":4,"name":"Les solucions de monitoratge i control del Grup PF"}]},{"@type":"WebSite","@id":"https:\/\/www.fiorentini-iberia.com\/ca\/#website","url":"https:\/\/www.fiorentini-iberia.com\/ca\/","name":"Pietro Fiorentini Iberia","description":"Pietro Fiorentini dise\u00f1a y fabrica componentes, sistemas y servicios para la regulaci\u00f3n, medici\u00f3n, gesti\u00f3n de redes de agua, energ\u00edas renovables, petr\u00f3leo y el gas natural, con sistemas adaptados 100% al hidr\u00f3geno.","publisher":{"@id":"https:\/\/www.fiorentini-iberia.com\/ca\/#organization"},"potentialAction":[{"@type":"SearchAction","target":{"@type":"EntryPoint","urlTemplate":"https:\/\/www.fiorentini-iberia.com\/ca\/?s={search_term_string}"},"query-input":{"@type":"PropertyValueSpecification","valueRequired":true,"valueName":"search_term_string"}}],"inLanguage":"ca"},{"@type":"Organization","@id":"https:\/\/www.fiorentini-iberia.com\/ca\/#organization","name":"Pietro Fiorentini Iberia","url":"https:\/\/www.fiorentini-iberia.com\/ca\/","logo":{"@type":"ImageObject","inLanguage":"ca","@id":"https:\/\/www.fiorentini-iberia.com\/ca\/#\/schema\/logo\/image\/","url":"https:\/\/www.fiorentini-iberia.com\/wp-content\/uploads\/2020\/11\/logo.svg","contentUrl":"https:\/\/www.fiorentini-iberia.com\/wp-content\/uploads\/2020\/11\/logo.svg","width":227,"height":59,"caption":"Pietro Fiorentini Iberia"},"image":{"@id":"https:\/\/www.fiorentini-iberia.com\/ca\/#\/schema\/logo\/image\/"},"sameAs":["https:\/\/x.com\/FiorentiniSpa","https:\/\/www.linkedin.com\/company\/pietro-fiorentini-iberia\/"]}]}},"_links":{"self":[{"href":"https:\/\/www.fiorentini-iberia.com\/ca\/wp-json\/wp\/v2\/pages\/50167","targetHints":{"allow":["GET"]}}],"collection":[{"href":"https:\/\/www.fiorentini-iberia.com\/ca\/wp-json\/wp\/v2\/pages"}],"about":[{"href":"https:\/\/www.fiorentini-iberia.com\/ca\/wp-json\/wp\/v2\/types\/page"}],"author":[{"embeddable":true,"href":"https:\/\/www.fiorentini-iberia.com\/ca\/wp-json\/wp\/v2\/users\/15"}],"replies":[{"embeddable":true,"href":"https:\/\/www.fiorentini-iberia.com\/ca\/wp-json\/wp\/v2\/comments?post=50167"}],"version-history":[{"count":3,"href":"https:\/\/www.fiorentini-iberia.com\/ca\/wp-json\/wp\/v2\/pages\/50167\/revisions"}],"predecessor-version":[{"id":58619,"href":"https:\/\/www.fiorentini-iberia.com\/ca\/wp-json\/wp\/v2\/pages\/50167\/revisions\/58619"}],"up":[{"embeddable":true,"href":"https:\/\/www.fiorentini-iberia.com\/ca\/wp-json\/wp\/v2\/pages\/50093"}],"wp:featuredmedia":[{"embeddable":true,"href":"https:\/\/www.fiorentini-iberia.com\/ca\/wp-json\/wp\/v2\/media\/56713"}],"wp:attachment":[{"href":"https:\/\/www.fiorentini-iberia.com\/ca\/wp-json\/wp\/v2\/media?parent=50167"}],"curies":[{"name":"wp","href":"https:\/\/api.w.org\/{rel}","templated":true}]}}