{"id":50183,"date":"2024-02-21T13:38:56","date_gmt":"2024-02-21T12:38:56","guid":{"rendered":"https:\/\/www.fiorentini-iberia.com\/experiencia\/aigua\/contadores-de-agua-ultrasonicos-inteligentes\/"},"modified":"2026-02-17T12:57:34","modified_gmt":"2026-02-17T11:57:34","slug":"ssm-aquo-comptadors-daigua-ultrasonics-per-a-telemesura","status":"publish","type":"page","link":"https:\/\/www.fiorentini-iberia.com\/ca\/experiencia\/aigua\/ssm-aquo-comptadors-daigua-ultrasonics-per-a-telemesura\/","title":{"rendered":"SSM-Aquo, digitalitzaci\u00f3 del cabal amb comptadors d&#8217;aigua ultras\u00f2nics"},"content":{"rendered":"\n<p>Mentre que els&nbsp;<strong>comptadors d&#8217;aigua mec\u00e0nics <\/strong>medeixen el volum d&#8217;aigua&nbsp;utilitzada per els usuaris finals de manera anal\u00f2gica i donen una informaci\u00f3 molt limitada centrada en el consum, sotmesos a un desgast continuat de peces m\u00f2bils, els <strong>comptadors d&#8217;aigua ultras\u00f2nics<\/strong> fan medici\u00f3 est\u00e0tica per ultrasons sense desgast, oferint informaci\u00f3 \u00fatil en temps real del cabal de manera precisa mitjan\u00e7ant un m\u00f2dul de telelectura integrat.<\/p>\n\n\n\n<h3 class=\"wp-block-heading\" id=\"ultrasonic-smart-water-meters-advantages\">&nbsp;<br>Avantatges dels comptadors d&#8217;aigua ultras\u00f2nics SSM Aquo<\/h3>\n\n\n\n<p>&nbsp;<br><strong>SSM-Aquo<\/strong>, amb un disseny compacte i connector de llaut\u00f3, proporciona telemetria integrada fiable i precisa amb una <strong>\u00e0mplia gamma de medicions<\/strong> mitjan\u00e7ant diferents protocols de comunicaci\u00f3&nbsp;que contribueix en reduir la perduda d&#8217;aigua no comptabilitzada, ja sigui per la detecci\u00f3 a temps de fuites o possibles fraus.<\/p>\n\n\n\n<p>La telemetria integrada de SSM-Aquo ofereix <strong>la mateixa elevada precisi\u00f3 durant tota la seva vida \u00fatil<\/strong>, de <strong>fins a 13 anys garantits<\/strong>&nbsp;en condicions normals d\u2019\u00fas, amb un m\u00ednim marge d&#8217;error.<\/p>\n\n\n\n<p>Els <strong>comptadors intel\u00b7ligents d&#8217;aigua ultras\u00f2nics SSM-Aquo<\/strong>, amb connector de llaut\u00f3, compten amb una gamma que cobreix un di\u00e0metre nominal des de <strong>DN15 fins a DN40<\/strong>.<br>\u00a0<\/p>\n\n\n\n<figure class=\"wp-block-image size-full\"><img loading=\"lazy\" decoding=\"async\" width=\"970\" height=\"223\" src=\"https:\/\/www.fiorentini-iberia.com\/wp-content\/uploads\/2023\/10\/banner-Aigua-NB-IOT-CAT.jpg\" alt=\"\" class=\"wp-image-63187\" srcset=\"https:\/\/www.fiorentini-iberia.com\/wp-content\/uploads\/2023\/10\/banner-Aigua-NB-IOT-CAT.jpg 970w, https:\/\/www.fiorentini-iberia.com\/wp-content\/uploads\/2023\/10\/banner-Aigua-NB-IOT-CAT-300x69.jpg 300w, https:\/\/www.fiorentini-iberia.com\/wp-content\/uploads\/2023\/10\/banner-Aigua-NB-IOT-CAT-768x177.jpg 768w\" sizes=\"auto, (max-width: 970px) 100vw, 970px\" \/><\/figure>\n\n\n\n<p>\u00a0\u00a0<br>Els <strong>comptadors d&#8217;aigua ultras\u00f2nics SSM-Aquo<\/strong>, dissenyats per al sector residencial, aporten <strong>un gran nombre d&#8217;avantatges respecte la medici\u00f3 tradicional mec\u00e0nica<\/strong>:<\/p>\n\n\n\n<ul class=\"wp-block-list\">\n<li>comptador ultras\u00f2nic en forma U<\/li>\n\n\n\n<li>major precisi\u00f3 gr\u00e0cies a una tecnologia de medici\u00f3 est\u00e0tica, que no presenta peces m\u00f2bils subjectes a desgast<\/li>\n\n\n\n<li>menor risc de lectura err\u00f2nia<\/li>\n\n\n\n<li>processos automatitzats<\/li>\n\n\n\n<li>capacitat de lectura remota amb diferents protocols de comunicaci\u00f3: <strong>wM-Bus, 2\/4\/5G, <strong>models amb transmissi\u00f3<\/strong><\/strong> <strong>LoraWan o NB-IoT<\/strong><\/li>\n\n\n\n<li>detecci\u00f3 efica\u00e7 de cabals molt baixos, abs\u00e8ncia de consum, rebentades i fluxos inversos<\/li>\n\n\n\n<li>disseny compacte gr\u00e0cies al m\u00f2dul de comunicaci\u00f3 integrat<\/li>\n\n\n\n<li>avisos i alarmes que ajuden a detectar possibles fuites<\/li>\n\n\n\n<li>major vida \u00fatil: Fins a 13 anys de funcionament garantit&nbsp;en condicions normals d\u2019\u00fas<\/li>\n<\/ul>\n\n\n\n<p>&nbsp;<br> <br>&nbsp;<\/p>\n\n\n\n<h3 class=\"wp-block-heading has-text-align-center\" id=\"fiorentini-ultrasonic-smart-water-meters-technical-features\">Principals caracter\u00edstiques t\u00e8cniques dels comptadors d&#8217;aigua per ultrasons de Pietro Fiorentini<\/h3>\n\n\n\n<div style=\"height:19px\" aria-hidden=\"true\" class=\"wp-block-spacer\"><\/div>\n\n\n\n<p class=\"has-text-align-center has-small-font-size\"><\/p>\n\n\n\n<figure class=\"wp-block-image size-full\"><img loading=\"lazy\" decoding=\"async\" width=\"1024\" height=\"317\" src=\"https:\/\/www.fiorentini-iberia.com\/wp-content\/uploads\/2023\/10\/Tabella_Ottone-1024x429-CAT-ok.jpg\" alt=\"\" class=\"wp-image-57157\" srcset=\"https:\/\/www.fiorentini-iberia.com\/wp-content\/uploads\/2023\/10\/Tabella_Ottone-1024x429-CAT-ok.jpg 1024w, https:\/\/www.fiorentini-iberia.com\/wp-content\/uploads\/2023\/10\/Tabella_Ottone-1024x429-CAT-ok-300x93.jpg 300w, https:\/\/www.fiorentini-iberia.com\/wp-content\/uploads\/2023\/10\/Tabella_Ottone-1024x429-CAT-ok-768x238.jpg 768w\" sizes=\"auto, (max-width: 1024px) 100vw, 1024px\" \/><\/figure>\n\n\n\n<p class=\"has-text-align-center has-small-font-size\"><\/p>\n\n\n\n<p class=\"has-text-color has-link-color has-medium-font-size wp-elements-e99a5ae909b7f775320dd5993630e531\" style=\"color:#1ca48f\">&nbsp;&nbsp;<br><strong><a href=\"https:\/\/www.fiorentini-iberia.com\/ca\/solucions\/productes\/medicio-de-laigua\/comptadors-intel%c2%b7ligents-daigua-ultrasonics\/ssm-aquo-lorawan\/\">Fitxa de producte&nbsp;SSM&nbsp;Aquo M-Bus + LoRaWAN<\/a><\/strong><\/p>\n\n\n\n<p class=\"has-text-color has-link-color has-medium-font-size wp-elements-4ec60980aedfc007ffe2343bac78e8e0\" style=\"color:#1ca48f\"><a href=\"https:\/\/www.fiorentini-iberia.com\/ca\/solucions\/productes\/medicio-de-laigua\/comptadors-intel%c2%b7ligents-daigua-ultrasonics\/ssm-aquo-nbiot\/\"><strong>Fitxa de producte&nbsp;SSM&nbsp;Aquo NB-IoT<\/strong><br><\/a>&nbsp;<br>&nbsp;<strong><a href=\"https:\/\/www.fiorentini-iberia.com\/ca\/news\/comptadors-daigua-intelligents-ssm-aquo\/\"><br>Not\u00edcies relacionades<\/a><\/strong><\/p>\n","protected":false},"excerpt":{"rendered":"<p>Els comptadors d&#8217;aigua ultras\u00f2nics telemesuren el volum d&#8217;aigua utilitzat pels usuaris finals i tamb\u00e9 s&#8217;utilitzen per a determinar el cabal a trav\u00e9s d&#8217;una part espec\u00edfica del cicle.<br \/>\n\u00a0<br \/>\nEl mesurament de l&#8217;aigua \u00e9s un component de la gesti\u00f3 p\u00fablica dels recursos h\u00eddrics destinat a controlar i, en \u00faltima inst\u00e0ncia, reduir el consum d&#8217;aigua.<\/p>\n","protected":false},"author":15,"featured_media":50989,"parent":50093,"menu_order":0,"comment_status":"closed","ping_status":"closed","template":"template-expertise-post.php","meta":{"_acf_changed":false,"inline_featured_image":false,"footnotes":""},"class_list":["post-50183","page","type-page","status-publish","has-post-thumbnail","hentry"],"acf":[],"yoast_head":"<!-- This site is optimized with the Yoast SEO plugin v27.2 - https:\/\/yoast.com\/product\/yoast-seo-wordpress\/ -->\n<title>SSM-Aquo, digitalitzaci\u00f3 del cabal amb comptadors d&#039;aigua ultras\u00f2nics - Pietro Fiorentini<\/title>\n<meta name=\"description\" content=\"Els comptadors d&#039;aigua mesuren el volum d&#039;aigua utilitzada pels usuaris finals als quals subministra aigua un sistema p\u00fablic de prove\u00efment d&#039;aigua.\" \/>\n<meta name=\"robots\" content=\"index, follow, max-snippet:-1, max-image-preview:large, max-video-preview:-1\" \/>\n<link rel=\"canonical\" href=\"https:\/\/www.fiorentini-iberia.com\/ca\/experiencia\/aigua\/ssm-aquo-comptadors-daigua-ultrasonics-per-a-telemesura\/\" \/>\n<meta property=\"og:locale\" content=\"ca_ES\" \/>\n<meta property=\"og:type\" content=\"article\" \/>\n<meta property=\"og:title\" content=\"SSM-Aquo, digitalitzaci\u00f3 del cabal amb comptadors d&#039;aigua ultras\u00f2nics - Pietro Fiorentini\" \/>\n<meta property=\"og:description\" content=\"Els comptadors d&#039;aigua mesuren el volum d&#039;aigua utilitzada pels usuaris finals als quals subministra aigua un sistema p\u00fablic de prove\u00efment d&#039;aigua.\" \/>\n<meta property=\"og:url\" content=\"https:\/\/www.fiorentini-iberia.com\/ca\/experiencia\/aigua\/ssm-aquo-comptadors-daigua-ultrasonics-per-a-telemesura\/\" \/>\n<meta property=\"og:site_name\" content=\"Pietro Fiorentini\" \/>\n<meta property=\"article:modified_time\" content=\"2026-02-17T11:57:34+00:00\" \/>\n<meta property=\"og:image\" content=\"https:\/\/www.fiorentini-iberia.com\/wp-content\/uploads\/2023\/11\/Noticia-Smart-Water-meters-CAT.jpg\" \/>\n\t<meta property=\"og:image:width\" content=\"970\" \/>\n\t<meta property=\"og:image:height\" content=\"1020\" \/>\n\t<meta property=\"og:image:type\" content=\"image\/jpeg\" \/>\n<meta name=\"twitter:card\" content=\"summary_large_image\" \/>\n<meta name=\"twitter:site\" content=\"@FiorentiniSpa\" \/>\n<meta name=\"twitter:label1\" content=\"Temps estimat de lectura\" \/>\n\t<meta name=\"twitter:data1\" content=\"3 minuts\" \/>\n<script type=\"application\/ld+json\" class=\"yoast-schema-graph\">{\"@context\":\"https:\/\/schema.org\",\"@graph\":[{\"@type\":\"WebPage\",\"@id\":\"https:\/\/www.fiorentini-iberia.com\/ca\/experiencia\/aigua\/ssm-aquo-comptadors-daigua-ultrasonics-per-a-telemesura\/\",\"url\":\"https:\/\/www.fiorentini-iberia.com\/ca\/experiencia\/aigua\/ssm-aquo-comptadors-daigua-ultrasonics-per-a-telemesura\/\",\"name\":\"SSM-Aquo, digitalitzaci\u00f3 del cabal amb comptadors d'aigua ultras\u00f2nics - Pietro Fiorentini\",\"isPartOf\":{\"@id\":\"https:\/\/www.fiorentini-iberia.com\/ca\/#website\"},\"primaryImageOfPage\":{\"@id\":\"https:\/\/www.fiorentini-iberia.com\/ca\/experiencia\/aigua\/ssm-aquo-comptadors-daigua-ultrasonics-per-a-telemesura\/#primaryimage\"},\"image\":{\"@id\":\"https:\/\/www.fiorentini-iberia.com\/ca\/experiencia\/aigua\/ssm-aquo-comptadors-daigua-ultrasonics-per-a-telemesura\/#primaryimage\"},\"thumbnailUrl\":\"https:\/\/www.fiorentini-iberia.com\/wp-content\/uploads\/2023\/11\/Noticia-Smart-Water-meters-CAT.jpg\",\"datePublished\":\"2024-02-21T12:38:56+00:00\",\"dateModified\":\"2026-02-17T11:57:34+00:00\",\"description\":\"Els comptadors d'aigua mesuren el volum d'aigua utilitzada pels usuaris finals als quals subministra aigua un sistema p\u00fablic de prove\u00efment d'aigua.\",\"breadcrumb\":{\"@id\":\"https:\/\/www.fiorentini-iberia.com\/ca\/experiencia\/aigua\/ssm-aquo-comptadors-daigua-ultrasonics-per-a-telemesura\/#breadcrumb\"},\"inLanguage\":\"ca\",\"potentialAction\":[{\"@type\":\"ReadAction\",\"target\":[\"https:\/\/www.fiorentini-iberia.com\/ca\/experiencia\/aigua\/ssm-aquo-comptadors-daigua-ultrasonics-per-a-telemesura\/\"]}]},{\"@type\":\"ImageObject\",\"inLanguage\":\"ca\",\"@id\":\"https:\/\/www.fiorentini-iberia.com\/ca\/experiencia\/aigua\/ssm-aquo-comptadors-daigua-ultrasonics-per-a-telemesura\/#primaryimage\",\"url\":\"https:\/\/www.fiorentini-iberia.com\/wp-content\/uploads\/2023\/11\/Noticia-Smart-Water-meters-CAT.jpg\",\"contentUrl\":\"https:\/\/www.fiorentini-iberia.com\/wp-content\/uploads\/2023\/11\/Noticia-Smart-Water-meters-CAT.jpg\",\"width\":970,\"height\":1020},{\"@type\":\"BreadcrumbList\",\"@id\":\"https:\/\/www.fiorentini-iberia.com\/ca\/experiencia\/aigua\/ssm-aquo-comptadors-daigua-ultrasonics-per-a-telemesura\/#breadcrumb\",\"itemListElement\":[{\"@type\":\"ListItem\",\"position\":1,\"name\":\"Home\",\"item\":\"https:\/\/www.fiorentini-iberia.com\/ca\/\"},{\"@type\":\"ListItem\",\"position\":2,\"name\":\"Experi\u00e8ncia\",\"item\":\"https:\/\/www.fiorentini-iberia.com\/ca\/experiencia\/\"},{\"@type\":\"ListItem\",\"position\":3,\"name\":\"Aigua\",\"item\":\"https:\/\/www.fiorentini-iberia.com\/ca\/experiencia\/aigua\/\"},{\"@type\":\"ListItem\",\"position\":4,\"name\":\"SSM-Aquo, digitalitzaci\u00f3 del cabal amb comptadors d&#8217;aigua ultras\u00f2nics\"}]},{\"@type\":\"WebSite\",\"@id\":\"https:\/\/www.fiorentini-iberia.com\/ca\/#website\",\"url\":\"https:\/\/www.fiorentini-iberia.com\/ca\/\",\"name\":\"Pietro Fiorentini Iberia\",\"description\":\"Pietro Fiorentini dise\u00f1a y fabrica componentes, sistemas y servicios para la regulaci\u00f3n, medici\u00f3n, gesti\u00f3n de redes de agua, energ\u00edas renovables, petr\u00f3leo y el gas natural, con sistemas adaptados 100% al hidr\u00f3geno.\",\"publisher\":{\"@id\":\"https:\/\/www.fiorentini-iberia.com\/ca\/#organization\"},\"potentialAction\":[{\"@type\":\"SearchAction\",\"target\":{\"@type\":\"EntryPoint\",\"urlTemplate\":\"https:\/\/www.fiorentini-iberia.com\/ca\/?s={search_term_string}\"},\"query-input\":{\"@type\":\"PropertyValueSpecification\",\"valueRequired\":true,\"valueName\":\"search_term_string\"}}],\"inLanguage\":\"ca\"},{\"@type\":\"Organization\",\"@id\":\"https:\/\/www.fiorentini-iberia.com\/ca\/#organization\",\"name\":\"Pietro Fiorentini Iberia\",\"url\":\"https:\/\/www.fiorentini-iberia.com\/ca\/\",\"logo\":{\"@type\":\"ImageObject\",\"inLanguage\":\"ca\",\"@id\":\"https:\/\/www.fiorentini-iberia.com\/ca\/#\/schema\/logo\/image\/\",\"url\":\"https:\/\/www.fiorentini-iberia.com\/wp-content\/uploads\/2020\/11\/logo.svg\",\"contentUrl\":\"https:\/\/www.fiorentini-iberia.com\/wp-content\/uploads\/2020\/11\/logo.svg\",\"width\":227,\"height\":59,\"caption\":\"Pietro Fiorentini Iberia\"},\"image\":{\"@id\":\"https:\/\/www.fiorentini-iberia.com\/ca\/#\/schema\/logo\/image\/\"},\"sameAs\":[\"https:\/\/x.com\/FiorentiniSpa\",\"https:\/\/www.linkedin.com\/company\/pietro-fiorentini-iberia\/\"]}]}<\/script>\n<!-- \/ Yoast SEO plugin. -->","yoast_head_json":{"title":"SSM-Aquo, digitalitzaci\u00f3 del cabal amb comptadors d'aigua ultras\u00f2nics - Pietro Fiorentini","description":"Els comptadors d'aigua mesuren el volum d'aigua utilitzada pels usuaris finals als quals subministra aigua un sistema p\u00fablic de prove\u00efment d'aigua.","robots":{"index":"index","follow":"follow","max-snippet":"max-snippet:-1","max-image-preview":"max-image-preview:large","max-video-preview":"max-video-preview:-1"},"canonical":"https:\/\/www.fiorentini-iberia.com\/ca\/experiencia\/aigua\/ssm-aquo-comptadors-daigua-ultrasonics-per-a-telemesura\/","og_locale":"ca_ES","og_type":"article","og_title":"SSM-Aquo, digitalitzaci\u00f3 del cabal amb comptadors d'aigua ultras\u00f2nics - Pietro Fiorentini","og_description":"Els comptadors d'aigua mesuren el volum d'aigua utilitzada pels usuaris finals als quals subministra aigua un sistema p\u00fablic de prove\u00efment d'aigua.","og_url":"https:\/\/www.fiorentini-iberia.com\/ca\/experiencia\/aigua\/ssm-aquo-comptadors-daigua-ultrasonics-per-a-telemesura\/","og_site_name":"Pietro Fiorentini","article_modified_time":"2026-02-17T11:57:34+00:00","og_image":[{"width":970,"height":1020,"url":"https:\/\/www.fiorentini-iberia.com\/wp-content\/uploads\/2023\/11\/Noticia-Smart-Water-meters-CAT.jpg","type":"image\/jpeg"}],"twitter_card":"summary_large_image","twitter_site":"@FiorentiniSpa","twitter_misc":{"Temps estimat de lectura":"3 minuts"},"schema":{"@context":"https:\/\/schema.org","@graph":[{"@type":"WebPage","@id":"https:\/\/www.fiorentini-iberia.com\/ca\/experiencia\/aigua\/ssm-aquo-comptadors-daigua-ultrasonics-per-a-telemesura\/","url":"https:\/\/www.fiorentini-iberia.com\/ca\/experiencia\/aigua\/ssm-aquo-comptadors-daigua-ultrasonics-per-a-telemesura\/","name":"SSM-Aquo, digitalitzaci\u00f3 del cabal amb comptadors d'aigua ultras\u00f2nics - Pietro Fiorentini","isPartOf":{"@id":"https:\/\/www.fiorentini-iberia.com\/ca\/#website"},"primaryImageOfPage":{"@id":"https:\/\/www.fiorentini-iberia.com\/ca\/experiencia\/aigua\/ssm-aquo-comptadors-daigua-ultrasonics-per-a-telemesura\/#primaryimage"},"image":{"@id":"https:\/\/www.fiorentini-iberia.com\/ca\/experiencia\/aigua\/ssm-aquo-comptadors-daigua-ultrasonics-per-a-telemesura\/#primaryimage"},"thumbnailUrl":"https:\/\/www.fiorentini-iberia.com\/wp-content\/uploads\/2023\/11\/Noticia-Smart-Water-meters-CAT.jpg","datePublished":"2024-02-21T12:38:56+00:00","dateModified":"2026-02-17T11:57:34+00:00","description":"Els comptadors d'aigua mesuren el volum d'aigua utilitzada pels usuaris finals als quals subministra aigua un sistema p\u00fablic de prove\u00efment d'aigua.","breadcrumb":{"@id":"https:\/\/www.fiorentini-iberia.com\/ca\/experiencia\/aigua\/ssm-aquo-comptadors-daigua-ultrasonics-per-a-telemesura\/#breadcrumb"},"inLanguage":"ca","potentialAction":[{"@type":"ReadAction","target":["https:\/\/www.fiorentini-iberia.com\/ca\/experiencia\/aigua\/ssm-aquo-comptadors-daigua-ultrasonics-per-a-telemesura\/"]}]},{"@type":"ImageObject","inLanguage":"ca","@id":"https:\/\/www.fiorentini-iberia.com\/ca\/experiencia\/aigua\/ssm-aquo-comptadors-daigua-ultrasonics-per-a-telemesura\/#primaryimage","url":"https:\/\/www.fiorentini-iberia.com\/wp-content\/uploads\/2023\/11\/Noticia-Smart-Water-meters-CAT.jpg","contentUrl":"https:\/\/www.fiorentini-iberia.com\/wp-content\/uploads\/2023\/11\/Noticia-Smart-Water-meters-CAT.jpg","width":970,"height":1020},{"@type":"BreadcrumbList","@id":"https:\/\/www.fiorentini-iberia.com\/ca\/experiencia\/aigua\/ssm-aquo-comptadors-daigua-ultrasonics-per-a-telemesura\/#breadcrumb","itemListElement":[{"@type":"ListItem","position":1,"name":"Home","item":"https:\/\/www.fiorentini-iberia.com\/ca\/"},{"@type":"ListItem","position":2,"name":"Experi\u00e8ncia","item":"https:\/\/www.fiorentini-iberia.com\/ca\/experiencia\/"},{"@type":"ListItem","position":3,"name":"Aigua","item":"https:\/\/www.fiorentini-iberia.com\/ca\/experiencia\/aigua\/"},{"@type":"ListItem","position":4,"name":"SSM-Aquo, digitalitzaci\u00f3 del cabal amb comptadors d&#8217;aigua ultras\u00f2nics"}]},{"@type":"WebSite","@id":"https:\/\/www.fiorentini-iberia.com\/ca\/#website","url":"https:\/\/www.fiorentini-iberia.com\/ca\/","name":"Pietro Fiorentini Iberia","description":"Pietro Fiorentini dise\u00f1a y fabrica componentes, sistemas y servicios para la regulaci\u00f3n, medici\u00f3n, gesti\u00f3n de redes de agua, energ\u00edas renovables, petr\u00f3leo y el gas natural, con sistemas adaptados 100% al hidr\u00f3geno.","publisher":{"@id":"https:\/\/www.fiorentini-iberia.com\/ca\/#organization"},"potentialAction":[{"@type":"SearchAction","target":{"@type":"EntryPoint","urlTemplate":"https:\/\/www.fiorentini-iberia.com\/ca\/?s={search_term_string}"},"query-input":{"@type":"PropertyValueSpecification","valueRequired":true,"valueName":"search_term_string"}}],"inLanguage":"ca"},{"@type":"Organization","@id":"https:\/\/www.fiorentini-iberia.com\/ca\/#organization","name":"Pietro Fiorentini Iberia","url":"https:\/\/www.fiorentini-iberia.com\/ca\/","logo":{"@type":"ImageObject","inLanguage":"ca","@id":"https:\/\/www.fiorentini-iberia.com\/ca\/#\/schema\/logo\/image\/","url":"https:\/\/www.fiorentini-iberia.com\/wp-content\/uploads\/2020\/11\/logo.svg","contentUrl":"https:\/\/www.fiorentini-iberia.com\/wp-content\/uploads\/2020\/11\/logo.svg","width":227,"height":59,"caption":"Pietro Fiorentini Iberia"},"image":{"@id":"https:\/\/www.fiorentini-iberia.com\/ca\/#\/schema\/logo\/image\/"},"sameAs":["https:\/\/x.com\/FiorentiniSpa","https:\/\/www.linkedin.com\/company\/pietro-fiorentini-iberia\/"]}]}},"_links":{"self":[{"href":"https:\/\/www.fiorentini-iberia.com\/ca\/wp-json\/wp\/v2\/pages\/50183","targetHints":{"allow":["GET"]}}],"collection":[{"href":"https:\/\/www.fiorentini-iberia.com\/ca\/wp-json\/wp\/v2\/pages"}],"about":[{"href":"https:\/\/www.fiorentini-iberia.com\/ca\/wp-json\/wp\/v2\/types\/page"}],"author":[{"embeddable":true,"href":"https:\/\/www.fiorentini-iberia.com\/ca\/wp-json\/wp\/v2\/users\/15"}],"replies":[{"embeddable":true,"href":"https:\/\/www.fiorentini-iberia.com\/ca\/wp-json\/wp\/v2\/comments?post=50183"}],"version-history":[{"count":3,"href":"https:\/\/www.fiorentini-iberia.com\/ca\/wp-json\/wp\/v2\/pages\/50183\/revisions"}],"predecessor-version":[{"id":63254,"href":"https:\/\/www.fiorentini-iberia.com\/ca\/wp-json\/wp\/v2\/pages\/50183\/revisions\/63254"}],"up":[{"embeddable":true,"href":"https:\/\/www.fiorentini-iberia.com\/ca\/wp-json\/wp\/v2\/pages\/50093"}],"wp:featuredmedia":[{"embeddable":true,"href":"https:\/\/www.fiorentini-iberia.com\/ca\/wp-json\/wp\/v2\/media\/50989"}],"wp:attachment":[{"href":"https:\/\/www.fiorentini-iberia.com\/ca\/wp-json\/wp\/v2\/media?parent=50183"}],"curies":[{"name":"wp","href":"https:\/\/api.w.org\/{rel}","templated":true}]}}