{"id":50206,"date":"2024-02-20T12:58:28","date_gmt":"2024-02-20T11:58:28","guid":{"rendered":"https:\/\/www.fiorentini-iberia.com\/experiencia\/biometa\/biogas-vs-biometano\/"},"modified":"2024-03-14T01:20:27","modified_gmt":"2024-03-14T00:20:27","slug":"biogas-vs-biometa","status":"publish","type":"page","link":"https:\/\/www.fiorentini-iberia.com\/ca\/experiencia\/biometa\/biogas-vs-biometa\/","title":{"rendered":"BIOG\u00c0S\u00a0VS\u00a0BIOMET\u00c0"},"content":{"rendered":"\n<p class=\"has-text-color has-link-color has-medium-font-size wp-elements-91c49f8708b3923f3e9591c147148f1a\" style=\"color:#199782\"><strong>DEL BIOG\u00c0S AL BIOMET\u00c0<br><\/strong>\u00a0<\/p>\n\n\n\n<figure class=\"wp-block-image size-full\"><img loading=\"lazy\" decoding=\"async\" width=\"1024\" height=\"575\" src=\"https:\/\/www.fiorentini-iberia.com\/wp-content\/uploads\/2024\/02\/RENEWABLES_biogas-1-1024x575-1.jpg\" alt=\"From biogas to biomethane\" class=\"wp-image-48819\" srcset=\"https:\/\/www.fiorentini-iberia.com\/wp-content\/uploads\/2024\/02\/RENEWABLES_biogas-1-1024x575-1.jpg 1024w, https:\/\/www.fiorentini-iberia.com\/wp-content\/uploads\/2024\/02\/RENEWABLES_biogas-1-1024x575-1-300x168.jpg 300w, https:\/\/www.fiorentini-iberia.com\/wp-content\/uploads\/2024\/02\/RENEWABLES_biogas-1-1024x575-1-768x431.jpg 768w\" sizes=\"auto, (max-width: 1024px) 100vw, 1024px\" \/><\/figure>\n\n\n\n<p>\u00a0<br>El <strong>biog\u00e0s<\/strong> est\u00e0 compost majorit\u00e0riament per <strong>met\u00e0<\/strong> (entre un 50-70%) i es produeix per la digesti\u00f3 de residus org\u00e0nics procedents de biomassa agr\u00edcola (cultius dedicats, subproductes, residus agr\u00edcoles i fem animal), biomassa agroindustrial (residus de la cadena de transformaci\u00f3 aliment\u00e0ria), residus de transformaci\u00f3 industrial, llots d&#8217;aig\u00fces residuals municipals i fraccions org\u00e0niques de residus s\u00f2lids urbans (OFMSW).<\/p>\n\n\n\n<p>El <strong>biomet\u00e0<\/strong> \u00e9s un biog\u00e0s que ha estat sotm\u00e8s a un proc\u00e9s de refinat per a obtenir una concentraci\u00f3 de met\u00e0 igual o superior al 97%, que pot utilitzar-se de la mateixa manera que el gas natural injectant-lo en la xarxa o com a biocombustible en forma gasosa o liquada per al seu transport.<\/p>\n\n\n\n<ol class=\"wp-block-list\">\n<li><strong><a href=\"#HOW\">Com fer biomet\u00e0<\/a><\/strong><\/li>\n\n\n\n<li><strong><a href=\"#WHAT\">Qu\u00e8 succeeix despr\u00e9s de la millora del biog\u00e0s<\/a><\/strong><\/li>\n<\/ol>\n\n\n\n<h2 class=\"wp-block-heading has-text-color has-link-color has-medium-font-size wp-elements-a7da70a2ba1161484baecf0b3542bb1b\" id=\"HOW\" style=\"color:#199782\">\u00a0<br>\u00a0<br>COM FER BIOMET\u00c0<\/h2>\n\n\n\n<p>La <strong>conversi\u00f3 del biog\u00e0s en biomet\u00e0<\/strong> es produeix a trav\u00e9s d&#8217;un <strong>proc\u00e9s de millora<\/strong>, que elimina el di\u00f2xid de carboni mitjan\u00e7ant un proc\u00e9s de separaci\u00f3 molecular de diverses etapes. Les diferents etapes del proc\u00e9s (pretractament, deshidrataci\u00f3, compressi\u00f3, etc.) s&#8217;optimitzen en funci\u00f3 de la tecnologia de millora triada i de la composici\u00f3 del biog\u00e0s que es tractar\u00e0.<\/p>\n\n\n\n<p>A m\u00e9s del di\u00f2xid de carboni, tamb\u00e9 s&#8217;eliminen altres gasos, com el sulfur d&#8217;hidrogen, l&#8217;amon\u00edac, els\u00a0siloxans, els compostos org\u00e0nics vol\u00e0tils (COV), els contaminants i altres subst\u00e0ncies inertes presents en el biog\u00e0s. \u00c9s fonamental eliminar aquestes subst\u00e0ncies perqu\u00e8, si romanen presents, poden donar lloc a diferents problemes: poden acabar alliberant-se a l&#8217;atmosfera o poden romandre en el biomet\u00e0 i alterar les seves especificacions de qualitat, a m\u00e9s d&#8217;afectar el correcte funcionament de la pr\u00f2pia planta. A m\u00e9s, la pres\u00e8ncia de\u00a0COV\u00a0t\u00e9 efectes negatius sobre la\u00a0odorabilidad\u00a0del biomet\u00e0.<\/p>\n\n\n\n<figure class=\"wp-block-embed is-type-video is-provider-youtube wp-block-embed-youtube wp-embed-aspect-16-9 wp-has-aspect-ratio\"><div class=\"wp-block-embed__wrapper\">\n<iframe loading=\"lazy\" title=\"From Biogas to Gas Grid\" width=\"500\" height=\"281\" src=\"https:\/\/www.youtube.com\/embed\/jj2-LFS3ZJ0?feature=oembed\" frameborder=\"0\" allow=\"accelerometer; autoplay; clipboard-write; encrypted-media; gyroscope; picture-in-picture; web-share\" referrerpolicy=\"strict-origin-when-cross-origin\" allowfullscreen><\/iframe>\n<\/div><\/figure>\n\n\n\n<p>&nbsp;<\/p>\n\n\n\n<h2 class=\"wp-block-heading has-text-color has-link-color has-medium-font-size wp-elements-251dee54f76f286476722f769e0bbfe1\" id=\"WHAT\" style=\"color:#199782\">QU\u00c8 SUCCEEIX DESPR\u00c9S DE LA MILLORA DEL BIOG\u00c0S<\/h2>\n\n\n\n<p><br>El biomet\u00e0 obtingut despr\u00e9s de la fase de &#8220;upgrading&#8221;\u00a0pot sotmetre&#8217;s a les diferents etapes de <strong>control de la qualitat, dosificaci\u00f3, compressi\u00f3, regulaci\u00f3 i possible\u00a0odoritzaci\u00f3<\/strong>. Aquestes etapes han de completar-se necess\u00e0riament abans d&#8217;una de les possibles etapes seg\u00fcents:<\/p>\n\n\n\n<ul class=\"wp-block-list\">\n<li>Etapa d&#8217;injecci\u00f3 en la xarxa -pot tractar-se d&#8217;una xarxa de transport o distribuci\u00f3- que ha d&#8217;executar-se de conformitat amb les especificacions establertes per la legislaci\u00f3 aplicable. Aquesta etapa requereix solucions espec\u00edfiques.<\/li>\n\n\n\n<li>Producci\u00f3 de biomet\u00e0 liquat (GNL), que requereix solucions espec\u00edfiques d&#8217;an\u00e0lisis de qualitat i mesurament fiscal.<\/li>\n<\/ul>\n\n\n\n<p>&nbsp;<\/p>\n\n\n\n<figure class=\"wp-block-image size-full\"><img loading=\"lazy\" decoding=\"async\" width=\"1024\" height=\"576\" src=\"https:\/\/www.fiorentini-iberia.com\/wp-content\/uploads\/2024\/03\/Expertise_Biometano_Map-EXPPAG-1-1024x576-CAT.jpg\" alt=\"\" class=\"wp-image-50208\" srcset=\"https:\/\/www.fiorentini-iberia.com\/wp-content\/uploads\/2024\/03\/Expertise_Biometano_Map-EXPPAG-1-1024x576-CAT.jpg 1024w, https:\/\/www.fiorentini-iberia.com\/wp-content\/uploads\/2024\/03\/Expertise_Biometano_Map-EXPPAG-1-1024x576-CAT-300x169.jpg 300w, https:\/\/www.fiorentini-iberia.com\/wp-content\/uploads\/2024\/03\/Expertise_Biometano_Map-EXPPAG-1-1024x576-CAT-768x432.jpg 768w\" sizes=\"auto, (max-width: 1024px) 100vw, 1024px\" \/><\/figure>\n","protected":false},"excerpt":{"rendered":"<p>El biog\u00e0s i el biomet\u00e0 s\u00f3n subst\u00e0ncies diferents: el biog\u00e0s \u00e9s un compost amb un contingut de met\u00e0 d&#8217;entre el 50% i el 70%, mentre que el biomet\u00e0 \u00e9s un biog\u00e0s que ha estat sotm\u00e8s a un proc\u00e9s de refinat per a aconseguir percentatges del 97% o m\u00e9s de met\u00e0, llest per a ser injectat en les xarxes de transport i distribuci\u00f3.<\/p>\n","protected":false},"author":15,"featured_media":0,"parent":50103,"menu_order":0,"comment_status":"closed","ping_status":"closed","template":"template-expertise-post.php","meta":{"_acf_changed":false,"inline_featured_image":false,"footnotes":""},"class_list":["post-50206","page","type-page","status-publish","hentry"],"acf":[],"yoast_head":"<!-- This site is optimized with the Yoast SEO plugin v27.2 - https:\/\/yoast.com\/product\/yoast-seo-wordpress\/ -->\n<title>BIOG\u00c0S\u00a0VS\u00a0BIOMET\u00c0 - Pietro Fiorentini<\/title>\n<meta name=\"description\" content=\"La conversi\u00f3 es produeix a trav\u00e9s d&#039;eliminaci\u00f3 el di\u00f2xid de carboni mitjan\u00e7ant un proc\u00e9s de separaci\u00f3 molecular de diverses etapes.\" \/>\n<meta name=\"robots\" content=\"index, follow, max-snippet:-1, max-image-preview:large, max-video-preview:-1\" \/>\n<link rel=\"canonical\" href=\"https:\/\/www.fiorentini-iberia.com\/ca\/experiencia\/biometa\/biogas-vs-biometa\/\" \/>\n<meta property=\"og:locale\" content=\"ca_ES\" \/>\n<meta property=\"og:type\" content=\"article\" \/>\n<meta property=\"og:title\" content=\"BIOG\u00c0S\u00a0VS\u00a0BIOMET\u00c0 - Pietro Fiorentini\" \/>\n<meta property=\"og:description\" content=\"La conversi\u00f3 es produeix a trav\u00e9s d&#039;eliminaci\u00f3 el di\u00f2xid de carboni mitjan\u00e7ant un proc\u00e9s de separaci\u00f3 molecular de diverses etapes.\" \/>\n<meta property=\"og:url\" content=\"https:\/\/www.fiorentini-iberia.com\/ca\/experiencia\/biometa\/biogas-vs-biometa\/\" \/>\n<meta property=\"og:site_name\" content=\"Pietro Fiorentini\" \/>\n<meta property=\"article:modified_time\" content=\"2024-03-14T00:20:27+00:00\" \/>\n<meta property=\"og:image\" content=\"https:\/\/www.fiorentini-iberia.com\/wp-content\/uploads\/2024\/02\/RENEWABLES_biogas-1-1024x575-1.jpg\" \/>\n<meta name=\"twitter:card\" content=\"summary_large_image\" \/>\n<meta name=\"twitter:site\" content=\"@FiorentiniSpa\" \/>\n<meta name=\"twitter:label1\" content=\"Temps estimat de lectura\" \/>\n\t<meta name=\"twitter:data1\" content=\"3 minuts\" \/>\n<script type=\"application\/ld+json\" class=\"yoast-schema-graph\">{\"@context\":\"https:\/\/schema.org\",\"@graph\":[{\"@type\":\"WebPage\",\"@id\":\"https:\/\/www.fiorentini-iberia.com\/ca\/experiencia\/biometa\/biogas-vs-biometa\/\",\"url\":\"https:\/\/www.fiorentini-iberia.com\/ca\/experiencia\/biometa\/biogas-vs-biometa\/\",\"name\":\"BIOG\u00c0S\u00a0VS\u00a0BIOMET\u00c0 - Pietro Fiorentini\",\"isPartOf\":{\"@id\":\"https:\/\/www.fiorentini-iberia.com\/ca\/#website\"},\"primaryImageOfPage\":{\"@id\":\"https:\/\/www.fiorentini-iberia.com\/ca\/experiencia\/biometa\/biogas-vs-biometa\/#primaryimage\"},\"image\":{\"@id\":\"https:\/\/www.fiorentini-iberia.com\/ca\/experiencia\/biometa\/biogas-vs-biometa\/#primaryimage\"},\"thumbnailUrl\":\"https:\/\/www.fiorentini-iberia.com\/wp-content\/uploads\/2024\/02\/RENEWABLES_biogas-1-1024x575-1.jpg\",\"datePublished\":\"2024-02-20T11:58:28+00:00\",\"dateModified\":\"2024-03-14T00:20:27+00:00\",\"description\":\"La conversi\u00f3 es produeix a trav\u00e9s d'eliminaci\u00f3 el di\u00f2xid de carboni mitjan\u00e7ant un proc\u00e9s de separaci\u00f3 molecular de diverses etapes.\",\"breadcrumb\":{\"@id\":\"https:\/\/www.fiorentini-iberia.com\/ca\/experiencia\/biometa\/biogas-vs-biometa\/#breadcrumb\"},\"inLanguage\":\"ca\",\"potentialAction\":[{\"@type\":\"ReadAction\",\"target\":[\"https:\/\/www.fiorentini-iberia.com\/ca\/experiencia\/biometa\/biogas-vs-biometa\/\"]}]},{\"@type\":\"ImageObject\",\"inLanguage\":\"ca\",\"@id\":\"https:\/\/www.fiorentini-iberia.com\/ca\/experiencia\/biometa\/biogas-vs-biometa\/#primaryimage\",\"url\":\"https:\/\/www.fiorentini-iberia.com\/wp-content\/uploads\/2024\/02\/RENEWABLES_biogas-1-1024x575-1.jpg\",\"contentUrl\":\"https:\/\/www.fiorentini-iberia.com\/wp-content\/uploads\/2024\/02\/RENEWABLES_biogas-1-1024x575-1.jpg\"},{\"@type\":\"BreadcrumbList\",\"@id\":\"https:\/\/www.fiorentini-iberia.com\/ca\/experiencia\/biometa\/biogas-vs-biometa\/#breadcrumb\",\"itemListElement\":[{\"@type\":\"ListItem\",\"position\":1,\"name\":\"Home\",\"item\":\"https:\/\/www.fiorentini-iberia.com\/ca\/\"},{\"@type\":\"ListItem\",\"position\":2,\"name\":\"Experi\u00e8ncia\",\"item\":\"https:\/\/www.fiorentini-iberia.com\/ca\/experiencia\/\"},{\"@type\":\"ListItem\",\"position\":3,\"name\":\"Biomet\u00e0\",\"item\":\"https:\/\/www.fiorentini-iberia.com\/ca\/experiencia\/biometa\/\"},{\"@type\":\"ListItem\",\"position\":4,\"name\":\"BIOG\u00c0S\u00a0VS\u00a0BIOMET\u00c0\"}]},{\"@type\":\"WebSite\",\"@id\":\"https:\/\/www.fiorentini-iberia.com\/ca\/#website\",\"url\":\"https:\/\/www.fiorentini-iberia.com\/ca\/\",\"name\":\"Pietro Fiorentini Iberia\",\"description\":\"Pietro Fiorentini dise\u00f1a y fabrica componentes, sistemas y servicios para la regulaci\u00f3n, medici\u00f3n, gesti\u00f3n de redes de agua, energ\u00edas renovables, petr\u00f3leo y el gas natural, con sistemas adaptados 100% al hidr\u00f3geno.\",\"publisher\":{\"@id\":\"https:\/\/www.fiorentini-iberia.com\/ca\/#organization\"},\"potentialAction\":[{\"@type\":\"SearchAction\",\"target\":{\"@type\":\"EntryPoint\",\"urlTemplate\":\"https:\/\/www.fiorentini-iberia.com\/ca\/?s={search_term_string}\"},\"query-input\":{\"@type\":\"PropertyValueSpecification\",\"valueRequired\":true,\"valueName\":\"search_term_string\"}}],\"inLanguage\":\"ca\"},{\"@type\":\"Organization\",\"@id\":\"https:\/\/www.fiorentini-iberia.com\/ca\/#organization\",\"name\":\"Pietro Fiorentini Iberia\",\"url\":\"https:\/\/www.fiorentini-iberia.com\/ca\/\",\"logo\":{\"@type\":\"ImageObject\",\"inLanguage\":\"ca\",\"@id\":\"https:\/\/www.fiorentini-iberia.com\/ca\/#\/schema\/logo\/image\/\",\"url\":\"https:\/\/www.fiorentini-iberia.com\/wp-content\/uploads\/2020\/11\/logo.svg\",\"contentUrl\":\"https:\/\/www.fiorentini-iberia.com\/wp-content\/uploads\/2020\/11\/logo.svg\",\"width\":227,\"height\":59,\"caption\":\"Pietro Fiorentini Iberia\"},\"image\":{\"@id\":\"https:\/\/www.fiorentini-iberia.com\/ca\/#\/schema\/logo\/image\/\"},\"sameAs\":[\"https:\/\/x.com\/FiorentiniSpa\",\"https:\/\/www.linkedin.com\/company\/pietro-fiorentini-iberia\/\"]}]}<\/script>\n<!-- \/ Yoast SEO plugin. -->","yoast_head_json":{"title":"BIOG\u00c0S\u00a0VS\u00a0BIOMET\u00c0 - Pietro Fiorentini","description":"La conversi\u00f3 es produeix a trav\u00e9s d'eliminaci\u00f3 el di\u00f2xid de carboni mitjan\u00e7ant un proc\u00e9s de separaci\u00f3 molecular de diverses etapes.","robots":{"index":"index","follow":"follow","max-snippet":"max-snippet:-1","max-image-preview":"max-image-preview:large","max-video-preview":"max-video-preview:-1"},"canonical":"https:\/\/www.fiorentini-iberia.com\/ca\/experiencia\/biometa\/biogas-vs-biometa\/","og_locale":"ca_ES","og_type":"article","og_title":"BIOG\u00c0S\u00a0VS\u00a0BIOMET\u00c0 - Pietro Fiorentini","og_description":"La conversi\u00f3 es produeix a trav\u00e9s d'eliminaci\u00f3 el di\u00f2xid de carboni mitjan\u00e7ant un proc\u00e9s de separaci\u00f3 molecular de diverses etapes.","og_url":"https:\/\/www.fiorentini-iberia.com\/ca\/experiencia\/biometa\/biogas-vs-biometa\/","og_site_name":"Pietro Fiorentini","article_modified_time":"2024-03-14T00:20:27+00:00","og_image":[{"url":"https:\/\/www.fiorentini-iberia.com\/wp-content\/uploads\/2024\/02\/RENEWABLES_biogas-1-1024x575-1.jpg","type":"","width":"","height":""}],"twitter_card":"summary_large_image","twitter_site":"@FiorentiniSpa","twitter_misc":{"Temps estimat de lectura":"3 minuts"},"schema":{"@context":"https:\/\/schema.org","@graph":[{"@type":"WebPage","@id":"https:\/\/www.fiorentini-iberia.com\/ca\/experiencia\/biometa\/biogas-vs-biometa\/","url":"https:\/\/www.fiorentini-iberia.com\/ca\/experiencia\/biometa\/biogas-vs-biometa\/","name":"BIOG\u00c0S\u00a0VS\u00a0BIOMET\u00c0 - Pietro Fiorentini","isPartOf":{"@id":"https:\/\/www.fiorentini-iberia.com\/ca\/#website"},"primaryImageOfPage":{"@id":"https:\/\/www.fiorentini-iberia.com\/ca\/experiencia\/biometa\/biogas-vs-biometa\/#primaryimage"},"image":{"@id":"https:\/\/www.fiorentini-iberia.com\/ca\/experiencia\/biometa\/biogas-vs-biometa\/#primaryimage"},"thumbnailUrl":"https:\/\/www.fiorentini-iberia.com\/wp-content\/uploads\/2024\/02\/RENEWABLES_biogas-1-1024x575-1.jpg","datePublished":"2024-02-20T11:58:28+00:00","dateModified":"2024-03-14T00:20:27+00:00","description":"La conversi\u00f3 es produeix a trav\u00e9s d'eliminaci\u00f3 el di\u00f2xid de carboni mitjan\u00e7ant un proc\u00e9s de separaci\u00f3 molecular de diverses etapes.","breadcrumb":{"@id":"https:\/\/www.fiorentini-iberia.com\/ca\/experiencia\/biometa\/biogas-vs-biometa\/#breadcrumb"},"inLanguage":"ca","potentialAction":[{"@type":"ReadAction","target":["https:\/\/www.fiorentini-iberia.com\/ca\/experiencia\/biometa\/biogas-vs-biometa\/"]}]},{"@type":"ImageObject","inLanguage":"ca","@id":"https:\/\/www.fiorentini-iberia.com\/ca\/experiencia\/biometa\/biogas-vs-biometa\/#primaryimage","url":"https:\/\/www.fiorentini-iberia.com\/wp-content\/uploads\/2024\/02\/RENEWABLES_biogas-1-1024x575-1.jpg","contentUrl":"https:\/\/www.fiorentini-iberia.com\/wp-content\/uploads\/2024\/02\/RENEWABLES_biogas-1-1024x575-1.jpg"},{"@type":"BreadcrumbList","@id":"https:\/\/www.fiorentini-iberia.com\/ca\/experiencia\/biometa\/biogas-vs-biometa\/#breadcrumb","itemListElement":[{"@type":"ListItem","position":1,"name":"Home","item":"https:\/\/www.fiorentini-iberia.com\/ca\/"},{"@type":"ListItem","position":2,"name":"Experi\u00e8ncia","item":"https:\/\/www.fiorentini-iberia.com\/ca\/experiencia\/"},{"@type":"ListItem","position":3,"name":"Biomet\u00e0","item":"https:\/\/www.fiorentini-iberia.com\/ca\/experiencia\/biometa\/"},{"@type":"ListItem","position":4,"name":"BIOG\u00c0S\u00a0VS\u00a0BIOMET\u00c0"}]},{"@type":"WebSite","@id":"https:\/\/www.fiorentini-iberia.com\/ca\/#website","url":"https:\/\/www.fiorentini-iberia.com\/ca\/","name":"Pietro Fiorentini Iberia","description":"Pietro Fiorentini dise\u00f1a y fabrica componentes, sistemas y servicios para la regulaci\u00f3n, medici\u00f3n, gesti\u00f3n de redes de agua, energ\u00edas renovables, petr\u00f3leo y el gas natural, con sistemas adaptados 100% al hidr\u00f3geno.","publisher":{"@id":"https:\/\/www.fiorentini-iberia.com\/ca\/#organization"},"potentialAction":[{"@type":"SearchAction","target":{"@type":"EntryPoint","urlTemplate":"https:\/\/www.fiorentini-iberia.com\/ca\/?s={search_term_string}"},"query-input":{"@type":"PropertyValueSpecification","valueRequired":true,"valueName":"search_term_string"}}],"inLanguage":"ca"},{"@type":"Organization","@id":"https:\/\/www.fiorentini-iberia.com\/ca\/#organization","name":"Pietro Fiorentini Iberia","url":"https:\/\/www.fiorentini-iberia.com\/ca\/","logo":{"@type":"ImageObject","inLanguage":"ca","@id":"https:\/\/www.fiorentini-iberia.com\/ca\/#\/schema\/logo\/image\/","url":"https:\/\/www.fiorentini-iberia.com\/wp-content\/uploads\/2020\/11\/logo.svg","contentUrl":"https:\/\/www.fiorentini-iberia.com\/wp-content\/uploads\/2020\/11\/logo.svg","width":227,"height":59,"caption":"Pietro Fiorentini Iberia"},"image":{"@id":"https:\/\/www.fiorentini-iberia.com\/ca\/#\/schema\/logo\/image\/"},"sameAs":["https:\/\/x.com\/FiorentiniSpa","https:\/\/www.linkedin.com\/company\/pietro-fiorentini-iberia\/"]}]}},"_links":{"self":[{"href":"https:\/\/www.fiorentini-iberia.com\/ca\/wp-json\/wp\/v2\/pages\/50206","targetHints":{"allow":["GET"]}}],"collection":[{"href":"https:\/\/www.fiorentini-iberia.com\/ca\/wp-json\/wp\/v2\/pages"}],"about":[{"href":"https:\/\/www.fiorentini-iberia.com\/ca\/wp-json\/wp\/v2\/types\/page"}],"author":[{"embeddable":true,"href":"https:\/\/www.fiorentini-iberia.com\/ca\/wp-json\/wp\/v2\/users\/15"}],"replies":[{"embeddable":true,"href":"https:\/\/www.fiorentini-iberia.com\/ca\/wp-json\/wp\/v2\/comments?post=50206"}],"version-history":[{"count":2,"href":"https:\/\/www.fiorentini-iberia.com\/ca\/wp-json\/wp\/v2\/pages\/50206\/revisions"}],"predecessor-version":[{"id":50213,"href":"https:\/\/www.fiorentini-iberia.com\/ca\/wp-json\/wp\/v2\/pages\/50206\/revisions\/50213"}],"up":[{"embeddable":true,"href":"https:\/\/www.fiorentini-iberia.com\/ca\/wp-json\/wp\/v2\/pages\/50103"}],"wp:attachment":[{"href":"https:\/\/www.fiorentini-iberia.com\/ca\/wp-json\/wp\/v2\/media?parent=50206"}],"curies":[{"name":"wp","href":"https:\/\/api.w.org\/{rel}","templated":true}]}}