{"id":50214,"date":"2024-02-20T14:40:34","date_gmt":"2024-02-20T13:40:34","guid":{"rendered":"https:\/\/www.fiorentini-iberia.com\/experiencia\/biometa\/biometano-las-ventajas-de-este-gas\/"},"modified":"2024-03-14T01:39:23","modified_gmt":"2024-03-14T00:39:23","slug":"biometa-els-avantatges-daquest-gas","status":"publish","type":"page","link":"https:\/\/www.fiorentini-iberia.com\/ca\/experiencia\/biometa\/biometa-els-avantatges-daquest-gas\/","title":{"rendered":"Biomet\u00e0: els avantatges d&#8217;aquest gas"},"content":{"rendered":"\n<p class=\"has-text-color has-link-color has-medium-font-size wp-elements-c5c5abfe4a83b3c8a6d5873e7cb0d669\" style=\"color:#199782\"><strong>UN GAS, MOLTS AVANTATGES PER A LES COMUNITATS<\/strong><\/p>\n\n\n\n<figure class=\"wp-block-image size-full\"><img loading=\"lazy\" decoding=\"async\" width=\"1024\" height=\"723\" src=\"https:\/\/www.fiorentini-iberia.com\/wp-content\/uploads\/2024\/02\/RENEWABLES_green_world-1-1024x723-1.jpg\" alt=\"RENEWABLES_green_world-1-1024x723\" class=\"wp-image-48864\" srcset=\"https:\/\/www.fiorentini-iberia.com\/wp-content\/uploads\/2024\/02\/RENEWABLES_green_world-1-1024x723-1.jpg 1024w, https:\/\/www.fiorentini-iberia.com\/wp-content\/uploads\/2024\/02\/RENEWABLES_green_world-1-1024x723-1-300x212.jpg 300w, https:\/\/www.fiorentini-iberia.com\/wp-content\/uploads\/2024\/02\/RENEWABLES_green_world-1-1024x723-1-768x542.jpg 768w\" sizes=\"auto, (max-width: 1024px) 100vw, 1024px\" \/><\/figure>\n\n\n\n<p><br>Com a part d&#8217;una senda d&#8217;efici\u00e8ncia energ\u00e8tica i zero emissions, el gas natural es complementar\u00e0 cada vegada m\u00e9s amb la <strong>producci\u00f3 de biog\u00e0s i biomet\u00e0<\/strong>, que es considera un dels recursos que m\u00e9s contribuiran a reduir l&#8217;estat actual de contaminaci\u00f3 atmosf\u00e8rica.<\/p>\n\n\n\n<p>La creixent producci\u00f3 i posterior \u00fas del biomet\u00e0 portar\u00e0 com a <strong>avantatges una acceleraci\u00f3 en els processos cap a la neutralitat del carboni i l&#8217;economia circular<\/strong>.<\/p>\n\n\n\n<ol class=\"wp-block-list\">\n<li><a href=\"#Sustainability\"><strong>Sostenibilitat i economia circular: qu\u00e8 s\u00f3n<\/strong><\/a><\/li>\n\n\n\n<li><strong><a href=\"#why\">Per qu\u00e8 el biomet\u00e0 \u00e9s un gas sostenible<\/a><br><\/strong>\u00a0<\/li>\n<\/ol>\n\n\n\n<h3 class=\"wp-block-heading has-text-color has-link-color wp-elements-a857b3790c626f06c4c99d3eac89626d\" id=\"Sustainability\" style=\"color:#199782;text-transform:uppercase\"><strong><br>Sostenibilitat i economia circular: qu\u00e8 s\u00f3n<\/strong><\/h3>\n\n\n\n<p><br>Sota el paraigua de la &#8220;sostenibilitat&#8221; trobem diferents \u00e0mbits en els quals aquesta pot declinar-se. En general, podem definir la <strong>sostenibilitat<\/strong> com la <strong>condici\u00f3 de desenvolupament que satisf\u00e0 les necessitats de la generaci\u00f3 actual sense comprometre la capacitat de les generacions posteriors per a satisfer les seves pr\u00f2pies necessitats<\/strong>. Hi ha tres \u00e0rees principals de sostenibilitat que, quan es creuen, poden permetre la realitzaci\u00f3 d&#8217;un <strong>desenvolupament sostenible ple<\/strong>: la sostenibilitat econ\u00f2mica, la sostenibilitat mediambiental i la sostenibilitat social.<\/p>\n\n\n\n<p>L&#8217;<strong>economia circular<\/strong> est\u00e0 estrictament relacionada amb la sostenibilitat: de fet, \u00e9s un model de producci\u00f3 i consum en el qual es posa l&#8217;accent a <strong>compartir, reutilitzar, reparar, recondicionar i reciclar els materials<\/strong>. El que en l&#8217;economia &#8220;tradicional&#8221; es considera un residu, aqu\u00ed es recupera i es reutilitza, reduint aix\u00ed els residus i valorant les especificitats i el potencial del territori.<\/p>\n\n\n\n<figure class=\"wp-block-image size-full\"><img loading=\"lazy\" decoding=\"async\" width=\"1024\" height=\"790\" src=\"https:\/\/www.fiorentini-iberia.com\/wp-content\/uploads\/2024\/02\/RENEWABLES_cycle-1-1024x790-1.jpg\" alt=\"\" class=\"wp-image-48868\" srcset=\"https:\/\/www.fiorentini-iberia.com\/wp-content\/uploads\/2024\/02\/RENEWABLES_cycle-1-1024x790-1.jpg 1024w, https:\/\/www.fiorentini-iberia.com\/wp-content\/uploads\/2024\/02\/RENEWABLES_cycle-1-1024x790-1-300x231.jpg 300w, https:\/\/www.fiorentini-iberia.com\/wp-content\/uploads\/2024\/02\/RENEWABLES_cycle-1-1024x790-1-768x593.jpg 768w\" sizes=\"auto, (max-width: 1024px) 100vw, 1024px\" \/><\/figure>\n\n\n\n<h3 class=\"wp-block-heading has-text-color has-link-color wp-elements-f11a8eb4728bcbbebe9ca67194696a7a\" id=\"why\" style=\"color:#199782;text-transform:uppercase\">\u00a0<br>Per qu\u00e8 el biomet\u00e0 \u00e9s un gas sostenible<br>\u00a0<\/h3>\n\n\n\n<p><strong>El biomet\u00e0 \u00e9s un gas sostenible<\/strong> produ\u00eft a partir de la digesti\u00f3 de biomassa de mat\u00e8ria org\u00e0nica, principalment subproductes i residus de la transformaci\u00f3 agr\u00edcola o industrial. L&#8217;\u00fas de mat\u00e8ries primeres considerades residus, que degudament processades donen lloc a <strong>biomet\u00e0<\/strong>, \u00e9s un <strong>exemple virtu\u00f3s de negoci\u00a0ecosostenible\u00a0i circular<\/strong>.<\/p>\n\n\n\n<p>En diversos casos, com quan la mat\u00e8ria primera utilitzada \u00e9s un residu agr\u00edcola, el processament per a obtenir biomet\u00e0 tamb\u00e9 produeix un subproducte diferent anomenat\u00a0<strong>digestat<\/strong>. Aquesta subst\u00e0ncia \u00e9s coprodu\u00efda per la digesti\u00f3 anaer\u00f2bia i no dep\u00e8n de la biomassa utilitzada: per exemple, la digesti\u00f3 de residus tamb\u00e9 produeix\u00a0digestat. Aquest subproducte pot utilitzar-se com a <strong>abonament agr\u00edcola<\/strong>, evitant l&#8217;\u00fas de productes qu\u00edmics i amb vista a la circularitat completa del cicle de transformaci\u00f3 de les mat\u00e8ries primeres.<br>\u00a0<\/p>\n\n\n\n<figure class=\"wp-block-image size-full\"><img loading=\"lazy\" decoding=\"async\" width=\"1024\" height=\"683\" src=\"https:\/\/www.fiorentini-iberia.com\/wp-content\/uploads\/2024\/02\/biomethane-plant-1-1024x683-1.jpg\" alt=\"\" class=\"wp-image-48872\" srcset=\"https:\/\/www.fiorentini-iberia.com\/wp-content\/uploads\/2024\/02\/biomethane-plant-1-1024x683-1.jpg 1024w, https:\/\/www.fiorentini-iberia.com\/wp-content\/uploads\/2024\/02\/biomethane-plant-1-1024x683-1-300x200.jpg 300w, https:\/\/www.fiorentini-iberia.com\/wp-content\/uploads\/2024\/02\/biomethane-plant-1-1024x683-1-768x512.jpg 768w\" sizes=\"auto, (max-width: 1024px) 100vw, 1024px\" \/><\/figure>\n","protected":false},"excerpt":{"rendered":"<p>El biomet\u00e0 \u00e9s un valu\u00f3s aliat en el proc\u00e9s de transici\u00f3 energ\u00e8tica: es tracta d&#8217;un gas sostenible produ\u00eft a partir de la digesti\u00f3 de biomassa, una mat\u00e8ria primera considerada com a residu que inicia un cercle virtu\u00f3s en el qual el subproducte final tamb\u00e9 troba un nou \u00fas.<\/p>\n","protected":false},"author":15,"featured_media":0,"parent":50103,"menu_order":0,"comment_status":"closed","ping_status":"closed","template":"template-expertise-post.php","meta":{"_acf_changed":false,"inline_featured_image":false,"footnotes":""},"class_list":["post-50214","page","type-page","status-publish","hentry"],"acf":[],"yoast_head":"<!-- This site is optimized with the Yoast SEO plugin v27.2 - https:\/\/yoast.com\/product\/yoast-seo-wordpress\/ -->\n<title>Biomet\u00e0: els avantatges d&#039;aquest gas - Pietro Fiorentini<\/title>\n<meta name=\"description\" content=\"El biomet\u00e0 es considera un dels recursos que m\u00e9s contribuiran a reduir l&#039;estat actual de contaminaci\u00f3 atmosf\u00e8rica.\" \/>\n<meta name=\"robots\" content=\"index, follow, max-snippet:-1, max-image-preview:large, max-video-preview:-1\" \/>\n<link rel=\"canonical\" href=\"https:\/\/www.fiorentini-iberia.com\/ca\/experiencia\/biometa\/biometa-els-avantatges-daquest-gas\/\" \/>\n<meta property=\"og:locale\" content=\"ca_ES\" \/>\n<meta property=\"og:type\" content=\"article\" \/>\n<meta property=\"og:title\" content=\"Biomet\u00e0: els avantatges d&#039;aquest gas - Pietro Fiorentini\" \/>\n<meta property=\"og:description\" content=\"El biomet\u00e0 es considera un dels recursos que m\u00e9s contribuiran a reduir l&#039;estat actual de contaminaci\u00f3 atmosf\u00e8rica.\" \/>\n<meta property=\"og:url\" content=\"https:\/\/www.fiorentini-iberia.com\/ca\/experiencia\/biometa\/biometa-els-avantatges-daquest-gas\/\" \/>\n<meta property=\"og:site_name\" content=\"Pietro Fiorentini\" \/>\n<meta property=\"article:modified_time\" content=\"2024-03-14T00:39:23+00:00\" \/>\n<meta property=\"og:image\" content=\"https:\/\/www.fiorentini-iberia.com\/wp-content\/uploads\/2024\/02\/RENEWABLES_green_world-1-1024x723-1.jpg\" \/>\n<meta name=\"twitter:card\" content=\"summary_large_image\" \/>\n<meta name=\"twitter:site\" content=\"@FiorentiniSpa\" \/>\n<meta name=\"twitter:label1\" content=\"Temps estimat de lectura\" \/>\n\t<meta name=\"twitter:data1\" content=\"3 minuts\" \/>\n<script type=\"application\/ld+json\" class=\"yoast-schema-graph\">{\"@context\":\"https:\/\/schema.org\",\"@graph\":[{\"@type\":\"WebPage\",\"@id\":\"https:\/\/www.fiorentini-iberia.com\/ca\/experiencia\/biometa\/biometa-els-avantatges-daquest-gas\/\",\"url\":\"https:\/\/www.fiorentini-iberia.com\/ca\/experiencia\/biometa\/biometa-els-avantatges-daquest-gas\/\",\"name\":\"Biomet\u00e0: els avantatges d'aquest gas - Pietro Fiorentini\",\"isPartOf\":{\"@id\":\"https:\/\/www.fiorentini-iberia.com\/ca\/#website\"},\"primaryImageOfPage\":{\"@id\":\"https:\/\/www.fiorentini-iberia.com\/ca\/experiencia\/biometa\/biometa-els-avantatges-daquest-gas\/#primaryimage\"},\"image\":{\"@id\":\"https:\/\/www.fiorentini-iberia.com\/ca\/experiencia\/biometa\/biometa-els-avantatges-daquest-gas\/#primaryimage\"},\"thumbnailUrl\":\"https:\/\/www.fiorentini-iberia.com\/wp-content\/uploads\/2024\/02\/RENEWABLES_green_world-1-1024x723-1.jpg\",\"datePublished\":\"2024-02-20T13:40:34+00:00\",\"dateModified\":\"2024-03-14T00:39:23+00:00\",\"description\":\"El biomet\u00e0 es considera un dels recursos que m\u00e9s contribuiran a reduir l'estat actual de contaminaci\u00f3 atmosf\u00e8rica.\",\"breadcrumb\":{\"@id\":\"https:\/\/www.fiorentini-iberia.com\/ca\/experiencia\/biometa\/biometa-els-avantatges-daquest-gas\/#breadcrumb\"},\"inLanguage\":\"ca\",\"potentialAction\":[{\"@type\":\"ReadAction\",\"target\":[\"https:\/\/www.fiorentini-iberia.com\/ca\/experiencia\/biometa\/biometa-els-avantatges-daquest-gas\/\"]}]},{\"@type\":\"ImageObject\",\"inLanguage\":\"ca\",\"@id\":\"https:\/\/www.fiorentini-iberia.com\/ca\/experiencia\/biometa\/biometa-els-avantatges-daquest-gas\/#primaryimage\",\"url\":\"https:\/\/www.fiorentini-iberia.com\/wp-content\/uploads\/2024\/02\/RENEWABLES_green_world-1-1024x723-1.jpg\",\"contentUrl\":\"https:\/\/www.fiorentini-iberia.com\/wp-content\/uploads\/2024\/02\/RENEWABLES_green_world-1-1024x723-1.jpg\"},{\"@type\":\"BreadcrumbList\",\"@id\":\"https:\/\/www.fiorentini-iberia.com\/ca\/experiencia\/biometa\/biometa-els-avantatges-daquest-gas\/#breadcrumb\",\"itemListElement\":[{\"@type\":\"ListItem\",\"position\":1,\"name\":\"Home\",\"item\":\"https:\/\/www.fiorentini-iberia.com\/ca\/\"},{\"@type\":\"ListItem\",\"position\":2,\"name\":\"Experi\u00e8ncia\",\"item\":\"https:\/\/www.fiorentini-iberia.com\/ca\/experiencia\/\"},{\"@type\":\"ListItem\",\"position\":3,\"name\":\"Biomet\u00e0\",\"item\":\"https:\/\/www.fiorentini-iberia.com\/ca\/experiencia\/biometa\/\"},{\"@type\":\"ListItem\",\"position\":4,\"name\":\"Biomet\u00e0: els avantatges d&#8217;aquest gas\"}]},{\"@type\":\"WebSite\",\"@id\":\"https:\/\/www.fiorentini-iberia.com\/ca\/#website\",\"url\":\"https:\/\/www.fiorentini-iberia.com\/ca\/\",\"name\":\"Pietro Fiorentini Iberia\",\"description\":\"Pietro Fiorentini dise\u00f1a y fabrica componentes, sistemas y servicios para la regulaci\u00f3n, medici\u00f3n, gesti\u00f3n de redes de agua, energ\u00edas renovables, petr\u00f3leo y el gas natural, con sistemas adaptados 100% al hidr\u00f3geno.\",\"publisher\":{\"@id\":\"https:\/\/www.fiorentini-iberia.com\/ca\/#organization\"},\"potentialAction\":[{\"@type\":\"SearchAction\",\"target\":{\"@type\":\"EntryPoint\",\"urlTemplate\":\"https:\/\/www.fiorentini-iberia.com\/ca\/?s={search_term_string}\"},\"query-input\":{\"@type\":\"PropertyValueSpecification\",\"valueRequired\":true,\"valueName\":\"search_term_string\"}}],\"inLanguage\":\"ca\"},{\"@type\":\"Organization\",\"@id\":\"https:\/\/www.fiorentini-iberia.com\/ca\/#organization\",\"name\":\"Pietro Fiorentini Iberia\",\"url\":\"https:\/\/www.fiorentini-iberia.com\/ca\/\",\"logo\":{\"@type\":\"ImageObject\",\"inLanguage\":\"ca\",\"@id\":\"https:\/\/www.fiorentini-iberia.com\/ca\/#\/schema\/logo\/image\/\",\"url\":\"https:\/\/www.fiorentini-iberia.com\/wp-content\/uploads\/2020\/11\/logo.svg\",\"contentUrl\":\"https:\/\/www.fiorentini-iberia.com\/wp-content\/uploads\/2020\/11\/logo.svg\",\"width\":227,\"height\":59,\"caption\":\"Pietro Fiorentini Iberia\"},\"image\":{\"@id\":\"https:\/\/www.fiorentini-iberia.com\/ca\/#\/schema\/logo\/image\/\"},\"sameAs\":[\"https:\/\/x.com\/FiorentiniSpa\",\"https:\/\/www.linkedin.com\/company\/pietro-fiorentini-iberia\/\"]}]}<\/script>\n<!-- \/ Yoast SEO plugin. -->","yoast_head_json":{"title":"Biomet\u00e0: els avantatges d'aquest gas - Pietro Fiorentini","description":"El biomet\u00e0 es considera un dels recursos que m\u00e9s contribuiran a reduir l'estat actual de contaminaci\u00f3 atmosf\u00e8rica.","robots":{"index":"index","follow":"follow","max-snippet":"max-snippet:-1","max-image-preview":"max-image-preview:large","max-video-preview":"max-video-preview:-1"},"canonical":"https:\/\/www.fiorentini-iberia.com\/ca\/experiencia\/biometa\/biometa-els-avantatges-daquest-gas\/","og_locale":"ca_ES","og_type":"article","og_title":"Biomet\u00e0: els avantatges d'aquest gas - Pietro Fiorentini","og_description":"El biomet\u00e0 es considera un dels recursos que m\u00e9s contribuiran a reduir l'estat actual de contaminaci\u00f3 atmosf\u00e8rica.","og_url":"https:\/\/www.fiorentini-iberia.com\/ca\/experiencia\/biometa\/biometa-els-avantatges-daquest-gas\/","og_site_name":"Pietro Fiorentini","article_modified_time":"2024-03-14T00:39:23+00:00","og_image":[{"url":"https:\/\/www.fiorentini-iberia.com\/wp-content\/uploads\/2024\/02\/RENEWABLES_green_world-1-1024x723-1.jpg","type":"","width":"","height":""}],"twitter_card":"summary_large_image","twitter_site":"@FiorentiniSpa","twitter_misc":{"Temps estimat de lectura":"3 minuts"},"schema":{"@context":"https:\/\/schema.org","@graph":[{"@type":"WebPage","@id":"https:\/\/www.fiorentini-iberia.com\/ca\/experiencia\/biometa\/biometa-els-avantatges-daquest-gas\/","url":"https:\/\/www.fiorentini-iberia.com\/ca\/experiencia\/biometa\/biometa-els-avantatges-daquest-gas\/","name":"Biomet\u00e0: els avantatges d'aquest gas - Pietro Fiorentini","isPartOf":{"@id":"https:\/\/www.fiorentini-iberia.com\/ca\/#website"},"primaryImageOfPage":{"@id":"https:\/\/www.fiorentini-iberia.com\/ca\/experiencia\/biometa\/biometa-els-avantatges-daquest-gas\/#primaryimage"},"image":{"@id":"https:\/\/www.fiorentini-iberia.com\/ca\/experiencia\/biometa\/biometa-els-avantatges-daquest-gas\/#primaryimage"},"thumbnailUrl":"https:\/\/www.fiorentini-iberia.com\/wp-content\/uploads\/2024\/02\/RENEWABLES_green_world-1-1024x723-1.jpg","datePublished":"2024-02-20T13:40:34+00:00","dateModified":"2024-03-14T00:39:23+00:00","description":"El biomet\u00e0 es considera un dels recursos que m\u00e9s contribuiran a reduir l'estat actual de contaminaci\u00f3 atmosf\u00e8rica.","breadcrumb":{"@id":"https:\/\/www.fiorentini-iberia.com\/ca\/experiencia\/biometa\/biometa-els-avantatges-daquest-gas\/#breadcrumb"},"inLanguage":"ca","potentialAction":[{"@type":"ReadAction","target":["https:\/\/www.fiorentini-iberia.com\/ca\/experiencia\/biometa\/biometa-els-avantatges-daquest-gas\/"]}]},{"@type":"ImageObject","inLanguage":"ca","@id":"https:\/\/www.fiorentini-iberia.com\/ca\/experiencia\/biometa\/biometa-els-avantatges-daquest-gas\/#primaryimage","url":"https:\/\/www.fiorentini-iberia.com\/wp-content\/uploads\/2024\/02\/RENEWABLES_green_world-1-1024x723-1.jpg","contentUrl":"https:\/\/www.fiorentini-iberia.com\/wp-content\/uploads\/2024\/02\/RENEWABLES_green_world-1-1024x723-1.jpg"},{"@type":"BreadcrumbList","@id":"https:\/\/www.fiorentini-iberia.com\/ca\/experiencia\/biometa\/biometa-els-avantatges-daquest-gas\/#breadcrumb","itemListElement":[{"@type":"ListItem","position":1,"name":"Home","item":"https:\/\/www.fiorentini-iberia.com\/ca\/"},{"@type":"ListItem","position":2,"name":"Experi\u00e8ncia","item":"https:\/\/www.fiorentini-iberia.com\/ca\/experiencia\/"},{"@type":"ListItem","position":3,"name":"Biomet\u00e0","item":"https:\/\/www.fiorentini-iberia.com\/ca\/experiencia\/biometa\/"},{"@type":"ListItem","position":4,"name":"Biomet\u00e0: els avantatges d&#8217;aquest gas"}]},{"@type":"WebSite","@id":"https:\/\/www.fiorentini-iberia.com\/ca\/#website","url":"https:\/\/www.fiorentini-iberia.com\/ca\/","name":"Pietro Fiorentini Iberia","description":"Pietro Fiorentini dise\u00f1a y fabrica componentes, sistemas y servicios para la regulaci\u00f3n, medici\u00f3n, gesti\u00f3n de redes de agua, energ\u00edas renovables, petr\u00f3leo y el gas natural, con sistemas adaptados 100% al hidr\u00f3geno.","publisher":{"@id":"https:\/\/www.fiorentini-iberia.com\/ca\/#organization"},"potentialAction":[{"@type":"SearchAction","target":{"@type":"EntryPoint","urlTemplate":"https:\/\/www.fiorentini-iberia.com\/ca\/?s={search_term_string}"},"query-input":{"@type":"PropertyValueSpecification","valueRequired":true,"valueName":"search_term_string"}}],"inLanguage":"ca"},{"@type":"Organization","@id":"https:\/\/www.fiorentini-iberia.com\/ca\/#organization","name":"Pietro Fiorentini Iberia","url":"https:\/\/www.fiorentini-iberia.com\/ca\/","logo":{"@type":"ImageObject","inLanguage":"ca","@id":"https:\/\/www.fiorentini-iberia.com\/ca\/#\/schema\/logo\/image\/","url":"https:\/\/www.fiorentini-iberia.com\/wp-content\/uploads\/2020\/11\/logo.svg","contentUrl":"https:\/\/www.fiorentini-iberia.com\/wp-content\/uploads\/2020\/11\/logo.svg","width":227,"height":59,"caption":"Pietro Fiorentini Iberia"},"image":{"@id":"https:\/\/www.fiorentini-iberia.com\/ca\/#\/schema\/logo\/image\/"},"sameAs":["https:\/\/x.com\/FiorentiniSpa","https:\/\/www.linkedin.com\/company\/pietro-fiorentini-iberia\/"]}]}},"_links":{"self":[{"href":"https:\/\/www.fiorentini-iberia.com\/ca\/wp-json\/wp\/v2\/pages\/50214","targetHints":{"allow":["GET"]}}],"collection":[{"href":"https:\/\/www.fiorentini-iberia.com\/ca\/wp-json\/wp\/v2\/pages"}],"about":[{"href":"https:\/\/www.fiorentini-iberia.com\/ca\/wp-json\/wp\/v2\/types\/page"}],"author":[{"embeddable":true,"href":"https:\/\/www.fiorentini-iberia.com\/ca\/wp-json\/wp\/v2\/users\/15"}],"replies":[{"embeddable":true,"href":"https:\/\/www.fiorentini-iberia.com\/ca\/wp-json\/wp\/v2\/comments?post=50214"}],"version-history":[{"count":3,"href":"https:\/\/www.fiorentini-iberia.com\/ca\/wp-json\/wp\/v2\/pages\/50214\/revisions"}],"predecessor-version":[{"id":50221,"href":"https:\/\/www.fiorentini-iberia.com\/ca\/wp-json\/wp\/v2\/pages\/50214\/revisions\/50221"}],"up":[{"embeddable":true,"href":"https:\/\/www.fiorentini-iberia.com\/ca\/wp-json\/wp\/v2\/pages\/50103"}],"wp:attachment":[{"href":"https:\/\/www.fiorentini-iberia.com\/ca\/wp-json\/wp\/v2\/media?parent=50214"}],"curies":[{"name":"wp","href":"https:\/\/api.w.org\/{rel}","templated":true}]}}