{"id":50222,"date":"2024-01-30T15:45:28","date_gmt":"2024-01-30T14:45:28","guid":{"rendered":"https:\/\/www.fiorentini-iberia.com\/experiencia\/biometa\/planta-de-enriquecimiento-de-biogas-e-inyeccion-en-la-red-de-biometano\/"},"modified":"2024-03-14T02:21:11","modified_gmt":"2024-03-14T01:21:11","slug":"planta-denriquiment-de-biogas-i-injeccio-en-la-xarxa-de-biometa","status":"publish","type":"page","link":"https:\/\/www.fiorentini-iberia.com\/ca\/experiencia\/biometa\/planta-denriquiment-de-biogas-i-injeccio-en-la-xarxa-de-biometa\/","title":{"rendered":"Planta d&#8217;enriquiment de biog\u00e0s i injecci\u00f3 a la xarxa de biomet\u00e0"},"content":{"rendered":"\n<p>En 2022, es va dissenyar, va construir i va instal\u00b7lar la <strong>planta de millora i injecci\u00f3 de\u00a0Cella\u00a0Dati<\/strong>\u00a0(Cremona)\u00a0per al Grup EGEA i\u00a0Santini\u00a0Agricoltura\u00a0Rinnovabile. En funcionament des de mar\u00e7, <strong>el sistema injecta a la xarxa de distribuci\u00f3 biomet\u00e0<\/strong> produ\u00eft a partir de fem de bestiar i biomassa vegetal conreada en la zona adjacent.<\/p>\n\n\n\n<p><strong>El volum produ\u00eft supera els 4 milions de metres c\u00fabics a l&#8217;any<\/strong>, l&#8217;equivalent a les necessitats anuals de gaireb\u00e9 4.000 autom\u00f2bils. A m\u00e9s de biocombustible, la planta permet obtenir\u00a0digestat\u00a0a partir dels residus de fermentaci\u00f3, un important fertilitzant que pot utilitzar-se en lloc d&#8217;abonaments sint\u00e8tics.<\/p>\n\n\n\n<div style=\"height:34px\" aria-hidden=\"true\" class=\"wp-block-spacer\"><\/div>\n\n\n\n<figure class=\"wp-block-image size-large\"><img loading=\"lazy\" decoding=\"async\" width=\"1024\" height=\"577\" src=\"https:\/\/www.fiorentini-iberia.com\/wp-content\/uploads\/2024\/03\/Fiorentini_celladati_aerial-CAT-1024x577.jpg\" alt=\"\" class=\"wp-image-50239\" srcset=\"https:\/\/www.fiorentini-iberia.com\/wp-content\/uploads\/2024\/03\/Fiorentini_celladati_aerial-CAT-1024x577.jpg 1024w, https:\/\/www.fiorentini-iberia.com\/wp-content\/uploads\/2024\/03\/Fiorentini_celladati_aerial-CAT-300x169.jpg 300w, https:\/\/www.fiorentini-iberia.com\/wp-content\/uploads\/2024\/03\/Fiorentini_celladati_aerial-CAT-768x433.jpg 768w, https:\/\/www.fiorentini-iberia.com\/wp-content\/uploads\/2024\/03\/Fiorentini_celladati_aerial-CAT.jpg 1196w\" sizes=\"auto, (max-width: 1024px) 100vw, 1024px\" \/><\/figure>\n\n\n\n<div style=\"height:29px\" aria-hidden=\"true\" class=\"wp-block-spacer\"><\/div>\n\n\n\n<figure class=\"wp-block-table is-style-stripes\"><table class=\"has-white-background-color has-background has-fixed-layout\"><tbody><tr><td>Ubicaci\u00f3<strong>\u00a0<\/strong><\/td><td><strong>Cella Dati (CR)<\/strong>&nbsp;<\/td><\/tr><tr><td>Socis industrials\u00a0\u00a0<\/td><td><strong>Grup EGEA\u00a0<\/strong><\/td><\/tr><tr><td>Soci agr\u00edcola\u00a0\u00a0<\/td><td><strong>Santini Agricoltura Rinnovabile<\/strong>&nbsp;<\/td><\/tr><tr><td>Realizaci\u00f3 de la planta\u00a0\u00a0<\/td><td><strong>Pietro Fiorentini SPA&nbsp;<\/strong><\/td><\/tr><tr><td>Capacitat de producci\u00f3\u00a0<\/td><td><strong>4,000,000 m\u00b3\/a\u00f1o<\/strong><\/td><\/tr><\/tbody><\/table><\/figure>\n\n\n\n<div style=\"height:51px\" aria-hidden=\"true\" class=\"wp-block-spacer\"><\/div>\n\n\n\n<p><br>El projecte <strong>Biomet\u00e0\u00a0Cella\u00a0Dati<\/strong>\u00a0neix de la voluntat del <strong><a href=\"https:\/\/www.egea.it\/en\/egea-group\" target=\"_blank\" rel=\"noreferrer noopener\">Grup Egea<\/a><\/strong> (soci industrial) i\u00a0<strong>Santini\u00a0Agricoltura\u00a0Rinnovabile<\/strong>\u00a0(soci agr\u00edcola) de <strong>valorar el biog\u00e0s<\/strong> procedent dels subproductes agr\u00edcoles de les explotacions locals, <strong>transformant-lo en biomet\u00e0 per a injectar-ho en la xarxa de distribuci\u00f3 de gas natural<\/strong>.<\/p>\n\n\n\n<div style=\"height:20px\" aria-hidden=\"true\" class=\"wp-block-spacer\"><\/div>\n\n\n<div class=\"wp-block-image is-style-default\">\n<figure data-wp-context=\"{&quot;imageId&quot;:&quot;69dff5754ff91&quot;}\" data-wp-interactive=\"core\/image\" data-wp-key=\"69dff5754ff91\" class=\"aligncenter size-full is-resized wp-lightbox-container\"><img loading=\"lazy\" decoding=\"async\" width=\"1584\" height=\"1746\" data-wp-class--hide=\"state.isContentHidden\" data-wp-class--show=\"state.isContentVisible\" data-wp-init=\"callbacks.setButtonStyles\" data-wp-on--click=\"actions.showLightbox\" data-wp-on--load=\"callbacks.setButtonStyles\" data-wp-on-window--resize=\"callbacks.setButtonStyles\" src=\"https:\/\/www.fiorentini-iberia.com\/wp-content\/uploads\/2024\/03\/Foto-2-CAT.jpg\" alt=\"\" class=\"wp-image-50227\" style=\"width:838px;height:auto\" srcset=\"https:\/\/www.fiorentini-iberia.com\/wp-content\/uploads\/2024\/03\/Foto-2-CAT.jpg 1584w, https:\/\/www.fiorentini-iberia.com\/wp-content\/uploads\/2024\/03\/Foto-2-CAT-272x300.jpg 272w, https:\/\/www.fiorentini-iberia.com\/wp-content\/uploads\/2024\/03\/Foto-2-CAT-929x1024.jpg 929w, https:\/\/www.fiorentini-iberia.com\/wp-content\/uploads\/2024\/03\/Foto-2-CAT-768x847.jpg 768w, https:\/\/www.fiorentini-iberia.com\/wp-content\/uploads\/2024\/03\/Foto-2-CAT-1393x1536.jpg 1393w\" sizes=\"auto, (max-width: 1584px) 100vw, 1584px\" \/><button\n\t\t\tclass=\"lightbox-trigger\"\n\t\t\ttype=\"button\"\n\t\t\taria-haspopup=\"dialog\"\n\t\t\taria-label=\"Amplia\"\n\t\t\tdata-wp-init=\"callbacks.initTriggerButton\"\n\t\t\tdata-wp-on--click=\"actions.showLightbox\"\n\t\t\tdata-wp-style--right=\"state.imageButtonRight\"\n\t\t\tdata-wp-style--top=\"state.imageButtonTop\"\n\t\t>\n\t\t\t<svg xmlns=\"http:\/\/www.w3.org\/2000\/svg\" width=\"12\" height=\"12\" fill=\"none\" viewBox=\"0 0 12 12\">\n\t\t\t\t<path fill=\"#fff\" d=\"M2 0a2 2 0 0 0-2 2v2h1.5V2a.5.5 0 0 1 .5-.5h2V0H2Zm2 10.5H2a.5.5 0 0 1-.5-.5V8H0v2a2 2 0 0 0 2 2h2v-1.5ZM8 12v-1.5h2a.5.5 0 0 0 .5-.5V8H12v2a2 2 0 0 1-2 2H8Zm2-12a2 2 0 0 1 2 2v2h-1.5V2a.5.5 0 0 0-.5-.5H8V0h2Z\" \/>\n\t\t\t<\/svg>\n\t\t<\/button><\/figure>\n<\/div>\n\n\n<div style=\"height:50px\" aria-hidden=\"true\" class=\"wp-block-spacer\"><\/div>\n\n\n\n<p class=\"has-text-color has-link-color wp-elements-fc6d719c9b9567f2ccdfbe250f08e577\" style=\"color:#1ca88c\"><strong>BENEFICIS ECON\u00d2MICS I MEDIAMBIENTALS<\/strong><\/p>\n\n\n\n<p>A It\u00e0lia es consumeixen m\u00e9s de<strong> 75.000 milions de m\u00b3 de gas a l&#8217;any<\/strong>.\u00a0La planta constru\u00efda per\u00a0Pietro\u00a0Fiorentini\u00a0produeix <strong>4.000.000 m\u00b3 de gas a l&#8217;any<\/strong>, utilitzant subproductes agr\u00edcoles recuperats directament de les empreses locals.<\/p>\n\n\n\n<p>El subproducte de la producci\u00f3 de biomet\u00e0, anomenat\u00a0<strong>digestat<\/strong>, pot utilitzar-se com a <strong>abonament<\/strong> en lloc de <strong>fertilitzants qu\u00edmics<\/strong>.<\/p>\n\n\n\n<div style=\"height:16px\" aria-hidden=\"true\" class=\"wp-block-spacer\"><\/div>\n\n\n<div class=\"wp-block-image\">\n<figure class=\"aligncenter size-full is-resized\"><img loading=\"lazy\" decoding=\"async\" width=\"1260\" height=\"586\" src=\"https:\/\/www.fiorentini-iberia.com\/wp-content\/uploads\/2024\/03\/foto-03-CAT.jpg\" alt=\"\" class=\"wp-image-50231\" style=\"width:555px;height:auto\" srcset=\"https:\/\/www.fiorentini-iberia.com\/wp-content\/uploads\/2024\/03\/foto-03-CAT.jpg 1260w, https:\/\/www.fiorentini-iberia.com\/wp-content\/uploads\/2024\/03\/foto-03-CAT-300x140.jpg 300w, https:\/\/www.fiorentini-iberia.com\/wp-content\/uploads\/2024\/03\/foto-03-CAT-1024x476.jpg 1024w, https:\/\/www.fiorentini-iberia.com\/wp-content\/uploads\/2024\/03\/foto-03-CAT-768x357.jpg 768w\" sizes=\"auto, (max-width: 1260px) 100vw, 1260px\" \/><\/figure>\n<\/div>\n\n\n<div style=\"height:48px\" aria-hidden=\"true\" class=\"wp-block-spacer\"><\/div>\n\n\n\n<p>Ja s&#8217;han encarregat nombrosos projectes similars, que es duran a terme en els pr\u00f2xims anys.<br>\u00a0\u00a0<\/p>\n\n\n\n<p class=\"has-text-color has-link-color has-medium-font-size wp-elements-4d38a84ce59cf144ccb79ba9d3449566\" style=\"color:#1ca88c\"><strong>EL FOCUS EN LES COMPANYIES<\/strong><\/p>\n\n\n<div class=\"wp-block-image\">\n<figure class=\"alignleft size-full is-resized\"><a href=\"https:\/\/www.egea.it\/en\/egea-group\" target=\"_blank\" rel=\"noreferrer noopener\"><img loading=\"lazy\" decoding=\"async\" width=\"672\" height=\"262\" src=\"https:\/\/www.fiorentini-iberia.com\/wp-content\/uploads\/2024\/01\/EGEA.jpg\" alt=\"\" class=\"wp-image-48522\" style=\"width:186px;height:auto\" srcset=\"https:\/\/www.fiorentini-iberia.com\/wp-content\/uploads\/2024\/01\/EGEA.jpg 672w, https:\/\/www.fiorentini-iberia.com\/wp-content\/uploads\/2024\/01\/EGEA-300x117.jpg 300w\" sizes=\"auto, (max-width: 672px) 100vw, 672px\" \/><\/a><\/figure>\n<\/div>\n\n\n<p><\/p>\n\n\n\n<p><\/p>\n\n\n\n<div style=\"height:28px\" aria-hidden=\"true\" class=\"wp-block-spacer\"><\/div>\n\n\n\n<p>Grup multiserveis amb seu en Alba, el <strong>Grup EGEA<\/strong> sempre ha estat atent a les necessitats locals i opera amb un model deliberadament local.<\/p>\n\n\n\n<div style=\"height:28px\" aria-hidden=\"true\" class=\"wp-block-spacer\"><\/div>\n\n\n<div class=\"wp-block-image\">\n<figure class=\"alignleft size-full is-resized\"><img loading=\"lazy\" decoding=\"async\" width=\"522\" height=\"186\" src=\"https:\/\/www.fiorentini-iberia.com\/wp-content\/uploads\/2024\/01\/SAR.jpg\" alt=\"\" class=\"wp-image-48526\" style=\"width:196px;height:auto\" srcset=\"https:\/\/www.fiorentini-iberia.com\/wp-content\/uploads\/2024\/01\/SAR.jpg 522w, https:\/\/www.fiorentini-iberia.com\/wp-content\/uploads\/2024\/01\/SAR-300x107.jpg 300w\" sizes=\"auto, (max-width: 522px) 100vw, 522px\" \/><\/figure>\n<\/div>\n\n\n<p>La fam\u00edlia\u00a0Santini\u00a0\u00e9s present en la zona des de fa m\u00e9s de 200 anys i <strong>gestiona 500 hect\u00e0rees a la prov\u00edncia de\u00a0Cremona<\/strong>\u00a0amb m\u00e9s de 4.000 caps de bestiar i altres 300 hect\u00e0rees repartides entre Em\u00edlia-Romanya i Toscana.\u00a0<\/p>\n\n\n\n<div style=\"height:39px\" aria-hidden=\"true\" class=\"wp-block-spacer\"><\/div>\n\n\n\n<p>Descarregui el\u00a0<strong><a href=\"https:\/\/www.fiorentini-iberia.com\/wp-content\/uploads\/2024\/01\/case-study-BCD_SPA.pdf\" target=\"_blank\" rel=\"noreferrer noopener\">Cas d&#8217;Estudi del projecte Cella Dati<\/a><\/strong>.<\/p>\n","protected":false},"excerpt":{"rendered":"<p>En 2022, es va dissenyar, va construir i va instal\u00b7lar la planta de millora i injecci\u00f3 de Cella Dati (Cremona) per al Grup EGEA i Santini Agricoltura Rinnovabile. En funcionament des de mar\u00e7, el sistema injecta en la xarxa de distribuci\u00f3 biomet\u00e0 produ\u00eft a partir de fem de bestiar i biomassa vegetal conreada en la zona adjacent.<\/p>\n","protected":false},"author":15,"featured_media":0,"parent":50103,"menu_order":0,"comment_status":"closed","ping_status":"closed","template":"template-expertise-post.php","meta":{"_acf_changed":false,"inline_featured_image":false,"footnotes":""},"class_list":["post-50222","page","type-page","status-publish","hentry"],"acf":[],"yoast_head":"<!-- This site is optimized with the Yoast SEO plugin v27.2 - https:\/\/yoast.com\/product\/yoast-seo-wordpress\/ -->\n<title>Planta d&#039;enriquiment de biog\u00e0s i injecci\u00f3 a la xarxa de biomet\u00e0 - Pietro Fiorentini<\/title>\n<meta name=\"description\" content=\"En 2022, es va dissenyar, va construir i va instal\u00b7lar la planta de millora i injecci\u00f3 de Cella Dati (Cremona) per al Grup EGEA i Santini Agricoltura Rinnovabile.\" \/>\n<meta name=\"robots\" content=\"index, follow, max-snippet:-1, max-image-preview:large, max-video-preview:-1\" \/>\n<link rel=\"canonical\" href=\"https:\/\/www.fiorentini-iberia.com\/ca\/experiencia\/biometa\/planta-denriquiment-de-biogas-i-injeccio-en-la-xarxa-de-biometa\/\" \/>\n<meta property=\"og:locale\" content=\"ca_ES\" \/>\n<meta property=\"og:type\" content=\"article\" \/>\n<meta property=\"og:title\" content=\"Planta d&#039;enriquiment de biog\u00e0s i injecci\u00f3 a la xarxa de biomet\u00e0 - Pietro Fiorentini\" \/>\n<meta property=\"og:description\" content=\"En 2022, es va dissenyar, va construir i va instal\u00b7lar la planta de millora i injecci\u00f3 de Cella Dati (Cremona) per al Grup EGEA i Santini Agricoltura Rinnovabile.\" \/>\n<meta property=\"og:url\" content=\"https:\/\/www.fiorentini-iberia.com\/ca\/experiencia\/biometa\/planta-denriquiment-de-biogas-i-injeccio-en-la-xarxa-de-biometa\/\" \/>\n<meta property=\"og:site_name\" content=\"Pietro Fiorentini\" \/>\n<meta property=\"article:modified_time\" content=\"2024-03-14T01:21:11+00:00\" \/>\n<meta property=\"og:image\" content=\"https:\/\/www.fiorentini-iberia.com\/wp-content\/uploads\/2024\/03\/Fiorentini_celladati_aerial-CAT-1024x577.jpg\" \/>\n<meta name=\"twitter:card\" content=\"summary_large_image\" \/>\n<meta name=\"twitter:site\" content=\"@FiorentiniSpa\" \/>\n<meta name=\"twitter:label1\" content=\"Temps estimat de lectura\" \/>\n\t<meta name=\"twitter:data1\" content=\"3 minuts\" \/>\n<script type=\"application\/ld+json\" class=\"yoast-schema-graph\">{\"@context\":\"https:\/\/schema.org\",\"@graph\":[{\"@type\":\"WebPage\",\"@id\":\"https:\/\/www.fiorentini-iberia.com\/ca\/experiencia\/biometa\/planta-denriquiment-de-biogas-i-injeccio-en-la-xarxa-de-biometa\/\",\"url\":\"https:\/\/www.fiorentini-iberia.com\/ca\/experiencia\/biometa\/planta-denriquiment-de-biogas-i-injeccio-en-la-xarxa-de-biometa\/\",\"name\":\"Planta d'enriquiment de biog\u00e0s i injecci\u00f3 a la xarxa de biomet\u00e0 - Pietro Fiorentini\",\"isPartOf\":{\"@id\":\"https:\/\/www.fiorentini-iberia.com\/ca\/#website\"},\"primaryImageOfPage\":{\"@id\":\"https:\/\/www.fiorentini-iberia.com\/ca\/experiencia\/biometa\/planta-denriquiment-de-biogas-i-injeccio-en-la-xarxa-de-biometa\/#primaryimage\"},\"image\":{\"@id\":\"https:\/\/www.fiorentini-iberia.com\/ca\/experiencia\/biometa\/planta-denriquiment-de-biogas-i-injeccio-en-la-xarxa-de-biometa\/#primaryimage\"},\"thumbnailUrl\":\"https:\/\/www.fiorentini-iberia.com\/wp-content\/uploads\/2024\/03\/Fiorentini_celladati_aerial-CAT-1024x577.jpg\",\"datePublished\":\"2024-01-30T14:45:28+00:00\",\"dateModified\":\"2024-03-14T01:21:11+00:00\",\"description\":\"En 2022, es va dissenyar, va construir i va instal\u00b7lar la planta de millora i injecci\u00f3 de Cella Dati (Cremona) per al Grup EGEA i Santini Agricoltura Rinnovabile.\",\"breadcrumb\":{\"@id\":\"https:\/\/www.fiorentini-iberia.com\/ca\/experiencia\/biometa\/planta-denriquiment-de-biogas-i-injeccio-en-la-xarxa-de-biometa\/#breadcrumb\"},\"inLanguage\":\"ca\",\"potentialAction\":[{\"@type\":\"ReadAction\",\"target\":[\"https:\/\/www.fiorentini-iberia.com\/ca\/experiencia\/biometa\/planta-denriquiment-de-biogas-i-injeccio-en-la-xarxa-de-biometa\/\"]}]},{\"@type\":\"ImageObject\",\"inLanguage\":\"ca\",\"@id\":\"https:\/\/www.fiorentini-iberia.com\/ca\/experiencia\/biometa\/planta-denriquiment-de-biogas-i-injeccio-en-la-xarxa-de-biometa\/#primaryimage\",\"url\":\"https:\/\/www.fiorentini-iberia.com\/wp-content\/uploads\/2024\/03\/Fiorentini_celladati_aerial-CAT-1024x577.jpg\",\"contentUrl\":\"https:\/\/www.fiorentini-iberia.com\/wp-content\/uploads\/2024\/03\/Fiorentini_celladati_aerial-CAT-1024x577.jpg\"},{\"@type\":\"BreadcrumbList\",\"@id\":\"https:\/\/www.fiorentini-iberia.com\/ca\/experiencia\/biometa\/planta-denriquiment-de-biogas-i-injeccio-en-la-xarxa-de-biometa\/#breadcrumb\",\"itemListElement\":[{\"@type\":\"ListItem\",\"position\":1,\"name\":\"Home\",\"item\":\"https:\/\/www.fiorentini-iberia.com\/ca\/\"},{\"@type\":\"ListItem\",\"position\":2,\"name\":\"Experi\u00e8ncia\",\"item\":\"https:\/\/www.fiorentini-iberia.com\/ca\/experiencia\/\"},{\"@type\":\"ListItem\",\"position\":3,\"name\":\"Biomet\u00e0\",\"item\":\"https:\/\/www.fiorentini-iberia.com\/ca\/experiencia\/biometa\/\"},{\"@type\":\"ListItem\",\"position\":4,\"name\":\"Planta d&#8217;enriquiment de biog\u00e0s i injecci\u00f3 a la xarxa de biomet\u00e0\"}]},{\"@type\":\"WebSite\",\"@id\":\"https:\/\/www.fiorentini-iberia.com\/ca\/#website\",\"url\":\"https:\/\/www.fiorentini-iberia.com\/ca\/\",\"name\":\"Pietro Fiorentini Iberia\",\"description\":\"Pietro Fiorentini dise\u00f1a y fabrica componentes, sistemas y servicios para la regulaci\u00f3n, medici\u00f3n, gesti\u00f3n de redes de agua, energ\u00edas renovables, petr\u00f3leo y el gas natural, con sistemas adaptados 100% al hidr\u00f3geno.\",\"publisher\":{\"@id\":\"https:\/\/www.fiorentini-iberia.com\/ca\/#organization\"},\"potentialAction\":[{\"@type\":\"SearchAction\",\"target\":{\"@type\":\"EntryPoint\",\"urlTemplate\":\"https:\/\/www.fiorentini-iberia.com\/ca\/?s={search_term_string}\"},\"query-input\":{\"@type\":\"PropertyValueSpecification\",\"valueRequired\":true,\"valueName\":\"search_term_string\"}}],\"inLanguage\":\"ca\"},{\"@type\":\"Organization\",\"@id\":\"https:\/\/www.fiorentini-iberia.com\/ca\/#organization\",\"name\":\"Pietro Fiorentini Iberia\",\"url\":\"https:\/\/www.fiorentini-iberia.com\/ca\/\",\"logo\":{\"@type\":\"ImageObject\",\"inLanguage\":\"ca\",\"@id\":\"https:\/\/www.fiorentini-iberia.com\/ca\/#\/schema\/logo\/image\/\",\"url\":\"https:\/\/www.fiorentini-iberia.com\/wp-content\/uploads\/2020\/11\/logo.svg\",\"contentUrl\":\"https:\/\/www.fiorentini-iberia.com\/wp-content\/uploads\/2020\/11\/logo.svg\",\"width\":227,\"height\":59,\"caption\":\"Pietro Fiorentini Iberia\"},\"image\":{\"@id\":\"https:\/\/www.fiorentini-iberia.com\/ca\/#\/schema\/logo\/image\/\"},\"sameAs\":[\"https:\/\/x.com\/FiorentiniSpa\",\"https:\/\/www.linkedin.com\/company\/pietro-fiorentini-iberia\/\"]}]}<\/script>\n<!-- \/ Yoast SEO plugin. -->","yoast_head_json":{"title":"Planta d'enriquiment de biog\u00e0s i injecci\u00f3 a la xarxa de biomet\u00e0 - Pietro Fiorentini","description":"En 2022, es va dissenyar, va construir i va instal\u00b7lar la planta de millora i injecci\u00f3 de Cella Dati (Cremona) per al Grup EGEA i Santini Agricoltura Rinnovabile.","robots":{"index":"index","follow":"follow","max-snippet":"max-snippet:-1","max-image-preview":"max-image-preview:large","max-video-preview":"max-video-preview:-1"},"canonical":"https:\/\/www.fiorentini-iberia.com\/ca\/experiencia\/biometa\/planta-denriquiment-de-biogas-i-injeccio-en-la-xarxa-de-biometa\/","og_locale":"ca_ES","og_type":"article","og_title":"Planta d'enriquiment de biog\u00e0s i injecci\u00f3 a la xarxa de biomet\u00e0 - Pietro Fiorentini","og_description":"En 2022, es va dissenyar, va construir i va instal\u00b7lar la planta de millora i injecci\u00f3 de Cella Dati (Cremona) per al Grup EGEA i Santini Agricoltura Rinnovabile.","og_url":"https:\/\/www.fiorentini-iberia.com\/ca\/experiencia\/biometa\/planta-denriquiment-de-biogas-i-injeccio-en-la-xarxa-de-biometa\/","og_site_name":"Pietro Fiorentini","article_modified_time":"2024-03-14T01:21:11+00:00","og_image":[{"url":"https:\/\/www.fiorentini-iberia.com\/wp-content\/uploads\/2024\/03\/Fiorentini_celladati_aerial-CAT-1024x577.jpg","type":"","width":"","height":""}],"twitter_card":"summary_large_image","twitter_site":"@FiorentiniSpa","twitter_misc":{"Temps estimat de lectura":"3 minuts"},"schema":{"@context":"https:\/\/schema.org","@graph":[{"@type":"WebPage","@id":"https:\/\/www.fiorentini-iberia.com\/ca\/experiencia\/biometa\/planta-denriquiment-de-biogas-i-injeccio-en-la-xarxa-de-biometa\/","url":"https:\/\/www.fiorentini-iberia.com\/ca\/experiencia\/biometa\/planta-denriquiment-de-biogas-i-injeccio-en-la-xarxa-de-biometa\/","name":"Planta d'enriquiment de biog\u00e0s i injecci\u00f3 a la xarxa de biomet\u00e0 - Pietro Fiorentini","isPartOf":{"@id":"https:\/\/www.fiorentini-iberia.com\/ca\/#website"},"primaryImageOfPage":{"@id":"https:\/\/www.fiorentini-iberia.com\/ca\/experiencia\/biometa\/planta-denriquiment-de-biogas-i-injeccio-en-la-xarxa-de-biometa\/#primaryimage"},"image":{"@id":"https:\/\/www.fiorentini-iberia.com\/ca\/experiencia\/biometa\/planta-denriquiment-de-biogas-i-injeccio-en-la-xarxa-de-biometa\/#primaryimage"},"thumbnailUrl":"https:\/\/www.fiorentini-iberia.com\/wp-content\/uploads\/2024\/03\/Fiorentini_celladati_aerial-CAT-1024x577.jpg","datePublished":"2024-01-30T14:45:28+00:00","dateModified":"2024-03-14T01:21:11+00:00","description":"En 2022, es va dissenyar, va construir i va instal\u00b7lar la planta de millora i injecci\u00f3 de Cella Dati (Cremona) per al Grup EGEA i Santini Agricoltura Rinnovabile.","breadcrumb":{"@id":"https:\/\/www.fiorentini-iberia.com\/ca\/experiencia\/biometa\/planta-denriquiment-de-biogas-i-injeccio-en-la-xarxa-de-biometa\/#breadcrumb"},"inLanguage":"ca","potentialAction":[{"@type":"ReadAction","target":["https:\/\/www.fiorentini-iberia.com\/ca\/experiencia\/biometa\/planta-denriquiment-de-biogas-i-injeccio-en-la-xarxa-de-biometa\/"]}]},{"@type":"ImageObject","inLanguage":"ca","@id":"https:\/\/www.fiorentini-iberia.com\/ca\/experiencia\/biometa\/planta-denriquiment-de-biogas-i-injeccio-en-la-xarxa-de-biometa\/#primaryimage","url":"https:\/\/www.fiorentini-iberia.com\/wp-content\/uploads\/2024\/03\/Fiorentini_celladati_aerial-CAT-1024x577.jpg","contentUrl":"https:\/\/www.fiorentini-iberia.com\/wp-content\/uploads\/2024\/03\/Fiorentini_celladati_aerial-CAT-1024x577.jpg"},{"@type":"BreadcrumbList","@id":"https:\/\/www.fiorentini-iberia.com\/ca\/experiencia\/biometa\/planta-denriquiment-de-biogas-i-injeccio-en-la-xarxa-de-biometa\/#breadcrumb","itemListElement":[{"@type":"ListItem","position":1,"name":"Home","item":"https:\/\/www.fiorentini-iberia.com\/ca\/"},{"@type":"ListItem","position":2,"name":"Experi\u00e8ncia","item":"https:\/\/www.fiorentini-iberia.com\/ca\/experiencia\/"},{"@type":"ListItem","position":3,"name":"Biomet\u00e0","item":"https:\/\/www.fiorentini-iberia.com\/ca\/experiencia\/biometa\/"},{"@type":"ListItem","position":4,"name":"Planta d&#8217;enriquiment de biog\u00e0s i injecci\u00f3 a la xarxa de biomet\u00e0"}]},{"@type":"WebSite","@id":"https:\/\/www.fiorentini-iberia.com\/ca\/#website","url":"https:\/\/www.fiorentini-iberia.com\/ca\/","name":"Pietro Fiorentini Iberia","description":"Pietro Fiorentini dise\u00f1a y fabrica componentes, sistemas y servicios para la regulaci\u00f3n, medici\u00f3n, gesti\u00f3n de redes de agua, energ\u00edas renovables, petr\u00f3leo y el gas natural, con sistemas adaptados 100% al hidr\u00f3geno.","publisher":{"@id":"https:\/\/www.fiorentini-iberia.com\/ca\/#organization"},"potentialAction":[{"@type":"SearchAction","target":{"@type":"EntryPoint","urlTemplate":"https:\/\/www.fiorentini-iberia.com\/ca\/?s={search_term_string}"},"query-input":{"@type":"PropertyValueSpecification","valueRequired":true,"valueName":"search_term_string"}}],"inLanguage":"ca"},{"@type":"Organization","@id":"https:\/\/www.fiorentini-iberia.com\/ca\/#organization","name":"Pietro Fiorentini Iberia","url":"https:\/\/www.fiorentini-iberia.com\/ca\/","logo":{"@type":"ImageObject","inLanguage":"ca","@id":"https:\/\/www.fiorentini-iberia.com\/ca\/#\/schema\/logo\/image\/","url":"https:\/\/www.fiorentini-iberia.com\/wp-content\/uploads\/2020\/11\/logo.svg","contentUrl":"https:\/\/www.fiorentini-iberia.com\/wp-content\/uploads\/2020\/11\/logo.svg","width":227,"height":59,"caption":"Pietro Fiorentini Iberia"},"image":{"@id":"https:\/\/www.fiorentini-iberia.com\/ca\/#\/schema\/logo\/image\/"},"sameAs":["https:\/\/x.com\/FiorentiniSpa","https:\/\/www.linkedin.com\/company\/pietro-fiorentini-iberia\/"]}]}},"_links":{"self":[{"href":"https:\/\/www.fiorentini-iberia.com\/ca\/wp-json\/wp\/v2\/pages\/50222","targetHints":{"allow":["GET"]}}],"collection":[{"href":"https:\/\/www.fiorentini-iberia.com\/ca\/wp-json\/wp\/v2\/pages"}],"about":[{"href":"https:\/\/www.fiorentini-iberia.com\/ca\/wp-json\/wp\/v2\/types\/page"}],"author":[{"embeddable":true,"href":"https:\/\/www.fiorentini-iberia.com\/ca\/wp-json\/wp\/v2\/users\/15"}],"replies":[{"embeddable":true,"href":"https:\/\/www.fiorentini-iberia.com\/ca\/wp-json\/wp\/v2\/comments?post=50222"}],"version-history":[{"count":3,"href":"https:\/\/www.fiorentini-iberia.com\/ca\/wp-json\/wp\/v2\/pages\/50222\/revisions"}],"predecessor-version":[{"id":50243,"href":"https:\/\/www.fiorentini-iberia.com\/ca\/wp-json\/wp\/v2\/pages\/50222\/revisions\/50243"}],"up":[{"embeddable":true,"href":"https:\/\/www.fiorentini-iberia.com\/ca\/wp-json\/wp\/v2\/pages\/50103"}],"wp:attachment":[{"href":"https:\/\/www.fiorentini-iberia.com\/ca\/wp-json\/wp\/v2\/media?parent=50222"}],"curies":[{"name":"wp","href":"https:\/\/api.w.org\/{rel}","templated":true}]}}