{"id":50256,"date":"2024-02-20T17:44:39","date_gmt":"2024-02-20T16:44:39","guid":{"rendered":"https:\/\/www.fiorentini-iberia.com\/experiencia\/hidrogen\/como-se-produce-el-hidrogeno\/"},"modified":"2024-03-14T04:05:08","modified_gmt":"2024-03-14T03:05:08","slug":"com-es-produeix-lhidrogen","status":"publish","type":"page","link":"https:\/\/www.fiorentini-iberia.com\/ca\/experiencia\/hidrogen\/com-es-produeix-lhidrogen\/","title":{"rendered":"Com es produeix l&#8217;hidrogen"},"content":{"rendered":"\n<p class=\"has-text-color has-link-color has-medium-font-size wp-elements-94ec77035e057e3fc21fb3b18bff384c\" style=\"color:#199782\"><strong>UN ELEMENT, DIFERENTS MANERES DE PRODUIR-LO<\/strong><\/p>\n\n\n\n<figure class=\"wp-block-image size-full\"><img loading=\"lazy\" decoding=\"async\" width=\"1024\" height=\"429\" src=\"https:\/\/www.fiorentini-iberia.com\/wp-content\/uploads\/2024\/02\/RENEWABLES_h2_energy-1-1024x429-1.jpg\" alt=\"How hydrogen is produced\" class=\"wp-image-48925\" srcset=\"https:\/\/www.fiorentini-iberia.com\/wp-content\/uploads\/2024\/02\/RENEWABLES_h2_energy-1-1024x429-1.jpg 1024w, https:\/\/www.fiorentini-iberia.com\/wp-content\/uploads\/2024\/02\/RENEWABLES_h2_energy-1-1024x429-1-300x126.jpg 300w, https:\/\/www.fiorentini-iberia.com\/wp-content\/uploads\/2024\/02\/RENEWABLES_h2_energy-1-1024x429-1-768x322.jpg 768w\" sizes=\"auto, (max-width: 1024px) 100vw, 1024px\" \/><\/figure>\n\n\n\n<p>\u00a0<\/p>\n\n\n\n<p>L&#8217;hidrogen \u00e9s l&#8217;element m\u00e9s abundant de l&#8217;univers, no obstant aix\u00f2 en el nostre planeta nom\u00e9s el trobem unit a altres elements, com l&#8217;oxigen o el carboni. De fet, se&#8217;l denomina <strong>vector energ\u00e8tic<\/strong>, i no font, ja que hem d&#8217;utilitzar energia per a separar-ho i extreure-ho, i aquest tipus de processos t\u00e9 costos.<\/p>\n\n\n\n<ol class=\"wp-block-list\">\n<li><strong><a href=\"#colors\">Tots els colors de l&#8217;hidrogen<\/a> <\/strong><\/li>\n\n\n\n<li><strong><a href=\"#technology\">Una nova tecnologia per a la producci\u00f3 d&#8217;hidrogen<\/a><\/strong><\/li>\n<\/ol>\n\n\n\n<h3 class=\"wp-block-heading\" id=\"colors\">\u00a0<br><br>Tots els colors de l&#8217;hidrogen<\/h3>\n\n\n\n<p>L&#8217;hidrogen rep diferents noms en funci\u00f3 de <strong>com es produeix<\/strong>, i de l&#8217;<strong>impacte mediambiental<\/strong> resultant dels processos utilitzats per a obtenir-lo.<br>\u00a0<\/p>\n\n\n\n<figure class=\"wp-block-image size-full\"><img loading=\"lazy\" decoding=\"async\" width=\"1024\" height=\"442\" src=\"https:\/\/www.fiorentini-iberia.com\/wp-content\/uploads\/2024\/03\/i-colori-dell-idrogeno-1-1024x442-CAT.jpg\" alt=\"\" class=\"wp-image-50262\" srcset=\"https:\/\/www.fiorentini-iberia.com\/wp-content\/uploads\/2024\/03\/i-colori-dell-idrogeno-1-1024x442-CAT.jpg 1024w, https:\/\/www.fiorentini-iberia.com\/wp-content\/uploads\/2024\/03\/i-colori-dell-idrogeno-1-1024x442-CAT-300x129.jpg 300w, https:\/\/www.fiorentini-iberia.com\/wp-content\/uploads\/2024\/03\/i-colori-dell-idrogeno-1-1024x442-CAT-768x332.jpg 768w\" sizes=\"auto, (max-width: 1024px) 100vw, 1024px\" \/><\/figure>\n\n\n\n<p class=\"has-text-align-center has-cyan-bluish-gray-color has-text-color has-link-color wp-elements-8226b968ad41327e0d5ab4f376c7ea10\"><em>Els colors de l&#8217;hidrogen<br>\u00a0<\/em><\/p>\n\n\n\n<p><strong>Hidrogen gris<\/strong>: es produeix a partir de fonts f\u00f2ssils<\/p>\n\n\n\n<p><strong>Hidrogen blau<\/strong>: es produeix a partir de fonts f\u00f2ssils per\u00f2 es captura i emmagatzema<\/p>\n\n\n\n<p><strong>Hidrogen rosa<\/strong>: tamb\u00e9 conegut com a porpra, es produeix a partir de l&#8217;energia nuclear<\/p>\n\n\n\n<p><strong>Hidrogen turquesa<\/strong>: es produeix per pir\u00f2lisi de met\u00e0, produeix carb\u00f3 vegetal<\/p>\n\n\n\n<p><strong>Hidrogen groc<\/strong>: es produeix a partir de l&#8217;energia de la xarxa el\u00e8ctrica nacional<\/p>\n\n\n\n<p><strong>Hidrogen verd<\/strong>: es produeix a partir d&#8217;energies renovables<\/p>\n\n\n\n<figure class=\"wp-block-image size-full\"><img loading=\"lazy\" decoding=\"async\" width=\"1024\" height=\"463\" src=\"https:\/\/www.fiorentini-iberia.com\/wp-content\/uploads\/2024\/03\/Expertise_Idrogeno_1ENG-EXPPAG-e1618588456689-1024x463-CAT.jpg\" alt=\"\" class=\"wp-image-50272\" srcset=\"https:\/\/www.fiorentini-iberia.com\/wp-content\/uploads\/2024\/03\/Expertise_Idrogeno_1ENG-EXPPAG-e1618588456689-1024x463-CAT.jpg 1024w, https:\/\/www.fiorentini-iberia.com\/wp-content\/uploads\/2024\/03\/Expertise_Idrogeno_1ENG-EXPPAG-e1618588456689-1024x463-CAT-300x136.jpg 300w, https:\/\/www.fiorentini-iberia.com\/wp-content\/uploads\/2024\/03\/Expertise_Idrogeno_1ENG-EXPPAG-e1618588456689-1024x463-CAT-768x347.jpg 768w\" sizes=\"auto, (max-width: 1024px) 100vw, 1024px\" \/><\/figure>\n\n\n\n<p class=\"has-text-align-center has-cyan-bluish-gray-color has-text-color has-link-color wp-elements-5b35bd63d3762747d304a99f2b4bdf1a\"><em>Resum dels diferents m\u00e8todes de producci\u00f3 d&#8217;hidrogen<\/em><\/p>\n\n\n\n<figure class=\"wp-block-image size-full\"><img loading=\"lazy\" decoding=\"async\" width=\"951\" height=\"556\" src=\"https:\/\/www.fiorentini-iberia.com\/wp-content\/uploads\/2024\/03\/Expertise_Idrogeno_2CAT.jpg\" alt=\"\" class=\"wp-image-50276\" srcset=\"https:\/\/www.fiorentini-iberia.com\/wp-content\/uploads\/2024\/03\/Expertise_Idrogeno_2CAT.jpg 951w, https:\/\/www.fiorentini-iberia.com\/wp-content\/uploads\/2024\/03\/Expertise_Idrogeno_2CAT-300x175.jpg 300w, https:\/\/www.fiorentini-iberia.com\/wp-content\/uploads\/2024\/03\/Expertise_Idrogeno_2CAT-768x449.jpg 768w\" sizes=\"auto, (max-width: 951px) 100vw, 951px\" \/><\/figure>\n\n\n\n<p class=\"has-text-align-center has-cyan-bluish-gray-color has-text-color has-link-color wp-elements-3e368a1d16f9432e288bccd22f82e31a\"><em>Emissions de CO\u2082 en funci\u00f3 de la tecnologia de producci\u00f3 d&#8217;hidrogen utilitzada<\/em><\/p>\n\n\n\n<p>\u00a0<br>Un dels principals m\u00e8todes de generaci\u00f3 d&#8217;hidrogen \u00e9s <strong>l&#8217;electr\u00f2lisi<\/strong>, un proc\u00e9s conegut ja en el segle XIX, en el qual el pas de corrent el\u00e8ctric a trav\u00e9s de l&#8217;aigua provoca la seva divisi\u00f3 en gasos d&#8217;oxigen i hidrogen.<\/p>\n\n\n\n<p>L&#8217;hidrogen produ\u00eft a partir de fonts d&#8217;energia renovables es denomina <strong>hidrogen verd<\/strong>, que actualment es produeix mitjan\u00e7ant dues tecnologies principals: l&#8217;alcalina (<em>AEC) <\/em>i la de membrana d&#8217;intercanvi de protons (<em>PEM<\/em>).<\/p>\n\n\n\n<p>Alguns estudis es centren ara en <strong>noves maneres d&#8217;obtenir-ho<\/strong> aprofitant l&#8217;activitat de bacteris vermells, cianobacteris i microalgues, aix\u00ed com la gasificaci\u00f3 de residus s\u00f2lids urbans i pl\u00e0stics no reciclables, mitjan\u00e7ant la descomposici\u00f3 de la mat\u00e8ria org\u00e0nica amb tractaments t\u00e8rmics a altes temperatures en una atmosfera gaireb\u00e9 sense oxigen.<br>\u00a0<\/p>\n\n\n\n<h3 class=\"wp-block-heading\" id=\"technology\">Una nova tecnologia per a la producci\u00f3 d&#8217;hidrogen<br>\u00a0<\/h3>\n\n\n\n<p><a href=\"https:\/\/hyter.it\/en\/\" target=\"_blank\" rel=\"noreferrer noopener\"><strong>Hyter<\/strong><\/a>, empresa pertanyent al Grup\u00a0Pietro\u00a0Fiorentini\u00a0des de 2021, <strong>ha desenvolupat un generador d&#8217;hidrogen basat en la innovadora tecnologia AEMWE<\/strong>, <em>Anion Exchange Membrane Water Electrolyser<\/em>. <br>\u00a0<\/p>\n\n\n<div class=\"wp-block-image\">\n<figure class=\"aligncenter size-full is-resized\"><img loading=\"lazy\" decoding=\"async\" width=\"991\" height=\"991\" src=\"https:\/\/www.fiorentini-iberia.com\/wp-content\/uploads\/2024\/02\/News_PLTEnergiaHyter_1-1.jpg\" alt=\"\" class=\"wp-image-48943\" style=\"width:581px;height:auto\" srcset=\"https:\/\/www.fiorentini-iberia.com\/wp-content\/uploads\/2024\/02\/News_PLTEnergiaHyter_1-1.jpg 991w, https:\/\/www.fiorentini-iberia.com\/wp-content\/uploads\/2024\/02\/News_PLTEnergiaHyter_1-1-300x300.jpg 300w, https:\/\/www.fiorentini-iberia.com\/wp-content\/uploads\/2024\/02\/News_PLTEnergiaHyter_1-1-150x150.jpg 150w, https:\/\/www.fiorentini-iberia.com\/wp-content\/uploads\/2024\/02\/News_PLTEnergiaHyter_1-1-768x768.jpg 768w\" sizes=\"auto, (max-width: 991px) 100vw, 991px\" \/><\/figure>\n<\/div>\n\n\n<p>&nbsp;<\/p>\n\n\n\n<p>L&#8217;electrolitzador\u00a0subministrat per\u00a0Hyter\u00a0combina els <strong>avantatges dels sistemes\u00a0PEM\u00a0i alcalins<\/strong>, la qual cosa permet reduir els costos d&#8217;inversi\u00f3 i l&#8217;<strong>impacte ambiental<\/strong> gr\u00e0cies al menor \u00fas de metalls nobles.<\/p>\n\n\n\n<p>L&#8217;intercanvi i\u00f2nic t\u00e9 lloc a trav\u00e9s d&#8217;una membrana polim\u00e8rica de fabricaci\u00f3 pr\u00f2pia de\u00a0Hyter. Aquesta membrana cont\u00e9 subst\u00e0ncies electrol\u00edtiques que <strong>milloren l&#8217;efic\u00e0cia<\/strong> de la divisi\u00f3 de l&#8217;aigua i t\u00e9 la funci\u00f3 de separar l&#8217;hidrogen i l&#8217;oxigen ja durant la fase de producci\u00f3.<\/p>\n\n\n\n<p>Aquesta tecnologia \u00e9s molt menys costosa des del punt de vista qu\u00edmic i, al mateix temps, posseeix una excel\u00b7lent efic\u00e0cia en termes de rendiment.<\/p>\n\n\n\n<p>L&#8217;electrolitzador\u00a0subministrat per\u00a0Hyter\u00a0s&#8217;utilitzar\u00e0 en el marc d&#8217;un projecte per a\u00a0<strong>PLT\u00a0Energia<\/strong>, empresa que presideix tota la cadena de valor de les energies renovables des de fa 15 anys. El nou\u00a0electrolitzador\u00a0Hyter\u00a0s&#8217;interconnectar\u00e0 amb el sistema fotovoltaic que funciona en els edificis de\u00a0PLT\u00a0Energia: d&#8217;aquesta manera, ser\u00e0 possible produir l&#8217;hidrogen necessari per a garantir la sostenibilitat mediambiental del consum el\u00e8ctric i t\u00e8rmic de la seva seu.<br>\u00a0<a href=\"https:\/\/www.fiorentini-iberia.com\/ca\/noticies\/una-planta-dhidrogen-verd-per-a-plt-energia-gracies-a lelectrolitzador-hyter\/\"><br>Una planta d&#8217;hidrogen ecol\u00f2gica per a\u00a0PLT\u00a0energia\u00a0gr\u00e0cies al\u00a0electrolizador\u00a0Hyter<\/a><\/p>\n\n\n\n<p>\u00a0\u00a0<\/p>\n\n\n<div class=\"wp-block-image\">\n<figure class=\"aligncenter size-full is-resized\"><img loading=\"lazy\" decoding=\"async\" width=\"991\" height=\"991\" src=\"https:\/\/www.fiorentini-iberia.com\/wp-content\/uploads\/2024\/02\/News_PLTEnergiaHyter_2-1.jpg\" alt=\"\" class=\"wp-image-48947\" style=\"width:682px;height:auto\" srcset=\"https:\/\/www.fiorentini-iberia.com\/wp-content\/uploads\/2024\/02\/News_PLTEnergiaHyter_2-1.jpg 991w, https:\/\/www.fiorentini-iberia.com\/wp-content\/uploads\/2024\/02\/News_PLTEnergiaHyter_2-1-300x300.jpg 300w, https:\/\/www.fiorentini-iberia.com\/wp-content\/uploads\/2024\/02\/News_PLTEnergiaHyter_2-1-150x150.jpg 150w, https:\/\/www.fiorentini-iberia.com\/wp-content\/uploads\/2024\/02\/News_PLTEnergiaHyter_2-1-768x768.jpg 768w\" sizes=\"auto, (max-width: 991px) 100vw, 991px\" \/><\/figure>\n<\/div>\n\n\n<p>&nbsp;<\/p>\n\n\n\n<p><strong>Hyter<\/strong>\u00a0ha estat recentment adjudicat\u00e0ria d&#8217;un dels concursos del\u00a0MiTE\u00a0amb el <strong>projecte\u00a0Sirius<\/strong>, que consisteix en la construcci\u00f3 en un termini de tres anys del <strong>primer\u00a0electrolizador\u00a0del m\u00f3n amb una grand\u00e0ria superior a un megavat basat en la tecnologia\u00a0AEMWE<\/strong>,\u00a0Anion\u00a0Exchange\u00a0Membrane\u00a0Water\u00a0Electrolyser. El projecte\u00a0Sirius, que a m\u00e9s de\u00a0Hyter\u00a0compta amb la participaci\u00f3 de \u00a0<a href=\"https:\/\/www.inretedistribuzione.it\/energy_distribution_activity\/\" target=\"_blank\" rel=\"noreferrer noopener\">INRETE Distribuzione Energia<\/a>\u00a0(Grup\u00a0Hera),\u00a0<a href=\"https:\/\/www.mbn.it\/en\/company\/\" target=\"_blank\" rel=\"noreferrer noopener\">MatRes<\/a> (MBN\u00a0Nanomaterialia\u00a0Group)\u00a0i el <a href=\"https:\/\/www.chimica.unipd.it\/en\/\" target=\"_blank\" rel=\"noreferrer noopener\">Departament de Ci\u00e8ncies Qu\u00edmiques de la Universitat de P\u00e0dua<\/a>, es va classificar <strong>en tercer lloc<\/strong> en la categoria &#8220;Missi\u00f3 2 &#8211; Component 2 &#8211; Inversi\u00f3 3. 5 &#8211; Recerca i desenvolupament de l&#8217;Hidrogen&#8221; entre les cinquanta-sis propostes presentades al Ministeri itali\u00e0 de Transici\u00f3 Ecol\u00f2gica per a rebre finan\u00e7ament de la Uni\u00f3 Europea en el marc del\u00a0<strong>PNRR<\/strong>, Pla Nacional de Recuperaci\u00f3 Econ\u00f2mica i Resili\u00e8ncia.<\/p>\n\n\n\n<p><a href=\"https:\/\/www.fiorentini-iberia.com\/ca\/grup-pietro-fiorentini\/empreses-i-marques-del-grup-pietro-fiorentini\/#hyter\">El projecte\u00a0Sirius, dirigit per\u00a0Hyter, figura entre els guanyadors de la convocat\u00f2ria\u00a0MiTE\u00a0de propostes sobre recerca de l&#8217;hidrogen.<\/a><\/p>\n\n\n\n<p><em>Projecte finan\u00e7at en el marc del\u00a0PNRR, cofinan\u00e7at per la Uni\u00f3 Europea &#8211;\u00a0NextGenerationEU.<\/em>\u00a0<br>\u00a0<\/p>\n\n\n\n<figure class=\"wp-block-image size-full\"><img loading=\"lazy\" decoding=\"async\" width=\"1024\" height=\"1024\" src=\"https:\/\/www.fiorentini-iberia.com\/wp-content\/uploads\/2024\/02\/sirius-project-1024x1024-1.png\" alt=\"hydrogen research\" class=\"wp-image-48951\" srcset=\"https:\/\/www.fiorentini-iberia.com\/wp-content\/uploads\/2024\/02\/sirius-project-1024x1024-1.png 1024w, https:\/\/www.fiorentini-iberia.com\/wp-content\/uploads\/2024\/02\/sirius-project-1024x1024-1-300x300.png 300w, https:\/\/www.fiorentini-iberia.com\/wp-content\/uploads\/2024\/02\/sirius-project-1024x1024-1-150x150.png 150w, https:\/\/www.fiorentini-iberia.com\/wp-content\/uploads\/2024\/02\/sirius-project-1024x1024-1-768x768.png 768w\" sizes=\"auto, (max-width: 1024px) 100vw, 1024px\" \/><\/figure>\n","protected":false},"excerpt":{"rendered":"<p>L&#8217;hidrogen pot produir-se de diferents maneres a partir de diferents fonts d&#8217;energia, prenent noms que recorden l&#8217;impacte ambiental dels processos de producci\u00f3. Hyter, empresa del Grup Pietro Fiorentini, ha desenvolupat una nova tecnologia per a la producci\u00f3 d&#8217;hidrogen amb un impacte ambiental redu\u00eft.<\/p>\n","protected":false},"author":15,"featured_media":0,"parent":50126,"menu_order":0,"comment_status":"closed","ping_status":"closed","template":"template-expertise-post.php","meta":{"_acf_changed":false,"inline_featured_image":false,"footnotes":""},"class_list":["post-50256","page","type-page","status-publish","hentry"],"acf":[],"yoast_head":"<!-- This site is optimized with the Yoast SEO plugin v27.2 - https:\/\/yoast.com\/product\/yoast-seo-wordpress\/ -->\n<title>Com es produeix l&#039;hidrogen - Pietro Fiorentini<\/title>\n<meta name=\"description\" content=\"L&#039;hidrogen rep diferents noms en funci\u00f3 de com es produeixi i de l&#039;impacte mediambiental resultant dels processos utilitzats per a obtenir-lo.\" \/>\n<meta name=\"robots\" content=\"index, follow, max-snippet:-1, max-image-preview:large, max-video-preview:-1\" \/>\n<link rel=\"canonical\" href=\"https:\/\/www.fiorentini-iberia.com\/ca\/experiencia\/hidrogen\/com-es-produeix-lhidrogen\/\" \/>\n<meta property=\"og:locale\" content=\"ca_ES\" \/>\n<meta property=\"og:type\" content=\"article\" \/>\n<meta property=\"og:title\" content=\"Com es produeix l&#039;hidrogen - Pietro Fiorentini\" \/>\n<meta property=\"og:description\" content=\"L&#039;hidrogen rep diferents noms en funci\u00f3 de com es produeixi i de l&#039;impacte mediambiental resultant dels processos utilitzats per a obtenir-lo.\" \/>\n<meta property=\"og:url\" content=\"https:\/\/www.fiorentini-iberia.com\/ca\/experiencia\/hidrogen\/com-es-produeix-lhidrogen\/\" \/>\n<meta property=\"og:site_name\" content=\"Pietro Fiorentini\" \/>\n<meta property=\"article:modified_time\" content=\"2024-03-14T03:05:08+00:00\" \/>\n<meta property=\"og:image\" content=\"https:\/\/www.fiorentini-iberia.com\/wp-content\/uploads\/2024\/02\/RENEWABLES_h2_energy-1-1024x429-1.jpg\" \/>\n<meta name=\"twitter:card\" content=\"summary_large_image\" \/>\n<meta name=\"twitter:site\" content=\"@FiorentiniSpa\" \/>\n<meta name=\"twitter:label1\" content=\"Temps estimat de lectura\" \/>\n\t<meta name=\"twitter:data1\" content=\"5 minuts\" \/>\n<script type=\"application\/ld+json\" class=\"yoast-schema-graph\">{\"@context\":\"https:\/\/schema.org\",\"@graph\":[{\"@type\":\"WebPage\",\"@id\":\"https:\/\/www.fiorentini-iberia.com\/ca\/experiencia\/hidrogen\/com-es-produeix-lhidrogen\/\",\"url\":\"https:\/\/www.fiorentini-iberia.com\/ca\/experiencia\/hidrogen\/com-es-produeix-lhidrogen\/\",\"name\":\"Com es produeix l'hidrogen - Pietro Fiorentini\",\"isPartOf\":{\"@id\":\"https:\/\/www.fiorentini-iberia.com\/ca\/#website\"},\"primaryImageOfPage\":{\"@id\":\"https:\/\/www.fiorentini-iberia.com\/ca\/experiencia\/hidrogen\/com-es-produeix-lhidrogen\/#primaryimage\"},\"image\":{\"@id\":\"https:\/\/www.fiorentini-iberia.com\/ca\/experiencia\/hidrogen\/com-es-produeix-lhidrogen\/#primaryimage\"},\"thumbnailUrl\":\"https:\/\/www.fiorentini-iberia.com\/wp-content\/uploads\/2024\/02\/RENEWABLES_h2_energy-1-1024x429-1.jpg\",\"datePublished\":\"2024-02-20T16:44:39+00:00\",\"dateModified\":\"2024-03-14T03:05:08+00:00\",\"description\":\"L'hidrogen rep diferents noms en funci\u00f3 de com es produeixi i de l'impacte mediambiental resultant dels processos utilitzats per a obtenir-lo.\",\"breadcrumb\":{\"@id\":\"https:\/\/www.fiorentini-iberia.com\/ca\/experiencia\/hidrogen\/com-es-produeix-lhidrogen\/#breadcrumb\"},\"inLanguage\":\"ca\",\"potentialAction\":[{\"@type\":\"ReadAction\",\"target\":[\"https:\/\/www.fiorentini-iberia.com\/ca\/experiencia\/hidrogen\/com-es-produeix-lhidrogen\/\"]}]},{\"@type\":\"ImageObject\",\"inLanguage\":\"ca\",\"@id\":\"https:\/\/www.fiorentini-iberia.com\/ca\/experiencia\/hidrogen\/com-es-produeix-lhidrogen\/#primaryimage\",\"url\":\"https:\/\/www.fiorentini-iberia.com\/wp-content\/uploads\/2024\/02\/RENEWABLES_h2_energy-1-1024x429-1.jpg\",\"contentUrl\":\"https:\/\/www.fiorentini-iberia.com\/wp-content\/uploads\/2024\/02\/RENEWABLES_h2_energy-1-1024x429-1.jpg\"},{\"@type\":\"BreadcrumbList\",\"@id\":\"https:\/\/www.fiorentini-iberia.com\/ca\/experiencia\/hidrogen\/com-es-produeix-lhidrogen\/#breadcrumb\",\"itemListElement\":[{\"@type\":\"ListItem\",\"position\":1,\"name\":\"Home\",\"item\":\"https:\/\/www.fiorentini-iberia.com\/ca\/\"},{\"@type\":\"ListItem\",\"position\":2,\"name\":\"Experi\u00e8ncia\",\"item\":\"https:\/\/www.fiorentini-iberia.com\/ca\/experiencia\/\"},{\"@type\":\"ListItem\",\"position\":3,\"name\":\"Hidrogen\",\"item\":\"https:\/\/www.fiorentini-iberia.com\/ca\/experiencia\/hidrogen\/\"},{\"@type\":\"ListItem\",\"position\":4,\"name\":\"Com es produeix l&#8217;hidrogen\"}]},{\"@type\":\"WebSite\",\"@id\":\"https:\/\/www.fiorentini-iberia.com\/ca\/#website\",\"url\":\"https:\/\/www.fiorentini-iberia.com\/ca\/\",\"name\":\"Pietro Fiorentini Iberia\",\"description\":\"Pietro Fiorentini dise\u00f1a y fabrica componentes, sistemas y servicios para la regulaci\u00f3n, medici\u00f3n, gesti\u00f3n de redes de agua, energ\u00edas renovables, petr\u00f3leo y el gas natural, con sistemas adaptados 100% al hidr\u00f3geno.\",\"publisher\":{\"@id\":\"https:\/\/www.fiorentini-iberia.com\/ca\/#organization\"},\"potentialAction\":[{\"@type\":\"SearchAction\",\"target\":{\"@type\":\"EntryPoint\",\"urlTemplate\":\"https:\/\/www.fiorentini-iberia.com\/ca\/?s={search_term_string}\"},\"query-input\":{\"@type\":\"PropertyValueSpecification\",\"valueRequired\":true,\"valueName\":\"search_term_string\"}}],\"inLanguage\":\"ca\"},{\"@type\":\"Organization\",\"@id\":\"https:\/\/www.fiorentini-iberia.com\/ca\/#organization\",\"name\":\"Pietro Fiorentini Iberia\",\"url\":\"https:\/\/www.fiorentini-iberia.com\/ca\/\",\"logo\":{\"@type\":\"ImageObject\",\"inLanguage\":\"ca\",\"@id\":\"https:\/\/www.fiorentini-iberia.com\/ca\/#\/schema\/logo\/image\/\",\"url\":\"https:\/\/www.fiorentini-iberia.com\/wp-content\/uploads\/2020\/11\/logo.svg\",\"contentUrl\":\"https:\/\/www.fiorentini-iberia.com\/wp-content\/uploads\/2020\/11\/logo.svg\",\"width\":227,\"height\":59,\"caption\":\"Pietro Fiorentini Iberia\"},\"image\":{\"@id\":\"https:\/\/www.fiorentini-iberia.com\/ca\/#\/schema\/logo\/image\/\"},\"sameAs\":[\"https:\/\/x.com\/FiorentiniSpa\",\"https:\/\/www.linkedin.com\/company\/pietro-fiorentini-iberia\/\"]}]}<\/script>\n<!-- \/ Yoast SEO plugin. -->","yoast_head_json":{"title":"Com es produeix l'hidrogen - Pietro Fiorentini","description":"L'hidrogen rep diferents noms en funci\u00f3 de com es produeixi i de l'impacte mediambiental resultant dels processos utilitzats per a obtenir-lo.","robots":{"index":"index","follow":"follow","max-snippet":"max-snippet:-1","max-image-preview":"max-image-preview:large","max-video-preview":"max-video-preview:-1"},"canonical":"https:\/\/www.fiorentini-iberia.com\/ca\/experiencia\/hidrogen\/com-es-produeix-lhidrogen\/","og_locale":"ca_ES","og_type":"article","og_title":"Com es produeix l'hidrogen - Pietro Fiorentini","og_description":"L'hidrogen rep diferents noms en funci\u00f3 de com es produeixi i de l'impacte mediambiental resultant dels processos utilitzats per a obtenir-lo.","og_url":"https:\/\/www.fiorentini-iberia.com\/ca\/experiencia\/hidrogen\/com-es-produeix-lhidrogen\/","og_site_name":"Pietro Fiorentini","article_modified_time":"2024-03-14T03:05:08+00:00","og_image":[{"url":"https:\/\/www.fiorentini-iberia.com\/wp-content\/uploads\/2024\/02\/RENEWABLES_h2_energy-1-1024x429-1.jpg","type":"","width":"","height":""}],"twitter_card":"summary_large_image","twitter_site":"@FiorentiniSpa","twitter_misc":{"Temps estimat de lectura":"5 minuts"},"schema":{"@context":"https:\/\/schema.org","@graph":[{"@type":"WebPage","@id":"https:\/\/www.fiorentini-iberia.com\/ca\/experiencia\/hidrogen\/com-es-produeix-lhidrogen\/","url":"https:\/\/www.fiorentini-iberia.com\/ca\/experiencia\/hidrogen\/com-es-produeix-lhidrogen\/","name":"Com es produeix l'hidrogen - Pietro Fiorentini","isPartOf":{"@id":"https:\/\/www.fiorentini-iberia.com\/ca\/#website"},"primaryImageOfPage":{"@id":"https:\/\/www.fiorentini-iberia.com\/ca\/experiencia\/hidrogen\/com-es-produeix-lhidrogen\/#primaryimage"},"image":{"@id":"https:\/\/www.fiorentini-iberia.com\/ca\/experiencia\/hidrogen\/com-es-produeix-lhidrogen\/#primaryimage"},"thumbnailUrl":"https:\/\/www.fiorentini-iberia.com\/wp-content\/uploads\/2024\/02\/RENEWABLES_h2_energy-1-1024x429-1.jpg","datePublished":"2024-02-20T16:44:39+00:00","dateModified":"2024-03-14T03:05:08+00:00","description":"L'hidrogen rep diferents noms en funci\u00f3 de com es produeixi i de l'impacte mediambiental resultant dels processos utilitzats per a obtenir-lo.","breadcrumb":{"@id":"https:\/\/www.fiorentini-iberia.com\/ca\/experiencia\/hidrogen\/com-es-produeix-lhidrogen\/#breadcrumb"},"inLanguage":"ca","potentialAction":[{"@type":"ReadAction","target":["https:\/\/www.fiorentini-iberia.com\/ca\/experiencia\/hidrogen\/com-es-produeix-lhidrogen\/"]}]},{"@type":"ImageObject","inLanguage":"ca","@id":"https:\/\/www.fiorentini-iberia.com\/ca\/experiencia\/hidrogen\/com-es-produeix-lhidrogen\/#primaryimage","url":"https:\/\/www.fiorentini-iberia.com\/wp-content\/uploads\/2024\/02\/RENEWABLES_h2_energy-1-1024x429-1.jpg","contentUrl":"https:\/\/www.fiorentini-iberia.com\/wp-content\/uploads\/2024\/02\/RENEWABLES_h2_energy-1-1024x429-1.jpg"},{"@type":"BreadcrumbList","@id":"https:\/\/www.fiorentini-iberia.com\/ca\/experiencia\/hidrogen\/com-es-produeix-lhidrogen\/#breadcrumb","itemListElement":[{"@type":"ListItem","position":1,"name":"Home","item":"https:\/\/www.fiorentini-iberia.com\/ca\/"},{"@type":"ListItem","position":2,"name":"Experi\u00e8ncia","item":"https:\/\/www.fiorentini-iberia.com\/ca\/experiencia\/"},{"@type":"ListItem","position":3,"name":"Hidrogen","item":"https:\/\/www.fiorentini-iberia.com\/ca\/experiencia\/hidrogen\/"},{"@type":"ListItem","position":4,"name":"Com es produeix l&#8217;hidrogen"}]},{"@type":"WebSite","@id":"https:\/\/www.fiorentini-iberia.com\/ca\/#website","url":"https:\/\/www.fiorentini-iberia.com\/ca\/","name":"Pietro Fiorentini Iberia","description":"Pietro Fiorentini dise\u00f1a y fabrica componentes, sistemas y servicios para la regulaci\u00f3n, medici\u00f3n, gesti\u00f3n de redes de agua, energ\u00edas renovables, petr\u00f3leo y el gas natural, con sistemas adaptados 100% al hidr\u00f3geno.","publisher":{"@id":"https:\/\/www.fiorentini-iberia.com\/ca\/#organization"},"potentialAction":[{"@type":"SearchAction","target":{"@type":"EntryPoint","urlTemplate":"https:\/\/www.fiorentini-iberia.com\/ca\/?s={search_term_string}"},"query-input":{"@type":"PropertyValueSpecification","valueRequired":true,"valueName":"search_term_string"}}],"inLanguage":"ca"},{"@type":"Organization","@id":"https:\/\/www.fiorentini-iberia.com\/ca\/#organization","name":"Pietro Fiorentini Iberia","url":"https:\/\/www.fiorentini-iberia.com\/ca\/","logo":{"@type":"ImageObject","inLanguage":"ca","@id":"https:\/\/www.fiorentini-iberia.com\/ca\/#\/schema\/logo\/image\/","url":"https:\/\/www.fiorentini-iberia.com\/wp-content\/uploads\/2020\/11\/logo.svg","contentUrl":"https:\/\/www.fiorentini-iberia.com\/wp-content\/uploads\/2020\/11\/logo.svg","width":227,"height":59,"caption":"Pietro Fiorentini Iberia"},"image":{"@id":"https:\/\/www.fiorentini-iberia.com\/ca\/#\/schema\/logo\/image\/"},"sameAs":["https:\/\/x.com\/FiorentiniSpa","https:\/\/www.linkedin.com\/company\/pietro-fiorentini-iberia\/"]}]}},"_links":{"self":[{"href":"https:\/\/www.fiorentini-iberia.com\/ca\/wp-json\/wp\/v2\/pages\/50256","targetHints":{"allow":["GET"]}}],"collection":[{"href":"https:\/\/www.fiorentini-iberia.com\/ca\/wp-json\/wp\/v2\/pages"}],"about":[{"href":"https:\/\/www.fiorentini-iberia.com\/ca\/wp-json\/wp\/v2\/types\/page"}],"author":[{"embeddable":true,"href":"https:\/\/www.fiorentini-iberia.com\/ca\/wp-json\/wp\/v2\/users\/15"}],"replies":[{"embeddable":true,"href":"https:\/\/www.fiorentini-iberia.com\/ca\/wp-json\/wp\/v2\/comments?post=50256"}],"version-history":[{"count":3,"href":"https:\/\/www.fiorentini-iberia.com\/ca\/wp-json\/wp\/v2\/pages\/50256\/revisions"}],"predecessor-version":[{"id":50285,"href":"https:\/\/www.fiorentini-iberia.com\/ca\/wp-json\/wp\/v2\/pages\/50256\/revisions\/50285"}],"up":[{"embeddable":true,"href":"https:\/\/www.fiorentini-iberia.com\/ca\/wp-json\/wp\/v2\/pages\/50126"}],"wp:attachment":[{"href":"https:\/\/www.fiorentini-iberia.com\/ca\/wp-json\/wp\/v2\/media?parent=50256"}],"curies":[{"name":"wp","href":"https:\/\/api.w.org\/{rel}","templated":true}]}}