{"id":50303,"date":"2024-02-21T10:40:12","date_gmt":"2024-02-21T09:40:12","guid":{"rendered":"https:\/\/www.fiorentini-iberia.com\/experiencia\/power-to-gas\/de-la-electricidad-al-gas-verde\/"},"modified":"2024-03-14T11:13:10","modified_gmt":"2024-03-14T10:13:10","slug":"de-lelectricitat-al-gas-verd","status":"publish","type":"page","link":"https:\/\/www.fiorentini-iberia.com\/ca\/experiencia\/power-to-gas\/de-lelectricitat-al-gas-verd\/","title":{"rendered":"De l&#8217;electricitat al gas verd"},"content":{"rendered":"\n<p><br>La tecnologia\u00a0Power-to-gas\u00a0aprofita el fenomen de l&#8217;<strong>electr\u00f2lisi<\/strong>: l&#8217;energia sobrant dels parcs e\u00f2lics, els camps fotovoltaics i la congesti\u00f3 de les infraestructures el\u00e8ctriques s&#8217;utilitza per a trencar els enlla\u00e7os de les mol\u00e8cules d&#8217;aigua i <strong>produir hidrogen<\/strong>.<\/p>\n\n\n\n<p>L&#8217;hidrogen verd pot <strong>valorar-se in situ all\u00ed on hi ha consum<\/strong>, per exemple en el sector de l&#8217;autom\u00f2bil, o <strong>transportar-se fins al punt d&#8217;\u00fas<\/strong> a trav\u00e9s de noves infraestructures espec\u00edfiques o, alternativament, utilitzant la xarxa de gas existent (fins als percentatges de compatibilitat permesos).<\/p>\n\n\n\n<p>Aquesta infraestructura est\u00e0 evolucionant per a poder acceptar quantitats cada vegada majors d&#8217;hidrogen que poden injectar-se en la xarxa gr\u00e0cies a l&#8217;\u00fas de <strong>sistemes de mescla<\/strong>. Es tracta d&#8217;una limitaci\u00f3 tecnol\u00f2gica que ara pot superar-se per complet gr\u00e0cies a les solucions de <strong>conversi\u00f3 d&#8217;energia en met\u00e0<\/strong> (P2M).<\/p>\n\n\n\n<p>En efecte, podem <strong>convertir l&#8217;hidrogen produ\u00eft a partir de l&#8217;energia el\u00e8ctrica en met\u00e0 i aigua<\/strong> fent \u00fas de la reacci\u00f3 de\u00a0Sabatier\u00a0mitjan\u00e7ant una font externa de <strong>di\u00f2xid de carboni<\/strong>. Aquest proc\u00e9s de\u00a0<strong>metanaci\u00f3<\/strong>, que pot tenir lloc per via biol\u00f2gica o catal\u00edtica, produeix <strong>un valu\u00f3s vector energ\u00e8tic<\/strong> que t\u00e9 les mateixes caracter\u00edstiques que el gas natural tradicional i, per tant, pot transportar-se i emmagatzemar-se de manera similar.<\/p>\n\n\n\n<p>Si el <strong>di\u00f2xid de carboni<\/strong> utilitzat \u00e9s d&#8217;<strong>origen renovable<\/strong> (biog\u00e0s, processos de fermentaci\u00f3 biol\u00f2gica, etc.), <strong>les mol\u00e8cules verdes obtingudes per\u00a0metanaci\u00f3n\u00a0es consideren biomet\u00e0<\/strong>.\u00a0<br>\u00a0 <\/p>\n\n\n\n<figure class=\"wp-block-image size-full\"><img loading=\"lazy\" decoding=\"async\" width=\"2133\" height=\"856\" src=\"https:\/\/www.fiorentini-iberia.com\/wp-content\/uploads\/2024\/03\/Expertise_Powertogas_1ENG-EXPPAG-1024x411-CAT.jpg\" alt=\"\" class=\"wp-image-50307\" srcset=\"https:\/\/www.fiorentini-iberia.com\/wp-content\/uploads\/2024\/03\/Expertise_Powertogas_1ENG-EXPPAG-1024x411-CAT.jpg 2133w, https:\/\/www.fiorentini-iberia.com\/wp-content\/uploads\/2024\/03\/Expertise_Powertogas_1ENG-EXPPAG-1024x411-CAT-300x120.jpg 300w, https:\/\/www.fiorentini-iberia.com\/wp-content\/uploads\/2024\/03\/Expertise_Powertogas_1ENG-EXPPAG-1024x411-CAT-1024x411.jpg 1024w, https:\/\/www.fiorentini-iberia.com\/wp-content\/uploads\/2024\/03\/Expertise_Powertogas_1ENG-EXPPAG-1024x411-CAT-768x308.jpg 768w, https:\/\/www.fiorentini-iberia.com\/wp-content\/uploads\/2024\/03\/Expertise_Powertogas_1ENG-EXPPAG-1024x411-CAT-1536x616.jpg 1536w, https:\/\/www.fiorentini-iberia.com\/wp-content\/uploads\/2024\/03\/Expertise_Powertogas_1ENG-EXPPAG-1024x411-CAT-2048x822.jpg 2048w\" sizes=\"auto, (max-width: 2133px) 100vw, 2133px\" \/><\/figure>\n\n\n\n<p class=\"has-text-align-center has-cyan-bluish-gray-color has-text-color has-link-color wp-elements-bd59a530436dacef2f5676db5ecb1e2d\"><em>Emmagatzematge d&#8217;energia renovable mitjan\u00e7ant tecnologia\u00a0Power-to-gas<\/em><\/p>\n","protected":false},"excerpt":{"rendered":"<p>La tecnologia Power-to-gas aprofita el fenomen de l&#8217;electr\u00f2lisi: l&#8217;exc\u00e9s d&#8217;energia el\u00e8ctrica renovable procedent de parcs e\u00f2lics, camps fotovoltaics i congestions d&#8217;infraestructures el\u00e8ctriques s&#8217;utilitza per a trencar els enlla\u00e7os de les mol\u00e8cules d&#8217;aigua i produir hidrogen, que pot revaloritzar-se in situ o transportar-se a altres llocs.<\/p>\n","protected":false},"author":15,"featured_media":0,"parent":50136,"menu_order":0,"comment_status":"closed","ping_status":"closed","template":"template-expertise-post.php","meta":{"_acf_changed":false,"inline_featured_image":false,"footnotes":""},"class_list":["post-50303","page","type-page","status-publish","hentry"],"acf":[],"yoast_head":"<!-- This site is optimized with the Yoast SEO plugin v27.2 - https:\/\/yoast.com\/product\/yoast-seo-wordpress\/ -->\n<title>De l&#039;electricitat al gas verd - Pietro Fiorentini<\/title>\n<meta name=\"description\" content=\"Podem convertir l&#039;hidrogen produ\u00eft a partir de l&#039;energia el\u00e8ctrica en met\u00e0 i aigua utilitzant una font externa de di\u00f2xid de carboni.\" \/>\n<meta name=\"robots\" content=\"index, follow, max-snippet:-1, max-image-preview:large, max-video-preview:-1\" \/>\n<link rel=\"canonical\" href=\"https:\/\/www.fiorentini-iberia.com\/ca\/experiencia\/power-to-gas\/de-lelectricitat-al-gas-verd\/\" \/>\n<meta property=\"og:locale\" content=\"ca_ES\" \/>\n<meta property=\"og:type\" content=\"article\" \/>\n<meta property=\"og:title\" content=\"De l&#039;electricitat al gas verd - Pietro Fiorentini\" \/>\n<meta property=\"og:description\" content=\"Podem convertir l&#039;hidrogen produ\u00eft a partir de l&#039;energia el\u00e8ctrica en met\u00e0 i aigua utilitzant una font externa de di\u00f2xid de carboni.\" \/>\n<meta property=\"og:url\" content=\"https:\/\/www.fiorentini-iberia.com\/ca\/experiencia\/power-to-gas\/de-lelectricitat-al-gas-verd\/\" \/>\n<meta property=\"og:site_name\" content=\"Pietro Fiorentini\" \/>\n<meta property=\"article:modified_time\" content=\"2024-03-14T10:13:10+00:00\" \/>\n<meta property=\"og:image\" content=\"https:\/\/www.fiorentini-iberia.com\/wp-content\/uploads\/2024\/03\/Expertise_Powertogas_1ENG-EXPPAG-1024x411-CAT.jpg\" \/>\n<meta name=\"twitter:card\" content=\"summary_large_image\" \/>\n<meta name=\"twitter:site\" content=\"@FiorentiniSpa\" \/>\n<meta name=\"twitter:label1\" content=\"Temps estimat de lectura\" \/>\n\t<meta name=\"twitter:data1\" content=\"2 minuts\" \/>\n<script type=\"application\/ld+json\" class=\"yoast-schema-graph\">{\"@context\":\"https:\/\/schema.org\",\"@graph\":[{\"@type\":\"WebPage\",\"@id\":\"https:\/\/www.fiorentini-iberia.com\/ca\/experiencia\/power-to-gas\/de-lelectricitat-al-gas-verd\/\",\"url\":\"https:\/\/www.fiorentini-iberia.com\/ca\/experiencia\/power-to-gas\/de-lelectricitat-al-gas-verd\/\",\"name\":\"De l'electricitat al gas verd - Pietro Fiorentini\",\"isPartOf\":{\"@id\":\"https:\/\/www.fiorentini-iberia.com\/ca\/#website\"},\"primaryImageOfPage\":{\"@id\":\"https:\/\/www.fiorentini-iberia.com\/ca\/experiencia\/power-to-gas\/de-lelectricitat-al-gas-verd\/#primaryimage\"},\"image\":{\"@id\":\"https:\/\/www.fiorentini-iberia.com\/ca\/experiencia\/power-to-gas\/de-lelectricitat-al-gas-verd\/#primaryimage\"},\"thumbnailUrl\":\"https:\/\/www.fiorentini-iberia.com\/wp-content\/uploads\/2024\/03\/Expertise_Powertogas_1ENG-EXPPAG-1024x411-CAT.jpg\",\"datePublished\":\"2024-02-21T09:40:12+00:00\",\"dateModified\":\"2024-03-14T10:13:10+00:00\",\"description\":\"Podem convertir l'hidrogen produ\u00eft a partir de l'energia el\u00e8ctrica en met\u00e0 i aigua utilitzant una font externa de di\u00f2xid de carboni.\",\"breadcrumb\":{\"@id\":\"https:\/\/www.fiorentini-iberia.com\/ca\/experiencia\/power-to-gas\/de-lelectricitat-al-gas-verd\/#breadcrumb\"},\"inLanguage\":\"ca\",\"potentialAction\":[{\"@type\":\"ReadAction\",\"target\":[\"https:\/\/www.fiorentini-iberia.com\/ca\/experiencia\/power-to-gas\/de-lelectricitat-al-gas-verd\/\"]}]},{\"@type\":\"ImageObject\",\"inLanguage\":\"ca\",\"@id\":\"https:\/\/www.fiorentini-iberia.com\/ca\/experiencia\/power-to-gas\/de-lelectricitat-al-gas-verd\/#primaryimage\",\"url\":\"https:\/\/www.fiorentini-iberia.com\/wp-content\/uploads\/2024\/03\/Expertise_Powertogas_1ENG-EXPPAG-1024x411-CAT.jpg\",\"contentUrl\":\"https:\/\/www.fiorentini-iberia.com\/wp-content\/uploads\/2024\/03\/Expertise_Powertogas_1ENG-EXPPAG-1024x411-CAT.jpg\"},{\"@type\":\"BreadcrumbList\",\"@id\":\"https:\/\/www.fiorentini-iberia.com\/ca\/experiencia\/power-to-gas\/de-lelectricitat-al-gas-verd\/#breadcrumb\",\"itemListElement\":[{\"@type\":\"ListItem\",\"position\":1,\"name\":\"Home\",\"item\":\"https:\/\/www.fiorentini-iberia.com\/ca\/\"},{\"@type\":\"ListItem\",\"position\":2,\"name\":\"Experi\u00e8ncia\",\"item\":\"https:\/\/www.fiorentini-iberia.com\/ca\/experiencia\/\"},{\"@type\":\"ListItem\",\"position\":3,\"name\":\"Power-to-gas\",\"item\":\"https:\/\/www.fiorentini-iberia.com\/ca\/experiencia\/power-to-gas\/\"},{\"@type\":\"ListItem\",\"position\":4,\"name\":\"De l&#8217;electricitat al gas verd\"}]},{\"@type\":\"WebSite\",\"@id\":\"https:\/\/www.fiorentini-iberia.com\/ca\/#website\",\"url\":\"https:\/\/www.fiorentini-iberia.com\/ca\/\",\"name\":\"Pietro Fiorentini Iberia\",\"description\":\"Pietro Fiorentini dise\u00f1a y fabrica componentes, sistemas y servicios para la regulaci\u00f3n, medici\u00f3n, gesti\u00f3n de redes de agua, energ\u00edas renovables, petr\u00f3leo y el gas natural, con sistemas adaptados 100% al hidr\u00f3geno.\",\"publisher\":{\"@id\":\"https:\/\/www.fiorentini-iberia.com\/ca\/#organization\"},\"potentialAction\":[{\"@type\":\"SearchAction\",\"target\":{\"@type\":\"EntryPoint\",\"urlTemplate\":\"https:\/\/www.fiorentini-iberia.com\/ca\/?s={search_term_string}\"},\"query-input\":{\"@type\":\"PropertyValueSpecification\",\"valueRequired\":true,\"valueName\":\"search_term_string\"}}],\"inLanguage\":\"ca\"},{\"@type\":\"Organization\",\"@id\":\"https:\/\/www.fiorentini-iberia.com\/ca\/#organization\",\"name\":\"Pietro Fiorentini Iberia\",\"url\":\"https:\/\/www.fiorentini-iberia.com\/ca\/\",\"logo\":{\"@type\":\"ImageObject\",\"inLanguage\":\"ca\",\"@id\":\"https:\/\/www.fiorentini-iberia.com\/ca\/#\/schema\/logo\/image\/\",\"url\":\"https:\/\/www.fiorentini-iberia.com\/wp-content\/uploads\/2020\/11\/logo.svg\",\"contentUrl\":\"https:\/\/www.fiorentini-iberia.com\/wp-content\/uploads\/2020\/11\/logo.svg\",\"width\":227,\"height\":59,\"caption\":\"Pietro Fiorentini Iberia\"},\"image\":{\"@id\":\"https:\/\/www.fiorentini-iberia.com\/ca\/#\/schema\/logo\/image\/\"},\"sameAs\":[\"https:\/\/x.com\/FiorentiniSpa\",\"https:\/\/www.linkedin.com\/company\/pietro-fiorentini-iberia\/\"]}]}<\/script>\n<!-- \/ Yoast SEO plugin. -->","yoast_head_json":{"title":"De l'electricitat al gas verd - Pietro Fiorentini","description":"Podem convertir l'hidrogen produ\u00eft a partir de l'energia el\u00e8ctrica en met\u00e0 i aigua utilitzant una font externa de di\u00f2xid de carboni.","robots":{"index":"index","follow":"follow","max-snippet":"max-snippet:-1","max-image-preview":"max-image-preview:large","max-video-preview":"max-video-preview:-1"},"canonical":"https:\/\/www.fiorentini-iberia.com\/ca\/experiencia\/power-to-gas\/de-lelectricitat-al-gas-verd\/","og_locale":"ca_ES","og_type":"article","og_title":"De l'electricitat al gas verd - Pietro Fiorentini","og_description":"Podem convertir l'hidrogen produ\u00eft a partir de l'energia el\u00e8ctrica en met\u00e0 i aigua utilitzant una font externa de di\u00f2xid de carboni.","og_url":"https:\/\/www.fiorentini-iberia.com\/ca\/experiencia\/power-to-gas\/de-lelectricitat-al-gas-verd\/","og_site_name":"Pietro Fiorentini","article_modified_time":"2024-03-14T10:13:10+00:00","og_image":[{"url":"https:\/\/www.fiorentini-iberia.com\/wp-content\/uploads\/2024\/03\/Expertise_Powertogas_1ENG-EXPPAG-1024x411-CAT.jpg","type":"","width":"","height":""}],"twitter_card":"summary_large_image","twitter_site":"@FiorentiniSpa","twitter_misc":{"Temps estimat de lectura":"2 minuts"},"schema":{"@context":"https:\/\/schema.org","@graph":[{"@type":"WebPage","@id":"https:\/\/www.fiorentini-iberia.com\/ca\/experiencia\/power-to-gas\/de-lelectricitat-al-gas-verd\/","url":"https:\/\/www.fiorentini-iberia.com\/ca\/experiencia\/power-to-gas\/de-lelectricitat-al-gas-verd\/","name":"De l'electricitat al gas verd - Pietro Fiorentini","isPartOf":{"@id":"https:\/\/www.fiorentini-iberia.com\/ca\/#website"},"primaryImageOfPage":{"@id":"https:\/\/www.fiorentini-iberia.com\/ca\/experiencia\/power-to-gas\/de-lelectricitat-al-gas-verd\/#primaryimage"},"image":{"@id":"https:\/\/www.fiorentini-iberia.com\/ca\/experiencia\/power-to-gas\/de-lelectricitat-al-gas-verd\/#primaryimage"},"thumbnailUrl":"https:\/\/www.fiorentini-iberia.com\/wp-content\/uploads\/2024\/03\/Expertise_Powertogas_1ENG-EXPPAG-1024x411-CAT.jpg","datePublished":"2024-02-21T09:40:12+00:00","dateModified":"2024-03-14T10:13:10+00:00","description":"Podem convertir l'hidrogen produ\u00eft a partir de l'energia el\u00e8ctrica en met\u00e0 i aigua utilitzant una font externa de di\u00f2xid de carboni.","breadcrumb":{"@id":"https:\/\/www.fiorentini-iberia.com\/ca\/experiencia\/power-to-gas\/de-lelectricitat-al-gas-verd\/#breadcrumb"},"inLanguage":"ca","potentialAction":[{"@type":"ReadAction","target":["https:\/\/www.fiorentini-iberia.com\/ca\/experiencia\/power-to-gas\/de-lelectricitat-al-gas-verd\/"]}]},{"@type":"ImageObject","inLanguage":"ca","@id":"https:\/\/www.fiorentini-iberia.com\/ca\/experiencia\/power-to-gas\/de-lelectricitat-al-gas-verd\/#primaryimage","url":"https:\/\/www.fiorentini-iberia.com\/wp-content\/uploads\/2024\/03\/Expertise_Powertogas_1ENG-EXPPAG-1024x411-CAT.jpg","contentUrl":"https:\/\/www.fiorentini-iberia.com\/wp-content\/uploads\/2024\/03\/Expertise_Powertogas_1ENG-EXPPAG-1024x411-CAT.jpg"},{"@type":"BreadcrumbList","@id":"https:\/\/www.fiorentini-iberia.com\/ca\/experiencia\/power-to-gas\/de-lelectricitat-al-gas-verd\/#breadcrumb","itemListElement":[{"@type":"ListItem","position":1,"name":"Home","item":"https:\/\/www.fiorentini-iberia.com\/ca\/"},{"@type":"ListItem","position":2,"name":"Experi\u00e8ncia","item":"https:\/\/www.fiorentini-iberia.com\/ca\/experiencia\/"},{"@type":"ListItem","position":3,"name":"Power-to-gas","item":"https:\/\/www.fiorentini-iberia.com\/ca\/experiencia\/power-to-gas\/"},{"@type":"ListItem","position":4,"name":"De l&#8217;electricitat al gas verd"}]},{"@type":"WebSite","@id":"https:\/\/www.fiorentini-iberia.com\/ca\/#website","url":"https:\/\/www.fiorentini-iberia.com\/ca\/","name":"Pietro Fiorentini Iberia","description":"Pietro Fiorentini dise\u00f1a y fabrica componentes, sistemas y servicios para la regulaci\u00f3n, medici\u00f3n, gesti\u00f3n de redes de agua, energ\u00edas renovables, petr\u00f3leo y el gas natural, con sistemas adaptados 100% al hidr\u00f3geno.","publisher":{"@id":"https:\/\/www.fiorentini-iberia.com\/ca\/#organization"},"potentialAction":[{"@type":"SearchAction","target":{"@type":"EntryPoint","urlTemplate":"https:\/\/www.fiorentini-iberia.com\/ca\/?s={search_term_string}"},"query-input":{"@type":"PropertyValueSpecification","valueRequired":true,"valueName":"search_term_string"}}],"inLanguage":"ca"},{"@type":"Organization","@id":"https:\/\/www.fiorentini-iberia.com\/ca\/#organization","name":"Pietro Fiorentini Iberia","url":"https:\/\/www.fiorentini-iberia.com\/ca\/","logo":{"@type":"ImageObject","inLanguage":"ca","@id":"https:\/\/www.fiorentini-iberia.com\/ca\/#\/schema\/logo\/image\/","url":"https:\/\/www.fiorentini-iberia.com\/wp-content\/uploads\/2020\/11\/logo.svg","contentUrl":"https:\/\/www.fiorentini-iberia.com\/wp-content\/uploads\/2020\/11\/logo.svg","width":227,"height":59,"caption":"Pietro Fiorentini Iberia"},"image":{"@id":"https:\/\/www.fiorentini-iberia.com\/ca\/#\/schema\/logo\/image\/"},"sameAs":["https:\/\/x.com\/FiorentiniSpa","https:\/\/www.linkedin.com\/company\/pietro-fiorentini-iberia\/"]}]}},"_links":{"self":[{"href":"https:\/\/www.fiorentini-iberia.com\/ca\/wp-json\/wp\/v2\/pages\/50303","targetHints":{"allow":["GET"]}}],"collection":[{"href":"https:\/\/www.fiorentini-iberia.com\/ca\/wp-json\/wp\/v2\/pages"}],"about":[{"href":"https:\/\/www.fiorentini-iberia.com\/ca\/wp-json\/wp\/v2\/types\/page"}],"author":[{"embeddable":true,"href":"https:\/\/www.fiorentini-iberia.com\/ca\/wp-json\/wp\/v2\/users\/15"}],"replies":[{"embeddable":true,"href":"https:\/\/www.fiorentini-iberia.com\/ca\/wp-json\/wp\/v2\/comments?post=50303"}],"version-history":[{"count":2,"href":"https:\/\/www.fiorentini-iberia.com\/ca\/wp-json\/wp\/v2\/pages\/50303\/revisions"}],"predecessor-version":[{"id":50311,"href":"https:\/\/www.fiorentini-iberia.com\/ca\/wp-json\/wp\/v2\/pages\/50303\/revisions\/50311"}],"up":[{"embeddable":true,"href":"https:\/\/www.fiorentini-iberia.com\/ca\/wp-json\/wp\/v2\/pages\/50136"}],"wp:attachment":[{"href":"https:\/\/www.fiorentini-iberia.com\/ca\/wp-json\/wp\/v2\/media?parent=50303"}],"curies":[{"name":"wp","href":"https:\/\/api.w.org\/{rel}","templated":true}]}}