{"id":50313,"date":"2024-02-21T11:43:43","date_gmt":"2024-02-21T10:43:43","guid":{"rendered":"https:\/\/www.fiorentini-iberia.com\/experiencia\/power-to-gas\/soluciones-completas-de-power-to-gas\/"},"modified":"2024-03-14T11:58:18","modified_gmt":"2024-03-14T10:58:18","slug":"solucions-completes-de-power-to-gas-de-pietro-fiorentini","status":"publish","type":"page","link":"https:\/\/www.fiorentini-iberia.com\/ca\/experiencia\/power-to-gas\/solucions-completes-de-power-to-gas-de-pietro-fiorentini\/","title":{"rendered":"Solucions completes de\u00a0Power-to-gas\u00a0de\u00a0Pietro\u00a0Fiorentini"},"content":{"rendered":"\n<p>80 anys d&#8217;experi\u00e8ncia en el processament de gas natural combinats amb el nostre comprom\u00eds amb el proc\u00e9s de descarbonitzaci\u00f3 ens han impulsat a desenvolupar solucions completes de conversi\u00f3 d&#8217;energia en gas. <strong>Des dels sistemes d&#8217;injecci\u00f3 d&#8217;hidrogen pur despr\u00e9s de la mescla fins al desenvolupament de solucions de xarxa preparades per a l&#8217;hidrogen<\/strong>, contribu\u00efm al desenvolupament de la infraestructura necess\u00e0ria per a superar les restriccions tecnol\u00f2giques que limiten la introducci\u00f3 de gasos verds.<\/p>\n\n\n\n<p>A m\u00e9s de les <strong>solucions&nbsp;power-to-methane<\/strong>, que equilibren aquest esfor\u00e7, fent que el gas verd produ\u00eft sigui totalment compatible amb la infraestructura pertinent des del principi,&nbsp;Pietro&nbsp;Fiorentini&nbsp;ha ampliat recentment la seva oferta de serveis a <strong>sistemes alternatius de metaniaci\u00f3 biol\u00f2gica<\/strong> dissenyats per a satisfer les necessitats de <strong>producci\u00f3 d&#8217;energia renovable en plantes petites i mitjanes<\/strong>.<\/p>\n\n\n\n<ol class=\"wp-block-list\">\n<li><strong><a href=\"#biomethanation-systems\">Sistemes de&nbsp;biometanaci\u00f3<\/a><\/strong><\/li>\n\n\n\n<li><strong><a href=\"#pietro-fiorentinis-commitment-to-energy-transition\">El comprom\u00eds de&nbsp;Pietro&nbsp;Fiorentini&nbsp;amb la transici\u00f3 energ\u00e8tica<\/a><\/strong><\/li>\n<\/ol>\n\n\n\n<h3 class=\"wp-block-heading\" id=\"biomethanation-systems\">&nbsp;<br>Sistemes de biometanaci\u00f3<\/h3>\n\n\n\n<p>En el proc\u00e9s de&nbsp;<strong>biometanizaci\u00f3n<\/strong>, milers de milions de <strong>microorganismes&nbsp;metanog\u00e9nicos&nbsp;anomenats&nbsp;Archaea<\/strong>&nbsp;metabolizan&nbsp;l&#8217;hidrogen i el di\u00f2xid de carboni en met\u00e0 i aigua dins d&#8217;un entorn anaer\u00f2bic. <\/p>\n\n\n\n<p>Aquest proc\u00e9s \u00e9s especialment apropiat quan es requereix una forta reactivitat, com en el cas de la <strong>conversi\u00f3 d&#8217;energia en gas<\/strong>, i en els casos en qu\u00e8 els gasos contaminats es processen amb tecnologies tradicionals que requeririen un tractament previ per a evitar l&#8217;enverinament dels catalitzadors.<\/p>\n\n\n\n<p>La&nbsp;biometanaci\u00f3n&nbsp;tamb\u00e9 permet aprofitar les sinergies entre les plantes de conversi\u00f3 d&#8217;energia en gas i les de <strong>digesti\u00f3 anaer\u00f2bia de biog\u00e0s<\/strong>, ja que els llots presents poden servir d&#8217;aliment a les arqueges.<\/p>\n\n\n\n<p>Es tracta de <strong>solucions innovadores<\/strong> que reforcen el comprom\u00eds de&nbsp;Pietro&nbsp;Fiorentini&nbsp;amb la <strong>producci\u00f3 de mol\u00e8cules verdes<\/strong>: els nostres sistemes de conversi\u00f3 de biog\u00e0s en biomet\u00e0, les solucions d&#8217;injecci\u00f3 descentralitzada de gas en xarxa i&nbsp;BiRemi\u2122&nbsp;ja han posat en marxa i continuen donant suport a la <strong>modernitzaci\u00f3 de les infraestructures<\/strong> dissenyades entorn de les necessitats de transport i distribuci\u00f3 del gas verd.<br>&nbsp;<\/p>\n\n\n\n<h3 class=\"wp-block-heading\" id=\"pietro-fiorentinis-commitment-to-energy-transition\">El comprom\u00eds de\u00a0Pietro\u00a0Fiorentini\u00a0amb la transici\u00f3 energ\u00e8tica<\/h3>\n\n\n\n<p><br>La conversi\u00f3 de l&#8217;electricitat en gas \u00e9s avui una de les tecnologies m\u00e9s prometedores per a <strong>facilitar la transici\u00f3 energ\u00e8tica<\/strong> i complir el <strong><a href=\"https:\/\/ec.europa.eu\/info\/strategy\/priorities-2019-2024\/european-green-deal_en\" target=\"_blank\" rel=\"noreferrer noopener\">Pacte Verd<\/a><\/strong> signat per la Uni\u00f3 Europea, que preveu zero emissions netes de gasos d&#8217;efecte d&#8217;hivernacle d&#8217;aqu\u00ed a 2050, amb objectius intermedis molt exigents per a 2030.<\/p>\n\n\n\n<p>De fet, la utilitzaci\u00f3 de les infraestructures de gas existents permetr\u00e0 generalitzar la disponibilitat de grans quantitats d&#8217;energia. Un viatge cap a <strong>sistemes de gas\u00a0descarbonizados\u00a0i\u00a0defosilizados<\/strong>\u00a0integrats en infraestructures energ\u00e8tiques que seran hol\u00edstiques, segons la visi\u00f3 de\u00a0Pietro\u00a0Fiorentini. Aix\u00ed, no sols inclour\u00e0 plantes i tecnologies de tractament de gas, sin\u00f3 projectes capa\u00e7os d&#8217;englobar totes les solucions necess\u00e0ries per a aconseguir la <strong>resili\u00e8ncia del sistema<\/strong> dins d&#8217;un entorn \u00fanic i satisfer els nous requisits d&#8217;equilibri entre l&#8217;oferta i la demanda d&#8217;energia<\/p>\n","protected":false},"excerpt":{"rendered":"<p>80 anys d&#8217;experi\u00e8ncia en el processament de gas natural combinats amb el nostre comprom\u00eds amb el proc\u00e9s de descarbonitzaci\u00f3 ens han portat a desenvolupar solucions completes que van des de la conversi\u00f3 d&#8217;electricitat en met\u00e0, per a convertir l&#8217;electricitat en gas verd compatible amb la infraestructura corresponent, fins a les plantes de metanitzaci\u00f3 biol\u00f2gica.<\/p>\n","protected":false},"author":15,"featured_media":0,"parent":50136,"menu_order":0,"comment_status":"closed","ping_status":"closed","template":"template-expertise-post.php","meta":{"_acf_changed":false,"inline_featured_image":false,"footnotes":""},"class_list":["post-50313","page","type-page","status-publish","hentry"],"acf":[],"yoast_head":"<!-- This site is optimized with the Yoast SEO plugin v27.2 - https:\/\/yoast.com\/product\/yoast-seo-wordpress\/ -->\n<title>Solucions completes de\u00a0Power-to-gas\u00a0de\u00a0Pietro\u00a0Fiorentini - Pietro Fiorentini<\/title>\n<meta name=\"description\" content=\"Pietro Fiorentini ha ampliat recentment la seva oferta de serveis a sistemes biol\u00f2gics alternatius de metanaci\u00f3.\" \/>\n<meta name=\"robots\" content=\"index, follow, max-snippet:-1, max-image-preview:large, max-video-preview:-1\" \/>\n<link rel=\"canonical\" href=\"https:\/\/www.fiorentini-iberia.com\/ca\/experiencia\/power-to-gas\/solucions-completes-de-power-to-gas-de-pietro-fiorentini\/\" \/>\n<meta property=\"og:locale\" content=\"ca_ES\" \/>\n<meta property=\"og:type\" content=\"article\" \/>\n<meta property=\"og:title\" content=\"Solucions completes de\u00a0Power-to-gas\u00a0de\u00a0Pietro\u00a0Fiorentini - Pietro Fiorentini\" \/>\n<meta property=\"og:description\" content=\"Pietro Fiorentini ha ampliat recentment la seva oferta de serveis a sistemes biol\u00f2gics alternatius de metanaci\u00f3.\" \/>\n<meta property=\"og:url\" content=\"https:\/\/www.fiorentini-iberia.com\/ca\/experiencia\/power-to-gas\/solucions-completes-de-power-to-gas-de-pietro-fiorentini\/\" \/>\n<meta property=\"og:site_name\" content=\"Pietro Fiorentini\" \/>\n<meta property=\"article:modified_time\" content=\"2024-03-14T10:58:18+00:00\" \/>\n<meta name=\"twitter:card\" content=\"summary_large_image\" \/>\n<meta name=\"twitter:site\" content=\"@FiorentiniSpa\" \/>\n<meta name=\"twitter:label1\" content=\"Temps estimat de lectura\" \/>\n\t<meta name=\"twitter:data1\" content=\"3 minuts\" \/>\n<script type=\"application\/ld+json\" class=\"yoast-schema-graph\">{\"@context\":\"https:\/\/schema.org\",\"@graph\":[{\"@type\":\"WebPage\",\"@id\":\"https:\/\/www.fiorentini-iberia.com\/ca\/experiencia\/power-to-gas\/solucions-completes-de-power-to-gas-de-pietro-fiorentini\/\",\"url\":\"https:\/\/www.fiorentini-iberia.com\/ca\/experiencia\/power-to-gas\/solucions-completes-de-power-to-gas-de-pietro-fiorentini\/\",\"name\":\"Solucions completes de\u00a0Power-to-gas\u00a0de\u00a0Pietro\u00a0Fiorentini - Pietro Fiorentini\",\"isPartOf\":{\"@id\":\"https:\/\/www.fiorentini-iberia.com\/ca\/#website\"},\"datePublished\":\"2024-02-21T10:43:43+00:00\",\"dateModified\":\"2024-03-14T10:58:18+00:00\",\"description\":\"Pietro Fiorentini ha ampliat recentment la seva oferta de serveis a sistemes biol\u00f2gics alternatius de metanaci\u00f3.\",\"breadcrumb\":{\"@id\":\"https:\/\/www.fiorentini-iberia.com\/ca\/experiencia\/power-to-gas\/solucions-completes-de-power-to-gas-de-pietro-fiorentini\/#breadcrumb\"},\"inLanguage\":\"ca\",\"potentialAction\":[{\"@type\":\"ReadAction\",\"target\":[\"https:\/\/www.fiorentini-iberia.com\/ca\/experiencia\/power-to-gas\/solucions-completes-de-power-to-gas-de-pietro-fiorentini\/\"]}]},{\"@type\":\"BreadcrumbList\",\"@id\":\"https:\/\/www.fiorentini-iberia.com\/ca\/experiencia\/power-to-gas\/solucions-completes-de-power-to-gas-de-pietro-fiorentini\/#breadcrumb\",\"itemListElement\":[{\"@type\":\"ListItem\",\"position\":1,\"name\":\"Home\",\"item\":\"https:\/\/www.fiorentini-iberia.com\/ca\/\"},{\"@type\":\"ListItem\",\"position\":2,\"name\":\"Experi\u00e8ncia\",\"item\":\"https:\/\/www.fiorentini-iberia.com\/ca\/experiencia\/\"},{\"@type\":\"ListItem\",\"position\":3,\"name\":\"Power-to-gas\",\"item\":\"https:\/\/www.fiorentini-iberia.com\/ca\/experiencia\/power-to-gas\/\"},{\"@type\":\"ListItem\",\"position\":4,\"name\":\"Solucions completes de\u00a0Power-to-gas\u00a0de\u00a0Pietro\u00a0Fiorentini\"}]},{\"@type\":\"WebSite\",\"@id\":\"https:\/\/www.fiorentini-iberia.com\/ca\/#website\",\"url\":\"https:\/\/www.fiorentini-iberia.com\/ca\/\",\"name\":\"Pietro Fiorentini Iberia\",\"description\":\"Pietro Fiorentini dise\u00f1a y fabrica componentes, sistemas y servicios para la regulaci\u00f3n, medici\u00f3n, gesti\u00f3n de redes de agua, energ\u00edas renovables, petr\u00f3leo y el gas natural, con sistemas adaptados 100% al hidr\u00f3geno.\",\"publisher\":{\"@id\":\"https:\/\/www.fiorentini-iberia.com\/ca\/#organization\"},\"potentialAction\":[{\"@type\":\"SearchAction\",\"target\":{\"@type\":\"EntryPoint\",\"urlTemplate\":\"https:\/\/www.fiorentini-iberia.com\/ca\/?s={search_term_string}\"},\"query-input\":{\"@type\":\"PropertyValueSpecification\",\"valueRequired\":true,\"valueName\":\"search_term_string\"}}],\"inLanguage\":\"ca\"},{\"@type\":\"Organization\",\"@id\":\"https:\/\/www.fiorentini-iberia.com\/ca\/#organization\",\"name\":\"Pietro Fiorentini Iberia\",\"url\":\"https:\/\/www.fiorentini-iberia.com\/ca\/\",\"logo\":{\"@type\":\"ImageObject\",\"inLanguage\":\"ca\",\"@id\":\"https:\/\/www.fiorentini-iberia.com\/ca\/#\/schema\/logo\/image\/\",\"url\":\"https:\/\/www.fiorentini-iberia.com\/wp-content\/uploads\/2020\/11\/logo.svg\",\"contentUrl\":\"https:\/\/www.fiorentini-iberia.com\/wp-content\/uploads\/2020\/11\/logo.svg\",\"width\":227,\"height\":59,\"caption\":\"Pietro Fiorentini Iberia\"},\"image\":{\"@id\":\"https:\/\/www.fiorentini-iberia.com\/ca\/#\/schema\/logo\/image\/\"},\"sameAs\":[\"https:\/\/x.com\/FiorentiniSpa\",\"https:\/\/www.linkedin.com\/company\/pietro-fiorentini-iberia\/\"]}]}<\/script>\n<!-- \/ Yoast SEO plugin. -->","yoast_head_json":{"title":"Solucions completes de\u00a0Power-to-gas\u00a0de\u00a0Pietro\u00a0Fiorentini - Pietro Fiorentini","description":"Pietro Fiorentini ha ampliat recentment la seva oferta de serveis a sistemes biol\u00f2gics alternatius de metanaci\u00f3.","robots":{"index":"index","follow":"follow","max-snippet":"max-snippet:-1","max-image-preview":"max-image-preview:large","max-video-preview":"max-video-preview:-1"},"canonical":"https:\/\/www.fiorentini-iberia.com\/ca\/experiencia\/power-to-gas\/solucions-completes-de-power-to-gas-de-pietro-fiorentini\/","og_locale":"ca_ES","og_type":"article","og_title":"Solucions completes de\u00a0Power-to-gas\u00a0de\u00a0Pietro\u00a0Fiorentini - Pietro Fiorentini","og_description":"Pietro Fiorentini ha ampliat recentment la seva oferta de serveis a sistemes biol\u00f2gics alternatius de metanaci\u00f3.","og_url":"https:\/\/www.fiorentini-iberia.com\/ca\/experiencia\/power-to-gas\/solucions-completes-de-power-to-gas-de-pietro-fiorentini\/","og_site_name":"Pietro Fiorentini","article_modified_time":"2024-03-14T10:58:18+00:00","twitter_card":"summary_large_image","twitter_site":"@FiorentiniSpa","twitter_misc":{"Temps estimat de lectura":"3 minuts"},"schema":{"@context":"https:\/\/schema.org","@graph":[{"@type":"WebPage","@id":"https:\/\/www.fiorentini-iberia.com\/ca\/experiencia\/power-to-gas\/solucions-completes-de-power-to-gas-de-pietro-fiorentini\/","url":"https:\/\/www.fiorentini-iberia.com\/ca\/experiencia\/power-to-gas\/solucions-completes-de-power-to-gas-de-pietro-fiorentini\/","name":"Solucions completes de\u00a0Power-to-gas\u00a0de\u00a0Pietro\u00a0Fiorentini - Pietro Fiorentini","isPartOf":{"@id":"https:\/\/www.fiorentini-iberia.com\/ca\/#website"},"datePublished":"2024-02-21T10:43:43+00:00","dateModified":"2024-03-14T10:58:18+00:00","description":"Pietro Fiorentini ha ampliat recentment la seva oferta de serveis a sistemes biol\u00f2gics alternatius de metanaci\u00f3.","breadcrumb":{"@id":"https:\/\/www.fiorentini-iberia.com\/ca\/experiencia\/power-to-gas\/solucions-completes-de-power-to-gas-de-pietro-fiorentini\/#breadcrumb"},"inLanguage":"ca","potentialAction":[{"@type":"ReadAction","target":["https:\/\/www.fiorentini-iberia.com\/ca\/experiencia\/power-to-gas\/solucions-completes-de-power-to-gas-de-pietro-fiorentini\/"]}]},{"@type":"BreadcrumbList","@id":"https:\/\/www.fiorentini-iberia.com\/ca\/experiencia\/power-to-gas\/solucions-completes-de-power-to-gas-de-pietro-fiorentini\/#breadcrumb","itemListElement":[{"@type":"ListItem","position":1,"name":"Home","item":"https:\/\/www.fiorentini-iberia.com\/ca\/"},{"@type":"ListItem","position":2,"name":"Experi\u00e8ncia","item":"https:\/\/www.fiorentini-iberia.com\/ca\/experiencia\/"},{"@type":"ListItem","position":3,"name":"Power-to-gas","item":"https:\/\/www.fiorentini-iberia.com\/ca\/experiencia\/power-to-gas\/"},{"@type":"ListItem","position":4,"name":"Solucions completes de\u00a0Power-to-gas\u00a0de\u00a0Pietro\u00a0Fiorentini"}]},{"@type":"WebSite","@id":"https:\/\/www.fiorentini-iberia.com\/ca\/#website","url":"https:\/\/www.fiorentini-iberia.com\/ca\/","name":"Pietro Fiorentini Iberia","description":"Pietro Fiorentini dise\u00f1a y fabrica componentes, sistemas y servicios para la regulaci\u00f3n, medici\u00f3n, gesti\u00f3n de redes de agua, energ\u00edas renovables, petr\u00f3leo y el gas natural, con sistemas adaptados 100% al hidr\u00f3geno.","publisher":{"@id":"https:\/\/www.fiorentini-iberia.com\/ca\/#organization"},"potentialAction":[{"@type":"SearchAction","target":{"@type":"EntryPoint","urlTemplate":"https:\/\/www.fiorentini-iberia.com\/ca\/?s={search_term_string}"},"query-input":{"@type":"PropertyValueSpecification","valueRequired":true,"valueName":"search_term_string"}}],"inLanguage":"ca"},{"@type":"Organization","@id":"https:\/\/www.fiorentini-iberia.com\/ca\/#organization","name":"Pietro Fiorentini Iberia","url":"https:\/\/www.fiorentini-iberia.com\/ca\/","logo":{"@type":"ImageObject","inLanguage":"ca","@id":"https:\/\/www.fiorentini-iberia.com\/ca\/#\/schema\/logo\/image\/","url":"https:\/\/www.fiorentini-iberia.com\/wp-content\/uploads\/2020\/11\/logo.svg","contentUrl":"https:\/\/www.fiorentini-iberia.com\/wp-content\/uploads\/2020\/11\/logo.svg","width":227,"height":59,"caption":"Pietro Fiorentini Iberia"},"image":{"@id":"https:\/\/www.fiorentini-iberia.com\/ca\/#\/schema\/logo\/image\/"},"sameAs":["https:\/\/x.com\/FiorentiniSpa","https:\/\/www.linkedin.com\/company\/pietro-fiorentini-iberia\/"]}]}},"_links":{"self":[{"href":"https:\/\/www.fiorentini-iberia.com\/ca\/wp-json\/wp\/v2\/pages\/50313","targetHints":{"allow":["GET"]}}],"collection":[{"href":"https:\/\/www.fiorentini-iberia.com\/ca\/wp-json\/wp\/v2\/pages"}],"about":[{"href":"https:\/\/www.fiorentini-iberia.com\/ca\/wp-json\/wp\/v2\/types\/page"}],"author":[{"embeddable":true,"href":"https:\/\/www.fiorentini-iberia.com\/ca\/wp-json\/wp\/v2\/users\/15"}],"replies":[{"embeddable":true,"href":"https:\/\/www.fiorentini-iberia.com\/ca\/wp-json\/wp\/v2\/comments?post=50313"}],"version-history":[{"count":3,"href":"https:\/\/www.fiorentini-iberia.com\/ca\/wp-json\/wp\/v2\/pages\/50313\/revisions"}],"predecessor-version":[{"id":50333,"href":"https:\/\/www.fiorentini-iberia.com\/ca\/wp-json\/wp\/v2\/pages\/50313\/revisions\/50333"}],"up":[{"embeddable":true,"href":"https:\/\/www.fiorentini-iberia.com\/ca\/wp-json\/wp\/v2\/pages\/50136"}],"wp:attachment":[{"href":"https:\/\/www.fiorentini-iberia.com\/ca\/wp-json\/wp\/v2\/media?parent=50313"}],"curies":[{"name":"wp","href":"https:\/\/api.w.org\/{rel}","templated":true}]}}