{"id":50334,"date":"2023-12-13T14:30:00","date_gmt":"2023-12-13T13:30:00","guid":{"rendered":"https:\/\/www.fiorentini-iberia.com\/experiencia\/proteccio-catodica\/experiencia-de-pietro-fiorentini-en-proteccion-catodica\/"},"modified":"2024-03-14T12:08:27","modified_gmt":"2024-03-14T11:08:27","slug":"experiencia-de-pietro-fiorentini-en-proteccio-catodica","status":"publish","type":"page","link":"https:\/\/www.fiorentini-iberia.com\/ca\/experiencia\/proteccio-catodica\/experiencia-de-pietro-fiorentini-en-proteccio-catodica\/","title":{"rendered":"Experi\u00e8ncia de Pietro Fiorentini en protecci\u00f3 cat\u00f2dica"},"content":{"rendered":"\n<p>Per tal de complir les darreres especificacions i normes t\u00e8cniques del sector, Pietro Fiorentini est\u00e0 treballant en el desenvolupament de l\u2019<strong>\u00faltima generaci\u00f3 de registradors de dades de monitoritzaci\u00f3 remota <\/strong>amb m\u00f2duls de comunicaci\u00f3 compatibles amb la nova tecnologia 4G\/LTE i interruptor c\u00edclic a bord per medicions E<sub>OFF<\/sub>.<\/p>\n\n\n\n<p>L\u2019empresa va comen\u00e7ar a desenvolupar i crear <strong>sistemes de monitoritzaci\u00f3 per la protecci\u00f3 cat\u00f2dica <\/strong>el 2016 amb l\u2019<strong>adquisici\u00f3 <\/strong>de Tecnosystem Group, una reconeguda empresa italiana de&nbsp; serveis d\u2019adquisici\u00f3 de dades pel sector. La cartera de productes de Pietro Fiorentini es va ampliar amb <strong>registradors de<\/strong> <strong>camp <\/strong>f\u00e0cilment instal\u00b7lables que registren i envien autom\u00e0ticament els principals par\u00e0metres el\u00e8ctrics a centres de recollida de dades sense cap tipus de control manual.<\/p>\n\n\n\n<div style=\"height:32px\" aria-hidden=\"true\" class=\"wp-block-spacer\"><\/div>\n\n\n\n<div class=\"wp-block-group index\"><div class=\"wp-block-group__inner-container is-layout-flow wp-block-group-is-layout-flow\">\n<ol class=\"wp-block-list\">\n<li><strong><a href=\"#hardware-and-software-for-cathodic-protection\"><strong>Hardware i software disponibles per la protecci\u00f3 cat\u00f2dica<\/strong><\/a><\/strong><\/li>\n\n\n\n<li><strong><a href=\"#the-cathodic-protection-test-field-in-rosate\"><strong>El camp de proves de protecci\u00f3 cat\u00f2dica de Rosate<\/strong><\/a><\/strong><\/li>\n<\/ol>\n\n\n\n<p>\u00a0<\/p>\n<\/div><\/div>\n\n\n\n<div id=\"hardware-and-software-for-cathodic-protection\" class=\"wp-block-group\"><div class=\"wp-block-group__inner-container is-layout-flow wp-block-group-is-layout-flow\">\n<h3 class=\"wp-block-heading\"><strong>Hardware i software disponibles per la protecci\u00f3 cat\u00f2dica<\/strong><\/h3>\n\n\n\n<p>El 2019,\u00a0Pietro Fiorentini subministra un <strong>nou software de supervisi\u00f3 de la protecci\u00f3 cat\u00f2dica<\/strong> al client franc\u00e8s GRTgaz: <a href=\"https:\/\/www.fiorentini.com\/it\/soluzioni\/servizi\/servizi-di-gestione-dei-dati\/monitoraggio-della-protezione-catodica-s2b\/\" target=\"_blank\" rel=\"noreferrer noopener\"><\/a><strong><strong><a href=\"https:\/\/www.fiorentini-iberia.com\/ca\/solutions\/supervisio-de-proteccio-catodica-s2b\/\"><strong>Service2Business<\/strong><\/a><\/strong><\/strong>. La plataforma compleix totes les caracter\u00edstiques del control remot, a la vegada que millora el centre i els procediments de servei que s\u2019ofereixen. A partir del 2020, S2B tamb\u00e9 estar\u00e0 disponible pels clients del mercat itali\u00e0 i es podr\u00e0 interconnectar amb <a href=\"https:\/\/www.fiorentini-iberia.com\/ca\/solutions\/next\/\"><strong>NEXT<\/strong><\/a> i <a href=\"https:\/\/www.fiorentini-iberia.com\/ca\/solutions\/kairos\/\"><strong>Kairos<\/strong><\/a>, els dispositius de Pietro Fiorentini per la vigil\u00e0ncia i control remot dels sistemes de protecci\u00f3 cat\u00f2dica.<br>\u00a0<\/p>\n<\/div><\/div>\n\n\n\n<div id=\"the-cathodic-protection-test-field-in-rosate\" class=\"wp-block-group\"><div class=\"wp-block-group__inner-container is-layout-flow wp-block-group-is-layout-flow\">\n<h3 class=\"wp-block-heading\"><strong><strong>El camp de proves de protecci\u00f3 cat\u00f2dica de Rosate<\/strong><\/strong><\/h3>\n\n\n\n<p>El 2021, Pietro Fiorentini va crear un <strong>camp de proves de protecci\u00f3 cat\u00f2dica a la seva f\u00e0brica de Rosate <\/strong>(Mil\u00e0), que disposa de la certificaci\u00f3 UNI EN ISO 15257. Les instal\u00b7lacions satisfan les necessitats de <strong>formaci\u00f3 del personal intern i extern <\/strong>i s\u2019utilitzen pel desenvolupament d\u2019aplicacions i nous productes. Tamb\u00e9 es posa a disposici\u00f3 de polit\u00e8cniques, universitats i organismes d\u2019investigaci\u00f3 que en sol\u00b7licitin l\u2019\u00fas per realitzar proves, estudis i medicions de diversos tipus.<\/p>\n\n\n\n<div style=\"height:32px\" aria-hidden=\"true\" class=\"wp-block-spacer\"><\/div>\n\n\n\n<figure class=\"wp-block-image size-full\"><img loading=\"lazy\" decoding=\"async\" width=\"1024\" height=\"402\" src=\"https:\/\/www.fiorentini-iberia.com\/wp-content\/uploads\/2023\/12\/2021-02-23-CampoProveRosate_2-EXPPAGE-unite-orizzontali-1024x402-1.jpeg\" alt=\"\" class=\"wp-image-29298\" srcset=\"https:\/\/www.fiorentini-iberia.com\/wp-content\/uploads\/2023\/12\/2021-02-23-CampoProveRosate_2-EXPPAGE-unite-orizzontali-1024x402-1.jpeg 1024w, https:\/\/www.fiorentini-iberia.com\/wp-content\/uploads\/2023\/12\/2021-02-23-CampoProveRosate_2-EXPPAGE-unite-orizzontali-1024x402-1-300x118.jpeg 300w, https:\/\/www.fiorentini-iberia.com\/wp-content\/uploads\/2023\/12\/2021-02-23-CampoProveRosate_2-EXPPAGE-unite-orizzontali-1024x402-1-768x302.jpeg 768w\" sizes=\"auto, (max-width: 1024px) 100vw, 1024px\" \/><\/figure>\n\n\n\n<div style=\"height:32px\" aria-hidden=\"true\" class=\"wp-block-spacer\"><\/div>\n\n\n\n<p><a href=\"https:\/\/www.fiorentini.com\/en\/news\/the-new-cathodic-protection-test-field-at-pietro-fiorentinis-rosate-factory-has-been-opened\/\" target=\"_blank\" rel=\"noreferrer noopener\">Inauguraci\u00f3 del camp de proves de protecci\u00f3 cat\u00f2dica a la planta de Pietro Fiorentini de Rosate<\/a><\/p>\n<\/div><\/div>\n","protected":false},"excerpt":{"rendered":"<p>Pietro Fiorentini desenvolupa i implementa sistemes de supervisi\u00f3 per la protecci\u00f3 cat\u00f2dica des del 2016. Service2Business \u00e9s un software capa\u00e7 d\u2019interactuar amb dispositius de vigil\u00e0ncia i control a dist\u00e0ncia d\u2019instal\u00b7lacions de protecci\u00f3 cat\u00f2dica.<\/p>\n","protected":false},"author":12,"featured_media":0,"parent":50153,"menu_order":0,"comment_status":"closed","ping_status":"closed","template":"template-expertise-post.php","meta":{"_acf_changed":false,"inline_featured_image":false,"footnotes":""},"class_list":["post-50334","page","type-page","status-publish","hentry"],"acf":[],"yoast_head":"<!-- This site is optimized with the Yoast SEO plugin v27.2 - https:\/\/yoast.com\/product\/yoast-seo-wordpress\/ -->\n<title>Experi\u00e8ncia de Pietro Fiorentini en protecci\u00f3 cat\u00f2dica - Pietro Fiorentini<\/title>\n<meta name=\"description\" content=\"Pietro Fiorentini desenvolupa i implementa sistemes de supervisi\u00f3 per la protecci\u00f3 cat\u00f2dica des del 2016.\" \/>\n<meta name=\"robots\" content=\"index, follow, max-snippet:-1, max-image-preview:large, max-video-preview:-1\" \/>\n<link rel=\"canonical\" href=\"https:\/\/www.fiorentini-iberia.com\/ca\/experiencia\/proteccio-catodica\/experiencia-de-pietro-fiorentini-en-proteccio-catodica\/\" \/>\n<meta property=\"og:locale\" content=\"ca_ES\" \/>\n<meta property=\"og:type\" content=\"article\" \/>\n<meta property=\"og:title\" content=\"Experi\u00e8ncia de Pietro Fiorentini en protecci\u00f3 cat\u00f2dica - Pietro Fiorentini\" \/>\n<meta property=\"og:description\" content=\"Pietro Fiorentini desenvolupa i implementa sistemes de supervisi\u00f3 per la protecci\u00f3 cat\u00f2dica des del 2016.\" \/>\n<meta property=\"og:url\" content=\"https:\/\/www.fiorentini-iberia.com\/ca\/experiencia\/proteccio-catodica\/experiencia-de-pietro-fiorentini-en-proteccio-catodica\/\" \/>\n<meta property=\"og:site_name\" content=\"Pietro Fiorentini\" \/>\n<meta property=\"article:modified_time\" content=\"2024-03-14T11:08:27+00:00\" \/>\n<meta property=\"og:image\" content=\"https:\/\/www.fiorentini-iberia.com\/wp-content\/uploads\/2023\/12\/2021-02-23-CampoProveRosate_2-EXPPAGE-unite-orizzontali-1024x402-1.jpeg\" \/>\n<meta name=\"twitter:card\" content=\"summary_large_image\" \/>\n<meta name=\"twitter:site\" content=\"@FiorentiniSpa\" \/>\n<meta name=\"twitter:label1\" content=\"Temps estimat de lectura\" \/>\n\t<meta name=\"twitter:data1\" content=\"2 minuts\" \/>\n<script type=\"application\/ld+json\" class=\"yoast-schema-graph\">{\"@context\":\"https:\/\/schema.org\",\"@graph\":[{\"@type\":\"WebPage\",\"@id\":\"https:\/\/www.fiorentini-iberia.com\/ca\/experiencia\/proteccio-catodica\/experiencia-de-pietro-fiorentini-en-proteccio-catodica\/\",\"url\":\"https:\/\/www.fiorentini-iberia.com\/ca\/experiencia\/proteccio-catodica\/experiencia-de-pietro-fiorentini-en-proteccio-catodica\/\",\"name\":\"Experi\u00e8ncia de Pietro Fiorentini en protecci\u00f3 cat\u00f2dica - Pietro Fiorentini\",\"isPartOf\":{\"@id\":\"https:\/\/www.fiorentini-iberia.com\/ca\/#website\"},\"primaryImageOfPage\":{\"@id\":\"https:\/\/www.fiorentini-iberia.com\/ca\/experiencia\/proteccio-catodica\/experiencia-de-pietro-fiorentini-en-proteccio-catodica\/#primaryimage\"},\"image\":{\"@id\":\"https:\/\/www.fiorentini-iberia.com\/ca\/experiencia\/proteccio-catodica\/experiencia-de-pietro-fiorentini-en-proteccio-catodica\/#primaryimage\"},\"thumbnailUrl\":\"https:\/\/www.fiorentini-iberia.com\/wp-content\/uploads\/2023\/12\/2021-02-23-CampoProveRosate_2-EXPPAGE-unite-orizzontali-1024x402-1.jpeg\",\"datePublished\":\"2023-12-13T13:30:00+00:00\",\"dateModified\":\"2024-03-14T11:08:27+00:00\",\"description\":\"Pietro Fiorentini desenvolupa i implementa sistemes de supervisi\u00f3 per la protecci\u00f3 cat\u00f2dica des del 2016.\",\"breadcrumb\":{\"@id\":\"https:\/\/www.fiorentini-iberia.com\/ca\/experiencia\/proteccio-catodica\/experiencia-de-pietro-fiorentini-en-proteccio-catodica\/#breadcrumb\"},\"inLanguage\":\"ca\",\"potentialAction\":[{\"@type\":\"ReadAction\",\"target\":[\"https:\/\/www.fiorentini-iberia.com\/ca\/experiencia\/proteccio-catodica\/experiencia-de-pietro-fiorentini-en-proteccio-catodica\/\"]}]},{\"@type\":\"ImageObject\",\"inLanguage\":\"ca\",\"@id\":\"https:\/\/www.fiorentini-iberia.com\/ca\/experiencia\/proteccio-catodica\/experiencia-de-pietro-fiorentini-en-proteccio-catodica\/#primaryimage\",\"url\":\"https:\/\/www.fiorentini-iberia.com\/wp-content\/uploads\/2023\/12\/2021-02-23-CampoProveRosate_2-EXPPAGE-unite-orizzontali-1024x402-1.jpeg\",\"contentUrl\":\"https:\/\/www.fiorentini-iberia.com\/wp-content\/uploads\/2023\/12\/2021-02-23-CampoProveRosate_2-EXPPAGE-unite-orizzontali-1024x402-1.jpeg\"},{\"@type\":\"BreadcrumbList\",\"@id\":\"https:\/\/www.fiorentini-iberia.com\/ca\/experiencia\/proteccio-catodica\/experiencia-de-pietro-fiorentini-en-proteccio-catodica\/#breadcrumb\",\"itemListElement\":[{\"@type\":\"ListItem\",\"position\":1,\"name\":\"Home\",\"item\":\"https:\/\/www.fiorentini-iberia.com\/ca\/\"},{\"@type\":\"ListItem\",\"position\":2,\"name\":\"Experi\u00e8ncia\",\"item\":\"https:\/\/www.fiorentini-iberia.com\/ca\/experiencia\/\"},{\"@type\":\"ListItem\",\"position\":3,\"name\":\"Protecci\u00f3 cat\u00f2dica\",\"item\":\"https:\/\/www.fiorentini-iberia.com\/ca\/experiencia\/proteccio-catodica\/\"},{\"@type\":\"ListItem\",\"position\":4,\"name\":\"Experi\u00e8ncia de Pietro Fiorentini en protecci\u00f3 cat\u00f2dica\"}]},{\"@type\":\"WebSite\",\"@id\":\"https:\/\/www.fiorentini-iberia.com\/ca\/#website\",\"url\":\"https:\/\/www.fiorentini-iberia.com\/ca\/\",\"name\":\"Pietro Fiorentini Iberia\",\"description\":\"Pietro Fiorentini dise\u00f1a y fabrica componentes, sistemas y servicios para la regulaci\u00f3n, medici\u00f3n, gesti\u00f3n de redes de agua, energ\u00edas renovables, petr\u00f3leo y el gas natural, con sistemas adaptados 100% al hidr\u00f3geno.\",\"publisher\":{\"@id\":\"https:\/\/www.fiorentini-iberia.com\/ca\/#organization\"},\"potentialAction\":[{\"@type\":\"SearchAction\",\"target\":{\"@type\":\"EntryPoint\",\"urlTemplate\":\"https:\/\/www.fiorentini-iberia.com\/ca\/?s={search_term_string}\"},\"query-input\":{\"@type\":\"PropertyValueSpecification\",\"valueRequired\":true,\"valueName\":\"search_term_string\"}}],\"inLanguage\":\"ca\"},{\"@type\":\"Organization\",\"@id\":\"https:\/\/www.fiorentini-iberia.com\/ca\/#organization\",\"name\":\"Pietro Fiorentini Iberia\",\"url\":\"https:\/\/www.fiorentini-iberia.com\/ca\/\",\"logo\":{\"@type\":\"ImageObject\",\"inLanguage\":\"ca\",\"@id\":\"https:\/\/www.fiorentini-iberia.com\/ca\/#\/schema\/logo\/image\/\",\"url\":\"https:\/\/www.fiorentini-iberia.com\/wp-content\/uploads\/2020\/11\/logo.svg\",\"contentUrl\":\"https:\/\/www.fiorentini-iberia.com\/wp-content\/uploads\/2020\/11\/logo.svg\",\"width\":227,\"height\":59,\"caption\":\"Pietro Fiorentini Iberia\"},\"image\":{\"@id\":\"https:\/\/www.fiorentini-iberia.com\/ca\/#\/schema\/logo\/image\/\"},\"sameAs\":[\"https:\/\/x.com\/FiorentiniSpa\",\"https:\/\/www.linkedin.com\/company\/pietro-fiorentini-iberia\/\"]}]}<\/script>\n<!-- \/ Yoast SEO plugin. -->","yoast_head_json":{"title":"Experi\u00e8ncia de Pietro Fiorentini en protecci\u00f3 cat\u00f2dica - Pietro Fiorentini","description":"Pietro Fiorentini desenvolupa i implementa sistemes de supervisi\u00f3 per la protecci\u00f3 cat\u00f2dica des del 2016.","robots":{"index":"index","follow":"follow","max-snippet":"max-snippet:-1","max-image-preview":"max-image-preview:large","max-video-preview":"max-video-preview:-1"},"canonical":"https:\/\/www.fiorentini-iberia.com\/ca\/experiencia\/proteccio-catodica\/experiencia-de-pietro-fiorentini-en-proteccio-catodica\/","og_locale":"ca_ES","og_type":"article","og_title":"Experi\u00e8ncia de Pietro Fiorentini en protecci\u00f3 cat\u00f2dica - Pietro Fiorentini","og_description":"Pietro Fiorentini desenvolupa i implementa sistemes de supervisi\u00f3 per la protecci\u00f3 cat\u00f2dica des del 2016.","og_url":"https:\/\/www.fiorentini-iberia.com\/ca\/experiencia\/proteccio-catodica\/experiencia-de-pietro-fiorentini-en-proteccio-catodica\/","og_site_name":"Pietro Fiorentini","article_modified_time":"2024-03-14T11:08:27+00:00","og_image":[{"url":"https:\/\/www.fiorentini-iberia.com\/wp-content\/uploads\/2023\/12\/2021-02-23-CampoProveRosate_2-EXPPAGE-unite-orizzontali-1024x402-1.jpeg","type":"","width":"","height":""}],"twitter_card":"summary_large_image","twitter_site":"@FiorentiniSpa","twitter_misc":{"Temps estimat de lectura":"2 minuts"},"schema":{"@context":"https:\/\/schema.org","@graph":[{"@type":"WebPage","@id":"https:\/\/www.fiorentini-iberia.com\/ca\/experiencia\/proteccio-catodica\/experiencia-de-pietro-fiorentini-en-proteccio-catodica\/","url":"https:\/\/www.fiorentini-iberia.com\/ca\/experiencia\/proteccio-catodica\/experiencia-de-pietro-fiorentini-en-proteccio-catodica\/","name":"Experi\u00e8ncia de Pietro Fiorentini en protecci\u00f3 cat\u00f2dica - Pietro Fiorentini","isPartOf":{"@id":"https:\/\/www.fiorentini-iberia.com\/ca\/#website"},"primaryImageOfPage":{"@id":"https:\/\/www.fiorentini-iberia.com\/ca\/experiencia\/proteccio-catodica\/experiencia-de-pietro-fiorentini-en-proteccio-catodica\/#primaryimage"},"image":{"@id":"https:\/\/www.fiorentini-iberia.com\/ca\/experiencia\/proteccio-catodica\/experiencia-de-pietro-fiorentini-en-proteccio-catodica\/#primaryimage"},"thumbnailUrl":"https:\/\/www.fiorentini-iberia.com\/wp-content\/uploads\/2023\/12\/2021-02-23-CampoProveRosate_2-EXPPAGE-unite-orizzontali-1024x402-1.jpeg","datePublished":"2023-12-13T13:30:00+00:00","dateModified":"2024-03-14T11:08:27+00:00","description":"Pietro Fiorentini desenvolupa i implementa sistemes de supervisi\u00f3 per la protecci\u00f3 cat\u00f2dica des del 2016.","breadcrumb":{"@id":"https:\/\/www.fiorentini-iberia.com\/ca\/experiencia\/proteccio-catodica\/experiencia-de-pietro-fiorentini-en-proteccio-catodica\/#breadcrumb"},"inLanguage":"ca","potentialAction":[{"@type":"ReadAction","target":["https:\/\/www.fiorentini-iberia.com\/ca\/experiencia\/proteccio-catodica\/experiencia-de-pietro-fiorentini-en-proteccio-catodica\/"]}]},{"@type":"ImageObject","inLanguage":"ca","@id":"https:\/\/www.fiorentini-iberia.com\/ca\/experiencia\/proteccio-catodica\/experiencia-de-pietro-fiorentini-en-proteccio-catodica\/#primaryimage","url":"https:\/\/www.fiorentini-iberia.com\/wp-content\/uploads\/2023\/12\/2021-02-23-CampoProveRosate_2-EXPPAGE-unite-orizzontali-1024x402-1.jpeg","contentUrl":"https:\/\/www.fiorentini-iberia.com\/wp-content\/uploads\/2023\/12\/2021-02-23-CampoProveRosate_2-EXPPAGE-unite-orizzontali-1024x402-1.jpeg"},{"@type":"BreadcrumbList","@id":"https:\/\/www.fiorentini-iberia.com\/ca\/experiencia\/proteccio-catodica\/experiencia-de-pietro-fiorentini-en-proteccio-catodica\/#breadcrumb","itemListElement":[{"@type":"ListItem","position":1,"name":"Home","item":"https:\/\/www.fiorentini-iberia.com\/ca\/"},{"@type":"ListItem","position":2,"name":"Experi\u00e8ncia","item":"https:\/\/www.fiorentini-iberia.com\/ca\/experiencia\/"},{"@type":"ListItem","position":3,"name":"Protecci\u00f3 cat\u00f2dica","item":"https:\/\/www.fiorentini-iberia.com\/ca\/experiencia\/proteccio-catodica\/"},{"@type":"ListItem","position":4,"name":"Experi\u00e8ncia de Pietro Fiorentini en protecci\u00f3 cat\u00f2dica"}]},{"@type":"WebSite","@id":"https:\/\/www.fiorentini-iberia.com\/ca\/#website","url":"https:\/\/www.fiorentini-iberia.com\/ca\/","name":"Pietro Fiorentini Iberia","description":"Pietro Fiorentini dise\u00f1a y fabrica componentes, sistemas y servicios para la regulaci\u00f3n, medici\u00f3n, gesti\u00f3n de redes de agua, energ\u00edas renovables, petr\u00f3leo y el gas natural, con sistemas adaptados 100% al hidr\u00f3geno.","publisher":{"@id":"https:\/\/www.fiorentini-iberia.com\/ca\/#organization"},"potentialAction":[{"@type":"SearchAction","target":{"@type":"EntryPoint","urlTemplate":"https:\/\/www.fiorentini-iberia.com\/ca\/?s={search_term_string}"},"query-input":{"@type":"PropertyValueSpecification","valueRequired":true,"valueName":"search_term_string"}}],"inLanguage":"ca"},{"@type":"Organization","@id":"https:\/\/www.fiorentini-iberia.com\/ca\/#organization","name":"Pietro Fiorentini Iberia","url":"https:\/\/www.fiorentini-iberia.com\/ca\/","logo":{"@type":"ImageObject","inLanguage":"ca","@id":"https:\/\/www.fiorentini-iberia.com\/ca\/#\/schema\/logo\/image\/","url":"https:\/\/www.fiorentini-iberia.com\/wp-content\/uploads\/2020\/11\/logo.svg","contentUrl":"https:\/\/www.fiorentini-iberia.com\/wp-content\/uploads\/2020\/11\/logo.svg","width":227,"height":59,"caption":"Pietro Fiorentini Iberia"},"image":{"@id":"https:\/\/www.fiorentini-iberia.com\/ca\/#\/schema\/logo\/image\/"},"sameAs":["https:\/\/x.com\/FiorentiniSpa","https:\/\/www.linkedin.com\/company\/pietro-fiorentini-iberia\/"]}]}},"_links":{"self":[{"href":"https:\/\/www.fiorentini-iberia.com\/ca\/wp-json\/wp\/v2\/pages\/50334","targetHints":{"allow":["GET"]}}],"collection":[{"href":"https:\/\/www.fiorentini-iberia.com\/ca\/wp-json\/wp\/v2\/pages"}],"about":[{"href":"https:\/\/www.fiorentini-iberia.com\/ca\/wp-json\/wp\/v2\/types\/page"}],"author":[{"embeddable":true,"href":"https:\/\/www.fiorentini-iberia.com\/ca\/wp-json\/wp\/v2\/users\/12"}],"replies":[{"embeddable":true,"href":"https:\/\/www.fiorentini-iberia.com\/ca\/wp-json\/wp\/v2\/comments?post=50334"}],"version-history":[{"count":3,"href":"https:\/\/www.fiorentini-iberia.com\/ca\/wp-json\/wp\/v2\/pages\/50334\/revisions"}],"predecessor-version":[{"id":50339,"href":"https:\/\/www.fiorentini-iberia.com\/ca\/wp-json\/wp\/v2\/pages\/50334\/revisions\/50339"}],"up":[{"embeddable":true,"href":"https:\/\/www.fiorentini-iberia.com\/ca\/wp-json\/wp\/v2\/pages\/50153"}],"wp:attachment":[{"href":"https:\/\/www.fiorentini-iberia.com\/ca\/wp-json\/wp\/v2\/media?parent=50334"}],"curies":[{"name":"wp","href":"https:\/\/api.w.org\/{rel}","templated":true}]}}