{"id":50340,"date":"2024-02-20T15:56:42","date_gmt":"2024-02-20T14:56:42","guid":{"rendered":"https:\/\/www.fiorentini-iberia.com\/experiencia\/proteccio-catodica\/aspectos-reglamentarios-y-operativos-de-la-proteccion-catodica\/"},"modified":"2024-03-14T12:27:27","modified_gmt":"2024-03-14T11:27:27","slug":"aspectes-reglamentaris-i-operatius-de-la-proteccio-catodica","status":"publish","type":"page","link":"https:\/\/www.fiorentini-iberia.com\/ca\/experiencia\/proteccio-catodica\/aspectes-reglamentaris-i-operatius-de-la-proteccio-catodica\/","title":{"rendered":"Aspectes reglamentaris i operatius de la protecci\u00f3 cat\u00f2dica"},"content":{"rendered":"\n<p>La qualitat del servei de protecci\u00f3 cat\u00f2dica es determina de manera diferent segons el pa\u00eds o segons les especificacions internes de l&#8217;empresa.<\/p>\n\n\n\n<p>No obstant aix\u00f2, qualsevol estructura met\u00e0l\u00b7lica subterr\u00e0nia ha de <strong>complir<\/strong> les <strong>normes internacionals<\/strong> que exigeixen l&#8217;\u00fas del potencial el\u00e8ctric entre l&#8217;estructura met\u00e0l\u00b7lica i el s\u00f2l com a criteri per a definir la seva protecci\u00f3, \u00e9s a dir, l&#8217;<strong>acceptabilitat\u00a0enginyeril\u00a0de l&#8217;\u00edndex de corrosi\u00f3<\/strong>.<\/p>\n\n\n\n<p>Com a resultat, la protecci\u00f3 cat\u00f2dica s&#8217;aplica <strong>en gaireb\u00e9 totes les estructures subterr\u00e0nies<\/strong>, especialment en aquelles en les quals es canalitzen fluids potencialment perillosos o costosos, com a petroli i gas natural.<\/p>\n\n\n\n<p>Per a proporcionar als seus clients una actualitzaci\u00f3 cont\u00ednua de la normativa,\u00a0Pietro\u00a0Fiorentini\u00a0assisteix tant a les <strong>taules de treball t\u00e8cniques nacionals\u00a0UNI\u00a0i internacionals EN i ISO com als comit\u00e8s t\u00e8cnics i de formaci\u00f3 de la\u00a0APCE<\/strong>.<br>\u00a0<\/p>\n\n\n\n<ol class=\"wp-block-list\">\n<li><a href=\"#international\"><strong>Normativa internacional<\/strong><\/a><\/li>\n\n\n\n<li><strong><a href=\"#italian\">Normativa italiana<\/a><\/strong><\/li>\n<\/ol>\n\n\n\n<p>&nbsp;<\/p>\n\n\n\n<h3 class=\"wp-block-heading\" id=\"international\">Normativa internacional<\/h3>\n\n\n\n<p>Segons la normativa internacional vigent, els m\u00e8todes de mesurament s&#8217;identifiquen en funci\u00f3 de la t\u00e8cnica d&#8217;adquisici\u00f3: <strong>E<sub>ON<\/sub><\/strong> en el cas dels mesuraments per a sistemes connectats, utilitzades per a avaluar de manera general els par\u00e0metres el\u00e8ctrics de la protecci\u00f3 cat\u00f2dica,\u00a0<strong>E<sub>OFF<\/sub><\/strong>\u00a0en el cas de la t\u00e8cnica per a sistemes desconnectats, que tamb\u00e9 pot obtenir-se amb les noves unitats d&#8217;adquisici\u00f3 <strong>d&#8217;\u00faltima generaci\u00f3 que incorporen un interruptor c\u00edclic integrat en combinaci\u00f3 amb el\u00e8ctrodes amb \u00e0nodes<\/strong> que simulen les caracter\u00edstiques electroqu\u00edmiques i el comportament de la canonada nua.<br>\u00a0<\/p>\n\n\n\n<h3 class=\"wp-block-heading\" id=\"italian\">Normativa italiana<\/h3>\n\n\n\n<p>A It\u00e0lia, el sector est\u00e0 <strong>regulat per APCE<\/strong>, l&#8217;Associaci\u00f3 per a la Protecci\u00f3 contra la Corrosi\u00f3 Electrol\u00edtica <strong>reconeguda per ARERA<\/strong>, l&#8217;autoritat administrativa independent que regula l&#8217;energia, les xarxes i el medi ambient, <strong>com a organisme t\u00e8cnic competent per a la definici\u00f3 de directrius<\/strong> en el camp de la protecci\u00f3 cat\u00f2dica de les canonades met\u00e0l\u00b7liques utilitzades per a la distribuci\u00f3, el transport i les l\u00ednies de flux que connecten les plantes d&#8217;emmagatzematge de gas natural. La qualitat del servei s&#8217;avalua mitjan\u00e7ant l&#8217;<strong>algoritme KT<\/strong>, que assigna una puntuaci\u00f3 a cada sistema el\u00e8ctric: nom\u00e9s s&#8217;aconsegueix la conformitat anual si \u00e9s major o igual a 60 punts sobre un m\u00e0xim de 100.<\/p>\n","protected":false},"excerpt":{"rendered":"<p>La qualitat del servei de protecci\u00f3 cat\u00f2dica es determina de diferents maneres. Existeixen normes internacionals que exigeixen l&#8217;\u00fas del potencial el\u00e8ctric entre l&#8217;estructura met\u00e0l\u00b7lica i el s\u00f2l com a criteri per a definir la seva protecci\u00f3.<\/p>\n","protected":false},"author":15,"featured_media":0,"parent":50153,"menu_order":0,"comment_status":"closed","ping_status":"closed","template":"template-expertise-post.php","meta":{"_acf_changed":false,"inline_featured_image":false,"footnotes":""},"class_list":["post-50340","page","type-page","status-publish","hentry"],"acf":[],"yoast_head":"<!-- This site is optimized with the Yoast SEO plugin v27.2 - https:\/\/yoast.com\/product\/yoast-seo-wordpress\/ -->\n<title>Aspectes reglamentaris i operatius de la protecci\u00f3 cat\u00f2dica - Pietro Fiorentini<\/title>\n<meta name=\"description\" content=\"La protecci\u00f3 cat\u00f2dica s&#039;aplica en gaireb\u00e9 totes les estructures subterr\u00e0nies, especialment en aquelles en les quals es canalitzen fluids potencialment perillosos o costosos.\" \/>\n<meta name=\"robots\" content=\"index, follow, max-snippet:-1, max-image-preview:large, max-video-preview:-1\" \/>\n<link rel=\"canonical\" href=\"https:\/\/www.fiorentini-iberia.com\/ca\/experiencia\/proteccio-catodica\/aspectes-reglamentaris-i-operatius-de-la-proteccio-catodica\/\" \/>\n<meta property=\"og:locale\" content=\"ca_ES\" \/>\n<meta property=\"og:type\" content=\"article\" \/>\n<meta property=\"og:title\" content=\"Aspectes reglamentaris i operatius de la protecci\u00f3 cat\u00f2dica - Pietro Fiorentini\" \/>\n<meta property=\"og:description\" content=\"La protecci\u00f3 cat\u00f2dica s&#039;aplica en gaireb\u00e9 totes les estructures subterr\u00e0nies, especialment en aquelles en les quals es canalitzen fluids potencialment perillosos o costosos.\" \/>\n<meta property=\"og:url\" content=\"https:\/\/www.fiorentini-iberia.com\/ca\/experiencia\/proteccio-catodica\/aspectes-reglamentaris-i-operatius-de-la-proteccio-catodica\/\" \/>\n<meta property=\"og:site_name\" content=\"Pietro Fiorentini\" \/>\n<meta property=\"article:modified_time\" content=\"2024-03-14T11:27:27+00:00\" \/>\n<meta name=\"twitter:card\" content=\"summary_large_image\" \/>\n<meta name=\"twitter:site\" content=\"@FiorentiniSpa\" \/>\n<meta name=\"twitter:label1\" content=\"Temps estimat de lectura\" \/>\n\t<meta name=\"twitter:data1\" content=\"2 minuts\" \/>\n<script type=\"application\/ld+json\" class=\"yoast-schema-graph\">{\"@context\":\"https:\/\/schema.org\",\"@graph\":[{\"@type\":\"WebPage\",\"@id\":\"https:\/\/www.fiorentini-iberia.com\/ca\/experiencia\/proteccio-catodica\/aspectes-reglamentaris-i-operatius-de-la-proteccio-catodica\/\",\"url\":\"https:\/\/www.fiorentini-iberia.com\/ca\/experiencia\/proteccio-catodica\/aspectes-reglamentaris-i-operatius-de-la-proteccio-catodica\/\",\"name\":\"Aspectes reglamentaris i operatius de la protecci\u00f3 cat\u00f2dica - Pietro Fiorentini\",\"isPartOf\":{\"@id\":\"https:\/\/www.fiorentini-iberia.com\/ca\/#website\"},\"datePublished\":\"2024-02-20T14:56:42+00:00\",\"dateModified\":\"2024-03-14T11:27:27+00:00\",\"description\":\"La protecci\u00f3 cat\u00f2dica s'aplica en gaireb\u00e9 totes les estructures subterr\u00e0nies, especialment en aquelles en les quals es canalitzen fluids potencialment perillosos o costosos.\",\"breadcrumb\":{\"@id\":\"https:\/\/www.fiorentini-iberia.com\/ca\/experiencia\/proteccio-catodica\/aspectes-reglamentaris-i-operatius-de-la-proteccio-catodica\/#breadcrumb\"},\"inLanguage\":\"ca\",\"potentialAction\":[{\"@type\":\"ReadAction\",\"target\":[\"https:\/\/www.fiorentini-iberia.com\/ca\/experiencia\/proteccio-catodica\/aspectes-reglamentaris-i-operatius-de-la-proteccio-catodica\/\"]}]},{\"@type\":\"BreadcrumbList\",\"@id\":\"https:\/\/www.fiorentini-iberia.com\/ca\/experiencia\/proteccio-catodica\/aspectes-reglamentaris-i-operatius-de-la-proteccio-catodica\/#breadcrumb\",\"itemListElement\":[{\"@type\":\"ListItem\",\"position\":1,\"name\":\"Home\",\"item\":\"https:\/\/www.fiorentini-iberia.com\/ca\/\"},{\"@type\":\"ListItem\",\"position\":2,\"name\":\"Experi\u00e8ncia\",\"item\":\"https:\/\/www.fiorentini-iberia.com\/ca\/experiencia\/\"},{\"@type\":\"ListItem\",\"position\":3,\"name\":\"Protecci\u00f3 cat\u00f2dica\",\"item\":\"https:\/\/www.fiorentini-iberia.com\/ca\/experiencia\/proteccio-catodica\/\"},{\"@type\":\"ListItem\",\"position\":4,\"name\":\"Aspectes reglamentaris i operatius de la protecci\u00f3 cat\u00f2dica\"}]},{\"@type\":\"WebSite\",\"@id\":\"https:\/\/www.fiorentini-iberia.com\/ca\/#website\",\"url\":\"https:\/\/www.fiorentini-iberia.com\/ca\/\",\"name\":\"Pietro Fiorentini Iberia\",\"description\":\"Pietro Fiorentini dise\u00f1a y fabrica componentes, sistemas y servicios para la regulaci\u00f3n, medici\u00f3n, gesti\u00f3n de redes de agua, energ\u00edas renovables, petr\u00f3leo y el gas natural, con sistemas adaptados 100% al hidr\u00f3geno.\",\"publisher\":{\"@id\":\"https:\/\/www.fiorentini-iberia.com\/ca\/#organization\"},\"potentialAction\":[{\"@type\":\"SearchAction\",\"target\":{\"@type\":\"EntryPoint\",\"urlTemplate\":\"https:\/\/www.fiorentini-iberia.com\/ca\/?s={search_term_string}\"},\"query-input\":{\"@type\":\"PropertyValueSpecification\",\"valueRequired\":true,\"valueName\":\"search_term_string\"}}],\"inLanguage\":\"ca\"},{\"@type\":\"Organization\",\"@id\":\"https:\/\/www.fiorentini-iberia.com\/ca\/#organization\",\"name\":\"Pietro Fiorentini Iberia\",\"url\":\"https:\/\/www.fiorentini-iberia.com\/ca\/\",\"logo\":{\"@type\":\"ImageObject\",\"inLanguage\":\"ca\",\"@id\":\"https:\/\/www.fiorentini-iberia.com\/ca\/#\/schema\/logo\/image\/\",\"url\":\"https:\/\/www.fiorentini-iberia.com\/wp-content\/uploads\/2020\/11\/logo.svg\",\"contentUrl\":\"https:\/\/www.fiorentini-iberia.com\/wp-content\/uploads\/2020\/11\/logo.svg\",\"width\":227,\"height\":59,\"caption\":\"Pietro Fiorentini Iberia\"},\"image\":{\"@id\":\"https:\/\/www.fiorentini-iberia.com\/ca\/#\/schema\/logo\/image\/\"},\"sameAs\":[\"https:\/\/x.com\/FiorentiniSpa\",\"https:\/\/www.linkedin.com\/company\/pietro-fiorentini-iberia\/\"]}]}<\/script>\n<!-- \/ Yoast SEO plugin. -->","yoast_head_json":{"title":"Aspectes reglamentaris i operatius de la protecci\u00f3 cat\u00f2dica - Pietro Fiorentini","description":"La protecci\u00f3 cat\u00f2dica s'aplica en gaireb\u00e9 totes les estructures subterr\u00e0nies, especialment en aquelles en les quals es canalitzen fluids potencialment perillosos o costosos.","robots":{"index":"index","follow":"follow","max-snippet":"max-snippet:-1","max-image-preview":"max-image-preview:large","max-video-preview":"max-video-preview:-1"},"canonical":"https:\/\/www.fiorentini-iberia.com\/ca\/experiencia\/proteccio-catodica\/aspectes-reglamentaris-i-operatius-de-la-proteccio-catodica\/","og_locale":"ca_ES","og_type":"article","og_title":"Aspectes reglamentaris i operatius de la protecci\u00f3 cat\u00f2dica - Pietro Fiorentini","og_description":"La protecci\u00f3 cat\u00f2dica s'aplica en gaireb\u00e9 totes les estructures subterr\u00e0nies, especialment en aquelles en les quals es canalitzen fluids potencialment perillosos o costosos.","og_url":"https:\/\/www.fiorentini-iberia.com\/ca\/experiencia\/proteccio-catodica\/aspectes-reglamentaris-i-operatius-de-la-proteccio-catodica\/","og_site_name":"Pietro Fiorentini","article_modified_time":"2024-03-14T11:27:27+00:00","twitter_card":"summary_large_image","twitter_site":"@FiorentiniSpa","twitter_misc":{"Temps estimat de lectura":"2 minuts"},"schema":{"@context":"https:\/\/schema.org","@graph":[{"@type":"WebPage","@id":"https:\/\/www.fiorentini-iberia.com\/ca\/experiencia\/proteccio-catodica\/aspectes-reglamentaris-i-operatius-de-la-proteccio-catodica\/","url":"https:\/\/www.fiorentini-iberia.com\/ca\/experiencia\/proteccio-catodica\/aspectes-reglamentaris-i-operatius-de-la-proteccio-catodica\/","name":"Aspectes reglamentaris i operatius de la protecci\u00f3 cat\u00f2dica - Pietro Fiorentini","isPartOf":{"@id":"https:\/\/www.fiorentini-iberia.com\/ca\/#website"},"datePublished":"2024-02-20T14:56:42+00:00","dateModified":"2024-03-14T11:27:27+00:00","description":"La protecci\u00f3 cat\u00f2dica s'aplica en gaireb\u00e9 totes les estructures subterr\u00e0nies, especialment en aquelles en les quals es canalitzen fluids potencialment perillosos o costosos.","breadcrumb":{"@id":"https:\/\/www.fiorentini-iberia.com\/ca\/experiencia\/proteccio-catodica\/aspectes-reglamentaris-i-operatius-de-la-proteccio-catodica\/#breadcrumb"},"inLanguage":"ca","potentialAction":[{"@type":"ReadAction","target":["https:\/\/www.fiorentini-iberia.com\/ca\/experiencia\/proteccio-catodica\/aspectes-reglamentaris-i-operatius-de-la-proteccio-catodica\/"]}]},{"@type":"BreadcrumbList","@id":"https:\/\/www.fiorentini-iberia.com\/ca\/experiencia\/proteccio-catodica\/aspectes-reglamentaris-i-operatius-de-la-proteccio-catodica\/#breadcrumb","itemListElement":[{"@type":"ListItem","position":1,"name":"Home","item":"https:\/\/www.fiorentini-iberia.com\/ca\/"},{"@type":"ListItem","position":2,"name":"Experi\u00e8ncia","item":"https:\/\/www.fiorentini-iberia.com\/ca\/experiencia\/"},{"@type":"ListItem","position":3,"name":"Protecci\u00f3 cat\u00f2dica","item":"https:\/\/www.fiorentini-iberia.com\/ca\/experiencia\/proteccio-catodica\/"},{"@type":"ListItem","position":4,"name":"Aspectes reglamentaris i operatius de la protecci\u00f3 cat\u00f2dica"}]},{"@type":"WebSite","@id":"https:\/\/www.fiorentini-iberia.com\/ca\/#website","url":"https:\/\/www.fiorentini-iberia.com\/ca\/","name":"Pietro Fiorentini Iberia","description":"Pietro Fiorentini dise\u00f1a y fabrica componentes, sistemas y servicios para la regulaci\u00f3n, medici\u00f3n, gesti\u00f3n de redes de agua, energ\u00edas renovables, petr\u00f3leo y el gas natural, con sistemas adaptados 100% al hidr\u00f3geno.","publisher":{"@id":"https:\/\/www.fiorentini-iberia.com\/ca\/#organization"},"potentialAction":[{"@type":"SearchAction","target":{"@type":"EntryPoint","urlTemplate":"https:\/\/www.fiorentini-iberia.com\/ca\/?s={search_term_string}"},"query-input":{"@type":"PropertyValueSpecification","valueRequired":true,"valueName":"search_term_string"}}],"inLanguage":"ca"},{"@type":"Organization","@id":"https:\/\/www.fiorentini-iberia.com\/ca\/#organization","name":"Pietro Fiorentini Iberia","url":"https:\/\/www.fiorentini-iberia.com\/ca\/","logo":{"@type":"ImageObject","inLanguage":"ca","@id":"https:\/\/www.fiorentini-iberia.com\/ca\/#\/schema\/logo\/image\/","url":"https:\/\/www.fiorentini-iberia.com\/wp-content\/uploads\/2020\/11\/logo.svg","contentUrl":"https:\/\/www.fiorentini-iberia.com\/wp-content\/uploads\/2020\/11\/logo.svg","width":227,"height":59,"caption":"Pietro Fiorentini Iberia"},"image":{"@id":"https:\/\/www.fiorentini-iberia.com\/ca\/#\/schema\/logo\/image\/"},"sameAs":["https:\/\/x.com\/FiorentiniSpa","https:\/\/www.linkedin.com\/company\/pietro-fiorentini-iberia\/"]}]}},"_links":{"self":[{"href":"https:\/\/www.fiorentini-iberia.com\/ca\/wp-json\/wp\/v2\/pages\/50340","targetHints":{"allow":["GET"]}}],"collection":[{"href":"https:\/\/www.fiorentini-iberia.com\/ca\/wp-json\/wp\/v2\/pages"}],"about":[{"href":"https:\/\/www.fiorentini-iberia.com\/ca\/wp-json\/wp\/v2\/types\/page"}],"author":[{"embeddable":true,"href":"https:\/\/www.fiorentini-iberia.com\/ca\/wp-json\/wp\/v2\/users\/15"}],"replies":[{"embeddable":true,"href":"https:\/\/www.fiorentini-iberia.com\/ca\/wp-json\/wp\/v2\/comments?post=50340"}],"version-history":[{"count":3,"href":"https:\/\/www.fiorentini-iberia.com\/ca\/wp-json\/wp\/v2\/pages\/50340\/revisions"}],"predecessor-version":[{"id":50344,"href":"https:\/\/www.fiorentini-iberia.com\/ca\/wp-json\/wp\/v2\/pages\/50340\/revisions\/50344"}],"up":[{"embeddable":true,"href":"https:\/\/www.fiorentini-iberia.com\/ca\/wp-json\/wp\/v2\/pages\/50153"}],"wp:attachment":[{"href":"https:\/\/www.fiorentini-iberia.com\/ca\/wp-json\/wp\/v2\/media?parent=50340"}],"curies":[{"name":"wp","href":"https:\/\/api.w.org\/{rel}","templated":true}]}}