{"id":50485,"date":"2024-03-15T12:34:27","date_gmt":"2024-03-15T11:34:27","guid":{"rendered":"https:\/\/www.fiorentini-iberia.com\/experiencia\/biometa\/cogeneracion-de-biogas-con-motor\/"},"modified":"2024-03-15T13:36:34","modified_gmt":"2024-03-15T12:36:34","slug":"cogeneracio-de-biogas-amb-motor","status":"publish","type":"page","link":"https:\/\/www.fiorentini-iberia.com\/ca\/experiencia\/biometa\/cogeneracio-de-biogas-amb-motor\/","title":{"rendered":"Cogeneraci\u00f3 de biog\u00e0s amb motor"},"content":{"rendered":"\n<p>La nostra s\u00e8rie de compressors per a motors de gas CHP destaca per la seva fiabilitat, alta efici\u00e8ncia i f\u00e0cil manteniment, la qual cosa els converteix en l&#8217;opci\u00f3 perfecta per al seu projecte de generaci\u00f3 d&#8217;energia. Descobreixi els avantatges exclusius dels&nbsp;<strong>compressors Biokomp<\/strong>, que combinen materials d&#8217;alta qualitat i revestiments especials per a satisfer els exigents requisits d&#8217;una central el\u00e8ctrica industrial.<\/p>\n\n\n\n<p>&nbsp;<\/p>\n\n\n\n<figure class=\"wp-block-image size-full\"><img loading=\"lazy\" decoding=\"async\" width=\"864\" height=\"648\" src=\"https:\/\/www.fiorentini-iberia.com\/wp-content\/uploads\/2024\/03\/IMG_55C663-C7A526-6A377A-899E8D-F2AFCC-5C6CE7.jpg\" alt=\"\" class=\"wp-image-50470\" srcset=\"https:\/\/www.fiorentini-iberia.com\/wp-content\/uploads\/2024\/03\/IMG_55C663-C7A526-6A377A-899E8D-F2AFCC-5C6CE7.jpg 864w, https:\/\/www.fiorentini-iberia.com\/wp-content\/uploads\/2024\/03\/IMG_55C663-C7A526-6A377A-899E8D-F2AFCC-5C6CE7-300x225.jpg 300w, https:\/\/www.fiorentini-iberia.com\/wp-content\/uploads\/2024\/03\/IMG_55C663-C7A526-6A377A-899E8D-F2AFCC-5C6CE7-768x576.jpg 768w\" sizes=\"auto, (max-width: 864px) 100vw, 864px\" \/><\/figure>\n\n\n\n<p>&nbsp;<br>Client:&nbsp;<strong>SPUMADOR<\/strong><br>Pa\u00eds:&nbsp;<strong>It\u00e0lia<\/strong><br>&nbsp;<br>Spumador&nbsp;S.p.A. \u00e9s un productor de begudes gasoses sense alcohol. Fundada en 1888 en&nbsp;Cermenate, a la prov\u00edncia de Com,&nbsp;Domenico&nbsp;i Regina&nbsp;Verga&nbsp;van iniciar la producci\u00f3 de refrescos carbonatats.<br>&nbsp;<br>En l&#8217;actualitat, el grup amb seu en Com a compte amb m\u00e9s de 400 empleats i un total de quatre plantes embotelladores per a 22 l\u00ednies de producci\u00f3.<br>&nbsp;<br><a href=\"https:\/\/www.bio-komp.com\/estudio-de-caso\"><strong>&gt; M\u00e9s informaci\u00f3 sobre l&#8217;estudi de cas en aquest enlla\u00e7.<\/strong><\/a><br><a href=\"https:\/\/www.bio-komp.com\/filedata\/BIOKOMP_Biogas_2018.pdf\" target=\"_blank\" rel=\"noreferrer noopener\"><strong>&gt; Descarregar la fitxa t\u00e8cnica de Solucions per a biogas.<\/strong><\/a><\/p>\n\n\n\n<p>&nbsp;<\/p>\n\n\n\n<figure class=\"wp-block-image size-large\"><img decoding=\"async\" src=\"https:\/\/www.fiorentini-iberia.com\/wp-content\/uploads\/2024\/02\/case-study-04.jpg\" alt=\"\"\/><\/figure>\n\n\n\n<p>&nbsp;<\/p>\n\n\n\n<p class=\"has-text-color has-link-color has-large-font-size wp-elements-2f1161bde068d856ac927ad4cc8451cd\" style=\"color:#199782\"><strong>&gt; <\/strong><a href=\"https:\/\/www.bio-komp.com\/impianti\/74\/SPUMADOR.html\" target=\"_blank\" rel=\"noreferrer noopener\"><strong>M\u00e9s detalls del projecte.<\/strong><\/a><\/p>\n\n\n\n<div style=\"height:32px\" aria-hidden=\"true\" class=\"wp-block-spacer\"><\/div>\n\n\n\n<p class=\"has-text-color has-link-color has-large-font-size wp-elements-51c6284fa15b080c02d0f3e1daf87213\" style=\"color:#199782\"><strong>><\/strong>  <strong><a href=\"https:\/\/www.fiorentini-iberia.com\/ca\/noticies\/biokomp-planta-de-tractament-de-biogas\/\">Visiti la noticia de presentaci\u00f3 BIOKOMP.<\/a><\/strong> <\/p>\n","protected":false},"excerpt":{"rendered":"<p>La nostra s\u00e8rie de compressors per a motors de gas CHP destaca per la seva fiabilitat, alta efici\u00e8ncia i f\u00e0cil manteniment, la qual cosa els converteix en l&#8217;opci\u00f3 perfecta per al seu projecte de generaci\u00f3 d&#8217;energia. Descobreixi els avantatges exclusius dels\u00a0compressors *Biokomp, que combinen materials d&#8217;alta qualitat i revestiments especials per a satisfer els exigents requisits d&#8217;una central el\u00e8ctrica industrial.<\/p>\n","protected":false},"author":15,"featured_media":0,"parent":50103,"menu_order":0,"comment_status":"closed","ping_status":"closed","template":"template-expertise-post.php","meta":{"_acf_changed":false,"inline_featured_image":false,"footnotes":""},"class_list":["post-50485","page","type-page","status-publish","hentry"],"acf":[],"yoast_head":"<!-- This site is optimized with the Yoast SEO plugin v27.2 - https:\/\/yoast.com\/product\/yoast-seo-wordpress\/ -->\n<title>Cogeneraci\u00f3 de biog\u00e0s amb motor - Pietro Fiorentini<\/title>\n<meta name=\"description\" content=\"Descobreixi els avantatges exclusius dels\u00a0compressors Biokomp, que combinen materials d&#039;alta qualitat i revestiments especials per a satisfer els exigents requisits d&#039;una central el\u00e8ctrica industrial.\" \/>\n<meta name=\"robots\" content=\"index, follow, max-snippet:-1, max-image-preview:large, max-video-preview:-1\" \/>\n<link rel=\"canonical\" href=\"https:\/\/www.fiorentini-iberia.com\/ca\/experiencia\/biometa\/cogeneracio-de-biogas-amb-motor\/\" \/>\n<meta property=\"og:locale\" content=\"ca_ES\" \/>\n<meta property=\"og:type\" content=\"article\" \/>\n<meta property=\"og:title\" content=\"Cogeneraci\u00f3 de biog\u00e0s amb motor - Pietro Fiorentini\" \/>\n<meta property=\"og:description\" content=\"Descobreixi els avantatges exclusius dels\u00a0compressors Biokomp, que combinen materials d&#039;alta qualitat i revestiments especials per a satisfer els exigents requisits d&#039;una central el\u00e8ctrica industrial.\" \/>\n<meta property=\"og:url\" content=\"https:\/\/www.fiorentini-iberia.com\/ca\/experiencia\/biometa\/cogeneracio-de-biogas-amb-motor\/\" \/>\n<meta property=\"og:site_name\" content=\"Pietro Fiorentini\" \/>\n<meta property=\"article:modified_time\" content=\"2024-03-15T12:36:34+00:00\" \/>\n<meta property=\"og:image\" content=\"https:\/\/www.fiorentini-iberia.com\/wp-content\/uploads\/2024\/03\/IMG_55C663-C7A526-6A377A-899E8D-F2AFCC-5C6CE7.jpg\" \/>\n<meta name=\"twitter:card\" content=\"summary_large_image\" \/>\n<meta name=\"twitter:site\" content=\"@FiorentiniSpa\" \/>\n<meta name=\"twitter:label1\" content=\"Temps estimat de lectura\" \/>\n\t<meta name=\"twitter:data1\" content=\"2 minuts\" \/>\n<script type=\"application\/ld+json\" class=\"yoast-schema-graph\">{\"@context\":\"https:\/\/schema.org\",\"@graph\":[{\"@type\":\"WebPage\",\"@id\":\"https:\/\/www.fiorentini-iberia.com\/ca\/experiencia\/biometa\/cogeneracio-de-biogas-amb-motor\/\",\"url\":\"https:\/\/www.fiorentini-iberia.com\/ca\/experiencia\/biometa\/cogeneracio-de-biogas-amb-motor\/\",\"name\":\"Cogeneraci\u00f3 de biog\u00e0s amb motor - Pietro Fiorentini\",\"isPartOf\":{\"@id\":\"https:\/\/www.fiorentini-iberia.com\/ca\/#website\"},\"primaryImageOfPage\":{\"@id\":\"https:\/\/www.fiorentini-iberia.com\/ca\/experiencia\/biometa\/cogeneracio-de-biogas-amb-motor\/#primaryimage\"},\"image\":{\"@id\":\"https:\/\/www.fiorentini-iberia.com\/ca\/experiencia\/biometa\/cogeneracio-de-biogas-amb-motor\/#primaryimage\"},\"thumbnailUrl\":\"https:\/\/www.fiorentini-iberia.com\/wp-content\/uploads\/2024\/03\/IMG_55C663-C7A526-6A377A-899E8D-F2AFCC-5C6CE7.jpg\",\"datePublished\":\"2024-03-15T11:34:27+00:00\",\"dateModified\":\"2024-03-15T12:36:34+00:00\",\"description\":\"Descobreixi els avantatges exclusius dels\u00a0compressors Biokomp, que combinen materials d'alta qualitat i revestiments especials per a satisfer els exigents requisits d'una central el\u00e8ctrica industrial.\",\"breadcrumb\":{\"@id\":\"https:\/\/www.fiorentini-iberia.com\/ca\/experiencia\/biometa\/cogeneracio-de-biogas-amb-motor\/#breadcrumb\"},\"inLanguage\":\"ca\",\"potentialAction\":[{\"@type\":\"ReadAction\",\"target\":[\"https:\/\/www.fiorentini-iberia.com\/ca\/experiencia\/biometa\/cogeneracio-de-biogas-amb-motor\/\"]}]},{\"@type\":\"ImageObject\",\"inLanguage\":\"ca\",\"@id\":\"https:\/\/www.fiorentini-iberia.com\/ca\/experiencia\/biometa\/cogeneracio-de-biogas-amb-motor\/#primaryimage\",\"url\":\"https:\/\/www.fiorentini-iberia.com\/wp-content\/uploads\/2024\/03\/IMG_55C663-C7A526-6A377A-899E8D-F2AFCC-5C6CE7.jpg\",\"contentUrl\":\"https:\/\/www.fiorentini-iberia.com\/wp-content\/uploads\/2024\/03\/IMG_55C663-C7A526-6A377A-899E8D-F2AFCC-5C6CE7.jpg\"},{\"@type\":\"BreadcrumbList\",\"@id\":\"https:\/\/www.fiorentini-iberia.com\/ca\/experiencia\/biometa\/cogeneracio-de-biogas-amb-motor\/#breadcrumb\",\"itemListElement\":[{\"@type\":\"ListItem\",\"position\":1,\"name\":\"Home\",\"item\":\"https:\/\/www.fiorentini-iberia.com\/ca\/\"},{\"@type\":\"ListItem\",\"position\":2,\"name\":\"Experi\u00e8ncia\",\"item\":\"https:\/\/www.fiorentini-iberia.com\/ca\/experiencia\/\"},{\"@type\":\"ListItem\",\"position\":3,\"name\":\"Biomet\u00e0\",\"item\":\"https:\/\/www.fiorentini-iberia.com\/ca\/experiencia\/biometa\/\"},{\"@type\":\"ListItem\",\"position\":4,\"name\":\"Cogeneraci\u00f3 de biog\u00e0s amb motor\"}]},{\"@type\":\"WebSite\",\"@id\":\"https:\/\/www.fiorentini-iberia.com\/ca\/#website\",\"url\":\"https:\/\/www.fiorentini-iberia.com\/ca\/\",\"name\":\"Pietro Fiorentini Iberia\",\"description\":\"Pietro Fiorentini dise\u00f1a y fabrica componentes, sistemas y servicios para la regulaci\u00f3n, medici\u00f3n, gesti\u00f3n de redes de agua, energ\u00edas renovables, petr\u00f3leo y el gas natural, con sistemas adaptados 100% al hidr\u00f3geno.\",\"publisher\":{\"@id\":\"https:\/\/www.fiorentini-iberia.com\/ca\/#organization\"},\"potentialAction\":[{\"@type\":\"SearchAction\",\"target\":{\"@type\":\"EntryPoint\",\"urlTemplate\":\"https:\/\/www.fiorentini-iberia.com\/ca\/?s={search_term_string}\"},\"query-input\":{\"@type\":\"PropertyValueSpecification\",\"valueRequired\":true,\"valueName\":\"search_term_string\"}}],\"inLanguage\":\"ca\"},{\"@type\":\"Organization\",\"@id\":\"https:\/\/www.fiorentini-iberia.com\/ca\/#organization\",\"name\":\"Pietro Fiorentini Iberia\",\"url\":\"https:\/\/www.fiorentini-iberia.com\/ca\/\",\"logo\":{\"@type\":\"ImageObject\",\"inLanguage\":\"ca\",\"@id\":\"https:\/\/www.fiorentini-iberia.com\/ca\/#\/schema\/logo\/image\/\",\"url\":\"https:\/\/www.fiorentini-iberia.com\/wp-content\/uploads\/2020\/11\/logo.svg\",\"contentUrl\":\"https:\/\/www.fiorentini-iberia.com\/wp-content\/uploads\/2020\/11\/logo.svg\",\"width\":227,\"height\":59,\"caption\":\"Pietro Fiorentini Iberia\"},\"image\":{\"@id\":\"https:\/\/www.fiorentini-iberia.com\/ca\/#\/schema\/logo\/image\/\"},\"sameAs\":[\"https:\/\/x.com\/FiorentiniSpa\",\"https:\/\/www.linkedin.com\/company\/pietro-fiorentini-iberia\/\"]}]}<\/script>\n<!-- \/ Yoast SEO plugin. -->","yoast_head_json":{"title":"Cogeneraci\u00f3 de biog\u00e0s amb motor - Pietro Fiorentini","description":"Descobreixi els avantatges exclusius dels\u00a0compressors Biokomp, que combinen materials d'alta qualitat i revestiments especials per a satisfer els exigents requisits d'una central el\u00e8ctrica industrial.","robots":{"index":"index","follow":"follow","max-snippet":"max-snippet:-1","max-image-preview":"max-image-preview:large","max-video-preview":"max-video-preview:-1"},"canonical":"https:\/\/www.fiorentini-iberia.com\/ca\/experiencia\/biometa\/cogeneracio-de-biogas-amb-motor\/","og_locale":"ca_ES","og_type":"article","og_title":"Cogeneraci\u00f3 de biog\u00e0s amb motor - Pietro Fiorentini","og_description":"Descobreixi els avantatges exclusius dels\u00a0compressors Biokomp, que combinen materials d'alta qualitat i revestiments especials per a satisfer els exigents requisits d'una central el\u00e8ctrica industrial.","og_url":"https:\/\/www.fiorentini-iberia.com\/ca\/experiencia\/biometa\/cogeneracio-de-biogas-amb-motor\/","og_site_name":"Pietro Fiorentini","article_modified_time":"2024-03-15T12:36:34+00:00","og_image":[{"url":"https:\/\/www.fiorentini-iberia.com\/wp-content\/uploads\/2024\/03\/IMG_55C663-C7A526-6A377A-899E8D-F2AFCC-5C6CE7.jpg","type":"","width":"","height":""}],"twitter_card":"summary_large_image","twitter_site":"@FiorentiniSpa","twitter_misc":{"Temps estimat de lectura":"2 minuts"},"schema":{"@context":"https:\/\/schema.org","@graph":[{"@type":"WebPage","@id":"https:\/\/www.fiorentini-iberia.com\/ca\/experiencia\/biometa\/cogeneracio-de-biogas-amb-motor\/","url":"https:\/\/www.fiorentini-iberia.com\/ca\/experiencia\/biometa\/cogeneracio-de-biogas-amb-motor\/","name":"Cogeneraci\u00f3 de biog\u00e0s amb motor - Pietro Fiorentini","isPartOf":{"@id":"https:\/\/www.fiorentini-iberia.com\/ca\/#website"},"primaryImageOfPage":{"@id":"https:\/\/www.fiorentini-iberia.com\/ca\/experiencia\/biometa\/cogeneracio-de-biogas-amb-motor\/#primaryimage"},"image":{"@id":"https:\/\/www.fiorentini-iberia.com\/ca\/experiencia\/biometa\/cogeneracio-de-biogas-amb-motor\/#primaryimage"},"thumbnailUrl":"https:\/\/www.fiorentini-iberia.com\/wp-content\/uploads\/2024\/03\/IMG_55C663-C7A526-6A377A-899E8D-F2AFCC-5C6CE7.jpg","datePublished":"2024-03-15T11:34:27+00:00","dateModified":"2024-03-15T12:36:34+00:00","description":"Descobreixi els avantatges exclusius dels\u00a0compressors Biokomp, que combinen materials d'alta qualitat i revestiments especials per a satisfer els exigents requisits d'una central el\u00e8ctrica industrial.","breadcrumb":{"@id":"https:\/\/www.fiorentini-iberia.com\/ca\/experiencia\/biometa\/cogeneracio-de-biogas-amb-motor\/#breadcrumb"},"inLanguage":"ca","potentialAction":[{"@type":"ReadAction","target":["https:\/\/www.fiorentini-iberia.com\/ca\/experiencia\/biometa\/cogeneracio-de-biogas-amb-motor\/"]}]},{"@type":"ImageObject","inLanguage":"ca","@id":"https:\/\/www.fiorentini-iberia.com\/ca\/experiencia\/biometa\/cogeneracio-de-biogas-amb-motor\/#primaryimage","url":"https:\/\/www.fiorentini-iberia.com\/wp-content\/uploads\/2024\/03\/IMG_55C663-C7A526-6A377A-899E8D-F2AFCC-5C6CE7.jpg","contentUrl":"https:\/\/www.fiorentini-iberia.com\/wp-content\/uploads\/2024\/03\/IMG_55C663-C7A526-6A377A-899E8D-F2AFCC-5C6CE7.jpg"},{"@type":"BreadcrumbList","@id":"https:\/\/www.fiorentini-iberia.com\/ca\/experiencia\/biometa\/cogeneracio-de-biogas-amb-motor\/#breadcrumb","itemListElement":[{"@type":"ListItem","position":1,"name":"Home","item":"https:\/\/www.fiorentini-iberia.com\/ca\/"},{"@type":"ListItem","position":2,"name":"Experi\u00e8ncia","item":"https:\/\/www.fiorentini-iberia.com\/ca\/experiencia\/"},{"@type":"ListItem","position":3,"name":"Biomet\u00e0","item":"https:\/\/www.fiorentini-iberia.com\/ca\/experiencia\/biometa\/"},{"@type":"ListItem","position":4,"name":"Cogeneraci\u00f3 de biog\u00e0s amb motor"}]},{"@type":"WebSite","@id":"https:\/\/www.fiorentini-iberia.com\/ca\/#website","url":"https:\/\/www.fiorentini-iberia.com\/ca\/","name":"Pietro Fiorentini Iberia","description":"Pietro Fiorentini dise\u00f1a y fabrica componentes, sistemas y servicios para la regulaci\u00f3n, medici\u00f3n, gesti\u00f3n de redes de agua, energ\u00edas renovables, petr\u00f3leo y el gas natural, con sistemas adaptados 100% al hidr\u00f3geno.","publisher":{"@id":"https:\/\/www.fiorentini-iberia.com\/ca\/#organization"},"potentialAction":[{"@type":"SearchAction","target":{"@type":"EntryPoint","urlTemplate":"https:\/\/www.fiorentini-iberia.com\/ca\/?s={search_term_string}"},"query-input":{"@type":"PropertyValueSpecification","valueRequired":true,"valueName":"search_term_string"}}],"inLanguage":"ca"},{"@type":"Organization","@id":"https:\/\/www.fiorentini-iberia.com\/ca\/#organization","name":"Pietro Fiorentini Iberia","url":"https:\/\/www.fiorentini-iberia.com\/ca\/","logo":{"@type":"ImageObject","inLanguage":"ca","@id":"https:\/\/www.fiorentini-iberia.com\/ca\/#\/schema\/logo\/image\/","url":"https:\/\/www.fiorentini-iberia.com\/wp-content\/uploads\/2020\/11\/logo.svg","contentUrl":"https:\/\/www.fiorentini-iberia.com\/wp-content\/uploads\/2020\/11\/logo.svg","width":227,"height":59,"caption":"Pietro Fiorentini Iberia"},"image":{"@id":"https:\/\/www.fiorentini-iberia.com\/ca\/#\/schema\/logo\/image\/"},"sameAs":["https:\/\/x.com\/FiorentiniSpa","https:\/\/www.linkedin.com\/company\/pietro-fiorentini-iberia\/"]}]}},"_links":{"self":[{"href":"https:\/\/www.fiorentini-iberia.com\/ca\/wp-json\/wp\/v2\/pages\/50485","targetHints":{"allow":["GET"]}}],"collection":[{"href":"https:\/\/www.fiorentini-iberia.com\/ca\/wp-json\/wp\/v2\/pages"}],"about":[{"href":"https:\/\/www.fiorentini-iberia.com\/ca\/wp-json\/wp\/v2\/types\/page"}],"author":[{"embeddable":true,"href":"https:\/\/www.fiorentini-iberia.com\/ca\/wp-json\/wp\/v2\/users\/15"}],"replies":[{"embeddable":true,"href":"https:\/\/www.fiorentini-iberia.com\/ca\/wp-json\/wp\/v2\/comments?post=50485"}],"version-history":[{"count":2,"href":"https:\/\/www.fiorentini-iberia.com\/ca\/wp-json\/wp\/v2\/pages\/50485\/revisions"}],"predecessor-version":[{"id":50501,"href":"https:\/\/www.fiorentini-iberia.com\/ca\/wp-json\/wp\/v2\/pages\/50485\/revisions\/50501"}],"up":[{"embeddable":true,"href":"https:\/\/www.fiorentini-iberia.com\/ca\/wp-json\/wp\/v2\/pages\/50103"}],"wp:attachment":[{"href":"https:\/\/www.fiorentini-iberia.com\/ca\/wp-json\/wp\/v2\/media?parent=50485"}],"curies":[{"name":"wp","href":"https:\/\/api.w.org\/{rel}","templated":true}]}}