{"id":50497,"date":"2024-03-15T12:17:42","date_gmt":"2024-03-15T11:17:42","guid":{"rendered":"https:\/\/www.fiorentini-iberia.com\/experiencia\/biometa\/cogeneracion-de-biogas-con-turbina\/"},"modified":"2024-03-20T14:43:25","modified_gmt":"2024-03-20T13:43:25","slug":"cogeneracio-de-biogas-amb-turbina","status":"publish","type":"page","link":"https:\/\/www.fiorentini-iberia.com\/ca\/experiencia\/biometa\/cogeneracio-de-biogas-amb-turbina\/","title":{"rendered":"Cogeneraci\u00f3 de biog\u00e0s amb turbina"},"content":{"rendered":"\n<p><strong>Biokomp<\/strong>&nbsp;ofereix una \u00e0mplia gamma de sistemes de processament de gas per a aplicacions de microturbines amb capacitats que van des de 5&nbsp;Nm3\/h&nbsp;a 5.000&nbsp;Nm3\/h. Les nostres unitats de neteja, deshidrataci\u00f3 i compressi\u00f3 estan dissenyades per a funcionar amb diversos tipus de combustible (gas natural, gas de pou, gas de petroli associat, biog\u00e0s).<\/p>\n\n\n\n<figure class=\"wp-block-embed is-type-video is-provider-youtube wp-block-embed-youtube wp-embed-aspect-16-9 wp-has-aspect-ratio\"><div class=\"wp-block-embed__wrapper\">\n<iframe loading=\"lazy\" title=\"bio-komp\u00ae compression technology\" width=\"500\" height=\"281\" src=\"https:\/\/www.youtube.com\/embed\/RP5QEUpZpns?feature=oembed\" frameborder=\"0\" allow=\"accelerometer; autoplay; clipboard-write; encrypted-media; gyroscope; picture-in-picture; web-share\" referrerpolicy=\"strict-origin-when-cross-origin\" allowfullscreen><\/iframe>\n<\/div><\/figure>\n\n\n\n<p>Client:&nbsp;<strong>LAIBACH DOO<\/strong><br>Pa\u00eds:&nbsp;<strong>Eslov\u00e8nia<\/strong><br>&nbsp;<br>Fundada en 1992 com a empresa familiar i centrada originalment en la distribuci\u00f3 de productes industrials semielaborats,&nbsp;Laibach&nbsp;ha estat vinculada des dels seus inicis a clients actius en la distribuci\u00f3 d&#8217;energia i a instituts de recerca.<br>&nbsp;<br>L&#8217;equip de&nbsp;Laibach&nbsp;s&#8217;encarrega de la planificaci\u00f3 de projectes, la supervisi\u00f3 de la instal\u00b7laci\u00f3, la posada en marxa i el manteniment dels productes&nbsp;Capstone, garantint solucionis clau en m\u00e0 a Eslov\u00e8nia i Cro\u00e0cia.<br>&nbsp;<br><a href=\"https:\/\/www.bio-komp.com\/estudio-de-caso\"><strong>&gt; M\u00e9s informaci\u00f3 sobre l&#8217;estudi de cas en aquest enlla\u00e7.<\/strong><\/a><br><a href=\"https:\/\/www.bio-komp.com\/filedata\/BIOKOMP_Natural_Gas_2018.pdf\" target=\"_blank\" rel=\"noreferrer noopener\"><strong>&gt; Descarregar la fitxa t\u00e8cnica de les solucions per a gas natural.<\/strong><\/a><\/p>\n\n\n\n<p>&nbsp;<\/p>\n\n\n\n<figure class=\"wp-block-image size-large\"><img decoding=\"async\" src=\"https:\/\/www.fiorentini-iberia.com\/wp-content\/uploads\/2024\/02\/case-study-03-1.jpg\" alt=\"\"\/><\/figure>\n\n\n\n<p>&nbsp;<\/p>\n\n\n\n<p class=\"has-text-color has-link-color has-large-font-size wp-elements-27ad7349cc72585455c64df62c0cc8b8\" style=\"color:#199782\"><strong>&gt; <\/strong><a href=\"https:\/\/www.bio-komp.com\/impianti\/103\/LAIBACH-DOO.html\" target=\"_blank\" rel=\"noreferrer noopener\"><strong>M\u00e9s detalls del projecte.<\/strong><\/a><\/p>\n\n\n\n<div style=\"height:20px\" aria-hidden=\"true\" class=\"wp-block-spacer\"><\/div>\n\n\n\n<p class=\"has-text-color has-link-color has-large-font-size wp-elements-c84f455ffec3ce6ff3d886279477bf3e\" style=\"color:#199782\"><strong>><\/strong>  <strong><a href=\"https:\/\/www.fiorentini-iberia.com\/ca\/noticies\/biokomp-planta-de-tractament-de-biogas\/\">Visiti la not\u00edcia de presentaci\u00f3 BIOKOMP.<\/a><\/strong><\/p>\n","protected":false},"excerpt":{"rendered":"<p>Biokomp ofereix una \u00e0mplia gamma de sistemes de processament de gas per a aplicacions de microturbines amb capacitats que van des de 5 Nm3\/h a 5.000 Nm3\/h. Les nostres unitats de neteja, deshidrataci\u00f3 i compressi\u00f3 estan dissenyades per a funcionar amb diversos tipus de combustible (gas natural, gas de pou, gas de petroli associat, biog\u00e0s).<\/p>\n","protected":false},"author":15,"featured_media":0,"parent":50103,"menu_order":0,"comment_status":"closed","ping_status":"closed","template":"template-expertise-post.php","meta":{"_acf_changed":false,"inline_featured_image":false,"footnotes":""},"class_list":["post-50497","page","type-page","status-publish","hentry"],"acf":[],"yoast_head":"<!-- This site is optimized with the Yoast SEO plugin v27.2 - https:\/\/yoast.com\/product\/yoast-seo-wordpress\/ -->\n<title>Cogeneraci\u00f3 de biog\u00e0s amb turbina - Pietro Fiorentini<\/title>\n<meta name=\"description\" content=\"Les nostres unitats de neteja, deshidrataci\u00f3 i compressi\u00f3 estan dissenyades per a funcionar amb diversos tipus de combustible (gas natural, gas de pou, gas de petroli associat, biog\u00e0s).\" \/>\n<meta name=\"robots\" content=\"index, follow, max-snippet:-1, max-image-preview:large, max-video-preview:-1\" \/>\n<link rel=\"canonical\" href=\"https:\/\/www.fiorentini-iberia.com\/ca\/experiencia\/biometa\/cogeneracio-de-biogas-amb-turbina\/\" \/>\n<meta property=\"og:locale\" content=\"ca_ES\" \/>\n<meta property=\"og:type\" content=\"article\" \/>\n<meta property=\"og:title\" content=\"Cogeneraci\u00f3 de biog\u00e0s amb turbina - Pietro Fiorentini\" \/>\n<meta property=\"og:description\" content=\"Les nostres unitats de neteja, deshidrataci\u00f3 i compressi\u00f3 estan dissenyades per a funcionar amb diversos tipus de combustible (gas natural, gas de pou, gas de petroli associat, biog\u00e0s).\" \/>\n<meta property=\"og:url\" content=\"https:\/\/www.fiorentini-iberia.com\/ca\/experiencia\/biometa\/cogeneracio-de-biogas-amb-turbina\/\" \/>\n<meta property=\"og:site_name\" content=\"Pietro Fiorentini\" \/>\n<meta property=\"article:modified_time\" content=\"2024-03-20T13:43:25+00:00\" \/>\n<meta property=\"og:image\" content=\"https:\/\/www.fiorentini-iberia.com\/wp-content\/uploads\/2024\/02\/case-study-03-1.jpg\" \/>\n<meta name=\"twitter:card\" content=\"summary_large_image\" \/>\n<meta name=\"twitter:site\" content=\"@FiorentiniSpa\" \/>\n<meta name=\"twitter:label1\" content=\"Temps estimat de lectura\" \/>\n\t<meta name=\"twitter:data1\" content=\"1 minut\" \/>\n<script type=\"application\/ld+json\" class=\"yoast-schema-graph\">{\"@context\":\"https:\/\/schema.org\",\"@graph\":[{\"@type\":\"WebPage\",\"@id\":\"https:\/\/www.fiorentini-iberia.com\/ca\/experiencia\/biometa\/cogeneracio-de-biogas-amb-turbina\/\",\"url\":\"https:\/\/www.fiorentini-iberia.com\/ca\/experiencia\/biometa\/cogeneracio-de-biogas-amb-turbina\/\",\"name\":\"Cogeneraci\u00f3 de biog\u00e0s amb turbina - Pietro Fiorentini\",\"isPartOf\":{\"@id\":\"https:\/\/www.fiorentini-iberia.com\/ca\/#website\"},\"primaryImageOfPage\":{\"@id\":\"https:\/\/www.fiorentini-iberia.com\/ca\/experiencia\/biometa\/cogeneracio-de-biogas-amb-turbina\/#primaryimage\"},\"image\":{\"@id\":\"https:\/\/www.fiorentini-iberia.com\/ca\/experiencia\/biometa\/cogeneracio-de-biogas-amb-turbina\/#primaryimage\"},\"thumbnailUrl\":\"https:\/\/www.fiorentini-iberia.com\/wp-content\/uploads\/2024\/02\/case-study-03-1.jpg\",\"datePublished\":\"2024-03-15T11:17:42+00:00\",\"dateModified\":\"2024-03-20T13:43:25+00:00\",\"description\":\"Les nostres unitats de neteja, deshidrataci\u00f3 i compressi\u00f3 estan dissenyades per a funcionar amb diversos tipus de combustible (gas natural, gas de pou, gas de petroli associat, biog\u00e0s).\",\"breadcrumb\":{\"@id\":\"https:\/\/www.fiorentini-iberia.com\/ca\/experiencia\/biometa\/cogeneracio-de-biogas-amb-turbina\/#breadcrumb\"},\"inLanguage\":\"ca\",\"potentialAction\":[{\"@type\":\"ReadAction\",\"target\":[\"https:\/\/www.fiorentini-iberia.com\/ca\/experiencia\/biometa\/cogeneracio-de-biogas-amb-turbina\/\"]}]},{\"@type\":\"ImageObject\",\"inLanguage\":\"ca\",\"@id\":\"https:\/\/www.fiorentini-iberia.com\/ca\/experiencia\/biometa\/cogeneracio-de-biogas-amb-turbina\/#primaryimage\",\"url\":\"https:\/\/www.fiorentini-iberia.com\/wp-content\/uploads\/2024\/02\/case-study-03-1.jpg\",\"contentUrl\":\"https:\/\/www.fiorentini-iberia.com\/wp-content\/uploads\/2024\/02\/case-study-03-1.jpg\"},{\"@type\":\"BreadcrumbList\",\"@id\":\"https:\/\/www.fiorentini-iberia.com\/ca\/experiencia\/biometa\/cogeneracio-de-biogas-amb-turbina\/#breadcrumb\",\"itemListElement\":[{\"@type\":\"ListItem\",\"position\":1,\"name\":\"Home\",\"item\":\"https:\/\/www.fiorentini-iberia.com\/ca\/\"},{\"@type\":\"ListItem\",\"position\":2,\"name\":\"Experi\u00e8ncia\",\"item\":\"https:\/\/www.fiorentini-iberia.com\/ca\/experiencia\/\"},{\"@type\":\"ListItem\",\"position\":3,\"name\":\"Biomet\u00e0\",\"item\":\"https:\/\/www.fiorentini-iberia.com\/ca\/experiencia\/biometa\/\"},{\"@type\":\"ListItem\",\"position\":4,\"name\":\"Cogeneraci\u00f3 de biog\u00e0s amb turbina\"}]},{\"@type\":\"WebSite\",\"@id\":\"https:\/\/www.fiorentini-iberia.com\/ca\/#website\",\"url\":\"https:\/\/www.fiorentini-iberia.com\/ca\/\",\"name\":\"Pietro Fiorentini Iberia\",\"description\":\"Pietro Fiorentini dise\u00f1a y fabrica componentes, sistemas y servicios para la regulaci\u00f3n, medici\u00f3n, gesti\u00f3n de redes de agua, energ\u00edas renovables, petr\u00f3leo y el gas natural, con sistemas adaptados 100% al hidr\u00f3geno.\",\"publisher\":{\"@id\":\"https:\/\/www.fiorentini-iberia.com\/ca\/#organization\"},\"potentialAction\":[{\"@type\":\"SearchAction\",\"target\":{\"@type\":\"EntryPoint\",\"urlTemplate\":\"https:\/\/www.fiorentini-iberia.com\/ca\/?s={search_term_string}\"},\"query-input\":{\"@type\":\"PropertyValueSpecification\",\"valueRequired\":true,\"valueName\":\"search_term_string\"}}],\"inLanguage\":\"ca\"},{\"@type\":\"Organization\",\"@id\":\"https:\/\/www.fiorentini-iberia.com\/ca\/#organization\",\"name\":\"Pietro Fiorentini Iberia\",\"url\":\"https:\/\/www.fiorentini-iberia.com\/ca\/\",\"logo\":{\"@type\":\"ImageObject\",\"inLanguage\":\"ca\",\"@id\":\"https:\/\/www.fiorentini-iberia.com\/ca\/#\/schema\/logo\/image\/\",\"url\":\"https:\/\/www.fiorentini-iberia.com\/wp-content\/uploads\/2020\/11\/logo.svg\",\"contentUrl\":\"https:\/\/www.fiorentini-iberia.com\/wp-content\/uploads\/2020\/11\/logo.svg\",\"width\":227,\"height\":59,\"caption\":\"Pietro Fiorentini Iberia\"},\"image\":{\"@id\":\"https:\/\/www.fiorentini-iberia.com\/ca\/#\/schema\/logo\/image\/\"},\"sameAs\":[\"https:\/\/x.com\/FiorentiniSpa\",\"https:\/\/www.linkedin.com\/company\/pietro-fiorentini-iberia\/\"]}]}<\/script>\n<!-- \/ Yoast SEO plugin. -->","yoast_head_json":{"title":"Cogeneraci\u00f3 de biog\u00e0s amb turbina - Pietro Fiorentini","description":"Les nostres unitats de neteja, deshidrataci\u00f3 i compressi\u00f3 estan dissenyades per a funcionar amb diversos tipus de combustible (gas natural, gas de pou, gas de petroli associat, biog\u00e0s).","robots":{"index":"index","follow":"follow","max-snippet":"max-snippet:-1","max-image-preview":"max-image-preview:large","max-video-preview":"max-video-preview:-1"},"canonical":"https:\/\/www.fiorentini-iberia.com\/ca\/experiencia\/biometa\/cogeneracio-de-biogas-amb-turbina\/","og_locale":"ca_ES","og_type":"article","og_title":"Cogeneraci\u00f3 de biog\u00e0s amb turbina - Pietro Fiorentini","og_description":"Les nostres unitats de neteja, deshidrataci\u00f3 i compressi\u00f3 estan dissenyades per a funcionar amb diversos tipus de combustible (gas natural, gas de pou, gas de petroli associat, biog\u00e0s).","og_url":"https:\/\/www.fiorentini-iberia.com\/ca\/experiencia\/biometa\/cogeneracio-de-biogas-amb-turbina\/","og_site_name":"Pietro Fiorentini","article_modified_time":"2024-03-20T13:43:25+00:00","og_image":[{"url":"https:\/\/www.fiorentini-iberia.com\/wp-content\/uploads\/2024\/02\/case-study-03-1.jpg","type":"","width":"","height":""}],"twitter_card":"summary_large_image","twitter_site":"@FiorentiniSpa","twitter_misc":{"Temps estimat de lectura":"1 minut"},"schema":{"@context":"https:\/\/schema.org","@graph":[{"@type":"WebPage","@id":"https:\/\/www.fiorentini-iberia.com\/ca\/experiencia\/biometa\/cogeneracio-de-biogas-amb-turbina\/","url":"https:\/\/www.fiorentini-iberia.com\/ca\/experiencia\/biometa\/cogeneracio-de-biogas-amb-turbina\/","name":"Cogeneraci\u00f3 de biog\u00e0s amb turbina - Pietro Fiorentini","isPartOf":{"@id":"https:\/\/www.fiorentini-iberia.com\/ca\/#website"},"primaryImageOfPage":{"@id":"https:\/\/www.fiorentini-iberia.com\/ca\/experiencia\/biometa\/cogeneracio-de-biogas-amb-turbina\/#primaryimage"},"image":{"@id":"https:\/\/www.fiorentini-iberia.com\/ca\/experiencia\/biometa\/cogeneracio-de-biogas-amb-turbina\/#primaryimage"},"thumbnailUrl":"https:\/\/www.fiorentini-iberia.com\/wp-content\/uploads\/2024\/02\/case-study-03-1.jpg","datePublished":"2024-03-15T11:17:42+00:00","dateModified":"2024-03-20T13:43:25+00:00","description":"Les nostres unitats de neteja, deshidrataci\u00f3 i compressi\u00f3 estan dissenyades per a funcionar amb diversos tipus de combustible (gas natural, gas de pou, gas de petroli associat, biog\u00e0s).","breadcrumb":{"@id":"https:\/\/www.fiorentini-iberia.com\/ca\/experiencia\/biometa\/cogeneracio-de-biogas-amb-turbina\/#breadcrumb"},"inLanguage":"ca","potentialAction":[{"@type":"ReadAction","target":["https:\/\/www.fiorentini-iberia.com\/ca\/experiencia\/biometa\/cogeneracio-de-biogas-amb-turbina\/"]}]},{"@type":"ImageObject","inLanguage":"ca","@id":"https:\/\/www.fiorentini-iberia.com\/ca\/experiencia\/biometa\/cogeneracio-de-biogas-amb-turbina\/#primaryimage","url":"https:\/\/www.fiorentini-iberia.com\/wp-content\/uploads\/2024\/02\/case-study-03-1.jpg","contentUrl":"https:\/\/www.fiorentini-iberia.com\/wp-content\/uploads\/2024\/02\/case-study-03-1.jpg"},{"@type":"BreadcrumbList","@id":"https:\/\/www.fiorentini-iberia.com\/ca\/experiencia\/biometa\/cogeneracio-de-biogas-amb-turbina\/#breadcrumb","itemListElement":[{"@type":"ListItem","position":1,"name":"Home","item":"https:\/\/www.fiorentini-iberia.com\/ca\/"},{"@type":"ListItem","position":2,"name":"Experi\u00e8ncia","item":"https:\/\/www.fiorentini-iberia.com\/ca\/experiencia\/"},{"@type":"ListItem","position":3,"name":"Biomet\u00e0","item":"https:\/\/www.fiorentini-iberia.com\/ca\/experiencia\/biometa\/"},{"@type":"ListItem","position":4,"name":"Cogeneraci\u00f3 de biog\u00e0s amb turbina"}]},{"@type":"WebSite","@id":"https:\/\/www.fiorentini-iberia.com\/ca\/#website","url":"https:\/\/www.fiorentini-iberia.com\/ca\/","name":"Pietro Fiorentini Iberia","description":"Pietro Fiorentini dise\u00f1a y fabrica componentes, sistemas y servicios para la regulaci\u00f3n, medici\u00f3n, gesti\u00f3n de redes de agua, energ\u00edas renovables, petr\u00f3leo y el gas natural, con sistemas adaptados 100% al hidr\u00f3geno.","publisher":{"@id":"https:\/\/www.fiorentini-iberia.com\/ca\/#organization"},"potentialAction":[{"@type":"SearchAction","target":{"@type":"EntryPoint","urlTemplate":"https:\/\/www.fiorentini-iberia.com\/ca\/?s={search_term_string}"},"query-input":{"@type":"PropertyValueSpecification","valueRequired":true,"valueName":"search_term_string"}}],"inLanguage":"ca"},{"@type":"Organization","@id":"https:\/\/www.fiorentini-iberia.com\/ca\/#organization","name":"Pietro Fiorentini Iberia","url":"https:\/\/www.fiorentini-iberia.com\/ca\/","logo":{"@type":"ImageObject","inLanguage":"ca","@id":"https:\/\/www.fiorentini-iberia.com\/ca\/#\/schema\/logo\/image\/","url":"https:\/\/www.fiorentini-iberia.com\/wp-content\/uploads\/2020\/11\/logo.svg","contentUrl":"https:\/\/www.fiorentini-iberia.com\/wp-content\/uploads\/2020\/11\/logo.svg","width":227,"height":59,"caption":"Pietro Fiorentini Iberia"},"image":{"@id":"https:\/\/www.fiorentini-iberia.com\/ca\/#\/schema\/logo\/image\/"},"sameAs":["https:\/\/x.com\/FiorentiniSpa","https:\/\/www.linkedin.com\/company\/pietro-fiorentini-iberia\/"]}]}},"_links":{"self":[{"href":"https:\/\/www.fiorentini-iberia.com\/ca\/wp-json\/wp\/v2\/pages\/50497","targetHints":{"allow":["GET"]}}],"collection":[{"href":"https:\/\/www.fiorentini-iberia.com\/ca\/wp-json\/wp\/v2\/pages"}],"about":[{"href":"https:\/\/www.fiorentini-iberia.com\/ca\/wp-json\/wp\/v2\/types\/page"}],"author":[{"embeddable":true,"href":"https:\/\/www.fiorentini-iberia.com\/ca\/wp-json\/wp\/v2\/users\/15"}],"replies":[{"embeddable":true,"href":"https:\/\/www.fiorentini-iberia.com\/ca\/wp-json\/wp\/v2\/comments?post=50497"}],"version-history":[{"count":3,"href":"https:\/\/www.fiorentini-iberia.com\/ca\/wp-json\/wp\/v2\/pages\/50497\/revisions"}],"predecessor-version":[{"id":50605,"href":"https:\/\/www.fiorentini-iberia.com\/ca\/wp-json\/wp\/v2\/pages\/50497\/revisions\/50605"}],"up":[{"embeddable":true,"href":"https:\/\/www.fiorentini-iberia.com\/ca\/wp-json\/wp\/v2\/pages\/50103"}],"wp:attachment":[{"href":"https:\/\/www.fiorentini-iberia.com\/ca\/wp-json\/wp\/v2\/media?parent=50497"}],"curies":[{"name":"wp","href":"https:\/\/api.w.org\/{rel}","templated":true}]}}