{"id":50525,"date":"2024-03-15T11:20:21","date_gmt":"2024-03-15T10:20:21","guid":{"rendered":"https:\/\/www.fiorentini-iberia.com\/experiencia\/biometa\/recuperacion-de-gas-de-horno-de-coque\/"},"modified":"2024-03-15T14:17:33","modified_gmt":"2024-03-15T13:17:33","slug":"recuperacio-de-gas-de-forn-de-coc","status":"publish","type":"page","link":"https:\/\/www.fiorentini-iberia.com\/ca\/experiencia\/biometa\/recuperacio-de-gas-de-forn-de-coc\/","title":{"rendered":"Recuperaci\u00f3 de gas de forn de coc"},"content":{"rendered":"\n<p><strong>Augmentar l&#8217;efic\u00e0cia de la sider\u00fargia<\/strong>: Amb la finalitat d&#8217;utilitzar el gas de proc\u00e9s en una caldera de vapor de 2 *MW, hem subministrat recentment un elevador de pressi\u00f3 de gas amb tambor extractor per a la filtraci\u00f3 fina de contaminants s\u00f2lids i un sistema de control de temperatura per a refredar el gas a la temperatura requerida pel cremador.<\/p>\n\n\n\n<figure class=\"wp-block-embed is-type-video is-provider-youtube wp-block-embed-youtube wp-embed-aspect-16-9 wp-has-aspect-ratio\"><div class=\"wp-block-embed__wrapper\">\n<iframe loading=\"lazy\" title=\"Hydrogen Plant in ArcelorMittal\" width=\"500\" height=\"281\" src=\"https:\/\/www.youtube.com\/embed\/I_NwiYDdViY?feature=oembed\" frameborder=\"0\" allow=\"accelerometer; autoplay; clipboard-write; encrypted-media; gyroscope; picture-in-picture; web-share\" referrerpolicy=\"strict-origin-when-cross-origin\" allowfullscreen><\/iframe>\n<\/div><\/figure>\n\n\n\n<p>Client:\u00a0<strong>ArcelorMittal<\/strong><br>Pa\u00eds:\u00a0<strong>B\u00f2snia<\/strong><br>\u00a0<br>ArcelorMittal\u00a0\u00e9s <strong>la major empresa sider\u00fargica del m\u00f3n<\/strong>, amb pres\u00e8ncia en m\u00e9s de 60 pa\u00efsos. Ha liderat la consolidaci\u00f3 del sector sider\u00fargic internacional, i avui es considera l&#8217;\u00fanic productor d&#8217;acer veritablement global.<br>\u00a0\u00a0\u00a0<br><a href=\"https:\/\/www.bio-komp.com\/estudio-de-caso\"><strong>> M\u00e9s informaci\u00f3 sobre l&#8217;estudi de cas en aquest enlla\u00e7.<\/strong><\/a><br><a href=\"https:\/\/www.bio-komp.com\/filedata\/BIOKOMP_Industrial_Gas_2018.pdf\" target=\"_blank\" rel=\"noreferrer noopener\"><strong>> Descarregar la fitxa t\u00e8cnica de Solucions per a gassos industrials.<\/strong><\/a><br>\u00a0<\/p>\n\n\n\n<figure class=\"wp-block-image size-large\"><img decoding=\"async\" src=\"https:\/\/www.fiorentini-iberia.com\/wp-content\/uploads\/2024\/02\/case-study-01.jpg\" alt=\"\"\/><\/figure>\n\n\n\n<p>&nbsp;<\/p>\n\n\n\n<p class=\"has-text-color has-link-color has-large-font-size wp-elements-9ab4f57bde84ab01dad76672e41e60e8\" style=\"color:#199782\"><strong>> <\/strong><a href=\"https:\/\/www.bio-komp.com\/impianti\/128\/ARCELOR-MITTAL.html\" target=\"_blank\" rel=\"noreferrer noopener\"><strong>M\u00e9s detalls del projecte.<\/strong><\/a><\/p>\n\n\n\n<div style=\"height:20px\" aria-hidden=\"true\" class=\"wp-block-spacer\"><\/div>\n\n\n\n<p class=\"has-text-color has-link-color has-large-font-size wp-elements-51c6284fa15b080c02d0f3e1daf87213\" style=\"color:#199782\"><strong>><\/strong>  <strong><a href=\"https:\/\/www.fiorentini-iberia.com\/ca\/noticies\/biokomp-planta-de-tractament-de-biogas\/\">Visiti la noticia de presentaci\u00f3 BIOKOMP.<\/a><\/strong> <\/p>\n","protected":false},"excerpt":{"rendered":"<p>Augmentar l&#8217;efic\u00e0cia de la sider\u00fargia: Amb la finalitat d&#8217;utilitzar el gas de proc\u00e9s en una caldera de vapor de 2 *MW, hem subministrat recentment un elevador de pressi\u00f3 de gas amb tambor extractor per a la filtraci\u00f3 fina de contaminants s\u00f2lids i un sistema de control de temperatura per a refredar el gas a la temperatura requerida pel cremador.<\/p>\n","protected":false},"author":15,"featured_media":0,"parent":50103,"menu_order":0,"comment_status":"closed","ping_status":"closed","template":"template-expertise-post.php","meta":{"_acf_changed":false,"inline_featured_image":false,"footnotes":""},"class_list":["post-50525","page","type-page","status-publish","hentry"],"acf":[],"yoast_head":"<!-- This site is optimized with the Yoast SEO plugin v27.2 - https:\/\/yoast.com\/product\/yoast-seo-wordpress\/ -->\n<title>Recuperaci\u00f3 de gas de forn de coc - Pietro Fiorentini<\/title>\n<meta name=\"description\" content=\"Hem subministrat recentment un elevador de pressi\u00f3 de gas amb tambor extractor per a la filtraci\u00f3 fina de contaminants s\u00f2lids\" \/>\n<meta name=\"robots\" content=\"index, follow, max-snippet:-1, max-image-preview:large, max-video-preview:-1\" \/>\n<link rel=\"canonical\" href=\"https:\/\/www.fiorentini-iberia.com\/ca\/experiencia\/biometa\/recuperacio-de-gas-de-forn-de-coc\/\" \/>\n<meta property=\"og:locale\" content=\"ca_ES\" \/>\n<meta property=\"og:type\" content=\"article\" \/>\n<meta property=\"og:title\" content=\"Recuperaci\u00f3 de gas de forn de coc - Pietro Fiorentini\" \/>\n<meta property=\"og:description\" content=\"Hem subministrat recentment un elevador de pressi\u00f3 de gas amb tambor extractor per a la filtraci\u00f3 fina de contaminants s\u00f2lids\" \/>\n<meta property=\"og:url\" content=\"https:\/\/www.fiorentini-iberia.com\/ca\/experiencia\/biometa\/recuperacio-de-gas-de-forn-de-coc\/\" \/>\n<meta property=\"og:site_name\" content=\"Pietro Fiorentini\" \/>\n<meta property=\"article:modified_time\" content=\"2024-03-15T13:17:33+00:00\" \/>\n<meta property=\"og:image\" content=\"https:\/\/www.fiorentini-iberia.com\/wp-content\/uploads\/2024\/02\/case-study-01.jpg\" \/>\n<meta name=\"twitter:card\" content=\"summary_large_image\" \/>\n<meta name=\"twitter:site\" content=\"@FiorentiniSpa\" \/>\n<meta name=\"twitter:label1\" content=\"Temps estimat de lectura\" \/>\n\t<meta name=\"twitter:data1\" content=\"1 minut\" \/>\n<script type=\"application\/ld+json\" class=\"yoast-schema-graph\">{\"@context\":\"https:\/\/schema.org\",\"@graph\":[{\"@type\":\"WebPage\",\"@id\":\"https:\/\/www.fiorentini-iberia.com\/ca\/experiencia\/biometa\/recuperacio-de-gas-de-forn-de-coc\/\",\"url\":\"https:\/\/www.fiorentini-iberia.com\/ca\/experiencia\/biometa\/recuperacio-de-gas-de-forn-de-coc\/\",\"name\":\"Recuperaci\u00f3 de gas de forn de coc - Pietro Fiorentini\",\"isPartOf\":{\"@id\":\"https:\/\/www.fiorentini-iberia.com\/ca\/#website\"},\"primaryImageOfPage\":{\"@id\":\"https:\/\/www.fiorentini-iberia.com\/ca\/experiencia\/biometa\/recuperacio-de-gas-de-forn-de-coc\/#primaryimage\"},\"image\":{\"@id\":\"https:\/\/www.fiorentini-iberia.com\/ca\/experiencia\/biometa\/recuperacio-de-gas-de-forn-de-coc\/#primaryimage\"},\"thumbnailUrl\":\"https:\/\/www.fiorentini-iberia.com\/wp-content\/uploads\/2024\/02\/case-study-01.jpg\",\"datePublished\":\"2024-03-15T10:20:21+00:00\",\"dateModified\":\"2024-03-15T13:17:33+00:00\",\"description\":\"Hem subministrat recentment un elevador de pressi\u00f3 de gas amb tambor extractor per a la filtraci\u00f3 fina de contaminants s\u00f2lids\",\"breadcrumb\":{\"@id\":\"https:\/\/www.fiorentini-iberia.com\/ca\/experiencia\/biometa\/recuperacio-de-gas-de-forn-de-coc\/#breadcrumb\"},\"inLanguage\":\"ca\",\"potentialAction\":[{\"@type\":\"ReadAction\",\"target\":[\"https:\/\/www.fiorentini-iberia.com\/ca\/experiencia\/biometa\/recuperacio-de-gas-de-forn-de-coc\/\"]}]},{\"@type\":\"ImageObject\",\"inLanguage\":\"ca\",\"@id\":\"https:\/\/www.fiorentini-iberia.com\/ca\/experiencia\/biometa\/recuperacio-de-gas-de-forn-de-coc\/#primaryimage\",\"url\":\"https:\/\/www.fiorentini-iberia.com\/wp-content\/uploads\/2024\/02\/case-study-01.jpg\",\"contentUrl\":\"https:\/\/www.fiorentini-iberia.com\/wp-content\/uploads\/2024\/02\/case-study-01.jpg\"},{\"@type\":\"BreadcrumbList\",\"@id\":\"https:\/\/www.fiorentini-iberia.com\/ca\/experiencia\/biometa\/recuperacio-de-gas-de-forn-de-coc\/#breadcrumb\",\"itemListElement\":[{\"@type\":\"ListItem\",\"position\":1,\"name\":\"Home\",\"item\":\"https:\/\/www.fiorentini-iberia.com\/ca\/\"},{\"@type\":\"ListItem\",\"position\":2,\"name\":\"Experi\u00e8ncia\",\"item\":\"https:\/\/www.fiorentini-iberia.com\/ca\/experiencia\/\"},{\"@type\":\"ListItem\",\"position\":3,\"name\":\"Biomet\u00e0\",\"item\":\"https:\/\/www.fiorentini-iberia.com\/ca\/experiencia\/biometa\/\"},{\"@type\":\"ListItem\",\"position\":4,\"name\":\"Recuperaci\u00f3 de gas de forn de coc\"}]},{\"@type\":\"WebSite\",\"@id\":\"https:\/\/www.fiorentini-iberia.com\/ca\/#website\",\"url\":\"https:\/\/www.fiorentini-iberia.com\/ca\/\",\"name\":\"Pietro Fiorentini Iberia\",\"description\":\"Pietro Fiorentini dise\u00f1a y fabrica componentes, sistemas y servicios para la regulaci\u00f3n, medici\u00f3n, gesti\u00f3n de redes de agua, energ\u00edas renovables, petr\u00f3leo y el gas natural, con sistemas adaptados 100% al hidr\u00f3geno.\",\"publisher\":{\"@id\":\"https:\/\/www.fiorentini-iberia.com\/ca\/#organization\"},\"potentialAction\":[{\"@type\":\"SearchAction\",\"target\":{\"@type\":\"EntryPoint\",\"urlTemplate\":\"https:\/\/www.fiorentini-iberia.com\/ca\/?s={search_term_string}\"},\"query-input\":{\"@type\":\"PropertyValueSpecification\",\"valueRequired\":true,\"valueName\":\"search_term_string\"}}],\"inLanguage\":\"ca\"},{\"@type\":\"Organization\",\"@id\":\"https:\/\/www.fiorentini-iberia.com\/ca\/#organization\",\"name\":\"Pietro Fiorentini Iberia\",\"url\":\"https:\/\/www.fiorentini-iberia.com\/ca\/\",\"logo\":{\"@type\":\"ImageObject\",\"inLanguage\":\"ca\",\"@id\":\"https:\/\/www.fiorentini-iberia.com\/ca\/#\/schema\/logo\/image\/\",\"url\":\"https:\/\/www.fiorentini-iberia.com\/wp-content\/uploads\/2020\/11\/logo.svg\",\"contentUrl\":\"https:\/\/www.fiorentini-iberia.com\/wp-content\/uploads\/2020\/11\/logo.svg\",\"width\":227,\"height\":59,\"caption\":\"Pietro Fiorentini Iberia\"},\"image\":{\"@id\":\"https:\/\/www.fiorentini-iberia.com\/ca\/#\/schema\/logo\/image\/\"},\"sameAs\":[\"https:\/\/x.com\/FiorentiniSpa\",\"https:\/\/www.linkedin.com\/company\/pietro-fiorentini-iberia\/\"]}]}<\/script>\n<!-- \/ Yoast SEO plugin. -->","yoast_head_json":{"title":"Recuperaci\u00f3 de gas de forn de coc - Pietro Fiorentini","description":"Hem subministrat recentment un elevador de pressi\u00f3 de gas amb tambor extractor per a la filtraci\u00f3 fina de contaminants s\u00f2lids","robots":{"index":"index","follow":"follow","max-snippet":"max-snippet:-1","max-image-preview":"max-image-preview:large","max-video-preview":"max-video-preview:-1"},"canonical":"https:\/\/www.fiorentini-iberia.com\/ca\/experiencia\/biometa\/recuperacio-de-gas-de-forn-de-coc\/","og_locale":"ca_ES","og_type":"article","og_title":"Recuperaci\u00f3 de gas de forn de coc - Pietro Fiorentini","og_description":"Hem subministrat recentment un elevador de pressi\u00f3 de gas amb tambor extractor per a la filtraci\u00f3 fina de contaminants s\u00f2lids","og_url":"https:\/\/www.fiorentini-iberia.com\/ca\/experiencia\/biometa\/recuperacio-de-gas-de-forn-de-coc\/","og_site_name":"Pietro Fiorentini","article_modified_time":"2024-03-15T13:17:33+00:00","og_image":[{"url":"https:\/\/www.fiorentini-iberia.com\/wp-content\/uploads\/2024\/02\/case-study-01.jpg","type":"","width":"","height":""}],"twitter_card":"summary_large_image","twitter_site":"@FiorentiniSpa","twitter_misc":{"Temps estimat de lectura":"1 minut"},"schema":{"@context":"https:\/\/schema.org","@graph":[{"@type":"WebPage","@id":"https:\/\/www.fiorentini-iberia.com\/ca\/experiencia\/biometa\/recuperacio-de-gas-de-forn-de-coc\/","url":"https:\/\/www.fiorentini-iberia.com\/ca\/experiencia\/biometa\/recuperacio-de-gas-de-forn-de-coc\/","name":"Recuperaci\u00f3 de gas de forn de coc - Pietro Fiorentini","isPartOf":{"@id":"https:\/\/www.fiorentini-iberia.com\/ca\/#website"},"primaryImageOfPage":{"@id":"https:\/\/www.fiorentini-iberia.com\/ca\/experiencia\/biometa\/recuperacio-de-gas-de-forn-de-coc\/#primaryimage"},"image":{"@id":"https:\/\/www.fiorentini-iberia.com\/ca\/experiencia\/biometa\/recuperacio-de-gas-de-forn-de-coc\/#primaryimage"},"thumbnailUrl":"https:\/\/www.fiorentini-iberia.com\/wp-content\/uploads\/2024\/02\/case-study-01.jpg","datePublished":"2024-03-15T10:20:21+00:00","dateModified":"2024-03-15T13:17:33+00:00","description":"Hem subministrat recentment un elevador de pressi\u00f3 de gas amb tambor extractor per a la filtraci\u00f3 fina de contaminants s\u00f2lids","breadcrumb":{"@id":"https:\/\/www.fiorentini-iberia.com\/ca\/experiencia\/biometa\/recuperacio-de-gas-de-forn-de-coc\/#breadcrumb"},"inLanguage":"ca","potentialAction":[{"@type":"ReadAction","target":["https:\/\/www.fiorentini-iberia.com\/ca\/experiencia\/biometa\/recuperacio-de-gas-de-forn-de-coc\/"]}]},{"@type":"ImageObject","inLanguage":"ca","@id":"https:\/\/www.fiorentini-iberia.com\/ca\/experiencia\/biometa\/recuperacio-de-gas-de-forn-de-coc\/#primaryimage","url":"https:\/\/www.fiorentini-iberia.com\/wp-content\/uploads\/2024\/02\/case-study-01.jpg","contentUrl":"https:\/\/www.fiorentini-iberia.com\/wp-content\/uploads\/2024\/02\/case-study-01.jpg"},{"@type":"BreadcrumbList","@id":"https:\/\/www.fiorentini-iberia.com\/ca\/experiencia\/biometa\/recuperacio-de-gas-de-forn-de-coc\/#breadcrumb","itemListElement":[{"@type":"ListItem","position":1,"name":"Home","item":"https:\/\/www.fiorentini-iberia.com\/ca\/"},{"@type":"ListItem","position":2,"name":"Experi\u00e8ncia","item":"https:\/\/www.fiorentini-iberia.com\/ca\/experiencia\/"},{"@type":"ListItem","position":3,"name":"Biomet\u00e0","item":"https:\/\/www.fiorentini-iberia.com\/ca\/experiencia\/biometa\/"},{"@type":"ListItem","position":4,"name":"Recuperaci\u00f3 de gas de forn de coc"}]},{"@type":"WebSite","@id":"https:\/\/www.fiorentini-iberia.com\/ca\/#website","url":"https:\/\/www.fiorentini-iberia.com\/ca\/","name":"Pietro Fiorentini Iberia","description":"Pietro Fiorentini dise\u00f1a y fabrica componentes, sistemas y servicios para la regulaci\u00f3n, medici\u00f3n, gesti\u00f3n de redes de agua, energ\u00edas renovables, petr\u00f3leo y el gas natural, con sistemas adaptados 100% al hidr\u00f3geno.","publisher":{"@id":"https:\/\/www.fiorentini-iberia.com\/ca\/#organization"},"potentialAction":[{"@type":"SearchAction","target":{"@type":"EntryPoint","urlTemplate":"https:\/\/www.fiorentini-iberia.com\/ca\/?s={search_term_string}"},"query-input":{"@type":"PropertyValueSpecification","valueRequired":true,"valueName":"search_term_string"}}],"inLanguage":"ca"},{"@type":"Organization","@id":"https:\/\/www.fiorentini-iberia.com\/ca\/#organization","name":"Pietro Fiorentini Iberia","url":"https:\/\/www.fiorentini-iberia.com\/ca\/","logo":{"@type":"ImageObject","inLanguage":"ca","@id":"https:\/\/www.fiorentini-iberia.com\/ca\/#\/schema\/logo\/image\/","url":"https:\/\/www.fiorentini-iberia.com\/wp-content\/uploads\/2020\/11\/logo.svg","contentUrl":"https:\/\/www.fiorentini-iberia.com\/wp-content\/uploads\/2020\/11\/logo.svg","width":227,"height":59,"caption":"Pietro Fiorentini Iberia"},"image":{"@id":"https:\/\/www.fiorentini-iberia.com\/ca\/#\/schema\/logo\/image\/"},"sameAs":["https:\/\/x.com\/FiorentiniSpa","https:\/\/www.linkedin.com\/company\/pietro-fiorentini-iberia\/"]}]}},"_links":{"self":[{"href":"https:\/\/www.fiorentini-iberia.com\/ca\/wp-json\/wp\/v2\/pages\/50525","targetHints":{"allow":["GET"]}}],"collection":[{"href":"https:\/\/www.fiorentini-iberia.com\/ca\/wp-json\/wp\/v2\/pages"}],"about":[{"href":"https:\/\/www.fiorentini-iberia.com\/ca\/wp-json\/wp\/v2\/types\/page"}],"author":[{"embeddable":true,"href":"https:\/\/www.fiorentini-iberia.com\/ca\/wp-json\/wp\/v2\/users\/15"}],"replies":[{"embeddable":true,"href":"https:\/\/www.fiorentini-iberia.com\/ca\/wp-json\/wp\/v2\/comments?post=50525"}],"version-history":[{"count":1,"href":"https:\/\/www.fiorentini-iberia.com\/ca\/wp-json\/wp\/v2\/pages\/50525\/revisions"}],"predecessor-version":[{"id":50527,"href":"https:\/\/www.fiorentini-iberia.com\/ca\/wp-json\/wp\/v2\/pages\/50525\/revisions\/50527"}],"up":[{"embeddable":true,"href":"https:\/\/www.fiorentini-iberia.com\/ca\/wp-json\/wp\/v2\/pages\/50103"}],"wp:attachment":[{"href":"https:\/\/www.fiorentini-iberia.com\/ca\/wp-json\/wp\/v2\/media?parent=50525"}],"curies":[{"name":"wp","href":"https:\/\/api.w.org\/{rel}","templated":true}]}}