{"id":50553,"date":"2024-03-14T23:50:42","date_gmt":"2024-03-14T22:50:42","guid":{"rendered":"https:\/\/www.fiorentini-iberia.com\/experiencia\/hidrogen\/plt-energia\/"},"modified":"2024-03-15T18:37:36","modified_gmt":"2024-03-15T17:37:36","slug":"plt-energia","status":"publish","type":"page","link":"https:\/\/www.fiorentini-iberia.com\/ca\/experiencia\/hidrogen\/plt-energia\/","title":{"rendered":"PLT ENERGIA"},"content":{"rendered":"\n<p class=\"has-text-color has-link-color wp-elements-6bce7dbfbb7b88815fe38965b097e7b7\" style=\"color:#199782;font-size:24px\"><strong>GENERACI\u00d3 ECOL\u00d2GICA D\u2019HIDROGEN MITJAN\u00c7ANT ELECTR\u00d2LISI<\/strong><\/p>\n\n\n\n<div style=\"height:35px\" aria-hidden=\"true\" class=\"wp-block-spacer\"><\/div>\n\n\n\n<figure class=\"wp-block-image size-large is-resized\"><img loading=\"lazy\" decoding=\"async\" width=\"1024\" height=\"384\" src=\"https:\/\/www.fiorentini-iberia.com\/wp-content\/uploads\/2024\/03\/Hyter-Electrolyser-1024x384.jpg\" alt=\"\" class=\"wp-image-50080\" style=\"width:1031px;height:auto\" srcset=\"https:\/\/www.fiorentini-iberia.com\/wp-content\/uploads\/2024\/03\/Hyter-Electrolyser-1024x384.jpg 1024w, https:\/\/www.fiorentini-iberia.com\/wp-content\/uploads\/2024\/03\/Hyter-Electrolyser-300x113.jpg 300w, https:\/\/www.fiorentini-iberia.com\/wp-content\/uploads\/2024\/03\/Hyter-Electrolyser-768x288.jpg 768w, https:\/\/www.fiorentini-iberia.com\/wp-content\/uploads\/2024\/03\/Hyter-Electrolyser-1536x576.jpg 1536w, https:\/\/www.fiorentini-iberia.com\/wp-content\/uploads\/2024\/03\/Hyter-Electrolyser.jpg 1600w\" sizes=\"auto, (max-width: 1024px) 100vw, 1024px\" \/><\/figure>\n\n\n\n<div style=\"height:28px\" aria-hidden=\"true\" class=\"wp-block-spacer\"><\/div>\n\n\n\n<p>Amb l\u2019innovador electrolitzador subministrat per <strong>Hyter<\/strong>, empresa del\u00a0<strong><a href=\"https:\/\/www.fiorentini-iberia.com\/ca\/grup-pietro-fiorentini\/\">Grup\u00a0Pietro\u00a0Fiorentini<\/a><\/strong>,\u00a0PLT\u00a0energia\u00a0podr\u00e0\u00a0<strong>utilitzar l\u2019hidrogen verd com a vector energ\u00e8tic<\/strong>\u00a0per a fer encara m\u00e9s sostenibles les seves oficines.<\/p>\n\n\n\n<p><a href=\"https:\/\/www.pltenergia.it\/EN\/\" target=\"_blank\" rel=\"noreferrer noopener\"><strong>PLT energia<\/strong><\/a>&nbsp;porta&nbsp;<strong>15 anys<\/strong>&nbsp;presidint&nbsp;<strong>tota la cadena de valor de les renovables<\/strong>, des del disseny de plantes e\u00f2liques i fotovoltaiques fins a la venda directa d\u2019energia. Ara, experimentar\u00e0 per primera vegada aquesta tecnologia per a reduir a zero les emissions de CO\u2082 de les seves oficines i adquirir&nbsp;<strong>coneixements estrat\u00e8gics per a un desenvolupament a gran escala<\/strong>.<\/p>\n\n\n\n<p><strong>PLT energia Srl<\/strong>&nbsp;\u00e9s una empresa que gestiona&nbsp;<strong>plantes fotovoltaiques, e\u00f2liques,&nbsp;minie\u00f3licas&nbsp;i de biomassa<\/strong>&nbsp;a It\u00e0lia i a l\u2019estranger.<\/p>\n\n\n\n<p>El projecte se centra en l\u2019adquisici\u00f3 de la nova planta constru\u00efda per&nbsp;<strong>Hyter<\/strong>: una joia tecnol\u00f2gica per a la generaci\u00f3 d\u2019hidrogen verd mitjan\u00e7ant l\u2019electr\u00f2lisi de l\u2019aigua, utilitzant&nbsp;<strong>la innovadora tecnologia&nbsp;AEMWE<\/strong>,&nbsp;Anion&nbsp;Exchange&nbsp;Membrane&nbsp;Water&nbsp;Electrolyser.<\/p>\n\n\n\n<p>&nbsp;<\/p>\n\n\n\n<p class=\"has-text-color has-link-color has-large-font-size wp-elements-2a3647d5b1ce50f1c8a7007e11d098dd\" style=\"color:#199782\"><strong>> <\/strong><a href=\"https:\/\/hyter.it\/en\/plt-energia\/?bk=1\" target=\"_blank\" rel=\"noreferrer noopener\"><strong>M\u00e9s informaci\u00f3 del projecte.<\/strong><\/a><\/p>\n\n\n\n<div style=\"height:20px\" aria-hidden=\"true\" class=\"wp-block-spacer\"><\/div>\n\n\n\n<p class=\"has-text-color has-link-color has-large-font-size wp-elements-58b9defb0e6bf77b7f119f734db8afc0\" style=\"color:#199782\"><strong>><\/strong>  <a href=\"https:\/\/www.fiorentini-iberia.com\/ca\/news\/hyter-generacio-ecologica-dhidrogen-mitjancant-electrolisi\/\"><strong>Visiti la not\u00edcia de presentaci\u00f3 HYTER.<\/strong><\/a><\/p>\n","protected":false},"excerpt":{"rendered":"<p>Generaci\u00f3 ecol\u00f2gica d\u2019hidrogen mitjan\u00e7ant electr\u00f2lisi.<br \/>\n\u00a0<br \/>\nAmb l\u2019innovador electrolitzador subministrat per Hyter, empresa del\u00a0Grup\u00a0Pietro\u00a0Fiorentini,\u00a0PLT\u00a0energia\u00a0podr\u00e0\u00a0utilitzar l\u2019hidrogen verd com a vector energ\u00e8tic\u00a0per a fer encara m\u00e9s sostenibles les seves oficines.<\/p>\n","protected":false},"author":15,"featured_media":0,"parent":50126,"menu_order":0,"comment_status":"closed","ping_status":"closed","template":"template-expertise-post.php","meta":{"_acf_changed":false,"inline_featured_image":false,"footnotes":""},"class_list":["post-50553","page","type-page","status-publish","hentry"],"acf":[],"yoast_head":"<!-- This site is optimized with the Yoast SEO plugin v27.2 - https:\/\/yoast.com\/product\/yoast-seo-wordpress\/ -->\n<title>PLT ENERGIA - Pietro Fiorentini<\/title>\n<meta name=\"description\" content=\"Amb l\u2019innovador electrolitzador subministrat per Hyter, empresa del\u00a0Grup\u00a0Pietro\u00a0Fiorentini,\u00a0PLT\u00a0energia\u00a0podr\u00e0\u00a0utilitzar l\u2019hidrogen verd com a vector energ\u00e8tic\u00a0per a fer encara m\u00e9s sostenibles les seves oficines.\" \/>\n<meta name=\"robots\" content=\"index, follow, max-snippet:-1, max-image-preview:large, max-video-preview:-1\" \/>\n<link rel=\"canonical\" href=\"https:\/\/www.fiorentini-iberia.com\/ca\/experiencia\/hidrogen\/plt-energia\/\" \/>\n<meta property=\"og:locale\" content=\"ca_ES\" \/>\n<meta property=\"og:type\" content=\"article\" \/>\n<meta property=\"og:title\" content=\"PLT ENERGIA - Pietro Fiorentini\" \/>\n<meta property=\"og:description\" content=\"Amb l\u2019innovador electrolitzador subministrat per Hyter, empresa del\u00a0Grup\u00a0Pietro\u00a0Fiorentini,\u00a0PLT\u00a0energia\u00a0podr\u00e0\u00a0utilitzar l\u2019hidrogen verd com a vector energ\u00e8tic\u00a0per a fer encara m\u00e9s sostenibles les seves oficines.\" \/>\n<meta property=\"og:url\" content=\"https:\/\/www.fiorentini-iberia.com\/ca\/experiencia\/hidrogen\/plt-energia\/\" \/>\n<meta property=\"og:site_name\" content=\"Pietro Fiorentini\" \/>\n<meta property=\"article:modified_time\" content=\"2024-03-15T17:37:36+00:00\" \/>\n<meta property=\"og:image\" content=\"https:\/\/www.fiorentini-iberia.com\/wp-content\/uploads\/2024\/03\/Hyter-Electrolyser-1024x384.jpg\" \/>\n<meta name=\"twitter:card\" content=\"summary_large_image\" \/>\n<meta name=\"twitter:site\" content=\"@FiorentiniSpa\" \/>\n<meta name=\"twitter:label1\" content=\"Temps estimat de lectura\" \/>\n\t<meta name=\"twitter:data1\" content=\"1 minut\" \/>\n<script type=\"application\/ld+json\" class=\"yoast-schema-graph\">{\"@context\":\"https:\/\/schema.org\",\"@graph\":[{\"@type\":\"WebPage\",\"@id\":\"https:\/\/www.fiorentini-iberia.com\/ca\/experiencia\/hidrogen\/plt-energia\/\",\"url\":\"https:\/\/www.fiorentini-iberia.com\/ca\/experiencia\/hidrogen\/plt-energia\/\",\"name\":\"PLT ENERGIA - Pietro Fiorentini\",\"isPartOf\":{\"@id\":\"https:\/\/www.fiorentini-iberia.com\/ca\/#website\"},\"primaryImageOfPage\":{\"@id\":\"https:\/\/www.fiorentini-iberia.com\/ca\/experiencia\/hidrogen\/plt-energia\/#primaryimage\"},\"image\":{\"@id\":\"https:\/\/www.fiorentini-iberia.com\/ca\/experiencia\/hidrogen\/plt-energia\/#primaryimage\"},\"thumbnailUrl\":\"https:\/\/www.fiorentini-iberia.com\/wp-content\/uploads\/2024\/03\/Hyter-Electrolyser-1024x384.jpg\",\"datePublished\":\"2024-03-14T22:50:42+00:00\",\"dateModified\":\"2024-03-15T17:37:36+00:00\",\"description\":\"Amb l\u2019innovador electrolitzador subministrat per Hyter, empresa del\u00a0Grup\u00a0Pietro\u00a0Fiorentini,\u00a0PLT\u00a0energia\u00a0podr\u00e0\u00a0utilitzar l\u2019hidrogen verd com a vector energ\u00e8tic\u00a0per a fer encara m\u00e9s sostenibles les seves oficines.\",\"breadcrumb\":{\"@id\":\"https:\/\/www.fiorentini-iberia.com\/ca\/experiencia\/hidrogen\/plt-energia\/#breadcrumb\"},\"inLanguage\":\"ca\",\"potentialAction\":[{\"@type\":\"ReadAction\",\"target\":[\"https:\/\/www.fiorentini-iberia.com\/ca\/experiencia\/hidrogen\/plt-energia\/\"]}]},{\"@type\":\"ImageObject\",\"inLanguage\":\"ca\",\"@id\":\"https:\/\/www.fiorentini-iberia.com\/ca\/experiencia\/hidrogen\/plt-energia\/#primaryimage\",\"url\":\"https:\/\/www.fiorentini-iberia.com\/wp-content\/uploads\/2024\/03\/Hyter-Electrolyser-1024x384.jpg\",\"contentUrl\":\"https:\/\/www.fiorentini-iberia.com\/wp-content\/uploads\/2024\/03\/Hyter-Electrolyser-1024x384.jpg\"},{\"@type\":\"BreadcrumbList\",\"@id\":\"https:\/\/www.fiorentini-iberia.com\/ca\/experiencia\/hidrogen\/plt-energia\/#breadcrumb\",\"itemListElement\":[{\"@type\":\"ListItem\",\"position\":1,\"name\":\"Home\",\"item\":\"https:\/\/www.fiorentini-iberia.com\/ca\/\"},{\"@type\":\"ListItem\",\"position\":2,\"name\":\"Experi\u00e8ncia\",\"item\":\"https:\/\/www.fiorentini-iberia.com\/ca\/experiencia\/\"},{\"@type\":\"ListItem\",\"position\":3,\"name\":\"Hidrogen\",\"item\":\"https:\/\/www.fiorentini-iberia.com\/ca\/experiencia\/hidrogen\/\"},{\"@type\":\"ListItem\",\"position\":4,\"name\":\"PLT ENERGIA\"}]},{\"@type\":\"WebSite\",\"@id\":\"https:\/\/www.fiorentini-iberia.com\/ca\/#website\",\"url\":\"https:\/\/www.fiorentini-iberia.com\/ca\/\",\"name\":\"Pietro Fiorentini Iberia\",\"description\":\"Pietro Fiorentini dise\u00f1a y fabrica componentes, sistemas y servicios para la regulaci\u00f3n, medici\u00f3n, gesti\u00f3n de redes de agua, energ\u00edas renovables, petr\u00f3leo y el gas natural, con sistemas adaptados 100% al hidr\u00f3geno.\",\"publisher\":{\"@id\":\"https:\/\/www.fiorentini-iberia.com\/ca\/#organization\"},\"potentialAction\":[{\"@type\":\"SearchAction\",\"target\":{\"@type\":\"EntryPoint\",\"urlTemplate\":\"https:\/\/www.fiorentini-iberia.com\/ca\/?s={search_term_string}\"},\"query-input\":{\"@type\":\"PropertyValueSpecification\",\"valueRequired\":true,\"valueName\":\"search_term_string\"}}],\"inLanguage\":\"ca\"},{\"@type\":\"Organization\",\"@id\":\"https:\/\/www.fiorentini-iberia.com\/ca\/#organization\",\"name\":\"Pietro Fiorentini Iberia\",\"url\":\"https:\/\/www.fiorentini-iberia.com\/ca\/\",\"logo\":{\"@type\":\"ImageObject\",\"inLanguage\":\"ca\",\"@id\":\"https:\/\/www.fiorentini-iberia.com\/ca\/#\/schema\/logo\/image\/\",\"url\":\"https:\/\/www.fiorentini-iberia.com\/wp-content\/uploads\/2020\/11\/logo.svg\",\"contentUrl\":\"https:\/\/www.fiorentini-iberia.com\/wp-content\/uploads\/2020\/11\/logo.svg\",\"width\":227,\"height\":59,\"caption\":\"Pietro Fiorentini Iberia\"},\"image\":{\"@id\":\"https:\/\/www.fiorentini-iberia.com\/ca\/#\/schema\/logo\/image\/\"},\"sameAs\":[\"https:\/\/x.com\/FiorentiniSpa\",\"https:\/\/www.linkedin.com\/company\/pietro-fiorentini-iberia\/\"]}]}<\/script>\n<!-- \/ Yoast SEO plugin. -->","yoast_head_json":{"title":"PLT ENERGIA - Pietro Fiorentini","description":"Amb l\u2019innovador electrolitzador subministrat per Hyter, empresa del\u00a0Grup\u00a0Pietro\u00a0Fiorentini,\u00a0PLT\u00a0energia\u00a0podr\u00e0\u00a0utilitzar l\u2019hidrogen verd com a vector energ\u00e8tic\u00a0per a fer encara m\u00e9s sostenibles les seves oficines.","robots":{"index":"index","follow":"follow","max-snippet":"max-snippet:-1","max-image-preview":"max-image-preview:large","max-video-preview":"max-video-preview:-1"},"canonical":"https:\/\/www.fiorentini-iberia.com\/ca\/experiencia\/hidrogen\/plt-energia\/","og_locale":"ca_ES","og_type":"article","og_title":"PLT ENERGIA - Pietro Fiorentini","og_description":"Amb l\u2019innovador electrolitzador subministrat per Hyter, empresa del\u00a0Grup\u00a0Pietro\u00a0Fiorentini,\u00a0PLT\u00a0energia\u00a0podr\u00e0\u00a0utilitzar l\u2019hidrogen verd com a vector energ\u00e8tic\u00a0per a fer encara m\u00e9s sostenibles les seves oficines.","og_url":"https:\/\/www.fiorentini-iberia.com\/ca\/experiencia\/hidrogen\/plt-energia\/","og_site_name":"Pietro Fiorentini","article_modified_time":"2024-03-15T17:37:36+00:00","og_image":[{"url":"https:\/\/www.fiorentini-iberia.com\/wp-content\/uploads\/2024\/03\/Hyter-Electrolyser-1024x384.jpg","type":"","width":"","height":""}],"twitter_card":"summary_large_image","twitter_site":"@FiorentiniSpa","twitter_misc":{"Temps estimat de lectura":"1 minut"},"schema":{"@context":"https:\/\/schema.org","@graph":[{"@type":"WebPage","@id":"https:\/\/www.fiorentini-iberia.com\/ca\/experiencia\/hidrogen\/plt-energia\/","url":"https:\/\/www.fiorentini-iberia.com\/ca\/experiencia\/hidrogen\/plt-energia\/","name":"PLT ENERGIA - Pietro Fiorentini","isPartOf":{"@id":"https:\/\/www.fiorentini-iberia.com\/ca\/#website"},"primaryImageOfPage":{"@id":"https:\/\/www.fiorentini-iberia.com\/ca\/experiencia\/hidrogen\/plt-energia\/#primaryimage"},"image":{"@id":"https:\/\/www.fiorentini-iberia.com\/ca\/experiencia\/hidrogen\/plt-energia\/#primaryimage"},"thumbnailUrl":"https:\/\/www.fiorentini-iberia.com\/wp-content\/uploads\/2024\/03\/Hyter-Electrolyser-1024x384.jpg","datePublished":"2024-03-14T22:50:42+00:00","dateModified":"2024-03-15T17:37:36+00:00","description":"Amb l\u2019innovador electrolitzador subministrat per Hyter, empresa del\u00a0Grup\u00a0Pietro\u00a0Fiorentini,\u00a0PLT\u00a0energia\u00a0podr\u00e0\u00a0utilitzar l\u2019hidrogen verd com a vector energ\u00e8tic\u00a0per a fer encara m\u00e9s sostenibles les seves oficines.","breadcrumb":{"@id":"https:\/\/www.fiorentini-iberia.com\/ca\/experiencia\/hidrogen\/plt-energia\/#breadcrumb"},"inLanguage":"ca","potentialAction":[{"@type":"ReadAction","target":["https:\/\/www.fiorentini-iberia.com\/ca\/experiencia\/hidrogen\/plt-energia\/"]}]},{"@type":"ImageObject","inLanguage":"ca","@id":"https:\/\/www.fiorentini-iberia.com\/ca\/experiencia\/hidrogen\/plt-energia\/#primaryimage","url":"https:\/\/www.fiorentini-iberia.com\/wp-content\/uploads\/2024\/03\/Hyter-Electrolyser-1024x384.jpg","contentUrl":"https:\/\/www.fiorentini-iberia.com\/wp-content\/uploads\/2024\/03\/Hyter-Electrolyser-1024x384.jpg"},{"@type":"BreadcrumbList","@id":"https:\/\/www.fiorentini-iberia.com\/ca\/experiencia\/hidrogen\/plt-energia\/#breadcrumb","itemListElement":[{"@type":"ListItem","position":1,"name":"Home","item":"https:\/\/www.fiorentini-iberia.com\/ca\/"},{"@type":"ListItem","position":2,"name":"Experi\u00e8ncia","item":"https:\/\/www.fiorentini-iberia.com\/ca\/experiencia\/"},{"@type":"ListItem","position":3,"name":"Hidrogen","item":"https:\/\/www.fiorentini-iberia.com\/ca\/experiencia\/hidrogen\/"},{"@type":"ListItem","position":4,"name":"PLT ENERGIA"}]},{"@type":"WebSite","@id":"https:\/\/www.fiorentini-iberia.com\/ca\/#website","url":"https:\/\/www.fiorentini-iberia.com\/ca\/","name":"Pietro Fiorentini Iberia","description":"Pietro Fiorentini dise\u00f1a y fabrica componentes, sistemas y servicios para la regulaci\u00f3n, medici\u00f3n, gesti\u00f3n de redes de agua, energ\u00edas renovables, petr\u00f3leo y el gas natural, con sistemas adaptados 100% al hidr\u00f3geno.","publisher":{"@id":"https:\/\/www.fiorentini-iberia.com\/ca\/#organization"},"potentialAction":[{"@type":"SearchAction","target":{"@type":"EntryPoint","urlTemplate":"https:\/\/www.fiorentini-iberia.com\/ca\/?s={search_term_string}"},"query-input":{"@type":"PropertyValueSpecification","valueRequired":true,"valueName":"search_term_string"}}],"inLanguage":"ca"},{"@type":"Organization","@id":"https:\/\/www.fiorentini-iberia.com\/ca\/#organization","name":"Pietro Fiorentini Iberia","url":"https:\/\/www.fiorentini-iberia.com\/ca\/","logo":{"@type":"ImageObject","inLanguage":"ca","@id":"https:\/\/www.fiorentini-iberia.com\/ca\/#\/schema\/logo\/image\/","url":"https:\/\/www.fiorentini-iberia.com\/wp-content\/uploads\/2020\/11\/logo.svg","contentUrl":"https:\/\/www.fiorentini-iberia.com\/wp-content\/uploads\/2020\/11\/logo.svg","width":227,"height":59,"caption":"Pietro Fiorentini Iberia"},"image":{"@id":"https:\/\/www.fiorentini-iberia.com\/ca\/#\/schema\/logo\/image\/"},"sameAs":["https:\/\/x.com\/FiorentiniSpa","https:\/\/www.linkedin.com\/company\/pietro-fiorentini-iberia\/"]}]}},"_links":{"self":[{"href":"https:\/\/www.fiorentini-iberia.com\/ca\/wp-json\/wp\/v2\/pages\/50553","targetHints":{"allow":["GET"]}}],"collection":[{"href":"https:\/\/www.fiorentini-iberia.com\/ca\/wp-json\/wp\/v2\/pages"}],"about":[{"href":"https:\/\/www.fiorentini-iberia.com\/ca\/wp-json\/wp\/v2\/types\/page"}],"author":[{"embeddable":true,"href":"https:\/\/www.fiorentini-iberia.com\/ca\/wp-json\/wp\/v2\/users\/15"}],"replies":[{"embeddable":true,"href":"https:\/\/www.fiorentini-iberia.com\/ca\/wp-json\/wp\/v2\/comments?post=50553"}],"version-history":[{"count":2,"href":"https:\/\/www.fiorentini-iberia.com\/ca\/wp-json\/wp\/v2\/pages\/50553\/revisions"}],"predecessor-version":[{"id":50559,"href":"https:\/\/www.fiorentini-iberia.com\/ca\/wp-json\/wp\/v2\/pages\/50553\/revisions\/50559"}],"up":[{"embeddable":true,"href":"https:\/\/www.fiorentini-iberia.com\/ca\/wp-json\/wp\/v2\/pages\/50126"}],"wp:attachment":[{"href":"https:\/\/www.fiorentini-iberia.com\/ca\/wp-json\/wp\/v2\/media?parent=50553"}],"curies":[{"name":"wp","href":"https:\/\/api.w.org\/{rel}","templated":true}]}}