{"id":50566,"date":"2024-03-15T00:08:52","date_gmt":"2024-03-14T23:08:52","guid":{"rendered":"https:\/\/www.fiorentini-iberia.com\/experiencia\/hidrogen\/sirius\/"},"modified":"2024-03-15T18:51:05","modified_gmt":"2024-03-15T17:51:05","slug":"sirius","status":"publish","type":"page","link":"https:\/\/www.fiorentini-iberia.com\/ca\/experiencia\/hidrogen\/sirius\/","title":{"rendered":"SIRIUS"},"content":{"rendered":"\n<p class=\"has-text-color has-link-color wp-elements-3010ee5c6868f19fb9290c5a2fd60f68\" style=\"color:#199782;font-size:24px\"><strong>EL PROJECTE SIRIUS, DIRIGIT PER HYTER, FIGURA ENTRE ELS GUANYADORS DE LA CONVOCAT\u00d2RIA MITE DE PROPOSTES SOBRE RECERCA DE L\u2019HIDROGEN<\/strong><\/p>\n\n\n\n<div style=\"height:35px\" aria-hidden=\"true\" class=\"wp-block-spacer\"><\/div>\n\n\n\n<figure class=\"wp-block-image size-full is-resized\"><img loading=\"lazy\" decoding=\"async\" width=\"991\" height=\"495\" src=\"https:\/\/www.fiorentini-iberia.com\/wp-content\/uploads\/2024\/03\/Sirius_1.png\" alt=\"\" class=\"wp-image-50423\" style=\"width:1031px;height:auto\" srcset=\"https:\/\/www.fiorentini-iberia.com\/wp-content\/uploads\/2024\/03\/Sirius_1.png 991w, https:\/\/www.fiorentini-iberia.com\/wp-content\/uploads\/2024\/03\/Sirius_1-300x150.png 300w, https:\/\/www.fiorentini-iberia.com\/wp-content\/uploads\/2024\/03\/Sirius_1-768x384.png 768w\" sizes=\"auto, (max-width: 991px) 100vw, 991px\" \/><\/figure>\n\n\n\n<div style=\"height:54px\" aria-hidden=\"true\" class=\"wp-block-spacer\"><\/div>\n\n\n\n<p><strong>Hyter<\/strong>\u00a0es va adjudicar recentment un dels concursos de\u00a0MiTE\u00a0amb el projecte\u00a0Sirius, que consisteix en la construcci\u00f3 en un termini de tres anys del\u00a0<strong>primer\u00a0electrolizador\u00a0del m\u00f3n amb una grand\u00e0ria superior a un megavat basat en la tecnologia\u00a0AEMWE<\/strong>,\u00a0Anion\u00a0Exchange\u00a0Membrane\u00a0Water\u00a0Electrolyser.<\/p>\n\n\n\n<p>El Departament de Ci\u00e8ncies Qu\u00edmiques de la Universitat de P\u00e0dua i&nbsp;MatRes&nbsp;duran a terme les activitats de recerca encaminades a&nbsp;<strong>millorar el rendiment de components espec\u00edfics<\/strong>&nbsp;(les c\u00e8l\u00b7lules catalitzadores), explotant nous materials&nbsp;nanoestructurados&nbsp;que propici\u00efn a m\u00e9s un menor impacte ambiental en comparaci\u00f3 amb els que s\u2019utilitzen actualment. El projecte ser\u00e0 completat per&nbsp;INRETE&nbsp;Distribuzione&nbsp;Energia&nbsp;amb la construcci\u00f3 de la&nbsp;<strong>planta industrial experimental per a la utilitzaci\u00f3 de l\u2019hidrogen<\/strong>.<\/p>\n\n\n\n<p><br><strong>INRETE Distribuzione Energia S.p.A.<\/strong>&nbsp;gestiona l\u2019activitat de distribuci\u00f3 de gas natural i electricitat principalment a la regi\u00f3 d\u2019Em\u00edlia&nbsp;Romagna, amb la distribuci\u00f3 de gas en 143 municipis, m\u00e9s 3 a Toscana, i d\u2019electricitat en 24 municipis.<\/p>\n\n\n\n<p><strong>MBN Nanomaterialia<\/strong>&nbsp;opera en la promoci\u00f3 de materials innovadors d\u2019alta tecnologia i en la producci\u00f3 de solucions de productes espec\u00edfics per a clients.<\/p>\n\n\n\n<p>&nbsp;<\/p>\n\n\n\n<p class=\"has-text-color has-link-color has-large-font-size wp-elements-d357285ba09b83066968f4a4f7e337a2\" style=\"color:#199782\"><strong>> <\/strong><a href=\"https:\/\/hyter.it\/en\/sirius\/?bk=1\" target=\"_blank\" rel=\"noreferrer noopener\"><strong>M\u00e9s informaci\u00f3 del projecte.<\/strong><\/a><\/p>\n\n\n\n<div style=\"height:20px\" aria-hidden=\"true\" class=\"wp-block-spacer\"><\/div>\n\n\n\n<p class=\"has-text-color has-link-color has-large-font-size wp-elements-05b965640b2e825aa2a8e64596b1712a\" style=\"color:#199782\"><strong>><\/strong>  <strong><a href=\"https:\/\/www.fiorentini-iberia.com\/ca\/news\/hyter-generacio-ecologica-dhidrogen-mitjancant-electrolisi\/\">Visiti la not\u00edcia de presentaci\u00f3 HYTER.<\/a><\/strong><\/p>\n","protected":false},"excerpt":{"rendered":"<p>El projecte Sirius, dirigit per Hyter, figura entre els guanyadors de la convocat\u00f2ria MITE de propostes sobre recerca de l\u2019hidrogen.<br \/>\n\u00a0<br \/>\nHyter\u00a0es va adjudicar recentment un dels concursos de\u00a0MiTE\u00a0amb el projecte\u00a0Sirius, que consisteix en la construcci\u00f3 en un termini de tres anys del\u00a0primer\u00a0electrolizador\u00a0del m\u00f3n amb una grand\u00e0ria superior a un megavat basat en la tecnologia\u00a0AEMWE,\u00a0Anion\u00a0Exchange\u00a0Membrane\u00a0Water\u00a0Electrolyser.<\/p>\n","protected":false},"author":15,"featured_media":0,"parent":50126,"menu_order":0,"comment_status":"closed","ping_status":"closed","template":"template-expertise-post.php","meta":{"_acf_changed":false,"inline_featured_image":false,"footnotes":""},"class_list":["post-50566","page","type-page","status-publish","hentry"],"acf":[],"yoast_head":"<!-- This site is optimized with the Yoast SEO plugin v27.2 - https:\/\/yoast.com\/product\/yoast-seo-wordpress\/ -->\n<title>SIRIUS - Pietro Fiorentini<\/title>\n<meta name=\"description\" content=\"El projecte Sirius, dirigit per Hyter, figura entre els guanyadors de la convocat\u00f2ria MITE de propostes sobre recerca de l\u2019hidrogen.\" \/>\n<meta name=\"robots\" content=\"index, follow, max-snippet:-1, max-image-preview:large, max-video-preview:-1\" \/>\n<link rel=\"canonical\" href=\"https:\/\/www.fiorentini-iberia.com\/ca\/experiencia\/hidrogen\/sirius\/\" \/>\n<meta property=\"og:locale\" content=\"ca_ES\" \/>\n<meta property=\"og:type\" content=\"article\" \/>\n<meta property=\"og:title\" content=\"SIRIUS - Pietro Fiorentini\" \/>\n<meta property=\"og:description\" content=\"El projecte Sirius, dirigit per Hyter, figura entre els guanyadors de la convocat\u00f2ria MITE de propostes sobre recerca de l\u2019hidrogen.\" \/>\n<meta property=\"og:url\" content=\"https:\/\/www.fiorentini-iberia.com\/ca\/experiencia\/hidrogen\/sirius\/\" \/>\n<meta property=\"og:site_name\" content=\"Pietro Fiorentini\" \/>\n<meta property=\"article:modified_time\" content=\"2024-03-15T17:51:05+00:00\" \/>\n<meta property=\"og:image\" content=\"https:\/\/www.fiorentini-iberia.com\/wp-content\/uploads\/2024\/03\/Sirius_1.png\" \/>\n<meta name=\"twitter:card\" content=\"summary_large_image\" \/>\n<meta name=\"twitter:site\" content=\"@FiorentiniSpa\" \/>\n<meta name=\"twitter:label1\" content=\"Temps estimat de lectura\" \/>\n\t<meta name=\"twitter:data1\" content=\"2 minuts\" \/>\n<script type=\"application\/ld+json\" class=\"yoast-schema-graph\">{\"@context\":\"https:\/\/schema.org\",\"@graph\":[{\"@type\":\"WebPage\",\"@id\":\"https:\/\/www.fiorentini-iberia.com\/ca\/experiencia\/hidrogen\/sirius\/\",\"url\":\"https:\/\/www.fiorentini-iberia.com\/ca\/experiencia\/hidrogen\/sirius\/\",\"name\":\"SIRIUS - Pietro Fiorentini\",\"isPartOf\":{\"@id\":\"https:\/\/www.fiorentini-iberia.com\/ca\/#website\"},\"primaryImageOfPage\":{\"@id\":\"https:\/\/www.fiorentini-iberia.com\/ca\/experiencia\/hidrogen\/sirius\/#primaryimage\"},\"image\":{\"@id\":\"https:\/\/www.fiorentini-iberia.com\/ca\/experiencia\/hidrogen\/sirius\/#primaryimage\"},\"thumbnailUrl\":\"https:\/\/www.fiorentini-iberia.com\/wp-content\/uploads\/2024\/03\/Sirius_1.png\",\"datePublished\":\"2024-03-14T23:08:52+00:00\",\"dateModified\":\"2024-03-15T17:51:05+00:00\",\"description\":\"El projecte Sirius, dirigit per Hyter, figura entre els guanyadors de la convocat\u00f2ria MITE de propostes sobre recerca de l\u2019hidrogen.\",\"breadcrumb\":{\"@id\":\"https:\/\/www.fiorentini-iberia.com\/ca\/experiencia\/hidrogen\/sirius\/#breadcrumb\"},\"inLanguage\":\"ca\",\"potentialAction\":[{\"@type\":\"ReadAction\",\"target\":[\"https:\/\/www.fiorentini-iberia.com\/ca\/experiencia\/hidrogen\/sirius\/\"]}]},{\"@type\":\"ImageObject\",\"inLanguage\":\"ca\",\"@id\":\"https:\/\/www.fiorentini-iberia.com\/ca\/experiencia\/hidrogen\/sirius\/#primaryimage\",\"url\":\"https:\/\/www.fiorentini-iberia.com\/wp-content\/uploads\/2024\/03\/Sirius_1.png\",\"contentUrl\":\"https:\/\/www.fiorentini-iberia.com\/wp-content\/uploads\/2024\/03\/Sirius_1.png\"},{\"@type\":\"BreadcrumbList\",\"@id\":\"https:\/\/www.fiorentini-iberia.com\/ca\/experiencia\/hidrogen\/sirius\/#breadcrumb\",\"itemListElement\":[{\"@type\":\"ListItem\",\"position\":1,\"name\":\"Home\",\"item\":\"https:\/\/www.fiorentini-iberia.com\/ca\/\"},{\"@type\":\"ListItem\",\"position\":2,\"name\":\"Experi\u00e8ncia\",\"item\":\"https:\/\/www.fiorentini-iberia.com\/ca\/experiencia\/\"},{\"@type\":\"ListItem\",\"position\":3,\"name\":\"Hidrogen\",\"item\":\"https:\/\/www.fiorentini-iberia.com\/ca\/experiencia\/hidrogen\/\"},{\"@type\":\"ListItem\",\"position\":4,\"name\":\"SIRIUS\"}]},{\"@type\":\"WebSite\",\"@id\":\"https:\/\/www.fiorentini-iberia.com\/ca\/#website\",\"url\":\"https:\/\/www.fiorentini-iberia.com\/ca\/\",\"name\":\"Pietro Fiorentini Iberia\",\"description\":\"Pietro Fiorentini dise\u00f1a y fabrica componentes, sistemas y servicios para la regulaci\u00f3n, medici\u00f3n, gesti\u00f3n de redes de agua, energ\u00edas renovables, petr\u00f3leo y el gas natural, con sistemas adaptados 100% al hidr\u00f3geno.\",\"publisher\":{\"@id\":\"https:\/\/www.fiorentini-iberia.com\/ca\/#organization\"},\"potentialAction\":[{\"@type\":\"SearchAction\",\"target\":{\"@type\":\"EntryPoint\",\"urlTemplate\":\"https:\/\/www.fiorentini-iberia.com\/ca\/?s={search_term_string}\"},\"query-input\":{\"@type\":\"PropertyValueSpecification\",\"valueRequired\":true,\"valueName\":\"search_term_string\"}}],\"inLanguage\":\"ca\"},{\"@type\":\"Organization\",\"@id\":\"https:\/\/www.fiorentini-iberia.com\/ca\/#organization\",\"name\":\"Pietro Fiorentini Iberia\",\"url\":\"https:\/\/www.fiorentini-iberia.com\/ca\/\",\"logo\":{\"@type\":\"ImageObject\",\"inLanguage\":\"ca\",\"@id\":\"https:\/\/www.fiorentini-iberia.com\/ca\/#\/schema\/logo\/image\/\",\"url\":\"https:\/\/www.fiorentini-iberia.com\/wp-content\/uploads\/2020\/11\/logo.svg\",\"contentUrl\":\"https:\/\/www.fiorentini-iberia.com\/wp-content\/uploads\/2020\/11\/logo.svg\",\"width\":227,\"height\":59,\"caption\":\"Pietro Fiorentini Iberia\"},\"image\":{\"@id\":\"https:\/\/www.fiorentini-iberia.com\/ca\/#\/schema\/logo\/image\/\"},\"sameAs\":[\"https:\/\/x.com\/FiorentiniSpa\",\"https:\/\/www.linkedin.com\/company\/pietro-fiorentini-iberia\/\"]}]}<\/script>\n<!-- \/ Yoast SEO plugin. -->","yoast_head_json":{"title":"SIRIUS - Pietro Fiorentini","description":"El projecte Sirius, dirigit per Hyter, figura entre els guanyadors de la convocat\u00f2ria MITE de propostes sobre recerca de l\u2019hidrogen.","robots":{"index":"index","follow":"follow","max-snippet":"max-snippet:-1","max-image-preview":"max-image-preview:large","max-video-preview":"max-video-preview:-1"},"canonical":"https:\/\/www.fiorentini-iberia.com\/ca\/experiencia\/hidrogen\/sirius\/","og_locale":"ca_ES","og_type":"article","og_title":"SIRIUS - Pietro Fiorentini","og_description":"El projecte Sirius, dirigit per Hyter, figura entre els guanyadors de la convocat\u00f2ria MITE de propostes sobre recerca de l\u2019hidrogen.","og_url":"https:\/\/www.fiorentini-iberia.com\/ca\/experiencia\/hidrogen\/sirius\/","og_site_name":"Pietro Fiorentini","article_modified_time":"2024-03-15T17:51:05+00:00","og_image":[{"url":"https:\/\/www.fiorentini-iberia.com\/wp-content\/uploads\/2024\/03\/Sirius_1.png","type":"","width":"","height":""}],"twitter_card":"summary_large_image","twitter_site":"@FiorentiniSpa","twitter_misc":{"Temps estimat de lectura":"2 minuts"},"schema":{"@context":"https:\/\/schema.org","@graph":[{"@type":"WebPage","@id":"https:\/\/www.fiorentini-iberia.com\/ca\/experiencia\/hidrogen\/sirius\/","url":"https:\/\/www.fiorentini-iberia.com\/ca\/experiencia\/hidrogen\/sirius\/","name":"SIRIUS - Pietro Fiorentini","isPartOf":{"@id":"https:\/\/www.fiorentini-iberia.com\/ca\/#website"},"primaryImageOfPage":{"@id":"https:\/\/www.fiorentini-iberia.com\/ca\/experiencia\/hidrogen\/sirius\/#primaryimage"},"image":{"@id":"https:\/\/www.fiorentini-iberia.com\/ca\/experiencia\/hidrogen\/sirius\/#primaryimage"},"thumbnailUrl":"https:\/\/www.fiorentini-iberia.com\/wp-content\/uploads\/2024\/03\/Sirius_1.png","datePublished":"2024-03-14T23:08:52+00:00","dateModified":"2024-03-15T17:51:05+00:00","description":"El projecte Sirius, dirigit per Hyter, figura entre els guanyadors de la convocat\u00f2ria MITE de propostes sobre recerca de l\u2019hidrogen.","breadcrumb":{"@id":"https:\/\/www.fiorentini-iberia.com\/ca\/experiencia\/hidrogen\/sirius\/#breadcrumb"},"inLanguage":"ca","potentialAction":[{"@type":"ReadAction","target":["https:\/\/www.fiorentini-iberia.com\/ca\/experiencia\/hidrogen\/sirius\/"]}]},{"@type":"ImageObject","inLanguage":"ca","@id":"https:\/\/www.fiorentini-iberia.com\/ca\/experiencia\/hidrogen\/sirius\/#primaryimage","url":"https:\/\/www.fiorentini-iberia.com\/wp-content\/uploads\/2024\/03\/Sirius_1.png","contentUrl":"https:\/\/www.fiorentini-iberia.com\/wp-content\/uploads\/2024\/03\/Sirius_1.png"},{"@type":"BreadcrumbList","@id":"https:\/\/www.fiorentini-iberia.com\/ca\/experiencia\/hidrogen\/sirius\/#breadcrumb","itemListElement":[{"@type":"ListItem","position":1,"name":"Home","item":"https:\/\/www.fiorentini-iberia.com\/ca\/"},{"@type":"ListItem","position":2,"name":"Experi\u00e8ncia","item":"https:\/\/www.fiorentini-iberia.com\/ca\/experiencia\/"},{"@type":"ListItem","position":3,"name":"Hidrogen","item":"https:\/\/www.fiorentini-iberia.com\/ca\/experiencia\/hidrogen\/"},{"@type":"ListItem","position":4,"name":"SIRIUS"}]},{"@type":"WebSite","@id":"https:\/\/www.fiorentini-iberia.com\/ca\/#website","url":"https:\/\/www.fiorentini-iberia.com\/ca\/","name":"Pietro Fiorentini Iberia","description":"Pietro Fiorentini dise\u00f1a y fabrica componentes, sistemas y servicios para la regulaci\u00f3n, medici\u00f3n, gesti\u00f3n de redes de agua, energ\u00edas renovables, petr\u00f3leo y el gas natural, con sistemas adaptados 100% al hidr\u00f3geno.","publisher":{"@id":"https:\/\/www.fiorentini-iberia.com\/ca\/#organization"},"potentialAction":[{"@type":"SearchAction","target":{"@type":"EntryPoint","urlTemplate":"https:\/\/www.fiorentini-iberia.com\/ca\/?s={search_term_string}"},"query-input":{"@type":"PropertyValueSpecification","valueRequired":true,"valueName":"search_term_string"}}],"inLanguage":"ca"},{"@type":"Organization","@id":"https:\/\/www.fiorentini-iberia.com\/ca\/#organization","name":"Pietro Fiorentini Iberia","url":"https:\/\/www.fiorentini-iberia.com\/ca\/","logo":{"@type":"ImageObject","inLanguage":"ca","@id":"https:\/\/www.fiorentini-iberia.com\/ca\/#\/schema\/logo\/image\/","url":"https:\/\/www.fiorentini-iberia.com\/wp-content\/uploads\/2020\/11\/logo.svg","contentUrl":"https:\/\/www.fiorentini-iberia.com\/wp-content\/uploads\/2020\/11\/logo.svg","width":227,"height":59,"caption":"Pietro Fiorentini Iberia"},"image":{"@id":"https:\/\/www.fiorentini-iberia.com\/ca\/#\/schema\/logo\/image\/"},"sameAs":["https:\/\/x.com\/FiorentiniSpa","https:\/\/www.linkedin.com\/company\/pietro-fiorentini-iberia\/"]}]}},"_links":{"self":[{"href":"https:\/\/www.fiorentini-iberia.com\/ca\/wp-json\/wp\/v2\/pages\/50566","targetHints":{"allow":["GET"]}}],"collection":[{"href":"https:\/\/www.fiorentini-iberia.com\/ca\/wp-json\/wp\/v2\/pages"}],"about":[{"href":"https:\/\/www.fiorentini-iberia.com\/ca\/wp-json\/wp\/v2\/types\/page"}],"author":[{"embeddable":true,"href":"https:\/\/www.fiorentini-iberia.com\/ca\/wp-json\/wp\/v2\/users\/15"}],"replies":[{"embeddable":true,"href":"https:\/\/www.fiorentini-iberia.com\/ca\/wp-json\/wp\/v2\/comments?post=50566"}],"version-history":[{"count":1,"href":"https:\/\/www.fiorentini-iberia.com\/ca\/wp-json\/wp\/v2\/pages\/50566\/revisions"}],"predecessor-version":[{"id":50568,"href":"https:\/\/www.fiorentini-iberia.com\/ca\/wp-json\/wp\/v2\/pages\/50566\/revisions\/50568"}],"up":[{"embeddable":true,"href":"https:\/\/www.fiorentini-iberia.com\/ca\/wp-json\/wp\/v2\/pages\/50126"}],"wp:attachment":[{"href":"https:\/\/www.fiorentini-iberia.com\/ca\/wp-json\/wp\/v2\/media?parent=50566"}],"curies":[{"name":"wp","href":"https:\/\/api.w.org\/{rel}","templated":true}]}}