{"id":50575,"date":"2024-03-15T00:15:32","date_gmt":"2024-03-14T23:15:32","guid":{"rendered":"https:\/\/www.fiorentini-iberia.com\/experiencia\/hidrogen\/straubing\/"},"modified":"2024-03-15T19:05:07","modified_gmt":"2024-03-15T18:05:07","slug":"straubing","status":"publish","type":"page","link":"https:\/\/www.fiorentini-iberia.com\/ca\/experiencia\/hidrogen\/straubing\/","title":{"rendered":"STRAUBING"},"content":{"rendered":"\n<p class=\"has-text-color has-link-color wp-elements-227b41934be670094f8f342e3df45ddf\" style=\"color:#199782;font-size:24px\"><strong>LES REINES DE LES ENERGIES RENOVABLES CONQUISTEN ALEMANYA: COMENCEN LES OBRES DE LA PLANTA PILOT D\u2019STRAUBING<\/strong><\/p>\n\n\n\n<div style=\"height:35px\" aria-hidden=\"true\" class=\"wp-block-spacer\"><\/div>\n\n\n\n<figure class=\"wp-block-image size-full is-resized\"><img loading=\"lazy\" decoding=\"async\" width=\"991\" height=\"495\" src=\"https:\/\/www.fiorentini-iberia.com\/wp-content\/uploads\/2024\/03\/MicroPyrosBioEnerTecHyterBiokompPietroFiorentini_BiomethanationPlantStraubing.png\" alt=\"\" class=\"wp-image-50430\" style=\"width:1031px;height:auto\" srcset=\"https:\/\/www.fiorentini-iberia.com\/wp-content\/uploads\/2024\/03\/MicroPyrosBioEnerTecHyterBiokompPietroFiorentini_BiomethanationPlantStraubing.png 991w, https:\/\/www.fiorentini-iberia.com\/wp-content\/uploads\/2024\/03\/MicroPyrosBioEnerTecHyterBiokompPietroFiorentini_BiomethanationPlantStraubing-300x150.png 300w, https:\/\/www.fiorentini-iberia.com\/wp-content\/uploads\/2024\/03\/MicroPyrosBioEnerTecHyterBiokompPietroFiorentini_BiomethanationPlantStraubing-768x384.png 768w\" sizes=\"auto, (max-width: 991px) 100vw, 991px\" \/><\/figure>\n\n\n\n<div style=\"height:54px\" aria-hidden=\"true\" class=\"wp-block-spacer\"><\/div>\n\n\n\n<p>El 28 de juliol de 2022 es van iniciar en la&nbsp;<strong>planta de tractament d\u2019aig\u00fces residuals de&nbsp;Straubing&nbsp;<\/strong>(Alemanya) les obres d\u2019instal\u00b7laci\u00f3 d\u2019una soluci\u00f3 espec\u00edfica de&nbsp;<a href=\"https:\/\/www.fiorentini-iberia.com\/ca\/grup-pietro-fiorentini\/empreses-i-marques-del-grup-pietro-fiorentini\/#micropyros\"><strong>MicroPyros&nbsp;BioEnerTec<\/strong><\/a>,&nbsp;<a href=\"https:\/\/www.fiorentini-iberia.com\/ca\/grup-pietro-fiorentini\/empreses-i-marques-del-grup-pietro-fiorentini\/#hyter\"><strong>Hyter<\/strong><\/a>,&nbsp;<a href=\"https:\/\/www.fiorentini-iberia.com\/ca\/grup-pietro-fiorentini\/empreses-i-marques-del-grup-pietro-fiorentini\/#biokomp\"><strong>Biokomp<\/strong><\/a>&nbsp;i&nbsp;<strong>Pietro&nbsp;Fiorentini<\/strong>&nbsp;per a investigar i experimentar processos de&nbsp;biometanizaci\u00f3n&nbsp;a partir de diverses fonts, en particular biog\u00e0s i gas de s\u00edntesi.<\/p>\n\n\n\n<p>Totes les empreses implicades en el disseny, construcci\u00f3 i instal\u00b7laci\u00f3 del projecte formen part del&nbsp;<strong>Grup&nbsp;Pietro&nbsp;Fiorentini<\/strong>, principal promotor d\u2019un<strong>&nbsp;sistema de recerca i experimentaci\u00f3 de&nbsp;biometanizaci\u00f3n<\/strong>&nbsp;\u00fanic en tota Europa, gr\u00e0cies al qual ser\u00e0 possible crear mescles de gasos in situ i comptar amb l\u2019alimentaci\u00f3 directa de biog\u00e0s procedent dels digestors de la depuradora.<\/p>\n\n\n\n<p>Cada empresa aporta la seva pr\u00f2pia contribuci\u00f3. La&nbsp;<strong>pila electrol\u00edtica amb tecnologia de&nbsp;electrolizador&nbsp;d\u2019aigua amb membrana d\u2019intercanvi ani\u00f2nic (AEMWE)<\/strong>&nbsp;per a la conversi\u00f3 d\u2019energia en gas ser\u00e0 subministrada per&nbsp;<strong>Hyter<\/strong>.<\/p>\n\n\n\n<p>&nbsp;<\/p>\n\n\n\n<p class=\"has-text-color has-link-color has-large-font-size wp-elements-634bdc08d7a5793b5da819b85b77fdff\" style=\"color:#199782\"><strong>> <\/strong><a href=\"https:\/\/hyter.it\/en\/straubing\/?bk=1\" target=\"_blank\" rel=\"noreferrer noopener\"><strong>M\u00e9s informaci\u00f3 del projecte.<\/strong><\/a><\/p>\n\n\n\n<div style=\"height:20px\" aria-hidden=\"true\" class=\"wp-block-spacer\"><\/div>\n\n\n\n<p class=\"has-text-color has-link-color has-large-font-size wp-elements-05b965640b2e825aa2a8e64596b1712a\" style=\"color:#199782\"><strong>><\/strong>  <strong><a href=\"https:\/\/www.fiorentini-iberia.com\/ca\/news\/hyter-generacio-ecologica-dhidrogen-mitjancant-electrolisi\/\">Visiti la not\u00edcia de presentaci\u00f3 HYTER.<\/a><\/strong><\/p>\n","protected":false},"excerpt":{"rendered":"<p>Les reines de les energies renovables conquisten Alemanya: comencen les obres de la planta pilot d\u2019Straubing.<br \/>\n\u00a0<br \/>\nEl 28 de juliol de 2022 es van iniciar en la\u00a0planta de tractament d\u2019aig\u00fces residuals de\u00a0Straubing\u00a0(Alemanya) les obres d\u2019instal\u00b7laci\u00f3 d\u2019una soluci\u00f3 espec\u00edfica de\u00a0MicroPyros\u00a0BioEnerTec,\u00a0Hyter,\u00a0Biokomp\u00a0i\u00a0Pietro\u00a0Fiorentini\u00a0per a investigar i experimentar processos de\u00a0biometanizaci\u00f3n\u00a0a partir de diverses fonts, en particular biog\u00e0s i gas de s\u00edntesi.<\/p>\n","protected":false},"author":15,"featured_media":0,"parent":50126,"menu_order":0,"comment_status":"closed","ping_status":"closed","template":"template-expertise-post.php","meta":{"_acf_changed":false,"inline_featured_image":false,"footnotes":""},"class_list":["post-50575","page","type-page","status-publish","hentry"],"acf":[],"yoast_head":"<!-- This site is optimized with the Yoast SEO plugin v27.2 - https:\/\/yoast.com\/product\/yoast-seo-wordpress\/ -->\n<title>STRAUBING - Pietro Fiorentini<\/title>\n<meta name=\"description\" content=\"Les reines de les energies renovables conquisten Alemanya: comencen les obres de la planta pilot d\u2019Straubing.\" \/>\n<meta name=\"robots\" content=\"index, follow, max-snippet:-1, max-image-preview:large, max-video-preview:-1\" \/>\n<link rel=\"canonical\" href=\"https:\/\/www.fiorentini-iberia.com\/ca\/experiencia\/hidrogen\/straubing\/\" \/>\n<meta property=\"og:locale\" content=\"ca_ES\" \/>\n<meta property=\"og:type\" content=\"article\" \/>\n<meta property=\"og:title\" content=\"STRAUBING - Pietro Fiorentini\" \/>\n<meta property=\"og:description\" content=\"Les reines de les energies renovables conquisten Alemanya: comencen les obres de la planta pilot d\u2019Straubing.\" \/>\n<meta property=\"og:url\" content=\"https:\/\/www.fiorentini-iberia.com\/ca\/experiencia\/hidrogen\/straubing\/\" \/>\n<meta property=\"og:site_name\" content=\"Pietro Fiorentini\" \/>\n<meta property=\"article:modified_time\" content=\"2024-03-15T18:05:07+00:00\" \/>\n<meta property=\"og:image\" content=\"https:\/\/www.fiorentini-iberia.com\/wp-content\/uploads\/2024\/03\/MicroPyrosBioEnerTecHyterBiokompPietroFiorentini_BiomethanationPlantStraubing.png\" \/>\n<meta name=\"twitter:card\" content=\"summary_large_image\" \/>\n<meta name=\"twitter:site\" content=\"@FiorentiniSpa\" \/>\n<meta name=\"twitter:label1\" content=\"Temps estimat de lectura\" \/>\n\t<meta name=\"twitter:data1\" content=\"1 minut\" \/>\n<script type=\"application\/ld+json\" class=\"yoast-schema-graph\">{\"@context\":\"https:\/\/schema.org\",\"@graph\":[{\"@type\":\"WebPage\",\"@id\":\"https:\/\/www.fiorentini-iberia.com\/ca\/experiencia\/hidrogen\/straubing\/\",\"url\":\"https:\/\/www.fiorentini-iberia.com\/ca\/experiencia\/hidrogen\/straubing\/\",\"name\":\"STRAUBING - Pietro Fiorentini\",\"isPartOf\":{\"@id\":\"https:\/\/www.fiorentini-iberia.com\/ca\/#website\"},\"primaryImageOfPage\":{\"@id\":\"https:\/\/www.fiorentini-iberia.com\/ca\/experiencia\/hidrogen\/straubing\/#primaryimage\"},\"image\":{\"@id\":\"https:\/\/www.fiorentini-iberia.com\/ca\/experiencia\/hidrogen\/straubing\/#primaryimage\"},\"thumbnailUrl\":\"https:\/\/www.fiorentini-iberia.com\/wp-content\/uploads\/2024\/03\/MicroPyrosBioEnerTecHyterBiokompPietroFiorentini_BiomethanationPlantStraubing.png\",\"datePublished\":\"2024-03-14T23:15:32+00:00\",\"dateModified\":\"2024-03-15T18:05:07+00:00\",\"description\":\"Les reines de les energies renovables conquisten Alemanya: comencen les obres de la planta pilot d\u2019Straubing.\",\"breadcrumb\":{\"@id\":\"https:\/\/www.fiorentini-iberia.com\/ca\/experiencia\/hidrogen\/straubing\/#breadcrumb\"},\"inLanguage\":\"ca\",\"potentialAction\":[{\"@type\":\"ReadAction\",\"target\":[\"https:\/\/www.fiorentini-iberia.com\/ca\/experiencia\/hidrogen\/straubing\/\"]}]},{\"@type\":\"ImageObject\",\"inLanguage\":\"ca\",\"@id\":\"https:\/\/www.fiorentini-iberia.com\/ca\/experiencia\/hidrogen\/straubing\/#primaryimage\",\"url\":\"https:\/\/www.fiorentini-iberia.com\/wp-content\/uploads\/2024\/03\/MicroPyrosBioEnerTecHyterBiokompPietroFiorentini_BiomethanationPlantStraubing.png\",\"contentUrl\":\"https:\/\/www.fiorentini-iberia.com\/wp-content\/uploads\/2024\/03\/MicroPyrosBioEnerTecHyterBiokompPietroFiorentini_BiomethanationPlantStraubing.png\"},{\"@type\":\"BreadcrumbList\",\"@id\":\"https:\/\/www.fiorentini-iberia.com\/ca\/experiencia\/hidrogen\/straubing\/#breadcrumb\",\"itemListElement\":[{\"@type\":\"ListItem\",\"position\":1,\"name\":\"Home\",\"item\":\"https:\/\/www.fiorentini-iberia.com\/ca\/\"},{\"@type\":\"ListItem\",\"position\":2,\"name\":\"Experi\u00e8ncia\",\"item\":\"https:\/\/www.fiorentini-iberia.com\/ca\/experiencia\/\"},{\"@type\":\"ListItem\",\"position\":3,\"name\":\"Hidrogen\",\"item\":\"https:\/\/www.fiorentini-iberia.com\/ca\/experiencia\/hidrogen\/\"},{\"@type\":\"ListItem\",\"position\":4,\"name\":\"STRAUBING\"}]},{\"@type\":\"WebSite\",\"@id\":\"https:\/\/www.fiorentini-iberia.com\/ca\/#website\",\"url\":\"https:\/\/www.fiorentini-iberia.com\/ca\/\",\"name\":\"Pietro Fiorentini Iberia\",\"description\":\"Pietro Fiorentini dise\u00f1a y fabrica componentes, sistemas y servicios para la regulaci\u00f3n, medici\u00f3n, gesti\u00f3n de redes de agua, energ\u00edas renovables, petr\u00f3leo y el gas natural, con sistemas adaptados 100% al hidr\u00f3geno.\",\"publisher\":{\"@id\":\"https:\/\/www.fiorentini-iberia.com\/ca\/#organization\"},\"potentialAction\":[{\"@type\":\"SearchAction\",\"target\":{\"@type\":\"EntryPoint\",\"urlTemplate\":\"https:\/\/www.fiorentini-iberia.com\/ca\/?s={search_term_string}\"},\"query-input\":{\"@type\":\"PropertyValueSpecification\",\"valueRequired\":true,\"valueName\":\"search_term_string\"}}],\"inLanguage\":\"ca\"},{\"@type\":\"Organization\",\"@id\":\"https:\/\/www.fiorentini-iberia.com\/ca\/#organization\",\"name\":\"Pietro Fiorentini Iberia\",\"url\":\"https:\/\/www.fiorentini-iberia.com\/ca\/\",\"logo\":{\"@type\":\"ImageObject\",\"inLanguage\":\"ca\",\"@id\":\"https:\/\/www.fiorentini-iberia.com\/ca\/#\/schema\/logo\/image\/\",\"url\":\"https:\/\/www.fiorentini-iberia.com\/wp-content\/uploads\/2020\/11\/logo.svg\",\"contentUrl\":\"https:\/\/www.fiorentini-iberia.com\/wp-content\/uploads\/2020\/11\/logo.svg\",\"width\":227,\"height\":59,\"caption\":\"Pietro Fiorentini Iberia\"},\"image\":{\"@id\":\"https:\/\/www.fiorentini-iberia.com\/ca\/#\/schema\/logo\/image\/\"},\"sameAs\":[\"https:\/\/x.com\/FiorentiniSpa\",\"https:\/\/www.linkedin.com\/company\/pietro-fiorentini-iberia\/\"]}]}<\/script>\n<!-- \/ Yoast SEO plugin. -->","yoast_head_json":{"title":"STRAUBING - Pietro Fiorentini","description":"Les reines de les energies renovables conquisten Alemanya: comencen les obres de la planta pilot d\u2019Straubing.","robots":{"index":"index","follow":"follow","max-snippet":"max-snippet:-1","max-image-preview":"max-image-preview:large","max-video-preview":"max-video-preview:-1"},"canonical":"https:\/\/www.fiorentini-iberia.com\/ca\/experiencia\/hidrogen\/straubing\/","og_locale":"ca_ES","og_type":"article","og_title":"STRAUBING - Pietro Fiorentini","og_description":"Les reines de les energies renovables conquisten Alemanya: comencen les obres de la planta pilot d\u2019Straubing.","og_url":"https:\/\/www.fiorentini-iberia.com\/ca\/experiencia\/hidrogen\/straubing\/","og_site_name":"Pietro Fiorentini","article_modified_time":"2024-03-15T18:05:07+00:00","og_image":[{"url":"https:\/\/www.fiorentini-iberia.com\/wp-content\/uploads\/2024\/03\/MicroPyrosBioEnerTecHyterBiokompPietroFiorentini_BiomethanationPlantStraubing.png","type":"","width":"","height":""}],"twitter_card":"summary_large_image","twitter_site":"@FiorentiniSpa","twitter_misc":{"Temps estimat de lectura":"1 minut"},"schema":{"@context":"https:\/\/schema.org","@graph":[{"@type":"WebPage","@id":"https:\/\/www.fiorentini-iberia.com\/ca\/experiencia\/hidrogen\/straubing\/","url":"https:\/\/www.fiorentini-iberia.com\/ca\/experiencia\/hidrogen\/straubing\/","name":"STRAUBING - Pietro Fiorentini","isPartOf":{"@id":"https:\/\/www.fiorentini-iberia.com\/ca\/#website"},"primaryImageOfPage":{"@id":"https:\/\/www.fiorentini-iberia.com\/ca\/experiencia\/hidrogen\/straubing\/#primaryimage"},"image":{"@id":"https:\/\/www.fiorentini-iberia.com\/ca\/experiencia\/hidrogen\/straubing\/#primaryimage"},"thumbnailUrl":"https:\/\/www.fiorentini-iberia.com\/wp-content\/uploads\/2024\/03\/MicroPyrosBioEnerTecHyterBiokompPietroFiorentini_BiomethanationPlantStraubing.png","datePublished":"2024-03-14T23:15:32+00:00","dateModified":"2024-03-15T18:05:07+00:00","description":"Les reines de les energies renovables conquisten Alemanya: comencen les obres de la planta pilot d\u2019Straubing.","breadcrumb":{"@id":"https:\/\/www.fiorentini-iberia.com\/ca\/experiencia\/hidrogen\/straubing\/#breadcrumb"},"inLanguage":"ca","potentialAction":[{"@type":"ReadAction","target":["https:\/\/www.fiorentini-iberia.com\/ca\/experiencia\/hidrogen\/straubing\/"]}]},{"@type":"ImageObject","inLanguage":"ca","@id":"https:\/\/www.fiorentini-iberia.com\/ca\/experiencia\/hidrogen\/straubing\/#primaryimage","url":"https:\/\/www.fiorentini-iberia.com\/wp-content\/uploads\/2024\/03\/MicroPyrosBioEnerTecHyterBiokompPietroFiorentini_BiomethanationPlantStraubing.png","contentUrl":"https:\/\/www.fiorentini-iberia.com\/wp-content\/uploads\/2024\/03\/MicroPyrosBioEnerTecHyterBiokompPietroFiorentini_BiomethanationPlantStraubing.png"},{"@type":"BreadcrumbList","@id":"https:\/\/www.fiorentini-iberia.com\/ca\/experiencia\/hidrogen\/straubing\/#breadcrumb","itemListElement":[{"@type":"ListItem","position":1,"name":"Home","item":"https:\/\/www.fiorentini-iberia.com\/ca\/"},{"@type":"ListItem","position":2,"name":"Experi\u00e8ncia","item":"https:\/\/www.fiorentini-iberia.com\/ca\/experiencia\/"},{"@type":"ListItem","position":3,"name":"Hidrogen","item":"https:\/\/www.fiorentini-iberia.com\/ca\/experiencia\/hidrogen\/"},{"@type":"ListItem","position":4,"name":"STRAUBING"}]},{"@type":"WebSite","@id":"https:\/\/www.fiorentini-iberia.com\/ca\/#website","url":"https:\/\/www.fiorentini-iberia.com\/ca\/","name":"Pietro Fiorentini Iberia","description":"Pietro Fiorentini dise\u00f1a y fabrica componentes, sistemas y servicios para la regulaci\u00f3n, medici\u00f3n, gesti\u00f3n de redes de agua, energ\u00edas renovables, petr\u00f3leo y el gas natural, con sistemas adaptados 100% al hidr\u00f3geno.","publisher":{"@id":"https:\/\/www.fiorentini-iberia.com\/ca\/#organization"},"potentialAction":[{"@type":"SearchAction","target":{"@type":"EntryPoint","urlTemplate":"https:\/\/www.fiorentini-iberia.com\/ca\/?s={search_term_string}"},"query-input":{"@type":"PropertyValueSpecification","valueRequired":true,"valueName":"search_term_string"}}],"inLanguage":"ca"},{"@type":"Organization","@id":"https:\/\/www.fiorentini-iberia.com\/ca\/#organization","name":"Pietro Fiorentini Iberia","url":"https:\/\/www.fiorentini-iberia.com\/ca\/","logo":{"@type":"ImageObject","inLanguage":"ca","@id":"https:\/\/www.fiorentini-iberia.com\/ca\/#\/schema\/logo\/image\/","url":"https:\/\/www.fiorentini-iberia.com\/wp-content\/uploads\/2020\/11\/logo.svg","contentUrl":"https:\/\/www.fiorentini-iberia.com\/wp-content\/uploads\/2020\/11\/logo.svg","width":227,"height":59,"caption":"Pietro Fiorentini Iberia"},"image":{"@id":"https:\/\/www.fiorentini-iberia.com\/ca\/#\/schema\/logo\/image\/"},"sameAs":["https:\/\/x.com\/FiorentiniSpa","https:\/\/www.linkedin.com\/company\/pietro-fiorentini-iberia\/"]}]}},"_links":{"self":[{"href":"https:\/\/www.fiorentini-iberia.com\/ca\/wp-json\/wp\/v2\/pages\/50575","targetHints":{"allow":["GET"]}}],"collection":[{"href":"https:\/\/www.fiorentini-iberia.com\/ca\/wp-json\/wp\/v2\/pages"}],"about":[{"href":"https:\/\/www.fiorentini-iberia.com\/ca\/wp-json\/wp\/v2\/types\/page"}],"author":[{"embeddable":true,"href":"https:\/\/www.fiorentini-iberia.com\/ca\/wp-json\/wp\/v2\/users\/15"}],"replies":[{"embeddable":true,"href":"https:\/\/www.fiorentini-iberia.com\/ca\/wp-json\/wp\/v2\/comments?post=50575"}],"version-history":[{"count":1,"href":"https:\/\/www.fiorentini-iberia.com\/ca\/wp-json\/wp\/v2\/pages\/50575\/revisions"}],"predecessor-version":[{"id":50577,"href":"https:\/\/www.fiorentini-iberia.com\/ca\/wp-json\/wp\/v2\/pages\/50575\/revisions\/50577"}],"up":[{"embeddable":true,"href":"https:\/\/www.fiorentini-iberia.com\/ca\/wp-json\/wp\/v2\/pages\/50126"}],"wp:attachment":[{"href":"https:\/\/www.fiorentini-iberia.com\/ca\/wp-json\/wp\/v2\/media?parent=50575"}],"curies":[{"name":"wp","href":"https:\/\/api.w.org\/{rel}","templated":true}]}}