{"id":55902,"date":"2024-09-16T15:30:23","date_gmt":"2024-09-16T13:30:23","guid":{"rendered":"https:\/\/www.fiorentini-iberia.com\/experiencia\/e-combustibles\/"},"modified":"2024-09-16T21:28:12","modified_gmt":"2024-09-16T19:28:12","slug":"e-combustibles","status":"publish","type":"page","link":"https:\/\/www.fiorentini-iberia.com\/ca\/experiencia\/e-combustibles\/","title":{"rendered":"E-combustibles"},"content":{"rendered":"\n<h2 class=\"wp-block-heading\"><strong><br>Combustibles renovables per a reduir les emissions de carboni<\/strong><\/h2>\n\n\n\n<p><br>Els <strong>e-combustibles<\/strong> s\u00f3n<strong> combustibles no f\u00f2ssils i renovables<\/strong> produ\u00efts mitjan\u00e7ant un proc\u00e9s de s\u00edntesi qu\u00edmica artificial a partir de fonts renovables.<\/p>\n\n\n\n<p>El proc\u00e9s converteix un gas compost per <strong><a href=\"https:\/\/www.fiorentini-iberia.com\/ca\/experiencia\/hidrogen\/\">hidrogen<\/a><\/strong> electrol\u00edtic (H2) i una mol\u00e8cula que cont\u00e9 carboni, com el di\u00f2xid de carboni (CO\u2082) procedent de material de rebuig biog\u00e8nic.<\/p>\n\n\n\n<p>El proc\u00e9s de\u00a0metanaci\u00f3n\u00a0produeix <strong>e-met\u00e0<\/strong>, un gas renovable pr\u00e0cticament id\u00e8ntic al gas natural que coneixem. Aix\u00f2 t\u00e9 molts avantatges, com la possibilitat d&#8217;<strong>emmagatzemar electricitat<\/strong> en forma de met\u00e0 renovable en infraestructures de gas, <strong><a href=\"https:\/\/www.fiorentini.com\/en\/category\/solutions\/systems\/solutions-renewable-energies\/ccus\/\" target=\"_blank\" rel=\"noreferrer noopener\">capturar di\u00f2xid de carboni<\/a><\/strong> per al seu \u00fas posterior i <strong>substituir una font f\u00f2ssil<\/strong>, ja que pot utilitzar-se directament en calefacci\u00f3 o vehicles com a combustible de substituci\u00f3 immediata.<\/p>\n\n\n\n<p>La soluci\u00f3 tecnol\u00f2gica de\u00a0<strong>Pietro\u00a0Fiorentini<\/strong>\u00a0es basa en un proc\u00e9s de\u00a0<strong><a href=\"https:\/\/www.fiorentini-iberia.com\/ca\/solucions\/metanacion-biologica\/\">metanaci\u00f3\u00a0biol\u00f2gica<\/a><\/strong> per a generar met\u00e0 renovable.<\/p>\n","protected":false},"excerpt":{"rendered":"<p>El proc\u00e9s de metanaci\u00f3 t\u00e9 molts avantatges, com la possibilitat d&#8217;emmagatzemar electricitat en forma de met\u00e0 renovable en infraestructures de gas, capturar di\u00f2xid de carboni per al seu \u00fas posterior i substituir una font f\u00f2ssil, ja que pot utilitzar-se directament en calefacci\u00f3 o vehicles com a combustible de substituci\u00f3 immediata.<br \/>\n<\/b><br \/>\nLa soluci\u00f3 tecnol\u00f2gica de Pietro Fiorentini es basa en un proc\u00e9s biol\u00f2gic de metanaci\u00f3 per a generar met\u00e0 renovable. La biologia d&#8217;aquest proc\u00e9s ha estat desenvolupada per MicroPyros BioEnerTec GmbH\u2122, que forma part del Grup Pietro Fiorentini.<\/p>\n","protected":false},"author":15,"featured_media":55817,"parent":50088,"menu_order":4,"comment_status":"closed","ping_status":"closed","template":"template-expertise-child.php","meta":{"_acf_changed":false,"inline_featured_image":false,"footnotes":""},"class_list":["post-55902","page","type-page","status-publish","has-post-thumbnail","hentry"],"acf":[],"yoast_head":"<!-- This site is optimized with the Yoast SEO plugin v27.2 - https:\/\/yoast.com\/product\/yoast-seo-wordpress\/ -->\n<title>E-combustibles - Pietro Fiorentini<\/title>\n<meta name=\"description\" content=\"Els e-combustibles s\u00f3n combustibles no f\u00f2ssils i renovables produ\u00efts mitjan\u00e7ant un proc\u00e9s de s\u00edntesi qu\u00edmica artificial a partir de fonts renovables.\" \/>\n<meta name=\"robots\" content=\"index, follow, max-snippet:-1, max-image-preview:large, max-video-preview:-1\" \/>\n<link rel=\"canonical\" href=\"https:\/\/www.fiorentini-iberia.com\/ca\/experiencia\/e-combustibles\/\" \/>\n<meta property=\"og:locale\" content=\"ca_ES\" \/>\n<meta property=\"og:type\" content=\"article\" \/>\n<meta property=\"og:title\" content=\"E-combustibles - Pietro Fiorentini\" \/>\n<meta property=\"og:description\" content=\"Els e-combustibles s\u00f3n combustibles no f\u00f2ssils i renovables produ\u00efts mitjan\u00e7ant un proc\u00e9s de s\u00edntesi qu\u00edmica artificial a partir de fonts renovables.\" \/>\n<meta property=\"og:url\" content=\"https:\/\/www.fiorentini-iberia.com\/ca\/experiencia\/e-combustibles\/\" \/>\n<meta property=\"og:site_name\" content=\"Pietro Fiorentini\" \/>\n<meta property=\"article:modified_time\" content=\"2024-09-16T19:28:12+00:00\" \/>\n<meta property=\"og:image\" content=\"https:\/\/www.fiorentini-iberia.com\/wp-content\/uploads\/2024\/09\/e-fuels-thumb.jpg\" \/>\n\t<meta property=\"og:image:width\" content=\"930\" \/>\n\t<meta property=\"og:image:height\" content=\"930\" \/>\n\t<meta property=\"og:image:type\" content=\"image\/jpeg\" \/>\n<meta name=\"twitter:card\" content=\"summary_large_image\" \/>\n<meta name=\"twitter:site\" content=\"@FiorentiniSpa\" \/>\n<meta name=\"twitter:label1\" content=\"Temps estimat de lectura\" \/>\n\t<meta name=\"twitter:data1\" content=\"1 minut\" \/>\n<script type=\"application\/ld+json\" class=\"yoast-schema-graph\">{\"@context\":\"https:\/\/schema.org\",\"@graph\":[{\"@type\":\"WebPage\",\"@id\":\"https:\/\/www.fiorentini-iberia.com\/ca\/experiencia\/e-combustibles\/\",\"url\":\"https:\/\/www.fiorentini-iberia.com\/ca\/experiencia\/e-combustibles\/\",\"name\":\"E-combustibles - Pietro Fiorentini\",\"isPartOf\":{\"@id\":\"https:\/\/www.fiorentini-iberia.com\/ca\/#website\"},\"primaryImageOfPage\":{\"@id\":\"https:\/\/www.fiorentini-iberia.com\/ca\/experiencia\/e-combustibles\/#primaryimage\"},\"image\":{\"@id\":\"https:\/\/www.fiorentini-iberia.com\/ca\/experiencia\/e-combustibles\/#primaryimage\"},\"thumbnailUrl\":\"https:\/\/www.fiorentini-iberia.com\/wp-content\/uploads\/2024\/09\/e-fuels-thumb.jpg\",\"datePublished\":\"2024-09-16T13:30:23+00:00\",\"dateModified\":\"2024-09-16T19:28:12+00:00\",\"description\":\"Els e-combustibles s\u00f3n combustibles no f\u00f2ssils i renovables produ\u00efts mitjan\u00e7ant un proc\u00e9s de s\u00edntesi qu\u00edmica artificial a partir de fonts renovables.\",\"breadcrumb\":{\"@id\":\"https:\/\/www.fiorentini-iberia.com\/ca\/experiencia\/e-combustibles\/#breadcrumb\"},\"inLanguage\":\"ca\",\"potentialAction\":[{\"@type\":\"ReadAction\",\"target\":[\"https:\/\/www.fiorentini-iberia.com\/ca\/experiencia\/e-combustibles\/\"]}]},{\"@type\":\"ImageObject\",\"inLanguage\":\"ca\",\"@id\":\"https:\/\/www.fiorentini-iberia.com\/ca\/experiencia\/e-combustibles\/#primaryimage\",\"url\":\"https:\/\/www.fiorentini-iberia.com\/wp-content\/uploads\/2024\/09\/e-fuels-thumb.jpg\",\"contentUrl\":\"https:\/\/www.fiorentini-iberia.com\/wp-content\/uploads\/2024\/09\/e-fuels-thumb.jpg\",\"width\":930,\"height\":930,\"caption\":\"e-fuels\"},{\"@type\":\"BreadcrumbList\",\"@id\":\"https:\/\/www.fiorentini-iberia.com\/ca\/experiencia\/e-combustibles\/#breadcrumb\",\"itemListElement\":[{\"@type\":\"ListItem\",\"position\":1,\"name\":\"Home\",\"item\":\"https:\/\/www.fiorentini-iberia.com\/ca\/\"},{\"@type\":\"ListItem\",\"position\":2,\"name\":\"Experi\u00e8ncia\",\"item\":\"https:\/\/www.fiorentini-iberia.com\/ca\/experiencia\/\"},{\"@type\":\"ListItem\",\"position\":3,\"name\":\"E-combustibles\"}]},{\"@type\":\"WebSite\",\"@id\":\"https:\/\/www.fiorentini-iberia.com\/ca\/#website\",\"url\":\"https:\/\/www.fiorentini-iberia.com\/ca\/\",\"name\":\"Pietro Fiorentini Iberia\",\"description\":\"Pietro Fiorentini dise\u00f1a y fabrica componentes, sistemas y servicios para la regulaci\u00f3n, medici\u00f3n, gesti\u00f3n de redes de agua, energ\u00edas renovables, petr\u00f3leo y el gas natural, con sistemas adaptados 100% al hidr\u00f3geno.\",\"publisher\":{\"@id\":\"https:\/\/www.fiorentini-iberia.com\/ca\/#organization\"},\"potentialAction\":[{\"@type\":\"SearchAction\",\"target\":{\"@type\":\"EntryPoint\",\"urlTemplate\":\"https:\/\/www.fiorentini-iberia.com\/ca\/?s={search_term_string}\"},\"query-input\":{\"@type\":\"PropertyValueSpecification\",\"valueRequired\":true,\"valueName\":\"search_term_string\"}}],\"inLanguage\":\"ca\"},{\"@type\":\"Organization\",\"@id\":\"https:\/\/www.fiorentini-iberia.com\/ca\/#organization\",\"name\":\"Pietro Fiorentini Iberia\",\"url\":\"https:\/\/www.fiorentini-iberia.com\/ca\/\",\"logo\":{\"@type\":\"ImageObject\",\"inLanguage\":\"ca\",\"@id\":\"https:\/\/www.fiorentini-iberia.com\/ca\/#\/schema\/logo\/image\/\",\"url\":\"https:\/\/www.fiorentini-iberia.com\/wp-content\/uploads\/2020\/11\/logo.svg\",\"contentUrl\":\"https:\/\/www.fiorentini-iberia.com\/wp-content\/uploads\/2020\/11\/logo.svg\",\"width\":227,\"height\":59,\"caption\":\"Pietro Fiorentini Iberia\"},\"image\":{\"@id\":\"https:\/\/www.fiorentini-iberia.com\/ca\/#\/schema\/logo\/image\/\"},\"sameAs\":[\"https:\/\/x.com\/FiorentiniSpa\",\"https:\/\/www.linkedin.com\/company\/pietro-fiorentini-iberia\/\"]}]}<\/script>\n<!-- \/ Yoast SEO plugin. -->","yoast_head_json":{"title":"E-combustibles - Pietro Fiorentini","description":"Els e-combustibles s\u00f3n combustibles no f\u00f2ssils i renovables produ\u00efts mitjan\u00e7ant un proc\u00e9s de s\u00edntesi qu\u00edmica artificial a partir de fonts renovables.","robots":{"index":"index","follow":"follow","max-snippet":"max-snippet:-1","max-image-preview":"max-image-preview:large","max-video-preview":"max-video-preview:-1"},"canonical":"https:\/\/www.fiorentini-iberia.com\/ca\/experiencia\/e-combustibles\/","og_locale":"ca_ES","og_type":"article","og_title":"E-combustibles - Pietro Fiorentini","og_description":"Els e-combustibles s\u00f3n combustibles no f\u00f2ssils i renovables produ\u00efts mitjan\u00e7ant un proc\u00e9s de s\u00edntesi qu\u00edmica artificial a partir de fonts renovables.","og_url":"https:\/\/www.fiorentini-iberia.com\/ca\/experiencia\/e-combustibles\/","og_site_name":"Pietro Fiorentini","article_modified_time":"2024-09-16T19:28:12+00:00","og_image":[{"width":930,"height":930,"url":"https:\/\/www.fiorentini-iberia.com\/wp-content\/uploads\/2024\/09\/e-fuels-thumb.jpg","type":"image\/jpeg"}],"twitter_card":"summary_large_image","twitter_site":"@FiorentiniSpa","twitter_misc":{"Temps estimat de lectura":"1 minut"},"schema":{"@context":"https:\/\/schema.org","@graph":[{"@type":"WebPage","@id":"https:\/\/www.fiorentini-iberia.com\/ca\/experiencia\/e-combustibles\/","url":"https:\/\/www.fiorentini-iberia.com\/ca\/experiencia\/e-combustibles\/","name":"E-combustibles - Pietro Fiorentini","isPartOf":{"@id":"https:\/\/www.fiorentini-iberia.com\/ca\/#website"},"primaryImageOfPage":{"@id":"https:\/\/www.fiorentini-iberia.com\/ca\/experiencia\/e-combustibles\/#primaryimage"},"image":{"@id":"https:\/\/www.fiorentini-iberia.com\/ca\/experiencia\/e-combustibles\/#primaryimage"},"thumbnailUrl":"https:\/\/www.fiorentini-iberia.com\/wp-content\/uploads\/2024\/09\/e-fuels-thumb.jpg","datePublished":"2024-09-16T13:30:23+00:00","dateModified":"2024-09-16T19:28:12+00:00","description":"Els e-combustibles s\u00f3n combustibles no f\u00f2ssils i renovables produ\u00efts mitjan\u00e7ant un proc\u00e9s de s\u00edntesi qu\u00edmica artificial a partir de fonts renovables.","breadcrumb":{"@id":"https:\/\/www.fiorentini-iberia.com\/ca\/experiencia\/e-combustibles\/#breadcrumb"},"inLanguage":"ca","potentialAction":[{"@type":"ReadAction","target":["https:\/\/www.fiorentini-iberia.com\/ca\/experiencia\/e-combustibles\/"]}]},{"@type":"ImageObject","inLanguage":"ca","@id":"https:\/\/www.fiorentini-iberia.com\/ca\/experiencia\/e-combustibles\/#primaryimage","url":"https:\/\/www.fiorentini-iberia.com\/wp-content\/uploads\/2024\/09\/e-fuels-thumb.jpg","contentUrl":"https:\/\/www.fiorentini-iberia.com\/wp-content\/uploads\/2024\/09\/e-fuels-thumb.jpg","width":930,"height":930,"caption":"e-fuels"},{"@type":"BreadcrumbList","@id":"https:\/\/www.fiorentini-iberia.com\/ca\/experiencia\/e-combustibles\/#breadcrumb","itemListElement":[{"@type":"ListItem","position":1,"name":"Home","item":"https:\/\/www.fiorentini-iberia.com\/ca\/"},{"@type":"ListItem","position":2,"name":"Experi\u00e8ncia","item":"https:\/\/www.fiorentini-iberia.com\/ca\/experiencia\/"},{"@type":"ListItem","position":3,"name":"E-combustibles"}]},{"@type":"WebSite","@id":"https:\/\/www.fiorentini-iberia.com\/ca\/#website","url":"https:\/\/www.fiorentini-iberia.com\/ca\/","name":"Pietro Fiorentini Iberia","description":"Pietro Fiorentini dise\u00f1a y fabrica componentes, sistemas y servicios para la regulaci\u00f3n, medici\u00f3n, gesti\u00f3n de redes de agua, energ\u00edas renovables, petr\u00f3leo y el gas natural, con sistemas adaptados 100% al hidr\u00f3geno.","publisher":{"@id":"https:\/\/www.fiorentini-iberia.com\/ca\/#organization"},"potentialAction":[{"@type":"SearchAction","target":{"@type":"EntryPoint","urlTemplate":"https:\/\/www.fiorentini-iberia.com\/ca\/?s={search_term_string}"},"query-input":{"@type":"PropertyValueSpecification","valueRequired":true,"valueName":"search_term_string"}}],"inLanguage":"ca"},{"@type":"Organization","@id":"https:\/\/www.fiorentini-iberia.com\/ca\/#organization","name":"Pietro Fiorentini Iberia","url":"https:\/\/www.fiorentini-iberia.com\/ca\/","logo":{"@type":"ImageObject","inLanguage":"ca","@id":"https:\/\/www.fiorentini-iberia.com\/ca\/#\/schema\/logo\/image\/","url":"https:\/\/www.fiorentini-iberia.com\/wp-content\/uploads\/2020\/11\/logo.svg","contentUrl":"https:\/\/www.fiorentini-iberia.com\/wp-content\/uploads\/2020\/11\/logo.svg","width":227,"height":59,"caption":"Pietro Fiorentini Iberia"},"image":{"@id":"https:\/\/www.fiorentini-iberia.com\/ca\/#\/schema\/logo\/image\/"},"sameAs":["https:\/\/x.com\/FiorentiniSpa","https:\/\/www.linkedin.com\/company\/pietro-fiorentini-iberia\/"]}]}},"_links":{"self":[{"href":"https:\/\/www.fiorentini-iberia.com\/ca\/wp-json\/wp\/v2\/pages\/55902","targetHints":{"allow":["GET"]}}],"collection":[{"href":"https:\/\/www.fiorentini-iberia.com\/ca\/wp-json\/wp\/v2\/pages"}],"about":[{"href":"https:\/\/www.fiorentini-iberia.com\/ca\/wp-json\/wp\/v2\/types\/page"}],"author":[{"embeddable":true,"href":"https:\/\/www.fiorentini-iberia.com\/ca\/wp-json\/wp\/v2\/users\/15"}],"replies":[{"embeddable":true,"href":"https:\/\/www.fiorentini-iberia.com\/ca\/wp-json\/wp\/v2\/comments?post=55902"}],"version-history":[{"count":3,"href":"https:\/\/www.fiorentini-iberia.com\/ca\/wp-json\/wp\/v2\/pages\/55902\/revisions"}],"predecessor-version":[{"id":55916,"href":"https:\/\/www.fiorentini-iberia.com\/ca\/wp-json\/wp\/v2\/pages\/55902\/revisions\/55916"}],"up":[{"embeddable":true,"href":"https:\/\/www.fiorentini-iberia.com\/ca\/wp-json\/wp\/v2\/pages\/50088"}],"wp:featuredmedia":[{"embeddable":true,"href":"https:\/\/www.fiorentini-iberia.com\/ca\/wp-json\/wp\/v2\/media\/55817"}],"wp:attachment":[{"href":"https:\/\/www.fiorentini-iberia.com\/ca\/wp-json\/wp\/v2\/media?parent=55902"}],"curies":[{"name":"wp","href":"https:\/\/api.w.org\/{rel}","templated":true}]}}