{"id":16478,"date":"2021-09-08T10:26:43","date_gmt":"2021-09-08T08:26:43","guid":{"rendered":"https:\/\/master.fiorentini.com\/?page_id=16478"},"modified":"2022-09-12T07:42:59","modified_gmt":"2022-09-12T05:42:59","slug":"terms-and-conditions-of-use","status":"publish","type":"page","link":"https:\/\/www.fiorentini-iberia.com\/en\/terms-and-conditions-of-use\/","title":{"rendered":"Terms and conditions of use"},"content":{"rendered":"\n<p>These terms and conditions (hereinafter \u201c<strong>Terms and Conditions of Use<\/strong>\u201d) govern the terms and conditions for access to and use of the Fiorentini platforms\/portals (hereinafter \u201c<strong>Portal<\/strong>\u201d) and shall apply to all uses, as well as to its content, the information, the recommendations and\/or the services provided by Pietro Fiorentini Iberia (hereinafter \u201c<strong>Seller<\/strong>\u201d) to the customer (hereinafter \u201c<strong>Customer<\/strong>\u201d) inside the website.<\/p>\n\n\n\n<p>Access to and use of Portal shall be subject to acceptance of these Terms and Conditions of Use.<\/p>\n\n\n\n<div style=\"height:32px\" aria-hidden=\"true\" class=\"wp-block-spacer\"><\/div>\n\n\n\n<h2 class=\"wp-block-heading\"><strong>Access credentials and authentication<\/strong><strong><\/strong><\/h2>\n\n\n\n<p>Access to the Portal shall be allowed only following authentication of the Customer by use of the access credentials. Access may be granted through a Microsoft account, if the Customer has one. Otherwise, the Customer may set their own access password. The Customer undertakes to safeguard, store, use and preserve the confidentiality, with maximum care and diligence, of the Access Credentials, which are strictly personal and may not be made available and\/or disclosed to unauthorised third parties.<\/p>\n\n\n\n<p>During authorisation for access to the Portal, the Seller will register in the system the name, surname, e-mail (provided during the Customer\u2019s registration), customer of reference.<\/p>\n\n\n\n<p>The Seller reserves the right to suspend and\/or interrupt, at its sole discretion and without any obligation to provide advance warning, use of the Portal by the Customer, including but not limited to, in situations where the Seller believes that the use of the platforms\/portals violates one of the General Terms and Conditions of Use and\/or constitutes a violation of the law or in case of termination of the underlying sale or distribution contract.<\/p>\n\n\n\n<div style=\"height:32px\" aria-hidden=\"true\" class=\"wp-block-spacer\"><\/div>\n\n\n\n<h2 class=\"wp-block-heading\"><strong>Protection of intellectual property<\/strong><strong><\/strong><\/h2>\n\n\n\n<p>The Pietro Fiorentini platforms\/portals and all their content, including but not limited to, logos, icons, brands, text, graphics, photographs, images, moving images, audio, illustrations, technical and commercial information, and software (hereinafter \u201c<strong>Portal Content<\/strong>\u201d), are and shall remain the exclusive property of the Seller. The Customer shall be authorised to view, reproduce, print and download documents or other materials, including audio and video, present in the Portal exclusively for personal use, for information and not for commercial use. In any case, the Customer may not modify, copy, distribute, send, reproduce, publish, license, use for the creation of other applications, transfer or sell the Portal Content.<\/p>\n\n\n\n<div style=\"height:32px\" aria-hidden=\"true\" class=\"wp-block-spacer\"><\/div>\n\n\n\n<h2 class=\"wp-block-heading\"><strong>Non-disclosure and Confidentiality<\/strong><strong><\/strong><\/h2>\n\n\n\n<p>The Customer acknowledges that all information of which they will become aware during use of the Portal and the Portal Content is confidential and reserved and undertakes to ensure that they and their associates and employees do not use it and disclose it to third parties, in any way and by any means.<\/p>\n\n\n\n<div style=\"height:32px\" aria-hidden=\"true\" class=\"wp-block-spacer\"><\/div>\n\n\n\n<h2 class=\"wp-block-heading\"><strong>Disclaimer of guarantees<\/strong><strong><\/strong><\/h2>\n\n\n\n<p>The Seller does not guarantee that the Portal Content is free of errors nor that the products offered are continuously available. The Seller does not make any statements nor does it provide any guarantee with regard to the use of the Content in terms of correctness, accuracy, appropriateness, usefulness, precision, reliability or other.<\/p>\n\n\n\n<p>The Seller shall not be liable if, due to an error attributable to a wrong choice by the Customer, the goods purchased by the Customer through the Portal are unsuitable for their intended use.<\/p>\n\n\n\n<div style=\"height:32px\" aria-hidden=\"true\" class=\"wp-block-spacer\"><\/div>\n\n\n\n<h2 class=\"wp-block-heading\"><strong>Contacts<\/strong><strong><\/strong><\/h2>\n\n\n\n<p>For all clarifications or requests of assistance regarding the use of PF, the Customer may address the Seller\u2019s internal reference contact by calling +34 937 373 120 (Mon-Fri 09:00 am \u2013 04:00 pm)<\/p>\n\n\n\n<div style=\"height:32px\" aria-hidden=\"true\" class=\"wp-block-spacer\"><\/div>\n\n\n\n<h2 class=\"wp-block-heading\"><strong>Applicable law and jurisdiction<\/strong><strong><\/strong><\/h2>\n\n\n\n<p>The Terms and Conditions of Use are governed by Spanish law. All disputes resulting from these Terms and Conditions of Use shall be settled through arbitration pursuant to the Regulations of the Arbitration Chamber of the Barcelona C.C.I.A.A. [Chamber of Commerce, Industry, Crafts and Agriculture], by a single arbitrator, appointed in compliance with said Regulations. Seat of arbitration: Barcelona.<\/p>\n\n\n\n<div style=\"height:32px\" aria-hidden=\"true\" class=\"wp-block-spacer\"><\/div>\n\n\n\n<h2 class=\"wp-block-heading\"><strong>Protection of the Customer\u2019s data pursuant to (It.) Legislative Decree no. 196 of 30.6.2003 (as amended) and Regulation (EU) 679\/2016.<\/strong><strong><\/strong><\/h2>\n\n\n\n<p>All data of the Customer acquired for registration to the Portal or when it is used by the Customer will be processed and stored by the Seller on paper, electronic files or magnetic media and will be used exclusively for the purpose for which they were collected.<\/p>\n","protected":false},"excerpt":{"rendered":"<p>These terms and conditions (hereinafter \u201cTerms and Conditions of Use\u201d) govern the terms and conditions for access to and use of the Fiorentini platforms\/portals (hereinafter \u201cPortal\u201d) and shall apply to all uses, as well as to its content, the information, the recommendations and\/or the services provided by Pietro Fiorentini Iberia (hereinafter \u201cSeller\u201d) to the customer [&hellip;]<\/p>\n","protected":false},"author":12,"featured_media":11502,"parent":0,"menu_order":0,"comment_status":"closed","ping_status":"closed","template":"","meta":{"_acf_changed":false,"inline_featured_image":false,"footnotes":""},"class_list":["post-16478","page","type-page","status-publish","has-post-thumbnail","hentry"],"acf":[],"yoast_head":"<!-- This site is optimized with the Yoast SEO plugin v27.2 - https:\/\/yoast.com\/product\/yoast-seo-wordpress\/ -->\n<title>Terms and conditions of use - Pietro Fiorentini<\/title>\n<meta name=\"robots\" content=\"index, follow, max-snippet:-1, max-image-preview:large, max-video-preview:-1\" \/>\n<link rel=\"canonical\" href=\"https:\/\/www.fiorentini-iberia.com\/en\/terms-and-conditions-of-use\/\" \/>\n<meta property=\"og:locale\" content=\"en_US\" \/>\n<meta property=\"og:type\" content=\"article\" \/>\n<meta property=\"og:title\" content=\"Terms and conditions of use - Pietro Fiorentini\" \/>\n<meta property=\"og:description\" content=\"These terms and conditions (hereinafter \u201cTerms and Conditions of Use\u201d) govern the terms and conditions for access to and use of the Fiorentini platforms\/portals (hereinafter \u201cPortal\u201d) and shall apply to all uses, as well as to its content, the information, the recommendations and\/or the services provided by Pietro Fiorentini Iberia (hereinafter \u201cSeller\u201d) to the customer [&hellip;]\" \/>\n<meta property=\"og:url\" content=\"https:\/\/www.fiorentini-iberia.com\/en\/terms-and-conditions-of-use\/\" \/>\n<meta property=\"og:site_name\" content=\"Pietro Fiorentini\" \/>\n<meta property=\"article:modified_time\" content=\"2022-09-12T05:42:59+00:00\" \/>\n<meta property=\"og:image\" content=\"https:\/\/www.fiorentini-iberia.com\/wp-content\/uploads\/2021\/04\/01_legal.jpeg\" \/>\n\t<meta property=\"og:image:width\" content=\"1920\" \/>\n\t<meta property=\"og:image:height\" content=\"288\" \/>\n\t<meta property=\"og:image:type\" content=\"image\/jpeg\" \/>\n<meta name=\"twitter:card\" content=\"summary_large_image\" \/>\n<meta name=\"twitter:site\" content=\"@FiorentiniSpa\" \/>\n<meta name=\"twitter:label1\" content=\"Est. reading time\" \/>\n\t<meta name=\"twitter:data1\" content=\"3 minutes\" \/>\n<script type=\"application\/ld+json\" class=\"yoast-schema-graph\">{\"@context\":\"https:\/\/schema.org\",\"@graph\":[{\"@type\":\"WebPage\",\"@id\":\"https:\/\/www.fiorentini-iberia.com\/en\/terms-and-conditions-of-use\/\",\"url\":\"https:\/\/www.fiorentini-iberia.com\/en\/terms-and-conditions-of-use\/\",\"name\":\"Terms and conditions of use - Pietro Fiorentini\",\"isPartOf\":{\"@id\":\"https:\/\/www.fiorentini-iberia.com\/en\/#website\"},\"primaryImageOfPage\":{\"@id\":\"https:\/\/www.fiorentini-iberia.com\/en\/terms-and-conditions-of-use\/#primaryimage\"},\"image\":{\"@id\":\"https:\/\/www.fiorentini-iberia.com\/en\/terms-and-conditions-of-use\/#primaryimage\"},\"thumbnailUrl\":\"https:\/\/www.fiorentini-iberia.com\/wp-content\/uploads\/2021\/04\/01_legal.jpeg\",\"datePublished\":\"2021-09-08T08:26:43+00:00\",\"dateModified\":\"2022-09-12T05:42:59+00:00\",\"breadcrumb\":{\"@id\":\"https:\/\/www.fiorentini-iberia.com\/en\/terms-and-conditions-of-use\/#breadcrumb\"},\"inLanguage\":\"en-US\",\"potentialAction\":[{\"@type\":\"ReadAction\",\"target\":[\"https:\/\/www.fiorentini-iberia.com\/en\/terms-and-conditions-of-use\/\"]}]},{\"@type\":\"ImageObject\",\"inLanguage\":\"en-US\",\"@id\":\"https:\/\/www.fiorentini-iberia.com\/en\/terms-and-conditions-of-use\/#primaryimage\",\"url\":\"https:\/\/www.fiorentini-iberia.com\/wp-content\/uploads\/2021\/04\/01_legal.jpeg\",\"contentUrl\":\"https:\/\/www.fiorentini-iberia.com\/wp-content\/uploads\/2021\/04\/01_legal.jpeg\",\"width\":1920,\"height\":288},{\"@type\":\"BreadcrumbList\",\"@id\":\"https:\/\/www.fiorentini-iberia.com\/en\/terms-and-conditions-of-use\/#breadcrumb\",\"itemListElement\":[{\"@type\":\"ListItem\",\"position\":1,\"name\":\"Home\",\"item\":\"https:\/\/www.fiorentini-iberia.com\/en\/\"},{\"@type\":\"ListItem\",\"position\":2,\"name\":\"Terms and conditions of use\"}]},{\"@type\":\"WebSite\",\"@id\":\"https:\/\/www.fiorentini-iberia.com\/en\/#website\",\"url\":\"https:\/\/www.fiorentini-iberia.com\/en\/\",\"name\":\"Pietro Fiorentini Iberia\",\"description\":\"Pietro Fiorentini dise\u00f1a y fabrica componentes, sistemas y servicios para la regulaci\u00f3n, medici\u00f3n, gesti\u00f3n del petr\u00f3leo y el gas natural.\",\"publisher\":{\"@id\":\"https:\/\/www.fiorentini-iberia.com\/en\/#organization\"},\"potentialAction\":[{\"@type\":\"SearchAction\",\"target\":{\"@type\":\"EntryPoint\",\"urlTemplate\":\"https:\/\/www.fiorentini-iberia.com\/en\/?s={search_term_string}\"},\"query-input\":{\"@type\":\"PropertyValueSpecification\",\"valueRequired\":true,\"valueName\":\"search_term_string\"}}],\"inLanguage\":\"en-US\"},{\"@type\":\"Organization\",\"@id\":\"https:\/\/www.fiorentini-iberia.com\/en\/#organization\",\"name\":\"Pietro Fiorentini Iberia\",\"url\":\"https:\/\/www.fiorentini-iberia.com\/en\/\",\"logo\":{\"@type\":\"ImageObject\",\"inLanguage\":\"en-US\",\"@id\":\"https:\/\/www.fiorentini-iberia.com\/en\/#\/schema\/logo\/image\/\",\"url\":\"https:\/\/www.fiorentini-iberia.com\/wp-content\/uploads\/2020\/11\/logo.svg\",\"contentUrl\":\"https:\/\/www.fiorentini-iberia.com\/wp-content\/uploads\/2020\/11\/logo.svg\",\"width\":227,\"height\":59,\"caption\":\"Pietro Fiorentini Iberia\"},\"image\":{\"@id\":\"https:\/\/www.fiorentini-iberia.com\/en\/#\/schema\/logo\/image\/\"},\"sameAs\":[\"https:\/\/x.com\/FiorentiniSpa\",\"https:\/\/www.linkedin.com\/company\/pietro-fiorentini-iberia\/\"]}]}<\/script>\n<!-- \/ Yoast SEO plugin. -->","yoast_head_json":{"title":"Terms and conditions of use - Pietro Fiorentini","robots":{"index":"index","follow":"follow","max-snippet":"max-snippet:-1","max-image-preview":"max-image-preview:large","max-video-preview":"max-video-preview:-1"},"canonical":"https:\/\/www.fiorentini-iberia.com\/en\/terms-and-conditions-of-use\/","og_locale":"en_US","og_type":"article","og_title":"Terms and conditions of use - Pietro Fiorentini","og_description":"These terms and conditions (hereinafter \u201cTerms and Conditions of Use\u201d) govern the terms and conditions for access to and use of the Fiorentini platforms\/portals (hereinafter \u201cPortal\u201d) and shall apply to all uses, as well as to its content, the information, the recommendations and\/or the services provided by Pietro Fiorentini Iberia (hereinafter \u201cSeller\u201d) to the customer [&hellip;]","og_url":"https:\/\/www.fiorentini-iberia.com\/en\/terms-and-conditions-of-use\/","og_site_name":"Pietro Fiorentini","article_modified_time":"2022-09-12T05:42:59+00:00","og_image":[{"width":1920,"height":288,"url":"https:\/\/www.fiorentini-iberia.com\/wp-content\/uploads\/2021\/04\/01_legal.jpeg","type":"image\/jpeg"}],"twitter_card":"summary_large_image","twitter_site":"@FiorentiniSpa","twitter_misc":{"Est. reading time":"3 minutes"},"schema":{"@context":"https:\/\/schema.org","@graph":[{"@type":"WebPage","@id":"https:\/\/www.fiorentini-iberia.com\/en\/terms-and-conditions-of-use\/","url":"https:\/\/www.fiorentini-iberia.com\/en\/terms-and-conditions-of-use\/","name":"Terms and conditions of use - Pietro Fiorentini","isPartOf":{"@id":"https:\/\/www.fiorentini-iberia.com\/en\/#website"},"primaryImageOfPage":{"@id":"https:\/\/www.fiorentini-iberia.com\/en\/terms-and-conditions-of-use\/#primaryimage"},"image":{"@id":"https:\/\/www.fiorentini-iberia.com\/en\/terms-and-conditions-of-use\/#primaryimage"},"thumbnailUrl":"https:\/\/www.fiorentini-iberia.com\/wp-content\/uploads\/2021\/04\/01_legal.jpeg","datePublished":"2021-09-08T08:26:43+00:00","dateModified":"2022-09-12T05:42:59+00:00","breadcrumb":{"@id":"https:\/\/www.fiorentini-iberia.com\/en\/terms-and-conditions-of-use\/#breadcrumb"},"inLanguage":"en-US","potentialAction":[{"@type":"ReadAction","target":["https:\/\/www.fiorentini-iberia.com\/en\/terms-and-conditions-of-use\/"]}]},{"@type":"ImageObject","inLanguage":"en-US","@id":"https:\/\/www.fiorentini-iberia.com\/en\/terms-and-conditions-of-use\/#primaryimage","url":"https:\/\/www.fiorentini-iberia.com\/wp-content\/uploads\/2021\/04\/01_legal.jpeg","contentUrl":"https:\/\/www.fiorentini-iberia.com\/wp-content\/uploads\/2021\/04\/01_legal.jpeg","width":1920,"height":288},{"@type":"BreadcrumbList","@id":"https:\/\/www.fiorentini-iberia.com\/en\/terms-and-conditions-of-use\/#breadcrumb","itemListElement":[{"@type":"ListItem","position":1,"name":"Home","item":"https:\/\/www.fiorentini-iberia.com\/en\/"},{"@type":"ListItem","position":2,"name":"Terms and conditions of use"}]},{"@type":"WebSite","@id":"https:\/\/www.fiorentini-iberia.com\/en\/#website","url":"https:\/\/www.fiorentini-iberia.com\/en\/","name":"Pietro Fiorentini Iberia","description":"Pietro Fiorentini dise\u00f1a y fabrica componentes, sistemas y servicios para la regulaci\u00f3n, medici\u00f3n, gesti\u00f3n del petr\u00f3leo y el gas natural.","publisher":{"@id":"https:\/\/www.fiorentini-iberia.com\/en\/#organization"},"potentialAction":[{"@type":"SearchAction","target":{"@type":"EntryPoint","urlTemplate":"https:\/\/www.fiorentini-iberia.com\/en\/?s={search_term_string}"},"query-input":{"@type":"PropertyValueSpecification","valueRequired":true,"valueName":"search_term_string"}}],"inLanguage":"en-US"},{"@type":"Organization","@id":"https:\/\/www.fiorentini-iberia.com\/en\/#organization","name":"Pietro Fiorentini Iberia","url":"https:\/\/www.fiorentini-iberia.com\/en\/","logo":{"@type":"ImageObject","inLanguage":"en-US","@id":"https:\/\/www.fiorentini-iberia.com\/en\/#\/schema\/logo\/image\/","url":"https:\/\/www.fiorentini-iberia.com\/wp-content\/uploads\/2020\/11\/logo.svg","contentUrl":"https:\/\/www.fiorentini-iberia.com\/wp-content\/uploads\/2020\/11\/logo.svg","width":227,"height":59,"caption":"Pietro Fiorentini Iberia"},"image":{"@id":"https:\/\/www.fiorentini-iberia.com\/en\/#\/schema\/logo\/image\/"},"sameAs":["https:\/\/x.com\/FiorentiniSpa","https:\/\/www.linkedin.com\/company\/pietro-fiorentini-iberia\/"]}]}},"_links":{"self":[{"href":"https:\/\/www.fiorentini-iberia.com\/en\/wp-json\/wp\/v2\/pages\/16478","targetHints":{"allow":["GET"]}}],"collection":[{"href":"https:\/\/www.fiorentini-iberia.com\/en\/wp-json\/wp\/v2\/pages"}],"about":[{"href":"https:\/\/www.fiorentini-iberia.com\/en\/wp-json\/wp\/v2\/types\/page"}],"author":[{"embeddable":true,"href":"https:\/\/www.fiorentini-iberia.com\/en\/wp-json\/wp\/v2\/users\/12"}],"replies":[{"embeddable":true,"href":"https:\/\/www.fiorentini-iberia.com\/en\/wp-json\/wp\/v2\/comments?post=16478"}],"version-history":[{"count":6,"href":"https:\/\/www.fiorentini-iberia.com\/en\/wp-json\/wp\/v2\/pages\/16478\/revisions"}],"predecessor-version":[{"id":20975,"href":"https:\/\/www.fiorentini-iberia.com\/en\/wp-json\/wp\/v2\/pages\/16478\/revisions\/20975"}],"wp:featuredmedia":[{"embeddable":true,"href":"https:\/\/www.fiorentini-iberia.com\/en\/wp-json\/wp\/v2\/media\/11502"}],"wp:attachment":[{"href":"https:\/\/www.fiorentini-iberia.com\/en\/wp-json\/wp\/v2\/media?parent=16478"}],"curies":[{"name":"wp","href":"https:\/\/api.w.org\/{rel}","templated":true}]}}