{"id":18877,"date":"2022-05-02T09:56:06","date_gmt":"2022-05-02T07:56:06","guid":{"rendered":"https:\/\/master.fiorentini.com\/?page_id=18877"},"modified":"2025-09-18T14:15:13","modified_gmt":"2025-09-18T12:15:13","slug":"pietro-fiorentini-iberia","status":"publish","type":"page","link":"https:\/\/www.fiorentini-iberia.com\/en\/pietro-fiorentini-iberia\/","title":{"rendered":"Pietro Fiorentini Iberia"},"content":{"rendered":"\n<p>The Fiorentini Iberia team, belonging to the <a href=\"https:\/\/www.fiorentini-iberia.com\/en\/pietro-fiorentini-group\/\" target=\"_blank\" rel=\"noreferrer noopener\"><strong>Pietro Fiorentini Group<\/strong><\/a>, is made up of <strong>exceptional professionals with extensive market experience<\/strong> and knowledge of our wide range of solutions.<\/p>\n\n\n\n<p><strong>Pietro Fiorentini<\/strong> has been present in Spain since 1976, through <a href=\"http:\/\/contagas.com\" target=\"_blank\" rel=\"noreferrer noopener\">CONTAGAS, S.A.<\/a> In April 2022, the subsidiary was created to promote the growth of all the Group&#8217;s solutions in the <strong>Iberian Peninsula<\/strong>.<\/p>\n\n\n\n<p>The Fiorentini Iberia team, belonging to the <a href=\"https:\/\/www.fiorentini-iberia.com\/en\/pietro-fiorentini-group\/\"><strong>Pietro Fiorentini Group<\/strong><\/a>, is made up of <strong>exceptional professionals with extensive market experience<\/strong> and knowledge of our wide range of solutions.<\/p>\n\n\n\n<p><strong>Pietro Fiorentini<\/strong> has been present in Spain since 1976, through <a href=\"http:\/\/contagas.com\" target=\"_blank\" rel=\"noreferrer noopener\">CONTAGAS, S.A.<\/a> In April 2022, the subsidiary was created to promote the growth of all the Group&#8217;s solutions in the <strong>Iberian Peninsula<\/strong>.<\/p>\n\n\n\n<p>Our customers are natural gas distribution and transportation companies, oil and gas companies, engineering companies, EPCs, industrial end-users and utilities.<\/p>\n\n\n\n<figure class=\"wp-block-image size-full\"><img loading=\"lazy\" decoding=\"async\" width=\"991\" height=\"991\" src=\"https:\/\/fiorentini-iberia.com\/wp-content\/uploads\/2022\/09\/PietroFiorentiniIberia-fac\u0327ade.jpg\" alt=\"PietroFiorentiniIberia-fac\u0327ade\" class=\"wp-image-21129\" srcset=\"https:\/\/www.fiorentini-iberia.com\/wp-content\/uploads\/2022\/09\/PietroFiorentiniIberia-fac\u0327ade.jpg 991w, https:\/\/www.fiorentini-iberia.com\/wp-content\/uploads\/2022\/09\/PietroFiorentiniIberia-fac\u0327ade-300x300.jpg 300w, https:\/\/www.fiorentini-iberia.com\/wp-content\/uploads\/2022\/09\/PietroFiorentiniIberia-fac\u0327ade-150x150.jpg 150w, https:\/\/www.fiorentini-iberia.com\/wp-content\/uploads\/2022\/09\/PietroFiorentiniIberia-fac\u0327ade-768x768.jpg 768w\" sizes=\"auto, (max-width: 991px) 100vw, 991px\" \/><figcaption class=\"wp-element-caption\">PietroFiorentiniIberia-fac\u0327ade<\/figcaption><\/figure>\n\n\n\n<p>In addition to a <strong>quality product<\/strong>, we offer <strong>a complete service<\/strong> to our customers, including <strong>SAT support, logistics, and technical advice<\/strong> tailored to each customer.<\/p>\n\n\n\n<p>With our Technical Assistance Service team, we ensure the commissioning, maintenance and repair of Pietro Fiorentini equipment in Spain and Portugal.<\/p>\n\n\n\n<p>Check our <a href=\"https:\/\/fiorentini-iberia.com\/en\/\">homepage<\/a>.<\/p>\n\n\n\n<p><strong>Pietro Fiorentini, founded in Bologna in 1940<\/strong>, is a&nbsp;<strong>leading industrial company<\/strong>&nbsp;in north-eastern Italy, recognised as a Historic Brand of National Interest. With&nbsp;<strong>more than 80 years of experience<\/strong>&nbsp;in the entire natural gas supply chain, the Group has expanded its horizons towards the development of&nbsp;<strong>technologies and solutions for a sustainable digital world<\/strong>&nbsp;and has particularly focused on renewable energy projects.<\/p>\n\n\n\n<p>The company is an active player in market changes, including digitalisation, the transition to cleaner energy sources and greater responsibility with regard to environmental, social and economic sustainability.<\/p>\n\n\n\n<figure class=\"wp-block-image size-full\"><img loading=\"lazy\" decoding=\"async\" width=\"768\" height=\"768\" src=\"https:\/\/fiorentini-iberia.com\/wp-content\/uploads\/2022\/09\/noticia-web-PFI-2.jpg\" alt=\"\" class=\"wp-image-21409\" srcset=\"https:\/\/www.fiorentini-iberia.com\/wp-content\/uploads\/2022\/09\/noticia-web-PFI-2.jpg 768w, https:\/\/www.fiorentini-iberia.com\/wp-content\/uploads\/2022\/09\/noticia-web-PFI-2-300x300.jpg 300w, https:\/\/www.fiorentini-iberia.com\/wp-content\/uploads\/2022\/09\/noticia-web-PFI-2-150x150.jpg 150w\" sizes=\"auto, (max-width: 768px) 100vw, 768px\" \/><figcaption class=\"wp-element-caption\">Iberia<\/figcaption><\/figure>\n\n\n\n<p>In 2021, the Pietro Fiorentini Group achieved consolidated revenues around \u20ac 466 million,&nbsp;<strong>an increase of 17% compared to 2020<\/strong>. The Group has a consolidated customer base of natural gas transmission and distribution companies, oil and gas companies, engineering companies, EPCs, industrial end-users and utilities.<\/p>\n","protected":false},"excerpt":{"rendered":"<p>The Fiorentini Iberia team, belonging to the Pietro Fiorentini Group, is made up of exceptional professionals with extensive market experience and knowledge of our wide range of solutions. Pietro Fiorentini has been present in Spain since 1976, through CONTAGAS, S.A. In April 2022, the subsidiary was created to promote the growth of all the Group&#8217;s [&hellip;]<\/p>\n","protected":false},"author":15,"featured_media":22104,"parent":0,"menu_order":0,"comment_status":"closed","ping_status":"closed","template":"template-company-master.php","meta":{"_acf_changed":false,"inline_featured_image":false,"footnotes":""},"class_list":["post-18877","page","type-page","status-publish","has-post-thumbnail","hentry"],"acf":[],"yoast_head":"<!-- This site is optimized with the Yoast SEO plugin v27.2 - https:\/\/yoast.com\/product\/yoast-seo-wordpress\/ -->\n<title>Pietro Fiorentini Iberia - Direct presence in Spain and Portugal<\/title>\n<meta name=\"description\" content=\"We supply equipment and solutions for natural gas, biogas, water supply networks and hydrogen at all pressure levels.\" \/>\n<meta name=\"robots\" content=\"index, follow, max-snippet:-1, max-image-preview:large, max-video-preview:-1\" \/>\n<link rel=\"canonical\" href=\"https:\/\/www.fiorentini-iberia.com\/en\/pietro-fiorentini-iberia\/\" \/>\n<meta property=\"og:locale\" content=\"en_US\" \/>\n<meta property=\"og:type\" content=\"article\" \/>\n<meta property=\"og:title\" content=\"Pietro Fiorentini Iberia - Direct presence in Spain and Portugal\" \/>\n<meta property=\"og:description\" content=\"We supply equipment and solutions for natural gas, biogas, water supply networks and hydrogen at all pressure levels.\" \/>\n<meta property=\"og:url\" content=\"https:\/\/www.fiorentini-iberia.com\/en\/pietro-fiorentini-iberia\/\" \/>\n<meta property=\"og:site_name\" content=\"Pietro Fiorentini\" \/>\n<meta property=\"article:modified_time\" content=\"2025-09-18T12:15:13+00:00\" \/>\n<meta property=\"og:image\" content=\"https:\/\/www.fiorentini-iberia.com\/wp-content\/uploads\/2022\/11\/01-PFI-capcalera-1.jpg\" \/>\n\t<meta property=\"og:image:width\" content=\"1920\" \/>\n\t<meta property=\"og:image:height\" content=\"1440\" \/>\n\t<meta property=\"og:image:type\" content=\"image\/jpeg\" \/>\n<meta name=\"twitter:card\" content=\"summary_large_image\" \/>\n<meta name=\"twitter:site\" content=\"@FiorentiniSpa\" \/>\n<meta name=\"twitter:label1\" content=\"Est. reading time\" \/>\n\t<meta name=\"twitter:data1\" content=\"3 minutes\" \/>\n<script type=\"application\/ld+json\" class=\"yoast-schema-graph\">{\"@context\":\"https:\/\/schema.org\",\"@graph\":[{\"@type\":\"WebPage\",\"@id\":\"https:\/\/www.fiorentini-iberia.com\/en\/pietro-fiorentini-iberia\/\",\"url\":\"https:\/\/www.fiorentini-iberia.com\/en\/pietro-fiorentini-iberia\/\",\"name\":\"Pietro Fiorentini Iberia - Direct presence in Spain and Portugal\",\"isPartOf\":{\"@id\":\"https:\/\/www.fiorentini-iberia.com\/en\/#website\"},\"primaryImageOfPage\":{\"@id\":\"https:\/\/www.fiorentini-iberia.com\/en\/pietro-fiorentini-iberia\/#primaryimage\"},\"image\":{\"@id\":\"https:\/\/www.fiorentini-iberia.com\/en\/pietro-fiorentini-iberia\/#primaryimage\"},\"thumbnailUrl\":\"https:\/\/www.fiorentini-iberia.com\/wp-content\/uploads\/2022\/11\/01-PFI-capcalera-1.jpg\",\"datePublished\":\"2022-05-02T07:56:06+00:00\",\"dateModified\":\"2025-09-18T12:15:13+00:00\",\"description\":\"We supply equipment and solutions for natural gas, biogas, water supply networks and hydrogen at all pressure levels.\",\"breadcrumb\":{\"@id\":\"https:\/\/www.fiorentini-iberia.com\/en\/pietro-fiorentini-iberia\/#breadcrumb\"},\"inLanguage\":\"en-US\",\"potentialAction\":[{\"@type\":\"ReadAction\",\"target\":[\"https:\/\/www.fiorentini-iberia.com\/en\/pietro-fiorentini-iberia\/\"]}]},{\"@type\":\"ImageObject\",\"inLanguage\":\"en-US\",\"@id\":\"https:\/\/www.fiorentini-iberia.com\/en\/pietro-fiorentini-iberia\/#primaryimage\",\"url\":\"https:\/\/www.fiorentini-iberia.com\/wp-content\/uploads\/2022\/11\/01-PFI-capcalera-1.jpg\",\"contentUrl\":\"https:\/\/www.fiorentini-iberia.com\/wp-content\/uploads\/2022\/11\/01-PFI-capcalera-1.jpg\",\"width\":1920,\"height\":1440,\"caption\":\"Fachada Pietro Fiorentini Iberia\"},{\"@type\":\"BreadcrumbList\",\"@id\":\"https:\/\/www.fiorentini-iberia.com\/en\/pietro-fiorentini-iberia\/#breadcrumb\",\"itemListElement\":[{\"@type\":\"ListItem\",\"position\":1,\"name\":\"Home\",\"item\":\"https:\/\/www.fiorentini-iberia.com\/en\/\"},{\"@type\":\"ListItem\",\"position\":2,\"name\":\"Pietro Fiorentini Iberia\"}]},{\"@type\":\"WebSite\",\"@id\":\"https:\/\/www.fiorentini-iberia.com\/en\/#website\",\"url\":\"https:\/\/www.fiorentini-iberia.com\/en\/\",\"name\":\"Pietro Fiorentini Iberia\",\"description\":\"Pietro Fiorentini dise\u00f1a y fabrica componentes, sistemas y servicios para la regulaci\u00f3n, medici\u00f3n, gesti\u00f3n del petr\u00f3leo y el gas natural.\",\"publisher\":{\"@id\":\"https:\/\/www.fiorentini-iberia.com\/en\/#organization\"},\"potentialAction\":[{\"@type\":\"SearchAction\",\"target\":{\"@type\":\"EntryPoint\",\"urlTemplate\":\"https:\/\/www.fiorentini-iberia.com\/en\/?s={search_term_string}\"},\"query-input\":{\"@type\":\"PropertyValueSpecification\",\"valueRequired\":true,\"valueName\":\"search_term_string\"}}],\"inLanguage\":\"en-US\"},{\"@type\":\"Organization\",\"@id\":\"https:\/\/www.fiorentini-iberia.com\/en\/#organization\",\"name\":\"Pietro Fiorentini Iberia\",\"url\":\"https:\/\/www.fiorentini-iberia.com\/en\/\",\"logo\":{\"@type\":\"ImageObject\",\"inLanguage\":\"en-US\",\"@id\":\"https:\/\/www.fiorentini-iberia.com\/en\/#\/schema\/logo\/image\/\",\"url\":\"https:\/\/www.fiorentini-iberia.com\/wp-content\/uploads\/2020\/11\/logo.svg\",\"contentUrl\":\"https:\/\/www.fiorentini-iberia.com\/wp-content\/uploads\/2020\/11\/logo.svg\",\"width\":227,\"height\":59,\"caption\":\"Pietro Fiorentini Iberia\"},\"image\":{\"@id\":\"https:\/\/www.fiorentini-iberia.com\/en\/#\/schema\/logo\/image\/\"},\"sameAs\":[\"https:\/\/x.com\/FiorentiniSpa\",\"https:\/\/www.linkedin.com\/company\/pietro-fiorentini-iberia\/\"]}]}<\/script>\n<!-- \/ Yoast SEO plugin. -->","yoast_head_json":{"title":"Pietro Fiorentini Iberia - Direct presence in Spain and Portugal","description":"We supply equipment and solutions for natural gas, biogas, water supply networks and hydrogen at all pressure levels.","robots":{"index":"index","follow":"follow","max-snippet":"max-snippet:-1","max-image-preview":"max-image-preview:large","max-video-preview":"max-video-preview:-1"},"canonical":"https:\/\/www.fiorentini-iberia.com\/en\/pietro-fiorentini-iberia\/","og_locale":"en_US","og_type":"article","og_title":"Pietro Fiorentini Iberia - Direct presence in Spain and Portugal","og_description":"We supply equipment and solutions for natural gas, biogas, water supply networks and hydrogen at all pressure levels.","og_url":"https:\/\/www.fiorentini-iberia.com\/en\/pietro-fiorentini-iberia\/","og_site_name":"Pietro Fiorentini","article_modified_time":"2025-09-18T12:15:13+00:00","og_image":[{"width":1920,"height":1440,"url":"https:\/\/www.fiorentini-iberia.com\/wp-content\/uploads\/2022\/11\/01-PFI-capcalera-1.jpg","type":"image\/jpeg"}],"twitter_card":"summary_large_image","twitter_site":"@FiorentiniSpa","twitter_misc":{"Est. reading time":"3 minutes"},"schema":{"@context":"https:\/\/schema.org","@graph":[{"@type":"WebPage","@id":"https:\/\/www.fiorentini-iberia.com\/en\/pietro-fiorentini-iberia\/","url":"https:\/\/www.fiorentini-iberia.com\/en\/pietro-fiorentini-iberia\/","name":"Pietro Fiorentini Iberia - Direct presence in Spain and Portugal","isPartOf":{"@id":"https:\/\/www.fiorentini-iberia.com\/en\/#website"},"primaryImageOfPage":{"@id":"https:\/\/www.fiorentini-iberia.com\/en\/pietro-fiorentini-iberia\/#primaryimage"},"image":{"@id":"https:\/\/www.fiorentini-iberia.com\/en\/pietro-fiorentini-iberia\/#primaryimage"},"thumbnailUrl":"https:\/\/www.fiorentini-iberia.com\/wp-content\/uploads\/2022\/11\/01-PFI-capcalera-1.jpg","datePublished":"2022-05-02T07:56:06+00:00","dateModified":"2025-09-18T12:15:13+00:00","description":"We supply equipment and solutions for natural gas, biogas, water supply networks and hydrogen at all pressure levels.","breadcrumb":{"@id":"https:\/\/www.fiorentini-iberia.com\/en\/pietro-fiorentini-iberia\/#breadcrumb"},"inLanguage":"en-US","potentialAction":[{"@type":"ReadAction","target":["https:\/\/www.fiorentini-iberia.com\/en\/pietro-fiorentini-iberia\/"]}]},{"@type":"ImageObject","inLanguage":"en-US","@id":"https:\/\/www.fiorentini-iberia.com\/en\/pietro-fiorentini-iberia\/#primaryimage","url":"https:\/\/www.fiorentini-iberia.com\/wp-content\/uploads\/2022\/11\/01-PFI-capcalera-1.jpg","contentUrl":"https:\/\/www.fiorentini-iberia.com\/wp-content\/uploads\/2022\/11\/01-PFI-capcalera-1.jpg","width":1920,"height":1440,"caption":"Fachada Pietro Fiorentini Iberia"},{"@type":"BreadcrumbList","@id":"https:\/\/www.fiorentini-iberia.com\/en\/pietro-fiorentini-iberia\/#breadcrumb","itemListElement":[{"@type":"ListItem","position":1,"name":"Home","item":"https:\/\/www.fiorentini-iberia.com\/en\/"},{"@type":"ListItem","position":2,"name":"Pietro Fiorentini Iberia"}]},{"@type":"WebSite","@id":"https:\/\/www.fiorentini-iberia.com\/en\/#website","url":"https:\/\/www.fiorentini-iberia.com\/en\/","name":"Pietro Fiorentini Iberia","description":"Pietro Fiorentini dise\u00f1a y fabrica componentes, sistemas y servicios para la regulaci\u00f3n, medici\u00f3n, gesti\u00f3n del petr\u00f3leo y el gas natural.","publisher":{"@id":"https:\/\/www.fiorentini-iberia.com\/en\/#organization"},"potentialAction":[{"@type":"SearchAction","target":{"@type":"EntryPoint","urlTemplate":"https:\/\/www.fiorentini-iberia.com\/en\/?s={search_term_string}"},"query-input":{"@type":"PropertyValueSpecification","valueRequired":true,"valueName":"search_term_string"}}],"inLanguage":"en-US"},{"@type":"Organization","@id":"https:\/\/www.fiorentini-iberia.com\/en\/#organization","name":"Pietro Fiorentini Iberia","url":"https:\/\/www.fiorentini-iberia.com\/en\/","logo":{"@type":"ImageObject","inLanguage":"en-US","@id":"https:\/\/www.fiorentini-iberia.com\/en\/#\/schema\/logo\/image\/","url":"https:\/\/www.fiorentini-iberia.com\/wp-content\/uploads\/2020\/11\/logo.svg","contentUrl":"https:\/\/www.fiorentini-iberia.com\/wp-content\/uploads\/2020\/11\/logo.svg","width":227,"height":59,"caption":"Pietro Fiorentini Iberia"},"image":{"@id":"https:\/\/www.fiorentini-iberia.com\/en\/#\/schema\/logo\/image\/"},"sameAs":["https:\/\/x.com\/FiorentiniSpa","https:\/\/www.linkedin.com\/company\/pietro-fiorentini-iberia\/"]}]}},"_links":{"self":[{"href":"https:\/\/www.fiorentini-iberia.com\/en\/wp-json\/wp\/v2\/pages\/18877","targetHints":{"allow":["GET"]}}],"collection":[{"href":"https:\/\/www.fiorentini-iberia.com\/en\/wp-json\/wp\/v2\/pages"}],"about":[{"href":"https:\/\/www.fiorentini-iberia.com\/en\/wp-json\/wp\/v2\/types\/page"}],"author":[{"embeddable":true,"href":"https:\/\/www.fiorentini-iberia.com\/en\/wp-json\/wp\/v2\/users\/15"}],"replies":[{"embeddable":true,"href":"https:\/\/www.fiorentini-iberia.com\/en\/wp-json\/wp\/v2\/comments?post=18877"}],"version-history":[{"count":3,"href":"https:\/\/www.fiorentini-iberia.com\/en\/wp-json\/wp\/v2\/pages\/18877\/revisions"}],"predecessor-version":[{"id":61860,"href":"https:\/\/www.fiorentini-iberia.com\/en\/wp-json\/wp\/v2\/pages\/18877\/revisions\/61860"}],"wp:featuredmedia":[{"embeddable":true,"href":"https:\/\/www.fiorentini-iberia.com\/en\/wp-json\/wp\/v2\/media\/22104"}],"wp:attachment":[{"href":"https:\/\/www.fiorentini-iberia.com\/en\/wp-json\/wp\/v2\/media?parent=18877"}],"curies":[{"name":"wp","href":"https:\/\/api.w.org\/{rel}","templated":true}]}}