{"id":29206,"date":"2023-12-11T10:24:25","date_gmt":"2023-12-11T09:24:25","guid":{"rendered":"https:\/\/www.fiorentini-iberia.com\/?page_id=29206"},"modified":"2024-06-25T19:00:51","modified_gmt":"2024-06-25T17:00:51","slug":"hydrogen","status":"publish","type":"page","link":"https:\/\/www.fiorentini-iberia.com\/en\/expertise\/hydrogen\/","title":{"rendered":"Hydrogen"},"content":{"rendered":"\n<h2 class=\"wp-block-heading\"><strong>The perfect ally for sustainable energy<\/strong><\/h2>\n\n\n\n<p>Hydrogen is an element that can currently only be injected into the pipeline network and mixed with natural gas up to certain percentages. Our commitment is to <strong>create systems and devices that increase this mixing percentage<\/strong>, a technological challenge that will open up incredible opportunities for the development of more sustainable energy.<\/p>\n\n\n\n<p>Following this roadmap, <strong>Pietro Fiorentini<\/strong> has launched a wide range of <strong><a href=\"https:\/\/www.fiorentini-iberia.com\/en\/category\/solutions\/products\/100-hydrogen-products\/\">100% hydrogen products<\/a><\/strong>, both for <strong>valves<\/strong>, <strong>meters<\/strong>, <strong>regulators<\/strong> and <strong>electrolysers<\/strong>.<\/p>\n\n\n\n<p>In this respect, the&nbsp;<strong><a href=\"https:\/\/www.fiorentini-iberia.com\/en\/solutions\/products\/100-hydrogen-products\/electrolysers\/hyter-hydrogen-electrolyser\/\">hydrogen electrolyser of Hyter<\/a><\/strong>, a company part of the <strong><a href=\"https:\/\/www.fiorentini-iberia.com\/en\/pietro-fiorentini-group\/pf-group-companies-and-brands\/#hyter\">Pietro Fiorentini Group<\/a><\/strong>, uses the advanced&nbsp;<strong>AEMWE technology<\/strong>&nbsp;(Anion Exchange Membrane Water Electrolysis) to produce high-purity hydrogen in a sustainable way.<\/p>\n\n\n\n<p>On the other hand, the need of a large scale use of hydrogen inspired us to develop new\u00a0<strong><a href=\"https:\/\/www.fiorentini-iberia.com\/en\/solutions\/systems\/renewables-energies\/hydrogen-blending-stations\/\">hydrogen blending stations<\/a><\/strong>. Designed to be easily adaptable <strong>from low pressure districts to high pressure transportation networks and industrial applications<\/strong>.<\/p>\n","protected":false},"excerpt":{"rendered":"<p>Hydrogen combustion does not release carbon dioxide, but rather steam, and it is easier to transport and store than electricity. This makes hydrogen the ideal ally for renewable energy production.<br \/>\n\u00a0<br \/>\nToday, hydrogen can only be injected into the pipeline network and blended with natural gas up to certain percentages: we are commited to creating systems and devices that can overcome this limit.<\/p>\n","protected":false},"author":15,"featured_media":10677,"parent":29201,"menu_order":0,"comment_status":"closed","ping_status":"closed","template":"template-expertise-child.php","meta":{"_acf_changed":false,"inline_featured_image":false,"footnotes":""},"class_list":["post-29206","page","type-page","status-publish","has-post-thumbnail","hentry"],"acf":[],"yoast_head":"<!-- This site is optimized with the Yoast SEO plugin v27.2 - https:\/\/yoast.com\/product\/yoast-seo-wordpress\/ -->\n<title>Hydrogen - Pietro Fiorentini<\/title>\n<meta name=\"description\" content=\"Hydrogen was the first element to form following the Big Bang and alone makes up almost 90% of the universe\u2019s mass.\" \/>\n<meta name=\"robots\" content=\"index, follow, max-snippet:-1, max-image-preview:large, max-video-preview:-1\" \/>\n<link rel=\"canonical\" href=\"https:\/\/www.fiorentini-iberia.com\/en\/expertise\/hydrogen\/\" \/>\n<meta property=\"og:locale\" content=\"en_US\" \/>\n<meta property=\"og:type\" content=\"article\" \/>\n<meta property=\"og:title\" content=\"Hydrogen - Pietro Fiorentini\" \/>\n<meta property=\"og:description\" content=\"Hydrogen was the first element to form following the Big Bang and alone makes up almost 90% of the universe\u2019s mass.\" \/>\n<meta property=\"og:url\" content=\"https:\/\/www.fiorentini-iberia.com\/en\/expertise\/hydrogen\/\" \/>\n<meta property=\"og:site_name\" content=\"Pietro Fiorentini\" \/>\n<meta property=\"article:modified_time\" content=\"2024-06-25T17:00:51+00:00\" \/>\n<meta property=\"og:image\" content=\"https:\/\/www.fiorentini-iberia.com\/wp-content\/uploads\/2021\/03\/03_expertise_hydrogen.jpeg\" \/>\n\t<meta property=\"og:image:width\" content=\"991\" \/>\n\t<meta property=\"og:image:height\" content=\"991\" \/>\n\t<meta property=\"og:image:type\" content=\"image\/jpeg\" \/>\n<meta name=\"twitter:card\" content=\"summary_large_image\" \/>\n<meta name=\"twitter:site\" content=\"@FiorentiniSpa\" \/>\n<meta name=\"twitter:label1\" content=\"Est. reading time\" \/>\n\t<meta name=\"twitter:data1\" content=\"1 minute\" \/>\n<script type=\"application\/ld+json\" class=\"yoast-schema-graph\">{\"@context\":\"https:\/\/schema.org\",\"@graph\":[{\"@type\":\"WebPage\",\"@id\":\"https:\/\/www.fiorentini-iberia.com\/en\/expertise\/hydrogen\/\",\"url\":\"https:\/\/www.fiorentini-iberia.com\/en\/expertise\/hydrogen\/\",\"name\":\"Hydrogen - Pietro Fiorentini\",\"isPartOf\":{\"@id\":\"https:\/\/www.fiorentini-iberia.com\/en\/#website\"},\"primaryImageOfPage\":{\"@id\":\"https:\/\/www.fiorentini-iberia.com\/en\/expertise\/hydrogen\/#primaryimage\"},\"image\":{\"@id\":\"https:\/\/www.fiorentini-iberia.com\/en\/expertise\/hydrogen\/#primaryimage\"},\"thumbnailUrl\":\"https:\/\/www.fiorentini-iberia.com\/wp-content\/uploads\/2021\/03\/03_expertise_hydrogen.jpeg\",\"datePublished\":\"2023-12-11T09:24:25+00:00\",\"dateModified\":\"2024-06-25T17:00:51+00:00\",\"description\":\"Hydrogen was the first element to form following the Big Bang and alone makes up almost 90% of the universe\u2019s mass.\",\"breadcrumb\":{\"@id\":\"https:\/\/www.fiorentini-iberia.com\/en\/expertise\/hydrogen\/#breadcrumb\"},\"inLanguage\":\"en-US\",\"potentialAction\":[{\"@type\":\"ReadAction\",\"target\":[\"https:\/\/www.fiorentini-iberia.com\/en\/expertise\/hydrogen\/\"]}]},{\"@type\":\"ImageObject\",\"inLanguage\":\"en-US\",\"@id\":\"https:\/\/www.fiorentini-iberia.com\/en\/expertise\/hydrogen\/#primaryimage\",\"url\":\"https:\/\/www.fiorentini-iberia.com\/wp-content\/uploads\/2021\/03\/03_expertise_hydrogen.jpeg\",\"contentUrl\":\"https:\/\/www.fiorentini-iberia.com\/wp-content\/uploads\/2021\/03\/03_expertise_hydrogen.jpeg\",\"width\":991,\"height\":991,\"caption\":\"Hydrogen is the future of energy\"},{\"@type\":\"BreadcrumbList\",\"@id\":\"https:\/\/www.fiorentini-iberia.com\/en\/expertise\/hydrogen\/#breadcrumb\",\"itemListElement\":[{\"@type\":\"ListItem\",\"position\":1,\"name\":\"Home\",\"item\":\"https:\/\/www.fiorentini-iberia.com\/en\/\"},{\"@type\":\"ListItem\",\"position\":2,\"name\":\"Expertise\",\"item\":\"https:\/\/www.fiorentini-iberia.com\/en\/expertise\/\"},{\"@type\":\"ListItem\",\"position\":3,\"name\":\"Hydrogen\"}]},{\"@type\":\"WebSite\",\"@id\":\"https:\/\/www.fiorentini-iberia.com\/en\/#website\",\"url\":\"https:\/\/www.fiorentini-iberia.com\/en\/\",\"name\":\"Pietro Fiorentini Iberia\",\"description\":\"Pietro Fiorentini dise\u00f1a y fabrica componentes, sistemas y servicios para la regulaci\u00f3n, medici\u00f3n, gesti\u00f3n del petr\u00f3leo y el gas natural.\",\"publisher\":{\"@id\":\"https:\/\/www.fiorentini-iberia.com\/en\/#organization\"},\"potentialAction\":[{\"@type\":\"SearchAction\",\"target\":{\"@type\":\"EntryPoint\",\"urlTemplate\":\"https:\/\/www.fiorentini-iberia.com\/en\/?s={search_term_string}\"},\"query-input\":{\"@type\":\"PropertyValueSpecification\",\"valueRequired\":true,\"valueName\":\"search_term_string\"}}],\"inLanguage\":\"en-US\"},{\"@type\":\"Organization\",\"@id\":\"https:\/\/www.fiorentini-iberia.com\/en\/#organization\",\"name\":\"Pietro Fiorentini Iberia\",\"url\":\"https:\/\/www.fiorentini-iberia.com\/en\/\",\"logo\":{\"@type\":\"ImageObject\",\"inLanguage\":\"en-US\",\"@id\":\"https:\/\/www.fiorentini-iberia.com\/en\/#\/schema\/logo\/image\/\",\"url\":\"https:\/\/www.fiorentini-iberia.com\/wp-content\/uploads\/2020\/11\/logo.svg\",\"contentUrl\":\"https:\/\/www.fiorentini-iberia.com\/wp-content\/uploads\/2020\/11\/logo.svg\",\"width\":227,\"height\":59,\"caption\":\"Pietro Fiorentini Iberia\"},\"image\":{\"@id\":\"https:\/\/www.fiorentini-iberia.com\/en\/#\/schema\/logo\/image\/\"},\"sameAs\":[\"https:\/\/x.com\/FiorentiniSpa\",\"https:\/\/www.linkedin.com\/company\/pietro-fiorentini-iberia\/\"]}]}<\/script>\n<!-- \/ Yoast SEO plugin. -->","yoast_head_json":{"title":"Hydrogen - Pietro Fiorentini","description":"Hydrogen was the first element to form following the Big Bang and alone makes up almost 90% of the universe\u2019s mass.","robots":{"index":"index","follow":"follow","max-snippet":"max-snippet:-1","max-image-preview":"max-image-preview:large","max-video-preview":"max-video-preview:-1"},"canonical":"https:\/\/www.fiorentini-iberia.com\/en\/expertise\/hydrogen\/","og_locale":"en_US","og_type":"article","og_title":"Hydrogen - Pietro Fiorentini","og_description":"Hydrogen was the first element to form following the Big Bang and alone makes up almost 90% of the universe\u2019s mass.","og_url":"https:\/\/www.fiorentini-iberia.com\/en\/expertise\/hydrogen\/","og_site_name":"Pietro Fiorentini","article_modified_time":"2024-06-25T17:00:51+00:00","og_image":[{"width":991,"height":991,"url":"https:\/\/www.fiorentini-iberia.com\/wp-content\/uploads\/2021\/03\/03_expertise_hydrogen.jpeg","type":"image\/jpeg"}],"twitter_card":"summary_large_image","twitter_site":"@FiorentiniSpa","twitter_misc":{"Est. reading time":"1 minute"},"schema":{"@context":"https:\/\/schema.org","@graph":[{"@type":"WebPage","@id":"https:\/\/www.fiorentini-iberia.com\/en\/expertise\/hydrogen\/","url":"https:\/\/www.fiorentini-iberia.com\/en\/expertise\/hydrogen\/","name":"Hydrogen - Pietro Fiorentini","isPartOf":{"@id":"https:\/\/www.fiorentini-iberia.com\/en\/#website"},"primaryImageOfPage":{"@id":"https:\/\/www.fiorentini-iberia.com\/en\/expertise\/hydrogen\/#primaryimage"},"image":{"@id":"https:\/\/www.fiorentini-iberia.com\/en\/expertise\/hydrogen\/#primaryimage"},"thumbnailUrl":"https:\/\/www.fiorentini-iberia.com\/wp-content\/uploads\/2021\/03\/03_expertise_hydrogen.jpeg","datePublished":"2023-12-11T09:24:25+00:00","dateModified":"2024-06-25T17:00:51+00:00","description":"Hydrogen was the first element to form following the Big Bang and alone makes up almost 90% of the universe\u2019s mass.","breadcrumb":{"@id":"https:\/\/www.fiorentini-iberia.com\/en\/expertise\/hydrogen\/#breadcrumb"},"inLanguage":"en-US","potentialAction":[{"@type":"ReadAction","target":["https:\/\/www.fiorentini-iberia.com\/en\/expertise\/hydrogen\/"]}]},{"@type":"ImageObject","inLanguage":"en-US","@id":"https:\/\/www.fiorentini-iberia.com\/en\/expertise\/hydrogen\/#primaryimage","url":"https:\/\/www.fiorentini-iberia.com\/wp-content\/uploads\/2021\/03\/03_expertise_hydrogen.jpeg","contentUrl":"https:\/\/www.fiorentini-iberia.com\/wp-content\/uploads\/2021\/03\/03_expertise_hydrogen.jpeg","width":991,"height":991,"caption":"Hydrogen is the future of energy"},{"@type":"BreadcrumbList","@id":"https:\/\/www.fiorentini-iberia.com\/en\/expertise\/hydrogen\/#breadcrumb","itemListElement":[{"@type":"ListItem","position":1,"name":"Home","item":"https:\/\/www.fiorentini-iberia.com\/en\/"},{"@type":"ListItem","position":2,"name":"Expertise","item":"https:\/\/www.fiorentini-iberia.com\/en\/expertise\/"},{"@type":"ListItem","position":3,"name":"Hydrogen"}]},{"@type":"WebSite","@id":"https:\/\/www.fiorentini-iberia.com\/en\/#website","url":"https:\/\/www.fiorentini-iberia.com\/en\/","name":"Pietro Fiorentini Iberia","description":"Pietro Fiorentini dise\u00f1a y fabrica componentes, sistemas y servicios para la regulaci\u00f3n, medici\u00f3n, gesti\u00f3n del petr\u00f3leo y el gas natural.","publisher":{"@id":"https:\/\/www.fiorentini-iberia.com\/en\/#organization"},"potentialAction":[{"@type":"SearchAction","target":{"@type":"EntryPoint","urlTemplate":"https:\/\/www.fiorentini-iberia.com\/en\/?s={search_term_string}"},"query-input":{"@type":"PropertyValueSpecification","valueRequired":true,"valueName":"search_term_string"}}],"inLanguage":"en-US"},{"@type":"Organization","@id":"https:\/\/www.fiorentini-iberia.com\/en\/#organization","name":"Pietro Fiorentini Iberia","url":"https:\/\/www.fiorentini-iberia.com\/en\/","logo":{"@type":"ImageObject","inLanguage":"en-US","@id":"https:\/\/www.fiorentini-iberia.com\/en\/#\/schema\/logo\/image\/","url":"https:\/\/www.fiorentini-iberia.com\/wp-content\/uploads\/2020\/11\/logo.svg","contentUrl":"https:\/\/www.fiorentini-iberia.com\/wp-content\/uploads\/2020\/11\/logo.svg","width":227,"height":59,"caption":"Pietro Fiorentini Iberia"},"image":{"@id":"https:\/\/www.fiorentini-iberia.com\/en\/#\/schema\/logo\/image\/"},"sameAs":["https:\/\/x.com\/FiorentiniSpa","https:\/\/www.linkedin.com\/company\/pietro-fiorentini-iberia\/"]}]}},"_links":{"self":[{"href":"https:\/\/www.fiorentini-iberia.com\/en\/wp-json\/wp\/v2\/pages\/29206","targetHints":{"allow":["GET"]}}],"collection":[{"href":"https:\/\/www.fiorentini-iberia.com\/en\/wp-json\/wp\/v2\/pages"}],"about":[{"href":"https:\/\/www.fiorentini-iberia.com\/en\/wp-json\/wp\/v2\/types\/page"}],"author":[{"embeddable":true,"href":"https:\/\/www.fiorentini-iberia.com\/en\/wp-json\/wp\/v2\/users\/15"}],"replies":[{"embeddable":true,"href":"https:\/\/www.fiorentini-iberia.com\/en\/wp-json\/wp\/v2\/comments?post=29206"}],"version-history":[{"count":3,"href":"https:\/\/www.fiorentini-iberia.com\/en\/wp-json\/wp\/v2\/pages\/29206\/revisions"}],"predecessor-version":[{"id":55186,"href":"https:\/\/www.fiorentini-iberia.com\/en\/wp-json\/wp\/v2\/pages\/29206\/revisions\/55186"}],"up":[{"embeddable":true,"href":"https:\/\/www.fiorentini-iberia.com\/en\/wp-json\/wp\/v2\/pages\/29201"}],"wp:featuredmedia":[{"embeddable":true,"href":"https:\/\/www.fiorentini-iberia.com\/en\/wp-json\/wp\/v2\/media\/10677"}],"wp:attachment":[{"href":"https:\/\/www.fiorentini-iberia.com\/en\/wp-json\/wp\/v2\/media?parent=29206"}],"curies":[{"name":"wp","href":"https:\/\/api.w.org\/{rel}","templated":true}]}}