{"id":29215,"date":"2023-12-11T10:28:01","date_gmt":"2023-12-11T09:28:01","guid":{"rendered":"https:\/\/www.fiorentini-iberia.com\/?page_id=29215"},"modified":"2024-09-30T14:06:03","modified_gmt":"2024-09-30T12:06:03","slug":"smart-gas-grids","status":"publish","type":"page","link":"https:\/\/www.fiorentini-iberia.com\/en\/expertise\/smart-gas-grids\/","title":{"rendered":"Gas smart grids"},"content":{"rendered":"\n<h2 class=\"wp-block-heading\"><strong>Self-regulating grids<\/strong><\/h2>\n\n\n\n<p><strong>Active systems<\/strong> that integrate different types of energy and <strong>make decisions autonomously<\/strong> to optimise energy distribution. Smart Grids are an ambitious project thanks to which, in the very near future, energy will be distributed through networks capable of <strong>instantly managing and regulating multiple, discontinuous, and bidirectional flows<\/strong>.<br>&nbsp;<\/p>\n\n\n\n<figure class=\"wp-block-image size-full is-resized\"><a href=\"https:\/\/www.fiorentini-iberia.com\/en\/pietro-fiorentini-group\/pf-group-companies-and-brands\/#terranova\"><img loading=\"lazy\" decoding=\"async\" width=\"391\" height=\"60\" src=\"https:\/\/www.fiorentini-iberia.com\/wp-content\/uploads\/2021\/07\/Terranova-Logo-60px.png\" alt=\"\" class=\"wp-image-16336\" style=\"width:302px;height:auto\" srcset=\"https:\/\/www.fiorentini-iberia.com\/wp-content\/uploads\/2021\/07\/Terranova-Logo-60px.png 391w, https:\/\/www.fiorentini-iberia.com\/wp-content\/uploads\/2021\/07\/Terranova-Logo-60px-300x46.png 300w\" sizes=\"auto, (max-width: 391px) 100vw, 391px\" \/><\/a><\/figure>\n\n\n\n<p><strong><a href=\"https:\/\/www.fiorentini-iberia.com\/en\/pietro-fiorentini-group\/pf-group-companies-and-brands\/#terranova\">TERRANOVA<\/a><\/strong>, a <a href=\"https:\/\/www.fiorentini-iberia.com\/en\/pietro-fiorentini-group\/pf-group-companies-and-brands\/\"><strong>Pietro Fiorentini Group<\/strong><\/a> company, leader in the development of software for smart metering, operations and smart grid management, offers a wide range of software studied ad hoc to respond to the complex, utility sector needs.<br>&nbsp;<\/p>\n\n\n\n<figure class=\"wp-block-image size-large is-resized\"><img loading=\"lazy\" decoding=\"async\" width=\"1024\" height=\"324\" src=\"https:\/\/www.fiorentini-iberia.com\/wp-content\/uploads\/2024\/02\/1213_t_tamm-logo-1024x324.png\" alt=\"\" class=\"wp-image-49464\" style=\"width:311px;height:auto\" srcset=\"https:\/\/www.fiorentini-iberia.com\/wp-content\/uploads\/2024\/02\/1213_t_tamm-logo-1024x324.png 1024w, https:\/\/www.fiorentini-iberia.com\/wp-content\/uploads\/2024\/02\/1213_t_tamm-logo-300x95.png 300w, https:\/\/www.fiorentini-iberia.com\/wp-content\/uploads\/2024\/02\/1213_t_tamm-logo-768x243.png 768w, https:\/\/www.fiorentini-iberia.com\/wp-content\/uploads\/2024\/02\/1213_t_tamm-logo.png 1258w\" sizes=\"auto, (max-width: 1024px) 100vw, 1024px\" \/><\/figure>\n\n\n\n<p><strong>TAMM<\/strong> is a multiservice software system designed to automate the processes of<strong> remote metering<\/strong> and <strong>remote management<\/strong> of Gas, Electricity and Water meters in a <strong>smart metering<\/strong> scenario. The <strong>TAMM<\/strong> application was designed to support Distribution Companies in managing the processes involved in remote metering and remote management of metering groups for the supplied utilities, in compliance with established functional, efficiency and security standards in different application scenarios: <strong>Industrial, Commercial and Residencial<\/strong>.<\/p>\n\n\n\n<p>All of this is integrated with<strong> Narrow Band Internet of Things technology (NBIoT)<\/strong>, the most promising communication technology for utility metering.<br>\u00a0<\/p>\n\n\n\n<div class=\"wp-block-buttons is-layout-flex wp-block-buttons-is-layout-flex\">\n<div class=\"wp-block-button has-custom-font-size is-style-fill\" style=\"font-size:18px\"><a class=\"wp-block-button__link has-background wp-element-button\" href=\"https:\/\/www.fiorentini-iberia.com\/wp-content\/uploads\/2024\/02\/terranova-tamm-smart-metering-pdf.pdf\" style=\"border-radius:0px;background-color:#199782\" target=\"_blank\" rel=\"noreferrer noopener\"><strong>\u2013 TAMM Presentation<\/strong><\/a><\/div>\n<\/div>\n\n\n\n<p>&nbsp;<br>For more information:&nbsp;<a href=\"https:\/\/www.terranovasoftware.eu\/en\" target=\"_blank\" rel=\"noreferrer noopener\"><strong>terranovasoftware.eu<\/strong><\/a><\/p>\n","protected":false},"excerpt":{"rendered":"<p>Smart Grids, which integrate different types of energy and make autonomous decisions to optimise energy distribution, are an ambitious project that will, in the very near future, manage energy through networks capable of instantaneously regulating multiple, discontinuous and bidirectional flows.<\/p>\n","protected":false},"author":15,"featured_media":21412,"parent":29201,"menu_order":5,"comment_status":"closed","ping_status":"closed","template":"template-expertise-child.php","meta":{"_acf_changed":false,"inline_featured_image":false,"footnotes":""},"class_list":["post-29215","page","type-page","status-publish","has-post-thumbnail","hentry"],"acf":[],"yoast_head":"<!-- This site is optimized with the Yoast SEO plugin v27.2 - https:\/\/yoast.com\/product\/yoast-seo-wordpress\/ -->\n<title>Gas smart grids - Pietro Fiorentini<\/title>\n<meta name=\"description\" content=\"Active systems that integrate different types of energy and make decisions autonomously to optimise energy distribution.\" \/>\n<meta name=\"robots\" content=\"index, follow, max-snippet:-1, max-image-preview:large, max-video-preview:-1\" \/>\n<link rel=\"canonical\" href=\"https:\/\/www.fiorentini-iberia.com\/en\/expertise\/smart-gas-grids\/\" \/>\n<meta property=\"og:locale\" content=\"en_US\" \/>\n<meta property=\"og:type\" content=\"article\" \/>\n<meta property=\"og:title\" content=\"Gas smart grids - Pietro Fiorentini\" \/>\n<meta property=\"og:description\" content=\"Active systems that integrate different types of energy and make decisions autonomously to optimise energy distribution.\" \/>\n<meta property=\"og:url\" content=\"https:\/\/www.fiorentini-iberia.com\/en\/expertise\/smart-gas-grids\/\" \/>\n<meta property=\"og:site_name\" content=\"Pietro Fiorentini\" \/>\n<meta property=\"article:modified_time\" content=\"2024-09-30T12:06:03+00:00\" \/>\n<meta property=\"og:image\" content=\"https:\/\/www.fiorentini-iberia.com\/wp-content\/uploads\/2022\/09\/02_expertise_smartgrids.jpeg\" \/>\n\t<meta property=\"og:image:width\" content=\"991\" \/>\n\t<meta property=\"og:image:height\" content=\"991\" \/>\n\t<meta property=\"og:image:type\" content=\"image\/jpeg\" \/>\n<meta name=\"twitter:card\" content=\"summary_large_image\" \/>\n<meta name=\"twitter:site\" content=\"@FiorentiniSpa\" \/>\n<meta name=\"twitter:label1\" content=\"Est. reading time\" \/>\n\t<meta name=\"twitter:data1\" content=\"1 minute\" \/>\n<script type=\"application\/ld+json\" class=\"yoast-schema-graph\">{\"@context\":\"https:\/\/schema.org\",\"@graph\":[{\"@type\":\"WebPage\",\"@id\":\"https:\/\/www.fiorentini-iberia.com\/en\/expertise\/smart-gas-grids\/\",\"url\":\"https:\/\/www.fiorentini-iberia.com\/en\/expertise\/smart-gas-grids\/\",\"name\":\"Gas smart grids - Pietro Fiorentini\",\"isPartOf\":{\"@id\":\"https:\/\/www.fiorentini-iberia.com\/en\/#website\"},\"primaryImageOfPage\":{\"@id\":\"https:\/\/www.fiorentini-iberia.com\/en\/expertise\/smart-gas-grids\/#primaryimage\"},\"image\":{\"@id\":\"https:\/\/www.fiorentini-iberia.com\/en\/expertise\/smart-gas-grids\/#primaryimage\"},\"thumbnailUrl\":\"https:\/\/www.fiorentini-iberia.com\/wp-content\/uploads\/2022\/09\/02_expertise_smartgrids.jpeg\",\"datePublished\":\"2023-12-11T09:28:01+00:00\",\"dateModified\":\"2024-09-30T12:06:03+00:00\",\"description\":\"Active systems that integrate different types of energy and make decisions autonomously to optimise energy distribution.\",\"breadcrumb\":{\"@id\":\"https:\/\/www.fiorentini-iberia.com\/en\/expertise\/smart-gas-grids\/#breadcrumb\"},\"inLanguage\":\"en-US\",\"potentialAction\":[{\"@type\":\"ReadAction\",\"target\":[\"https:\/\/www.fiorentini-iberia.com\/en\/expertise\/smart-gas-grids\/\"]}]},{\"@type\":\"ImageObject\",\"inLanguage\":\"en-US\",\"@id\":\"https:\/\/www.fiorentini-iberia.com\/en\/expertise\/smart-gas-grids\/#primaryimage\",\"url\":\"https:\/\/www.fiorentini-iberia.com\/wp-content\/uploads\/2022\/09\/02_expertise_smartgrids.jpeg\",\"contentUrl\":\"https:\/\/www.fiorentini-iberia.com\/wp-content\/uploads\/2022\/09\/02_expertise_smartgrids.jpeg\",\"width\":991,\"height\":991},{\"@type\":\"BreadcrumbList\",\"@id\":\"https:\/\/www.fiorentini-iberia.com\/en\/expertise\/smart-gas-grids\/#breadcrumb\",\"itemListElement\":[{\"@type\":\"ListItem\",\"position\":1,\"name\":\"Home\",\"item\":\"https:\/\/www.fiorentini-iberia.com\/en\/\"},{\"@type\":\"ListItem\",\"position\":2,\"name\":\"Expertise\",\"item\":\"https:\/\/www.fiorentini-iberia.com\/en\/expertise\/\"},{\"@type\":\"ListItem\",\"position\":3,\"name\":\"Gas smart grids\"}]},{\"@type\":\"WebSite\",\"@id\":\"https:\/\/www.fiorentini-iberia.com\/en\/#website\",\"url\":\"https:\/\/www.fiorentini-iberia.com\/en\/\",\"name\":\"Pietro Fiorentini Iberia\",\"description\":\"Pietro Fiorentini dise\u00f1a y fabrica componentes, sistemas y servicios para la regulaci\u00f3n, medici\u00f3n, gesti\u00f3n del petr\u00f3leo y el gas natural.\",\"publisher\":{\"@id\":\"https:\/\/www.fiorentini-iberia.com\/en\/#organization\"},\"potentialAction\":[{\"@type\":\"SearchAction\",\"target\":{\"@type\":\"EntryPoint\",\"urlTemplate\":\"https:\/\/www.fiorentini-iberia.com\/en\/?s={search_term_string}\"},\"query-input\":{\"@type\":\"PropertyValueSpecification\",\"valueRequired\":true,\"valueName\":\"search_term_string\"}}],\"inLanguage\":\"en-US\"},{\"@type\":\"Organization\",\"@id\":\"https:\/\/www.fiorentini-iberia.com\/en\/#organization\",\"name\":\"Pietro Fiorentini Iberia\",\"url\":\"https:\/\/www.fiorentini-iberia.com\/en\/\",\"logo\":{\"@type\":\"ImageObject\",\"inLanguage\":\"en-US\",\"@id\":\"https:\/\/www.fiorentini-iberia.com\/en\/#\/schema\/logo\/image\/\",\"url\":\"https:\/\/www.fiorentini-iberia.com\/wp-content\/uploads\/2020\/11\/logo.svg\",\"contentUrl\":\"https:\/\/www.fiorentini-iberia.com\/wp-content\/uploads\/2020\/11\/logo.svg\",\"width\":227,\"height\":59,\"caption\":\"Pietro Fiorentini Iberia\"},\"image\":{\"@id\":\"https:\/\/www.fiorentini-iberia.com\/en\/#\/schema\/logo\/image\/\"},\"sameAs\":[\"https:\/\/x.com\/FiorentiniSpa\",\"https:\/\/www.linkedin.com\/company\/pietro-fiorentini-iberia\/\"]}]}<\/script>\n<!-- \/ Yoast SEO plugin. -->","yoast_head_json":{"title":"Gas smart grids - Pietro Fiorentini","description":"Active systems that integrate different types of energy and make decisions autonomously to optimise energy distribution.","robots":{"index":"index","follow":"follow","max-snippet":"max-snippet:-1","max-image-preview":"max-image-preview:large","max-video-preview":"max-video-preview:-1"},"canonical":"https:\/\/www.fiorentini-iberia.com\/en\/expertise\/smart-gas-grids\/","og_locale":"en_US","og_type":"article","og_title":"Gas smart grids - Pietro Fiorentini","og_description":"Active systems that integrate different types of energy and make decisions autonomously to optimise energy distribution.","og_url":"https:\/\/www.fiorentini-iberia.com\/en\/expertise\/smart-gas-grids\/","og_site_name":"Pietro Fiorentini","article_modified_time":"2024-09-30T12:06:03+00:00","og_image":[{"width":991,"height":991,"url":"https:\/\/www.fiorentini-iberia.com\/wp-content\/uploads\/2022\/09\/02_expertise_smartgrids.jpeg","type":"image\/jpeg"}],"twitter_card":"summary_large_image","twitter_site":"@FiorentiniSpa","twitter_misc":{"Est. reading time":"1 minute"},"schema":{"@context":"https:\/\/schema.org","@graph":[{"@type":"WebPage","@id":"https:\/\/www.fiorentini-iberia.com\/en\/expertise\/smart-gas-grids\/","url":"https:\/\/www.fiorentini-iberia.com\/en\/expertise\/smart-gas-grids\/","name":"Gas smart grids - Pietro Fiorentini","isPartOf":{"@id":"https:\/\/www.fiorentini-iberia.com\/en\/#website"},"primaryImageOfPage":{"@id":"https:\/\/www.fiorentini-iberia.com\/en\/expertise\/smart-gas-grids\/#primaryimage"},"image":{"@id":"https:\/\/www.fiorentini-iberia.com\/en\/expertise\/smart-gas-grids\/#primaryimage"},"thumbnailUrl":"https:\/\/www.fiorentini-iberia.com\/wp-content\/uploads\/2022\/09\/02_expertise_smartgrids.jpeg","datePublished":"2023-12-11T09:28:01+00:00","dateModified":"2024-09-30T12:06:03+00:00","description":"Active systems that integrate different types of energy and make decisions autonomously to optimise energy distribution.","breadcrumb":{"@id":"https:\/\/www.fiorentini-iberia.com\/en\/expertise\/smart-gas-grids\/#breadcrumb"},"inLanguage":"en-US","potentialAction":[{"@type":"ReadAction","target":["https:\/\/www.fiorentini-iberia.com\/en\/expertise\/smart-gas-grids\/"]}]},{"@type":"ImageObject","inLanguage":"en-US","@id":"https:\/\/www.fiorentini-iberia.com\/en\/expertise\/smart-gas-grids\/#primaryimage","url":"https:\/\/www.fiorentini-iberia.com\/wp-content\/uploads\/2022\/09\/02_expertise_smartgrids.jpeg","contentUrl":"https:\/\/www.fiorentini-iberia.com\/wp-content\/uploads\/2022\/09\/02_expertise_smartgrids.jpeg","width":991,"height":991},{"@type":"BreadcrumbList","@id":"https:\/\/www.fiorentini-iberia.com\/en\/expertise\/smart-gas-grids\/#breadcrumb","itemListElement":[{"@type":"ListItem","position":1,"name":"Home","item":"https:\/\/www.fiorentini-iberia.com\/en\/"},{"@type":"ListItem","position":2,"name":"Expertise","item":"https:\/\/www.fiorentini-iberia.com\/en\/expertise\/"},{"@type":"ListItem","position":3,"name":"Gas smart grids"}]},{"@type":"WebSite","@id":"https:\/\/www.fiorentini-iberia.com\/en\/#website","url":"https:\/\/www.fiorentini-iberia.com\/en\/","name":"Pietro Fiorentini Iberia","description":"Pietro Fiorentini dise\u00f1a y fabrica componentes, sistemas y servicios para la regulaci\u00f3n, medici\u00f3n, gesti\u00f3n del petr\u00f3leo y el gas natural.","publisher":{"@id":"https:\/\/www.fiorentini-iberia.com\/en\/#organization"},"potentialAction":[{"@type":"SearchAction","target":{"@type":"EntryPoint","urlTemplate":"https:\/\/www.fiorentini-iberia.com\/en\/?s={search_term_string}"},"query-input":{"@type":"PropertyValueSpecification","valueRequired":true,"valueName":"search_term_string"}}],"inLanguage":"en-US"},{"@type":"Organization","@id":"https:\/\/www.fiorentini-iberia.com\/en\/#organization","name":"Pietro Fiorentini Iberia","url":"https:\/\/www.fiorentini-iberia.com\/en\/","logo":{"@type":"ImageObject","inLanguage":"en-US","@id":"https:\/\/www.fiorentini-iberia.com\/en\/#\/schema\/logo\/image\/","url":"https:\/\/www.fiorentini-iberia.com\/wp-content\/uploads\/2020\/11\/logo.svg","contentUrl":"https:\/\/www.fiorentini-iberia.com\/wp-content\/uploads\/2020\/11\/logo.svg","width":227,"height":59,"caption":"Pietro Fiorentini Iberia"},"image":{"@id":"https:\/\/www.fiorentini-iberia.com\/en\/#\/schema\/logo\/image\/"},"sameAs":["https:\/\/x.com\/FiorentiniSpa","https:\/\/www.linkedin.com\/company\/pietro-fiorentini-iberia\/"]}]}},"_links":{"self":[{"href":"https:\/\/www.fiorentini-iberia.com\/en\/wp-json\/wp\/v2\/pages\/29215","targetHints":{"allow":["GET"]}}],"collection":[{"href":"https:\/\/www.fiorentini-iberia.com\/en\/wp-json\/wp\/v2\/pages"}],"about":[{"href":"https:\/\/www.fiorentini-iberia.com\/en\/wp-json\/wp\/v2\/types\/page"}],"author":[{"embeddable":true,"href":"https:\/\/www.fiorentini-iberia.com\/en\/wp-json\/wp\/v2\/users\/15"}],"replies":[{"embeddable":true,"href":"https:\/\/www.fiorentini-iberia.com\/en\/wp-json\/wp\/v2\/comments?post=29215"}],"version-history":[{"count":3,"href":"https:\/\/www.fiorentini-iberia.com\/en\/wp-json\/wp\/v2\/pages\/29215\/revisions"}],"predecessor-version":[{"id":54641,"href":"https:\/\/www.fiorentini-iberia.com\/en\/wp-json\/wp\/v2\/pages\/29215\/revisions\/54641"}],"up":[{"embeddable":true,"href":"https:\/\/www.fiorentini-iberia.com\/en\/wp-json\/wp\/v2\/pages\/29201"}],"wp:featuredmedia":[{"embeddable":true,"href":"https:\/\/www.fiorentini-iberia.com\/en\/wp-json\/wp\/v2\/media\/21412"}],"wp:attachment":[{"href":"https:\/\/www.fiorentini-iberia.com\/en\/wp-json\/wp\/v2\/media?parent=29215"}],"curies":[{"name":"wp","href":"https:\/\/api.w.org\/{rel}","templated":true}]}}