{"id":29280,"date":"2023-12-13T14:30:00","date_gmt":"2023-12-13T13:30:00","guid":{"rendered":"https:\/\/www.fiorentini-iberia.com\/?page_id=29280"},"modified":"2024-03-14T12:02:46","modified_gmt":"2024-03-14T11:02:46","slug":"pietro-fiorentinis-experience-in-cathodic-protection","status":"publish","type":"page","link":"https:\/\/www.fiorentini-iberia.com\/en\/expertise\/cathodic-protection\/pietro-fiorentinis-experience-in-cathodic-protection\/","title":{"rendered":"Pietro Fiorentini\u2019s experience in cathodic protection"},"content":{"rendered":"\n<p>In order to comply with the latest specifications and the new technical standards within the sector, Pietro Fiorentini is now working to develop <strong>latest-generation dataloggers for remote monitoring <\/strong>with communication modules that can support the new 4G\/LTE technology and an on-board cyclic switch for E<sub>OFF<\/sub> measurements.<\/p>\n\n\n\n<p>The Company started developing and creating <strong>cathodic protection monitoring systems <\/strong>in 2016 with <strong>the acquisition of the <\/strong><a href=\"http:\/\/www.tecnosystemgroup.com\/\" target=\"_blank\" rel=\"noreferrer noopener\"><strong>Tecnosystem Group<\/strong><\/a>, a renowned Italian company in data acquisition services for the sector. Pietro Fiorentini\u2019s product portfolio therefore expanded to easily installable <strong>field acquisition units<\/strong> that automatically record and send the main electrical parameters to data collection centres without any kind of manual control.<\/p>\n\n\n\n<div style=\"height:32px\" aria-hidden=\"true\" class=\"wp-block-spacer\"><\/div>\n\n\n\n<div class=\"wp-block-group index\"><div class=\"wp-block-group__inner-container is-layout-flow wp-block-group-is-layout-flow\">\n<ol class=\"wp-block-list\">\n<li><strong><a href=\"#hardware-and-software-for-cathodic-protection\">Hardware and software for cathodic protection<\/a><\/strong><\/li>\n\n\n\n<li><strong><a href=\"#the-cathodic-protection-test-field-in-rosate\">The cathodic protection test field in Rosate<\/a><\/strong><\/li>\n<\/ol>\n<\/div><\/div>\n\n\n\n<div id=\"hardware-and-software-for-cathodic-protection\" class=\"wp-block-group\"><div class=\"wp-block-group__inner-container is-layout-flow wp-block-group-is-layout-flow\">\n<h3 class=\"wp-block-heading\"><strong>Hardware and software for cathodic protection<\/strong><\/h3>\n\n\n\n<p>In 2019, Pietro Fiorentini provided <strong>new cathodic protection monitoring software<\/strong> to its French customer GRTgaz: <a href=\"https:\/\/www.fiorentini-iberia.com\/en\/solutions\/services\/data-management-solutions\/cathodic-protection-monitoring-s2b\/\"><strong>Service2Business<\/strong><\/a>. The platform fulfils all the characteristics of remote monitoring while also improving the centre and service procedures offered. Since 2020, S2B has also been available to customers in the Italian market and is able to interface with <a href=\"https:\/\/www.fiorentini-iberia.com\/en\/solutions\/products\/gas-network-monitoring-and-volume-conversion\/cathodic-protection\/next\/\"><strong>NEXT<\/strong><\/a> and <strong><a href=\"https:\/\/www.fiorentini-iberia.com\/en\/solutions\/products\/gas-network-monitoring-and-volume-conversion\/cathodic-protection\/kairos\/\">Kairos<\/a><\/strong>, Pietro Fiorentini\u2019s devices for the monitoring and remote control of cathodic protection systems.<\/p>\n<\/div><\/div>\n\n\n\n<div style=\"height:32px\" aria-hidden=\"true\" class=\"wp-block-spacer\"><\/div>\n\n\n\n<div id=\"the-cathodic-protection-test-field-in-rosate\" class=\"wp-block-group\"><div class=\"wp-block-group__inner-container is-layout-flow wp-block-group-is-layout-flow\">\n<h3 class=\"wp-block-heading\"><strong>The cathodic protection test field in Rosate<\/strong><\/h3>\n\n\n\n<p>In 2021, Pietro Fiorentini built a <strong>cathodic protection test field at its factory in Rosate<\/strong> (Milan), certified in accordance with UNI EN ISO 15257. The facility meets the <strong>training needs of internal and external staff<\/strong> and is used to develop applications and new products. It is also available to polytechnics, universities and research institutions that request to use it to carry out tests, studies and measurements of various kinds.<\/p>\n\n\n\n<div style=\"height:32px\" aria-hidden=\"true\" class=\"wp-block-spacer\"><\/div>\n\n\n\n<figure class=\"wp-block-image size-full\"><img loading=\"lazy\" decoding=\"async\" width=\"1024\" height=\"402\" src=\"https:\/\/www.fiorentini-iberia.com\/wp-content\/uploads\/2023\/12\/2021-02-23-CampoProveRosate_2-EXPPAGE-unite-orizzontali-1024x402-1.jpeg\" alt=\"\" class=\"wp-image-29298\" srcset=\"https:\/\/www.fiorentini-iberia.com\/wp-content\/uploads\/2023\/12\/2021-02-23-CampoProveRosate_2-EXPPAGE-unite-orizzontali-1024x402-1.jpeg 1024w, https:\/\/www.fiorentini-iberia.com\/wp-content\/uploads\/2023\/12\/2021-02-23-CampoProveRosate_2-EXPPAGE-unite-orizzontali-1024x402-1-300x118.jpeg 300w, https:\/\/www.fiorentini-iberia.com\/wp-content\/uploads\/2023\/12\/2021-02-23-CampoProveRosate_2-EXPPAGE-unite-orizzontali-1024x402-1-768x302.jpeg 768w\" sizes=\"auto, (max-width: 1024px) 100vw, 1024px\" \/><\/figure>\n\n\n\n<div style=\"height:32px\" aria-hidden=\"true\" class=\"wp-block-spacer\"><\/div>\n\n\n\n<p><a href=\"https:\/\/www.fiorentini.com\/en\/news\/the-new-cathodic-protection-test-field-at-pietro-fiorentinis-rosate-factory-has-been-opened\/\">The new cathodic protection test field at Pietro Fiorentini\u2019s Rosate factory has been opened<\/a><\/p>\n<\/div><\/div>\n","protected":false},"excerpt":{"rendered":"<p>Pietro Fiorentini started developing and creating cathodic protection monitoring systems in 2016. Service2Business is the software able to interface with devices for the monitoring and remote control of cathodic protection systems.<\/p>\n","protected":false},"author":12,"featured_media":0,"parent":29205,"menu_order":0,"comment_status":"closed","ping_status":"closed","template":"template-expertise-post.php","meta":{"_acf_changed":false,"inline_featured_image":false,"footnotes":""},"class_list":["post-29280","page","type-page","status-publish","hentry"],"acf":[],"yoast_head":"<!-- This site is optimized with the Yoast SEO plugin v27.2 - https:\/\/yoast.com\/product\/yoast-seo-wordpress\/ -->\n<title>Pietro Fiorentini\u2019s experience in cathodic protection - Pietro Fiorentini<\/title>\n<meta name=\"description\" content=\"Pietro Fiorentini started developing and creating cathodic protection monitoring systems in 2016.\" \/>\n<meta name=\"robots\" content=\"index, follow, max-snippet:-1, max-image-preview:large, max-video-preview:-1\" \/>\n<link rel=\"canonical\" href=\"https:\/\/www.fiorentini-iberia.com\/en\/expertise\/cathodic-protection\/pietro-fiorentinis-experience-in-cathodic-protection\/\" \/>\n<meta property=\"og:locale\" content=\"en_US\" \/>\n<meta property=\"og:type\" content=\"article\" \/>\n<meta property=\"og:title\" content=\"Pietro Fiorentini\u2019s experience in cathodic protection - Pietro Fiorentini\" \/>\n<meta property=\"og:description\" content=\"Pietro Fiorentini started developing and creating cathodic protection monitoring systems in 2016.\" \/>\n<meta property=\"og:url\" content=\"https:\/\/www.fiorentini-iberia.com\/en\/expertise\/cathodic-protection\/pietro-fiorentinis-experience-in-cathodic-protection\/\" \/>\n<meta property=\"og:site_name\" content=\"Pietro Fiorentini\" \/>\n<meta property=\"article:modified_time\" content=\"2024-03-14T11:02:46+00:00\" \/>\n<meta property=\"og:image\" content=\"https:\/\/www.fiorentini-iberia.com\/wp-content\/uploads\/2023\/12\/2021-02-23-CampoProveRosate_2-EXPPAGE-unite-orizzontali-1024x402-1.jpeg\" \/>\n<meta name=\"twitter:card\" content=\"summary_large_image\" \/>\n<meta name=\"twitter:site\" content=\"@FiorentiniSpa\" \/>\n<meta name=\"twitter:label1\" content=\"Est. reading time\" \/>\n\t<meta name=\"twitter:data1\" content=\"8 minutes\" \/>\n<script type=\"application\/ld+json\" class=\"yoast-schema-graph\">{\"@context\":\"https:\/\/schema.org\",\"@graph\":[{\"@type\":\"WebPage\",\"@id\":\"https:\/\/www.fiorentini-iberia.com\/en\/expertise\/cathodic-protection\/pietro-fiorentinis-experience-in-cathodic-protection\/\",\"url\":\"https:\/\/www.fiorentini-iberia.com\/en\/expertise\/cathodic-protection\/pietro-fiorentinis-experience-in-cathodic-protection\/\",\"name\":\"Pietro Fiorentini\u2019s experience in cathodic protection - Pietro Fiorentini\",\"isPartOf\":{\"@id\":\"https:\/\/www.fiorentini-iberia.com\/en\/#website\"},\"primaryImageOfPage\":{\"@id\":\"https:\/\/www.fiorentini-iberia.com\/en\/expertise\/cathodic-protection\/pietro-fiorentinis-experience-in-cathodic-protection\/#primaryimage\"},\"image\":{\"@id\":\"https:\/\/www.fiorentini-iberia.com\/en\/expertise\/cathodic-protection\/pietro-fiorentinis-experience-in-cathodic-protection\/#primaryimage\"},\"thumbnailUrl\":\"https:\/\/www.fiorentini-iberia.com\/wp-content\/uploads\/2023\/12\/2021-02-23-CampoProveRosate_2-EXPPAGE-unite-orizzontali-1024x402-1.jpeg\",\"datePublished\":\"2023-12-13T13:30:00+00:00\",\"dateModified\":\"2024-03-14T11:02:46+00:00\",\"description\":\"Pietro Fiorentini started developing and creating cathodic protection monitoring systems in 2016.\",\"breadcrumb\":{\"@id\":\"https:\/\/www.fiorentini-iberia.com\/en\/expertise\/cathodic-protection\/pietro-fiorentinis-experience-in-cathodic-protection\/#breadcrumb\"},\"inLanguage\":\"en-US\",\"potentialAction\":[{\"@type\":\"ReadAction\",\"target\":[\"https:\/\/www.fiorentini-iberia.com\/en\/expertise\/cathodic-protection\/pietro-fiorentinis-experience-in-cathodic-protection\/\"]}]},{\"@type\":\"ImageObject\",\"inLanguage\":\"en-US\",\"@id\":\"https:\/\/www.fiorentini-iberia.com\/en\/expertise\/cathodic-protection\/pietro-fiorentinis-experience-in-cathodic-protection\/#primaryimage\",\"url\":\"https:\/\/www.fiorentini-iberia.com\/wp-content\/uploads\/2023\/12\/2021-02-23-CampoProveRosate_2-EXPPAGE-unite-orizzontali-1024x402-1.jpeg\",\"contentUrl\":\"https:\/\/www.fiorentini-iberia.com\/wp-content\/uploads\/2023\/12\/2021-02-23-CampoProveRosate_2-EXPPAGE-unite-orizzontali-1024x402-1.jpeg\"},{\"@type\":\"BreadcrumbList\",\"@id\":\"https:\/\/www.fiorentini-iberia.com\/en\/expertise\/cathodic-protection\/pietro-fiorentinis-experience-in-cathodic-protection\/#breadcrumb\",\"itemListElement\":[{\"@type\":\"ListItem\",\"position\":1,\"name\":\"Home\",\"item\":\"https:\/\/www.fiorentini-iberia.com\/en\/\"},{\"@type\":\"ListItem\",\"position\":2,\"name\":\"Expertise\",\"item\":\"https:\/\/www.fiorentini-iberia.com\/en\/expertise\/\"},{\"@type\":\"ListItem\",\"position\":3,\"name\":\"Cathodic protection\",\"item\":\"https:\/\/www.fiorentini-iberia.com\/en\/expertise\/cathodic-protection\/\"},{\"@type\":\"ListItem\",\"position\":4,\"name\":\"Pietro Fiorentini\u2019s experience in cathodic protection\"}]},{\"@type\":\"WebSite\",\"@id\":\"https:\/\/www.fiorentini-iberia.com\/en\/#website\",\"url\":\"https:\/\/www.fiorentini-iberia.com\/en\/\",\"name\":\"Pietro Fiorentini Iberia\",\"description\":\"Pietro Fiorentini dise\u00f1a y fabrica componentes, sistemas y servicios para la regulaci\u00f3n, medici\u00f3n, gesti\u00f3n del petr\u00f3leo y el gas natural.\",\"publisher\":{\"@id\":\"https:\/\/www.fiorentini-iberia.com\/en\/#organization\"},\"potentialAction\":[{\"@type\":\"SearchAction\",\"target\":{\"@type\":\"EntryPoint\",\"urlTemplate\":\"https:\/\/www.fiorentini-iberia.com\/en\/?s={search_term_string}\"},\"query-input\":{\"@type\":\"PropertyValueSpecification\",\"valueRequired\":true,\"valueName\":\"search_term_string\"}}],\"inLanguage\":\"en-US\"},{\"@type\":\"Organization\",\"@id\":\"https:\/\/www.fiorentini-iberia.com\/en\/#organization\",\"name\":\"Pietro Fiorentini Iberia\",\"url\":\"https:\/\/www.fiorentini-iberia.com\/en\/\",\"logo\":{\"@type\":\"ImageObject\",\"inLanguage\":\"en-US\",\"@id\":\"https:\/\/www.fiorentini-iberia.com\/en\/#\/schema\/logo\/image\/\",\"url\":\"https:\/\/www.fiorentini-iberia.com\/wp-content\/uploads\/2020\/11\/logo.svg\",\"contentUrl\":\"https:\/\/www.fiorentini-iberia.com\/wp-content\/uploads\/2020\/11\/logo.svg\",\"width\":227,\"height\":59,\"caption\":\"Pietro Fiorentini Iberia\"},\"image\":{\"@id\":\"https:\/\/www.fiorentini-iberia.com\/en\/#\/schema\/logo\/image\/\"},\"sameAs\":[\"https:\/\/x.com\/FiorentiniSpa\",\"https:\/\/www.linkedin.com\/company\/pietro-fiorentini-iberia\/\"]}]}<\/script>\n<!-- \/ Yoast SEO plugin. -->","yoast_head_json":{"title":"Pietro Fiorentini\u2019s experience in cathodic protection - Pietro Fiorentini","description":"Pietro Fiorentini started developing and creating cathodic protection monitoring systems in 2016.","robots":{"index":"index","follow":"follow","max-snippet":"max-snippet:-1","max-image-preview":"max-image-preview:large","max-video-preview":"max-video-preview:-1"},"canonical":"https:\/\/www.fiorentini-iberia.com\/en\/expertise\/cathodic-protection\/pietro-fiorentinis-experience-in-cathodic-protection\/","og_locale":"en_US","og_type":"article","og_title":"Pietro Fiorentini\u2019s experience in cathodic protection - Pietro Fiorentini","og_description":"Pietro Fiorentini started developing and creating cathodic protection monitoring systems in 2016.","og_url":"https:\/\/www.fiorentini-iberia.com\/en\/expertise\/cathodic-protection\/pietro-fiorentinis-experience-in-cathodic-protection\/","og_site_name":"Pietro Fiorentini","article_modified_time":"2024-03-14T11:02:46+00:00","og_image":[{"url":"https:\/\/www.fiorentini-iberia.com\/wp-content\/uploads\/2023\/12\/2021-02-23-CampoProveRosate_2-EXPPAGE-unite-orizzontali-1024x402-1.jpeg","type":"","width":"","height":""}],"twitter_card":"summary_large_image","twitter_site":"@FiorentiniSpa","twitter_misc":{"Est. reading time":"8 minutes"},"schema":{"@context":"https:\/\/schema.org","@graph":[{"@type":"WebPage","@id":"https:\/\/www.fiorentini-iberia.com\/en\/expertise\/cathodic-protection\/pietro-fiorentinis-experience-in-cathodic-protection\/","url":"https:\/\/www.fiorentini-iberia.com\/en\/expertise\/cathodic-protection\/pietro-fiorentinis-experience-in-cathodic-protection\/","name":"Pietro Fiorentini\u2019s experience in cathodic protection - Pietro Fiorentini","isPartOf":{"@id":"https:\/\/www.fiorentini-iberia.com\/en\/#website"},"primaryImageOfPage":{"@id":"https:\/\/www.fiorentini-iberia.com\/en\/expertise\/cathodic-protection\/pietro-fiorentinis-experience-in-cathodic-protection\/#primaryimage"},"image":{"@id":"https:\/\/www.fiorentini-iberia.com\/en\/expertise\/cathodic-protection\/pietro-fiorentinis-experience-in-cathodic-protection\/#primaryimage"},"thumbnailUrl":"https:\/\/www.fiorentini-iberia.com\/wp-content\/uploads\/2023\/12\/2021-02-23-CampoProveRosate_2-EXPPAGE-unite-orizzontali-1024x402-1.jpeg","datePublished":"2023-12-13T13:30:00+00:00","dateModified":"2024-03-14T11:02:46+00:00","description":"Pietro Fiorentini started developing and creating cathodic protection monitoring systems in 2016.","breadcrumb":{"@id":"https:\/\/www.fiorentini-iberia.com\/en\/expertise\/cathodic-protection\/pietro-fiorentinis-experience-in-cathodic-protection\/#breadcrumb"},"inLanguage":"en-US","potentialAction":[{"@type":"ReadAction","target":["https:\/\/www.fiorentini-iberia.com\/en\/expertise\/cathodic-protection\/pietro-fiorentinis-experience-in-cathodic-protection\/"]}]},{"@type":"ImageObject","inLanguage":"en-US","@id":"https:\/\/www.fiorentini-iberia.com\/en\/expertise\/cathodic-protection\/pietro-fiorentinis-experience-in-cathodic-protection\/#primaryimage","url":"https:\/\/www.fiorentini-iberia.com\/wp-content\/uploads\/2023\/12\/2021-02-23-CampoProveRosate_2-EXPPAGE-unite-orizzontali-1024x402-1.jpeg","contentUrl":"https:\/\/www.fiorentini-iberia.com\/wp-content\/uploads\/2023\/12\/2021-02-23-CampoProveRosate_2-EXPPAGE-unite-orizzontali-1024x402-1.jpeg"},{"@type":"BreadcrumbList","@id":"https:\/\/www.fiorentini-iberia.com\/en\/expertise\/cathodic-protection\/pietro-fiorentinis-experience-in-cathodic-protection\/#breadcrumb","itemListElement":[{"@type":"ListItem","position":1,"name":"Home","item":"https:\/\/www.fiorentini-iberia.com\/en\/"},{"@type":"ListItem","position":2,"name":"Expertise","item":"https:\/\/www.fiorentini-iberia.com\/en\/expertise\/"},{"@type":"ListItem","position":3,"name":"Cathodic protection","item":"https:\/\/www.fiorentini-iberia.com\/en\/expertise\/cathodic-protection\/"},{"@type":"ListItem","position":4,"name":"Pietro Fiorentini\u2019s experience in cathodic protection"}]},{"@type":"WebSite","@id":"https:\/\/www.fiorentini-iberia.com\/en\/#website","url":"https:\/\/www.fiorentini-iberia.com\/en\/","name":"Pietro Fiorentini Iberia","description":"Pietro Fiorentini dise\u00f1a y fabrica componentes, sistemas y servicios para la regulaci\u00f3n, medici\u00f3n, gesti\u00f3n del petr\u00f3leo y el gas natural.","publisher":{"@id":"https:\/\/www.fiorentini-iberia.com\/en\/#organization"},"potentialAction":[{"@type":"SearchAction","target":{"@type":"EntryPoint","urlTemplate":"https:\/\/www.fiorentini-iberia.com\/en\/?s={search_term_string}"},"query-input":{"@type":"PropertyValueSpecification","valueRequired":true,"valueName":"search_term_string"}}],"inLanguage":"en-US"},{"@type":"Organization","@id":"https:\/\/www.fiorentini-iberia.com\/en\/#organization","name":"Pietro Fiorentini Iberia","url":"https:\/\/www.fiorentini-iberia.com\/en\/","logo":{"@type":"ImageObject","inLanguage":"en-US","@id":"https:\/\/www.fiorentini-iberia.com\/en\/#\/schema\/logo\/image\/","url":"https:\/\/www.fiorentini-iberia.com\/wp-content\/uploads\/2020\/11\/logo.svg","contentUrl":"https:\/\/www.fiorentini-iberia.com\/wp-content\/uploads\/2020\/11\/logo.svg","width":227,"height":59,"caption":"Pietro Fiorentini Iberia"},"image":{"@id":"https:\/\/www.fiorentini-iberia.com\/en\/#\/schema\/logo\/image\/"},"sameAs":["https:\/\/x.com\/FiorentiniSpa","https:\/\/www.linkedin.com\/company\/pietro-fiorentini-iberia\/"]}]}},"_links":{"self":[{"href":"https:\/\/www.fiorentini-iberia.com\/en\/wp-json\/wp\/v2\/pages\/29280","targetHints":{"allow":["GET"]}}],"collection":[{"href":"https:\/\/www.fiorentini-iberia.com\/en\/wp-json\/wp\/v2\/pages"}],"about":[{"href":"https:\/\/www.fiorentini-iberia.com\/en\/wp-json\/wp\/v2\/types\/page"}],"author":[{"embeddable":true,"href":"https:\/\/www.fiorentini-iberia.com\/en\/wp-json\/wp\/v2\/users\/12"}],"replies":[{"embeddable":true,"href":"https:\/\/www.fiorentini-iberia.com\/en\/wp-json\/wp\/v2\/comments?post=29280"}],"version-history":[{"count":3,"href":"https:\/\/www.fiorentini-iberia.com\/en\/wp-json\/wp\/v2\/pages\/29280\/revisions"}],"predecessor-version":[{"id":48273,"href":"https:\/\/www.fiorentini-iberia.com\/en\/wp-json\/wp\/v2\/pages\/29280\/revisions\/48273"}],"up":[{"embeddable":true,"href":"https:\/\/www.fiorentini-iberia.com\/en\/wp-json\/wp\/v2\/pages\/29205"}],"wp:attachment":[{"href":"https:\/\/www.fiorentini-iberia.com\/en\/wp-json\/wp\/v2\/media?parent=29280"}],"curies":[{"name":"wp","href":"https:\/\/api.w.org\/{rel}","templated":true}]}}