{"id":48505,"date":"2024-01-30T15:45:28","date_gmt":"2024-01-30T14:45:28","guid":{"rendered":"https:\/\/www.fiorentini-iberia.com\/?page_id=48505"},"modified":"2024-02-14T15:22:52","modified_gmt":"2024-02-14T14:22:52","slug":"biogas-upgrading-plant-and-the-injection-of-biomethane-into-the-grid","status":"publish","type":"page","link":"https:\/\/www.fiorentini-iberia.com\/en\/expertise\/biomethane\/biogas-upgrading-plant-and-the-injection-of-biomethane-into-the-grid\/","title":{"rendered":"Biogas upgrading plant and the injection of biomethane into the grid\u00a0"},"content":{"rendered":"\n<p>In 2022, it was designed, built and installed <strong>the upgrading and injection plant in Cella Dati<\/strong> (Cremona) for the EGEA Group and Santini Agricoltura Rinnovabile. In operation since March, <strong>the system injects biomethane<\/strong> produced from livestock manure and plant biomass cultivated in the adjacent area <strong>into the distribution network<\/strong>.&nbsp;<\/p>\n\n\n\n<p><strong>The volume produced exceeds 4 million cubic metres per year<\/strong>, the equivalent of the annual needs of almost 4,000 cars. In addition to biofuel, the plant makes it possible to obtain digestate from the fermentation residue, an important fertiliser that can be used instead of synthetic fertilisers.&nbsp;<\/p>\n\n\n\n<div style=\"height:34px\" aria-hidden=\"true\" class=\"wp-block-spacer\"><\/div>\n\n\n\n<figure class=\"wp-block-image size-large\"><img loading=\"lazy\" decoding=\"async\" width=\"1024\" height=\"577\" src=\"https:\/\/www.fiorentini-iberia.com\/wp-content\/uploads\/2024\/02\/Fiorentini_celladati_aerial-ENG-2-1024x577.jpg\" alt=\"\" class=\"wp-image-48705\" srcset=\"https:\/\/www.fiorentini-iberia.com\/wp-content\/uploads\/2024\/02\/Fiorentini_celladati_aerial-ENG-2-1024x577.jpg 1024w, https:\/\/www.fiorentini-iberia.com\/wp-content\/uploads\/2024\/02\/Fiorentini_celladati_aerial-ENG-2-300x169.jpg 300w, https:\/\/www.fiorentini-iberia.com\/wp-content\/uploads\/2024\/02\/Fiorentini_celladati_aerial-ENG-2-768x433.jpg 768w, https:\/\/www.fiorentini-iberia.com\/wp-content\/uploads\/2024\/02\/Fiorentini_celladati_aerial-ENG-2.jpg 1196w\" sizes=\"auto, (max-width: 1024px) 100vw, 1024px\" \/><\/figure>\n\n\n\n<div style=\"height:29px\" aria-hidden=\"true\" class=\"wp-block-spacer\"><\/div>\n\n\n\n<figure class=\"wp-block-table is-style-stripes\"><table class=\"has-white-background-color has-background has-fixed-layout\"><tbody><tr><td>Location<\/td><td><strong>Cella Dati (CR)<\/strong>&nbsp;<\/td><\/tr><tr><td>Industrial partner&nbsp;<\/td><td><strong>EGEA Group&nbsp;<\/strong><\/td><\/tr><tr><td>Agricultural partner&nbsp;<\/td><td><strong>Santini Agricoltura Rinnovabile<\/strong>&nbsp;<\/td><\/tr><tr><td>Plant installation&nbsp;<\/td><td><strong>Pietro Fiorentini SPA&nbsp;<\/strong><\/td><\/tr><tr><td>Production capability<\/td><td><strong>4,000,000 m\u00b3\/year<\/strong><\/td><\/tr><\/tbody><\/table><\/figure>\n\n\n\n<div style=\"height:51px\" aria-hidden=\"true\" class=\"wp-block-spacer\"><\/div>\n\n\n\n<p>The <strong>Biomethane Cella Dati project<\/strong> stems from the desire of <strong><a href=\"https:\/\/www.egea.it\/en\/egea-group\" target=\"_blank\" rel=\"noreferrer noopener\">Egea Group<\/a> <\/strong>(industrial partner) and <strong>Santini Agricoltura Rinnovabile<\/strong> (agricultural partner) to give value to the biogas derived from agricultural by-products of local farms, by <strong>transforming it into biomethane to be injected into the natural gas distribution grid<\/strong>.<\/p>\n\n\n\n<div style=\"height:20px\" aria-hidden=\"true\" class=\"wp-block-spacer\"><\/div>\n\n\n<div class=\"wp-block-image is-style-default\">\n<figure data-wp-context=\"{&quot;imageId&quot;:&quot;69d70ac22c393&quot;}\" data-wp-interactive=\"core\/image\" data-wp-key=\"69d70ac22c393\" class=\"aligncenter size-full is-resized wp-lightbox-container\"><img loading=\"lazy\" decoding=\"async\" width=\"789\" height=\"875\" data-wp-class--hide=\"state.isContentHidden\" data-wp-class--show=\"state.isContentVisible\" data-wp-init=\"callbacks.setButtonStyles\" data-wp-on--click=\"actions.showLightbox\" data-wp-on--load=\"callbacks.setButtonStyles\" data-wp-on-window--resize=\"callbacks.setButtonStyles\" src=\"https:\/\/www.fiorentini-iberia.com\/wp-content\/uploads\/2024\/01\/Foto-02.png\" alt=\"\" class=\"wp-image-48514\" style=\"width:838px;height:auto\" srcset=\"https:\/\/www.fiorentini-iberia.com\/wp-content\/uploads\/2024\/01\/Foto-02.png 789w, https:\/\/www.fiorentini-iberia.com\/wp-content\/uploads\/2024\/01\/Foto-02-271x300.png 271w, https:\/\/www.fiorentini-iberia.com\/wp-content\/uploads\/2024\/01\/Foto-02-768x852.png 768w\" sizes=\"auto, (max-width: 789px) 100vw, 789px\" \/><button\n\t\t\tclass=\"lightbox-trigger\"\n\t\t\ttype=\"button\"\n\t\t\taria-haspopup=\"dialog\"\n\t\t\taria-label=\"Enlarge\"\n\t\t\tdata-wp-init=\"callbacks.initTriggerButton\"\n\t\t\tdata-wp-on--click=\"actions.showLightbox\"\n\t\t\tdata-wp-style--right=\"state.imageButtonRight\"\n\t\t\tdata-wp-style--top=\"state.imageButtonTop\"\n\t\t>\n\t\t\t<svg xmlns=\"http:\/\/www.w3.org\/2000\/svg\" width=\"12\" height=\"12\" fill=\"none\" viewBox=\"0 0 12 12\">\n\t\t\t\t<path fill=\"#fff\" d=\"M2 0a2 2 0 0 0-2 2v2h1.5V2a.5.5 0 0 1 .5-.5h2V0H2Zm2 10.5H2a.5.5 0 0 1-.5-.5V8H0v2a2 2 0 0 0 2 2h2v-1.5ZM8 12v-1.5h2a.5.5 0 0 0 .5-.5V8H12v2a2 2 0 0 1-2 2H8Zm2-12a2 2 0 0 1 2 2v2h-1.5V2a.5.5 0 0 0-.5-.5H8V0h2Z\" \/>\n\t\t\t<\/svg>\n\t\t<\/button><\/figure>\n<\/div>\n\n\n<div style=\"height:50px\" aria-hidden=\"true\" class=\"wp-block-spacer\"><\/div>\n\n\n\n<p class=\"has-text-color has-link-color wp-elements-a36875c145628c00bacb60b9f851d47e\" style=\"color:#1ca88c\"><strong>ECONOMIC AND ENVIRONMENTAL BENEFITS<\/strong><\/p>\n\n\n\n<p>In Italy, more than 75 billion m\u00b3 of gas is consumed per year. The plant built by Pietro Fiorentini <strong>produces 4,000,000 m\u00b3 of gas per year<\/strong>, using agricultural by-products recovered directly by local companies.<\/p>\n\n\n\n<p>The by-product of biomethane production, which is called digestate, can be used as fertiliser instead of chemical fertilisers.<\/p>\n\n\n\n<div style=\"height:16px\" aria-hidden=\"true\" class=\"wp-block-spacer\"><\/div>\n\n\n<div class=\"wp-block-image\">\n<figure class=\"aligncenter size-full is-resized\"><img loading=\"lazy\" decoding=\"async\" width=\"610\" height=\"268\" src=\"https:\/\/www.fiorentini-iberia.com\/wp-content\/uploads\/2024\/01\/foto-03.png\" alt=\"\" class=\"wp-image-48518\" style=\"width:555px;height:auto\" srcset=\"https:\/\/www.fiorentini-iberia.com\/wp-content\/uploads\/2024\/01\/foto-03.png 610w, https:\/\/www.fiorentini-iberia.com\/wp-content\/uploads\/2024\/01\/foto-03-300x132.png 300w\" sizes=\"auto, (max-width: 610px) 100vw, 610px\" \/><\/figure>\n<\/div>\n\n\n<div style=\"height:48px\" aria-hidden=\"true\" class=\"wp-block-spacer\"><\/div>\n\n\n\n<p>Numerous similar projects have already been commissioned and will be implemented over the next few years.<br>&nbsp;<\/p>\n\n\n\n<p class=\"has-text-color has-link-color has-medium-font-size wp-elements-c4db2955c42afdd50bd1a70000644aef\" style=\"color:#1ca88c\"><strong>FOCUS ON COMPANIES<\/strong><\/p>\n\n\n<div class=\"wp-block-image\">\n<figure class=\"alignleft size-full is-resized\"><a href=\"https:\/\/www.egea.it\/en\/egea-group\" target=\"_blank\" rel=\"noreferrer noopener\"><img loading=\"lazy\" decoding=\"async\" width=\"672\" height=\"262\" src=\"https:\/\/www.fiorentini-iberia.com\/wp-content\/uploads\/2024\/01\/EGEA.jpg\" alt=\"\" class=\"wp-image-48522\" style=\"width:186px;height:auto\" srcset=\"https:\/\/www.fiorentini-iberia.com\/wp-content\/uploads\/2024\/01\/EGEA.jpg 672w, https:\/\/www.fiorentini-iberia.com\/wp-content\/uploads\/2024\/01\/EGEA-300x117.jpg 300w\" sizes=\"auto, (max-width: 672px) 100vw, 672px\" \/><\/a><\/figure>\n<\/div>\n\n\n<p><\/p>\n\n\n\n<p><\/p>\n\n\n\n<div style=\"height:28px\" aria-hidden=\"true\" class=\"wp-block-spacer\"><\/div>\n\n\n\n<p>A multi-service group based in Alba, <strong>EGEA Group <\/strong>has always been attentive to local needs and operates with a deliberately glocal model.&nbsp;<\/p>\n\n\n\n<div style=\"height:28px\" aria-hidden=\"true\" class=\"wp-block-spacer\"><\/div>\n\n\n<div class=\"wp-block-image\">\n<figure class=\"alignleft size-full is-resized\"><img loading=\"lazy\" decoding=\"async\" width=\"522\" height=\"186\" src=\"https:\/\/www.fiorentini-iberia.com\/wp-content\/uploads\/2024\/01\/SAR.jpg\" alt=\"\" class=\"wp-image-48526\" style=\"width:196px;height:auto\" srcset=\"https:\/\/www.fiorentini-iberia.com\/wp-content\/uploads\/2024\/01\/SAR.jpg 522w, https:\/\/www.fiorentini-iberia.com\/wp-content\/uploads\/2024\/01\/SAR-300x107.jpg 300w\" sizes=\"auto, (max-width: 522px) 100vw, 522px\" \/><\/figure>\n<\/div>\n\n\n<p>The Santini family has been present in the area for more than 200 years and <strong>manages 500 hectares in the province of Cremona <\/strong>with more than 4,000 cattle and another 300 hectares divided between Emilia-Romagna and Tuscany.&nbsp;<br>&nbsp;<\/p>\n\n\n\n<div style=\"height:15px\" aria-hidden=\"true\" class=\"wp-block-spacer\"><\/div>\n\n\n\n<p>Download the&nbsp;<strong><a href=\"https:\/\/www.fiorentini-iberia.com\/wp-content\/uploads\/2024\/01\/case-study-BCD_ENG.pdf\" target=\"_blank\" rel=\"noreferrer noopener\">Case Study of Cella Dati project<\/a><\/strong>.<\/p>\n","protected":false},"excerpt":{"rendered":"<p>In 2022, it was designed, built and installed the upgrading and injection plantin Cella Dati (Cremona) for the EGEA Group and Santini Agricoltura Rinnovabile. In operation since March, the system injects biomethane produced from livestock manure and plant biomass cultivated in the adjacent area into the distribution network.\u00a0<\/p>\n","protected":false},"author":15,"featured_media":0,"parent":29204,"menu_order":0,"comment_status":"closed","ping_status":"closed","template":"template-expertise-post.php","meta":{"_acf_changed":false,"inline_featured_image":false,"footnotes":""},"class_list":["post-48505","page","type-page","status-publish","hentry"],"acf":[],"yoast_head":"<!-- This site is optimized with the Yoast SEO plugin v27.2 - https:\/\/yoast.com\/product\/yoast-seo-wordpress\/ -->\n<title>Biogas upgrading plant and the injection of biomethane into the grid\u00a0 - Pietro Fiorentini<\/title>\n<meta name=\"description\" content=\"In 2022, it was designed, built and installed the upgrading and injection plantin Cella Dati (Cremona) for the EGEA Group and Santini Agricoltura Rinnovabile.\" \/>\n<meta name=\"robots\" content=\"index, follow, max-snippet:-1, max-image-preview:large, max-video-preview:-1\" \/>\n<link rel=\"canonical\" href=\"https:\/\/www.fiorentini-iberia.com\/en\/expertise\/biomethane\/biogas-upgrading-plant-and-the-injection-of-biomethane-into-the-grid\/\" \/>\n<meta property=\"og:locale\" content=\"en_US\" \/>\n<meta property=\"og:type\" content=\"article\" \/>\n<meta property=\"og:title\" content=\"Biogas upgrading plant and the injection of biomethane into the grid\u00a0 - Pietro Fiorentini\" \/>\n<meta property=\"og:description\" content=\"In 2022, it was designed, built and installed the upgrading and injection plantin Cella Dati (Cremona) for the EGEA Group and Santini Agricoltura Rinnovabile.\" \/>\n<meta property=\"og:url\" content=\"https:\/\/www.fiorentini-iberia.com\/en\/expertise\/biomethane\/biogas-upgrading-plant-and-the-injection-of-biomethane-into-the-grid\/\" \/>\n<meta property=\"og:site_name\" content=\"Pietro Fiorentini\" \/>\n<meta property=\"article:modified_time\" content=\"2024-02-14T14:22:52+00:00\" \/>\n<meta property=\"og:image\" content=\"https:\/\/www.fiorentini-iberia.com\/wp-content\/uploads\/2024\/02\/Fiorentini_celladati_aerial-ENG-2-1024x577.jpg\" \/>\n<meta name=\"twitter:card\" content=\"summary_large_image\" \/>\n<meta name=\"twitter:site\" content=\"@FiorentiniSpa\" \/>\n<meta name=\"twitter:label1\" content=\"Est. reading time\" \/>\n\t<meta name=\"twitter:data1\" content=\"3 minutes\" \/>\n<script type=\"application\/ld+json\" class=\"yoast-schema-graph\">{\"@context\":\"https:\/\/schema.org\",\"@graph\":[{\"@type\":\"WebPage\",\"@id\":\"https:\/\/www.fiorentini-iberia.com\/en\/expertise\/biomethane\/biogas-upgrading-plant-and-the-injection-of-biomethane-into-the-grid\/\",\"url\":\"https:\/\/www.fiorentini-iberia.com\/en\/expertise\/biomethane\/biogas-upgrading-plant-and-the-injection-of-biomethane-into-the-grid\/\",\"name\":\"Biogas upgrading plant and the injection of biomethane into the grid\u00a0 - Pietro Fiorentini\",\"isPartOf\":{\"@id\":\"https:\/\/www.fiorentini-iberia.com\/en\/#website\"},\"primaryImageOfPage\":{\"@id\":\"https:\/\/www.fiorentini-iberia.com\/en\/expertise\/biomethane\/biogas-upgrading-plant-and-the-injection-of-biomethane-into-the-grid\/#primaryimage\"},\"image\":{\"@id\":\"https:\/\/www.fiorentini-iberia.com\/en\/expertise\/biomethane\/biogas-upgrading-plant-and-the-injection-of-biomethane-into-the-grid\/#primaryimage\"},\"thumbnailUrl\":\"https:\/\/www.fiorentini-iberia.com\/wp-content\/uploads\/2024\/02\/Fiorentini_celladati_aerial-ENG-2-1024x577.jpg\",\"datePublished\":\"2024-01-30T14:45:28+00:00\",\"dateModified\":\"2024-02-14T14:22:52+00:00\",\"description\":\"In 2022, it was designed, built and installed the upgrading and injection plantin Cella Dati (Cremona) for the EGEA Group and Santini Agricoltura Rinnovabile.\",\"breadcrumb\":{\"@id\":\"https:\/\/www.fiorentini-iberia.com\/en\/expertise\/biomethane\/biogas-upgrading-plant-and-the-injection-of-biomethane-into-the-grid\/#breadcrumb\"},\"inLanguage\":\"en-US\",\"potentialAction\":[{\"@type\":\"ReadAction\",\"target\":[\"https:\/\/www.fiorentini-iberia.com\/en\/expertise\/biomethane\/biogas-upgrading-plant-and-the-injection-of-biomethane-into-the-grid\/\"]}]},{\"@type\":\"ImageObject\",\"inLanguage\":\"en-US\",\"@id\":\"https:\/\/www.fiorentini-iberia.com\/en\/expertise\/biomethane\/biogas-upgrading-plant-and-the-injection-of-biomethane-into-the-grid\/#primaryimage\",\"url\":\"https:\/\/www.fiorentini-iberia.com\/wp-content\/uploads\/2024\/02\/Fiorentini_celladati_aerial-ENG-2-1024x577.jpg\",\"contentUrl\":\"https:\/\/www.fiorentini-iberia.com\/wp-content\/uploads\/2024\/02\/Fiorentini_celladati_aerial-ENG-2-1024x577.jpg\"},{\"@type\":\"BreadcrumbList\",\"@id\":\"https:\/\/www.fiorentini-iberia.com\/en\/expertise\/biomethane\/biogas-upgrading-plant-and-the-injection-of-biomethane-into-the-grid\/#breadcrumb\",\"itemListElement\":[{\"@type\":\"ListItem\",\"position\":1,\"name\":\"Home\",\"item\":\"https:\/\/www.fiorentini-iberia.com\/en\/\"},{\"@type\":\"ListItem\",\"position\":2,\"name\":\"Expertise\",\"item\":\"https:\/\/www.fiorentini-iberia.com\/en\/expertise\/\"},{\"@type\":\"ListItem\",\"position\":3,\"name\":\"Biomethane\",\"item\":\"https:\/\/www.fiorentini-iberia.com\/en\/expertise\/biomethane\/\"},{\"@type\":\"ListItem\",\"position\":4,\"name\":\"Biogas upgrading plant and the injection of biomethane into the grid\u00a0\"}]},{\"@type\":\"WebSite\",\"@id\":\"https:\/\/www.fiorentini-iberia.com\/en\/#website\",\"url\":\"https:\/\/www.fiorentini-iberia.com\/en\/\",\"name\":\"Pietro Fiorentini Iberia\",\"description\":\"Pietro Fiorentini dise\u00f1a y fabrica componentes, sistemas y servicios para la regulaci\u00f3n, medici\u00f3n, gesti\u00f3n del petr\u00f3leo y el gas natural.\",\"publisher\":{\"@id\":\"https:\/\/www.fiorentini-iberia.com\/en\/#organization\"},\"potentialAction\":[{\"@type\":\"SearchAction\",\"target\":{\"@type\":\"EntryPoint\",\"urlTemplate\":\"https:\/\/www.fiorentini-iberia.com\/en\/?s={search_term_string}\"},\"query-input\":{\"@type\":\"PropertyValueSpecification\",\"valueRequired\":true,\"valueName\":\"search_term_string\"}}],\"inLanguage\":\"en-US\"},{\"@type\":\"Organization\",\"@id\":\"https:\/\/www.fiorentini-iberia.com\/en\/#organization\",\"name\":\"Pietro Fiorentini Iberia\",\"url\":\"https:\/\/www.fiorentini-iberia.com\/en\/\",\"logo\":{\"@type\":\"ImageObject\",\"inLanguage\":\"en-US\",\"@id\":\"https:\/\/www.fiorentini-iberia.com\/en\/#\/schema\/logo\/image\/\",\"url\":\"https:\/\/www.fiorentini-iberia.com\/wp-content\/uploads\/2020\/11\/logo.svg\",\"contentUrl\":\"https:\/\/www.fiorentini-iberia.com\/wp-content\/uploads\/2020\/11\/logo.svg\",\"width\":227,\"height\":59,\"caption\":\"Pietro Fiorentini Iberia\"},\"image\":{\"@id\":\"https:\/\/www.fiorentini-iberia.com\/en\/#\/schema\/logo\/image\/\"},\"sameAs\":[\"https:\/\/x.com\/FiorentiniSpa\",\"https:\/\/www.linkedin.com\/company\/pietro-fiorentini-iberia\/\"]}]}<\/script>\n<!-- \/ Yoast SEO plugin. -->","yoast_head_json":{"title":"Biogas upgrading plant and the injection of biomethane into the grid\u00a0 - Pietro Fiorentini","description":"In 2022, it was designed, built and installed the upgrading and injection plantin Cella Dati (Cremona) for the EGEA Group and Santini Agricoltura Rinnovabile.","robots":{"index":"index","follow":"follow","max-snippet":"max-snippet:-1","max-image-preview":"max-image-preview:large","max-video-preview":"max-video-preview:-1"},"canonical":"https:\/\/www.fiorentini-iberia.com\/en\/expertise\/biomethane\/biogas-upgrading-plant-and-the-injection-of-biomethane-into-the-grid\/","og_locale":"en_US","og_type":"article","og_title":"Biogas upgrading plant and the injection of biomethane into the grid\u00a0 - Pietro Fiorentini","og_description":"In 2022, it was designed, built and installed the upgrading and injection plantin Cella Dati (Cremona) for the EGEA Group and Santini Agricoltura Rinnovabile.","og_url":"https:\/\/www.fiorentini-iberia.com\/en\/expertise\/biomethane\/biogas-upgrading-plant-and-the-injection-of-biomethane-into-the-grid\/","og_site_name":"Pietro Fiorentini","article_modified_time":"2024-02-14T14:22:52+00:00","og_image":[{"url":"https:\/\/www.fiorentini-iberia.com\/wp-content\/uploads\/2024\/02\/Fiorentini_celladati_aerial-ENG-2-1024x577.jpg","type":"","width":"","height":""}],"twitter_card":"summary_large_image","twitter_site":"@FiorentiniSpa","twitter_misc":{"Est. reading time":"3 minutes"},"schema":{"@context":"https:\/\/schema.org","@graph":[{"@type":"WebPage","@id":"https:\/\/www.fiorentini-iberia.com\/en\/expertise\/biomethane\/biogas-upgrading-plant-and-the-injection-of-biomethane-into-the-grid\/","url":"https:\/\/www.fiorentini-iberia.com\/en\/expertise\/biomethane\/biogas-upgrading-plant-and-the-injection-of-biomethane-into-the-grid\/","name":"Biogas upgrading plant and the injection of biomethane into the grid\u00a0 - Pietro Fiorentini","isPartOf":{"@id":"https:\/\/www.fiorentini-iberia.com\/en\/#website"},"primaryImageOfPage":{"@id":"https:\/\/www.fiorentini-iberia.com\/en\/expertise\/biomethane\/biogas-upgrading-plant-and-the-injection-of-biomethane-into-the-grid\/#primaryimage"},"image":{"@id":"https:\/\/www.fiorentini-iberia.com\/en\/expertise\/biomethane\/biogas-upgrading-plant-and-the-injection-of-biomethane-into-the-grid\/#primaryimage"},"thumbnailUrl":"https:\/\/www.fiorentini-iberia.com\/wp-content\/uploads\/2024\/02\/Fiorentini_celladati_aerial-ENG-2-1024x577.jpg","datePublished":"2024-01-30T14:45:28+00:00","dateModified":"2024-02-14T14:22:52+00:00","description":"In 2022, it was designed, built and installed the upgrading and injection plantin Cella Dati (Cremona) for the EGEA Group and Santini Agricoltura Rinnovabile.","breadcrumb":{"@id":"https:\/\/www.fiorentini-iberia.com\/en\/expertise\/biomethane\/biogas-upgrading-plant-and-the-injection-of-biomethane-into-the-grid\/#breadcrumb"},"inLanguage":"en-US","potentialAction":[{"@type":"ReadAction","target":["https:\/\/www.fiorentini-iberia.com\/en\/expertise\/biomethane\/biogas-upgrading-plant-and-the-injection-of-biomethane-into-the-grid\/"]}]},{"@type":"ImageObject","inLanguage":"en-US","@id":"https:\/\/www.fiorentini-iberia.com\/en\/expertise\/biomethane\/biogas-upgrading-plant-and-the-injection-of-biomethane-into-the-grid\/#primaryimage","url":"https:\/\/www.fiorentini-iberia.com\/wp-content\/uploads\/2024\/02\/Fiorentini_celladati_aerial-ENG-2-1024x577.jpg","contentUrl":"https:\/\/www.fiorentini-iberia.com\/wp-content\/uploads\/2024\/02\/Fiorentini_celladati_aerial-ENG-2-1024x577.jpg"},{"@type":"BreadcrumbList","@id":"https:\/\/www.fiorentini-iberia.com\/en\/expertise\/biomethane\/biogas-upgrading-plant-and-the-injection-of-biomethane-into-the-grid\/#breadcrumb","itemListElement":[{"@type":"ListItem","position":1,"name":"Home","item":"https:\/\/www.fiorentini-iberia.com\/en\/"},{"@type":"ListItem","position":2,"name":"Expertise","item":"https:\/\/www.fiorentini-iberia.com\/en\/expertise\/"},{"@type":"ListItem","position":3,"name":"Biomethane","item":"https:\/\/www.fiorentini-iberia.com\/en\/expertise\/biomethane\/"},{"@type":"ListItem","position":4,"name":"Biogas upgrading plant and the injection of biomethane into the grid\u00a0"}]},{"@type":"WebSite","@id":"https:\/\/www.fiorentini-iberia.com\/en\/#website","url":"https:\/\/www.fiorentini-iberia.com\/en\/","name":"Pietro Fiorentini Iberia","description":"Pietro Fiorentini dise\u00f1a y fabrica componentes, sistemas y servicios para la regulaci\u00f3n, medici\u00f3n, gesti\u00f3n del petr\u00f3leo y el gas natural.","publisher":{"@id":"https:\/\/www.fiorentini-iberia.com\/en\/#organization"},"potentialAction":[{"@type":"SearchAction","target":{"@type":"EntryPoint","urlTemplate":"https:\/\/www.fiorentini-iberia.com\/en\/?s={search_term_string}"},"query-input":{"@type":"PropertyValueSpecification","valueRequired":true,"valueName":"search_term_string"}}],"inLanguage":"en-US"},{"@type":"Organization","@id":"https:\/\/www.fiorentini-iberia.com\/en\/#organization","name":"Pietro Fiorentini Iberia","url":"https:\/\/www.fiorentini-iberia.com\/en\/","logo":{"@type":"ImageObject","inLanguage":"en-US","@id":"https:\/\/www.fiorentini-iberia.com\/en\/#\/schema\/logo\/image\/","url":"https:\/\/www.fiorentini-iberia.com\/wp-content\/uploads\/2020\/11\/logo.svg","contentUrl":"https:\/\/www.fiorentini-iberia.com\/wp-content\/uploads\/2020\/11\/logo.svg","width":227,"height":59,"caption":"Pietro Fiorentini Iberia"},"image":{"@id":"https:\/\/www.fiorentini-iberia.com\/en\/#\/schema\/logo\/image\/"},"sameAs":["https:\/\/x.com\/FiorentiniSpa","https:\/\/www.linkedin.com\/company\/pietro-fiorentini-iberia\/"]}]}},"_links":{"self":[{"href":"https:\/\/www.fiorentini-iberia.com\/en\/wp-json\/wp\/v2\/pages\/48505","targetHints":{"allow":["GET"]}}],"collection":[{"href":"https:\/\/www.fiorentini-iberia.com\/en\/wp-json\/wp\/v2\/pages"}],"about":[{"href":"https:\/\/www.fiorentini-iberia.com\/en\/wp-json\/wp\/v2\/types\/page"}],"author":[{"embeddable":true,"href":"https:\/\/www.fiorentini-iberia.com\/en\/wp-json\/wp\/v2\/users\/15"}],"replies":[{"embeddable":true,"href":"https:\/\/www.fiorentini-iberia.com\/en\/wp-json\/wp\/v2\/comments?post=48505"}],"version-history":[{"count":3,"href":"https:\/\/www.fiorentini-iberia.com\/en\/wp-json\/wp\/v2\/pages\/48505\/revisions"}],"predecessor-version":[{"id":48709,"href":"https:\/\/www.fiorentini-iberia.com\/en\/wp-json\/wp\/v2\/pages\/48505\/revisions\/48709"}],"up":[{"embeddable":true,"href":"https:\/\/www.fiorentini-iberia.com\/en\/wp-json\/wp\/v2\/pages\/29204"}],"wp:attachment":[{"href":"https:\/\/www.fiorentini-iberia.com\/en\/wp-json\/wp\/v2\/media?parent=48505"}],"curies":[{"name":"wp","href":"https:\/\/api.w.org\/{rel}","templated":true}]}}