{"id":48915,"date":"2024-02-20T15:56:42","date_gmt":"2024-02-20T14:56:42","guid":{"rendered":"https:\/\/www.fiorentini-iberia.com\/?page_id=48915"},"modified":"2024-02-20T15:57:14","modified_gmt":"2024-02-20T14:57:14","slug":"regulatory-and-operational-aspects-for-the-cathodic-protection","status":"publish","type":"page","link":"https:\/\/www.fiorentini-iberia.com\/en\/expertise\/cathodic-protection\/regulatory-and-operational-aspects-for-the-cathodic-protection\/","title":{"rendered":"Regulatory and operational aspects for the cathodic protection"},"content":{"rendered":"\n<p>The quality of the cathodic protection service is determined differently depending on the country or according to internal company specifications.<\/p>\n\n\n\n<p>However, any underground metal structure must&nbsp;<strong>comply&nbsp;<\/strong>with&nbsp;<strong>international standards<\/strong>&nbsp;that require the use of the electric potential between the metal structure and the ground as a criterion for defining its protection, i.e.,&nbsp;<strong>the engineering acceptability of the corrosion rate<\/strong>.<\/p>\n\n\n\n<p>As a result, cathodic protection is implemented in&nbsp;<strong>almost all underground structures<\/strong>, especially those in which are piped potentially dangerous or expensive fluids, such as oil and natural gas.<\/p>\n\n\n\n<p>To provide its customers with continuous regulatory updates, Pietro Fiorentini attends both the&nbsp;<strong>national UNI and international EN and ISO technical working tables<\/strong>&nbsp;and the&nbsp;<strong>APCE\u2019s Technical and Training Committees<\/strong>.<\/p>\n\n\n\n<ol class=\"wp-block-list\">\n<li><strong><a href=\"#international\">International regulations<\/a><\/strong><\/li>\n\n\n\n<li><strong><a href=\"#italian\">Italian regulations<\/a><\/strong><\/li>\n<\/ol>\n\n\n\n<p>\u00a0<\/p>\n\n\n\n<h3 class=\"wp-block-heading\" id=\"international\"><strong>International regulations<\/strong><\/h3>\n\n\n\n<p>According to current international regulations,&nbsp;<strong>the measurement methods&nbsp;<\/strong>are identified according to the acquisition technique:&nbsp;<strong>E<sub>ON<\/sub><\/strong>&nbsp;in the case of measurements for switched-on systems, used to generally assess the electrical parameters of the cathodic protection,&nbsp;<strong>E<sub>OFF<\/sub><\/strong>&nbsp;in the case of the technique for switched-off systems, which can also be obtained with the&nbsp;<strong>new, latest-generation acquisition units featuring an integrated cyclic switch<\/strong>&nbsp;in combination with electrodes with anodes that simulate the electro-chemical characteristics and behaviour of the bare pipe.<\/p>\n\n\n\n<h3 class=\"wp-block-heading\" id=\"italian\"><strong>Italian regulations<\/strong><\/h3>\n\n\n\n<p><strong>In Italy<\/strong>, the sector is&nbsp;<strong>regulated by APCE<\/strong>, the Association for Protection from Electrolytic Corrosion&nbsp;<strong>recognized<\/strong>&nbsp;<strong>by ARERA<\/strong>, the independent administrative authority that regulates energy, grids and the environment,&nbsp;<strong>as the competent technical body for the definition of guidelines<\/strong>&nbsp;in the field of cathodic protection for metal pipelines used for distribution, transport and flow lines connecting natural gas storage plants. The quality of service is assessed using the&nbsp;<strong>KT algorithm<\/strong>, which assigns a score to each electrical system: annual compliance is only achieved if it is greater than or equal to 60 points out of a maximum of 100.<\/p>\n","protected":false},"excerpt":{"rendered":"<p>The quality of the cathodic protection service is determined in different ways. There are international standards that require the use of the electric potential between the metal structure and the ground as a criterion for defining its protection.<\/p>\n","protected":false},"author":15,"featured_media":0,"parent":29205,"menu_order":0,"comment_status":"closed","ping_status":"closed","template":"template-expertise-post.php","meta":{"_acf_changed":false,"inline_featured_image":false,"footnotes":""},"class_list":["post-48915","page","type-page","status-publish","hentry"],"acf":[],"yoast_head":"<!-- This site is optimized with the Yoast SEO plugin v27.2 - https:\/\/yoast.com\/product\/yoast-seo-wordpress\/ -->\n<title>Regulatory and operational aspects for the cathodic protection - Pietro Fiorentini<\/title>\n<meta name=\"description\" content=\"Cathodic protection is implemented in\u00a0almost all underground structures, especially those in which are piped potentially dangerous or expensive fluids.\" \/>\n<meta name=\"robots\" content=\"index, follow, max-snippet:-1, max-image-preview:large, max-video-preview:-1\" \/>\n<link rel=\"canonical\" href=\"https:\/\/www.fiorentini-iberia.com\/en\/expertise\/cathodic-protection\/regulatory-and-operational-aspects-for-the-cathodic-protection\/\" \/>\n<meta property=\"og:locale\" content=\"en_US\" \/>\n<meta property=\"og:type\" content=\"article\" \/>\n<meta property=\"og:title\" content=\"Regulatory and operational aspects for the cathodic protection - Pietro Fiorentini\" \/>\n<meta property=\"og:description\" content=\"Cathodic protection is implemented in\u00a0almost all underground structures, especially those in which are piped potentially dangerous or expensive fluids.\" \/>\n<meta property=\"og:url\" content=\"https:\/\/www.fiorentini-iberia.com\/en\/expertise\/cathodic-protection\/regulatory-and-operational-aspects-for-the-cathodic-protection\/\" \/>\n<meta property=\"og:site_name\" content=\"Pietro Fiorentini\" \/>\n<meta property=\"article:modified_time\" content=\"2024-02-20T14:57:14+00:00\" \/>\n<meta name=\"twitter:card\" content=\"summary_large_image\" \/>\n<meta name=\"twitter:site\" content=\"@FiorentiniSpa\" \/>\n<meta name=\"twitter:label1\" content=\"Est. reading time\" \/>\n\t<meta name=\"twitter:data1\" content=\"2 minutes\" \/>\n<script type=\"application\/ld+json\" class=\"yoast-schema-graph\">{\"@context\":\"https:\/\/schema.org\",\"@graph\":[{\"@type\":\"WebPage\",\"@id\":\"https:\/\/www.fiorentini-iberia.com\/en\/expertise\/cathodic-protection\/regulatory-and-operational-aspects-for-the-cathodic-protection\/\",\"url\":\"https:\/\/www.fiorentini-iberia.com\/en\/expertise\/cathodic-protection\/regulatory-and-operational-aspects-for-the-cathodic-protection\/\",\"name\":\"Regulatory and operational aspects for the cathodic protection - Pietro Fiorentini\",\"isPartOf\":{\"@id\":\"https:\/\/www.fiorentini-iberia.com\/en\/#website\"},\"datePublished\":\"2024-02-20T14:56:42+00:00\",\"dateModified\":\"2024-02-20T14:57:14+00:00\",\"description\":\"Cathodic protection is implemented in\u00a0almost all underground structures, especially those in which are piped potentially dangerous or expensive fluids.\",\"breadcrumb\":{\"@id\":\"https:\/\/www.fiorentini-iberia.com\/en\/expertise\/cathodic-protection\/regulatory-and-operational-aspects-for-the-cathodic-protection\/#breadcrumb\"},\"inLanguage\":\"en-US\",\"potentialAction\":[{\"@type\":\"ReadAction\",\"target\":[\"https:\/\/www.fiorentini-iberia.com\/en\/expertise\/cathodic-protection\/regulatory-and-operational-aspects-for-the-cathodic-protection\/\"]}]},{\"@type\":\"BreadcrumbList\",\"@id\":\"https:\/\/www.fiorentini-iberia.com\/en\/expertise\/cathodic-protection\/regulatory-and-operational-aspects-for-the-cathodic-protection\/#breadcrumb\",\"itemListElement\":[{\"@type\":\"ListItem\",\"position\":1,\"name\":\"Home\",\"item\":\"https:\/\/www.fiorentini-iberia.com\/en\/\"},{\"@type\":\"ListItem\",\"position\":2,\"name\":\"Expertise\",\"item\":\"https:\/\/www.fiorentini-iberia.com\/en\/expertise\/\"},{\"@type\":\"ListItem\",\"position\":3,\"name\":\"Cathodic protection\",\"item\":\"https:\/\/www.fiorentini-iberia.com\/en\/expertise\/cathodic-protection\/\"},{\"@type\":\"ListItem\",\"position\":4,\"name\":\"Regulatory and operational aspects for the cathodic protection\"}]},{\"@type\":\"WebSite\",\"@id\":\"https:\/\/www.fiorentini-iberia.com\/en\/#website\",\"url\":\"https:\/\/www.fiorentini-iberia.com\/en\/\",\"name\":\"Pietro Fiorentini Iberia\",\"description\":\"Pietro Fiorentini dise\u00f1a y fabrica componentes, sistemas y servicios para la regulaci\u00f3n, medici\u00f3n, gesti\u00f3n del petr\u00f3leo y el gas natural.\",\"publisher\":{\"@id\":\"https:\/\/www.fiorentini-iberia.com\/en\/#organization\"},\"potentialAction\":[{\"@type\":\"SearchAction\",\"target\":{\"@type\":\"EntryPoint\",\"urlTemplate\":\"https:\/\/www.fiorentini-iberia.com\/en\/?s={search_term_string}\"},\"query-input\":{\"@type\":\"PropertyValueSpecification\",\"valueRequired\":true,\"valueName\":\"search_term_string\"}}],\"inLanguage\":\"en-US\"},{\"@type\":\"Organization\",\"@id\":\"https:\/\/www.fiorentini-iberia.com\/en\/#organization\",\"name\":\"Pietro Fiorentini Iberia\",\"url\":\"https:\/\/www.fiorentini-iberia.com\/en\/\",\"logo\":{\"@type\":\"ImageObject\",\"inLanguage\":\"en-US\",\"@id\":\"https:\/\/www.fiorentini-iberia.com\/en\/#\/schema\/logo\/image\/\",\"url\":\"https:\/\/www.fiorentini-iberia.com\/wp-content\/uploads\/2020\/11\/logo.svg\",\"contentUrl\":\"https:\/\/www.fiorentini-iberia.com\/wp-content\/uploads\/2020\/11\/logo.svg\",\"width\":227,\"height\":59,\"caption\":\"Pietro Fiorentini Iberia\"},\"image\":{\"@id\":\"https:\/\/www.fiorentini-iberia.com\/en\/#\/schema\/logo\/image\/\"},\"sameAs\":[\"https:\/\/x.com\/FiorentiniSpa\",\"https:\/\/www.linkedin.com\/company\/pietro-fiorentini-iberia\/\"]}]}<\/script>\n<!-- \/ Yoast SEO plugin. -->","yoast_head_json":{"title":"Regulatory and operational aspects for the cathodic protection - Pietro Fiorentini","description":"Cathodic protection is implemented in\u00a0almost all underground structures, especially those in which are piped potentially dangerous or expensive fluids.","robots":{"index":"index","follow":"follow","max-snippet":"max-snippet:-1","max-image-preview":"max-image-preview:large","max-video-preview":"max-video-preview:-1"},"canonical":"https:\/\/www.fiorentini-iberia.com\/en\/expertise\/cathodic-protection\/regulatory-and-operational-aspects-for-the-cathodic-protection\/","og_locale":"en_US","og_type":"article","og_title":"Regulatory and operational aspects for the cathodic protection - Pietro Fiorentini","og_description":"Cathodic protection is implemented in\u00a0almost all underground structures, especially those in which are piped potentially dangerous or expensive fluids.","og_url":"https:\/\/www.fiorentini-iberia.com\/en\/expertise\/cathodic-protection\/regulatory-and-operational-aspects-for-the-cathodic-protection\/","og_site_name":"Pietro Fiorentini","article_modified_time":"2024-02-20T14:57:14+00:00","twitter_card":"summary_large_image","twitter_site":"@FiorentiniSpa","twitter_misc":{"Est. reading time":"2 minutes"},"schema":{"@context":"https:\/\/schema.org","@graph":[{"@type":"WebPage","@id":"https:\/\/www.fiorentini-iberia.com\/en\/expertise\/cathodic-protection\/regulatory-and-operational-aspects-for-the-cathodic-protection\/","url":"https:\/\/www.fiorentini-iberia.com\/en\/expertise\/cathodic-protection\/regulatory-and-operational-aspects-for-the-cathodic-protection\/","name":"Regulatory and operational aspects for the cathodic protection - Pietro Fiorentini","isPartOf":{"@id":"https:\/\/www.fiorentini-iberia.com\/en\/#website"},"datePublished":"2024-02-20T14:56:42+00:00","dateModified":"2024-02-20T14:57:14+00:00","description":"Cathodic protection is implemented in\u00a0almost all underground structures, especially those in which are piped potentially dangerous or expensive fluids.","breadcrumb":{"@id":"https:\/\/www.fiorentini-iberia.com\/en\/expertise\/cathodic-protection\/regulatory-and-operational-aspects-for-the-cathodic-protection\/#breadcrumb"},"inLanguage":"en-US","potentialAction":[{"@type":"ReadAction","target":["https:\/\/www.fiorentini-iberia.com\/en\/expertise\/cathodic-protection\/regulatory-and-operational-aspects-for-the-cathodic-protection\/"]}]},{"@type":"BreadcrumbList","@id":"https:\/\/www.fiorentini-iberia.com\/en\/expertise\/cathodic-protection\/regulatory-and-operational-aspects-for-the-cathodic-protection\/#breadcrumb","itemListElement":[{"@type":"ListItem","position":1,"name":"Home","item":"https:\/\/www.fiorentini-iberia.com\/en\/"},{"@type":"ListItem","position":2,"name":"Expertise","item":"https:\/\/www.fiorentini-iberia.com\/en\/expertise\/"},{"@type":"ListItem","position":3,"name":"Cathodic protection","item":"https:\/\/www.fiorentini-iberia.com\/en\/expertise\/cathodic-protection\/"},{"@type":"ListItem","position":4,"name":"Regulatory and operational aspects for the cathodic protection"}]},{"@type":"WebSite","@id":"https:\/\/www.fiorentini-iberia.com\/en\/#website","url":"https:\/\/www.fiorentini-iberia.com\/en\/","name":"Pietro Fiorentini Iberia","description":"Pietro Fiorentini dise\u00f1a y fabrica componentes, sistemas y servicios para la regulaci\u00f3n, medici\u00f3n, gesti\u00f3n del petr\u00f3leo y el gas natural.","publisher":{"@id":"https:\/\/www.fiorentini-iberia.com\/en\/#organization"},"potentialAction":[{"@type":"SearchAction","target":{"@type":"EntryPoint","urlTemplate":"https:\/\/www.fiorentini-iberia.com\/en\/?s={search_term_string}"},"query-input":{"@type":"PropertyValueSpecification","valueRequired":true,"valueName":"search_term_string"}}],"inLanguage":"en-US"},{"@type":"Organization","@id":"https:\/\/www.fiorentini-iberia.com\/en\/#organization","name":"Pietro Fiorentini Iberia","url":"https:\/\/www.fiorentini-iberia.com\/en\/","logo":{"@type":"ImageObject","inLanguage":"en-US","@id":"https:\/\/www.fiorentini-iberia.com\/en\/#\/schema\/logo\/image\/","url":"https:\/\/www.fiorentini-iberia.com\/wp-content\/uploads\/2020\/11\/logo.svg","contentUrl":"https:\/\/www.fiorentini-iberia.com\/wp-content\/uploads\/2020\/11\/logo.svg","width":227,"height":59,"caption":"Pietro Fiorentini Iberia"},"image":{"@id":"https:\/\/www.fiorentini-iberia.com\/en\/#\/schema\/logo\/image\/"},"sameAs":["https:\/\/x.com\/FiorentiniSpa","https:\/\/www.linkedin.com\/company\/pietro-fiorentini-iberia\/"]}]}},"_links":{"self":[{"href":"https:\/\/www.fiorentini-iberia.com\/en\/wp-json\/wp\/v2\/pages\/48915","targetHints":{"allow":["GET"]}}],"collection":[{"href":"https:\/\/www.fiorentini-iberia.com\/en\/wp-json\/wp\/v2\/pages"}],"about":[{"href":"https:\/\/www.fiorentini-iberia.com\/en\/wp-json\/wp\/v2\/types\/page"}],"author":[{"embeddable":true,"href":"https:\/\/www.fiorentini-iberia.com\/en\/wp-json\/wp\/v2\/users\/15"}],"replies":[{"embeddable":true,"href":"https:\/\/www.fiorentini-iberia.com\/en\/wp-json\/wp\/v2\/comments?post=48915"}],"version-history":[{"count":2,"href":"https:\/\/www.fiorentini-iberia.com\/en\/wp-json\/wp\/v2\/pages\/48915\/revisions"}],"predecessor-version":[{"id":48917,"href":"https:\/\/www.fiorentini-iberia.com\/en\/wp-json\/wp\/v2\/pages\/48915\/revisions\/48917"}],"up":[{"embeddable":true,"href":"https:\/\/www.fiorentini-iberia.com\/en\/wp-json\/wp\/v2\/pages\/29205"}],"wp:attachment":[{"href":"https:\/\/www.fiorentini-iberia.com\/en\/wp-json\/wp\/v2\/media?parent=48915"}],"curies":[{"name":"wp","href":"https:\/\/api.w.org\/{rel}","templated":true}]}}