{"id":50459,"date":"2024-03-15T12:17:42","date_gmt":"2024-03-15T11:17:42","guid":{"rendered":"https:\/\/www.fiorentini-iberia.com\/?page_id=50459"},"modified":"2024-03-15T12:21:43","modified_gmt":"2024-03-15T11:21:43","slug":"biogas-cogeneration-with-turbine","status":"publish","type":"page","link":"https:\/\/www.fiorentini-iberia.com\/en\/expertise\/biomethane\/biogas-cogeneration-with-turbine\/","title":{"rendered":"Biogas cogeneration with turbine"},"content":{"rendered":"\n<p><strong>Biokomp<\/strong>\u00a0offers a wide range of gas processing systems for\u00a0<strong>microturbine<\/strong>\u00a0applications with capacities ranging from 5 Nm3\/h per hour to 5.000 Nm3\/h. Our clean-up, dewatering and compression units are designed to operate with several fuel types (Natural gas, Wellhead gas, Associated Petroleum Gas, Biogas).<\/p>\n\n\n\n<figure class=\"wp-block-embed is-type-video is-provider-youtube wp-block-embed-youtube wp-embed-aspect-16-9 wp-has-aspect-ratio\"><div class=\"wp-block-embed__wrapper\">\n<iframe loading=\"lazy\" title=\"bio-komp\u00ae compression technology\" width=\"500\" height=\"281\" src=\"https:\/\/www.youtube.com\/embed\/RP5QEUpZpns?feature=oembed\" frameborder=\"0\" allow=\"accelerometer; autoplay; clipboard-write; encrypted-media; gyroscope; picture-in-picture; web-share\" referrerpolicy=\"strict-origin-when-cross-origin\" allowfullscreen><\/iframe>\n<\/div><\/figure>\n\n\n\n<p>Client:\u00a0<strong>LAIBACH DOO<\/strong><br>Country:\u00a0<strong>Slovenia<\/strong><br>\u00a0<br>Founded in 1992 as a family business and originally focused on the distribution of industrial semifinished products, Laibach has been connected with customers active in power distribution and research institutes since its inception.<br>\u00a0<br>Laibach\u2019s team provides project planning, installation supervision, start-up, and maintenance of Capstone products, ensuring turn-key solutions within Slovenia and Croatia.<br>\u00a0<br><a href=\"https:\/\/www.bio-komp.com\/case-studies\" target=\"_blank\" rel=\"noreferrer noopener\"><strong>> Find out more about this case study in this link.<\/strong><\/a><br><a href=\"https:\/\/www.bio-komp.com\/filedata\/BIOKOMP_Natural_Gas_2018.pdf\" target=\"_blank\" rel=\"noreferrer noopener\"><strong>> Download the Natural Gas Solutions data sheet.<\/strong><\/a><\/p>\n\n\n\n<p>\u00a0<\/p>\n\n\n\n<figure class=\"wp-block-image size-large\"><img decoding=\"async\" src=\"https:\/\/www.fiorentini-iberia.com\/wp-content\/uploads\/2024\/02\/case-study-03-1.jpg\" alt=\"\"\/><\/figure>\n\n\n\n<p>&nbsp;<\/p>\n\n\n\n<p class=\"has-text-color has-link-color has-large-font-size wp-elements-7c5d3c50d77dd2a809fd410378d02781\" style=\"color:#199782\"><strong>> <\/strong><a href=\"https:\/\/www.bio-komp.com\/impianti\/103\/LAIBACH-DOO.html\" target=\"_blank\" rel=\"noreferrer noopener\"><strong>More project info.<\/strong><\/a><\/p>\n\n\n\n<div style=\"height:20px\" aria-hidden=\"true\" class=\"wp-block-spacer\"><\/div>\n\n\n\n<p class=\"has-text-color has-link-color has-large-font-size wp-elements-ab6cc37259860ab3889cea5e89bba728\" style=\"color:#199782\"><strong>&gt;<\/strong>  <strong><a href=\"https:\/\/www.fiorentini-iberia.com\/en\/news\/biokomp-biogas-treatment-plant\/\">Visit the BIOKOMP presentation new.<\/a><\/strong> <\/p>\n","protected":false},"excerpt":{"rendered":"<p>Biokomp\u00a0offers a wide range of gas processing systems for\u00a0microturbine\u00a0applications with capacities ranging from 5 Nm3\/h per hour to 5.000 Nm3\/h. Our clean-up, dewatering and compression units are designed to operate with several fuel types (Natural gas, Wellhead gas, Associated Petroleum Gas, Biogas).<\/p>\n","protected":false},"author":15,"featured_media":0,"parent":29204,"menu_order":0,"comment_status":"closed","ping_status":"closed","template":"template-expertise-post.php","meta":{"_acf_changed":false,"inline_featured_image":false,"footnotes":""},"class_list":["post-50459","page","type-page","status-publish","hentry"],"acf":[],"yoast_head":"<!-- This site is optimized with the Yoast SEO plugin v27.2 - https:\/\/yoast.com\/product\/yoast-seo-wordpress\/ -->\n<title>Biogas cogeneration with turbine - Pietro Fiorentini<\/title>\n<meta name=\"description\" content=\"Our clean-up, dewatering and compression units are designed to operate with several fuel types (Natural gas, Wellhead gas, Associated Petroleum Gas, Biogas).\" \/>\n<meta name=\"robots\" content=\"index, follow, max-snippet:-1, max-image-preview:large, max-video-preview:-1\" \/>\n<link rel=\"canonical\" href=\"https:\/\/www.fiorentini-iberia.com\/en\/expertise\/biomethane\/biogas-cogeneration-with-turbine\/\" \/>\n<meta property=\"og:locale\" content=\"en_US\" \/>\n<meta property=\"og:type\" content=\"article\" \/>\n<meta property=\"og:title\" content=\"Biogas cogeneration with turbine - Pietro Fiorentini\" \/>\n<meta property=\"og:description\" content=\"Our clean-up, dewatering and compression units are designed to operate with several fuel types (Natural gas, Wellhead gas, Associated Petroleum Gas, Biogas).\" \/>\n<meta property=\"og:url\" content=\"https:\/\/www.fiorentini-iberia.com\/en\/expertise\/biomethane\/biogas-cogeneration-with-turbine\/\" \/>\n<meta property=\"og:site_name\" content=\"Pietro Fiorentini\" \/>\n<meta property=\"article:modified_time\" content=\"2024-03-15T11:21:43+00:00\" \/>\n<meta property=\"og:image\" content=\"https:\/\/www.fiorentini-iberia.com\/wp-content\/uploads\/2024\/02\/case-study-03-1.jpg\" \/>\n<meta name=\"twitter:card\" content=\"summary_large_image\" \/>\n<meta name=\"twitter:site\" content=\"@FiorentiniSpa\" \/>\n<meta name=\"twitter:label1\" content=\"Est. reading time\" \/>\n\t<meta name=\"twitter:data1\" content=\"1 minute\" \/>\n<script type=\"application\/ld+json\" class=\"yoast-schema-graph\">{\"@context\":\"https:\/\/schema.org\",\"@graph\":[{\"@type\":\"WebPage\",\"@id\":\"https:\/\/www.fiorentini-iberia.com\/en\/expertise\/biomethane\/biogas-cogeneration-with-turbine\/\",\"url\":\"https:\/\/www.fiorentini-iberia.com\/en\/expertise\/biomethane\/biogas-cogeneration-with-turbine\/\",\"name\":\"Biogas cogeneration with turbine - Pietro Fiorentini\",\"isPartOf\":{\"@id\":\"https:\/\/www.fiorentini-iberia.com\/en\/#website\"},\"primaryImageOfPage\":{\"@id\":\"https:\/\/www.fiorentini-iberia.com\/en\/expertise\/biomethane\/biogas-cogeneration-with-turbine\/#primaryimage\"},\"image\":{\"@id\":\"https:\/\/www.fiorentini-iberia.com\/en\/expertise\/biomethane\/biogas-cogeneration-with-turbine\/#primaryimage\"},\"thumbnailUrl\":\"https:\/\/www.fiorentini-iberia.com\/wp-content\/uploads\/2024\/02\/case-study-03-1.jpg\",\"datePublished\":\"2024-03-15T11:17:42+00:00\",\"dateModified\":\"2024-03-15T11:21:43+00:00\",\"description\":\"Our clean-up, dewatering and compression units are designed to operate with several fuel types (Natural gas, Wellhead gas, Associated Petroleum Gas, Biogas).\",\"breadcrumb\":{\"@id\":\"https:\/\/www.fiorentini-iberia.com\/en\/expertise\/biomethane\/biogas-cogeneration-with-turbine\/#breadcrumb\"},\"inLanguage\":\"en-US\",\"potentialAction\":[{\"@type\":\"ReadAction\",\"target\":[\"https:\/\/www.fiorentini-iberia.com\/en\/expertise\/biomethane\/biogas-cogeneration-with-turbine\/\"]}]},{\"@type\":\"ImageObject\",\"inLanguage\":\"en-US\",\"@id\":\"https:\/\/www.fiorentini-iberia.com\/en\/expertise\/biomethane\/biogas-cogeneration-with-turbine\/#primaryimage\",\"url\":\"https:\/\/www.fiorentini-iberia.com\/wp-content\/uploads\/2024\/02\/case-study-03-1.jpg\",\"contentUrl\":\"https:\/\/www.fiorentini-iberia.com\/wp-content\/uploads\/2024\/02\/case-study-03-1.jpg\"},{\"@type\":\"BreadcrumbList\",\"@id\":\"https:\/\/www.fiorentini-iberia.com\/en\/expertise\/biomethane\/biogas-cogeneration-with-turbine\/#breadcrumb\",\"itemListElement\":[{\"@type\":\"ListItem\",\"position\":1,\"name\":\"Home\",\"item\":\"https:\/\/www.fiorentini-iberia.com\/en\/\"},{\"@type\":\"ListItem\",\"position\":2,\"name\":\"Expertise\",\"item\":\"https:\/\/www.fiorentini-iberia.com\/en\/expertise\/\"},{\"@type\":\"ListItem\",\"position\":3,\"name\":\"Biomethane\",\"item\":\"https:\/\/www.fiorentini-iberia.com\/en\/expertise\/biomethane\/\"},{\"@type\":\"ListItem\",\"position\":4,\"name\":\"Biogas cogeneration with turbine\"}]},{\"@type\":\"WebSite\",\"@id\":\"https:\/\/www.fiorentini-iberia.com\/en\/#website\",\"url\":\"https:\/\/www.fiorentini-iberia.com\/en\/\",\"name\":\"Pietro Fiorentini Iberia\",\"description\":\"Pietro Fiorentini dise\u00f1a y fabrica componentes, sistemas y servicios para la regulaci\u00f3n, medici\u00f3n, gesti\u00f3n del petr\u00f3leo y el gas natural.\",\"publisher\":{\"@id\":\"https:\/\/www.fiorentini-iberia.com\/en\/#organization\"},\"potentialAction\":[{\"@type\":\"SearchAction\",\"target\":{\"@type\":\"EntryPoint\",\"urlTemplate\":\"https:\/\/www.fiorentini-iberia.com\/en\/?s={search_term_string}\"},\"query-input\":{\"@type\":\"PropertyValueSpecification\",\"valueRequired\":true,\"valueName\":\"search_term_string\"}}],\"inLanguage\":\"en-US\"},{\"@type\":\"Organization\",\"@id\":\"https:\/\/www.fiorentini-iberia.com\/en\/#organization\",\"name\":\"Pietro Fiorentini Iberia\",\"url\":\"https:\/\/www.fiorentini-iberia.com\/en\/\",\"logo\":{\"@type\":\"ImageObject\",\"inLanguage\":\"en-US\",\"@id\":\"https:\/\/www.fiorentini-iberia.com\/en\/#\/schema\/logo\/image\/\",\"url\":\"https:\/\/www.fiorentini-iberia.com\/wp-content\/uploads\/2020\/11\/logo.svg\",\"contentUrl\":\"https:\/\/www.fiorentini-iberia.com\/wp-content\/uploads\/2020\/11\/logo.svg\",\"width\":227,\"height\":59,\"caption\":\"Pietro Fiorentini Iberia\"},\"image\":{\"@id\":\"https:\/\/www.fiorentini-iberia.com\/en\/#\/schema\/logo\/image\/\"},\"sameAs\":[\"https:\/\/x.com\/FiorentiniSpa\",\"https:\/\/www.linkedin.com\/company\/pietro-fiorentini-iberia\/\"]}]}<\/script>\n<!-- \/ Yoast SEO plugin. -->","yoast_head_json":{"title":"Biogas cogeneration with turbine - Pietro Fiorentini","description":"Our clean-up, dewatering and compression units are designed to operate with several fuel types (Natural gas, Wellhead gas, Associated Petroleum Gas, Biogas).","robots":{"index":"index","follow":"follow","max-snippet":"max-snippet:-1","max-image-preview":"max-image-preview:large","max-video-preview":"max-video-preview:-1"},"canonical":"https:\/\/www.fiorentini-iberia.com\/en\/expertise\/biomethane\/biogas-cogeneration-with-turbine\/","og_locale":"en_US","og_type":"article","og_title":"Biogas cogeneration with turbine - Pietro Fiorentini","og_description":"Our clean-up, dewatering and compression units are designed to operate with several fuel types (Natural gas, Wellhead gas, Associated Petroleum Gas, Biogas).","og_url":"https:\/\/www.fiorentini-iberia.com\/en\/expertise\/biomethane\/biogas-cogeneration-with-turbine\/","og_site_name":"Pietro Fiorentini","article_modified_time":"2024-03-15T11:21:43+00:00","og_image":[{"url":"https:\/\/www.fiorentini-iberia.com\/wp-content\/uploads\/2024\/02\/case-study-03-1.jpg","type":"","width":"","height":""}],"twitter_card":"summary_large_image","twitter_site":"@FiorentiniSpa","twitter_misc":{"Est. reading time":"1 minute"},"schema":{"@context":"https:\/\/schema.org","@graph":[{"@type":"WebPage","@id":"https:\/\/www.fiorentini-iberia.com\/en\/expertise\/biomethane\/biogas-cogeneration-with-turbine\/","url":"https:\/\/www.fiorentini-iberia.com\/en\/expertise\/biomethane\/biogas-cogeneration-with-turbine\/","name":"Biogas cogeneration with turbine - Pietro Fiorentini","isPartOf":{"@id":"https:\/\/www.fiorentini-iberia.com\/en\/#website"},"primaryImageOfPage":{"@id":"https:\/\/www.fiorentini-iberia.com\/en\/expertise\/biomethane\/biogas-cogeneration-with-turbine\/#primaryimage"},"image":{"@id":"https:\/\/www.fiorentini-iberia.com\/en\/expertise\/biomethane\/biogas-cogeneration-with-turbine\/#primaryimage"},"thumbnailUrl":"https:\/\/www.fiorentini-iberia.com\/wp-content\/uploads\/2024\/02\/case-study-03-1.jpg","datePublished":"2024-03-15T11:17:42+00:00","dateModified":"2024-03-15T11:21:43+00:00","description":"Our clean-up, dewatering and compression units are designed to operate with several fuel types (Natural gas, Wellhead gas, Associated Petroleum Gas, Biogas).","breadcrumb":{"@id":"https:\/\/www.fiorentini-iberia.com\/en\/expertise\/biomethane\/biogas-cogeneration-with-turbine\/#breadcrumb"},"inLanguage":"en-US","potentialAction":[{"@type":"ReadAction","target":["https:\/\/www.fiorentini-iberia.com\/en\/expertise\/biomethane\/biogas-cogeneration-with-turbine\/"]}]},{"@type":"ImageObject","inLanguage":"en-US","@id":"https:\/\/www.fiorentini-iberia.com\/en\/expertise\/biomethane\/biogas-cogeneration-with-turbine\/#primaryimage","url":"https:\/\/www.fiorentini-iberia.com\/wp-content\/uploads\/2024\/02\/case-study-03-1.jpg","contentUrl":"https:\/\/www.fiorentini-iberia.com\/wp-content\/uploads\/2024\/02\/case-study-03-1.jpg"},{"@type":"BreadcrumbList","@id":"https:\/\/www.fiorentini-iberia.com\/en\/expertise\/biomethane\/biogas-cogeneration-with-turbine\/#breadcrumb","itemListElement":[{"@type":"ListItem","position":1,"name":"Home","item":"https:\/\/www.fiorentini-iberia.com\/en\/"},{"@type":"ListItem","position":2,"name":"Expertise","item":"https:\/\/www.fiorentini-iberia.com\/en\/expertise\/"},{"@type":"ListItem","position":3,"name":"Biomethane","item":"https:\/\/www.fiorentini-iberia.com\/en\/expertise\/biomethane\/"},{"@type":"ListItem","position":4,"name":"Biogas cogeneration with turbine"}]},{"@type":"WebSite","@id":"https:\/\/www.fiorentini-iberia.com\/en\/#website","url":"https:\/\/www.fiorentini-iberia.com\/en\/","name":"Pietro Fiorentini Iberia","description":"Pietro Fiorentini dise\u00f1a y fabrica componentes, sistemas y servicios para la regulaci\u00f3n, medici\u00f3n, gesti\u00f3n del petr\u00f3leo y el gas natural.","publisher":{"@id":"https:\/\/www.fiorentini-iberia.com\/en\/#organization"},"potentialAction":[{"@type":"SearchAction","target":{"@type":"EntryPoint","urlTemplate":"https:\/\/www.fiorentini-iberia.com\/en\/?s={search_term_string}"},"query-input":{"@type":"PropertyValueSpecification","valueRequired":true,"valueName":"search_term_string"}}],"inLanguage":"en-US"},{"@type":"Organization","@id":"https:\/\/www.fiorentini-iberia.com\/en\/#organization","name":"Pietro Fiorentini Iberia","url":"https:\/\/www.fiorentini-iberia.com\/en\/","logo":{"@type":"ImageObject","inLanguage":"en-US","@id":"https:\/\/www.fiorentini-iberia.com\/en\/#\/schema\/logo\/image\/","url":"https:\/\/www.fiorentini-iberia.com\/wp-content\/uploads\/2020\/11\/logo.svg","contentUrl":"https:\/\/www.fiorentini-iberia.com\/wp-content\/uploads\/2020\/11\/logo.svg","width":227,"height":59,"caption":"Pietro Fiorentini Iberia"},"image":{"@id":"https:\/\/www.fiorentini-iberia.com\/en\/#\/schema\/logo\/image\/"},"sameAs":["https:\/\/x.com\/FiorentiniSpa","https:\/\/www.linkedin.com\/company\/pietro-fiorentini-iberia\/"]}]}},"_links":{"self":[{"href":"https:\/\/www.fiorentini-iberia.com\/en\/wp-json\/wp\/v2\/pages\/50459","targetHints":{"allow":["GET"]}}],"collection":[{"href":"https:\/\/www.fiorentini-iberia.com\/en\/wp-json\/wp\/v2\/pages"}],"about":[{"href":"https:\/\/www.fiorentini-iberia.com\/en\/wp-json\/wp\/v2\/types\/page"}],"author":[{"embeddable":true,"href":"https:\/\/www.fiorentini-iberia.com\/en\/wp-json\/wp\/v2\/users\/15"}],"replies":[{"embeddable":true,"href":"https:\/\/www.fiorentini-iberia.com\/en\/wp-json\/wp\/v2\/comments?post=50459"}],"version-history":[{"count":3,"href":"https:\/\/www.fiorentini-iberia.com\/en\/wp-json\/wp\/v2\/pages\/50459\/revisions"}],"predecessor-version":[{"id":50468,"href":"https:\/\/www.fiorentini-iberia.com\/en\/wp-json\/wp\/v2\/pages\/50459\/revisions\/50468"}],"up":[{"embeddable":true,"href":"https:\/\/www.fiorentini-iberia.com\/en\/wp-json\/wp\/v2\/pages\/29204"}],"wp:attachment":[{"href":"https:\/\/www.fiorentini-iberia.com\/en\/wp-json\/wp\/v2\/media?parent=50459"}],"curies":[{"name":"wp","href":"https:\/\/api.w.org\/{rel}","templated":true}]}}