{"id":50469,"date":"2024-03-15T12:34:27","date_gmt":"2024-03-15T11:34:27","guid":{"rendered":"https:\/\/www.fiorentini-iberia.com\/?page_id=50469"},"modified":"2024-03-15T13:02:56","modified_gmt":"2024-03-15T12:02:56","slug":"biogas-cogeneration-with-engine","status":"publish","type":"page","link":"https:\/\/www.fiorentini-iberia.com\/en\/expertise\/biomethane\/biogas-cogeneration-with-engine\/","title":{"rendered":"Biogas cogeneration with engine"},"content":{"rendered":"\n<p>Our compressor series for CHP gas engines stands out for reliability, high efficiency, and easy maintenance, making them a perfect fit for your power generation project. Discover the unique advantages of\u00a0<strong>Biokomp<\/strong>\u00a0compressors, which combine high quality materials and special coatings to meet the heavy-duty requirements of an industrial power plant.<\/p>\n\n\n\n<p>\u00a0<\/p>\n\n\n\n<figure class=\"wp-block-image size-full\"><img loading=\"lazy\" decoding=\"async\" width=\"864\" height=\"648\" src=\"https:\/\/www.fiorentini-iberia.com\/wp-content\/uploads\/2024\/03\/IMG_55C663-C7A526-6A377A-899E8D-F2AFCC-5C6CE7.jpg\" alt=\"\" class=\"wp-image-50470\" srcset=\"https:\/\/www.fiorentini-iberia.com\/wp-content\/uploads\/2024\/03\/IMG_55C663-C7A526-6A377A-899E8D-F2AFCC-5C6CE7.jpg 864w, https:\/\/www.fiorentini-iberia.com\/wp-content\/uploads\/2024\/03\/IMG_55C663-C7A526-6A377A-899E8D-F2AFCC-5C6CE7-300x225.jpg 300w, https:\/\/www.fiorentini-iberia.com\/wp-content\/uploads\/2024\/03\/IMG_55C663-C7A526-6A377A-899E8D-F2AFCC-5C6CE7-768x576.jpg 768w\" sizes=\"auto, (max-width: 864px) 100vw, 864px\" \/><\/figure>\n\n\n\n<p>\u00a0<br>Client:\u00a0<strong>SPUMADOR<\/strong><br>Country:\u00a0<strong>Italy<\/strong><br>\u00a0<br>Spumador S.p.A. is a producer of carbonated soft drinks. Founded in 1888 in Cermenate, in the province of Como, Domenico and Regina Verga started the production of carbonated soft drinks.<br>\u00a0<br>Today, the Como-based group has more than 400 employees and a total of four bottling plants for 22 production lines.<br>\u00a0<br><a href=\"https:\/\/www.bio-komp.com\/case-studies\" target=\"_blank\" rel=\"noreferrer noopener\"><strong>> Find out more about this case study in this link.<\/strong><\/a><br><a href=\"https:\/\/www.bio-komp.com\/filedata\/BIOKOMP_Biogas_2018.pdf\" target=\"_blank\" rel=\"noreferrer noopener\"><strong>> Download the Biogas Solutions data sheet.<\/strong><\/a><\/p>\n\n\n\n<p>\u00a0<\/p>\n\n\n\n<figure class=\"wp-block-image size-large\"><img decoding=\"async\" src=\"https:\/\/www.fiorentini-iberia.com\/wp-content\/uploads\/2024\/02\/case-study-04.jpg\" alt=\"\"\/><\/figure>\n\n\n\n<p>&nbsp;<\/p>\n\n\n\n<p class=\"has-text-color has-link-color has-large-font-size wp-elements-bb2a9186bc7f6a9f86808591536d0bf2\" style=\"color:#199782\"><strong>> <\/strong><a href=\"https:\/\/www.bio-komp.com\/impianti\/74\/SPUMADOR.html\" target=\"_blank\" rel=\"noreferrer noopener\"><strong>More project info.<\/strong><\/a><\/p>\n\n\n\n<div style=\"height:32px\" aria-hidden=\"true\" class=\"wp-block-spacer\"><\/div>\n\n\n\n<p class=\"has-text-color has-link-color has-large-font-size wp-elements-ab6cc37259860ab3889cea5e89bba728\" style=\"color:#199782\"><strong>&gt;<\/strong>  <strong><a href=\"https:\/\/www.fiorentini-iberia.com\/en\/news\/biokomp-biogas-treatment-plant\/\">Visit the BIOKOMP presentation new.<\/a><\/strong> <\/p>\n","protected":false},"excerpt":{"rendered":"<p>Our compressor series for CHP gas engines stands out for reliability, high efficiency, and easy maintenance, making them a perfect fit for your power generation project. Discover the unique advantages of\u00a0Biokomp\u00a0compressors, which combine high quality materials and special coatings to meet the heavy-duty requirements of an industrial power plant.<\/p>\n","protected":false},"author":15,"featured_media":0,"parent":29204,"menu_order":0,"comment_status":"closed","ping_status":"closed","template":"template-expertise-post.php","meta":{"_acf_changed":false,"inline_featured_image":false,"footnotes":""},"class_list":["post-50469","page","type-page","status-publish","hentry"],"acf":[],"yoast_head":"<!-- This site is optimized with the Yoast SEO plugin v27.2 - https:\/\/yoast.com\/product\/yoast-seo-wordpress\/ -->\n<title>Biogas cogeneration with engine - Pietro Fiorentini<\/title>\n<meta name=\"description\" content=\"Discover the unique advantages of\u00a0Biokomp\u00a0compressors, which combine high quality materials and special coatings to meet the heavy-duty requirements of an industrial power plant.\" \/>\n<meta name=\"robots\" content=\"index, follow, max-snippet:-1, max-image-preview:large, max-video-preview:-1\" \/>\n<link rel=\"canonical\" href=\"https:\/\/www.fiorentini-iberia.com\/en\/expertise\/biomethane\/biogas-cogeneration-with-engine\/\" \/>\n<meta property=\"og:locale\" content=\"en_US\" \/>\n<meta property=\"og:type\" content=\"article\" \/>\n<meta property=\"og:title\" content=\"Biogas cogeneration with engine - Pietro Fiorentini\" \/>\n<meta property=\"og:description\" content=\"Discover the unique advantages of\u00a0Biokomp\u00a0compressors, which combine high quality materials and special coatings to meet the heavy-duty requirements of an industrial power plant.\" \/>\n<meta property=\"og:url\" content=\"https:\/\/www.fiorentini-iberia.com\/en\/expertise\/biomethane\/biogas-cogeneration-with-engine\/\" \/>\n<meta property=\"og:site_name\" content=\"Pietro Fiorentini\" \/>\n<meta property=\"article:modified_time\" content=\"2024-03-15T12:02:56+00:00\" \/>\n<meta property=\"og:image\" content=\"https:\/\/www.fiorentini-iberia.com\/wp-content\/uploads\/2024\/03\/IMG_55C663-C7A526-6A377A-899E8D-F2AFCC-5C6CE7.jpg\" \/>\n<meta name=\"twitter:card\" content=\"summary_large_image\" \/>\n<meta name=\"twitter:site\" content=\"@FiorentiniSpa\" \/>\n<meta name=\"twitter:label1\" content=\"Est. reading time\" \/>\n\t<meta name=\"twitter:data1\" content=\"1 minute\" \/>\n<script type=\"application\/ld+json\" class=\"yoast-schema-graph\">{\"@context\":\"https:\/\/schema.org\",\"@graph\":[{\"@type\":\"WebPage\",\"@id\":\"https:\/\/www.fiorentini-iberia.com\/en\/expertise\/biomethane\/biogas-cogeneration-with-engine\/\",\"url\":\"https:\/\/www.fiorentini-iberia.com\/en\/expertise\/biomethane\/biogas-cogeneration-with-engine\/\",\"name\":\"Biogas cogeneration with engine - Pietro Fiorentini\",\"isPartOf\":{\"@id\":\"https:\/\/www.fiorentini-iberia.com\/en\/#website\"},\"primaryImageOfPage\":{\"@id\":\"https:\/\/www.fiorentini-iberia.com\/en\/expertise\/biomethane\/biogas-cogeneration-with-engine\/#primaryimage\"},\"image\":{\"@id\":\"https:\/\/www.fiorentini-iberia.com\/en\/expertise\/biomethane\/biogas-cogeneration-with-engine\/#primaryimage\"},\"thumbnailUrl\":\"https:\/\/www.fiorentini-iberia.com\/wp-content\/uploads\/2024\/03\/IMG_55C663-C7A526-6A377A-899E8D-F2AFCC-5C6CE7.jpg\",\"datePublished\":\"2024-03-15T11:34:27+00:00\",\"dateModified\":\"2024-03-15T12:02:56+00:00\",\"description\":\"Discover the unique advantages of\u00a0Biokomp\u00a0compressors, which combine high quality materials and special coatings to meet the heavy-duty requirements of an industrial power plant.\",\"breadcrumb\":{\"@id\":\"https:\/\/www.fiorentini-iberia.com\/en\/expertise\/biomethane\/biogas-cogeneration-with-engine\/#breadcrumb\"},\"inLanguage\":\"en-US\",\"potentialAction\":[{\"@type\":\"ReadAction\",\"target\":[\"https:\/\/www.fiorentini-iberia.com\/en\/expertise\/biomethane\/biogas-cogeneration-with-engine\/\"]}]},{\"@type\":\"ImageObject\",\"inLanguage\":\"en-US\",\"@id\":\"https:\/\/www.fiorentini-iberia.com\/en\/expertise\/biomethane\/biogas-cogeneration-with-engine\/#primaryimage\",\"url\":\"https:\/\/www.fiorentini-iberia.com\/wp-content\/uploads\/2024\/03\/IMG_55C663-C7A526-6A377A-899E8D-F2AFCC-5C6CE7.jpg\",\"contentUrl\":\"https:\/\/www.fiorentini-iberia.com\/wp-content\/uploads\/2024\/03\/IMG_55C663-C7A526-6A377A-899E8D-F2AFCC-5C6CE7.jpg\"},{\"@type\":\"BreadcrumbList\",\"@id\":\"https:\/\/www.fiorentini-iberia.com\/en\/expertise\/biomethane\/biogas-cogeneration-with-engine\/#breadcrumb\",\"itemListElement\":[{\"@type\":\"ListItem\",\"position\":1,\"name\":\"Home\",\"item\":\"https:\/\/www.fiorentini-iberia.com\/en\/\"},{\"@type\":\"ListItem\",\"position\":2,\"name\":\"Expertise\",\"item\":\"https:\/\/www.fiorentini-iberia.com\/en\/expertise\/\"},{\"@type\":\"ListItem\",\"position\":3,\"name\":\"Biomethane\",\"item\":\"https:\/\/www.fiorentini-iberia.com\/en\/expertise\/biomethane\/\"},{\"@type\":\"ListItem\",\"position\":4,\"name\":\"Biogas cogeneration with engine\"}]},{\"@type\":\"WebSite\",\"@id\":\"https:\/\/www.fiorentini-iberia.com\/en\/#website\",\"url\":\"https:\/\/www.fiorentini-iberia.com\/en\/\",\"name\":\"Pietro Fiorentini Iberia\",\"description\":\"Pietro Fiorentini dise\u00f1a y fabrica componentes, sistemas y servicios para la regulaci\u00f3n, medici\u00f3n, gesti\u00f3n del petr\u00f3leo y el gas natural.\",\"publisher\":{\"@id\":\"https:\/\/www.fiorentini-iberia.com\/en\/#organization\"},\"potentialAction\":[{\"@type\":\"SearchAction\",\"target\":{\"@type\":\"EntryPoint\",\"urlTemplate\":\"https:\/\/www.fiorentini-iberia.com\/en\/?s={search_term_string}\"},\"query-input\":{\"@type\":\"PropertyValueSpecification\",\"valueRequired\":true,\"valueName\":\"search_term_string\"}}],\"inLanguage\":\"en-US\"},{\"@type\":\"Organization\",\"@id\":\"https:\/\/www.fiorentini-iberia.com\/en\/#organization\",\"name\":\"Pietro Fiorentini Iberia\",\"url\":\"https:\/\/www.fiorentini-iberia.com\/en\/\",\"logo\":{\"@type\":\"ImageObject\",\"inLanguage\":\"en-US\",\"@id\":\"https:\/\/www.fiorentini-iberia.com\/en\/#\/schema\/logo\/image\/\",\"url\":\"https:\/\/www.fiorentini-iberia.com\/wp-content\/uploads\/2020\/11\/logo.svg\",\"contentUrl\":\"https:\/\/www.fiorentini-iberia.com\/wp-content\/uploads\/2020\/11\/logo.svg\",\"width\":227,\"height\":59,\"caption\":\"Pietro Fiorentini Iberia\"},\"image\":{\"@id\":\"https:\/\/www.fiorentini-iberia.com\/en\/#\/schema\/logo\/image\/\"},\"sameAs\":[\"https:\/\/x.com\/FiorentiniSpa\",\"https:\/\/www.linkedin.com\/company\/pietro-fiorentini-iberia\/\"]}]}<\/script>\n<!-- \/ Yoast SEO plugin. -->","yoast_head_json":{"title":"Biogas cogeneration with engine - Pietro Fiorentini","description":"Discover the unique advantages of\u00a0Biokomp\u00a0compressors, which combine high quality materials and special coatings to meet the heavy-duty requirements of an industrial power plant.","robots":{"index":"index","follow":"follow","max-snippet":"max-snippet:-1","max-image-preview":"max-image-preview:large","max-video-preview":"max-video-preview:-1"},"canonical":"https:\/\/www.fiorentini-iberia.com\/en\/expertise\/biomethane\/biogas-cogeneration-with-engine\/","og_locale":"en_US","og_type":"article","og_title":"Biogas cogeneration with engine - Pietro Fiorentini","og_description":"Discover the unique advantages of\u00a0Biokomp\u00a0compressors, which combine high quality materials and special coatings to meet the heavy-duty requirements of an industrial power plant.","og_url":"https:\/\/www.fiorentini-iberia.com\/en\/expertise\/biomethane\/biogas-cogeneration-with-engine\/","og_site_name":"Pietro Fiorentini","article_modified_time":"2024-03-15T12:02:56+00:00","og_image":[{"url":"https:\/\/www.fiorentini-iberia.com\/wp-content\/uploads\/2024\/03\/IMG_55C663-C7A526-6A377A-899E8D-F2AFCC-5C6CE7.jpg","type":"","width":"","height":""}],"twitter_card":"summary_large_image","twitter_site":"@FiorentiniSpa","twitter_misc":{"Est. reading time":"1 minute"},"schema":{"@context":"https:\/\/schema.org","@graph":[{"@type":"WebPage","@id":"https:\/\/www.fiorentini-iberia.com\/en\/expertise\/biomethane\/biogas-cogeneration-with-engine\/","url":"https:\/\/www.fiorentini-iberia.com\/en\/expertise\/biomethane\/biogas-cogeneration-with-engine\/","name":"Biogas cogeneration with engine - Pietro Fiorentini","isPartOf":{"@id":"https:\/\/www.fiorentini-iberia.com\/en\/#website"},"primaryImageOfPage":{"@id":"https:\/\/www.fiorentini-iberia.com\/en\/expertise\/biomethane\/biogas-cogeneration-with-engine\/#primaryimage"},"image":{"@id":"https:\/\/www.fiorentini-iberia.com\/en\/expertise\/biomethane\/biogas-cogeneration-with-engine\/#primaryimage"},"thumbnailUrl":"https:\/\/www.fiorentini-iberia.com\/wp-content\/uploads\/2024\/03\/IMG_55C663-C7A526-6A377A-899E8D-F2AFCC-5C6CE7.jpg","datePublished":"2024-03-15T11:34:27+00:00","dateModified":"2024-03-15T12:02:56+00:00","description":"Discover the unique advantages of\u00a0Biokomp\u00a0compressors, which combine high quality materials and special coatings to meet the heavy-duty requirements of an industrial power plant.","breadcrumb":{"@id":"https:\/\/www.fiorentini-iberia.com\/en\/expertise\/biomethane\/biogas-cogeneration-with-engine\/#breadcrumb"},"inLanguage":"en-US","potentialAction":[{"@type":"ReadAction","target":["https:\/\/www.fiorentini-iberia.com\/en\/expertise\/biomethane\/biogas-cogeneration-with-engine\/"]}]},{"@type":"ImageObject","inLanguage":"en-US","@id":"https:\/\/www.fiorentini-iberia.com\/en\/expertise\/biomethane\/biogas-cogeneration-with-engine\/#primaryimage","url":"https:\/\/www.fiorentini-iberia.com\/wp-content\/uploads\/2024\/03\/IMG_55C663-C7A526-6A377A-899E8D-F2AFCC-5C6CE7.jpg","contentUrl":"https:\/\/www.fiorentini-iberia.com\/wp-content\/uploads\/2024\/03\/IMG_55C663-C7A526-6A377A-899E8D-F2AFCC-5C6CE7.jpg"},{"@type":"BreadcrumbList","@id":"https:\/\/www.fiorentini-iberia.com\/en\/expertise\/biomethane\/biogas-cogeneration-with-engine\/#breadcrumb","itemListElement":[{"@type":"ListItem","position":1,"name":"Home","item":"https:\/\/www.fiorentini-iberia.com\/en\/"},{"@type":"ListItem","position":2,"name":"Expertise","item":"https:\/\/www.fiorentini-iberia.com\/en\/expertise\/"},{"@type":"ListItem","position":3,"name":"Biomethane","item":"https:\/\/www.fiorentini-iberia.com\/en\/expertise\/biomethane\/"},{"@type":"ListItem","position":4,"name":"Biogas cogeneration with engine"}]},{"@type":"WebSite","@id":"https:\/\/www.fiorentini-iberia.com\/en\/#website","url":"https:\/\/www.fiorentini-iberia.com\/en\/","name":"Pietro Fiorentini Iberia","description":"Pietro Fiorentini dise\u00f1a y fabrica componentes, sistemas y servicios para la regulaci\u00f3n, medici\u00f3n, gesti\u00f3n del petr\u00f3leo y el gas natural.","publisher":{"@id":"https:\/\/www.fiorentini-iberia.com\/en\/#organization"},"potentialAction":[{"@type":"SearchAction","target":{"@type":"EntryPoint","urlTemplate":"https:\/\/www.fiorentini-iberia.com\/en\/?s={search_term_string}"},"query-input":{"@type":"PropertyValueSpecification","valueRequired":true,"valueName":"search_term_string"}}],"inLanguage":"en-US"},{"@type":"Organization","@id":"https:\/\/www.fiorentini-iberia.com\/en\/#organization","name":"Pietro Fiorentini Iberia","url":"https:\/\/www.fiorentini-iberia.com\/en\/","logo":{"@type":"ImageObject","inLanguage":"en-US","@id":"https:\/\/www.fiorentini-iberia.com\/en\/#\/schema\/logo\/image\/","url":"https:\/\/www.fiorentini-iberia.com\/wp-content\/uploads\/2020\/11\/logo.svg","contentUrl":"https:\/\/www.fiorentini-iberia.com\/wp-content\/uploads\/2020\/11\/logo.svg","width":227,"height":59,"caption":"Pietro Fiorentini Iberia"},"image":{"@id":"https:\/\/www.fiorentini-iberia.com\/en\/#\/schema\/logo\/image\/"},"sameAs":["https:\/\/x.com\/FiorentiniSpa","https:\/\/www.linkedin.com\/company\/pietro-fiorentini-iberia\/"]}]}},"_links":{"self":[{"href":"https:\/\/www.fiorentini-iberia.com\/en\/wp-json\/wp\/v2\/pages\/50469","targetHints":{"allow":["GET"]}}],"collection":[{"href":"https:\/\/www.fiorentini-iberia.com\/en\/wp-json\/wp\/v2\/pages"}],"about":[{"href":"https:\/\/www.fiorentini-iberia.com\/en\/wp-json\/wp\/v2\/types\/page"}],"author":[{"embeddable":true,"href":"https:\/\/www.fiorentini-iberia.com\/en\/wp-json\/wp\/v2\/users\/15"}],"replies":[{"embeddable":true,"href":"https:\/\/www.fiorentini-iberia.com\/en\/wp-json\/wp\/v2\/comments?post=50469"}],"version-history":[{"count":3,"href":"https:\/\/www.fiorentini-iberia.com\/en\/wp-json\/wp\/v2\/pages\/50469\/revisions"}],"predecessor-version":[{"id":50477,"href":"https:\/\/www.fiorentini-iberia.com\/en\/wp-json\/wp\/v2\/pages\/50469\/revisions\/50477"}],"up":[{"embeddable":true,"href":"https:\/\/www.fiorentini-iberia.com\/en\/wp-json\/wp\/v2\/pages\/29204"}],"wp:attachment":[{"href":"https:\/\/www.fiorentini-iberia.com\/en\/wp-json\/wp\/v2\/media?parent=50469"}],"curies":[{"name":"wp","href":"https:\/\/api.w.org\/{rel}","templated":true}]}}