{"id":518,"date":"2020-11-27T09:34:54","date_gmt":"2020-11-27T08:34:54","guid":{"rendered":"https:\/\/master.fiorentini.com\/?page_id=518"},"modified":"2022-11-17T10:57:08","modified_gmt":"2022-11-17T09:57:08","slug":"contact-us","status":"publish","type":"page","link":"https:\/\/www.fiorentini-iberia.com\/en\/contact-us\/","title":{"rendered":"Contact us"},"content":{"rendered":"","protected":false},"excerpt":{"rendered":"","protected":false},"author":15,"featured_media":22154,"parent":0,"menu_order":0,"comment_status":"closed","ping_status":"closed","template":"template-contatti.php","meta":{"_acf_changed":false,"inline_featured_image":false,"footnotes":""},"class_list":["post-518","page","type-page","status-publish","has-post-thumbnail","hentry"],"acf":[],"yoast_head":"<!-- This site is optimized with the Yoast SEO plugin v27.2 - https:\/\/yoast.com\/product\/yoast-seo-wordpress\/ -->\n<title>Contact our branches - Pietro Fiorentini<\/title>\n<meta name=\"description\" content=\"Pietro Fiorentini&#039;s distribution network reaches over 100 countries on all continents, with over 30 offices around the world\" \/>\n<meta name=\"robots\" content=\"index, follow, max-snippet:-1, max-image-preview:large, max-video-preview:-1\" \/>\n<link rel=\"canonical\" href=\"https:\/\/www.fiorentini-iberia.com\/en\/contact-us\/\" \/>\n<meta property=\"og:locale\" content=\"en_US\" \/>\n<meta property=\"og:type\" content=\"article\" \/>\n<meta property=\"og:title\" content=\"Contact our branches | Pietro Fiorentini\" \/>\n<meta property=\"og:description\" content=\"Pietro Fiorentini&#039;s distribution network reaches over 100 countries on all continents, with over 30 offices around the world\" \/>\n<meta property=\"og:url\" content=\"https:\/\/www.fiorentini-iberia.com\/en\/contact-us\/\" \/>\n<meta property=\"og:site_name\" content=\"Pietro Fiorentini\" \/>\n<meta property=\"article:modified_time\" content=\"2022-11-17T09:57:08+00:00\" \/>\n<meta property=\"og:image\" content=\"https:\/\/www.fiorentini-iberia.com\/wp-content\/uploads\/2021\/04\/bg-company-2.jpg\" \/>\n\t<meta property=\"og:image:width\" content=\"1920\" \/>\n\t<meta property=\"og:image:height\" content=\"1080\" \/>\n\t<meta property=\"og:image:type\" content=\"image\/jpeg\" \/>\n<meta name=\"twitter:card\" content=\"summary_large_image\" \/>\n<meta name=\"twitter:title\" content=\"Contact our branches | Pietro Fiorentini\" \/>\n<meta name=\"twitter:description\" content=\"Pietro Fiorentini&#039;s distribution network reaches over 100 countries on all continents, with over 30 offices around the world\" \/>\n<meta name=\"twitter:image\" content=\"https:\/\/www.fiorentini-iberia.com\/wp-content\/uploads\/2021\/04\/bg-company-2.jpg\" \/>\n<meta name=\"twitter:site\" content=\"@FiorentiniSpa\" \/>\n<script type=\"application\/ld+json\" class=\"yoast-schema-graph\">{\"@context\":\"https:\/\/schema.org\",\"@graph\":[{\"@type\":[\"WebPage\",\"ContactPage\"],\"@id\":\"https:\/\/www.fiorentini-iberia.com\/en\/contact-us\/\",\"url\":\"https:\/\/www.fiorentini-iberia.com\/en\/contact-us\/\",\"name\":\"Contact our branches - Pietro Fiorentini\",\"isPartOf\":{\"@id\":\"https:\/\/www.fiorentini-iberia.com\/en\/#website\"},\"primaryImageOfPage\":{\"@id\":\"https:\/\/www.fiorentini-iberia.com\/en\/contact-us\/#primaryimage\"},\"image\":{\"@id\":\"https:\/\/www.fiorentini-iberia.com\/en\/contact-us\/#primaryimage\"},\"thumbnailUrl\":\"https:\/\/www.fiorentini-iberia.com\/wp-content\/uploads\/2022\/11\/07-contacto-capcalera.jpg\",\"datePublished\":\"2020-11-27T08:34:54+00:00\",\"dateModified\":\"2022-11-17T09:57:08+00:00\",\"description\":\"Pietro Fiorentini's distribution network reaches over 100 countries on all continents, with over 30 offices around the world\",\"breadcrumb\":{\"@id\":\"https:\/\/www.fiorentini-iberia.com\/en\/contact-us\/#breadcrumb\"},\"inLanguage\":\"en-US\",\"potentialAction\":[{\"@type\":\"ReadAction\",\"target\":[\"https:\/\/www.fiorentini-iberia.com\/en\/contact-us\/\"]}]},{\"@type\":\"ImageObject\",\"inLanguage\":\"en-US\",\"@id\":\"https:\/\/www.fiorentini-iberia.com\/en\/contact-us\/#primaryimage\",\"url\":\"https:\/\/www.fiorentini-iberia.com\/wp-content\/uploads\/2022\/11\/07-contacto-capcalera.jpg\",\"contentUrl\":\"https:\/\/www.fiorentini-iberia.com\/wp-content\/uploads\/2022\/11\/07-contacto-capcalera.jpg\",\"width\":1920,\"height\":288,\"caption\":\"Contact Pietro Fiorentini Iberia\"},{\"@type\":\"BreadcrumbList\",\"@id\":\"https:\/\/www.fiorentini-iberia.com\/en\/contact-us\/#breadcrumb\",\"itemListElement\":[{\"@type\":\"ListItem\",\"position\":1,\"name\":\"Home\",\"item\":\"https:\/\/www.fiorentini-iberia.com\/en\/\"},{\"@type\":\"ListItem\",\"position\":2,\"name\":\"Contact us\"}]},{\"@type\":\"WebSite\",\"@id\":\"https:\/\/www.fiorentini-iberia.com\/en\/#website\",\"url\":\"https:\/\/www.fiorentini-iberia.com\/en\/\",\"name\":\"Pietro Fiorentini Iberia\",\"description\":\"Pietro Fiorentini dise\u00f1a y fabrica componentes, sistemas y servicios para la regulaci\u00f3n, medici\u00f3n, gesti\u00f3n del petr\u00f3leo y el gas natural.\",\"publisher\":{\"@id\":\"https:\/\/www.fiorentini-iberia.com\/en\/#organization\"},\"potentialAction\":[{\"@type\":\"SearchAction\",\"target\":{\"@type\":\"EntryPoint\",\"urlTemplate\":\"https:\/\/www.fiorentini-iberia.com\/en\/?s={search_term_string}\"},\"query-input\":{\"@type\":\"PropertyValueSpecification\",\"valueRequired\":true,\"valueName\":\"search_term_string\"}}],\"inLanguage\":\"en-US\"},{\"@type\":\"Organization\",\"@id\":\"https:\/\/www.fiorentini-iberia.com\/en\/#organization\",\"name\":\"Pietro Fiorentini Iberia\",\"url\":\"https:\/\/www.fiorentini-iberia.com\/en\/\",\"logo\":{\"@type\":\"ImageObject\",\"inLanguage\":\"en-US\",\"@id\":\"https:\/\/www.fiorentini-iberia.com\/en\/#\/schema\/logo\/image\/\",\"url\":\"https:\/\/www.fiorentini-iberia.com\/wp-content\/uploads\/2020\/11\/logo.svg\",\"contentUrl\":\"https:\/\/www.fiorentini-iberia.com\/wp-content\/uploads\/2020\/11\/logo.svg\",\"width\":227,\"height\":59,\"caption\":\"Pietro Fiorentini Iberia\"},\"image\":{\"@id\":\"https:\/\/www.fiorentini-iberia.com\/en\/#\/schema\/logo\/image\/\"},\"sameAs\":[\"https:\/\/x.com\/FiorentiniSpa\",\"https:\/\/www.linkedin.com\/company\/pietro-fiorentini-iberia\/\"]}]}<\/script>\n<!-- \/ Yoast SEO plugin. -->","yoast_head_json":{"title":"Contact our branches - Pietro Fiorentini","description":"Pietro Fiorentini's distribution network reaches over 100 countries on all continents, with over 30 offices around the world","robots":{"index":"index","follow":"follow","max-snippet":"max-snippet:-1","max-image-preview":"max-image-preview:large","max-video-preview":"max-video-preview:-1"},"canonical":"https:\/\/www.fiorentini-iberia.com\/en\/contact-us\/","og_locale":"en_US","og_type":"article","og_title":"Contact our branches | Pietro Fiorentini","og_description":"Pietro Fiorentini's distribution network reaches over 100 countries on all continents, with over 30 offices around the world","og_url":"https:\/\/www.fiorentini-iberia.com\/en\/contact-us\/","og_site_name":"Pietro Fiorentini","article_modified_time":"2022-11-17T09:57:08+00:00","og_image":[{"width":1920,"height":1080,"url":"https:\/\/www.fiorentini-iberia.com\/wp-content\/uploads\/2021\/04\/bg-company-2.jpg","type":"image\/jpeg"}],"twitter_card":"summary_large_image","twitter_title":"Contact our branches | Pietro Fiorentini","twitter_description":"Pietro Fiorentini's distribution network reaches over 100 countries on all continents, with over 30 offices around the world","twitter_image":"https:\/\/www.fiorentini-iberia.com\/wp-content\/uploads\/2021\/04\/bg-company-2.jpg","twitter_site":"@FiorentiniSpa","schema":{"@context":"https:\/\/schema.org","@graph":[{"@type":["WebPage","ContactPage"],"@id":"https:\/\/www.fiorentini-iberia.com\/en\/contact-us\/","url":"https:\/\/www.fiorentini-iberia.com\/en\/contact-us\/","name":"Contact our branches - Pietro Fiorentini","isPartOf":{"@id":"https:\/\/www.fiorentini-iberia.com\/en\/#website"},"primaryImageOfPage":{"@id":"https:\/\/www.fiorentini-iberia.com\/en\/contact-us\/#primaryimage"},"image":{"@id":"https:\/\/www.fiorentini-iberia.com\/en\/contact-us\/#primaryimage"},"thumbnailUrl":"https:\/\/www.fiorentini-iberia.com\/wp-content\/uploads\/2022\/11\/07-contacto-capcalera.jpg","datePublished":"2020-11-27T08:34:54+00:00","dateModified":"2022-11-17T09:57:08+00:00","description":"Pietro Fiorentini's distribution network reaches over 100 countries on all continents, with over 30 offices around the world","breadcrumb":{"@id":"https:\/\/www.fiorentini-iberia.com\/en\/contact-us\/#breadcrumb"},"inLanguage":"en-US","potentialAction":[{"@type":"ReadAction","target":["https:\/\/www.fiorentini-iberia.com\/en\/contact-us\/"]}]},{"@type":"ImageObject","inLanguage":"en-US","@id":"https:\/\/www.fiorentini-iberia.com\/en\/contact-us\/#primaryimage","url":"https:\/\/www.fiorentini-iberia.com\/wp-content\/uploads\/2022\/11\/07-contacto-capcalera.jpg","contentUrl":"https:\/\/www.fiorentini-iberia.com\/wp-content\/uploads\/2022\/11\/07-contacto-capcalera.jpg","width":1920,"height":288,"caption":"Contact Pietro Fiorentini Iberia"},{"@type":"BreadcrumbList","@id":"https:\/\/www.fiorentini-iberia.com\/en\/contact-us\/#breadcrumb","itemListElement":[{"@type":"ListItem","position":1,"name":"Home","item":"https:\/\/www.fiorentini-iberia.com\/en\/"},{"@type":"ListItem","position":2,"name":"Contact us"}]},{"@type":"WebSite","@id":"https:\/\/www.fiorentini-iberia.com\/en\/#website","url":"https:\/\/www.fiorentini-iberia.com\/en\/","name":"Pietro Fiorentini Iberia","description":"Pietro Fiorentini dise\u00f1a y fabrica componentes, sistemas y servicios para la regulaci\u00f3n, medici\u00f3n, gesti\u00f3n del petr\u00f3leo y el gas natural.","publisher":{"@id":"https:\/\/www.fiorentini-iberia.com\/en\/#organization"},"potentialAction":[{"@type":"SearchAction","target":{"@type":"EntryPoint","urlTemplate":"https:\/\/www.fiorentini-iberia.com\/en\/?s={search_term_string}"},"query-input":{"@type":"PropertyValueSpecification","valueRequired":true,"valueName":"search_term_string"}}],"inLanguage":"en-US"},{"@type":"Organization","@id":"https:\/\/www.fiorentini-iberia.com\/en\/#organization","name":"Pietro Fiorentini Iberia","url":"https:\/\/www.fiorentini-iberia.com\/en\/","logo":{"@type":"ImageObject","inLanguage":"en-US","@id":"https:\/\/www.fiorentini-iberia.com\/en\/#\/schema\/logo\/image\/","url":"https:\/\/www.fiorentini-iberia.com\/wp-content\/uploads\/2020\/11\/logo.svg","contentUrl":"https:\/\/www.fiorentini-iberia.com\/wp-content\/uploads\/2020\/11\/logo.svg","width":227,"height":59,"caption":"Pietro Fiorentini Iberia"},"image":{"@id":"https:\/\/www.fiorentini-iberia.com\/en\/#\/schema\/logo\/image\/"},"sameAs":["https:\/\/x.com\/FiorentiniSpa","https:\/\/www.linkedin.com\/company\/pietro-fiorentini-iberia\/"]}]}},"_links":{"self":[{"href":"https:\/\/www.fiorentini-iberia.com\/en\/wp-json\/wp\/v2\/pages\/518","targetHints":{"allow":["GET"]}}],"collection":[{"href":"https:\/\/www.fiorentini-iberia.com\/en\/wp-json\/wp\/v2\/pages"}],"about":[{"href":"https:\/\/www.fiorentini-iberia.com\/en\/wp-json\/wp\/v2\/types\/page"}],"author":[{"embeddable":true,"href":"https:\/\/www.fiorentini-iberia.com\/en\/wp-json\/wp\/v2\/users\/15"}],"replies":[{"embeddable":true,"href":"https:\/\/www.fiorentini-iberia.com\/en\/wp-json\/wp\/v2\/comments?post=518"}],"version-history":[{"count":15,"href":"https:\/\/www.fiorentini-iberia.com\/en\/wp-json\/wp\/v2\/pages\/518\/revisions"}],"predecessor-version":[{"id":21234,"href":"https:\/\/www.fiorentini-iberia.com\/en\/wp-json\/wp\/v2\/pages\/518\/revisions\/21234"}],"wp:featuredmedia":[{"embeddable":true,"href":"https:\/\/www.fiorentini-iberia.com\/en\/wp-json\/wp\/v2\/media\/22154"}],"wp:attachment":[{"href":"https:\/\/www.fiorentini-iberia.com\/en\/wp-json\/wp\/v2\/media?parent=518"}],"curies":[{"name":"wp","href":"https:\/\/api.w.org\/{rel}","templated":true}]}}