{"id":19558,"date":"2022-05-02T09:56:06","date_gmt":"2022-05-02T07:56:06","guid":{"rendered":"https:\/\/iberia.fiorentini.com\/pf-iberia\/"},"modified":"2025-09-18T14:13:49","modified_gmt":"2025-09-18T12:13:49","slug":"pietro-fiorentini-iberia","status":"publish","type":"page","link":"https:\/\/www.fiorentini-iberia.com\/es\/pietro-fiorentini-iberia\/","title":{"rendered":"Pietro Fiorentini Iberia"},"content":{"rendered":"\n<p>Pietro Fiorentini Iberia, S.L.&nbsp;es la oficina de ventas y distribuci\u00f3n en&nbsp;<strong>Espa\u00f1a y Portugal<\/strong>&nbsp;de&nbsp;<a href=\"http:\/\/fiorentini.com\/\" target=\"_blank\" rel=\"noreferrer noopener\"><strong>Pietro Fiorentini S.p.A.<\/strong><\/a>, que suministra equipos y soluciones para gas natural, biog\u00e1s e hidr\u00f3geno en todos los niveles de presi\u00f3n.<\/p>\n\n\n\n<p>En la Pen\u00ednsula Ib\u00e9rica, somos&nbsp;<strong>l\u00edderes en equipos para el transporte y distribuci\u00f3n de gas natural y biometano<\/strong>.<\/p>\n\n\n\n<p>El equipo de Fiorentini Iberia, perteneciente al&nbsp;<a href=\"https:\/\/www.fiorentini-iberia.com\/es\/grupo-pietro-fiorentini\/\"><strong>Grupo Pietro Fiorentini<\/strong><\/a>, est\u00e1 formado por&nbsp;<strong>profesionales excepcionales con gran experiencia<\/strong>&nbsp;en el mercado y gran conocimiento de nuestra amplia gama de soluciones.<\/p>\n\n\n\n<p><strong>Pietro Fiorentini<\/strong>&nbsp;est\u00e1 presente en Espa\u00f1a desde 1976, de la mano de&nbsp;<a href=\"https:\/\/www.contagas.com\/\" target=\"_blank\" rel=\"noreferrer noopener\">CONTAGAS, S.A.<\/a>&nbsp;En Abril del 2022, se ha creado la filial para potenciar el crecimiento en la&nbsp;<strong>Pen\u00ednsula Ib\u00e9rica<\/strong>&nbsp;de todas las soluciones del Grupo.<\/p>\n\n\n\n<h2 class=\"wp-block-heading\">Pietro Fiorentini Iberia<\/h2>\n\n\n\n<p>Nuestros clientes son las empresas de distribuci\u00f3n y transporte de gas natural, empresas de petr\u00f3leo y gas, ingenier\u00edas, EPCs, usuarios finales industriales y empresas de servicios p\u00fablicos.<\/p>\n\n\n\n<p>Adem\u00e1s de un&nbsp;<strong>producto de calidad<\/strong>, ofrecemos un&nbsp;<strong>servicio completo<\/strong>&nbsp;a nuestros clientes, que incluye el&nbsp;<strong>soporte de SAT, log\u00edstica, y asesoramiento t\u00e9cnico<\/strong>&nbsp;adaptado a cada cliente.<\/p>\n\n\n\n<p>Con nuestro equipo de Servicio de Asistencia T\u00e9cnica, aseguramos la puesta en marcha, mantenimiento y reparaci\u00f3n de los equipos Pietro Fiorentini, en Espa\u00f1a y Portugal.<\/p>\n\n\n\n<p>Volver a la <a href=\"http:\/\/fiorentini-iberia.com\">p\u00e1gina de inicio<\/a>.<\/p>\n\n\n\n<p><strong>Pietro Fiorentini, fundada en Bolonia en 1940<\/strong>, es una&nbsp;<strong>empresa industrial l\u00edder<\/strong>&nbsp;del noreste de Italia, reconocida como Marca hist\u00f3rica de inter\u00e9s nacional. Con&nbsp;<strong>m\u00e1s de 80 a\u00f1os de experiencia<\/strong>&nbsp;en toda la cadena de suministro de gas natural, el Grupo ha expandido sus horizontes hacia el desarrollo de&nbsp;<strong>tecnolog\u00edas y soluciones para un mundo digital sostenible<\/strong>&nbsp;y se ha enfocado particularmente en proyectos de energ\u00eda renovable.<\/p>\n\n\n\n<p>La empresa es un actor activo en los cambios del mercado, lo que incluye la digitalizaci\u00f3n, la transici\u00f3n hacia fuentes de energ\u00eda m\u00e1s limpias y una mayor responsabilidad con respecto a la sostenibilidad ambiental, social y econ\u00f3mica.<\/p>\n\n\n\n<p>En 2021, el Grupo Pietro Fiorentini alcanz\u00f3 ingresos consolidados por aproximadamente 466.000.000 \u20ac, lo que supone&nbsp;<strong>un aumento del 17 % en comparaci\u00f3n con el 2020<\/strong>. El Grupo tiene una clientela consolidada de empresas de transporte y distribuci\u00f3n de gas natural, empresas de petr\u00f3leo y gas, empresas de ingenier\u00eda, EPCs, usuarios finales industriales y empresas de servicios p\u00fablicos.<\/p>\n","protected":false},"excerpt":{"rendered":"<p>Pietro Fiorentini Iberia, S.L.&nbsp;es la oficina de ventas y distribuci\u00f3n en&nbsp;Espa\u00f1a y Portugal&nbsp;de&nbsp;Pietro Fiorentini S.p.A., que suministra equipos y soluciones para gas natural, biog\u00e1s e hidr\u00f3geno en todos los niveles de presi\u00f3n. En la Pen\u00ednsula Ib\u00e9rica, somos&nbsp;l\u00edderes en equipos para el transporte y distribuci\u00f3n de gas natural y biometano. El equipo de Fiorentini Iberia, perteneciente [&hellip;]<\/p>\n","protected":false},"author":15,"featured_media":22105,"parent":0,"menu_order":0,"comment_status":"closed","ping_status":"closed","template":"template-company-master.php","meta":{"_acf_changed":false,"inline_featured_image":false,"footnotes":""},"class_list":["post-19558","page","type-page","status-publish","has-post-thumbnail","hentry"],"acf":[],"yoast_head":"<!-- This site is optimized with the Yoast SEO plugin v27.2 - https:\/\/yoast.com\/product\/yoast-seo-wordpress\/ -->\n<title>Pietro Fiorentini Iberia - Presencia directa en Espa\u00f1a y Portugal<\/title>\n<meta name=\"description\" content=\"Suministramos equipos y soluciones para gas natural, biog\u00e1s, redes de abastecimiento de agua e hidr\u00f3geno en todos los niveles de presi\u00f3n.\" \/>\n<meta name=\"robots\" content=\"index, follow, max-snippet:-1, max-image-preview:large, max-video-preview:-1\" \/>\n<link rel=\"canonical\" href=\"https:\/\/www.fiorentini-iberia.com\/es\/pietro-fiorentini-iberia\/\" \/>\n<meta property=\"og:locale\" content=\"es_ES\" \/>\n<meta property=\"og:type\" content=\"article\" \/>\n<meta property=\"og:title\" content=\"Pietro Fiorentini Iberia - Presencia directa en Espa\u00f1a y Portugal\" \/>\n<meta property=\"og:description\" content=\"Suministramos equipos y soluciones para gas natural, biog\u00e1s, redes de abastecimiento de agua e hidr\u00f3geno en todos los niveles de presi\u00f3n.\" \/>\n<meta property=\"og:url\" content=\"https:\/\/www.fiorentini-iberia.com\/es\/pietro-fiorentini-iberia\/\" \/>\n<meta property=\"og:site_name\" content=\"Pietro Fiorentini Iberia\" \/>\n<meta property=\"article:modified_time\" content=\"2025-09-18T12:13:49+00:00\" \/>\n<meta property=\"og:image\" content=\"https:\/\/www.fiorentini-iberia.com\/wp-content\/uploads\/2022\/11\/01-PFI-capcalera-1.jpg\" \/>\n\t<meta property=\"og:image:width\" content=\"1920\" \/>\n\t<meta property=\"og:image:height\" content=\"1440\" \/>\n\t<meta property=\"og:image:type\" content=\"image\/jpeg\" \/>\n<meta name=\"twitter:card\" content=\"summary_large_image\" \/>\n<meta name=\"twitter:site\" content=\"@FiorentiniSpa\" \/>\n<meta name=\"twitter:label1\" content=\"Tiempo de lectura\" \/>\n\t<meta name=\"twitter:data1\" content=\"2 minutos\" \/>\n<script type=\"application\/ld+json\" class=\"yoast-schema-graph\">{\"@context\":\"https:\/\/schema.org\",\"@graph\":[{\"@type\":\"WebPage\",\"@id\":\"https:\/\/www.fiorentini-iberia.com\/es\/pietro-fiorentini-iberia\/\",\"url\":\"https:\/\/www.fiorentini-iberia.com\/es\/pietro-fiorentini-iberia\/\",\"name\":\"Pietro Fiorentini Iberia - Presencia directa en Espa\u00f1a y Portugal\",\"isPartOf\":{\"@id\":\"https:\/\/www.fiorentini-iberia.com\/es\/#website\"},\"primaryImageOfPage\":{\"@id\":\"https:\/\/www.fiorentini-iberia.com\/es\/pietro-fiorentini-iberia\/#primaryimage\"},\"image\":{\"@id\":\"https:\/\/www.fiorentini-iberia.com\/es\/pietro-fiorentini-iberia\/#primaryimage\"},\"thumbnailUrl\":\"https:\/\/www.fiorentini-iberia.com\/wp-content\/uploads\/2022\/11\/01-PFI-capcalera-1.jpg\",\"datePublished\":\"2022-05-02T07:56:06+00:00\",\"dateModified\":\"2025-09-18T12:13:49+00:00\",\"description\":\"Suministramos equipos y soluciones para gas natural, biog\u00e1s, redes de abastecimiento de agua e hidr\u00f3geno en todos los niveles de presi\u00f3n.\",\"breadcrumb\":{\"@id\":\"https:\/\/www.fiorentini-iberia.com\/es\/pietro-fiorentini-iberia\/#breadcrumb\"},\"inLanguage\":\"es\",\"potentialAction\":[{\"@type\":\"ReadAction\",\"target\":[\"https:\/\/www.fiorentini-iberia.com\/es\/pietro-fiorentini-iberia\/\"]}]},{\"@type\":\"ImageObject\",\"inLanguage\":\"es\",\"@id\":\"https:\/\/www.fiorentini-iberia.com\/es\/pietro-fiorentini-iberia\/#primaryimage\",\"url\":\"https:\/\/www.fiorentini-iberia.com\/wp-content\/uploads\/2022\/11\/01-PFI-capcalera-1.jpg\",\"contentUrl\":\"https:\/\/www.fiorentini-iberia.com\/wp-content\/uploads\/2022\/11\/01-PFI-capcalera-1.jpg\",\"width\":1920,\"height\":1440,\"caption\":\"Fachada Pietro Fiorentini Iberia\"},{\"@type\":\"BreadcrumbList\",\"@id\":\"https:\/\/www.fiorentini-iberia.com\/es\/pietro-fiorentini-iberia\/#breadcrumb\",\"itemListElement\":[{\"@type\":\"ListItem\",\"position\":1,\"name\":\"Home\",\"item\":\"https:\/\/www.fiorentini-iberia.com\/es\/\"},{\"@type\":\"ListItem\",\"position\":2,\"name\":\"Pietro Fiorentini Iberia\"}]},{\"@type\":\"WebSite\",\"@id\":\"https:\/\/www.fiorentini-iberia.com\/es\/#website\",\"url\":\"https:\/\/www.fiorentini-iberia.com\/es\/\",\"name\":\"Pietro Fiorentini Iberia\",\"description\":\"Pietro Fiorentini dise\u00f1a y fabrica componentes, sistemas y servicios para la regulaci\u00f3n, medici\u00f3n, gesti\u00f3n de redes de agua, energ\u00edas renovables, petr\u00f3leo y el gas natural, con sistemas adaptados 100% al hidr\u00f3geno.\",\"publisher\":{\"@id\":\"https:\/\/www.fiorentini-iberia.com\/es\/#organization\"},\"potentialAction\":[{\"@type\":\"SearchAction\",\"target\":{\"@type\":\"EntryPoint\",\"urlTemplate\":\"https:\/\/www.fiorentini-iberia.com\/es\/?s={search_term_string}\"},\"query-input\":{\"@type\":\"PropertyValueSpecification\",\"valueRequired\":true,\"valueName\":\"search_term_string\"}}],\"inLanguage\":\"es\"},{\"@type\":\"Organization\",\"@id\":\"https:\/\/www.fiorentini-iberia.com\/es\/#organization\",\"name\":\"Pietro Fiorentini Iberia\",\"url\":\"https:\/\/www.fiorentini-iberia.com\/es\/\",\"logo\":{\"@type\":\"ImageObject\",\"inLanguage\":\"es\",\"@id\":\"https:\/\/www.fiorentini-iberia.com\/es\/#\/schema\/logo\/image\/\",\"url\":\"https:\/\/www.fiorentini-iberia.com\/wp-content\/uploads\/2020\/11\/logo.svg\",\"contentUrl\":\"https:\/\/www.fiorentini-iberia.com\/wp-content\/uploads\/2020\/11\/logo.svg\",\"width\":227,\"height\":59,\"caption\":\"Pietro Fiorentini Iberia\"},\"image\":{\"@id\":\"https:\/\/www.fiorentini-iberia.com\/es\/#\/schema\/logo\/image\/\"},\"sameAs\":[\"https:\/\/x.com\/FiorentiniSpa\",\"https:\/\/www.linkedin.com\/company\/pietro-fiorentini-iberia\/\"]}]}<\/script>\n<!-- \/ Yoast SEO plugin. -->","yoast_head_json":{"title":"Pietro Fiorentini Iberia - Presencia directa en Espa\u00f1a y Portugal","description":"Suministramos equipos y soluciones para gas natural, biog\u00e1s, redes de abastecimiento de agua e hidr\u00f3geno en todos los niveles de presi\u00f3n.","robots":{"index":"index","follow":"follow","max-snippet":"max-snippet:-1","max-image-preview":"max-image-preview:large","max-video-preview":"max-video-preview:-1"},"canonical":"https:\/\/www.fiorentini-iberia.com\/es\/pietro-fiorentini-iberia\/","og_locale":"es_ES","og_type":"article","og_title":"Pietro Fiorentini Iberia - Presencia directa en Espa\u00f1a y Portugal","og_description":"Suministramos equipos y soluciones para gas natural, biog\u00e1s, redes de abastecimiento de agua e hidr\u00f3geno en todos los niveles de presi\u00f3n.","og_url":"https:\/\/www.fiorentini-iberia.com\/es\/pietro-fiorentini-iberia\/","og_site_name":"Pietro Fiorentini Iberia","article_modified_time":"2025-09-18T12:13:49+00:00","og_image":[{"width":1920,"height":1440,"url":"https:\/\/www.fiorentini-iberia.com\/wp-content\/uploads\/2022\/11\/01-PFI-capcalera-1.jpg","type":"image\/jpeg"}],"twitter_card":"summary_large_image","twitter_site":"@FiorentiniSpa","twitter_misc":{"Tiempo de lectura":"2 minutos"},"schema":{"@context":"https:\/\/schema.org","@graph":[{"@type":"WebPage","@id":"https:\/\/www.fiorentini-iberia.com\/es\/pietro-fiorentini-iberia\/","url":"https:\/\/www.fiorentini-iberia.com\/es\/pietro-fiorentini-iberia\/","name":"Pietro Fiorentini Iberia - Presencia directa en Espa\u00f1a y Portugal","isPartOf":{"@id":"https:\/\/www.fiorentini-iberia.com\/es\/#website"},"primaryImageOfPage":{"@id":"https:\/\/www.fiorentini-iberia.com\/es\/pietro-fiorentini-iberia\/#primaryimage"},"image":{"@id":"https:\/\/www.fiorentini-iberia.com\/es\/pietro-fiorentini-iberia\/#primaryimage"},"thumbnailUrl":"https:\/\/www.fiorentini-iberia.com\/wp-content\/uploads\/2022\/11\/01-PFI-capcalera-1.jpg","datePublished":"2022-05-02T07:56:06+00:00","dateModified":"2025-09-18T12:13:49+00:00","description":"Suministramos equipos y soluciones para gas natural, biog\u00e1s, redes de abastecimiento de agua e hidr\u00f3geno en todos los niveles de presi\u00f3n.","breadcrumb":{"@id":"https:\/\/www.fiorentini-iberia.com\/es\/pietro-fiorentini-iberia\/#breadcrumb"},"inLanguage":"es","potentialAction":[{"@type":"ReadAction","target":["https:\/\/www.fiorentini-iberia.com\/es\/pietro-fiorentini-iberia\/"]}]},{"@type":"ImageObject","inLanguage":"es","@id":"https:\/\/www.fiorentini-iberia.com\/es\/pietro-fiorentini-iberia\/#primaryimage","url":"https:\/\/www.fiorentini-iberia.com\/wp-content\/uploads\/2022\/11\/01-PFI-capcalera-1.jpg","contentUrl":"https:\/\/www.fiorentini-iberia.com\/wp-content\/uploads\/2022\/11\/01-PFI-capcalera-1.jpg","width":1920,"height":1440,"caption":"Fachada Pietro Fiorentini Iberia"},{"@type":"BreadcrumbList","@id":"https:\/\/www.fiorentini-iberia.com\/es\/pietro-fiorentini-iberia\/#breadcrumb","itemListElement":[{"@type":"ListItem","position":1,"name":"Home","item":"https:\/\/www.fiorentini-iberia.com\/es\/"},{"@type":"ListItem","position":2,"name":"Pietro Fiorentini Iberia"}]},{"@type":"WebSite","@id":"https:\/\/www.fiorentini-iberia.com\/es\/#website","url":"https:\/\/www.fiorentini-iberia.com\/es\/","name":"Pietro Fiorentini Iberia","description":"Pietro Fiorentini dise\u00f1a y fabrica componentes, sistemas y servicios para la regulaci\u00f3n, medici\u00f3n, gesti\u00f3n de redes de agua, energ\u00edas renovables, petr\u00f3leo y el gas natural, con sistemas adaptados 100% al hidr\u00f3geno.","publisher":{"@id":"https:\/\/www.fiorentini-iberia.com\/es\/#organization"},"potentialAction":[{"@type":"SearchAction","target":{"@type":"EntryPoint","urlTemplate":"https:\/\/www.fiorentini-iberia.com\/es\/?s={search_term_string}"},"query-input":{"@type":"PropertyValueSpecification","valueRequired":true,"valueName":"search_term_string"}}],"inLanguage":"es"},{"@type":"Organization","@id":"https:\/\/www.fiorentini-iberia.com\/es\/#organization","name":"Pietro Fiorentini Iberia","url":"https:\/\/www.fiorentini-iberia.com\/es\/","logo":{"@type":"ImageObject","inLanguage":"es","@id":"https:\/\/www.fiorentini-iberia.com\/es\/#\/schema\/logo\/image\/","url":"https:\/\/www.fiorentini-iberia.com\/wp-content\/uploads\/2020\/11\/logo.svg","contentUrl":"https:\/\/www.fiorentini-iberia.com\/wp-content\/uploads\/2020\/11\/logo.svg","width":227,"height":59,"caption":"Pietro Fiorentini Iberia"},"image":{"@id":"https:\/\/www.fiorentini-iberia.com\/es\/#\/schema\/logo\/image\/"},"sameAs":["https:\/\/x.com\/FiorentiniSpa","https:\/\/www.linkedin.com\/company\/pietro-fiorentini-iberia\/"]}]}},"_links":{"self":[{"href":"https:\/\/www.fiorentini-iberia.com\/es\/wp-json\/wp\/v2\/pages\/19558","targetHints":{"allow":["GET"]}}],"collection":[{"href":"https:\/\/www.fiorentini-iberia.com\/es\/wp-json\/wp\/v2\/pages"}],"about":[{"href":"https:\/\/www.fiorentini-iberia.com\/es\/wp-json\/wp\/v2\/types\/page"}],"author":[{"embeddable":true,"href":"https:\/\/www.fiorentini-iberia.com\/es\/wp-json\/wp\/v2\/users\/15"}],"replies":[{"embeddable":true,"href":"https:\/\/www.fiorentini-iberia.com\/es\/wp-json\/wp\/v2\/comments?post=19558"}],"version-history":[{"count":3,"href":"https:\/\/www.fiorentini-iberia.com\/es\/wp-json\/wp\/v2\/pages\/19558\/revisions"}],"predecessor-version":[{"id":61858,"href":"https:\/\/www.fiorentini-iberia.com\/es\/wp-json\/wp\/v2\/pages\/19558\/revisions\/61858"}],"wp:featuredmedia":[{"embeddable":true,"href":"https:\/\/www.fiorentini-iberia.com\/es\/wp-json\/wp\/v2\/media\/22105"}],"wp:attachment":[{"href":"https:\/\/www.fiorentini-iberia.com\/es\/wp-json\/wp\/v2\/media?parent=19558"}],"curies":[{"name":"wp","href":"https:\/\/api.w.org\/{rel}","templated":true}]}}