{"id":19761,"date":"2020-11-26T23:48:25","date_gmt":"2020-11-26T22:48:25","guid":{"rendered":"https:\/\/iberia.fiorentini.com\/fiorentini-solutions\/"},"modified":"2025-09-16T19:37:26","modified_gmt":"2025-09-16T17:37:26","slug":"soluciones-fiorentini","status":"publish","type":"page","link":"https:\/\/www.fiorentini-iberia.com\/es\/soluciones-fiorentini\/","title":{"rendered":"Soluciones"},"content":{"rendered":"<p>Una gama completa de productos, sistemas y servicios para proporcionar a nuestros clientes soluciones integrales de extremo a extremo. En Pietro Fiorentini, tenemos la experiencia y el conocimiento para garantizar presencia y competencia en cada etapa del proceso y soluciones de alto valor.<\/p>\n","protected":false},"excerpt":{"rendered":"<p>Una gama completa de productos, sistemas y servicios para proporcionar a nuestros clientes soluciones integrales de extremo a extremo. En Pietro Fiorentini, tenemos la experiencia y el conocimiento para garantizar presencia y competencia en cada etapa del proceso y soluciones de alto valor.<\/p>\n","protected":false},"author":15,"featured_media":22441,"parent":0,"menu_order":0,"comment_status":"closed","ping_status":"closed","template":"template-solutions.php","meta":{"_acf_changed":false,"inline_featured_image":false,"footnotes":""},"class_list":["post-19761","page","type-page","status-publish","has-post-thumbnail","hentry"],"acf":[],"yoast_head":"<!-- This site is optimized with the Yoast SEO plugin v27.2 - https:\/\/yoast.com\/product\/yoast-seo-wordpress\/ -->\n<title>Nuestras soluciones al servicio del sector energ\u00e9tico - Pietro Fiorentini Iberia<\/title>\n<meta name=\"description\" content=\"Pietro Fiorentini dispone de una gama completa de productos, sistemas y servicios para ofrecer a nuestros clientes soluciones completas.\" \/>\n<meta name=\"robots\" content=\"index, follow, max-snippet:-1, max-image-preview:large, max-video-preview:-1\" \/>\n<link rel=\"canonical\" href=\"https:\/\/www.fiorentini-iberia.com\/es\/soluciones-fiorentini\/\" \/>\n<meta property=\"og:locale\" content=\"es_ES\" \/>\n<meta property=\"og:type\" content=\"article\" \/>\n<meta property=\"og:title\" content=\"Our solutions to energy sector | Pietro Fiorentini\" \/>\n<meta property=\"og:description\" content=\"Pietro Fiorentini has a full range of products, systems and services to provide our customers with complete end-to-end solutions\" \/>\n<meta property=\"og:url\" content=\"https:\/\/www.fiorentini-iberia.com\/es\/soluciones-fiorentini\/\" \/>\n<meta property=\"og:site_name\" content=\"Pietro Fiorentini Iberia\" \/>\n<meta property=\"article:modified_time\" content=\"2025-09-16T17:37:26+00:00\" \/>\n<meta property=\"og:image\" content=\"https:\/\/www.fiorentini-iberia.com\/wp-content\/uploads\/2021\/04\/solutions.jpg\" \/>\n\t<meta property=\"og:image:width\" content=\"1920\" \/>\n\t<meta property=\"og:image:height\" content=\"1024\" \/>\n\t<meta property=\"og:image:type\" content=\"image\/jpeg\" \/>\n<meta name=\"twitter:card\" content=\"summary_large_image\" \/>\n<meta name=\"twitter:title\" content=\"Our solutions at the service of the energy sector | Pietro Fiorentini\" \/>\n<meta name=\"twitter:description\" content=\"Pietro Fiorentini has a full range of products, systems and services to provide our customers with complete end-to-end solutions\" \/>\n<meta name=\"twitter:image\" content=\"https:\/\/www.fiorentini-iberia.com\/wp-content\/uploads\/2021\/04\/solutions.jpg\" \/>\n<meta name=\"twitter:site\" content=\"@FiorentiniSpa\" \/>\n<meta name=\"twitter:label1\" content=\"Tiempo de lectura\" \/>\n\t<meta name=\"twitter:data1\" content=\"1 minuto\" \/>\n<script type=\"application\/ld+json\" class=\"yoast-schema-graph\">{\"@context\":\"https:\/\/schema.org\",\"@graph\":[{\"@type\":\"WebPage\",\"@id\":\"https:\/\/www.fiorentini-iberia.com\/es\/soluciones-fiorentini\/\",\"url\":\"https:\/\/www.fiorentini-iberia.com\/es\/soluciones-fiorentini\/\",\"name\":\"Nuestras soluciones al servicio del sector energ\u00e9tico - Pietro Fiorentini Iberia\",\"isPartOf\":{\"@id\":\"https:\/\/www.fiorentini-iberia.com\/es\/#website\"},\"primaryImageOfPage\":{\"@id\":\"https:\/\/www.fiorentini-iberia.com\/es\/soluciones-fiorentini\/#primaryimage\"},\"image\":{\"@id\":\"https:\/\/www.fiorentini-iberia.com\/es\/soluciones-fiorentini\/#primaryimage\"},\"thumbnailUrl\":\"https:\/\/www.fiorentini-iberia.com\/wp-content\/uploads\/2022\/12\/03-Soluciones-cabecera.jpg\",\"datePublished\":\"2020-11-26T22:48:25+00:00\",\"dateModified\":\"2025-09-16T17:37:26+00:00\",\"description\":\"Pietro Fiorentini dispone de una gama completa de productos, sistemas y servicios para ofrecer a nuestros clientes soluciones completas.\",\"breadcrumb\":{\"@id\":\"https:\/\/www.fiorentini-iberia.com\/es\/soluciones-fiorentini\/#breadcrumb\"},\"inLanguage\":\"es\",\"potentialAction\":[{\"@type\":\"ReadAction\",\"target\":[\"https:\/\/www.fiorentini-iberia.com\/es\/soluciones-fiorentini\/\"]}]},{\"@type\":\"ImageObject\",\"inLanguage\":\"es\",\"@id\":\"https:\/\/www.fiorentini-iberia.com\/es\/soluciones-fiorentini\/#primaryimage\",\"url\":\"https:\/\/www.fiorentini-iberia.com\/wp-content\/uploads\/2022\/12\/03-Soluciones-cabecera.jpg\",\"contentUrl\":\"https:\/\/www.fiorentini-iberia.com\/wp-content\/uploads\/2022\/12\/03-Soluciones-cabecera.jpg\",\"width\":1920,\"height\":1440},{\"@type\":\"BreadcrumbList\",\"@id\":\"https:\/\/www.fiorentini-iberia.com\/es\/soluciones-fiorentini\/#breadcrumb\",\"itemListElement\":[{\"@type\":\"ListItem\",\"position\":1,\"name\":\"Home\",\"item\":\"https:\/\/www.fiorentini-iberia.com\/es\/\"},{\"@type\":\"ListItem\",\"position\":2,\"name\":\"Soluciones\"}]},{\"@type\":\"WebSite\",\"@id\":\"https:\/\/www.fiorentini-iberia.com\/es\/#website\",\"url\":\"https:\/\/www.fiorentini-iberia.com\/es\/\",\"name\":\"Pietro Fiorentini Iberia\",\"description\":\"Pietro Fiorentini dise\u00f1a y fabrica componentes, sistemas y servicios para la regulaci\u00f3n, medici\u00f3n, gesti\u00f3n de redes de agua, energ\u00edas renovables, petr\u00f3leo y el gas natural, con sistemas adaptados 100% al hidr\u00f3geno.\",\"publisher\":{\"@id\":\"https:\/\/www.fiorentini-iberia.com\/es\/#organization\"},\"potentialAction\":[{\"@type\":\"SearchAction\",\"target\":{\"@type\":\"EntryPoint\",\"urlTemplate\":\"https:\/\/www.fiorentini-iberia.com\/es\/?s={search_term_string}\"},\"query-input\":{\"@type\":\"PropertyValueSpecification\",\"valueRequired\":true,\"valueName\":\"search_term_string\"}}],\"inLanguage\":\"es\"},{\"@type\":\"Organization\",\"@id\":\"https:\/\/www.fiorentini-iberia.com\/es\/#organization\",\"name\":\"Pietro Fiorentini Iberia\",\"url\":\"https:\/\/www.fiorentini-iberia.com\/es\/\",\"logo\":{\"@type\":\"ImageObject\",\"inLanguage\":\"es\",\"@id\":\"https:\/\/www.fiorentini-iberia.com\/es\/#\/schema\/logo\/image\/\",\"url\":\"https:\/\/www.fiorentini-iberia.com\/wp-content\/uploads\/2020\/11\/logo.svg\",\"contentUrl\":\"https:\/\/www.fiorentini-iberia.com\/wp-content\/uploads\/2020\/11\/logo.svg\",\"width\":227,\"height\":59,\"caption\":\"Pietro Fiorentini Iberia\"},\"image\":{\"@id\":\"https:\/\/www.fiorentini-iberia.com\/es\/#\/schema\/logo\/image\/\"},\"sameAs\":[\"https:\/\/x.com\/FiorentiniSpa\",\"https:\/\/www.linkedin.com\/company\/pietro-fiorentini-iberia\/\"]}]}<\/script>\n<!-- \/ Yoast SEO plugin. -->","yoast_head_json":{"title":"Nuestras soluciones al servicio del sector energ\u00e9tico - Pietro Fiorentini Iberia","description":"Pietro Fiorentini dispone de una gama completa de productos, sistemas y servicios para ofrecer a nuestros clientes soluciones completas.","robots":{"index":"index","follow":"follow","max-snippet":"max-snippet:-1","max-image-preview":"max-image-preview:large","max-video-preview":"max-video-preview:-1"},"canonical":"https:\/\/www.fiorentini-iberia.com\/es\/soluciones-fiorentini\/","og_locale":"es_ES","og_type":"article","og_title":"Our solutions to energy sector | Pietro Fiorentini","og_description":"Pietro Fiorentini has a full range of products, systems and services to provide our customers with complete end-to-end solutions","og_url":"https:\/\/www.fiorentini-iberia.com\/es\/soluciones-fiorentini\/","og_site_name":"Pietro Fiorentini Iberia","article_modified_time":"2025-09-16T17:37:26+00:00","og_image":[{"width":1920,"height":1024,"url":"https:\/\/www.fiorentini-iberia.com\/wp-content\/uploads\/2021\/04\/solutions.jpg","type":"image\/jpeg"}],"twitter_card":"summary_large_image","twitter_title":"Our solutions at the service of the energy sector | Pietro Fiorentini","twitter_description":"Pietro Fiorentini has a full range of products, systems and services to provide our customers with complete end-to-end solutions","twitter_image":"https:\/\/www.fiorentini-iberia.com\/wp-content\/uploads\/2021\/04\/solutions.jpg","twitter_site":"@FiorentiniSpa","twitter_misc":{"Tiempo de lectura":"1 minuto"},"schema":{"@context":"https:\/\/schema.org","@graph":[{"@type":"WebPage","@id":"https:\/\/www.fiorentini-iberia.com\/es\/soluciones-fiorentini\/","url":"https:\/\/www.fiorentini-iberia.com\/es\/soluciones-fiorentini\/","name":"Nuestras soluciones al servicio del sector energ\u00e9tico - Pietro Fiorentini Iberia","isPartOf":{"@id":"https:\/\/www.fiorentini-iberia.com\/es\/#website"},"primaryImageOfPage":{"@id":"https:\/\/www.fiorentini-iberia.com\/es\/soluciones-fiorentini\/#primaryimage"},"image":{"@id":"https:\/\/www.fiorentini-iberia.com\/es\/soluciones-fiorentini\/#primaryimage"},"thumbnailUrl":"https:\/\/www.fiorentini-iberia.com\/wp-content\/uploads\/2022\/12\/03-Soluciones-cabecera.jpg","datePublished":"2020-11-26T22:48:25+00:00","dateModified":"2025-09-16T17:37:26+00:00","description":"Pietro Fiorentini dispone de una gama completa de productos, sistemas y servicios para ofrecer a nuestros clientes soluciones completas.","breadcrumb":{"@id":"https:\/\/www.fiorentini-iberia.com\/es\/soluciones-fiorentini\/#breadcrumb"},"inLanguage":"es","potentialAction":[{"@type":"ReadAction","target":["https:\/\/www.fiorentini-iberia.com\/es\/soluciones-fiorentini\/"]}]},{"@type":"ImageObject","inLanguage":"es","@id":"https:\/\/www.fiorentini-iberia.com\/es\/soluciones-fiorentini\/#primaryimage","url":"https:\/\/www.fiorentini-iberia.com\/wp-content\/uploads\/2022\/12\/03-Soluciones-cabecera.jpg","contentUrl":"https:\/\/www.fiorentini-iberia.com\/wp-content\/uploads\/2022\/12\/03-Soluciones-cabecera.jpg","width":1920,"height":1440},{"@type":"BreadcrumbList","@id":"https:\/\/www.fiorentini-iberia.com\/es\/soluciones-fiorentini\/#breadcrumb","itemListElement":[{"@type":"ListItem","position":1,"name":"Home","item":"https:\/\/www.fiorentini-iberia.com\/es\/"},{"@type":"ListItem","position":2,"name":"Soluciones"}]},{"@type":"WebSite","@id":"https:\/\/www.fiorentini-iberia.com\/es\/#website","url":"https:\/\/www.fiorentini-iberia.com\/es\/","name":"Pietro Fiorentini Iberia","description":"Pietro Fiorentini dise\u00f1a y fabrica componentes, sistemas y servicios para la regulaci\u00f3n, medici\u00f3n, gesti\u00f3n de redes de agua, energ\u00edas renovables, petr\u00f3leo y el gas natural, con sistemas adaptados 100% al hidr\u00f3geno.","publisher":{"@id":"https:\/\/www.fiorentini-iberia.com\/es\/#organization"},"potentialAction":[{"@type":"SearchAction","target":{"@type":"EntryPoint","urlTemplate":"https:\/\/www.fiorentini-iberia.com\/es\/?s={search_term_string}"},"query-input":{"@type":"PropertyValueSpecification","valueRequired":true,"valueName":"search_term_string"}}],"inLanguage":"es"},{"@type":"Organization","@id":"https:\/\/www.fiorentini-iberia.com\/es\/#organization","name":"Pietro Fiorentini Iberia","url":"https:\/\/www.fiorentini-iberia.com\/es\/","logo":{"@type":"ImageObject","inLanguage":"es","@id":"https:\/\/www.fiorentini-iberia.com\/es\/#\/schema\/logo\/image\/","url":"https:\/\/www.fiorentini-iberia.com\/wp-content\/uploads\/2020\/11\/logo.svg","contentUrl":"https:\/\/www.fiorentini-iberia.com\/wp-content\/uploads\/2020\/11\/logo.svg","width":227,"height":59,"caption":"Pietro Fiorentini Iberia"},"image":{"@id":"https:\/\/www.fiorentini-iberia.com\/es\/#\/schema\/logo\/image\/"},"sameAs":["https:\/\/x.com\/FiorentiniSpa","https:\/\/www.linkedin.com\/company\/pietro-fiorentini-iberia\/"]}]}},"_links":{"self":[{"href":"https:\/\/www.fiorentini-iberia.com\/es\/wp-json\/wp\/v2\/pages\/19761","targetHints":{"allow":["GET"]}}],"collection":[{"href":"https:\/\/www.fiorentini-iberia.com\/es\/wp-json\/wp\/v2\/pages"}],"about":[{"href":"https:\/\/www.fiorentini-iberia.com\/es\/wp-json\/wp\/v2\/types\/page"}],"author":[{"embeddable":true,"href":"https:\/\/www.fiorentini-iberia.com\/es\/wp-json\/wp\/v2\/users\/15"}],"replies":[{"embeddable":true,"href":"https:\/\/www.fiorentini-iberia.com\/es\/wp-json\/wp\/v2\/comments?post=19761"}],"version-history":[{"count":2,"href":"https:\/\/www.fiorentini-iberia.com\/es\/wp-json\/wp\/v2\/pages\/19761\/revisions"}],"predecessor-version":[{"id":61807,"href":"https:\/\/www.fiorentini-iberia.com\/es\/wp-json\/wp\/v2\/pages\/19761\/revisions\/61807"}],"wp:featuredmedia":[{"embeddable":true,"href":"https:\/\/www.fiorentini-iberia.com\/es\/wp-json\/wp\/v2\/media\/22441"}],"wp:attachment":[{"href":"https:\/\/www.fiorentini-iberia.com\/es\/wp-json\/wp\/v2\/media?parent=19761"}],"curies":[{"name":"wp","href":"https:\/\/api.w.org\/{rel}","templated":true}]}}