{"id":19778,"date":"2022-04-29T17:49:17","date_gmt":"2022-04-29T15:49:17","guid":{"rendered":"https:\/\/iberia.fiorentini.com\/careers\/"},"modified":"2025-03-19T13:25:27","modified_gmt":"2025-03-19T12:25:27","slug":"unete-al-equipo","status":"publish","type":"page","link":"https:\/\/www.fiorentini-iberia.com\/es\/unete-al-equipo\/","title":{"rendered":"\u00danete al equipo"},"content":{"rendered":"\n<p>En Pietro Fiorentini, la carrera de todos y cada uno de nuestros empleados es supervisada, apoyada y alimentada con formaci\u00f3n de producto y de habilidades funcionales y personales. As\u00ed es como creamos una <strong>cultura de mejora continua<\/strong>, que lleva a todos nuestros empleados a comprometerse tanto con su crecimiento individual como con el de la empresa.<br><br>&nbsp;<\/p>\n\n\n\n<p style=\"font-size:23px\"><strong><strong>Oportunidades abiertas<\/strong> en Pietro Fiorentini Iberia<br><\/strong>&nbsp;<\/p>\n\n\n\n\n\n<p><strong>><\/strong> <strong><a href=\"https:\/\/www.fiorentini-iberia.com\/es\/unete-al-equipo\/tecnico-a-de-back-office\/\">Soporte Back-Office para la Divisi\u00f3n Agua de Pietro Fiorentini Iberia en Barcelona<\/a><\/strong><\/p>\n\n\n\n\n\n<p style=\"font-size:23px\"><br>&nbsp;<br><strong><strong><strong>Oportunidades<\/strong><\/strong> internacionales<\/strong>&nbsp;<\/p>\n\n\n\n<p>&nbsp;<br>Como formamos parte de Pietro Fiorentini SpA, <strong>empresa presente en 30 localizaciones internacionales<\/strong>, podemos ofrecer puestos de trabajo a nivel mundial.<\/p>\n","protected":false},"excerpt":{"rendered":"<p>En Pietro Fiorentini, la carrera de todos y cada uno de nuestros empleados es supervisada, apoyada y alimentada con formaci\u00f3n de producto y de habilidades funcionales y personales. As\u00ed es como creamos una cultura de mejora continua, que lleva a todos nuestros empleados a comprometerse tanto con su crecimiento individual como con el de la [&hellip;]<\/p>\n","protected":false},"author":15,"featured_media":22164,"parent":0,"menu_order":0,"comment_status":"closed","ping_status":"closed","template":"template-careers.php","meta":{"_acf_changed":false,"inline_featured_image":false,"footnotes":""},"class_list":["post-19778","page","type-page","status-publish","has-post-thumbnail","hentry"],"acf":[],"yoast_head":"<!-- This site is optimized with the Yoast SEO plugin v27.2 - https:\/\/yoast.com\/product\/yoast-seo-wordpress\/ -->\n<title>\u00danete al equipo - Pietro Fiorentini Iberia<\/title>\n<meta name=\"description\" content=\"Trabajar en Pietro Fiorentini significa entrar en una gran familia y tener la oportunidad de crecer a nivel internacional.\" \/>\n<meta name=\"robots\" content=\"index, follow, max-snippet:-1, max-image-preview:large, max-video-preview:-1\" \/>\n<link rel=\"canonical\" href=\"https:\/\/www.fiorentini-iberia.com\/es\/unete-al-equipo\/\" \/>\n<meta property=\"og:locale\" content=\"es_ES\" \/>\n<meta property=\"og:type\" content=\"article\" \/>\n<meta property=\"og:title\" content=\"\u00danete al equipo - Pietro Fiorentini Iberia\" \/>\n<meta property=\"og:description\" content=\"Trabajar en Pietro Fiorentini significa entrar en una gran familia y tener la oportunidad de crecer a nivel internacional.\" \/>\n<meta property=\"og:url\" content=\"https:\/\/www.fiorentini-iberia.com\/es\/unete-al-equipo\/\" \/>\n<meta property=\"og:site_name\" content=\"Pietro Fiorentini Iberia\" \/>\n<meta property=\"article:modified_time\" content=\"2025-03-19T12:25:27+00:00\" \/>\n<meta property=\"og:image\" content=\"https:\/\/fiorentini-iberia.com\/wp-content\/uploads\/2022\/11\/06-Unete-al-equipo-capcalera-1.jpg\" \/>\n\t<meta property=\"og:image:width\" content=\"1920\" \/>\n\t<meta property=\"og:image:height\" content=\"1440\" \/>\n\t<meta property=\"og:image:type\" content=\"image\/jpeg\" \/>\n<meta name=\"twitter:card\" content=\"summary_large_image\" \/>\n<meta name=\"twitter:site\" content=\"@FiorentiniSpa\" \/>\n<meta name=\"twitter:label1\" content=\"Tiempo de lectura\" \/>\n\t<meta name=\"twitter:data1\" content=\"1 minuto\" \/>\n<script type=\"application\/ld+json\" class=\"yoast-schema-graph\">{\"@context\":\"https:\/\/schema.org\",\"@graph\":[{\"@type\":\"WebPage\",\"@id\":\"https:\/\/www.fiorentini-iberia.com\/es\/unete-al-equipo\/\",\"url\":\"https:\/\/www.fiorentini-iberia.com\/es\/unete-al-equipo\/\",\"name\":\"\u00danete al equipo - Pietro Fiorentini Iberia\",\"isPartOf\":{\"@id\":\"https:\/\/www.fiorentini-iberia.com\/es\/#website\"},\"primaryImageOfPage\":{\"@id\":\"https:\/\/www.fiorentini-iberia.com\/es\/unete-al-equipo\/#primaryimage\"},\"image\":{\"@id\":\"https:\/\/www.fiorentini-iberia.com\/es\/unete-al-equipo\/#primaryimage\"},\"thumbnailUrl\":\"https:\/\/www.fiorentini-iberia.com\/wp-content\/uploads\/2022\/11\/06-Unete-al-equipo-capcalera-1.jpg\",\"datePublished\":\"2022-04-29T15:49:17+00:00\",\"dateModified\":\"2025-03-19T12:25:27+00:00\",\"description\":\"Trabajar en Pietro Fiorentini significa entrar en una gran familia y tener la oportunidad de crecer a nivel internacional.\",\"breadcrumb\":{\"@id\":\"https:\/\/www.fiorentini-iberia.com\/es\/unete-al-equipo\/#breadcrumb\"},\"inLanguage\":\"es\",\"potentialAction\":[{\"@type\":\"ReadAction\",\"target\":[\"https:\/\/www.fiorentini-iberia.com\/es\/unete-al-equipo\/\"]}]},{\"@type\":\"ImageObject\",\"inLanguage\":\"es\",\"@id\":\"https:\/\/www.fiorentini-iberia.com\/es\/unete-al-equipo\/#primaryimage\",\"url\":\"https:\/\/www.fiorentini-iberia.com\/wp-content\/uploads\/2022\/11\/06-Unete-al-equipo-capcalera-1.jpg\",\"contentUrl\":\"https:\/\/www.fiorentini-iberia.com\/wp-content\/uploads\/2022\/11\/06-Unete-al-equipo-capcalera-1.jpg\",\"width\":1920,\"height\":1440,\"caption\":\"Unete al equipo-Pietro Fiorentini Iberia\"},{\"@type\":\"BreadcrumbList\",\"@id\":\"https:\/\/www.fiorentini-iberia.com\/es\/unete-al-equipo\/#breadcrumb\",\"itemListElement\":[{\"@type\":\"ListItem\",\"position\":1,\"name\":\"Home\",\"item\":\"https:\/\/www.fiorentini-iberia.com\/es\/\"},{\"@type\":\"ListItem\",\"position\":2,\"name\":\"\u00danete al equipo\"}]},{\"@type\":\"WebSite\",\"@id\":\"https:\/\/www.fiorentini-iberia.com\/es\/#website\",\"url\":\"https:\/\/www.fiorentini-iberia.com\/es\/\",\"name\":\"Pietro Fiorentini Iberia\",\"description\":\"Pietro Fiorentini dise\u00f1a y fabrica componentes, sistemas y servicios para la regulaci\u00f3n, medici\u00f3n, gesti\u00f3n de redes de agua, energ\u00edas renovables, petr\u00f3leo y el gas natural, con sistemas adaptados 100% al hidr\u00f3geno.\",\"publisher\":{\"@id\":\"https:\/\/www.fiorentini-iberia.com\/es\/#organization\"},\"potentialAction\":[{\"@type\":\"SearchAction\",\"target\":{\"@type\":\"EntryPoint\",\"urlTemplate\":\"https:\/\/www.fiorentini-iberia.com\/es\/?s={search_term_string}\"},\"query-input\":{\"@type\":\"PropertyValueSpecification\",\"valueRequired\":true,\"valueName\":\"search_term_string\"}}],\"inLanguage\":\"es\"},{\"@type\":\"Organization\",\"@id\":\"https:\/\/www.fiorentini-iberia.com\/es\/#organization\",\"name\":\"Pietro Fiorentini Iberia\",\"url\":\"https:\/\/www.fiorentini-iberia.com\/es\/\",\"logo\":{\"@type\":\"ImageObject\",\"inLanguage\":\"es\",\"@id\":\"https:\/\/www.fiorentini-iberia.com\/es\/#\/schema\/logo\/image\/\",\"url\":\"https:\/\/www.fiorentini-iberia.com\/wp-content\/uploads\/2020\/11\/logo.svg\",\"contentUrl\":\"https:\/\/www.fiorentini-iberia.com\/wp-content\/uploads\/2020\/11\/logo.svg\",\"width\":227,\"height\":59,\"caption\":\"Pietro Fiorentini Iberia\"},\"image\":{\"@id\":\"https:\/\/www.fiorentini-iberia.com\/es\/#\/schema\/logo\/image\/\"},\"sameAs\":[\"https:\/\/x.com\/FiorentiniSpa\",\"https:\/\/www.linkedin.com\/company\/pietro-fiorentini-iberia\/\"]}]}<\/script>\n<!-- \/ Yoast SEO plugin. -->","yoast_head_json":{"title":"\u00danete al equipo - Pietro Fiorentini Iberia","description":"Trabajar en Pietro Fiorentini significa entrar en una gran familia y tener la oportunidad de crecer a nivel internacional.","robots":{"index":"index","follow":"follow","max-snippet":"max-snippet:-1","max-image-preview":"max-image-preview:large","max-video-preview":"max-video-preview:-1"},"canonical":"https:\/\/www.fiorentini-iberia.com\/es\/unete-al-equipo\/","og_locale":"es_ES","og_type":"article","og_title":"\u00danete al equipo - Pietro Fiorentini Iberia","og_description":"Trabajar en Pietro Fiorentini significa entrar en una gran familia y tener la oportunidad de crecer a nivel internacional.","og_url":"https:\/\/www.fiorentini-iberia.com\/es\/unete-al-equipo\/","og_site_name":"Pietro Fiorentini Iberia","article_modified_time":"2025-03-19T12:25:27+00:00","og_image":[{"width":1920,"height":1440,"url":"https:\/\/fiorentini-iberia.com\/wp-content\/uploads\/2022\/11\/06-Unete-al-equipo-capcalera-1.jpg","type":"image\/jpeg"}],"twitter_card":"summary_large_image","twitter_site":"@FiorentiniSpa","twitter_misc":{"Tiempo de lectura":"1 minuto"},"schema":{"@context":"https:\/\/schema.org","@graph":[{"@type":"WebPage","@id":"https:\/\/www.fiorentini-iberia.com\/es\/unete-al-equipo\/","url":"https:\/\/www.fiorentini-iberia.com\/es\/unete-al-equipo\/","name":"\u00danete al equipo - Pietro Fiorentini Iberia","isPartOf":{"@id":"https:\/\/www.fiorentini-iberia.com\/es\/#website"},"primaryImageOfPage":{"@id":"https:\/\/www.fiorentini-iberia.com\/es\/unete-al-equipo\/#primaryimage"},"image":{"@id":"https:\/\/www.fiorentini-iberia.com\/es\/unete-al-equipo\/#primaryimage"},"thumbnailUrl":"https:\/\/www.fiorentini-iberia.com\/wp-content\/uploads\/2022\/11\/06-Unete-al-equipo-capcalera-1.jpg","datePublished":"2022-04-29T15:49:17+00:00","dateModified":"2025-03-19T12:25:27+00:00","description":"Trabajar en Pietro Fiorentini significa entrar en una gran familia y tener la oportunidad de crecer a nivel internacional.","breadcrumb":{"@id":"https:\/\/www.fiorentini-iberia.com\/es\/unete-al-equipo\/#breadcrumb"},"inLanguage":"es","potentialAction":[{"@type":"ReadAction","target":["https:\/\/www.fiorentini-iberia.com\/es\/unete-al-equipo\/"]}]},{"@type":"ImageObject","inLanguage":"es","@id":"https:\/\/www.fiorentini-iberia.com\/es\/unete-al-equipo\/#primaryimage","url":"https:\/\/www.fiorentini-iberia.com\/wp-content\/uploads\/2022\/11\/06-Unete-al-equipo-capcalera-1.jpg","contentUrl":"https:\/\/www.fiorentini-iberia.com\/wp-content\/uploads\/2022\/11\/06-Unete-al-equipo-capcalera-1.jpg","width":1920,"height":1440,"caption":"Unete al equipo-Pietro Fiorentini Iberia"},{"@type":"BreadcrumbList","@id":"https:\/\/www.fiorentini-iberia.com\/es\/unete-al-equipo\/#breadcrumb","itemListElement":[{"@type":"ListItem","position":1,"name":"Home","item":"https:\/\/www.fiorentini-iberia.com\/es\/"},{"@type":"ListItem","position":2,"name":"\u00danete al equipo"}]},{"@type":"WebSite","@id":"https:\/\/www.fiorentini-iberia.com\/es\/#website","url":"https:\/\/www.fiorentini-iberia.com\/es\/","name":"Pietro Fiorentini Iberia","description":"Pietro Fiorentini dise\u00f1a y fabrica componentes, sistemas y servicios para la regulaci\u00f3n, medici\u00f3n, gesti\u00f3n de redes de agua, energ\u00edas renovables, petr\u00f3leo y el gas natural, con sistemas adaptados 100% al hidr\u00f3geno.","publisher":{"@id":"https:\/\/www.fiorentini-iberia.com\/es\/#organization"},"potentialAction":[{"@type":"SearchAction","target":{"@type":"EntryPoint","urlTemplate":"https:\/\/www.fiorentini-iberia.com\/es\/?s={search_term_string}"},"query-input":{"@type":"PropertyValueSpecification","valueRequired":true,"valueName":"search_term_string"}}],"inLanguage":"es"},{"@type":"Organization","@id":"https:\/\/www.fiorentini-iberia.com\/es\/#organization","name":"Pietro Fiorentini Iberia","url":"https:\/\/www.fiorentini-iberia.com\/es\/","logo":{"@type":"ImageObject","inLanguage":"es","@id":"https:\/\/www.fiorentini-iberia.com\/es\/#\/schema\/logo\/image\/","url":"https:\/\/www.fiorentini-iberia.com\/wp-content\/uploads\/2020\/11\/logo.svg","contentUrl":"https:\/\/www.fiorentini-iberia.com\/wp-content\/uploads\/2020\/11\/logo.svg","width":227,"height":59,"caption":"Pietro Fiorentini Iberia"},"image":{"@id":"https:\/\/www.fiorentini-iberia.com\/es\/#\/schema\/logo\/image\/"},"sameAs":["https:\/\/x.com\/FiorentiniSpa","https:\/\/www.linkedin.com\/company\/pietro-fiorentini-iberia\/"]}]}},"_links":{"self":[{"href":"https:\/\/www.fiorentini-iberia.com\/es\/wp-json\/wp\/v2\/pages\/19778","targetHints":{"allow":["GET"]}}],"collection":[{"href":"https:\/\/www.fiorentini-iberia.com\/es\/wp-json\/wp\/v2\/pages"}],"about":[{"href":"https:\/\/www.fiorentini-iberia.com\/es\/wp-json\/wp\/v2\/types\/page"}],"author":[{"embeddable":true,"href":"https:\/\/www.fiorentini-iberia.com\/es\/wp-json\/wp\/v2\/users\/15"}],"replies":[{"embeddable":true,"href":"https:\/\/www.fiorentini-iberia.com\/es\/wp-json\/wp\/v2\/comments?post=19778"}],"version-history":[{"count":3,"href":"https:\/\/www.fiorentini-iberia.com\/es\/wp-json\/wp\/v2\/pages\/19778\/revisions"}],"predecessor-version":[{"id":59347,"href":"https:\/\/www.fiorentini-iberia.com\/es\/wp-json\/wp\/v2\/pages\/19778\/revisions\/59347"}],"wp:featuredmedia":[{"embeddable":true,"href":"https:\/\/www.fiorentini-iberia.com\/es\/wp-json\/wp\/v2\/media\/22164"}],"wp:attachment":[{"href":"https:\/\/www.fiorentini-iberia.com\/es\/wp-json\/wp\/v2\/media?parent=19778"}],"curies":[{"name":"wp","href":"https:\/\/api.w.org\/{rel}","templated":true}]}}