{"id":22218,"date":"2022-11-29T16:48:48","date_gmt":"2022-11-29T15:48:48","guid":{"rendered":"https:\/\/fiorentini-iberia.com\/pietro-fiorentini-iberia\/our-team\/"},"modified":"2025-09-19T11:38:59","modified_gmt":"2025-09-19T09:38:59","slug":"nuestro-equipo","status":"publish","type":"page","link":"https:\/\/www.fiorentini-iberia.com\/es\/pietro-fiorentini-iberia\/nuestro-equipo\/","title":{"rendered":"Nuestro equipo"},"content":{"rendered":"\n<p><strong>Pietro Fiorentini Iberia <\/strong>es una empresa joven, no obstante, adem\u00e1s de estar respaldada por&nbsp;Pietro Fiorentini, <strong>referente mundial de la industria energ\u00e9tica<\/strong>, tiene el orgullo de estar compuesta por <strong>magn\u00edficos profesionales<\/strong>, que cuentan con una dilatada trayectoria en el sector.<\/p>\n\n\n\n<p>El equipo de Pietro Fiorentini Iberia tiene como m\u00e1xima prioridad el ofrecer <strong>la mejor soluci\u00f3n y servicio a sus clientes de Espa\u00f1a y Portugal<\/strong>. <a href=\"https:\/\/fiorentini-iberia.com\/es\/contacto\/\" ;=\"\" style=\"text-decoration:none\"><strong> \u00a1Cont\u00e1ctenos!<\/strong><\/a><\/p>\n","protected":false},"excerpt":{"rendered":"<p>Pietro Fiorentini Iberia es una empresa joven, no obstante, adem\u00e1s de estar respaldada por&nbsp;Pietro Fiorentini, referente mundial de la industria energ\u00e9tica, tiene el orgullo de estar compuesta por magn\u00edficos profesionales, que cuentan con una dilatada trayectoria en el sector. El equipo de Pietro Fiorentini Iberia tiene como m\u00e1xima prioridad el ofrecer la mejor soluci\u00f3n y [&hellip;]<\/p>\n","protected":false},"author":12,"featured_media":22448,"parent":19558,"menu_order":0,"comment_status":"closed","ping_status":"closed","template":"template-team.php","meta":{"_acf_changed":false,"inline_featured_image":false,"footnotes":""},"class_list":["post-22218","page","type-page","status-publish","has-post-thumbnail","hentry"],"acf":[],"yoast_head":"<!-- This site is optimized with the Yoast SEO plugin v27.2 - https:\/\/yoast.com\/product\/yoast-seo-wordpress\/ -->\n<title>Nuestro equipo - Pietro Fiorentini Iberia<\/title>\n<meta name=\"description\" content=\"Pietro Fiorentini Iberia tiene el orgullo de estar compuesta por magn\u00edficos profesionales con una dilatada trayectoria en el sector.\" \/>\n<meta name=\"robots\" content=\"index, follow, max-snippet:-1, max-image-preview:large, max-video-preview:-1\" \/>\n<link rel=\"canonical\" href=\"https:\/\/www.fiorentini-iberia.com\/es\/pietro-fiorentini-iberia\/nuestro-equipo\/\" \/>\n<meta property=\"og:locale\" content=\"es_ES\" \/>\n<meta property=\"og:type\" content=\"article\" \/>\n<meta property=\"og:title\" content=\"Nuestro equipo - Pietro Fiorentini Iberia\" \/>\n<meta property=\"og:description\" content=\"Pietro Fiorentini Iberia tiene el orgullo de estar compuesta por magn\u00edficos profesionales con una dilatada trayectoria en el sector.\" \/>\n<meta property=\"og:url\" content=\"https:\/\/www.fiorentini-iberia.com\/es\/pietro-fiorentini-iberia\/nuestro-equipo\/\" \/>\n<meta property=\"og:site_name\" content=\"Pietro Fiorentini Iberia\" \/>\n<meta property=\"article:modified_time\" content=\"2025-09-19T09:38:59+00:00\" \/>\n<meta property=\"og:image\" content=\"https:\/\/www.fiorentini-iberia.com\/wp-content\/uploads\/2022\/12\/Team-header-02.jpg\" \/>\n\t<meta property=\"og:image:width\" content=\"1331\" \/>\n\t<meta property=\"og:image:height\" content=\"621\" \/>\n\t<meta property=\"og:image:type\" content=\"image\/jpeg\" \/>\n<meta name=\"twitter:card\" content=\"summary_large_image\" \/>\n<meta name=\"twitter:site\" content=\"@FiorentiniSpa\" \/>\n<meta name=\"twitter:label1\" content=\"Tiempo de lectura\" \/>\n\t<meta name=\"twitter:data1\" content=\"1 minuto\" \/>\n<script type=\"application\/ld+json\" class=\"yoast-schema-graph\">{\"@context\":\"https:\/\/schema.org\",\"@graph\":[{\"@type\":\"WebPage\",\"@id\":\"https:\/\/www.fiorentini-iberia.com\/es\/pietro-fiorentini-iberia\/nuestro-equipo\/\",\"url\":\"https:\/\/www.fiorentini-iberia.com\/es\/pietro-fiorentini-iberia\/nuestro-equipo\/\",\"name\":\"Nuestro equipo - Pietro Fiorentini Iberia\",\"isPartOf\":{\"@id\":\"https:\/\/www.fiorentini-iberia.com\/es\/#website\"},\"primaryImageOfPage\":{\"@id\":\"https:\/\/www.fiorentini-iberia.com\/es\/pietro-fiorentini-iberia\/nuestro-equipo\/#primaryimage\"},\"image\":{\"@id\":\"https:\/\/www.fiorentini-iberia.com\/es\/pietro-fiorentini-iberia\/nuestro-equipo\/#primaryimage\"},\"thumbnailUrl\":\"https:\/\/www.fiorentini-iberia.com\/wp-content\/uploads\/2022\/12\/Team-header-02.jpg\",\"datePublished\":\"2022-11-29T15:48:48+00:00\",\"dateModified\":\"2025-09-19T09:38:59+00:00\",\"description\":\"Pietro Fiorentini Iberia tiene el orgullo de estar compuesta por magn\u00edficos profesionales con una dilatada trayectoria en el sector.\",\"breadcrumb\":{\"@id\":\"https:\/\/www.fiorentini-iberia.com\/es\/pietro-fiorentini-iberia\/nuestro-equipo\/#breadcrumb\"},\"inLanguage\":\"es\",\"potentialAction\":[{\"@type\":\"ReadAction\",\"target\":[\"https:\/\/www.fiorentini-iberia.com\/es\/pietro-fiorentini-iberia\/nuestro-equipo\/\"]}]},{\"@type\":\"ImageObject\",\"inLanguage\":\"es\",\"@id\":\"https:\/\/www.fiorentini-iberia.com\/es\/pietro-fiorentini-iberia\/nuestro-equipo\/#primaryimage\",\"url\":\"https:\/\/www.fiorentini-iberia.com\/wp-content\/uploads\/2022\/12\/Team-header-02.jpg\",\"contentUrl\":\"https:\/\/www.fiorentini-iberia.com\/wp-content\/uploads\/2022\/12\/Team-header-02.jpg\",\"width\":1331,\"height\":621},{\"@type\":\"BreadcrumbList\",\"@id\":\"https:\/\/www.fiorentini-iberia.com\/es\/pietro-fiorentini-iberia\/nuestro-equipo\/#breadcrumb\",\"itemListElement\":[{\"@type\":\"ListItem\",\"position\":1,\"name\":\"Home\",\"item\":\"https:\/\/www.fiorentini-iberia.com\/es\/\"},{\"@type\":\"ListItem\",\"position\":2,\"name\":\"Pietro Fiorentini Iberia\",\"item\":\"https:\/\/www.fiorentini-iberia.com\/es\/pietro-fiorentini-iberia\/\"},{\"@type\":\"ListItem\",\"position\":3,\"name\":\"Nuestro equipo\"}]},{\"@type\":\"WebSite\",\"@id\":\"https:\/\/www.fiorentini-iberia.com\/es\/#website\",\"url\":\"https:\/\/www.fiorentini-iberia.com\/es\/\",\"name\":\"Pietro Fiorentini Iberia\",\"description\":\"Pietro Fiorentini dise\u00f1a y fabrica componentes, sistemas y servicios para la regulaci\u00f3n, medici\u00f3n, gesti\u00f3n de redes de agua, energ\u00edas renovables, petr\u00f3leo y el gas natural, con sistemas adaptados 100% al hidr\u00f3geno.\",\"publisher\":{\"@id\":\"https:\/\/www.fiorentini-iberia.com\/es\/#organization\"},\"potentialAction\":[{\"@type\":\"SearchAction\",\"target\":{\"@type\":\"EntryPoint\",\"urlTemplate\":\"https:\/\/www.fiorentini-iberia.com\/es\/?s={search_term_string}\"},\"query-input\":{\"@type\":\"PropertyValueSpecification\",\"valueRequired\":true,\"valueName\":\"search_term_string\"}}],\"inLanguage\":\"es\"},{\"@type\":\"Organization\",\"@id\":\"https:\/\/www.fiorentini-iberia.com\/es\/#organization\",\"name\":\"Pietro Fiorentini Iberia\",\"url\":\"https:\/\/www.fiorentini-iberia.com\/es\/\",\"logo\":{\"@type\":\"ImageObject\",\"inLanguage\":\"es\",\"@id\":\"https:\/\/www.fiorentini-iberia.com\/es\/#\/schema\/logo\/image\/\",\"url\":\"https:\/\/www.fiorentini-iberia.com\/wp-content\/uploads\/2020\/11\/logo.svg\",\"contentUrl\":\"https:\/\/www.fiorentini-iberia.com\/wp-content\/uploads\/2020\/11\/logo.svg\",\"width\":227,\"height\":59,\"caption\":\"Pietro Fiorentini Iberia\"},\"image\":{\"@id\":\"https:\/\/www.fiorentini-iberia.com\/es\/#\/schema\/logo\/image\/\"},\"sameAs\":[\"https:\/\/x.com\/FiorentiniSpa\",\"https:\/\/www.linkedin.com\/company\/pietro-fiorentini-iberia\/\"]}]}<\/script>\n<!-- \/ Yoast SEO plugin. -->","yoast_head_json":{"title":"Nuestro equipo - Pietro Fiorentini Iberia","description":"Pietro Fiorentini Iberia tiene el orgullo de estar compuesta por magn\u00edficos profesionales con una dilatada trayectoria en el sector.","robots":{"index":"index","follow":"follow","max-snippet":"max-snippet:-1","max-image-preview":"max-image-preview:large","max-video-preview":"max-video-preview:-1"},"canonical":"https:\/\/www.fiorentini-iberia.com\/es\/pietro-fiorentini-iberia\/nuestro-equipo\/","og_locale":"es_ES","og_type":"article","og_title":"Nuestro equipo - Pietro Fiorentini Iberia","og_description":"Pietro Fiorentini Iberia tiene el orgullo de estar compuesta por magn\u00edficos profesionales con una dilatada trayectoria en el sector.","og_url":"https:\/\/www.fiorentini-iberia.com\/es\/pietro-fiorentini-iberia\/nuestro-equipo\/","og_site_name":"Pietro Fiorentini Iberia","article_modified_time":"2025-09-19T09:38:59+00:00","og_image":[{"width":1331,"height":621,"url":"https:\/\/www.fiorentini-iberia.com\/wp-content\/uploads\/2022\/12\/Team-header-02.jpg","type":"image\/jpeg"}],"twitter_card":"summary_large_image","twitter_site":"@FiorentiniSpa","twitter_misc":{"Tiempo de lectura":"1 minuto"},"schema":{"@context":"https:\/\/schema.org","@graph":[{"@type":"WebPage","@id":"https:\/\/www.fiorentini-iberia.com\/es\/pietro-fiorentini-iberia\/nuestro-equipo\/","url":"https:\/\/www.fiorentini-iberia.com\/es\/pietro-fiorentini-iberia\/nuestro-equipo\/","name":"Nuestro equipo - Pietro Fiorentini Iberia","isPartOf":{"@id":"https:\/\/www.fiorentini-iberia.com\/es\/#website"},"primaryImageOfPage":{"@id":"https:\/\/www.fiorentini-iberia.com\/es\/pietro-fiorentini-iberia\/nuestro-equipo\/#primaryimage"},"image":{"@id":"https:\/\/www.fiorentini-iberia.com\/es\/pietro-fiorentini-iberia\/nuestro-equipo\/#primaryimage"},"thumbnailUrl":"https:\/\/www.fiorentini-iberia.com\/wp-content\/uploads\/2022\/12\/Team-header-02.jpg","datePublished":"2022-11-29T15:48:48+00:00","dateModified":"2025-09-19T09:38:59+00:00","description":"Pietro Fiorentini Iberia tiene el orgullo de estar compuesta por magn\u00edficos profesionales con una dilatada trayectoria en el sector.","breadcrumb":{"@id":"https:\/\/www.fiorentini-iberia.com\/es\/pietro-fiorentini-iberia\/nuestro-equipo\/#breadcrumb"},"inLanguage":"es","potentialAction":[{"@type":"ReadAction","target":["https:\/\/www.fiorentini-iberia.com\/es\/pietro-fiorentini-iberia\/nuestro-equipo\/"]}]},{"@type":"ImageObject","inLanguage":"es","@id":"https:\/\/www.fiorentini-iberia.com\/es\/pietro-fiorentini-iberia\/nuestro-equipo\/#primaryimage","url":"https:\/\/www.fiorentini-iberia.com\/wp-content\/uploads\/2022\/12\/Team-header-02.jpg","contentUrl":"https:\/\/www.fiorentini-iberia.com\/wp-content\/uploads\/2022\/12\/Team-header-02.jpg","width":1331,"height":621},{"@type":"BreadcrumbList","@id":"https:\/\/www.fiorentini-iberia.com\/es\/pietro-fiorentini-iberia\/nuestro-equipo\/#breadcrumb","itemListElement":[{"@type":"ListItem","position":1,"name":"Home","item":"https:\/\/www.fiorentini-iberia.com\/es\/"},{"@type":"ListItem","position":2,"name":"Pietro Fiorentini Iberia","item":"https:\/\/www.fiorentini-iberia.com\/es\/pietro-fiorentini-iberia\/"},{"@type":"ListItem","position":3,"name":"Nuestro equipo"}]},{"@type":"WebSite","@id":"https:\/\/www.fiorentini-iberia.com\/es\/#website","url":"https:\/\/www.fiorentini-iberia.com\/es\/","name":"Pietro Fiorentini Iberia","description":"Pietro Fiorentini dise\u00f1a y fabrica componentes, sistemas y servicios para la regulaci\u00f3n, medici\u00f3n, gesti\u00f3n de redes de agua, energ\u00edas renovables, petr\u00f3leo y el gas natural, con sistemas adaptados 100% al hidr\u00f3geno.","publisher":{"@id":"https:\/\/www.fiorentini-iberia.com\/es\/#organization"},"potentialAction":[{"@type":"SearchAction","target":{"@type":"EntryPoint","urlTemplate":"https:\/\/www.fiorentini-iberia.com\/es\/?s={search_term_string}"},"query-input":{"@type":"PropertyValueSpecification","valueRequired":true,"valueName":"search_term_string"}}],"inLanguage":"es"},{"@type":"Organization","@id":"https:\/\/www.fiorentini-iberia.com\/es\/#organization","name":"Pietro Fiorentini Iberia","url":"https:\/\/www.fiorentini-iberia.com\/es\/","logo":{"@type":"ImageObject","inLanguage":"es","@id":"https:\/\/www.fiorentini-iberia.com\/es\/#\/schema\/logo\/image\/","url":"https:\/\/www.fiorentini-iberia.com\/wp-content\/uploads\/2020\/11\/logo.svg","contentUrl":"https:\/\/www.fiorentini-iberia.com\/wp-content\/uploads\/2020\/11\/logo.svg","width":227,"height":59,"caption":"Pietro Fiorentini Iberia"},"image":{"@id":"https:\/\/www.fiorentini-iberia.com\/es\/#\/schema\/logo\/image\/"},"sameAs":["https:\/\/x.com\/FiorentiniSpa","https:\/\/www.linkedin.com\/company\/pietro-fiorentini-iberia\/"]}]}},"_links":{"self":[{"href":"https:\/\/www.fiorentini-iberia.com\/es\/wp-json\/wp\/v2\/pages\/22218","targetHints":{"allow":["GET"]}}],"collection":[{"href":"https:\/\/www.fiorentini-iberia.com\/es\/wp-json\/wp\/v2\/pages"}],"about":[{"href":"https:\/\/www.fiorentini-iberia.com\/es\/wp-json\/wp\/v2\/types\/page"}],"author":[{"embeddable":true,"href":"https:\/\/www.fiorentini-iberia.com\/es\/wp-json\/wp\/v2\/users\/12"}],"replies":[{"embeddable":true,"href":"https:\/\/www.fiorentini-iberia.com\/es\/wp-json\/wp\/v2\/comments?post=22218"}],"version-history":[{"count":3,"href":"https:\/\/www.fiorentini-iberia.com\/es\/wp-json\/wp\/v2\/pages\/22218\/revisions"}],"predecessor-version":[{"id":61869,"href":"https:\/\/www.fiorentini-iberia.com\/es\/wp-json\/wp\/v2\/pages\/22218\/revisions\/61869"}],"up":[{"embeddable":true,"href":"https:\/\/www.fiorentini-iberia.com\/es\/wp-json\/wp\/v2\/pages\/19558"}],"wp:featuredmedia":[{"embeddable":true,"href":"https:\/\/www.fiorentini-iberia.com\/es\/wp-json\/wp\/v2\/media\/22448"}],"wp:attachment":[{"href":"https:\/\/www.fiorentini-iberia.com\/es\/wp-json\/wp\/v2\/media?parent=22218"}],"curies":[{"name":"wp","href":"https:\/\/api.w.org\/{rel}","templated":true}]}}