{"id":48210,"date":"2023-12-11T10:22:33","date_gmt":"2023-12-11T09:22:33","guid":{"rendered":"https:\/\/www.fiorentini-iberia.com\/experiencia\/biomethane\/"},"modified":"2026-03-10T15:54:53","modified_gmt":"2026-03-10T14:54:53","slug":"biometano","status":"publish","type":"page","link":"https:\/\/www.fiorentini-iberia.com\/es\/experiencia\/biometano\/","title":{"rendered":"Biometano"},"content":{"rendered":"\n<h2 class=\"wp-block-heading\"><strong><strong>Uno de los pilares de la transici\u00f3n energ\u00e9tica<\/strong><\/strong><\/h2>\n\n\n\n<p>El <strong><a href=\"https:\/\/www.fiorentini-iberia.com\/es\/soluciones\/sistemas\/energias-renovables\/servicio-de-biometano\/\">biometano<\/a><\/strong> ocupa un lugar destacado. A diferencia de otras energ\u00edas renovables, requiere <strong>una inversi\u00f3n limitada en infraestructuras<\/strong> y, en lo que respecta a las emisiones, se considera <strong>neutra, <\/strong>ya quese produce mediante la digesti\u00f3n de biomasa procedente de subproductos agr\u00edcolas, residuos de procesos industriales y otros materiales org\u00e1nicos.<\/p>\n\n\n\n<p>En <strong>Pietro Fiorentini <\/strong>aportamos soluciones integrales para todo tipo de plantas, desde la\u00a0<strong><a href=\"https:\/\/www.fiorentini-iberia.com\/es\/soluciones\/sistemas\/energias-renovables\/inyeccion-de-biometano\/\">inyecci\u00f3n directa de biometano<\/a> a la red de transporte o distribuci\u00f3n<\/strong>, hasta soluciones para <strong><a href=\"https:\/\/www.fiorentini-iberia.com\/es\/soluciones\/sistemas\/energias-renovables\/metrologia-de-biometano-liquido\/\">biometano l\u00edquido<\/a><\/strong>.<\/p>\n\n\n\n<p>Adem\u00e1s, gracias a las soluciones de\u00a0<strong><a href=\"https:\/\/www.fiorentini-iberia.com\/es\/soluciones\/sistemas\/energias-renovables\/tratamiento-del-biogas\/\">mejora del biog\u00e1s<\/a><\/strong>\u00a0de <strong>Pietro Fiorentini<\/strong>, se eliminan del biog\u00e1s los contaminantes y las sustancias inertes de menor poder calor\u00edfico, transform\u00e1ndolo en biometano.<\/p>\n\n\n\n<p>Al detectar directa y continuamente los requisitos del sistema, podemos gestionar la automatizaci\u00f3n de forma remota e informar de cualquier anomal\u00eda <strong>de forma autom\u00e1tica e inmediata<\/strong>.<\/p>\n","protected":false},"excerpt":{"rendered":"<p>A diferencia de otras energ\u00edas renovables, el biometano requiere una inversi\u00f3n limitada en infraestructuras. Adem\u00e1s, como se produce mediante la digesti\u00f3n de biomasa procedente de subproductos, residuos de procesos industriales y materia org\u00e1nica, se considera neutra en cuanto a emisiones.<br \/>\n\u00a0<br \/>\nTambi\u00e9n gracias a los incentivos espec\u00edficos promovidos a nivel europeo para hacer econ\u00f3micamente viable su uso, hoy en d\u00eda la producci\u00f3n y utilizaci\u00f3n de esta fuente est\u00e1 recibiendo un fuerte impulso.<\/p>\n","protected":false},"author":12,"featured_media":10668,"parent":48199,"menu_order":0,"comment_status":"closed","ping_status":"closed","template":"template-expertise-child.php","meta":{"_acf_changed":false,"inline_featured_image":false,"footnotes":""},"class_list":["post-48210","page","type-page","status-publish","has-post-thumbnail","hentry"],"acf":[],"yoast_head":"<!-- This site is optimized with the Yoast SEO plugin v27.2 - https:\/\/yoast.com\/product\/yoast-seo-wordpress\/ -->\n<title>Biometano - Pietro Fiorentini Iberia<\/title>\n<meta name=\"description\" content=\"En Pietro Fiorentini aportamos soluciones integrales para todo tipo de plantas, desde la\u00a0inyecci\u00f3n directa de biometano a la red.\" \/>\n<meta name=\"robots\" content=\"index, follow, max-snippet:-1, max-image-preview:large, max-video-preview:-1\" \/>\n<link rel=\"canonical\" href=\"https:\/\/www.fiorentini-iberia.com\/es\/experiencia\/biometano\/\" \/>\n<meta property=\"og:locale\" content=\"es_ES\" \/>\n<meta property=\"og:type\" content=\"article\" \/>\n<meta property=\"og:title\" content=\"Biometano - Pietro Fiorentini Iberia\" \/>\n<meta property=\"og:description\" content=\"En Pietro Fiorentini aportamos soluciones integrales para todo tipo de plantas, desde la\u00a0inyecci\u00f3n directa de biometano a la red.\" \/>\n<meta property=\"og:url\" content=\"https:\/\/www.fiorentini-iberia.com\/es\/experiencia\/biometano\/\" \/>\n<meta property=\"og:site_name\" content=\"Pietro Fiorentini Iberia\" \/>\n<meta property=\"article:modified_time\" content=\"2026-03-10T14:54:53+00:00\" \/>\n<meta property=\"og:image\" content=\"https:\/\/www.fiorentini-iberia.com\/wp-content\/uploads\/2021\/03\/01_expertise_biogas.jpeg\" \/>\n\t<meta property=\"og:image:width\" content=\"991\" \/>\n\t<meta property=\"og:image:height\" content=\"991\" \/>\n\t<meta property=\"og:image:type\" content=\"image\/jpeg\" \/>\n<meta name=\"twitter:card\" content=\"summary_large_image\" \/>\n<meta name=\"twitter:site\" content=\"@FiorentiniSpa\" \/>\n<meta name=\"twitter:label1\" content=\"Tiempo de lectura\" \/>\n\t<meta name=\"twitter:data1\" content=\"1 minuto\" \/>\n<script type=\"application\/ld+json\" class=\"yoast-schema-graph\">{\"@context\":\"https:\/\/schema.org\",\"@graph\":[{\"@type\":\"WebPage\",\"@id\":\"https:\/\/www.fiorentini-iberia.com\/es\/experiencia\/biometano\/\",\"url\":\"https:\/\/www.fiorentini-iberia.com\/es\/experiencia\/biometano\/\",\"name\":\"Biometano - Pietro Fiorentini Iberia\",\"isPartOf\":{\"@id\":\"https:\/\/www.fiorentini-iberia.com\/es\/#website\"},\"primaryImageOfPage\":{\"@id\":\"https:\/\/www.fiorentini-iberia.com\/es\/experiencia\/biometano\/#primaryimage\"},\"image\":{\"@id\":\"https:\/\/www.fiorentini-iberia.com\/es\/experiencia\/biometano\/#primaryimage\"},\"thumbnailUrl\":\"https:\/\/www.fiorentini-iberia.com\/wp-content\/uploads\/2021\/03\/01_expertise_biogas.jpeg\",\"datePublished\":\"2023-12-11T09:22:33+00:00\",\"dateModified\":\"2026-03-10T14:54:53+00:00\",\"description\":\"En Pietro Fiorentini aportamos soluciones integrales para todo tipo de plantas, desde la\u00a0inyecci\u00f3n directa de biometano a la red.\",\"breadcrumb\":{\"@id\":\"https:\/\/www.fiorentini-iberia.com\/es\/experiencia\/biometano\/#breadcrumb\"},\"inLanguage\":\"es\",\"potentialAction\":[{\"@type\":\"ReadAction\",\"target\":[\"https:\/\/www.fiorentini-iberia.com\/es\/experiencia\/biometano\/\"]}]},{\"@type\":\"ImageObject\",\"inLanguage\":\"es\",\"@id\":\"https:\/\/www.fiorentini-iberia.com\/es\/experiencia\/biometano\/#primaryimage\",\"url\":\"https:\/\/www.fiorentini-iberia.com\/wp-content\/uploads\/2021\/03\/01_expertise_biogas.jpeg\",\"contentUrl\":\"https:\/\/www.fiorentini-iberia.com\/wp-content\/uploads\/2021\/03\/01_expertise_biogas.jpeg\",\"width\":991,\"height\":991,\"caption\":\"Pietro Fiorentini solutions for biomethane\"},{\"@type\":\"BreadcrumbList\",\"@id\":\"https:\/\/www.fiorentini-iberia.com\/es\/experiencia\/biometano\/#breadcrumb\",\"itemListElement\":[{\"@type\":\"ListItem\",\"position\":1,\"name\":\"Home\",\"item\":\"https:\/\/www.fiorentini-iberia.com\/es\/\"},{\"@type\":\"ListItem\",\"position\":2,\"name\":\"Experiencia\",\"item\":\"https:\/\/www.fiorentini-iberia.com\/es\/experiencia\/\"},{\"@type\":\"ListItem\",\"position\":3,\"name\":\"Biometano\"}]},{\"@type\":\"WebSite\",\"@id\":\"https:\/\/www.fiorentini-iberia.com\/es\/#website\",\"url\":\"https:\/\/www.fiorentini-iberia.com\/es\/\",\"name\":\"Pietro Fiorentini Iberia\",\"description\":\"Pietro Fiorentini dise\u00f1a y fabrica componentes, sistemas y servicios para la regulaci\u00f3n, medici\u00f3n, gesti\u00f3n de redes de agua, energ\u00edas renovables, petr\u00f3leo y el gas natural, con sistemas adaptados 100% al hidr\u00f3geno.\",\"publisher\":{\"@id\":\"https:\/\/www.fiorentini-iberia.com\/es\/#organization\"},\"potentialAction\":[{\"@type\":\"SearchAction\",\"target\":{\"@type\":\"EntryPoint\",\"urlTemplate\":\"https:\/\/www.fiorentini-iberia.com\/es\/?s={search_term_string}\"},\"query-input\":{\"@type\":\"PropertyValueSpecification\",\"valueRequired\":true,\"valueName\":\"search_term_string\"}}],\"inLanguage\":\"es\"},{\"@type\":\"Organization\",\"@id\":\"https:\/\/www.fiorentini-iberia.com\/es\/#organization\",\"name\":\"Pietro Fiorentini Iberia\",\"url\":\"https:\/\/www.fiorentini-iberia.com\/es\/\",\"logo\":{\"@type\":\"ImageObject\",\"inLanguage\":\"es\",\"@id\":\"https:\/\/www.fiorentini-iberia.com\/es\/#\/schema\/logo\/image\/\",\"url\":\"https:\/\/www.fiorentini-iberia.com\/wp-content\/uploads\/2020\/11\/logo.svg\",\"contentUrl\":\"https:\/\/www.fiorentini-iberia.com\/wp-content\/uploads\/2020\/11\/logo.svg\",\"width\":227,\"height\":59,\"caption\":\"Pietro Fiorentini Iberia\"},\"image\":{\"@id\":\"https:\/\/www.fiorentini-iberia.com\/es\/#\/schema\/logo\/image\/\"},\"sameAs\":[\"https:\/\/x.com\/FiorentiniSpa\",\"https:\/\/www.linkedin.com\/company\/pietro-fiorentini-iberia\/\"]}]}<\/script>\n<!-- \/ Yoast SEO plugin. -->","yoast_head_json":{"title":"Biometano - Pietro Fiorentini Iberia","description":"En Pietro Fiorentini aportamos soluciones integrales para todo tipo de plantas, desde la\u00a0inyecci\u00f3n directa de biometano a la red.","robots":{"index":"index","follow":"follow","max-snippet":"max-snippet:-1","max-image-preview":"max-image-preview:large","max-video-preview":"max-video-preview:-1"},"canonical":"https:\/\/www.fiorentini-iberia.com\/es\/experiencia\/biometano\/","og_locale":"es_ES","og_type":"article","og_title":"Biometano - Pietro Fiorentini Iberia","og_description":"En Pietro Fiorentini aportamos soluciones integrales para todo tipo de plantas, desde la\u00a0inyecci\u00f3n directa de biometano a la red.","og_url":"https:\/\/www.fiorentini-iberia.com\/es\/experiencia\/biometano\/","og_site_name":"Pietro Fiorentini Iberia","article_modified_time":"2026-03-10T14:54:53+00:00","og_image":[{"width":991,"height":991,"url":"https:\/\/www.fiorentini-iberia.com\/wp-content\/uploads\/2021\/03\/01_expertise_biogas.jpeg","type":"image\/jpeg"}],"twitter_card":"summary_large_image","twitter_site":"@FiorentiniSpa","twitter_misc":{"Tiempo de lectura":"1 minuto"},"schema":{"@context":"https:\/\/schema.org","@graph":[{"@type":"WebPage","@id":"https:\/\/www.fiorentini-iberia.com\/es\/experiencia\/biometano\/","url":"https:\/\/www.fiorentini-iberia.com\/es\/experiencia\/biometano\/","name":"Biometano - Pietro Fiorentini Iberia","isPartOf":{"@id":"https:\/\/www.fiorentini-iberia.com\/es\/#website"},"primaryImageOfPage":{"@id":"https:\/\/www.fiorentini-iberia.com\/es\/experiencia\/biometano\/#primaryimage"},"image":{"@id":"https:\/\/www.fiorentini-iberia.com\/es\/experiencia\/biometano\/#primaryimage"},"thumbnailUrl":"https:\/\/www.fiorentini-iberia.com\/wp-content\/uploads\/2021\/03\/01_expertise_biogas.jpeg","datePublished":"2023-12-11T09:22:33+00:00","dateModified":"2026-03-10T14:54:53+00:00","description":"En Pietro Fiorentini aportamos soluciones integrales para todo tipo de plantas, desde la\u00a0inyecci\u00f3n directa de biometano a la red.","breadcrumb":{"@id":"https:\/\/www.fiorentini-iberia.com\/es\/experiencia\/biometano\/#breadcrumb"},"inLanguage":"es","potentialAction":[{"@type":"ReadAction","target":["https:\/\/www.fiorentini-iberia.com\/es\/experiencia\/biometano\/"]}]},{"@type":"ImageObject","inLanguage":"es","@id":"https:\/\/www.fiorentini-iberia.com\/es\/experiencia\/biometano\/#primaryimage","url":"https:\/\/www.fiorentini-iberia.com\/wp-content\/uploads\/2021\/03\/01_expertise_biogas.jpeg","contentUrl":"https:\/\/www.fiorentini-iberia.com\/wp-content\/uploads\/2021\/03\/01_expertise_biogas.jpeg","width":991,"height":991,"caption":"Pietro Fiorentini solutions for biomethane"},{"@type":"BreadcrumbList","@id":"https:\/\/www.fiorentini-iberia.com\/es\/experiencia\/biometano\/#breadcrumb","itemListElement":[{"@type":"ListItem","position":1,"name":"Home","item":"https:\/\/www.fiorentini-iberia.com\/es\/"},{"@type":"ListItem","position":2,"name":"Experiencia","item":"https:\/\/www.fiorentini-iberia.com\/es\/experiencia\/"},{"@type":"ListItem","position":3,"name":"Biometano"}]},{"@type":"WebSite","@id":"https:\/\/www.fiorentini-iberia.com\/es\/#website","url":"https:\/\/www.fiorentini-iberia.com\/es\/","name":"Pietro Fiorentini Iberia","description":"Pietro Fiorentini dise\u00f1a y fabrica componentes, sistemas y servicios para la regulaci\u00f3n, medici\u00f3n, gesti\u00f3n de redes de agua, energ\u00edas renovables, petr\u00f3leo y el gas natural, con sistemas adaptados 100% al hidr\u00f3geno.","publisher":{"@id":"https:\/\/www.fiorentini-iberia.com\/es\/#organization"},"potentialAction":[{"@type":"SearchAction","target":{"@type":"EntryPoint","urlTemplate":"https:\/\/www.fiorentini-iberia.com\/es\/?s={search_term_string}"},"query-input":{"@type":"PropertyValueSpecification","valueRequired":true,"valueName":"search_term_string"}}],"inLanguage":"es"},{"@type":"Organization","@id":"https:\/\/www.fiorentini-iberia.com\/es\/#organization","name":"Pietro Fiorentini Iberia","url":"https:\/\/www.fiorentini-iberia.com\/es\/","logo":{"@type":"ImageObject","inLanguage":"es","@id":"https:\/\/www.fiorentini-iberia.com\/es\/#\/schema\/logo\/image\/","url":"https:\/\/www.fiorentini-iberia.com\/wp-content\/uploads\/2020\/11\/logo.svg","contentUrl":"https:\/\/www.fiorentini-iberia.com\/wp-content\/uploads\/2020\/11\/logo.svg","width":227,"height":59,"caption":"Pietro Fiorentini Iberia"},"image":{"@id":"https:\/\/www.fiorentini-iberia.com\/es\/#\/schema\/logo\/image\/"},"sameAs":["https:\/\/x.com\/FiorentiniSpa","https:\/\/www.linkedin.com\/company\/pietro-fiorentini-iberia\/"]}]}},"_links":{"self":[{"href":"https:\/\/www.fiorentini-iberia.com\/es\/wp-json\/wp\/v2\/pages\/48210","targetHints":{"allow":["GET"]}}],"collection":[{"href":"https:\/\/www.fiorentini-iberia.com\/es\/wp-json\/wp\/v2\/pages"}],"about":[{"href":"https:\/\/www.fiorentini-iberia.com\/es\/wp-json\/wp\/v2\/types\/page"}],"author":[{"embeddable":true,"href":"https:\/\/www.fiorentini-iberia.com\/es\/wp-json\/wp\/v2\/users\/12"}],"replies":[{"embeddable":true,"href":"https:\/\/www.fiorentini-iberia.com\/es\/wp-json\/wp\/v2\/comments?post=48210"}],"version-history":[{"count":3,"href":"https:\/\/www.fiorentini-iberia.com\/es\/wp-json\/wp\/v2\/pages\/48210\/revisions"}],"predecessor-version":[{"id":63346,"href":"https:\/\/www.fiorentini-iberia.com\/es\/wp-json\/wp\/v2\/pages\/48210\/revisions\/63346"}],"up":[{"embeddable":true,"href":"https:\/\/www.fiorentini-iberia.com\/es\/wp-json\/wp\/v2\/pages\/48199"}],"wp:featuredmedia":[{"embeddable":true,"href":"https:\/\/www.fiorentini-iberia.com\/es\/wp-json\/wp\/v2\/media\/10668"}],"wp:attachment":[{"href":"https:\/\/www.fiorentini-iberia.com\/es\/wp-json\/wp\/v2\/media?parent=48210"}],"curies":[{"name":"wp","href":"https:\/\/api.w.org\/{rel}","templated":true}]}}