{"id":48246,"date":"2023-12-11T10:23:24","date_gmt":"2023-12-11T09:23:24","guid":{"rendered":"https:\/\/www.fiorentini-iberia.com\/experiencia\/cathodic-protection\/"},"modified":"2024-03-14T11:15:32","modified_gmt":"2024-03-14T10:15:32","slug":"proteccion-catodica","status":"publish","type":"page","link":"https:\/\/www.fiorentini-iberia.com\/es\/experiencia\/proteccion-catodica\/","title":{"rendered":"Protecci\u00f3n cat\u00f3dica"},"content":{"rendered":"\n<h2 class=\"wp-block-heading\"><strong>La corrosi\u00f3n electrol\u00edtica de los metales<\/strong><\/h2>\n\n\n\n<p>La corrosi\u00f3n no es un fen\u00f3meno que pueda eliminarse por completo, pero ya en la fase de dise\u00f1o y construcci\u00f3n de la infraestructura es posible intervenir con <strong>medidas espec\u00edficas <\/strong>para disminuir significativamente sus efectos y garantizar el buen funcionamiento, la durabilidad y la seguridad de las instalaciones.<\/p>\n\n\n\n<p><strong><a href=\"https:\/\/www.fiorentini-iberia.com\/es\/soluciones\/servicios\/soluciones-de-gestion-de-datos\/supervision-de-proteccion-catodica-s2b\/\">S2B (Service to Business)<\/a><\/strong> es nuestra nueva plataforma en la nube para la <strong>gesti\u00f3n y monitorizaci\u00f3n<\/strong> de los datos procedentes de registradores de datos de campo. El m\u00f3dulo de <strong>supervisi\u00f3n de la protecci\u00f3n cat\u00f3dica<\/strong> es una herramienta para visualizar, supervisar y gestionar los par\u00e1metros el\u00e9ctricos de los sistemas de protecci\u00f3n cat\u00f3dica a partir de dispositivos de campo de forma sencilla y completa.<\/p>\n\n\n\n<p>El registrador de datos multicanal para mediciones de CC y CA,\u00a0<strong><a href=\"https:\/\/www.fiorentini-iberia.com\/es\/soluciones\/productos\/control-de-la-red-de-gas\/proteccion-catodica\/next\/\">Next<\/a><\/strong>\u00a0es uno de los dispositivos <strong>Smart Gas Grid de Pietro Fiorentini<\/strong> dise\u00f1ados espec\u00edficamente para la\u00a0<strong>supervisi\u00f3n de la protecci\u00f3n cat\u00f3dica<\/strong>.<\/p>\n\n\n\n<p><strong><strong><a href=\"https:\/\/www.fiorentini-iberia.com\/es\/soluciones\/productos\/control-de-la-red-de-gas\/proteccion-catodica\/kairos\/\">Kairos<\/a>\u00a0<\/strong><\/strong>es el\u00a0<strong>registrador de datos<\/strong>\u00a0para la supervisi\u00f3n remota continua de los par\u00e1metros el\u00e9ctricos de los sistemas de protecci\u00f3n cat\u00f3dica con un m\u00f3dulo de comunicaci\u00f3n integrado que puede conectarse con <strong>tecnolog\u00eda de red 4G\/LTE o CAT-M<\/strong> (con cambio a <strong>2G\/GPRS<\/strong>).<\/p>\n","protected":false},"excerpt":{"rendered":"<p>Cualquier infraestructura realizada con estructuras met\u00e1licas est\u00e1 sujeta al fen\u00f3meno que se produce cuando materiales como el hierro y el acero entran en contacto con un electrolito como el suelo.<br \/>\n\u00a0<br \/>\nLa corrosi\u00f3n electrol\u00edtica no puede eliminarse por completo, pero ya en la fase de dise\u00f1o y construcci\u00f3n pueden tomarse medidas espec\u00edficas para reducir significativamente sus efectos.<\/p>\n","protected":false},"author":15,"featured_media":10700,"parent":48199,"menu_order":7,"comment_status":"closed","ping_status":"closed","template":"template-expertise-child.php","meta":{"_acf_changed":false,"inline_featured_image":false,"footnotes":""},"class_list":["post-48246","page","type-page","status-publish","has-post-thumbnail","hentry"],"acf":[],"yoast_head":"<!-- This site is optimized with the Yoast SEO plugin v27.2 - https:\/\/yoast.com\/product\/yoast-seo-wordpress\/ -->\n<title>Protecci\u00f3n cat\u00f3dica - Pietro Fiorentini Iberia<\/title>\n<meta name=\"description\" content=\"El agua potable, el gas natural y el alcantarillado civil circulan por estructuras met\u00e1licas y se almacenan en dep\u00f3sitos subterr\u00e1neos.\" \/>\n<meta name=\"robots\" content=\"index, follow, max-snippet:-1, max-image-preview:large, max-video-preview:-1\" \/>\n<link rel=\"canonical\" href=\"https:\/\/www.fiorentini-iberia.com\/es\/experiencia\/proteccion-catodica\/\" \/>\n<meta property=\"og:locale\" content=\"es_ES\" \/>\n<meta property=\"og:type\" content=\"article\" \/>\n<meta property=\"og:title\" content=\"Protecci\u00f3n cat\u00f3dica - Pietro Fiorentini Iberia\" \/>\n<meta property=\"og:description\" content=\"El agua potable, el gas natural y el alcantarillado civil circulan por estructuras met\u00e1licas y se almacenan en dep\u00f3sitos subterr\u00e1neos.\" \/>\n<meta property=\"og:url\" content=\"https:\/\/www.fiorentini-iberia.com\/es\/experiencia\/proteccion-catodica\/\" \/>\n<meta property=\"og:site_name\" content=\"Pietro Fiorentini Iberia\" \/>\n<meta property=\"article:modified_time\" content=\"2024-03-14T10:15:32+00:00\" \/>\n<meta property=\"og:image\" content=\"https:\/\/www.fiorentini-iberia.com\/wp-content\/uploads\/2021\/03\/11_cathodic_protection-1.jpg\" \/>\n\t<meta property=\"og:image:width\" content=\"991\" \/>\n\t<meta property=\"og:image:height\" content=\"991\" \/>\n\t<meta property=\"og:image:type\" content=\"image\/jpeg\" \/>\n<meta name=\"twitter:card\" content=\"summary_large_image\" \/>\n<meta name=\"twitter:site\" content=\"@FiorentiniSpa\" \/>\n<meta name=\"twitter:label1\" content=\"Tiempo de lectura\" \/>\n\t<meta name=\"twitter:data1\" content=\"2 minutos\" \/>\n<script type=\"application\/ld+json\" class=\"yoast-schema-graph\">{\"@context\":\"https:\/\/schema.org\",\"@graph\":[{\"@type\":\"WebPage\",\"@id\":\"https:\/\/www.fiorentini-iberia.com\/es\/experiencia\/proteccion-catodica\/\",\"url\":\"https:\/\/www.fiorentini-iberia.com\/es\/experiencia\/proteccion-catodica\/\",\"name\":\"Protecci\u00f3n cat\u00f3dica - Pietro Fiorentini Iberia\",\"isPartOf\":{\"@id\":\"https:\/\/www.fiorentini-iberia.com\/es\/#website\"},\"primaryImageOfPage\":{\"@id\":\"https:\/\/www.fiorentini-iberia.com\/es\/experiencia\/proteccion-catodica\/#primaryimage\"},\"image\":{\"@id\":\"https:\/\/www.fiorentini-iberia.com\/es\/experiencia\/proteccion-catodica\/#primaryimage\"},\"thumbnailUrl\":\"https:\/\/www.fiorentini-iberia.com\/wp-content\/uploads\/2021\/03\/11_cathodic_protection-1.jpg\",\"datePublished\":\"2023-12-11T09:23:24+00:00\",\"dateModified\":\"2024-03-14T10:15:32+00:00\",\"description\":\"El agua potable, el gas natural y el alcantarillado civil circulan por estructuras met\u00e1licas y se almacenan en dep\u00f3sitos subterr\u00e1neos.\",\"breadcrumb\":{\"@id\":\"https:\/\/www.fiorentini-iberia.com\/es\/experiencia\/proteccion-catodica\/#breadcrumb\"},\"inLanguage\":\"es\",\"potentialAction\":[{\"@type\":\"ReadAction\",\"target\":[\"https:\/\/www.fiorentini-iberia.com\/es\/experiencia\/proteccion-catodica\/\"]}]},{\"@type\":\"ImageObject\",\"inLanguage\":\"es\",\"@id\":\"https:\/\/www.fiorentini-iberia.com\/es\/experiencia\/proteccion-catodica\/#primaryimage\",\"url\":\"https:\/\/www.fiorentini-iberia.com\/wp-content\/uploads\/2021\/03\/11_cathodic_protection-1.jpg\",\"contentUrl\":\"https:\/\/www.fiorentini-iberia.com\/wp-content\/uploads\/2021\/03\/11_cathodic_protection-1.jpg\",\"width\":991,\"height\":991,\"caption\":\"Cathodic protection to prevent\"},{\"@type\":\"BreadcrumbList\",\"@id\":\"https:\/\/www.fiorentini-iberia.com\/es\/experiencia\/proteccion-catodica\/#breadcrumb\",\"itemListElement\":[{\"@type\":\"ListItem\",\"position\":1,\"name\":\"Home\",\"item\":\"https:\/\/www.fiorentini-iberia.com\/es\/\"},{\"@type\":\"ListItem\",\"position\":2,\"name\":\"Experiencia\",\"item\":\"https:\/\/www.fiorentini-iberia.com\/es\/experiencia\/\"},{\"@type\":\"ListItem\",\"position\":3,\"name\":\"Protecci\u00f3n cat\u00f3dica\"}]},{\"@type\":\"WebSite\",\"@id\":\"https:\/\/www.fiorentini-iberia.com\/es\/#website\",\"url\":\"https:\/\/www.fiorentini-iberia.com\/es\/\",\"name\":\"Pietro Fiorentini Iberia\",\"description\":\"Pietro Fiorentini dise\u00f1a y fabrica componentes, sistemas y servicios para la regulaci\u00f3n, medici\u00f3n, gesti\u00f3n de redes de agua, energ\u00edas renovables, petr\u00f3leo y el gas natural, con sistemas adaptados 100% al hidr\u00f3geno.\",\"publisher\":{\"@id\":\"https:\/\/www.fiorentini-iberia.com\/es\/#organization\"},\"potentialAction\":[{\"@type\":\"SearchAction\",\"target\":{\"@type\":\"EntryPoint\",\"urlTemplate\":\"https:\/\/www.fiorentini-iberia.com\/es\/?s={search_term_string}\"},\"query-input\":{\"@type\":\"PropertyValueSpecification\",\"valueRequired\":true,\"valueName\":\"search_term_string\"}}],\"inLanguage\":\"es\"},{\"@type\":\"Organization\",\"@id\":\"https:\/\/www.fiorentini-iberia.com\/es\/#organization\",\"name\":\"Pietro Fiorentini Iberia\",\"url\":\"https:\/\/www.fiorentini-iberia.com\/es\/\",\"logo\":{\"@type\":\"ImageObject\",\"inLanguage\":\"es\",\"@id\":\"https:\/\/www.fiorentini-iberia.com\/es\/#\/schema\/logo\/image\/\",\"url\":\"https:\/\/www.fiorentini-iberia.com\/wp-content\/uploads\/2020\/11\/logo.svg\",\"contentUrl\":\"https:\/\/www.fiorentini-iberia.com\/wp-content\/uploads\/2020\/11\/logo.svg\",\"width\":227,\"height\":59,\"caption\":\"Pietro Fiorentini Iberia\"},\"image\":{\"@id\":\"https:\/\/www.fiorentini-iberia.com\/es\/#\/schema\/logo\/image\/\"},\"sameAs\":[\"https:\/\/x.com\/FiorentiniSpa\",\"https:\/\/www.linkedin.com\/company\/pietro-fiorentini-iberia\/\"]}]}<\/script>\n<!-- \/ Yoast SEO plugin. -->","yoast_head_json":{"title":"Protecci\u00f3n cat\u00f3dica - Pietro Fiorentini Iberia","description":"El agua potable, el gas natural y el alcantarillado civil circulan por estructuras met\u00e1licas y se almacenan en dep\u00f3sitos subterr\u00e1neos.","robots":{"index":"index","follow":"follow","max-snippet":"max-snippet:-1","max-image-preview":"max-image-preview:large","max-video-preview":"max-video-preview:-1"},"canonical":"https:\/\/www.fiorentini-iberia.com\/es\/experiencia\/proteccion-catodica\/","og_locale":"es_ES","og_type":"article","og_title":"Protecci\u00f3n cat\u00f3dica - Pietro Fiorentini Iberia","og_description":"El agua potable, el gas natural y el alcantarillado civil circulan por estructuras met\u00e1licas y se almacenan en dep\u00f3sitos subterr\u00e1neos.","og_url":"https:\/\/www.fiorentini-iberia.com\/es\/experiencia\/proteccion-catodica\/","og_site_name":"Pietro Fiorentini Iberia","article_modified_time":"2024-03-14T10:15:32+00:00","og_image":[{"width":991,"height":991,"url":"https:\/\/www.fiorentini-iberia.com\/wp-content\/uploads\/2021\/03\/11_cathodic_protection-1.jpg","type":"image\/jpeg"}],"twitter_card":"summary_large_image","twitter_site":"@FiorentiniSpa","twitter_misc":{"Tiempo de lectura":"2 minutos"},"schema":{"@context":"https:\/\/schema.org","@graph":[{"@type":"WebPage","@id":"https:\/\/www.fiorentini-iberia.com\/es\/experiencia\/proteccion-catodica\/","url":"https:\/\/www.fiorentini-iberia.com\/es\/experiencia\/proteccion-catodica\/","name":"Protecci\u00f3n cat\u00f3dica - Pietro Fiorentini Iberia","isPartOf":{"@id":"https:\/\/www.fiorentini-iberia.com\/es\/#website"},"primaryImageOfPage":{"@id":"https:\/\/www.fiorentini-iberia.com\/es\/experiencia\/proteccion-catodica\/#primaryimage"},"image":{"@id":"https:\/\/www.fiorentini-iberia.com\/es\/experiencia\/proteccion-catodica\/#primaryimage"},"thumbnailUrl":"https:\/\/www.fiorentini-iberia.com\/wp-content\/uploads\/2021\/03\/11_cathodic_protection-1.jpg","datePublished":"2023-12-11T09:23:24+00:00","dateModified":"2024-03-14T10:15:32+00:00","description":"El agua potable, el gas natural y el alcantarillado civil circulan por estructuras met\u00e1licas y se almacenan en dep\u00f3sitos subterr\u00e1neos.","breadcrumb":{"@id":"https:\/\/www.fiorentini-iberia.com\/es\/experiencia\/proteccion-catodica\/#breadcrumb"},"inLanguage":"es","potentialAction":[{"@type":"ReadAction","target":["https:\/\/www.fiorentini-iberia.com\/es\/experiencia\/proteccion-catodica\/"]}]},{"@type":"ImageObject","inLanguage":"es","@id":"https:\/\/www.fiorentini-iberia.com\/es\/experiencia\/proteccion-catodica\/#primaryimage","url":"https:\/\/www.fiorentini-iberia.com\/wp-content\/uploads\/2021\/03\/11_cathodic_protection-1.jpg","contentUrl":"https:\/\/www.fiorentini-iberia.com\/wp-content\/uploads\/2021\/03\/11_cathodic_protection-1.jpg","width":991,"height":991,"caption":"Cathodic protection to prevent"},{"@type":"BreadcrumbList","@id":"https:\/\/www.fiorentini-iberia.com\/es\/experiencia\/proteccion-catodica\/#breadcrumb","itemListElement":[{"@type":"ListItem","position":1,"name":"Home","item":"https:\/\/www.fiorentini-iberia.com\/es\/"},{"@type":"ListItem","position":2,"name":"Experiencia","item":"https:\/\/www.fiorentini-iberia.com\/es\/experiencia\/"},{"@type":"ListItem","position":3,"name":"Protecci\u00f3n cat\u00f3dica"}]},{"@type":"WebSite","@id":"https:\/\/www.fiorentini-iberia.com\/es\/#website","url":"https:\/\/www.fiorentini-iberia.com\/es\/","name":"Pietro Fiorentini Iberia","description":"Pietro Fiorentini dise\u00f1a y fabrica componentes, sistemas y servicios para la regulaci\u00f3n, medici\u00f3n, gesti\u00f3n de redes de agua, energ\u00edas renovables, petr\u00f3leo y el gas natural, con sistemas adaptados 100% al hidr\u00f3geno.","publisher":{"@id":"https:\/\/www.fiorentini-iberia.com\/es\/#organization"},"potentialAction":[{"@type":"SearchAction","target":{"@type":"EntryPoint","urlTemplate":"https:\/\/www.fiorentini-iberia.com\/es\/?s={search_term_string}"},"query-input":{"@type":"PropertyValueSpecification","valueRequired":true,"valueName":"search_term_string"}}],"inLanguage":"es"},{"@type":"Organization","@id":"https:\/\/www.fiorentini-iberia.com\/es\/#organization","name":"Pietro Fiorentini Iberia","url":"https:\/\/www.fiorentini-iberia.com\/es\/","logo":{"@type":"ImageObject","inLanguage":"es","@id":"https:\/\/www.fiorentini-iberia.com\/es\/#\/schema\/logo\/image\/","url":"https:\/\/www.fiorentini-iberia.com\/wp-content\/uploads\/2020\/11\/logo.svg","contentUrl":"https:\/\/www.fiorentini-iberia.com\/wp-content\/uploads\/2020\/11\/logo.svg","width":227,"height":59,"caption":"Pietro Fiorentini Iberia"},"image":{"@id":"https:\/\/www.fiorentini-iberia.com\/es\/#\/schema\/logo\/image\/"},"sameAs":["https:\/\/x.com\/FiorentiniSpa","https:\/\/www.linkedin.com\/company\/pietro-fiorentini-iberia\/"]}]}},"_links":{"self":[{"href":"https:\/\/www.fiorentini-iberia.com\/es\/wp-json\/wp\/v2\/pages\/48246","targetHints":{"allow":["GET"]}}],"collection":[{"href":"https:\/\/www.fiorentini-iberia.com\/es\/wp-json\/wp\/v2\/pages"}],"about":[{"href":"https:\/\/www.fiorentini-iberia.com\/es\/wp-json\/wp\/v2\/types\/page"}],"author":[{"embeddable":true,"href":"https:\/\/www.fiorentini-iberia.com\/es\/wp-json\/wp\/v2\/users\/15"}],"replies":[{"embeddable":true,"href":"https:\/\/www.fiorentini-iberia.com\/es\/wp-json\/wp\/v2\/comments?post=48246"}],"version-history":[{"count":3,"href":"https:\/\/www.fiorentini-iberia.com\/es\/wp-json\/wp\/v2\/pages\/48246\/revisions"}],"predecessor-version":[{"id":50155,"href":"https:\/\/www.fiorentini-iberia.com\/es\/wp-json\/wp\/v2\/pages\/48246\/revisions\/50155"}],"up":[{"embeddable":true,"href":"https:\/\/www.fiorentini-iberia.com\/es\/wp-json\/wp\/v2\/pages\/48199"}],"wp:featuredmedia":[{"embeddable":true,"href":"https:\/\/www.fiorentini-iberia.com\/es\/wp-json\/wp\/v2\/media\/10700"}],"wp:attachment":[{"href":"https:\/\/www.fiorentini-iberia.com\/es\/wp-json\/wp\/v2\/media?parent=48246"}],"curies":[{"name":"wp","href":"https:\/\/api.w.org\/{rel}","templated":true}]}}