{"id":48259,"date":"2023-12-13T14:30:00","date_gmt":"2023-12-13T13:30:00","guid":{"rendered":"https:\/\/www.fiorentini-iberia.com\/experiencia\/proteccion-catodica\/pietro-fiorentinis-experience-in-cathodic-protection\/"},"modified":"2024-03-14T12:28:12","modified_gmt":"2024-03-14T11:28:12","slug":"experiencia-de-pietro-fiorentini-en-proteccion-catodica","status":"publish","type":"page","link":"https:\/\/www.fiorentini-iberia.com\/es\/experiencia\/proteccion-catodica\/experiencia-de-pietro-fiorentini-en-proteccion-catodica\/","title":{"rendered":"Experiencia de Pietro Fiorentini en protecci\u00f3n cat\u00f3dica"},"content":{"rendered":"\n<p>Para cumplir las \u00faltimas especificaciones y normas t\u00e9cnicas del sector, Pietro Fiorentini trabaja ahora en el desarrollo de la <strong>\u00faltima generaci\u00f3n de registradores de datos de monitorizaci\u00f3n remota <\/strong>con m\u00f3dulos de comunicaci\u00f3n compatibles con la nueva tecnolog\u00eda 4G\/LTE e interruptor c\u00edclico a bordo para mediciones E<sub>OFF<\/sub>.<\/p>\n\n\n\n<p>La empresa comenz\u00f3 a desarrollar e implementar <strong>sistemas de monitorizaci\u00f3n para la protecci\u00f3n cat\u00f3dica <\/strong>en 2016 con la <strong>adquisici\u00f3n de <\/strong><a href=\"http:\/\/www.tecnosystemgroup.com\/\" target=\"_blank\" rel=\"noreferrer noopener\"><strong>Tecnosystem Group<\/strong><\/a>, una conocida empresa italiana activa en servicios de adquisici\u00f3n de datos para el sector. As\u00ed, la cartera de productos de Pietro Fiorentini se ha enriquecido con <strong>registradores de<\/strong> <strong>campo <\/strong>f\u00e1cilmente instalables que registran y env\u00edan autom\u00e1ticamente los principales par\u00e1metros el\u00e9ctricos a centros de recogida de datos sin necesidad de control manual.<\/p>\n\n\n\n<div style=\"height:32px\" aria-hidden=\"true\" class=\"wp-block-spacer\"><\/div>\n\n\n\n<div class=\"wp-block-group index\"><div class=\"wp-block-group__inner-container is-layout-flow wp-block-group-is-layout-flow\">\n<ol class=\"wp-block-list\">\n<li><strong><a href=\"#hardware-and-software-for-cathodic-protection\">Hardware y software disponibles para la protecci\u00f3n cat\u00f3dica<\/a><\/strong><\/li>\n\n\n\n<li><strong><a href=\"#the-cathodic-protection-test-field-in-rosate\">El campo de pruebas de protecci\u00f3n cat\u00f3dica de Rosate<\/a><\/strong><\/li>\n<\/ol>\n<\/div><\/div>\n\n\n\n<div id=\"hardware-and-software-for-cathodic-protection\" class=\"wp-block-group\"><div class=\"wp-block-group__inner-container is-layout-flow wp-block-group-is-layout-flow\">\n<h3 class=\"wp-block-heading\"><strong>Hardware y software disponibles para la protecci\u00f3n cat\u00f3dica<\/strong><\/h3>\n\n\n\n<p>En 2019, para el cliente franc\u00e9s GRTgaz, Pietro Fiorentini suministra un <strong>nuevo software de supervisi\u00f3n de la protecci\u00f3n cat\u00f3dica<\/strong>: <a href=\"https:\/\/www.fiorentini.com\/it\/soluzioni\/servizi\/servizi-di-gestione-dei-dati\/monitoraggio-della-protezione-catodica-s2b\/\" target=\"_blank\" rel=\"noreferrer noopener\"><\/a><strong><a href=\"https:\/\/www.fiorentini-iberia.com\/es\/soluciones\/supervision-de-proteccion-catodica-s2b\/\"><strong>Service2Business<\/strong><\/a><\/strong>. La plataforma cumple todas las caracter\u00edsticas del control remoto, al tiempo que mejora el centro y los procedimientos de servicio ofrecidos. A partir de 2020, S2B tambi\u00e9n estar\u00e1 disponible para los clientes del mercado italiano y podr\u00e1 interconectarse con <a href=\"https:\/\/www.fiorentini-iberia.com\/es\/soluciones\/next\/\"><strong>NEXT<\/strong><\/a> y <a href=\"https:\/\/www.fiorentini-iberia.com\/es\/soluciones\/productos\/control-de-la-red-de-gas\/proteccion-catodica\/kairos\/\"><strong>Kairos<\/strong><\/a>, los dispositivos de Pietro Fiorentini para la vigilancia y el control remoto de los sistemas de protecci\u00f3n cat\u00f3dica.<\/p>\n<\/div><\/div>\n\n\n\n<div style=\"height:32px\" aria-hidden=\"true\" class=\"wp-block-spacer\"><\/div>\n\n\n\n<div id=\"the-cathodic-protection-test-field-in-rosate\" class=\"wp-block-group\"><div class=\"wp-block-group__inner-container is-layout-flow wp-block-group-is-layout-flow\">\n<h3 class=\"wp-block-heading\"><strong>El campo de pruebas de protecci\u00f3n cat\u00f3dica de Rosate<\/strong><\/h3>\n\n\n\n<p>En 2021, Pietro Fiorentini cre\u00f3 un <strong>campo de pruebas de protecci\u00f3n cat\u00f3dica en su f\u00e1brica de Rosate <\/strong>(Mil\u00e1n), que cuenta con la certificaci\u00f3n UNI EN ISO 15257. Las instalaciones satisfacen las necesidades de <strong>formaci\u00f3n del personal interno y externo <\/strong>y se utilizan para el desarrollo de aplicaciones y nuevos productos. Tambi\u00e9n se pone a disposici\u00f3n de polit\u00e9cnicos, universidades y organismos de investigaci\u00f3n que soliciten su uso para pruebas, estudios y mediciones de diversa \u00edndole.<\/p>\n\n\n\n<div style=\"height:32px\" aria-hidden=\"true\" class=\"wp-block-spacer\"><\/div>\n\n\n\n<figure class=\"wp-block-image size-full\"><img loading=\"lazy\" decoding=\"async\" width=\"1024\" height=\"402\" src=\"https:\/\/www.fiorentini-iberia.com\/wp-content\/uploads\/2023\/12\/2021-02-23-CampoProveRosate_2-EXPPAGE-unite-orizzontali-1024x402-1.jpeg\" alt=\"\" class=\"wp-image-29298\" srcset=\"https:\/\/www.fiorentini-iberia.com\/wp-content\/uploads\/2023\/12\/2021-02-23-CampoProveRosate_2-EXPPAGE-unite-orizzontali-1024x402-1.jpeg 1024w, https:\/\/www.fiorentini-iberia.com\/wp-content\/uploads\/2023\/12\/2021-02-23-CampoProveRosate_2-EXPPAGE-unite-orizzontali-1024x402-1-300x118.jpeg 300w, https:\/\/www.fiorentini-iberia.com\/wp-content\/uploads\/2023\/12\/2021-02-23-CampoProveRosate_2-EXPPAGE-unite-orizzontali-1024x402-1-768x302.jpeg 768w\" sizes=\"auto, (max-width: 1024px) 100vw, 1024px\" \/><\/figure>\n\n\n\n<div style=\"height:32px\" aria-hidden=\"true\" class=\"wp-block-spacer\"><\/div>\n\n\n\n<p><a href=\"https:\/\/www.fiorentini.com\/en\/news\/the-new-cathodic-protection-test-field-at-pietro-fiorentinis-rosate-factory-has-been-opened\/\" target=\"_blank\" rel=\"noreferrer noopener\">Inauguraci\u00f3n del campo de pruebas de protecci\u00f3n cat\u00f3dica en la planta de Pietro Fiorentini en Rosate<\/a><\/p>\n<\/div><\/div>\n","protected":false},"excerpt":{"rendered":"<p>Pietro Fiorentini desarrolla e implementa sistemas de supervisi\u00f3n para la protecci\u00f3n cat\u00f3dica desde 2016. Service2Business es el software capaz de interactuar con dispositivos de vigilancia y control remoto de instalaciones de protecci\u00f3n cat\u00f3dica.<\/p>\n","protected":false},"author":12,"featured_media":0,"parent":48246,"menu_order":0,"comment_status":"closed","ping_status":"closed","template":"template-expertise-post.php","meta":{"_acf_changed":false,"inline_featured_image":false,"footnotes":""},"class_list":["post-48259","page","type-page","status-publish","hentry"],"acf":[],"yoast_head":"<!-- This site is optimized with the Yoast SEO plugin v27.2 - https:\/\/yoast.com\/product\/yoast-seo-wordpress\/ -->\n<title>Experiencia de Pietro Fiorentini en protecci\u00f3n cat\u00f3dica - Pietro Fiorentini Iberia<\/title>\n<meta name=\"description\" content=\"Pietro Fiorentini desarrolla e implementa sistemas de supervisi\u00f3n para la protecci\u00f3n cat\u00f3dica desde 2016.\" \/>\n<meta name=\"robots\" content=\"index, follow, max-snippet:-1, max-image-preview:large, max-video-preview:-1\" \/>\n<link rel=\"canonical\" href=\"https:\/\/www.fiorentini-iberia.com\/es\/experiencia\/proteccion-catodica\/experiencia-de-pietro-fiorentini-en-proteccion-catodica\/\" \/>\n<meta property=\"og:locale\" content=\"es_ES\" \/>\n<meta property=\"og:type\" content=\"article\" \/>\n<meta property=\"og:title\" content=\"Experiencia de Pietro Fiorentini en protecci\u00f3n cat\u00f3dica - Pietro Fiorentini Iberia\" \/>\n<meta property=\"og:description\" content=\"Pietro Fiorentini desarrolla e implementa sistemas de supervisi\u00f3n para la protecci\u00f3n cat\u00f3dica desde 2016.\" \/>\n<meta property=\"og:url\" content=\"https:\/\/www.fiorentini-iberia.com\/es\/experiencia\/proteccion-catodica\/experiencia-de-pietro-fiorentini-en-proteccion-catodica\/\" \/>\n<meta property=\"og:site_name\" content=\"Pietro Fiorentini Iberia\" \/>\n<meta property=\"article:modified_time\" content=\"2024-03-14T11:28:12+00:00\" \/>\n<meta property=\"og:image\" content=\"https:\/\/www.fiorentini-iberia.com\/wp-content\/uploads\/2023\/12\/2021-02-23-CampoProveRosate_2-EXPPAGE-unite-orizzontali-1024x402-1.jpeg\" \/>\n<meta name=\"twitter:card\" content=\"summary_large_image\" \/>\n<meta name=\"twitter:site\" content=\"@FiorentiniSpa\" \/>\n<meta name=\"twitter:label1\" content=\"Tiempo de lectura\" \/>\n\t<meta name=\"twitter:data1\" content=\"9 minutos\" \/>\n<script type=\"application\/ld+json\" class=\"yoast-schema-graph\">{\"@context\":\"https:\/\/schema.org\",\"@graph\":[{\"@type\":\"WebPage\",\"@id\":\"https:\/\/www.fiorentini-iberia.com\/es\/experiencia\/proteccion-catodica\/experiencia-de-pietro-fiorentini-en-proteccion-catodica\/\",\"url\":\"https:\/\/www.fiorentini-iberia.com\/es\/experiencia\/proteccion-catodica\/experiencia-de-pietro-fiorentini-en-proteccion-catodica\/\",\"name\":\"Experiencia de Pietro Fiorentini en protecci\u00f3n cat\u00f3dica - Pietro Fiorentini Iberia\",\"isPartOf\":{\"@id\":\"https:\/\/www.fiorentini-iberia.com\/es\/#website\"},\"primaryImageOfPage\":{\"@id\":\"https:\/\/www.fiorentini-iberia.com\/es\/experiencia\/proteccion-catodica\/experiencia-de-pietro-fiorentini-en-proteccion-catodica\/#primaryimage\"},\"image\":{\"@id\":\"https:\/\/www.fiorentini-iberia.com\/es\/experiencia\/proteccion-catodica\/experiencia-de-pietro-fiorentini-en-proteccion-catodica\/#primaryimage\"},\"thumbnailUrl\":\"https:\/\/www.fiorentini-iberia.com\/wp-content\/uploads\/2023\/12\/2021-02-23-CampoProveRosate_2-EXPPAGE-unite-orizzontali-1024x402-1.jpeg\",\"datePublished\":\"2023-12-13T13:30:00+00:00\",\"dateModified\":\"2024-03-14T11:28:12+00:00\",\"description\":\"Pietro Fiorentini desarrolla e implementa sistemas de supervisi\u00f3n para la protecci\u00f3n cat\u00f3dica desde 2016.\",\"breadcrumb\":{\"@id\":\"https:\/\/www.fiorentini-iberia.com\/es\/experiencia\/proteccion-catodica\/experiencia-de-pietro-fiorentini-en-proteccion-catodica\/#breadcrumb\"},\"inLanguage\":\"es\",\"potentialAction\":[{\"@type\":\"ReadAction\",\"target\":[\"https:\/\/www.fiorentini-iberia.com\/es\/experiencia\/proteccion-catodica\/experiencia-de-pietro-fiorentini-en-proteccion-catodica\/\"]}]},{\"@type\":\"ImageObject\",\"inLanguage\":\"es\",\"@id\":\"https:\/\/www.fiorentini-iberia.com\/es\/experiencia\/proteccion-catodica\/experiencia-de-pietro-fiorentini-en-proteccion-catodica\/#primaryimage\",\"url\":\"https:\/\/www.fiorentini-iberia.com\/wp-content\/uploads\/2023\/12\/2021-02-23-CampoProveRosate_2-EXPPAGE-unite-orizzontali-1024x402-1.jpeg\",\"contentUrl\":\"https:\/\/www.fiorentini-iberia.com\/wp-content\/uploads\/2023\/12\/2021-02-23-CampoProveRosate_2-EXPPAGE-unite-orizzontali-1024x402-1.jpeg\"},{\"@type\":\"BreadcrumbList\",\"@id\":\"https:\/\/www.fiorentini-iberia.com\/es\/experiencia\/proteccion-catodica\/experiencia-de-pietro-fiorentini-en-proteccion-catodica\/#breadcrumb\",\"itemListElement\":[{\"@type\":\"ListItem\",\"position\":1,\"name\":\"Home\",\"item\":\"https:\/\/www.fiorentini-iberia.com\/es\/\"},{\"@type\":\"ListItem\",\"position\":2,\"name\":\"Experiencia\",\"item\":\"https:\/\/www.fiorentini-iberia.com\/es\/experiencia\/\"},{\"@type\":\"ListItem\",\"position\":3,\"name\":\"Protecci\u00f3n cat\u00f3dica\",\"item\":\"https:\/\/www.fiorentini-iberia.com\/es\/experiencia\/proteccion-catodica\/\"},{\"@type\":\"ListItem\",\"position\":4,\"name\":\"Experiencia de Pietro Fiorentini en protecci\u00f3n cat\u00f3dica\"}]},{\"@type\":\"WebSite\",\"@id\":\"https:\/\/www.fiorentini-iberia.com\/es\/#website\",\"url\":\"https:\/\/www.fiorentini-iberia.com\/es\/\",\"name\":\"Pietro Fiorentini Iberia\",\"description\":\"Pietro Fiorentini dise\u00f1a y fabrica componentes, sistemas y servicios para la regulaci\u00f3n, medici\u00f3n, gesti\u00f3n de redes de agua, energ\u00edas renovables, petr\u00f3leo y el gas natural, con sistemas adaptados 100% al hidr\u00f3geno.\",\"publisher\":{\"@id\":\"https:\/\/www.fiorentini-iberia.com\/es\/#organization\"},\"potentialAction\":[{\"@type\":\"SearchAction\",\"target\":{\"@type\":\"EntryPoint\",\"urlTemplate\":\"https:\/\/www.fiorentini-iberia.com\/es\/?s={search_term_string}\"},\"query-input\":{\"@type\":\"PropertyValueSpecification\",\"valueRequired\":true,\"valueName\":\"search_term_string\"}}],\"inLanguage\":\"es\"},{\"@type\":\"Organization\",\"@id\":\"https:\/\/www.fiorentini-iberia.com\/es\/#organization\",\"name\":\"Pietro Fiorentini Iberia\",\"url\":\"https:\/\/www.fiorentini-iberia.com\/es\/\",\"logo\":{\"@type\":\"ImageObject\",\"inLanguage\":\"es\",\"@id\":\"https:\/\/www.fiorentini-iberia.com\/es\/#\/schema\/logo\/image\/\",\"url\":\"https:\/\/www.fiorentini-iberia.com\/wp-content\/uploads\/2020\/11\/logo.svg\",\"contentUrl\":\"https:\/\/www.fiorentini-iberia.com\/wp-content\/uploads\/2020\/11\/logo.svg\",\"width\":227,\"height\":59,\"caption\":\"Pietro Fiorentini Iberia\"},\"image\":{\"@id\":\"https:\/\/www.fiorentini-iberia.com\/es\/#\/schema\/logo\/image\/\"},\"sameAs\":[\"https:\/\/x.com\/FiorentiniSpa\",\"https:\/\/www.linkedin.com\/company\/pietro-fiorentini-iberia\/\"]}]}<\/script>\n<!-- \/ Yoast SEO plugin. -->","yoast_head_json":{"title":"Experiencia de Pietro Fiorentini en protecci\u00f3n cat\u00f3dica - Pietro Fiorentini Iberia","description":"Pietro Fiorentini desarrolla e implementa sistemas de supervisi\u00f3n para la protecci\u00f3n cat\u00f3dica desde 2016.","robots":{"index":"index","follow":"follow","max-snippet":"max-snippet:-1","max-image-preview":"max-image-preview:large","max-video-preview":"max-video-preview:-1"},"canonical":"https:\/\/www.fiorentini-iberia.com\/es\/experiencia\/proteccion-catodica\/experiencia-de-pietro-fiorentini-en-proteccion-catodica\/","og_locale":"es_ES","og_type":"article","og_title":"Experiencia de Pietro Fiorentini en protecci\u00f3n cat\u00f3dica - Pietro Fiorentini Iberia","og_description":"Pietro Fiorentini desarrolla e implementa sistemas de supervisi\u00f3n para la protecci\u00f3n cat\u00f3dica desde 2016.","og_url":"https:\/\/www.fiorentini-iberia.com\/es\/experiencia\/proteccion-catodica\/experiencia-de-pietro-fiorentini-en-proteccion-catodica\/","og_site_name":"Pietro Fiorentini Iberia","article_modified_time":"2024-03-14T11:28:12+00:00","og_image":[{"url":"https:\/\/www.fiorentini-iberia.com\/wp-content\/uploads\/2023\/12\/2021-02-23-CampoProveRosate_2-EXPPAGE-unite-orizzontali-1024x402-1.jpeg","type":"","width":"","height":""}],"twitter_card":"summary_large_image","twitter_site":"@FiorentiniSpa","twitter_misc":{"Tiempo de lectura":"9 minutos"},"schema":{"@context":"https:\/\/schema.org","@graph":[{"@type":"WebPage","@id":"https:\/\/www.fiorentini-iberia.com\/es\/experiencia\/proteccion-catodica\/experiencia-de-pietro-fiorentini-en-proteccion-catodica\/","url":"https:\/\/www.fiorentini-iberia.com\/es\/experiencia\/proteccion-catodica\/experiencia-de-pietro-fiorentini-en-proteccion-catodica\/","name":"Experiencia de Pietro Fiorentini en protecci\u00f3n cat\u00f3dica - Pietro Fiorentini Iberia","isPartOf":{"@id":"https:\/\/www.fiorentini-iberia.com\/es\/#website"},"primaryImageOfPage":{"@id":"https:\/\/www.fiorentini-iberia.com\/es\/experiencia\/proteccion-catodica\/experiencia-de-pietro-fiorentini-en-proteccion-catodica\/#primaryimage"},"image":{"@id":"https:\/\/www.fiorentini-iberia.com\/es\/experiencia\/proteccion-catodica\/experiencia-de-pietro-fiorentini-en-proteccion-catodica\/#primaryimage"},"thumbnailUrl":"https:\/\/www.fiorentini-iberia.com\/wp-content\/uploads\/2023\/12\/2021-02-23-CampoProveRosate_2-EXPPAGE-unite-orizzontali-1024x402-1.jpeg","datePublished":"2023-12-13T13:30:00+00:00","dateModified":"2024-03-14T11:28:12+00:00","description":"Pietro Fiorentini desarrolla e implementa sistemas de supervisi\u00f3n para la protecci\u00f3n cat\u00f3dica desde 2016.","breadcrumb":{"@id":"https:\/\/www.fiorentini-iberia.com\/es\/experiencia\/proteccion-catodica\/experiencia-de-pietro-fiorentini-en-proteccion-catodica\/#breadcrumb"},"inLanguage":"es","potentialAction":[{"@type":"ReadAction","target":["https:\/\/www.fiorentini-iberia.com\/es\/experiencia\/proteccion-catodica\/experiencia-de-pietro-fiorentini-en-proteccion-catodica\/"]}]},{"@type":"ImageObject","inLanguage":"es","@id":"https:\/\/www.fiorentini-iberia.com\/es\/experiencia\/proteccion-catodica\/experiencia-de-pietro-fiorentini-en-proteccion-catodica\/#primaryimage","url":"https:\/\/www.fiorentini-iberia.com\/wp-content\/uploads\/2023\/12\/2021-02-23-CampoProveRosate_2-EXPPAGE-unite-orizzontali-1024x402-1.jpeg","contentUrl":"https:\/\/www.fiorentini-iberia.com\/wp-content\/uploads\/2023\/12\/2021-02-23-CampoProveRosate_2-EXPPAGE-unite-orizzontali-1024x402-1.jpeg"},{"@type":"BreadcrumbList","@id":"https:\/\/www.fiorentini-iberia.com\/es\/experiencia\/proteccion-catodica\/experiencia-de-pietro-fiorentini-en-proteccion-catodica\/#breadcrumb","itemListElement":[{"@type":"ListItem","position":1,"name":"Home","item":"https:\/\/www.fiorentini-iberia.com\/es\/"},{"@type":"ListItem","position":2,"name":"Experiencia","item":"https:\/\/www.fiorentini-iberia.com\/es\/experiencia\/"},{"@type":"ListItem","position":3,"name":"Protecci\u00f3n cat\u00f3dica","item":"https:\/\/www.fiorentini-iberia.com\/es\/experiencia\/proteccion-catodica\/"},{"@type":"ListItem","position":4,"name":"Experiencia de Pietro Fiorentini en protecci\u00f3n cat\u00f3dica"}]},{"@type":"WebSite","@id":"https:\/\/www.fiorentini-iberia.com\/es\/#website","url":"https:\/\/www.fiorentini-iberia.com\/es\/","name":"Pietro Fiorentini Iberia","description":"Pietro Fiorentini dise\u00f1a y fabrica componentes, sistemas y servicios para la regulaci\u00f3n, medici\u00f3n, gesti\u00f3n de redes de agua, energ\u00edas renovables, petr\u00f3leo y el gas natural, con sistemas adaptados 100% al hidr\u00f3geno.","publisher":{"@id":"https:\/\/www.fiorentini-iberia.com\/es\/#organization"},"potentialAction":[{"@type":"SearchAction","target":{"@type":"EntryPoint","urlTemplate":"https:\/\/www.fiorentini-iberia.com\/es\/?s={search_term_string}"},"query-input":{"@type":"PropertyValueSpecification","valueRequired":true,"valueName":"search_term_string"}}],"inLanguage":"es"},{"@type":"Organization","@id":"https:\/\/www.fiorentini-iberia.com\/es\/#organization","name":"Pietro Fiorentini Iberia","url":"https:\/\/www.fiorentini-iberia.com\/es\/","logo":{"@type":"ImageObject","inLanguage":"es","@id":"https:\/\/www.fiorentini-iberia.com\/es\/#\/schema\/logo\/image\/","url":"https:\/\/www.fiorentini-iberia.com\/wp-content\/uploads\/2020\/11\/logo.svg","contentUrl":"https:\/\/www.fiorentini-iberia.com\/wp-content\/uploads\/2020\/11\/logo.svg","width":227,"height":59,"caption":"Pietro Fiorentini Iberia"},"image":{"@id":"https:\/\/www.fiorentini-iberia.com\/es\/#\/schema\/logo\/image\/"},"sameAs":["https:\/\/x.com\/FiorentiniSpa","https:\/\/www.linkedin.com\/company\/pietro-fiorentini-iberia\/"]}]}},"_links":{"self":[{"href":"https:\/\/www.fiorentini-iberia.com\/es\/wp-json\/wp\/v2\/pages\/48259","targetHints":{"allow":["GET"]}}],"collection":[{"href":"https:\/\/www.fiorentini-iberia.com\/es\/wp-json\/wp\/v2\/pages"}],"about":[{"href":"https:\/\/www.fiorentini-iberia.com\/es\/wp-json\/wp\/v2\/types\/page"}],"author":[{"embeddable":true,"href":"https:\/\/www.fiorentini-iberia.com\/es\/wp-json\/wp\/v2\/users\/12"}],"replies":[{"embeddable":true,"href":"https:\/\/www.fiorentini-iberia.com\/es\/wp-json\/wp\/v2\/comments?post=48259"}],"version-history":[{"count":3,"href":"https:\/\/www.fiorentini-iberia.com\/es\/wp-json\/wp\/v2\/pages\/48259\/revisions"}],"predecessor-version":[{"id":48272,"href":"https:\/\/www.fiorentini-iberia.com\/es\/wp-json\/wp\/v2\/pages\/48259\/revisions\/48272"}],"up":[{"embeddable":true,"href":"https:\/\/www.fiorentini-iberia.com\/es\/wp-json\/wp\/v2\/pages\/48246"}],"wp:attachment":[{"href":"https:\/\/www.fiorentini-iberia.com\/es\/wp-json\/wp\/v2\/media?parent=48259"}],"curies":[{"name":"wp","href":"https:\/\/api.w.org\/{rel}","templated":true}]}}