{"id":48881,"date":"2024-02-20T14:40:34","date_gmt":"2024-02-20T13:40:34","guid":{"rendered":"https:\/\/www.fiorentini-iberia.com\/experiencia\/biometano\/biomethane-the-advantages-of-this-gas\/"},"modified":"2024-03-14T01:37:19","modified_gmt":"2024-03-14T00:37:19","slug":"biometano-las-ventajas-de-este-gas","status":"publish","type":"page","link":"https:\/\/www.fiorentini-iberia.com\/es\/experiencia\/biometano\/biometano-las-ventajas-de-este-gas\/","title":{"rendered":"Biometano: las ventajas de este gas"},"content":{"rendered":"\n<p class=\"has-text-color has-link-color has-medium-font-size wp-elements-096e39b7cc9060bd4de82df23db9c020\" style=\"color:#199782\"><strong>UN GAS, MUCHAS VENTAJAS PARA LAS COMUNIDADES<\/strong><\/p>\n\n\n\n<figure class=\"wp-block-image size-full\"><img loading=\"lazy\" decoding=\"async\" width=\"1024\" height=\"723\" src=\"https:\/\/www.fiorentini-iberia.com\/wp-content\/uploads\/2024\/02\/RENEWABLES_green_world-1-1024x723-1.jpg\" alt=\"RENEWABLES_green_world-1-1024x723\" class=\"wp-image-48864\" srcset=\"https:\/\/www.fiorentini-iberia.com\/wp-content\/uploads\/2024\/02\/RENEWABLES_green_world-1-1024x723-1.jpg 1024w, https:\/\/www.fiorentini-iberia.com\/wp-content\/uploads\/2024\/02\/RENEWABLES_green_world-1-1024x723-1-300x212.jpg 300w, https:\/\/www.fiorentini-iberia.com\/wp-content\/uploads\/2024\/02\/RENEWABLES_green_world-1-1024x723-1-768x542.jpg 768w\" sizes=\"auto, (max-width: 1024px) 100vw, 1024px\" \/><\/figure>\n\n\n\n<p>Como parte de una senda de eficiencia energ\u00e9tica y cero emisiones, el gas natural se complementar\u00e1 cada vez m\u00e1s con la <strong>producci\u00f3n de biog\u00e1s y biometano<\/strong>, que se considera uno de los recursos que m\u00e1s contribuir\u00e1n a reducir el estado actual de contaminaci\u00f3n atmosf\u00e9rica.<\/p>\n\n\n\n<p>La creciente producci\u00f3n y posterior uso del biometano traer\u00e1 como <strong>ventajas una aceleraci\u00f3n en los procesos hacia la neutralidad del carbono y la econom\u00eda circular<\/strong>.<\/p>\n\n\n\n<ol class=\"wp-block-list\">\n<li><a href=\"#Sustainability\"><strong>Sostenibilidad y econom\u00eda circular: qu\u00e9 son<\/strong><\/a><\/li>\n\n\n\n<li><strong><a href=\"#why\">Por qu\u00e9 el biometano es un gas sostenible<\/a><br><\/strong>&nbsp;<\/li>\n<\/ol>\n\n\n\n<h3 class=\"wp-block-heading has-text-color has-link-color wp-elements-dcf158a89f0d6598b88559393281d1e2\" id=\"Sustainability\" style=\"color:#199782;text-transform:uppercase\"><strong>SOSTENIBILIDAD Y ECONOM\u00cdA CIRCULAR: QU\u00c9 SON<\/strong><\/h3>\n\n\n\n<p>Bajo el paraguas de la \u00absostenibilidad\u00bb encontramos diferentes \u00e1mbitos en los que \u00e9sta puede declinarse. En general, podemos definir la <strong>sostenibilidad<\/strong> como la <strong>condici\u00f3n de desarrollo que satisface las necesidades de la generaci\u00f3n actual sin comprometer la capacidad de las generaciones posteriores para satisfacer sus propias necesidades<\/strong>. Hay tres \u00e1reas principales de sostenibilidad que, cuando se cruzan, pueden permitir la realizaci\u00f3n de un <strong>desarrollo sostenible pleno<\/strong>: la sostenibilidad econ\u00f3mica, la sostenibilidad medioambiental y la sostenibilidad social.<\/p>\n\n\n\n<p>La <strong>econom\u00eda circular<\/strong> est\u00e1 estrictamente relacionada con la sostenibilidad: de hecho, es un modelo de producci\u00f3n y consumo en el que se hace hincapi\u00e9 en <strong>compartir, reutilizar, reparar, reacondicionar y reciclar los materiales<\/strong>. Lo que en la econom\u00eda \u00abtradicional\u00bb se considera un residuo, aqu\u00ed se recupera y se reutiliza, reduciendo as\u00ed los residuos y valorizando las especificidades y el potencial del territorio.<\/p>\n\n\n\n<figure class=\"wp-block-image size-full\"><img loading=\"lazy\" decoding=\"async\" width=\"1024\" height=\"790\" src=\"https:\/\/www.fiorentini-iberia.com\/wp-content\/uploads\/2024\/02\/RENEWABLES_cycle-1-1024x790-1.jpg\" alt=\"\" class=\"wp-image-48868\" srcset=\"https:\/\/www.fiorentini-iberia.com\/wp-content\/uploads\/2024\/02\/RENEWABLES_cycle-1-1024x790-1.jpg 1024w, https:\/\/www.fiorentini-iberia.com\/wp-content\/uploads\/2024\/02\/RENEWABLES_cycle-1-1024x790-1-300x231.jpg 300w, https:\/\/www.fiorentini-iberia.com\/wp-content\/uploads\/2024\/02\/RENEWABLES_cycle-1-1024x790-1-768x593.jpg 768w\" sizes=\"auto, (max-width: 1024px) 100vw, 1024px\" \/><\/figure>\n\n\n\n<h3 class=\"wp-block-heading has-text-color has-link-color wp-elements-8c8a4d9c4ab40e032620158c8993f6b8\" id=\"why\" style=\"color:#199782;text-transform:uppercase\">&nbsp;<br>POR QU\u00c9 EL BIOMETANO ES UN GAS SOSTENIBLE<\/h3>\n\n\n\n<p>El <strong>biometano es un gas sostenible<\/strong> producido a partir de la digesti\u00f3n de biomasa de materia org\u00e1nica, principalmente subproductos y residuos de la transformaci\u00f3n agr\u00edcola o industrial. El uso de materias primas consideradas residuos, que debidamente procesadas dan lugar a <strong>biometano<\/strong>, es <strong>un ejemplo virtuoso de negocio ecosostenible y circular<\/strong>.<\/p>\n\n\n\n<p>En varios casos, como cuando la materia prima utilizada es un residuo agr\u00edcola, el procesamiento para obtener biometano tambi\u00e9n produce un subproducto diferente llamado <strong>digestato<\/strong>. Esta sustancia es coproducida por la digesti\u00f3n anaerobia y no depende de la biomasa utilizada: por ejemplo, la digesti\u00f3n de residuos tambi\u00e9n produce digestato. Este subproducto puede utilizarse como <strong>abono agr\u00edcola<\/strong>, evitando el uso de productos qu\u00edmicos y con vistas a la circularidad completa del ciclo de transformaci\u00f3n de las materias primas.<br>&nbsp;<\/p>\n\n\n\n<figure class=\"wp-block-image size-full\"><img loading=\"lazy\" decoding=\"async\" width=\"1024\" height=\"683\" src=\"https:\/\/www.fiorentini-iberia.com\/wp-content\/uploads\/2024\/02\/biomethane-plant-1-1024x683-1.jpg\" alt=\"\" class=\"wp-image-48872\" srcset=\"https:\/\/www.fiorentini-iberia.com\/wp-content\/uploads\/2024\/02\/biomethane-plant-1-1024x683-1.jpg 1024w, https:\/\/www.fiorentini-iberia.com\/wp-content\/uploads\/2024\/02\/biomethane-plant-1-1024x683-1-300x200.jpg 300w, https:\/\/www.fiorentini-iberia.com\/wp-content\/uploads\/2024\/02\/biomethane-plant-1-1024x683-1-768x512.jpg 768w\" sizes=\"auto, (max-width: 1024px) 100vw, 1024px\" \/><\/figure>\n","protected":false},"excerpt":{"rendered":"<p>El biometano es un valioso aliado en el proceso de transici\u00f3n energ\u00e9tica: se trata de un gas sostenible producido a partir de la digesti\u00f3n de biomasa, una materia prima considerada como residuo que inicia un c\u00edrculo virtuoso en el que el subproducto final tambi\u00e9n encuentra un nuevo uso.<\/p>\n","protected":false},"author":15,"featured_media":0,"parent":48210,"menu_order":0,"comment_status":"closed","ping_status":"closed","template":"template-expertise-post.php","meta":{"_acf_changed":false,"inline_featured_image":false,"footnotes":""},"class_list":["post-48881","page","type-page","status-publish","hentry"],"acf":[],"yoast_head":"<!-- This site is optimized with the Yoast SEO plugin v27.2 - https:\/\/yoast.com\/product\/yoast-seo-wordpress\/ -->\n<title>Biometano: las ventajas de este gas - Pietro Fiorentini Iberia<\/title>\n<meta name=\"description\" content=\"El biometano se considera uno de los recursos que m\u00e1s contribuir\u00e1n a reducir el estado actual de contaminaci\u00f3n atmosf\u00e9rica.\" \/>\n<meta name=\"robots\" content=\"index, follow, max-snippet:-1, max-image-preview:large, max-video-preview:-1\" \/>\n<link rel=\"canonical\" href=\"https:\/\/www.fiorentini-iberia.com\/es\/experiencia\/biometano\/biometano-las-ventajas-de-este-gas\/\" \/>\n<meta property=\"og:locale\" content=\"es_ES\" \/>\n<meta property=\"og:type\" content=\"article\" \/>\n<meta property=\"og:title\" content=\"Biometano: las ventajas de este gas - Pietro Fiorentini Iberia\" \/>\n<meta property=\"og:description\" content=\"El biometano se considera uno de los recursos que m\u00e1s contribuir\u00e1n a reducir el estado actual de contaminaci\u00f3n atmosf\u00e9rica.\" \/>\n<meta property=\"og:url\" content=\"https:\/\/www.fiorentini-iberia.com\/es\/experiencia\/biometano\/biometano-las-ventajas-de-este-gas\/\" \/>\n<meta property=\"og:site_name\" content=\"Pietro Fiorentini Iberia\" \/>\n<meta property=\"article:modified_time\" content=\"2024-03-14T00:37:19+00:00\" \/>\n<meta property=\"og:image\" content=\"https:\/\/www.fiorentini-iberia.com\/wp-content\/uploads\/2024\/02\/RENEWABLES_green_world-1-1024x723-1.jpg\" \/>\n<meta name=\"twitter:card\" content=\"summary_large_image\" \/>\n<meta name=\"twitter:site\" content=\"@FiorentiniSpa\" \/>\n<meta name=\"twitter:label1\" content=\"Tiempo de lectura\" \/>\n\t<meta name=\"twitter:data1\" content=\"3 minutos\" \/>\n<script type=\"application\/ld+json\" class=\"yoast-schema-graph\">{\"@context\":\"https:\/\/schema.org\",\"@graph\":[{\"@type\":\"WebPage\",\"@id\":\"https:\/\/www.fiorentini-iberia.com\/es\/experiencia\/biometano\/biometano-las-ventajas-de-este-gas\/\",\"url\":\"https:\/\/www.fiorentini-iberia.com\/es\/experiencia\/biometano\/biometano-las-ventajas-de-este-gas\/\",\"name\":\"Biometano: las ventajas de este gas - Pietro Fiorentini Iberia\",\"isPartOf\":{\"@id\":\"https:\/\/www.fiorentini-iberia.com\/es\/#website\"},\"primaryImageOfPage\":{\"@id\":\"https:\/\/www.fiorentini-iberia.com\/es\/experiencia\/biometano\/biometano-las-ventajas-de-este-gas\/#primaryimage\"},\"image\":{\"@id\":\"https:\/\/www.fiorentini-iberia.com\/es\/experiencia\/biometano\/biometano-las-ventajas-de-este-gas\/#primaryimage\"},\"thumbnailUrl\":\"https:\/\/www.fiorentini-iberia.com\/wp-content\/uploads\/2024\/02\/RENEWABLES_green_world-1-1024x723-1.jpg\",\"datePublished\":\"2024-02-20T13:40:34+00:00\",\"dateModified\":\"2024-03-14T00:37:19+00:00\",\"description\":\"El biometano se considera uno de los recursos que m\u00e1s contribuir\u00e1n a reducir el estado actual de contaminaci\u00f3n atmosf\u00e9rica.\",\"breadcrumb\":{\"@id\":\"https:\/\/www.fiorentini-iberia.com\/es\/experiencia\/biometano\/biometano-las-ventajas-de-este-gas\/#breadcrumb\"},\"inLanguage\":\"es\",\"potentialAction\":[{\"@type\":\"ReadAction\",\"target\":[\"https:\/\/www.fiorentini-iberia.com\/es\/experiencia\/biometano\/biometano-las-ventajas-de-este-gas\/\"]}]},{\"@type\":\"ImageObject\",\"inLanguage\":\"es\",\"@id\":\"https:\/\/www.fiorentini-iberia.com\/es\/experiencia\/biometano\/biometano-las-ventajas-de-este-gas\/#primaryimage\",\"url\":\"https:\/\/www.fiorentini-iberia.com\/wp-content\/uploads\/2024\/02\/RENEWABLES_green_world-1-1024x723-1.jpg\",\"contentUrl\":\"https:\/\/www.fiorentini-iberia.com\/wp-content\/uploads\/2024\/02\/RENEWABLES_green_world-1-1024x723-1.jpg\"},{\"@type\":\"BreadcrumbList\",\"@id\":\"https:\/\/www.fiorentini-iberia.com\/es\/experiencia\/biometano\/biometano-las-ventajas-de-este-gas\/#breadcrumb\",\"itemListElement\":[{\"@type\":\"ListItem\",\"position\":1,\"name\":\"Home\",\"item\":\"https:\/\/www.fiorentini-iberia.com\/es\/\"},{\"@type\":\"ListItem\",\"position\":2,\"name\":\"Experiencia\",\"item\":\"https:\/\/www.fiorentini-iberia.com\/es\/experiencia\/\"},{\"@type\":\"ListItem\",\"position\":3,\"name\":\"Biometano\",\"item\":\"https:\/\/www.fiorentini-iberia.com\/es\/experiencia\/biometano\/\"},{\"@type\":\"ListItem\",\"position\":4,\"name\":\"Biometano: las ventajas de este gas\"}]},{\"@type\":\"WebSite\",\"@id\":\"https:\/\/www.fiorentini-iberia.com\/es\/#website\",\"url\":\"https:\/\/www.fiorentini-iberia.com\/es\/\",\"name\":\"Pietro Fiorentini Iberia\",\"description\":\"Pietro Fiorentini dise\u00f1a y fabrica componentes, sistemas y servicios para la regulaci\u00f3n, medici\u00f3n, gesti\u00f3n de redes de agua, energ\u00edas renovables, petr\u00f3leo y el gas natural, con sistemas adaptados 100% al hidr\u00f3geno.\",\"publisher\":{\"@id\":\"https:\/\/www.fiorentini-iberia.com\/es\/#organization\"},\"potentialAction\":[{\"@type\":\"SearchAction\",\"target\":{\"@type\":\"EntryPoint\",\"urlTemplate\":\"https:\/\/www.fiorentini-iberia.com\/es\/?s={search_term_string}\"},\"query-input\":{\"@type\":\"PropertyValueSpecification\",\"valueRequired\":true,\"valueName\":\"search_term_string\"}}],\"inLanguage\":\"es\"},{\"@type\":\"Organization\",\"@id\":\"https:\/\/www.fiorentini-iberia.com\/es\/#organization\",\"name\":\"Pietro Fiorentini Iberia\",\"url\":\"https:\/\/www.fiorentini-iberia.com\/es\/\",\"logo\":{\"@type\":\"ImageObject\",\"inLanguage\":\"es\",\"@id\":\"https:\/\/www.fiorentini-iberia.com\/es\/#\/schema\/logo\/image\/\",\"url\":\"https:\/\/www.fiorentini-iberia.com\/wp-content\/uploads\/2020\/11\/logo.svg\",\"contentUrl\":\"https:\/\/www.fiorentini-iberia.com\/wp-content\/uploads\/2020\/11\/logo.svg\",\"width\":227,\"height\":59,\"caption\":\"Pietro Fiorentini Iberia\"},\"image\":{\"@id\":\"https:\/\/www.fiorentini-iberia.com\/es\/#\/schema\/logo\/image\/\"},\"sameAs\":[\"https:\/\/x.com\/FiorentiniSpa\",\"https:\/\/www.linkedin.com\/company\/pietro-fiorentini-iberia\/\"]}]}<\/script>\n<!-- \/ Yoast SEO plugin. -->","yoast_head_json":{"title":"Biometano: las ventajas de este gas - Pietro Fiorentini Iberia","description":"El biometano se considera uno de los recursos que m\u00e1s contribuir\u00e1n a reducir el estado actual de contaminaci\u00f3n atmosf\u00e9rica.","robots":{"index":"index","follow":"follow","max-snippet":"max-snippet:-1","max-image-preview":"max-image-preview:large","max-video-preview":"max-video-preview:-1"},"canonical":"https:\/\/www.fiorentini-iberia.com\/es\/experiencia\/biometano\/biometano-las-ventajas-de-este-gas\/","og_locale":"es_ES","og_type":"article","og_title":"Biometano: las ventajas de este gas - Pietro Fiorentini Iberia","og_description":"El biometano se considera uno de los recursos que m\u00e1s contribuir\u00e1n a reducir el estado actual de contaminaci\u00f3n atmosf\u00e9rica.","og_url":"https:\/\/www.fiorentini-iberia.com\/es\/experiencia\/biometano\/biometano-las-ventajas-de-este-gas\/","og_site_name":"Pietro Fiorentini Iberia","article_modified_time":"2024-03-14T00:37:19+00:00","og_image":[{"url":"https:\/\/www.fiorentini-iberia.com\/wp-content\/uploads\/2024\/02\/RENEWABLES_green_world-1-1024x723-1.jpg","type":"","width":"","height":""}],"twitter_card":"summary_large_image","twitter_site":"@FiorentiniSpa","twitter_misc":{"Tiempo de lectura":"3 minutos"},"schema":{"@context":"https:\/\/schema.org","@graph":[{"@type":"WebPage","@id":"https:\/\/www.fiorentini-iberia.com\/es\/experiencia\/biometano\/biometano-las-ventajas-de-este-gas\/","url":"https:\/\/www.fiorentini-iberia.com\/es\/experiencia\/biometano\/biometano-las-ventajas-de-este-gas\/","name":"Biometano: las ventajas de este gas - Pietro Fiorentini Iberia","isPartOf":{"@id":"https:\/\/www.fiorentini-iberia.com\/es\/#website"},"primaryImageOfPage":{"@id":"https:\/\/www.fiorentini-iberia.com\/es\/experiencia\/biometano\/biometano-las-ventajas-de-este-gas\/#primaryimage"},"image":{"@id":"https:\/\/www.fiorentini-iberia.com\/es\/experiencia\/biometano\/biometano-las-ventajas-de-este-gas\/#primaryimage"},"thumbnailUrl":"https:\/\/www.fiorentini-iberia.com\/wp-content\/uploads\/2024\/02\/RENEWABLES_green_world-1-1024x723-1.jpg","datePublished":"2024-02-20T13:40:34+00:00","dateModified":"2024-03-14T00:37:19+00:00","description":"El biometano se considera uno de los recursos que m\u00e1s contribuir\u00e1n a reducir el estado actual de contaminaci\u00f3n atmosf\u00e9rica.","breadcrumb":{"@id":"https:\/\/www.fiorentini-iberia.com\/es\/experiencia\/biometano\/biometano-las-ventajas-de-este-gas\/#breadcrumb"},"inLanguage":"es","potentialAction":[{"@type":"ReadAction","target":["https:\/\/www.fiorentini-iberia.com\/es\/experiencia\/biometano\/biometano-las-ventajas-de-este-gas\/"]}]},{"@type":"ImageObject","inLanguage":"es","@id":"https:\/\/www.fiorentini-iberia.com\/es\/experiencia\/biometano\/biometano-las-ventajas-de-este-gas\/#primaryimage","url":"https:\/\/www.fiorentini-iberia.com\/wp-content\/uploads\/2024\/02\/RENEWABLES_green_world-1-1024x723-1.jpg","contentUrl":"https:\/\/www.fiorentini-iberia.com\/wp-content\/uploads\/2024\/02\/RENEWABLES_green_world-1-1024x723-1.jpg"},{"@type":"BreadcrumbList","@id":"https:\/\/www.fiorentini-iberia.com\/es\/experiencia\/biometano\/biometano-las-ventajas-de-este-gas\/#breadcrumb","itemListElement":[{"@type":"ListItem","position":1,"name":"Home","item":"https:\/\/www.fiorentini-iberia.com\/es\/"},{"@type":"ListItem","position":2,"name":"Experiencia","item":"https:\/\/www.fiorentini-iberia.com\/es\/experiencia\/"},{"@type":"ListItem","position":3,"name":"Biometano","item":"https:\/\/www.fiorentini-iberia.com\/es\/experiencia\/biometano\/"},{"@type":"ListItem","position":4,"name":"Biometano: las ventajas de este gas"}]},{"@type":"WebSite","@id":"https:\/\/www.fiorentini-iberia.com\/es\/#website","url":"https:\/\/www.fiorentini-iberia.com\/es\/","name":"Pietro Fiorentini Iberia","description":"Pietro Fiorentini dise\u00f1a y fabrica componentes, sistemas y servicios para la regulaci\u00f3n, medici\u00f3n, gesti\u00f3n de redes de agua, energ\u00edas renovables, petr\u00f3leo y el gas natural, con sistemas adaptados 100% al hidr\u00f3geno.","publisher":{"@id":"https:\/\/www.fiorentini-iberia.com\/es\/#organization"},"potentialAction":[{"@type":"SearchAction","target":{"@type":"EntryPoint","urlTemplate":"https:\/\/www.fiorentini-iberia.com\/es\/?s={search_term_string}"},"query-input":{"@type":"PropertyValueSpecification","valueRequired":true,"valueName":"search_term_string"}}],"inLanguage":"es"},{"@type":"Organization","@id":"https:\/\/www.fiorentini-iberia.com\/es\/#organization","name":"Pietro Fiorentini Iberia","url":"https:\/\/www.fiorentini-iberia.com\/es\/","logo":{"@type":"ImageObject","inLanguage":"es","@id":"https:\/\/www.fiorentini-iberia.com\/es\/#\/schema\/logo\/image\/","url":"https:\/\/www.fiorentini-iberia.com\/wp-content\/uploads\/2020\/11\/logo.svg","contentUrl":"https:\/\/www.fiorentini-iberia.com\/wp-content\/uploads\/2020\/11\/logo.svg","width":227,"height":59,"caption":"Pietro Fiorentini Iberia"},"image":{"@id":"https:\/\/www.fiorentini-iberia.com\/es\/#\/schema\/logo\/image\/"},"sameAs":["https:\/\/x.com\/FiorentiniSpa","https:\/\/www.linkedin.com\/company\/pietro-fiorentini-iberia\/"]}]}},"_links":{"self":[{"href":"https:\/\/www.fiorentini-iberia.com\/es\/wp-json\/wp\/v2\/pages\/48881","targetHints":{"allow":["GET"]}}],"collection":[{"href":"https:\/\/www.fiorentini-iberia.com\/es\/wp-json\/wp\/v2\/pages"}],"about":[{"href":"https:\/\/www.fiorentini-iberia.com\/es\/wp-json\/wp\/v2\/types\/page"}],"author":[{"embeddable":true,"href":"https:\/\/www.fiorentini-iberia.com\/es\/wp-json\/wp\/v2\/users\/15"}],"replies":[{"embeddable":true,"href":"https:\/\/www.fiorentini-iberia.com\/es\/wp-json\/wp\/v2\/comments?post=48881"}],"version-history":[{"count":3,"href":"https:\/\/www.fiorentini-iberia.com\/es\/wp-json\/wp\/v2\/pages\/48881\/revisions"}],"predecessor-version":[{"id":50217,"href":"https:\/\/www.fiorentini-iberia.com\/es\/wp-json\/wp\/v2\/pages\/48881\/revisions\/50217"}],"up":[{"embeddable":true,"href":"https:\/\/www.fiorentini-iberia.com\/es\/wp-json\/wp\/v2\/pages\/48210"}],"wp:attachment":[{"href":"https:\/\/www.fiorentini-iberia.com\/es\/wp-json\/wp\/v2\/media?parent=48881"}],"curies":[{"name":"wp","href":"https:\/\/api.w.org\/{rel}","templated":true}]}}