{"id":48901,"date":"2024-02-20T15:25:04","date_gmt":"2024-02-20T14:25:04","guid":{"rendered":"https:\/\/www.fiorentini-iberia.com\/experiencia\/proteccion-catodica\/passive-and-active-cathodic-protection\/"},"modified":"2024-02-20T15:43:58","modified_gmt":"2024-02-20T14:43:58","slug":"proteccion-catodica-pasiva-y-activa","status":"publish","type":"page","link":"https:\/\/www.fiorentini-iberia.com\/es\/experiencia\/proteccion-catodica\/proteccion-catodica-pasiva-y-activa\/","title":{"rendered":"Protecci\u00f3n cat\u00f3dica pasiva y activa"},"content":{"rendered":"\n<p>La<strong> protecci\u00f3n cat\u00f3dica<\/strong> es una t\u00e9cnica de <strong>prevenci\u00f3n de la corrosi\u00f3n electrol\u00edtica<\/strong> que se aplica a los componentes met\u00e1licos que est\u00e1n en contacto con entornos conductores de electricidad.<\/p>\n\n\n\n<p>B\u00e1sicamente, consiste en hacer pasar una corriente continua entre un electrodo -el <strong>\u00e1nodo<\/strong>&#8211; y la superficie del componente que se quiere proteger -el <strong>c\u00e1todo<\/strong>-. La corriente reduce el potencial el\u00e9ctrico de la superficie met\u00e1lica de forma que ralentiza considerablemente la corrosi\u00f3n.<\/p>\n\n\n\n<p>Dependiendo de la tecnolog\u00eda utilizada, es posible aplicar una <strong>protecci\u00f3n cat\u00f3dica pasiva<\/strong> con revestimientos e inhibidores, o una <strong>protecci\u00f3n cat\u00f3dica activa<\/strong> mediante \u00e1nodos de sacrificio o corriente impresa para contrarrestar los fallos y lagunas del revestimiento causados durante la instalaci\u00f3n o por deterioro.<\/p>\n\n\n\n<p>Tras su puesta en servicio, estos sistemas deben ser <strong>supervisados<\/strong> para evaluar su eficacia y realizar el mantenimiento necesario. Para ello, durante la fase de dise\u00f1o se determinan los puntos de medici\u00f3n de la <strong>protecci\u00f3n cat\u00f3dica<\/strong> en las redes de distribuci\u00f3n, transporte y almacenamiento. Mediante la adquisici\u00f3n de los potenciales tubo-tierra de la tuber\u00eda a proteger, se pueden programar <strong>controles manuales<\/strong> en los puntos de medici\u00f3n. \u00c9stos pueden sustituirse o completarse con la instalaci\u00f3n de <strong>dispositivos electr\u00f3nicos<\/strong> capaces de adquirir continuamente los potenciales y enviarlos a un centro de recogida de datos que <strong>analiza autom\u00e1ticamente los par\u00e1metros y, en caso necesario, cumple las obligaciones de telecontrol de la red mediante se\u00f1ales de alarma que permiten identificar la anomal\u00eda y resolverla r\u00e1pidamente<\/strong>.<br>\u00a0<br>\u00a0<\/p>\n\n\n<div class=\"wp-block-image\">\n<figure class=\"aligncenter size-full\"><img loading=\"lazy\" decoding=\"async\" width=\"1024\" height=\"535\" src=\"https:\/\/www.fiorentini-iberia.com\/wp-content\/uploads\/2024\/02\/Expertise_ProtezioneCatodicaENG-EXPPAG-1024x535-ESP.jpg\" alt=\"Protecci\u00f3n cat\u00f3dica aplicada a tuber\u00edas met\u00e1licas\" class=\"wp-image-48903\" title=\"Cathodic protection applied to metal pipes\" srcset=\"https:\/\/www.fiorentini-iberia.com\/wp-content\/uploads\/2024\/02\/Expertise_ProtezioneCatodicaENG-EXPPAG-1024x535-ESP.jpg 1024w, https:\/\/www.fiorentini-iberia.com\/wp-content\/uploads\/2024\/02\/Expertise_ProtezioneCatodicaENG-EXPPAG-1024x535-ESP-300x157.jpg 300w, https:\/\/www.fiorentini-iberia.com\/wp-content\/uploads\/2024\/02\/Expertise_ProtezioneCatodicaENG-EXPPAG-1024x535-ESP-768x401.jpg 768w\" sizes=\"auto, (max-width: 1024px) 100vw, 1024px\" \/><\/figure>\n<\/div>\n\n\n<p class=\"has-text-align-center has-black-color has-text-color has-link-color wp-elements-cd7f41076e4d056779c9726e2dc4e737\" style=\"font-size:16px\"><em><mark style=\"background-color:rgba(0, 0, 0, 0)\" class=\"has-inline-color has-cyan-bluish-gray-color\">Protecci\u00f3n cat\u00f3dica aplicada a tuber\u00edas met\u00e1licas<\/mark><\/em><\/p>\n","protected":false},"excerpt":{"rendered":"<p>Seg\u00fan la tecnolog\u00eda utilizada, es posible aplicar una protecci\u00f3n cat\u00f3dica pasiva con revestimientos e inhibidores, o una protecci\u00f3n cat\u00f3dica activa mediante \u00e1nodos de sacrificio o corriente impresa para contrarrestar los fallos y las lagunas del revestimiento causados durante la instalaci\u00f3n o por deterioro.<\/p>\n","protected":false},"author":15,"featured_media":0,"parent":48246,"menu_order":0,"comment_status":"closed","ping_status":"closed","template":"template-expertise-post.php","meta":{"_acf_changed":false,"inline_featured_image":false,"footnotes":""},"class_list":["post-48901","page","type-page","status-publish","hentry"],"acf":[],"yoast_head":"<!-- This site is optimized with the Yoast SEO plugin v27.2 - https:\/\/yoast.com\/product\/yoast-seo-wordpress\/ -->\n<title>Protecci\u00f3n cat\u00f3dica pasiva y activa - Pietro Fiorentini Iberia<\/title>\n<meta name=\"description\" content=\"La protecci\u00f3n cat\u00f3dica es una t\u00e9cnica de prevenci\u00f3n de la corrosi\u00f3n electrol\u00edtica que se aplica a los componentes met\u00e1licos que est\u00e1n en contacto con entornos conductores de electricidad.\" \/>\n<meta name=\"robots\" content=\"index, follow, max-snippet:-1, max-image-preview:large, max-video-preview:-1\" \/>\n<link rel=\"canonical\" href=\"https:\/\/www.fiorentini-iberia.com\/es\/experiencia\/proteccion-catodica\/proteccion-catodica-pasiva-y-activa\/\" \/>\n<meta property=\"og:locale\" content=\"es_ES\" \/>\n<meta property=\"og:type\" content=\"article\" \/>\n<meta property=\"og:title\" content=\"Protecci\u00f3n cat\u00f3dica pasiva y activa - Pietro Fiorentini Iberia\" \/>\n<meta property=\"og:description\" content=\"La protecci\u00f3n cat\u00f3dica es una t\u00e9cnica de prevenci\u00f3n de la corrosi\u00f3n electrol\u00edtica que se aplica a los componentes met\u00e1licos que est\u00e1n en contacto con entornos conductores de electricidad.\" \/>\n<meta property=\"og:url\" content=\"https:\/\/www.fiorentini-iberia.com\/es\/experiencia\/proteccion-catodica\/proteccion-catodica-pasiva-y-activa\/\" \/>\n<meta property=\"og:site_name\" content=\"Pietro Fiorentini Iberia\" \/>\n<meta property=\"article:modified_time\" content=\"2024-02-20T14:43:58+00:00\" \/>\n<meta property=\"og:image\" content=\"https:\/\/www.fiorentini-iberia.com\/wp-content\/uploads\/2024\/02\/Expertise_ProtezioneCatodicaENG-EXPPAG-1024x535-ESP.jpg\" \/>\n<meta name=\"twitter:card\" content=\"summary_large_image\" \/>\n<meta name=\"twitter:site\" content=\"@FiorentiniSpa\" \/>\n<meta name=\"twitter:label1\" content=\"Tiempo de lectura\" \/>\n\t<meta name=\"twitter:data1\" content=\"2 minutos\" \/>\n<script type=\"application\/ld+json\" class=\"yoast-schema-graph\">{\"@context\":\"https:\/\/schema.org\",\"@graph\":[{\"@type\":\"WebPage\",\"@id\":\"https:\/\/www.fiorentini-iberia.com\/es\/experiencia\/proteccion-catodica\/proteccion-catodica-pasiva-y-activa\/\",\"url\":\"https:\/\/www.fiorentini-iberia.com\/es\/experiencia\/proteccion-catodica\/proteccion-catodica-pasiva-y-activa\/\",\"name\":\"Protecci\u00f3n cat\u00f3dica pasiva y activa - Pietro Fiorentini Iberia\",\"isPartOf\":{\"@id\":\"https:\/\/www.fiorentini-iberia.com\/es\/#website\"},\"primaryImageOfPage\":{\"@id\":\"https:\/\/www.fiorentini-iberia.com\/es\/experiencia\/proteccion-catodica\/proteccion-catodica-pasiva-y-activa\/#primaryimage\"},\"image\":{\"@id\":\"https:\/\/www.fiorentini-iberia.com\/es\/experiencia\/proteccion-catodica\/proteccion-catodica-pasiva-y-activa\/#primaryimage\"},\"thumbnailUrl\":\"https:\/\/www.fiorentini-iberia.com\/wp-content\/uploads\/2024\/02\/Expertise_ProtezioneCatodicaENG-EXPPAG-1024x535-ESP.jpg\",\"datePublished\":\"2024-02-20T14:25:04+00:00\",\"dateModified\":\"2024-02-20T14:43:58+00:00\",\"description\":\"La protecci\u00f3n cat\u00f3dica es una t\u00e9cnica de prevenci\u00f3n de la corrosi\u00f3n electrol\u00edtica que se aplica a los componentes met\u00e1licos que est\u00e1n en contacto con entornos conductores de electricidad.\",\"breadcrumb\":{\"@id\":\"https:\/\/www.fiorentini-iberia.com\/es\/experiencia\/proteccion-catodica\/proteccion-catodica-pasiva-y-activa\/#breadcrumb\"},\"inLanguage\":\"es\",\"potentialAction\":[{\"@type\":\"ReadAction\",\"target\":[\"https:\/\/www.fiorentini-iberia.com\/es\/experiencia\/proteccion-catodica\/proteccion-catodica-pasiva-y-activa\/\"]}]},{\"@type\":\"ImageObject\",\"inLanguage\":\"es\",\"@id\":\"https:\/\/www.fiorentini-iberia.com\/es\/experiencia\/proteccion-catodica\/proteccion-catodica-pasiva-y-activa\/#primaryimage\",\"url\":\"https:\/\/www.fiorentini-iberia.com\/wp-content\/uploads\/2024\/02\/Expertise_ProtezioneCatodicaENG-EXPPAG-1024x535-ESP.jpg\",\"contentUrl\":\"https:\/\/www.fiorentini-iberia.com\/wp-content\/uploads\/2024\/02\/Expertise_ProtezioneCatodicaENG-EXPPAG-1024x535-ESP.jpg\"},{\"@type\":\"BreadcrumbList\",\"@id\":\"https:\/\/www.fiorentini-iberia.com\/es\/experiencia\/proteccion-catodica\/proteccion-catodica-pasiva-y-activa\/#breadcrumb\",\"itemListElement\":[{\"@type\":\"ListItem\",\"position\":1,\"name\":\"Home\",\"item\":\"https:\/\/www.fiorentini-iberia.com\/es\/\"},{\"@type\":\"ListItem\",\"position\":2,\"name\":\"Experiencia\",\"item\":\"https:\/\/www.fiorentini-iberia.com\/es\/experiencia\/\"},{\"@type\":\"ListItem\",\"position\":3,\"name\":\"Protecci\u00f3n cat\u00f3dica\",\"item\":\"https:\/\/www.fiorentini-iberia.com\/es\/experiencia\/proteccion-catodica\/\"},{\"@type\":\"ListItem\",\"position\":4,\"name\":\"Protecci\u00f3n cat\u00f3dica pasiva y activa\"}]},{\"@type\":\"WebSite\",\"@id\":\"https:\/\/www.fiorentini-iberia.com\/es\/#website\",\"url\":\"https:\/\/www.fiorentini-iberia.com\/es\/\",\"name\":\"Pietro Fiorentini Iberia\",\"description\":\"Pietro Fiorentini dise\u00f1a y fabrica componentes, sistemas y servicios para la regulaci\u00f3n, medici\u00f3n, gesti\u00f3n de redes de agua, energ\u00edas renovables, petr\u00f3leo y el gas natural, con sistemas adaptados 100% al hidr\u00f3geno.\",\"publisher\":{\"@id\":\"https:\/\/www.fiorentini-iberia.com\/es\/#organization\"},\"potentialAction\":[{\"@type\":\"SearchAction\",\"target\":{\"@type\":\"EntryPoint\",\"urlTemplate\":\"https:\/\/www.fiorentini-iberia.com\/es\/?s={search_term_string}\"},\"query-input\":{\"@type\":\"PropertyValueSpecification\",\"valueRequired\":true,\"valueName\":\"search_term_string\"}}],\"inLanguage\":\"es\"},{\"@type\":\"Organization\",\"@id\":\"https:\/\/www.fiorentini-iberia.com\/es\/#organization\",\"name\":\"Pietro Fiorentini Iberia\",\"url\":\"https:\/\/www.fiorentini-iberia.com\/es\/\",\"logo\":{\"@type\":\"ImageObject\",\"inLanguage\":\"es\",\"@id\":\"https:\/\/www.fiorentini-iberia.com\/es\/#\/schema\/logo\/image\/\",\"url\":\"https:\/\/www.fiorentini-iberia.com\/wp-content\/uploads\/2020\/11\/logo.svg\",\"contentUrl\":\"https:\/\/www.fiorentini-iberia.com\/wp-content\/uploads\/2020\/11\/logo.svg\",\"width\":227,\"height\":59,\"caption\":\"Pietro Fiorentini Iberia\"},\"image\":{\"@id\":\"https:\/\/www.fiorentini-iberia.com\/es\/#\/schema\/logo\/image\/\"},\"sameAs\":[\"https:\/\/x.com\/FiorentiniSpa\",\"https:\/\/www.linkedin.com\/company\/pietro-fiorentini-iberia\/\"]}]}<\/script>\n<!-- \/ Yoast SEO plugin. -->","yoast_head_json":{"title":"Protecci\u00f3n cat\u00f3dica pasiva y activa - Pietro Fiorentini Iberia","description":"La protecci\u00f3n cat\u00f3dica es una t\u00e9cnica de prevenci\u00f3n de la corrosi\u00f3n electrol\u00edtica que se aplica a los componentes met\u00e1licos que est\u00e1n en contacto con entornos conductores de electricidad.","robots":{"index":"index","follow":"follow","max-snippet":"max-snippet:-1","max-image-preview":"max-image-preview:large","max-video-preview":"max-video-preview:-1"},"canonical":"https:\/\/www.fiorentini-iberia.com\/es\/experiencia\/proteccion-catodica\/proteccion-catodica-pasiva-y-activa\/","og_locale":"es_ES","og_type":"article","og_title":"Protecci\u00f3n cat\u00f3dica pasiva y activa - Pietro Fiorentini Iberia","og_description":"La protecci\u00f3n cat\u00f3dica es una t\u00e9cnica de prevenci\u00f3n de la corrosi\u00f3n electrol\u00edtica que se aplica a los componentes met\u00e1licos que est\u00e1n en contacto con entornos conductores de electricidad.","og_url":"https:\/\/www.fiorentini-iberia.com\/es\/experiencia\/proteccion-catodica\/proteccion-catodica-pasiva-y-activa\/","og_site_name":"Pietro Fiorentini Iberia","article_modified_time":"2024-02-20T14:43:58+00:00","og_image":[{"url":"https:\/\/www.fiorentini-iberia.com\/wp-content\/uploads\/2024\/02\/Expertise_ProtezioneCatodicaENG-EXPPAG-1024x535-ESP.jpg","type":"","width":"","height":""}],"twitter_card":"summary_large_image","twitter_site":"@FiorentiniSpa","twitter_misc":{"Tiempo de lectura":"2 minutos"},"schema":{"@context":"https:\/\/schema.org","@graph":[{"@type":"WebPage","@id":"https:\/\/www.fiorentini-iberia.com\/es\/experiencia\/proteccion-catodica\/proteccion-catodica-pasiva-y-activa\/","url":"https:\/\/www.fiorentini-iberia.com\/es\/experiencia\/proteccion-catodica\/proteccion-catodica-pasiva-y-activa\/","name":"Protecci\u00f3n cat\u00f3dica pasiva y activa - Pietro Fiorentini Iberia","isPartOf":{"@id":"https:\/\/www.fiorentini-iberia.com\/es\/#website"},"primaryImageOfPage":{"@id":"https:\/\/www.fiorentini-iberia.com\/es\/experiencia\/proteccion-catodica\/proteccion-catodica-pasiva-y-activa\/#primaryimage"},"image":{"@id":"https:\/\/www.fiorentini-iberia.com\/es\/experiencia\/proteccion-catodica\/proteccion-catodica-pasiva-y-activa\/#primaryimage"},"thumbnailUrl":"https:\/\/www.fiorentini-iberia.com\/wp-content\/uploads\/2024\/02\/Expertise_ProtezioneCatodicaENG-EXPPAG-1024x535-ESP.jpg","datePublished":"2024-02-20T14:25:04+00:00","dateModified":"2024-02-20T14:43:58+00:00","description":"La protecci\u00f3n cat\u00f3dica es una t\u00e9cnica de prevenci\u00f3n de la corrosi\u00f3n electrol\u00edtica que se aplica a los componentes met\u00e1licos que est\u00e1n en contacto con entornos conductores de electricidad.","breadcrumb":{"@id":"https:\/\/www.fiorentini-iberia.com\/es\/experiencia\/proteccion-catodica\/proteccion-catodica-pasiva-y-activa\/#breadcrumb"},"inLanguage":"es","potentialAction":[{"@type":"ReadAction","target":["https:\/\/www.fiorentini-iberia.com\/es\/experiencia\/proteccion-catodica\/proteccion-catodica-pasiva-y-activa\/"]}]},{"@type":"ImageObject","inLanguage":"es","@id":"https:\/\/www.fiorentini-iberia.com\/es\/experiencia\/proteccion-catodica\/proteccion-catodica-pasiva-y-activa\/#primaryimage","url":"https:\/\/www.fiorentini-iberia.com\/wp-content\/uploads\/2024\/02\/Expertise_ProtezioneCatodicaENG-EXPPAG-1024x535-ESP.jpg","contentUrl":"https:\/\/www.fiorentini-iberia.com\/wp-content\/uploads\/2024\/02\/Expertise_ProtezioneCatodicaENG-EXPPAG-1024x535-ESP.jpg"},{"@type":"BreadcrumbList","@id":"https:\/\/www.fiorentini-iberia.com\/es\/experiencia\/proteccion-catodica\/proteccion-catodica-pasiva-y-activa\/#breadcrumb","itemListElement":[{"@type":"ListItem","position":1,"name":"Home","item":"https:\/\/www.fiorentini-iberia.com\/es\/"},{"@type":"ListItem","position":2,"name":"Experiencia","item":"https:\/\/www.fiorentini-iberia.com\/es\/experiencia\/"},{"@type":"ListItem","position":3,"name":"Protecci\u00f3n cat\u00f3dica","item":"https:\/\/www.fiorentini-iberia.com\/es\/experiencia\/proteccion-catodica\/"},{"@type":"ListItem","position":4,"name":"Protecci\u00f3n cat\u00f3dica pasiva y activa"}]},{"@type":"WebSite","@id":"https:\/\/www.fiorentini-iberia.com\/es\/#website","url":"https:\/\/www.fiorentini-iberia.com\/es\/","name":"Pietro Fiorentini Iberia","description":"Pietro Fiorentini dise\u00f1a y fabrica componentes, sistemas y servicios para la regulaci\u00f3n, medici\u00f3n, gesti\u00f3n de redes de agua, energ\u00edas renovables, petr\u00f3leo y el gas natural, con sistemas adaptados 100% al hidr\u00f3geno.","publisher":{"@id":"https:\/\/www.fiorentini-iberia.com\/es\/#organization"},"potentialAction":[{"@type":"SearchAction","target":{"@type":"EntryPoint","urlTemplate":"https:\/\/www.fiorentini-iberia.com\/es\/?s={search_term_string}"},"query-input":{"@type":"PropertyValueSpecification","valueRequired":true,"valueName":"search_term_string"}}],"inLanguage":"es"},{"@type":"Organization","@id":"https:\/\/www.fiorentini-iberia.com\/es\/#organization","name":"Pietro Fiorentini Iberia","url":"https:\/\/www.fiorentini-iberia.com\/es\/","logo":{"@type":"ImageObject","inLanguage":"es","@id":"https:\/\/www.fiorentini-iberia.com\/es\/#\/schema\/logo\/image\/","url":"https:\/\/www.fiorentini-iberia.com\/wp-content\/uploads\/2020\/11\/logo.svg","contentUrl":"https:\/\/www.fiorentini-iberia.com\/wp-content\/uploads\/2020\/11\/logo.svg","width":227,"height":59,"caption":"Pietro Fiorentini Iberia"},"image":{"@id":"https:\/\/www.fiorentini-iberia.com\/es\/#\/schema\/logo\/image\/"},"sameAs":["https:\/\/x.com\/FiorentiniSpa","https:\/\/www.linkedin.com\/company\/pietro-fiorentini-iberia\/"]}]}},"_links":{"self":[{"href":"https:\/\/www.fiorentini-iberia.com\/es\/wp-json\/wp\/v2\/pages\/48901","targetHints":{"allow":["GET"]}}],"collection":[{"href":"https:\/\/www.fiorentini-iberia.com\/es\/wp-json\/wp\/v2\/pages"}],"about":[{"href":"https:\/\/www.fiorentini-iberia.com\/es\/wp-json\/wp\/v2\/types\/page"}],"author":[{"embeddable":true,"href":"https:\/\/www.fiorentini-iberia.com\/es\/wp-json\/wp\/v2\/users\/15"}],"replies":[{"embeddable":true,"href":"https:\/\/www.fiorentini-iberia.com\/es\/wp-json\/wp\/v2\/comments?post=48901"}],"version-history":[{"count":1,"href":"https:\/\/www.fiorentini-iberia.com\/es\/wp-json\/wp\/v2\/pages\/48901\/revisions"}],"predecessor-version":[{"id":48907,"href":"https:\/\/www.fiorentini-iberia.com\/es\/wp-json\/wp\/v2\/pages\/48901\/revisions\/48907"}],"up":[{"embeddable":true,"href":"https:\/\/www.fiorentini-iberia.com\/es\/wp-json\/wp\/v2\/pages\/48246"}],"wp:attachment":[{"href":"https:\/\/www.fiorentini-iberia.com\/es\/wp-json\/wp\/v2\/media?parent=48901"}],"curies":[{"name":"wp","href":"https:\/\/api.w.org\/{rel}","templated":true}]}}