{"id":48918,"date":"2024-02-20T15:56:42","date_gmt":"2024-02-20T14:56:42","guid":{"rendered":"https:\/\/www.fiorentini-iberia.com\/experiencia\/proteccion-catodica\/regulatory-and-operational-aspects-for-the-cathodic-protection\/"},"modified":"2024-02-20T16:04:09","modified_gmt":"2024-02-20T15:04:09","slug":"aspectos-reglamentarios-y-operativos-de-la-proteccion-catodica","status":"publish","type":"page","link":"https:\/\/www.fiorentini-iberia.com\/es\/experiencia\/proteccion-catodica\/aspectos-reglamentarios-y-operativos-de-la-proteccion-catodica\/","title":{"rendered":"Aspectos reglamentarios y operativos de la protecci\u00f3n cat\u00f3dica"},"content":{"rendered":"\n<p>La calidad del servicio de protecci\u00f3n cat\u00f3dica se determina de forma diferente seg\u00fan el pa\u00eds o seg\u00fan las especificaciones internas de la empresa.<\/p>\n\n\n\n<p>Sin embargo, cualquier estructura met\u00e1lica subterr\u00e1nea debe <strong>cumplir<\/strong> las <strong>normas internacionales<\/strong> que exigen el uso del potencial el\u00e9ctrico entre la estructura met\u00e1lica y el suelo como criterio para definir su protecci\u00f3n, es decir, <strong>la aceptabilidad ingenieril del \u00edndice de corrosi\u00f3n<\/strong>.<\/p>\n\n\n\n<p>Como resultado, la protecci\u00f3n cat\u00f3dica se aplica <strong>en casi todas las estructuras subterr\u00e1neas<\/strong>, especialmente en aquellas en las que se canalizan fluidos potencialmente peligrosos o costosos, como petr\u00f3leo y gas natural.<\/p>\n\n\n\n<p>Para proporcionar a sus clientes una actualizaci\u00f3n continua de la normativa, Pietro Fiorentini asiste tanto a las <strong>mesas de trabajo t\u00e9cnicas nacionales UNI e internacionales EN e ISO como a los comit\u00e9s t\u00e9cnicos y de formaci\u00f3n de la APCE<\/strong>.<\/p>\n\n\n\n<ol class=\"wp-block-list\">\n<li><a href=\"#international\"><strong>Normativa internacional<\/strong><\/a><\/li>\n\n\n\n<li><strong><a href=\"#italian\">Normativa italiana<\/a><\/strong><\/li>\n<\/ol>\n\n\n\n<p>&nbsp;<\/p>\n\n\n\n<h3 class=\"wp-block-heading\" id=\"international\">Normativa internacional<\/h3>\n\n\n\n<p>Seg\u00fan la normativa internacional vigente, los <strong>m\u00e9todos de medici\u00f3n<\/strong> se identifican en funci\u00f3n de la t\u00e9cnica de adquisici\u00f3n: <strong>E<sub>ON<\/sub><\/strong> en el caso de las mediciones para sistemas conectados, utilizadas para evaluar de forma general los par\u00e1metros el\u00e9ctricos de la protecci\u00f3n cat\u00f3dica, <strong>E<sub>OFF<\/sub><\/strong> en el caso de la t\u00e9cnica para sistemas desconectados, que tambi\u00e9n puede obtenerse con las nuevas unidades de adquisici\u00f3n <strong>de \u00faltima generaci\u00f3n que incorporan un interruptor c\u00edclico integrado en combinaci\u00f3n con electrodos con \u00e1nodos<\/strong> que simulan las caracter\u00edsticas electroqu\u00edmicas y el comportamiento de la tuber\u00eda desnuda.<\/p>\n\n\n\n<h3 class=\"wp-block-heading\" id=\"italian\">Normativa italiana<\/h3>\n\n\n\n<p><strong>En Italia<\/strong>, el sector est\u00e1 <strong>regulado por APCE<\/strong>, la Asociaci\u00f3n para la Protecci\u00f3n contra la Corrosi\u00f3n Electrol\u00edtica <strong>reconocida por ARERA<\/strong>, la autoridad administrativa independiente que regula la energ\u00eda, las redes y el medio ambiente, <strong>como organismo t\u00e9cnico competente para la definici\u00f3n de directrices<\/strong> en el campo de la protecci\u00f3n cat\u00f3dica de las tuber\u00edas met\u00e1licas utilizadas para la distribuci\u00f3n, el transporte y las l\u00edneas de flujo que conectan las plantas de almacenamiento de gas natural. La calidad del servicio se eval\u00faa mediante el <strong>algoritmo KT<\/strong>, que asigna una puntuaci\u00f3n a cada sistema el\u00e9ctrico: s\u00f3lo se alcanza la conformidad anual si es mayor o igual a 60 puntos sobre un m\u00e1ximo de 100.<\/p>\n","protected":false},"excerpt":{"rendered":"<p>La calidad del servicio de protecci\u00f3n cat\u00f3dica se determina de diferentes maneras. Existen normas internacionales que exigen el uso del potencial el\u00e9ctrico entre la estructura met\u00e1lica y el suelo como criterio para definir su protecci\u00f3n.<\/p>\n","protected":false},"author":15,"featured_media":0,"parent":48246,"menu_order":0,"comment_status":"closed","ping_status":"closed","template":"template-expertise-post.php","meta":{"_acf_changed":false,"inline_featured_image":false,"footnotes":""},"class_list":["post-48918","page","type-page","status-publish","hentry"],"acf":[],"yoast_head":"<!-- This site is optimized with the Yoast SEO plugin v27.2 - https:\/\/yoast.com\/product\/yoast-seo-wordpress\/ -->\n<title>Aspectos reglamentarios y operativos de la protecci\u00f3n cat\u00f3dica - Pietro Fiorentini Iberia<\/title>\n<meta name=\"description\" content=\"La protecci\u00f3n cat\u00f3dica se aplica en casi todas las estructuras subterr\u00e1neas, especialmente en aquellas en las que se canalizan fluidos potencialmente peligrosos o costosos.\" \/>\n<meta name=\"robots\" content=\"index, follow, max-snippet:-1, max-image-preview:large, max-video-preview:-1\" \/>\n<link rel=\"canonical\" href=\"https:\/\/www.fiorentini-iberia.com\/es\/experiencia\/proteccion-catodica\/aspectos-reglamentarios-y-operativos-de-la-proteccion-catodica\/\" \/>\n<meta property=\"og:locale\" content=\"es_ES\" \/>\n<meta property=\"og:type\" content=\"article\" \/>\n<meta property=\"og:title\" content=\"Aspectos reglamentarios y operativos de la protecci\u00f3n cat\u00f3dica - Pietro Fiorentini Iberia\" \/>\n<meta property=\"og:description\" content=\"La protecci\u00f3n cat\u00f3dica se aplica en casi todas las estructuras subterr\u00e1neas, especialmente en aquellas en las que se canalizan fluidos potencialmente peligrosos o costosos.\" \/>\n<meta property=\"og:url\" content=\"https:\/\/www.fiorentini-iberia.com\/es\/experiencia\/proteccion-catodica\/aspectos-reglamentarios-y-operativos-de-la-proteccion-catodica\/\" \/>\n<meta property=\"og:site_name\" content=\"Pietro Fiorentini Iberia\" \/>\n<meta property=\"article:modified_time\" content=\"2024-02-20T15:04:09+00:00\" \/>\n<meta name=\"twitter:card\" content=\"summary_large_image\" \/>\n<meta name=\"twitter:site\" content=\"@FiorentiniSpa\" \/>\n<meta name=\"twitter:label1\" content=\"Tiempo de lectura\" \/>\n\t<meta name=\"twitter:data1\" content=\"2 minutos\" \/>\n<script type=\"application\/ld+json\" class=\"yoast-schema-graph\">{\"@context\":\"https:\/\/schema.org\",\"@graph\":[{\"@type\":\"WebPage\",\"@id\":\"https:\/\/www.fiorentini-iberia.com\/es\/experiencia\/proteccion-catodica\/aspectos-reglamentarios-y-operativos-de-la-proteccion-catodica\/\",\"url\":\"https:\/\/www.fiorentini-iberia.com\/es\/experiencia\/proteccion-catodica\/aspectos-reglamentarios-y-operativos-de-la-proteccion-catodica\/\",\"name\":\"Aspectos reglamentarios y operativos de la protecci\u00f3n cat\u00f3dica - Pietro Fiorentini Iberia\",\"isPartOf\":{\"@id\":\"https:\/\/www.fiorentini-iberia.com\/es\/#website\"},\"datePublished\":\"2024-02-20T14:56:42+00:00\",\"dateModified\":\"2024-02-20T15:04:09+00:00\",\"description\":\"La protecci\u00f3n cat\u00f3dica se aplica en casi todas las estructuras subterr\u00e1neas, especialmente en aquellas en las que se canalizan fluidos potencialmente peligrosos o costosos.\",\"breadcrumb\":{\"@id\":\"https:\/\/www.fiorentini-iberia.com\/es\/experiencia\/proteccion-catodica\/aspectos-reglamentarios-y-operativos-de-la-proteccion-catodica\/#breadcrumb\"},\"inLanguage\":\"es\",\"potentialAction\":[{\"@type\":\"ReadAction\",\"target\":[\"https:\/\/www.fiorentini-iberia.com\/es\/experiencia\/proteccion-catodica\/aspectos-reglamentarios-y-operativos-de-la-proteccion-catodica\/\"]}]},{\"@type\":\"BreadcrumbList\",\"@id\":\"https:\/\/www.fiorentini-iberia.com\/es\/experiencia\/proteccion-catodica\/aspectos-reglamentarios-y-operativos-de-la-proteccion-catodica\/#breadcrumb\",\"itemListElement\":[{\"@type\":\"ListItem\",\"position\":1,\"name\":\"Home\",\"item\":\"https:\/\/www.fiorentini-iberia.com\/es\/\"},{\"@type\":\"ListItem\",\"position\":2,\"name\":\"Experiencia\",\"item\":\"https:\/\/www.fiorentini-iberia.com\/es\/experiencia\/\"},{\"@type\":\"ListItem\",\"position\":3,\"name\":\"Protecci\u00f3n cat\u00f3dica\",\"item\":\"https:\/\/www.fiorentini-iberia.com\/es\/experiencia\/proteccion-catodica\/\"},{\"@type\":\"ListItem\",\"position\":4,\"name\":\"Aspectos reglamentarios y operativos de la protecci\u00f3n cat\u00f3dica\"}]},{\"@type\":\"WebSite\",\"@id\":\"https:\/\/www.fiorentini-iberia.com\/es\/#website\",\"url\":\"https:\/\/www.fiorentini-iberia.com\/es\/\",\"name\":\"Pietro Fiorentini Iberia\",\"description\":\"Pietro Fiorentini dise\u00f1a y fabrica componentes, sistemas y servicios para la regulaci\u00f3n, medici\u00f3n, gesti\u00f3n de redes de agua, energ\u00edas renovables, petr\u00f3leo y el gas natural, con sistemas adaptados 100% al hidr\u00f3geno.\",\"publisher\":{\"@id\":\"https:\/\/www.fiorentini-iberia.com\/es\/#organization\"},\"potentialAction\":[{\"@type\":\"SearchAction\",\"target\":{\"@type\":\"EntryPoint\",\"urlTemplate\":\"https:\/\/www.fiorentini-iberia.com\/es\/?s={search_term_string}\"},\"query-input\":{\"@type\":\"PropertyValueSpecification\",\"valueRequired\":true,\"valueName\":\"search_term_string\"}}],\"inLanguage\":\"es\"},{\"@type\":\"Organization\",\"@id\":\"https:\/\/www.fiorentini-iberia.com\/es\/#organization\",\"name\":\"Pietro Fiorentini Iberia\",\"url\":\"https:\/\/www.fiorentini-iberia.com\/es\/\",\"logo\":{\"@type\":\"ImageObject\",\"inLanguage\":\"es\",\"@id\":\"https:\/\/www.fiorentini-iberia.com\/es\/#\/schema\/logo\/image\/\",\"url\":\"https:\/\/www.fiorentini-iberia.com\/wp-content\/uploads\/2020\/11\/logo.svg\",\"contentUrl\":\"https:\/\/www.fiorentini-iberia.com\/wp-content\/uploads\/2020\/11\/logo.svg\",\"width\":227,\"height\":59,\"caption\":\"Pietro Fiorentini Iberia\"},\"image\":{\"@id\":\"https:\/\/www.fiorentini-iberia.com\/es\/#\/schema\/logo\/image\/\"},\"sameAs\":[\"https:\/\/x.com\/FiorentiniSpa\",\"https:\/\/www.linkedin.com\/company\/pietro-fiorentini-iberia\/\"]}]}<\/script>\n<!-- \/ Yoast SEO plugin. -->","yoast_head_json":{"title":"Aspectos reglamentarios y operativos de la protecci\u00f3n cat\u00f3dica - Pietro Fiorentini Iberia","description":"La protecci\u00f3n cat\u00f3dica se aplica en casi todas las estructuras subterr\u00e1neas, especialmente en aquellas en las que se canalizan fluidos potencialmente peligrosos o costosos.","robots":{"index":"index","follow":"follow","max-snippet":"max-snippet:-1","max-image-preview":"max-image-preview:large","max-video-preview":"max-video-preview:-1"},"canonical":"https:\/\/www.fiorentini-iberia.com\/es\/experiencia\/proteccion-catodica\/aspectos-reglamentarios-y-operativos-de-la-proteccion-catodica\/","og_locale":"es_ES","og_type":"article","og_title":"Aspectos reglamentarios y operativos de la protecci\u00f3n cat\u00f3dica - Pietro Fiorentini Iberia","og_description":"La protecci\u00f3n cat\u00f3dica se aplica en casi todas las estructuras subterr\u00e1neas, especialmente en aquellas en las que se canalizan fluidos potencialmente peligrosos o costosos.","og_url":"https:\/\/www.fiorentini-iberia.com\/es\/experiencia\/proteccion-catodica\/aspectos-reglamentarios-y-operativos-de-la-proteccion-catodica\/","og_site_name":"Pietro Fiorentini Iberia","article_modified_time":"2024-02-20T15:04:09+00:00","twitter_card":"summary_large_image","twitter_site":"@FiorentiniSpa","twitter_misc":{"Tiempo de lectura":"2 minutos"},"schema":{"@context":"https:\/\/schema.org","@graph":[{"@type":"WebPage","@id":"https:\/\/www.fiorentini-iberia.com\/es\/experiencia\/proteccion-catodica\/aspectos-reglamentarios-y-operativos-de-la-proteccion-catodica\/","url":"https:\/\/www.fiorentini-iberia.com\/es\/experiencia\/proteccion-catodica\/aspectos-reglamentarios-y-operativos-de-la-proteccion-catodica\/","name":"Aspectos reglamentarios y operativos de la protecci\u00f3n cat\u00f3dica - Pietro Fiorentini Iberia","isPartOf":{"@id":"https:\/\/www.fiorentini-iberia.com\/es\/#website"},"datePublished":"2024-02-20T14:56:42+00:00","dateModified":"2024-02-20T15:04:09+00:00","description":"La protecci\u00f3n cat\u00f3dica se aplica en casi todas las estructuras subterr\u00e1neas, especialmente en aquellas en las que se canalizan fluidos potencialmente peligrosos o costosos.","breadcrumb":{"@id":"https:\/\/www.fiorentini-iberia.com\/es\/experiencia\/proteccion-catodica\/aspectos-reglamentarios-y-operativos-de-la-proteccion-catodica\/#breadcrumb"},"inLanguage":"es","potentialAction":[{"@type":"ReadAction","target":["https:\/\/www.fiorentini-iberia.com\/es\/experiencia\/proteccion-catodica\/aspectos-reglamentarios-y-operativos-de-la-proteccion-catodica\/"]}]},{"@type":"BreadcrumbList","@id":"https:\/\/www.fiorentini-iberia.com\/es\/experiencia\/proteccion-catodica\/aspectos-reglamentarios-y-operativos-de-la-proteccion-catodica\/#breadcrumb","itemListElement":[{"@type":"ListItem","position":1,"name":"Home","item":"https:\/\/www.fiorentini-iberia.com\/es\/"},{"@type":"ListItem","position":2,"name":"Experiencia","item":"https:\/\/www.fiorentini-iberia.com\/es\/experiencia\/"},{"@type":"ListItem","position":3,"name":"Protecci\u00f3n cat\u00f3dica","item":"https:\/\/www.fiorentini-iberia.com\/es\/experiencia\/proteccion-catodica\/"},{"@type":"ListItem","position":4,"name":"Aspectos reglamentarios y operativos de la protecci\u00f3n cat\u00f3dica"}]},{"@type":"WebSite","@id":"https:\/\/www.fiorentini-iberia.com\/es\/#website","url":"https:\/\/www.fiorentini-iberia.com\/es\/","name":"Pietro Fiorentini Iberia","description":"Pietro Fiorentini dise\u00f1a y fabrica componentes, sistemas y servicios para la regulaci\u00f3n, medici\u00f3n, gesti\u00f3n de redes de agua, energ\u00edas renovables, petr\u00f3leo y el gas natural, con sistemas adaptados 100% al hidr\u00f3geno.","publisher":{"@id":"https:\/\/www.fiorentini-iberia.com\/es\/#organization"},"potentialAction":[{"@type":"SearchAction","target":{"@type":"EntryPoint","urlTemplate":"https:\/\/www.fiorentini-iberia.com\/es\/?s={search_term_string}"},"query-input":{"@type":"PropertyValueSpecification","valueRequired":true,"valueName":"search_term_string"}}],"inLanguage":"es"},{"@type":"Organization","@id":"https:\/\/www.fiorentini-iberia.com\/es\/#organization","name":"Pietro Fiorentini Iberia","url":"https:\/\/www.fiorentini-iberia.com\/es\/","logo":{"@type":"ImageObject","inLanguage":"es","@id":"https:\/\/www.fiorentini-iberia.com\/es\/#\/schema\/logo\/image\/","url":"https:\/\/www.fiorentini-iberia.com\/wp-content\/uploads\/2020\/11\/logo.svg","contentUrl":"https:\/\/www.fiorentini-iberia.com\/wp-content\/uploads\/2020\/11\/logo.svg","width":227,"height":59,"caption":"Pietro Fiorentini Iberia"},"image":{"@id":"https:\/\/www.fiorentini-iberia.com\/es\/#\/schema\/logo\/image\/"},"sameAs":["https:\/\/x.com\/FiorentiniSpa","https:\/\/www.linkedin.com\/company\/pietro-fiorentini-iberia\/"]}]}},"_links":{"self":[{"href":"https:\/\/www.fiorentini-iberia.com\/es\/wp-json\/wp\/v2\/pages\/48918","targetHints":{"allow":["GET"]}}],"collection":[{"href":"https:\/\/www.fiorentini-iberia.com\/es\/wp-json\/wp\/v2\/pages"}],"about":[{"href":"https:\/\/www.fiorentini-iberia.com\/es\/wp-json\/wp\/v2\/types\/page"}],"author":[{"embeddable":true,"href":"https:\/\/www.fiorentini-iberia.com\/es\/wp-json\/wp\/v2\/users\/15"}],"replies":[{"embeddable":true,"href":"https:\/\/www.fiorentini-iberia.com\/es\/wp-json\/wp\/v2\/comments?post=48918"}],"version-history":[{"count":1,"href":"https:\/\/www.fiorentini-iberia.com\/es\/wp-json\/wp\/v2\/pages\/48918\/revisions"}],"predecessor-version":[{"id":48920,"href":"https:\/\/www.fiorentini-iberia.com\/es\/wp-json\/wp\/v2\/pages\/48918\/revisions\/48920"}],"up":[{"embeddable":true,"href":"https:\/\/www.fiorentini-iberia.com\/es\/wp-json\/wp\/v2\/pages\/48246"}],"wp:attachment":[{"href":"https:\/\/www.fiorentini-iberia.com\/es\/wp-json\/wp\/v2\/media?parent=48918"}],"curies":[{"name":"wp","href":"https:\/\/api.w.org\/{rel}","templated":true}]}}