{"id":49036,"date":"2024-02-21T10:40:12","date_gmt":"2024-02-21T09:40:12","guid":{"rendered":"https:\/\/www.fiorentini-iberia.com\/experiencia\/power-to-gas\/from-electricity-to-green-gas\/"},"modified":"2024-02-21T10:53:25","modified_gmt":"2024-02-21T09:53:25","slug":"de-la-electricidad-al-gas-verde","status":"publish","type":"page","link":"https:\/\/www.fiorentini-iberia.com\/es\/experiencia\/power-to-gas\/de-la-electricidad-al-gas-verde\/","title":{"rendered":"De la electricidad al gas verde"},"content":{"rendered":"\n<p>La tecnolog\u00eda Power-to-gas aprovecha el fen\u00f3meno de la <strong>electr\u00f3lisis<\/strong>: la energ\u00eda sobrante de los parques e\u00f3licos, los campos fotovoltaicos y la congesti\u00f3n de las infraestructuras el\u00e9ctricas se utiliza para romper los enlaces de las mol\u00e9culas de agua y <strong>producir hidr\u00f3geno<\/strong>.<\/p>\n\n\n\n<p>El hidr\u00f3geno verde puede <strong>valorizarse in situ all\u00ed donde hay consumo<\/strong>, por ejemplo en el sector del autom\u00f3vil, o <strong>transportarse hasta el punto de uso<\/strong> a trav\u00e9s de nuevas infraestructuras espec\u00edficas o, alternativamente, utilizando la red de gas existente (hasta los porcentajes de compatibilidad permitidos).<\/p>\n\n\n\n<p>Esta infraestructura est\u00e1 evolucionando para poder aceptar cantidades cada vez mayores de hidr\u00f3geno que pueden inyectarse en la red gracias al uso de <strong>sistemas de mezcla<\/strong>. Se trata de una limitaci\u00f3n tecnol\u00f3gica que ahora puede superarse por completo gracias a las soluciones de <strong>conversi\u00f3n de energ\u00eda en metano<\/strong> (P2M).<\/p>\n\n\n\n<p>En efecto, podemos <strong>convertir el hidr\u00f3geno producido a partir de la energ\u00eda el\u00e9ctrica en metano y agua<\/strong> haciendo uso de la reacci\u00f3n de Sabatier mediante una fuente externa de d<strong>i\u00f3xido de carbono<\/strong>. Este proceso de <strong>metanaci\u00f3n<\/strong>, que puede tener lugar por v\u00eda biol\u00f3gica o catal\u00edtica, produce <strong>un valioso vector energ\u00e9tico<\/strong> que tiene las mismas caracter\u00edsticas que el gas natural tradicional y, por tanto, puede transportarse y almacenarse de forma similar.<\/p>\n\n\n\n<p>Si el <strong>di\u00f3xido de carbono <\/strong>utilizado es de <strong>origen renovable<\/strong> (biog\u00e1s, procesos de fermentaci\u00f3n biol\u00f3gica, etc.), las mol\u00e9culas verdes obtenidas por metanaci\u00f3n se consideran <strong>biometano<\/strong>.<br>\u00a0<\/p>\n\n\n\n<figure class=\"wp-block-image size-full\"><img loading=\"lazy\" decoding=\"async\" width=\"1024\" height=\"411\" src=\"https:\/\/www.fiorentini-iberia.com\/wp-content\/uploads\/2024\/02\/Expertise_Powertogas_1ENG-EXPPAG-1024x411-ESP.jpg\" alt=\"Almacenamiento de energ\u00eda renovable mediante tecnolog\u00eda Power-to-gas\" class=\"wp-image-49039\" srcset=\"https:\/\/www.fiorentini-iberia.com\/wp-content\/uploads\/2024\/02\/Expertise_Powertogas_1ENG-EXPPAG-1024x411-ESP.jpg 1024w, https:\/\/www.fiorentini-iberia.com\/wp-content\/uploads\/2024\/02\/Expertise_Powertogas_1ENG-EXPPAG-1024x411-ESP-300x120.jpg 300w, https:\/\/www.fiorentini-iberia.com\/wp-content\/uploads\/2024\/02\/Expertise_Powertogas_1ENG-EXPPAG-1024x411-ESP-768x308.jpg 768w\" sizes=\"auto, (max-width: 1024px) 100vw, 1024px\" \/><\/figure>\n\n\n\n<p class=\"has-text-align-center has-cyan-bluish-gray-color has-text-color has-link-color wp-elements-da05b71b776cb6d21f9af9ffbed57aaa\"><em>Almacenamiento de energ\u00eda renovable mediante tecnolog\u00eda Power-to-gas<\/em><\/p>\n","protected":false},"excerpt":{"rendered":"<p>La tecnolog\u00eda Power-to-gas aprovecha el fen\u00f3meno de la electr\u00f3lisis: el exceso de energ\u00eda el\u00e9ctrica renovable procedente de parques e\u00f3licos, campos fotovoltaicos y congestiones de infraestructuras el\u00e9ctricas se utiliza para romper los enlaces de las mol\u00e9culas de agua y producir hidr\u00f3geno, que puede revalorizarse in situ o transportarse a otros lugares.<\/p>\n","protected":false},"author":15,"featured_media":0,"parent":48299,"menu_order":0,"comment_status":"closed","ping_status":"closed","template":"template-expertise-post.php","meta":{"_acf_changed":false,"inline_featured_image":false,"footnotes":""},"class_list":["post-49036","page","type-page","status-publish","hentry"],"acf":[],"yoast_head":"<!-- This site is optimized with the Yoast SEO plugin v27.2 - https:\/\/yoast.com\/product\/yoast-seo-wordpress\/ -->\n<title>De la electricidad al gas verde - Pietro Fiorentini Iberia<\/title>\n<meta name=\"description\" content=\"Podemos convertir el hidr\u00f3geno producido a partir de la energ\u00eda el\u00e9ctrica en metano y agua utilizando una fuente externa de di\u00f3xido de carbono.\" \/>\n<meta name=\"robots\" content=\"index, follow, max-snippet:-1, max-image-preview:large, max-video-preview:-1\" \/>\n<link rel=\"canonical\" href=\"https:\/\/www.fiorentini-iberia.com\/es\/experiencia\/power-to-gas\/de-la-electricidad-al-gas-verde\/\" \/>\n<meta property=\"og:locale\" content=\"es_ES\" \/>\n<meta property=\"og:type\" content=\"article\" \/>\n<meta property=\"og:title\" content=\"De la electricidad al gas verde - Pietro Fiorentini Iberia\" \/>\n<meta property=\"og:description\" content=\"Podemos convertir el hidr\u00f3geno producido a partir de la energ\u00eda el\u00e9ctrica en metano y agua utilizando una fuente externa de di\u00f3xido de carbono.\" \/>\n<meta property=\"og:url\" content=\"https:\/\/www.fiorentini-iberia.com\/es\/experiencia\/power-to-gas\/de-la-electricidad-al-gas-verde\/\" \/>\n<meta property=\"og:site_name\" content=\"Pietro Fiorentini Iberia\" \/>\n<meta property=\"article:modified_time\" content=\"2024-02-21T09:53:25+00:00\" \/>\n<meta property=\"og:image\" content=\"https:\/\/www.fiorentini-iberia.com\/wp-content\/uploads\/2024\/02\/Expertise_Powertogas_1ENG-EXPPAG-1024x411-ESP.jpg\" \/>\n<meta name=\"twitter:card\" content=\"summary_large_image\" \/>\n<meta name=\"twitter:site\" content=\"@FiorentiniSpa\" \/>\n<meta name=\"twitter:label1\" content=\"Tiempo de lectura\" \/>\n\t<meta name=\"twitter:data1\" content=\"2 minutos\" \/>\n<script type=\"application\/ld+json\" class=\"yoast-schema-graph\">{\"@context\":\"https:\/\/schema.org\",\"@graph\":[{\"@type\":\"WebPage\",\"@id\":\"https:\/\/www.fiorentini-iberia.com\/es\/experiencia\/power-to-gas\/de-la-electricidad-al-gas-verde\/\",\"url\":\"https:\/\/www.fiorentini-iberia.com\/es\/experiencia\/power-to-gas\/de-la-electricidad-al-gas-verde\/\",\"name\":\"De la electricidad al gas verde - Pietro Fiorentini Iberia\",\"isPartOf\":{\"@id\":\"https:\/\/www.fiorentini-iberia.com\/es\/#website\"},\"primaryImageOfPage\":{\"@id\":\"https:\/\/www.fiorentini-iberia.com\/es\/experiencia\/power-to-gas\/de-la-electricidad-al-gas-verde\/#primaryimage\"},\"image\":{\"@id\":\"https:\/\/www.fiorentini-iberia.com\/es\/experiencia\/power-to-gas\/de-la-electricidad-al-gas-verde\/#primaryimage\"},\"thumbnailUrl\":\"https:\/\/www.fiorentini-iberia.com\/wp-content\/uploads\/2024\/02\/Expertise_Powertogas_1ENG-EXPPAG-1024x411-ESP.jpg\",\"datePublished\":\"2024-02-21T09:40:12+00:00\",\"dateModified\":\"2024-02-21T09:53:25+00:00\",\"description\":\"Podemos convertir el hidr\u00f3geno producido a partir de la energ\u00eda el\u00e9ctrica en metano y agua utilizando una fuente externa de di\u00f3xido de carbono.\",\"breadcrumb\":{\"@id\":\"https:\/\/www.fiorentini-iberia.com\/es\/experiencia\/power-to-gas\/de-la-electricidad-al-gas-verde\/#breadcrumb\"},\"inLanguage\":\"es\",\"potentialAction\":[{\"@type\":\"ReadAction\",\"target\":[\"https:\/\/www.fiorentini-iberia.com\/es\/experiencia\/power-to-gas\/de-la-electricidad-al-gas-verde\/\"]}]},{\"@type\":\"ImageObject\",\"inLanguage\":\"es\",\"@id\":\"https:\/\/www.fiorentini-iberia.com\/es\/experiencia\/power-to-gas\/de-la-electricidad-al-gas-verde\/#primaryimage\",\"url\":\"https:\/\/www.fiorentini-iberia.com\/wp-content\/uploads\/2024\/02\/Expertise_Powertogas_1ENG-EXPPAG-1024x411-ESP.jpg\",\"contentUrl\":\"https:\/\/www.fiorentini-iberia.com\/wp-content\/uploads\/2024\/02\/Expertise_Powertogas_1ENG-EXPPAG-1024x411-ESP.jpg\"},{\"@type\":\"BreadcrumbList\",\"@id\":\"https:\/\/www.fiorentini-iberia.com\/es\/experiencia\/power-to-gas\/de-la-electricidad-al-gas-verde\/#breadcrumb\",\"itemListElement\":[{\"@type\":\"ListItem\",\"position\":1,\"name\":\"Home\",\"item\":\"https:\/\/www.fiorentini-iberia.com\/es\/\"},{\"@type\":\"ListItem\",\"position\":2,\"name\":\"Experiencia\",\"item\":\"https:\/\/www.fiorentini-iberia.com\/es\/experiencia\/\"},{\"@type\":\"ListItem\",\"position\":3,\"name\":\"Power-to-gas\",\"item\":\"https:\/\/www.fiorentini-iberia.com\/es\/experiencia\/power-to-gas\/\"},{\"@type\":\"ListItem\",\"position\":4,\"name\":\"De la electricidad al gas verde\"}]},{\"@type\":\"WebSite\",\"@id\":\"https:\/\/www.fiorentini-iberia.com\/es\/#website\",\"url\":\"https:\/\/www.fiorentini-iberia.com\/es\/\",\"name\":\"Pietro Fiorentini Iberia\",\"description\":\"Pietro Fiorentini dise\u00f1a y fabrica componentes, sistemas y servicios para la regulaci\u00f3n, medici\u00f3n, gesti\u00f3n de redes de agua, energ\u00edas renovables, petr\u00f3leo y el gas natural, con sistemas adaptados 100% al hidr\u00f3geno.\",\"publisher\":{\"@id\":\"https:\/\/www.fiorentini-iberia.com\/es\/#organization\"},\"potentialAction\":[{\"@type\":\"SearchAction\",\"target\":{\"@type\":\"EntryPoint\",\"urlTemplate\":\"https:\/\/www.fiorentini-iberia.com\/es\/?s={search_term_string}\"},\"query-input\":{\"@type\":\"PropertyValueSpecification\",\"valueRequired\":true,\"valueName\":\"search_term_string\"}}],\"inLanguage\":\"es\"},{\"@type\":\"Organization\",\"@id\":\"https:\/\/www.fiorentini-iberia.com\/es\/#organization\",\"name\":\"Pietro Fiorentini Iberia\",\"url\":\"https:\/\/www.fiorentini-iberia.com\/es\/\",\"logo\":{\"@type\":\"ImageObject\",\"inLanguage\":\"es\",\"@id\":\"https:\/\/www.fiorentini-iberia.com\/es\/#\/schema\/logo\/image\/\",\"url\":\"https:\/\/www.fiorentini-iberia.com\/wp-content\/uploads\/2020\/11\/logo.svg\",\"contentUrl\":\"https:\/\/www.fiorentini-iberia.com\/wp-content\/uploads\/2020\/11\/logo.svg\",\"width\":227,\"height\":59,\"caption\":\"Pietro Fiorentini Iberia\"},\"image\":{\"@id\":\"https:\/\/www.fiorentini-iberia.com\/es\/#\/schema\/logo\/image\/\"},\"sameAs\":[\"https:\/\/x.com\/FiorentiniSpa\",\"https:\/\/www.linkedin.com\/company\/pietro-fiorentini-iberia\/\"]}]}<\/script>\n<!-- \/ Yoast SEO plugin. -->","yoast_head_json":{"title":"De la electricidad al gas verde - Pietro Fiorentini Iberia","description":"Podemos convertir el hidr\u00f3geno producido a partir de la energ\u00eda el\u00e9ctrica en metano y agua utilizando una fuente externa de di\u00f3xido de carbono.","robots":{"index":"index","follow":"follow","max-snippet":"max-snippet:-1","max-image-preview":"max-image-preview:large","max-video-preview":"max-video-preview:-1"},"canonical":"https:\/\/www.fiorentini-iberia.com\/es\/experiencia\/power-to-gas\/de-la-electricidad-al-gas-verde\/","og_locale":"es_ES","og_type":"article","og_title":"De la electricidad al gas verde - Pietro Fiorentini Iberia","og_description":"Podemos convertir el hidr\u00f3geno producido a partir de la energ\u00eda el\u00e9ctrica en metano y agua utilizando una fuente externa de di\u00f3xido de carbono.","og_url":"https:\/\/www.fiorentini-iberia.com\/es\/experiencia\/power-to-gas\/de-la-electricidad-al-gas-verde\/","og_site_name":"Pietro Fiorentini Iberia","article_modified_time":"2024-02-21T09:53:25+00:00","og_image":[{"url":"https:\/\/www.fiorentini-iberia.com\/wp-content\/uploads\/2024\/02\/Expertise_Powertogas_1ENG-EXPPAG-1024x411-ESP.jpg","type":"","width":"","height":""}],"twitter_card":"summary_large_image","twitter_site":"@FiorentiniSpa","twitter_misc":{"Tiempo de lectura":"2 minutos"},"schema":{"@context":"https:\/\/schema.org","@graph":[{"@type":"WebPage","@id":"https:\/\/www.fiorentini-iberia.com\/es\/experiencia\/power-to-gas\/de-la-electricidad-al-gas-verde\/","url":"https:\/\/www.fiorentini-iberia.com\/es\/experiencia\/power-to-gas\/de-la-electricidad-al-gas-verde\/","name":"De la electricidad al gas verde - Pietro Fiorentini Iberia","isPartOf":{"@id":"https:\/\/www.fiorentini-iberia.com\/es\/#website"},"primaryImageOfPage":{"@id":"https:\/\/www.fiorentini-iberia.com\/es\/experiencia\/power-to-gas\/de-la-electricidad-al-gas-verde\/#primaryimage"},"image":{"@id":"https:\/\/www.fiorentini-iberia.com\/es\/experiencia\/power-to-gas\/de-la-electricidad-al-gas-verde\/#primaryimage"},"thumbnailUrl":"https:\/\/www.fiorentini-iberia.com\/wp-content\/uploads\/2024\/02\/Expertise_Powertogas_1ENG-EXPPAG-1024x411-ESP.jpg","datePublished":"2024-02-21T09:40:12+00:00","dateModified":"2024-02-21T09:53:25+00:00","description":"Podemos convertir el hidr\u00f3geno producido a partir de la energ\u00eda el\u00e9ctrica en metano y agua utilizando una fuente externa de di\u00f3xido de carbono.","breadcrumb":{"@id":"https:\/\/www.fiorentini-iberia.com\/es\/experiencia\/power-to-gas\/de-la-electricidad-al-gas-verde\/#breadcrumb"},"inLanguage":"es","potentialAction":[{"@type":"ReadAction","target":["https:\/\/www.fiorentini-iberia.com\/es\/experiencia\/power-to-gas\/de-la-electricidad-al-gas-verde\/"]}]},{"@type":"ImageObject","inLanguage":"es","@id":"https:\/\/www.fiorentini-iberia.com\/es\/experiencia\/power-to-gas\/de-la-electricidad-al-gas-verde\/#primaryimage","url":"https:\/\/www.fiorentini-iberia.com\/wp-content\/uploads\/2024\/02\/Expertise_Powertogas_1ENG-EXPPAG-1024x411-ESP.jpg","contentUrl":"https:\/\/www.fiorentini-iberia.com\/wp-content\/uploads\/2024\/02\/Expertise_Powertogas_1ENG-EXPPAG-1024x411-ESP.jpg"},{"@type":"BreadcrumbList","@id":"https:\/\/www.fiorentini-iberia.com\/es\/experiencia\/power-to-gas\/de-la-electricidad-al-gas-verde\/#breadcrumb","itemListElement":[{"@type":"ListItem","position":1,"name":"Home","item":"https:\/\/www.fiorentini-iberia.com\/es\/"},{"@type":"ListItem","position":2,"name":"Experiencia","item":"https:\/\/www.fiorentini-iberia.com\/es\/experiencia\/"},{"@type":"ListItem","position":3,"name":"Power-to-gas","item":"https:\/\/www.fiorentini-iberia.com\/es\/experiencia\/power-to-gas\/"},{"@type":"ListItem","position":4,"name":"De la electricidad al gas verde"}]},{"@type":"WebSite","@id":"https:\/\/www.fiorentini-iberia.com\/es\/#website","url":"https:\/\/www.fiorentini-iberia.com\/es\/","name":"Pietro Fiorentini Iberia","description":"Pietro Fiorentini dise\u00f1a y fabrica componentes, sistemas y servicios para la regulaci\u00f3n, medici\u00f3n, gesti\u00f3n de redes de agua, energ\u00edas renovables, petr\u00f3leo y el gas natural, con sistemas adaptados 100% al hidr\u00f3geno.","publisher":{"@id":"https:\/\/www.fiorentini-iberia.com\/es\/#organization"},"potentialAction":[{"@type":"SearchAction","target":{"@type":"EntryPoint","urlTemplate":"https:\/\/www.fiorentini-iberia.com\/es\/?s={search_term_string}"},"query-input":{"@type":"PropertyValueSpecification","valueRequired":true,"valueName":"search_term_string"}}],"inLanguage":"es"},{"@type":"Organization","@id":"https:\/\/www.fiorentini-iberia.com\/es\/#organization","name":"Pietro Fiorentini Iberia","url":"https:\/\/www.fiorentini-iberia.com\/es\/","logo":{"@type":"ImageObject","inLanguage":"es","@id":"https:\/\/www.fiorentini-iberia.com\/es\/#\/schema\/logo\/image\/","url":"https:\/\/www.fiorentini-iberia.com\/wp-content\/uploads\/2020\/11\/logo.svg","contentUrl":"https:\/\/www.fiorentini-iberia.com\/wp-content\/uploads\/2020\/11\/logo.svg","width":227,"height":59,"caption":"Pietro Fiorentini Iberia"},"image":{"@id":"https:\/\/www.fiorentini-iberia.com\/es\/#\/schema\/logo\/image\/"},"sameAs":["https:\/\/x.com\/FiorentiniSpa","https:\/\/www.linkedin.com\/company\/pietro-fiorentini-iberia\/"]}]}},"_links":{"self":[{"href":"https:\/\/www.fiorentini-iberia.com\/es\/wp-json\/wp\/v2\/pages\/49036","targetHints":{"allow":["GET"]}}],"collection":[{"href":"https:\/\/www.fiorentini-iberia.com\/es\/wp-json\/wp\/v2\/pages"}],"about":[{"href":"https:\/\/www.fiorentini-iberia.com\/es\/wp-json\/wp\/v2\/types\/page"}],"author":[{"embeddable":true,"href":"https:\/\/www.fiorentini-iberia.com\/es\/wp-json\/wp\/v2\/users\/15"}],"replies":[{"embeddable":true,"href":"https:\/\/www.fiorentini-iberia.com\/es\/wp-json\/wp\/v2\/comments?post=49036"}],"version-history":[{"count":2,"href":"https:\/\/www.fiorentini-iberia.com\/es\/wp-json\/wp\/v2\/pages\/49036\/revisions"}],"predecessor-version":[{"id":49043,"href":"https:\/\/www.fiorentini-iberia.com\/es\/wp-json\/wp\/v2\/pages\/49036\/revisions\/49043"}],"up":[{"embeddable":true,"href":"https:\/\/www.fiorentini-iberia.com\/es\/wp-json\/wp\/v2\/pages\/48299"}],"wp:attachment":[{"href":"https:\/\/www.fiorentini-iberia.com\/es\/wp-json\/wp\/v2\/media?parent=49036"}],"curies":[{"name":"wp","href":"https:\/\/api.w.org\/{rel}","templated":true}]}}