{"id":49054,"date":"2024-02-21T11:43:43","date_gmt":"2024-02-21T10:43:43","guid":{"rendered":"https:\/\/www.fiorentini-iberia.com\/experiencia\/power-to-gas\/pietro-fiorentinis-complete-power-to-gas-solutions\/"},"modified":"2024-03-14T11:59:30","modified_gmt":"2024-03-14T10:59:30","slug":"soluciones-completas-de-power-to-gas","status":"publish","type":"page","link":"https:\/\/www.fiorentini-iberia.com\/es\/experiencia\/power-to-gas\/soluciones-completas-de-power-to-gas\/","title":{"rendered":"Soluciones completas de power-to-gas de Pietro Fiorentini"},"content":{"rendered":"\n<p>80 a\u00f1os de experiencia en el procesamiento de gas natural combinados con nuestro compromiso con el proceso de descarbonizaci\u00f3n nos han impulsado a desarrollar soluciones completas de conversi\u00f3n de energ\u00eda en gas. <strong>Desde los sistemas de inyecci\u00f3n de hidr\u00f3geno puro tras la mezcla hasta el desarrollo de soluciones de red preparadas para el hidr\u00f3geno<\/strong>, contribuimos al desarrollo de la infraestructura necesaria para superar las restricciones tecnol\u00f3gicas que limitan la introducci\u00f3n de gases verdes.<\/p>\n\n\n\n<p>Adem\u00e1s de las soluciones <strong>power-to-methane<\/strong>, que equilibran este esfuerzo, haciendo que el gas verde producido sea totalmente compatible con la infraestructura pertinente desde el principio, Pietro Fiorentini ha ampliado recientemente su oferta de servicios a <strong>sistemas alternativos de metanaci\u00f3n biol\u00f3gica<\/strong> dise\u00f1ados para satisfacer las necesidades de <strong>producci\u00f3n de energ\u00eda renovable en plantas peque\u00f1as y medianas<\/strong>.<\/p>\n\n\n\n<ol class=\"wp-block-list\">\n<li><strong><a href=\"#biomethanation-systems\">Sistemas de biometanaci\u00f3n<\/a><\/strong><\/li>\n\n\n\n<li><strong><a href=\"#pietro-fiorentinis-commitment-to-energy-transition\">El compromiso de Pietro Fiorentini con la transici\u00f3n energ\u00e9tica<\/a><\/strong><\/li>\n<\/ol>\n\n\n\n<h3 class=\"wp-block-heading\" id=\"biomethanation-systems\">&nbsp;<br>Sistemas de biometanaci\u00f3n<\/h3>\n\n\n\n<p>En el proceso de <strong>biometanaci\u00f3n<\/strong>, miles de <strong>millones de microorganismos metanog\u00e9nicos llamados Archaea<\/strong> metabolizan el hidr\u00f3geno y el di\u00f3xido de carbono en metano y agua dentro de un entorno anaer\u00f3bico.<\/p>\n\n\n\n<p>Este proceso es especialmente apropiado cuando se requiere una fuerte reactividad, como en el caso de la <strong>conversi\u00f3n de energ\u00eda en gas<\/strong>, y en los casos en que los gases contaminados se procesan con tecnolog\u00edas tradicionales que requerir\u00edan un tratamiento previo para evitar el envenenamiento de los catalizadores.<\/p>\n\n\n\n<p>La biometanaci\u00f3n tambi\u00e9n permite aprovechar las sinergias entre las plantas de conversi\u00f3n de energ\u00eda en gas y las de <strong>digesti\u00f3n anaerobia de biog\u00e1s<\/strong>, ya que los lodos presentes pueden servir de alimento a las arqueas.<\/p>\n\n\n\n<p>Se trata de <strong>soluciones innovadoras<\/strong> que refuerzan el compromiso de Pietro Fiorentini con la <strong>producci\u00f3n de mol\u00e9culas verdes<\/strong>: nuestros sistemas de conversi\u00f3n de biog\u00e1s en biometano, las soluciones de inyecci\u00f3n descentralizada de gas en red y BiRemi\u2122 ya han puesto en marcha y siguen apoyando la <strong>modernizaci\u00f3n de las infraestructuras<\/strong> dise\u00f1adas en torno a las necesidades de transporte y distribuci\u00f3n del gas verde.<br>&nbsp;<\/p>\n\n\n\n<h3 class=\"wp-block-heading\" id=\"pietro-fiorentinis-commitment-to-energy-transition\">El compromiso de Pietro Fiorentini con la transici\u00f3n energ\u00e9tica<\/h3>\n\n\n\n<p>La conversi\u00f3n de la electricidad en gas es hoy una de las tecnolog\u00edas m\u00e1s prometedoras para <strong>facilitar la transici\u00f3n energ\u00e9tica<\/strong> y cumplir el <strong><a href=\"https:\/\/ec.europa.eu\/info\/strategy\/priorities-2019-2024\/european-green-deal_en\" target=\"_blank\" rel=\"noreferrer noopener\">Pacto Verde<\/a><\/strong> firmado por la Uni\u00f3n Europea, que prev\u00e9 cero emisiones netas de gases de efecto invernadero de aqu\u00ed a 2050, con objetivos intermedios muy exigentes para 2030.<\/p>\n\n\n\n<p>De hecho, la utilizaci\u00f3n de las infraestructuras de gas existentes permitir\u00e1 generalizar la disponibilidad de grandes cantidades de energ\u00eda. Un viaje hacia <strong>sistemas de gas descarbonizados y defosilizados<\/strong> integrados en infraestructuras energ\u00e9ticas que ser\u00e1n hol\u00edsticas, seg\u00fan la visi\u00f3n de Pietro Fiorentini. As\u00ed, no s\u00f3lo incluir\u00e1 plantas y tecnolog\u00edas de tratamiento de gas, sino proyectos capaces de englobar todas las soluciones necesarias para lograr la <strong>resiliencia del sistema<\/strong> dentro de un entorno \u00fanico y satisfacer los nuevos requisitos de equilibrio entre la oferta y la demanda de energ\u00eda.<\/p>\n","protected":false},"excerpt":{"rendered":"<p>80 a\u00f1os de experiencia en el procesamiento de gas natural combinados con nuestro compromiso con el proceso de descarbonizaci\u00f3n nos han llevado a desarrollar soluciones completas que van desde la conversi\u00f3n de electricidad en metano, para convertir la electricidad en gas verde compatible con la infraestructura correspondiente, hasta las plantas de metanizaci\u00f3n biol\u00f3gica.<\/p>\n","protected":false},"author":15,"featured_media":0,"parent":48299,"menu_order":0,"comment_status":"closed","ping_status":"closed","template":"template-expertise-post.php","meta":{"_acf_changed":false,"inline_featured_image":false,"footnotes":""},"class_list":["post-49054","page","type-page","status-publish","hentry"],"acf":[],"yoast_head":"<!-- This site is optimized with the Yoast SEO plugin v27.2 - https:\/\/yoast.com\/product\/yoast-seo-wordpress\/ -->\n<title>Soluciones completas de power-to-gas de Pietro Fiorentini - Pietro Fiorentini Iberia<\/title>\n<meta name=\"description\" content=\"Pietro Fiorentini ha ampliado recientemente su oferta de servicios a sistemas biol\u00f3gicos alternativos de metanaci\u00f3n.\" \/>\n<meta name=\"robots\" content=\"index, follow, max-snippet:-1, max-image-preview:large, max-video-preview:-1\" \/>\n<link rel=\"canonical\" href=\"https:\/\/www.fiorentini-iberia.com\/es\/experiencia\/power-to-gas\/soluciones-completas-de-power-to-gas\/\" \/>\n<meta property=\"og:locale\" content=\"es_ES\" \/>\n<meta property=\"og:type\" content=\"article\" \/>\n<meta property=\"og:title\" content=\"Soluciones completas de power-to-gas de Pietro Fiorentini - Pietro Fiorentini Iberia\" \/>\n<meta property=\"og:description\" content=\"Pietro Fiorentini ha ampliado recientemente su oferta de servicios a sistemas biol\u00f3gicos alternativos de metanaci\u00f3n.\" \/>\n<meta property=\"og:url\" content=\"https:\/\/www.fiorentini-iberia.com\/es\/experiencia\/power-to-gas\/soluciones-completas-de-power-to-gas\/\" \/>\n<meta property=\"og:site_name\" content=\"Pietro Fiorentini Iberia\" \/>\n<meta property=\"article:modified_time\" content=\"2024-03-14T10:59:30+00:00\" \/>\n<meta name=\"twitter:card\" content=\"summary_large_image\" \/>\n<meta name=\"twitter:site\" content=\"@FiorentiniSpa\" \/>\n<meta name=\"twitter:label1\" content=\"Tiempo de lectura\" \/>\n\t<meta name=\"twitter:data1\" content=\"3 minutos\" \/>\n<script type=\"application\/ld+json\" class=\"yoast-schema-graph\">{\"@context\":\"https:\/\/schema.org\",\"@graph\":[{\"@type\":\"WebPage\",\"@id\":\"https:\/\/www.fiorentini-iberia.com\/es\/experiencia\/power-to-gas\/soluciones-completas-de-power-to-gas\/\",\"url\":\"https:\/\/www.fiorentini-iberia.com\/es\/experiencia\/power-to-gas\/soluciones-completas-de-power-to-gas\/\",\"name\":\"Soluciones completas de power-to-gas de Pietro Fiorentini - Pietro Fiorentini Iberia\",\"isPartOf\":{\"@id\":\"https:\/\/www.fiorentini-iberia.com\/es\/#website\"},\"datePublished\":\"2024-02-21T10:43:43+00:00\",\"dateModified\":\"2024-03-14T10:59:30+00:00\",\"description\":\"Pietro Fiorentini ha ampliado recientemente su oferta de servicios a sistemas biol\u00f3gicos alternativos de metanaci\u00f3n.\",\"breadcrumb\":{\"@id\":\"https:\/\/www.fiorentini-iberia.com\/es\/experiencia\/power-to-gas\/soluciones-completas-de-power-to-gas\/#breadcrumb\"},\"inLanguage\":\"es\",\"potentialAction\":[{\"@type\":\"ReadAction\",\"target\":[\"https:\/\/www.fiorentini-iberia.com\/es\/experiencia\/power-to-gas\/soluciones-completas-de-power-to-gas\/\"]}]},{\"@type\":\"BreadcrumbList\",\"@id\":\"https:\/\/www.fiorentini-iberia.com\/es\/experiencia\/power-to-gas\/soluciones-completas-de-power-to-gas\/#breadcrumb\",\"itemListElement\":[{\"@type\":\"ListItem\",\"position\":1,\"name\":\"Home\",\"item\":\"https:\/\/www.fiorentini-iberia.com\/es\/\"},{\"@type\":\"ListItem\",\"position\":2,\"name\":\"Experiencia\",\"item\":\"https:\/\/www.fiorentini-iberia.com\/es\/experiencia\/\"},{\"@type\":\"ListItem\",\"position\":3,\"name\":\"Power-to-gas\",\"item\":\"https:\/\/www.fiorentini-iberia.com\/es\/experiencia\/power-to-gas\/\"},{\"@type\":\"ListItem\",\"position\":4,\"name\":\"Soluciones completas de power-to-gas de Pietro Fiorentini\"}]},{\"@type\":\"WebSite\",\"@id\":\"https:\/\/www.fiorentini-iberia.com\/es\/#website\",\"url\":\"https:\/\/www.fiorentini-iberia.com\/es\/\",\"name\":\"Pietro Fiorentini Iberia\",\"description\":\"Pietro Fiorentini dise\u00f1a y fabrica componentes, sistemas y servicios para la regulaci\u00f3n, medici\u00f3n, gesti\u00f3n de redes de agua, energ\u00edas renovables, petr\u00f3leo y el gas natural, con sistemas adaptados 100% al hidr\u00f3geno.\",\"publisher\":{\"@id\":\"https:\/\/www.fiorentini-iberia.com\/es\/#organization\"},\"potentialAction\":[{\"@type\":\"SearchAction\",\"target\":{\"@type\":\"EntryPoint\",\"urlTemplate\":\"https:\/\/www.fiorentini-iberia.com\/es\/?s={search_term_string}\"},\"query-input\":{\"@type\":\"PropertyValueSpecification\",\"valueRequired\":true,\"valueName\":\"search_term_string\"}}],\"inLanguage\":\"es\"},{\"@type\":\"Organization\",\"@id\":\"https:\/\/www.fiorentini-iberia.com\/es\/#organization\",\"name\":\"Pietro Fiorentini Iberia\",\"url\":\"https:\/\/www.fiorentini-iberia.com\/es\/\",\"logo\":{\"@type\":\"ImageObject\",\"inLanguage\":\"es\",\"@id\":\"https:\/\/www.fiorentini-iberia.com\/es\/#\/schema\/logo\/image\/\",\"url\":\"https:\/\/www.fiorentini-iberia.com\/wp-content\/uploads\/2020\/11\/logo.svg\",\"contentUrl\":\"https:\/\/www.fiorentini-iberia.com\/wp-content\/uploads\/2020\/11\/logo.svg\",\"width\":227,\"height\":59,\"caption\":\"Pietro Fiorentini Iberia\"},\"image\":{\"@id\":\"https:\/\/www.fiorentini-iberia.com\/es\/#\/schema\/logo\/image\/\"},\"sameAs\":[\"https:\/\/x.com\/FiorentiniSpa\",\"https:\/\/www.linkedin.com\/company\/pietro-fiorentini-iberia\/\"]}]}<\/script>\n<!-- \/ Yoast SEO plugin. -->","yoast_head_json":{"title":"Soluciones completas de power-to-gas de Pietro Fiorentini - Pietro Fiorentini Iberia","description":"Pietro Fiorentini ha ampliado recientemente su oferta de servicios a sistemas biol\u00f3gicos alternativos de metanaci\u00f3n.","robots":{"index":"index","follow":"follow","max-snippet":"max-snippet:-1","max-image-preview":"max-image-preview:large","max-video-preview":"max-video-preview:-1"},"canonical":"https:\/\/www.fiorentini-iberia.com\/es\/experiencia\/power-to-gas\/soluciones-completas-de-power-to-gas\/","og_locale":"es_ES","og_type":"article","og_title":"Soluciones completas de power-to-gas de Pietro Fiorentini - Pietro Fiorentini Iberia","og_description":"Pietro Fiorentini ha ampliado recientemente su oferta de servicios a sistemas biol\u00f3gicos alternativos de metanaci\u00f3n.","og_url":"https:\/\/www.fiorentini-iberia.com\/es\/experiencia\/power-to-gas\/soluciones-completas-de-power-to-gas\/","og_site_name":"Pietro Fiorentini Iberia","article_modified_time":"2024-03-14T10:59:30+00:00","twitter_card":"summary_large_image","twitter_site":"@FiorentiniSpa","twitter_misc":{"Tiempo de lectura":"3 minutos"},"schema":{"@context":"https:\/\/schema.org","@graph":[{"@type":"WebPage","@id":"https:\/\/www.fiorentini-iberia.com\/es\/experiencia\/power-to-gas\/soluciones-completas-de-power-to-gas\/","url":"https:\/\/www.fiorentini-iberia.com\/es\/experiencia\/power-to-gas\/soluciones-completas-de-power-to-gas\/","name":"Soluciones completas de power-to-gas de Pietro Fiorentini - Pietro Fiorentini Iberia","isPartOf":{"@id":"https:\/\/www.fiorentini-iberia.com\/es\/#website"},"datePublished":"2024-02-21T10:43:43+00:00","dateModified":"2024-03-14T10:59:30+00:00","description":"Pietro Fiorentini ha ampliado recientemente su oferta de servicios a sistemas biol\u00f3gicos alternativos de metanaci\u00f3n.","breadcrumb":{"@id":"https:\/\/www.fiorentini-iberia.com\/es\/experiencia\/power-to-gas\/soluciones-completas-de-power-to-gas\/#breadcrumb"},"inLanguage":"es","potentialAction":[{"@type":"ReadAction","target":["https:\/\/www.fiorentini-iberia.com\/es\/experiencia\/power-to-gas\/soluciones-completas-de-power-to-gas\/"]}]},{"@type":"BreadcrumbList","@id":"https:\/\/www.fiorentini-iberia.com\/es\/experiencia\/power-to-gas\/soluciones-completas-de-power-to-gas\/#breadcrumb","itemListElement":[{"@type":"ListItem","position":1,"name":"Home","item":"https:\/\/www.fiorentini-iberia.com\/es\/"},{"@type":"ListItem","position":2,"name":"Experiencia","item":"https:\/\/www.fiorentini-iberia.com\/es\/experiencia\/"},{"@type":"ListItem","position":3,"name":"Power-to-gas","item":"https:\/\/www.fiorentini-iberia.com\/es\/experiencia\/power-to-gas\/"},{"@type":"ListItem","position":4,"name":"Soluciones completas de power-to-gas de Pietro Fiorentini"}]},{"@type":"WebSite","@id":"https:\/\/www.fiorentini-iberia.com\/es\/#website","url":"https:\/\/www.fiorentini-iberia.com\/es\/","name":"Pietro Fiorentini Iberia","description":"Pietro Fiorentini dise\u00f1a y fabrica componentes, sistemas y servicios para la regulaci\u00f3n, medici\u00f3n, gesti\u00f3n de redes de agua, energ\u00edas renovables, petr\u00f3leo y el gas natural, con sistemas adaptados 100% al hidr\u00f3geno.","publisher":{"@id":"https:\/\/www.fiorentini-iberia.com\/es\/#organization"},"potentialAction":[{"@type":"SearchAction","target":{"@type":"EntryPoint","urlTemplate":"https:\/\/www.fiorentini-iberia.com\/es\/?s={search_term_string}"},"query-input":{"@type":"PropertyValueSpecification","valueRequired":true,"valueName":"search_term_string"}}],"inLanguage":"es"},{"@type":"Organization","@id":"https:\/\/www.fiorentini-iberia.com\/es\/#organization","name":"Pietro Fiorentini Iberia","url":"https:\/\/www.fiorentini-iberia.com\/es\/","logo":{"@type":"ImageObject","inLanguage":"es","@id":"https:\/\/www.fiorentini-iberia.com\/es\/#\/schema\/logo\/image\/","url":"https:\/\/www.fiorentini-iberia.com\/wp-content\/uploads\/2020\/11\/logo.svg","contentUrl":"https:\/\/www.fiorentini-iberia.com\/wp-content\/uploads\/2020\/11\/logo.svg","width":227,"height":59,"caption":"Pietro Fiorentini Iberia"},"image":{"@id":"https:\/\/www.fiorentini-iberia.com\/es\/#\/schema\/logo\/image\/"},"sameAs":["https:\/\/x.com\/FiorentiniSpa","https:\/\/www.linkedin.com\/company\/pietro-fiorentini-iberia\/"]}]}},"_links":{"self":[{"href":"https:\/\/www.fiorentini-iberia.com\/es\/wp-json\/wp\/v2\/pages\/49054","targetHints":{"allow":["GET"]}}],"collection":[{"href":"https:\/\/www.fiorentini-iberia.com\/es\/wp-json\/wp\/v2\/pages"}],"about":[{"href":"https:\/\/www.fiorentini-iberia.com\/es\/wp-json\/wp\/v2\/types\/page"}],"author":[{"embeddable":true,"href":"https:\/\/www.fiorentini-iberia.com\/es\/wp-json\/wp\/v2\/users\/15"}],"replies":[{"embeddable":true,"href":"https:\/\/www.fiorentini-iberia.com\/es\/wp-json\/wp\/v2\/comments?post=49054"}],"version-history":[{"count":3,"href":"https:\/\/www.fiorentini-iberia.com\/es\/wp-json\/wp\/v2\/pages\/49054\/revisions"}],"predecessor-version":[{"id":50328,"href":"https:\/\/www.fiorentini-iberia.com\/es\/wp-json\/wp\/v2\/pages\/49054\/revisions\/50328"}],"up":[{"embeddable":true,"href":"https:\/\/www.fiorentini-iberia.com\/es\/wp-json\/wp\/v2\/pages\/48299"}],"wp:attachment":[{"href":"https:\/\/www.fiorentini-iberia.com\/es\/wp-json\/wp\/v2\/media?parent=49054"}],"curies":[{"name":"wp","href":"https:\/\/api.w.org\/{rel}","templated":true}]}}