{"id":49108,"date":"2024-02-21T13:38:56","date_gmt":"2024-02-21T12:38:56","guid":{"rendered":"https:\/\/www.fiorentini-iberia.com\/experiencia\/agua\/ultrasonic-smart-water-meters\/"},"modified":"2026-02-17T12:56:25","modified_gmt":"2026-02-17T11:56:25","slug":"contadores-de-agua-ultrasonicos-inteligentes","status":"publish","type":"page","link":"https:\/\/www.fiorentini-iberia.com\/es\/experiencia\/agua\/contadores-de-agua-ultrasonicos-inteligentes\/","title":{"rendered":"SSM-Aquo, digitalizaci\u00f3n del caudal con contadores de agua ultras\u00f3nicos"},"content":{"rendered":"\n<p>Mientras que los <strong>contadores de agua mec\u00e1nicos<\/strong> miden el volumen de agua utilizada por los usuarios finales de manera anal\u00f3gica y dan una informaci\u00f3n muy limitada centrada en el consumo, sometidos a un desgaste continuado de piezas m\u00f3viles, los <strong>contadores de agua ultras\u00f3nicos <\/strong>hacen medici\u00f3n est\u00e1tica por ultrasonidos sin desgaste, ofreciendo informaci\u00f3n \u00fatil en tiempo real del caudal de manera precisa mediante un m\u00f3dulo de telelectura integrado.<\/p>\n\n\n\n<h3 class=\"wp-block-heading\" id=\"ultrasonic-smart-water-meters-advantages\">&nbsp;<br>Ventajas de los contadores de agua ultras\u00f3nicos&nbsp;<strong>SSM AQUO<\/strong><br>&nbsp;<\/h3>\n\n\n\n<p><strong>SSM-Aquo<\/strong>, con un dise\u00f1o compacto y conector de lat\u00f3n, proporciona telemetr\u00eda integrada fiable y precisa con una <strong>amplia gama de mediciones<\/strong> intermediando diferentes protocolos de comunicaci\u00f3n que contribuye al reducir la perdida de agua no contabilizada, ya sea por la detecci\u00f3n a tiempo de escapes o posibles fraudes.<\/p>\n\n\n\n<p>La telemetr\u00eda integrada de SSM-Aquo ofrece <strong>la misma elevada precisi\u00f3n durante toda su vida \u00fatil<\/strong>, de <strong>hasta 13 a\u00f1os garantizados<\/strong>&nbsp;en condiciones normales de uso, con un m\u00ednimo margen de error.<\/p>\n\n\n\n<p>Los <strong>contadores inteligentes de agua ultras\u00f3nicos SSM-Aquo<\/strong>, con conector de lat\u00f3n, cuentan con una gama que cubre un di\u00e1metro nominal <strong>desde DN15 hasta DN40<\/strong>.\u00a0<br>\u00a0<\/p>\n\n\n\n<figure class=\"wp-block-image size-full\"><img loading=\"lazy\" decoding=\"async\" width=\"970\" height=\"223\" src=\"https:\/\/www.fiorentini-iberia.com\/wp-content\/uploads\/2025\/01\/banner-Aigua-NB-IOT-ESP-1.jpg\" alt=\"\" class=\"wp-image-63198\" srcset=\"https:\/\/www.fiorentini-iberia.com\/wp-content\/uploads\/2025\/01\/banner-Aigua-NB-IOT-ESP-1.jpg 970w, https:\/\/www.fiorentini-iberia.com\/wp-content\/uploads\/2025\/01\/banner-Aigua-NB-IOT-ESP-1-300x69.jpg 300w, https:\/\/www.fiorentini-iberia.com\/wp-content\/uploads\/2025\/01\/banner-Aigua-NB-IOT-ESP-1-768x177.jpg 768w\" sizes=\"auto, (max-width: 970px) 100vw, 970px\" \/><\/figure>\n\n\n\n<p>\u00a0\u00a0<br>Los <strong>contadores de agua ultras\u00f3nicos SSM-Aquo<\/strong>, dise\u00f1ados para el sector residencial, aportan <strong>un gran n\u00famero de ventajas respecto a la medici\u00f3n tradicional mec\u00e1nica<\/strong>:<\/p>\n\n\n\n<ul class=\"wp-block-list\">\n<li>contador ultras\u00f3nico en forma U<\/li>\n\n\n\n<li>mayor precisi\u00f3n gracias a una tecnolog\u00eda de medici\u00f3n est\u00e1tica, que no presenta piezas m\u00f3viles sujetas a desgaste<\/li>\n\n\n\n<li>menor riesgo de lectura err\u00f3nea<\/li>\n\n\n\n<li>procesos automatizados<\/li>\n\n\n\n<li>capacidad de lectura remota con distintos protocolos de comunicaci\u00f3n: <strong>wM-Bus, 2\/4\/5G, modelos con <strong>transmisi\u00f3n<\/strong><\/strong> <strong>LoraWan o NB-IoT<\/strong><\/li>\n\n\n\n<li>detecci\u00f3n eficaz de caudales muy bajos, ausencia de consumo, reventones y flujos inversos<\/li>\n\n\n\n<li>dise\u00f1o compacto gracias al m\u00f3dulo de comunicaci\u00f3n integrado<\/li>\n\n\n\n<li>avisos y alarmas que ayudan a detectar posibles fugas<\/li>\n\n\n\n<li>mayor vida \u00fatil: Hasta 13 a\u00f1os de funcionamiento garantizado&nbsp;en condiciones normales de uso<\/li>\n<\/ul>\n\n\n\n<p>&nbsp;<\/p>\n\n\n\n<h3 class=\"wp-block-heading has-text-align-center\" id=\"fiorentini-ultrasonic-smart-water-meters-technical-features\"><br>Principales caracter\u00edsticas t\u00e9cnicas de los contadores de agua ultras\u00f3nicos de Pietro Fiorentini<br>&nbsp;<\/h3>\n\n\n\n<figure class=\"wp-block-image size-full\"><img loading=\"lazy\" decoding=\"async\" width=\"1024\" height=\"317\" src=\"https:\/\/www.fiorentini-iberia.com\/wp-content\/uploads\/2023\/10\/Tabella_Ottone-1024x429-ESP-ok.jpg\" alt=\"\" class=\"wp-image-57149\" srcset=\"https:\/\/www.fiorentini-iberia.com\/wp-content\/uploads\/2023\/10\/Tabella_Ottone-1024x429-ESP-ok.jpg 1024w, https:\/\/www.fiorentini-iberia.com\/wp-content\/uploads\/2023\/10\/Tabella_Ottone-1024x429-ESP-ok-300x93.jpg 300w, https:\/\/www.fiorentini-iberia.com\/wp-content\/uploads\/2023\/10\/Tabella_Ottone-1024x429-ESP-ok-768x238.jpg 768w\" sizes=\"auto, (max-width: 1024px) 100vw, 1024px\" \/><\/figure>\n\n\n\n<p>&nbsp;<br>&nbsp;<\/p>\n\n\n\n<p class=\"has-text-color has-link-color has-medium-font-size wp-elements-e4d63844cca3f30a0ac97a88a7aa4605\" style=\"color:#1ca48f\"><strong><a href=\"https:\/\/www.fiorentini-iberia.com\/es\/soluciones\/productos\/medicion-de-agua\/contadores-inteligentes-de-agua-ultrasonicos\/ssm-aquo-lorawan\/\">Ficha de producto SSM Aquo M-Bus + LoRaWAN<\/a><\/strong><\/p>\n\n\n\n<p class=\"has-text-color has-link-color has-medium-font-size wp-elements-0dfdacbc87853b40b390358df27ccc31\" style=\"color:#1ca48f\"><strong><a href=\"https:\/\/www.fiorentini-iberia.com\/es\/soluciones\/productos\/medicion-de-agua\/contadores-inteligentes-de-agua-ultrasonicos\/ssm-aquo-nbiot\/\">Ficha de producto SSM Aquo NB-IoT<br><\/a><a href=\"https:\/\/www.fiorentini-iberia.com\/es\/soluciones\/ssm-aquo\/\"><br><\/a><\/strong>&nbsp;<\/p>\n\n\n\n<p><strong><a href=\"https:\/\/www.fiorentini-iberia.com\/es\/noticias\/contadores-inteligentes-de-agua-ssm-aquo\/\">Noticias relacionadas<\/a><\/strong><\/p>\n\n\n\n<p><\/p>\n","protected":false},"excerpt":{"rendered":"<p>Los contadores de agua inteligentes ultras\u00f3nicos miden SSM Aquo el volumen de agua utilizado por los usuarios finales y tambi\u00e9n se utilizan para determinar el caudal a trav\u00e9s de una parte espec\u00edfica del ciclo. La medici\u00f3n del agua es un componente de la gesti\u00f3n p\u00fablica de los recursos h\u00eddricos destinado a controlar y, en \u00faltima instancia, reducir el consumo de agua.<\/p>\n","protected":false},"author":15,"featured_media":26059,"parent":48341,"menu_order":0,"comment_status":"closed","ping_status":"closed","template":"template-expertise-post.php","meta":{"_acf_changed":false,"inline_featured_image":false,"footnotes":""},"class_list":["post-49108","page","type-page","status-publish","has-post-thumbnail","hentry"],"acf":[],"yoast_head":"<!-- This site is optimized with the Yoast SEO plugin v27.2 - https:\/\/yoast.com\/product\/yoast-seo-wordpress\/ -->\n<title>SSM-Aquo, digitalizaci\u00f3n del caudal con contadores de agua ultras\u00f3nicos - Pietro Fiorentini Iberia<\/title>\n<meta name=\"description\" content=\"Los contadores de agua miden el volumen de agua utilizada por los usuarios finales a los que suministra agua un sistema p\u00fablico de abastecimiento de agua.\" \/>\n<meta name=\"robots\" content=\"index, follow, max-snippet:-1, max-image-preview:large, max-video-preview:-1\" \/>\n<link rel=\"canonical\" href=\"https:\/\/www.fiorentini-iberia.com\/es\/experiencia\/agua\/contadores-de-agua-ultrasonicos-inteligentes\/\" \/>\n<meta property=\"og:locale\" content=\"es_ES\" \/>\n<meta property=\"og:type\" content=\"article\" \/>\n<meta property=\"og:title\" content=\"SSM-Aquo, digitalizaci\u00f3n del caudal con contadores de agua ultras\u00f3nicos - Pietro Fiorentini Iberia\" \/>\n<meta property=\"og:description\" content=\"Los contadores de agua miden el volumen de agua utilizada por los usuarios finales a los que suministra agua un sistema p\u00fablico de abastecimiento de agua.\" \/>\n<meta property=\"og:url\" content=\"https:\/\/www.fiorentini-iberia.com\/es\/experiencia\/agua\/contadores-de-agua-ultrasonicos-inteligentes\/\" \/>\n<meta property=\"og:site_name\" content=\"Pietro Fiorentini Iberia\" \/>\n<meta property=\"article:modified_time\" content=\"2026-02-17T11:56:25+00:00\" \/>\n<meta property=\"og:image\" content=\"https:\/\/www.fiorentini-iberia.com\/wp-content\/uploads\/2023\/11\/Noticia-Smart-Water-meters-ESP.jpg\" \/>\n\t<meta property=\"og:image:width\" content=\"970\" \/>\n\t<meta property=\"og:image:height\" content=\"1020\" \/>\n\t<meta property=\"og:image:type\" content=\"image\/jpeg\" \/>\n<meta name=\"twitter:card\" content=\"summary_large_image\" \/>\n<meta name=\"twitter:site\" content=\"@FiorentiniSpa\" \/>\n<meta name=\"twitter:label1\" content=\"Tiempo de lectura\" \/>\n\t<meta name=\"twitter:data1\" content=\"3 minutos\" \/>\n<script type=\"application\/ld+json\" class=\"yoast-schema-graph\">{\"@context\":\"https:\/\/schema.org\",\"@graph\":[{\"@type\":\"WebPage\",\"@id\":\"https:\/\/www.fiorentini-iberia.com\/es\/experiencia\/agua\/contadores-de-agua-ultrasonicos-inteligentes\/\",\"url\":\"https:\/\/www.fiorentini-iberia.com\/es\/experiencia\/agua\/contadores-de-agua-ultrasonicos-inteligentes\/\",\"name\":\"SSM-Aquo, digitalizaci\u00f3n del caudal con contadores de agua ultras\u00f3nicos - Pietro Fiorentini Iberia\",\"isPartOf\":{\"@id\":\"https:\/\/www.fiorentini-iberia.com\/es\/#website\"},\"primaryImageOfPage\":{\"@id\":\"https:\/\/www.fiorentini-iberia.com\/es\/experiencia\/agua\/contadores-de-agua-ultrasonicos-inteligentes\/#primaryimage\"},\"image\":{\"@id\":\"https:\/\/www.fiorentini-iberia.com\/es\/experiencia\/agua\/contadores-de-agua-ultrasonicos-inteligentes\/#primaryimage\"},\"thumbnailUrl\":\"https:\/\/www.fiorentini-iberia.com\/wp-content\/uploads\/2023\/11\/Noticia-Smart-Water-meters-ESP.jpg\",\"datePublished\":\"2024-02-21T12:38:56+00:00\",\"dateModified\":\"2026-02-17T11:56:25+00:00\",\"description\":\"Los contadores de agua miden el volumen de agua utilizada por los usuarios finales a los que suministra agua un sistema p\u00fablico de abastecimiento de agua.\",\"breadcrumb\":{\"@id\":\"https:\/\/www.fiorentini-iberia.com\/es\/experiencia\/agua\/contadores-de-agua-ultrasonicos-inteligentes\/#breadcrumb\"},\"inLanguage\":\"es\",\"potentialAction\":[{\"@type\":\"ReadAction\",\"target\":[\"https:\/\/www.fiorentini-iberia.com\/es\/experiencia\/agua\/contadores-de-agua-ultrasonicos-inteligentes\/\"]}]},{\"@type\":\"ImageObject\",\"inLanguage\":\"es\",\"@id\":\"https:\/\/www.fiorentini-iberia.com\/es\/experiencia\/agua\/contadores-de-agua-ultrasonicos-inteligentes\/#primaryimage\",\"url\":\"https:\/\/www.fiorentini-iberia.com\/wp-content\/uploads\/2023\/11\/Noticia-Smart-Water-meters-ESP.jpg\",\"contentUrl\":\"https:\/\/www.fiorentini-iberia.com\/wp-content\/uploads\/2023\/11\/Noticia-Smart-Water-meters-ESP.jpg\",\"width\":970,\"height\":1020,\"caption\":\"Noticia Smart Water meters-ESP\"},{\"@type\":\"BreadcrumbList\",\"@id\":\"https:\/\/www.fiorentini-iberia.com\/es\/experiencia\/agua\/contadores-de-agua-ultrasonicos-inteligentes\/#breadcrumb\",\"itemListElement\":[{\"@type\":\"ListItem\",\"position\":1,\"name\":\"Home\",\"item\":\"https:\/\/www.fiorentini-iberia.com\/es\/\"},{\"@type\":\"ListItem\",\"position\":2,\"name\":\"Experiencia\",\"item\":\"https:\/\/www.fiorentini-iberia.com\/es\/experiencia\/\"},{\"@type\":\"ListItem\",\"position\":3,\"name\":\"Agua\",\"item\":\"https:\/\/www.fiorentini-iberia.com\/es\/experiencia\/agua\/\"},{\"@type\":\"ListItem\",\"position\":4,\"name\":\"SSM-Aquo, digitalizaci\u00f3n del caudal con contadores de agua ultras\u00f3nicos\"}]},{\"@type\":\"WebSite\",\"@id\":\"https:\/\/www.fiorentini-iberia.com\/es\/#website\",\"url\":\"https:\/\/www.fiorentini-iberia.com\/es\/\",\"name\":\"Pietro Fiorentini Iberia\",\"description\":\"Pietro Fiorentini dise\u00f1a y fabrica componentes, sistemas y servicios para la regulaci\u00f3n, medici\u00f3n, gesti\u00f3n de redes de agua, energ\u00edas renovables, petr\u00f3leo y el gas natural, con sistemas adaptados 100% al hidr\u00f3geno.\",\"publisher\":{\"@id\":\"https:\/\/www.fiorentini-iberia.com\/es\/#organization\"},\"potentialAction\":[{\"@type\":\"SearchAction\",\"target\":{\"@type\":\"EntryPoint\",\"urlTemplate\":\"https:\/\/www.fiorentini-iberia.com\/es\/?s={search_term_string}\"},\"query-input\":{\"@type\":\"PropertyValueSpecification\",\"valueRequired\":true,\"valueName\":\"search_term_string\"}}],\"inLanguage\":\"es\"},{\"@type\":\"Organization\",\"@id\":\"https:\/\/www.fiorentini-iberia.com\/es\/#organization\",\"name\":\"Pietro Fiorentini Iberia\",\"url\":\"https:\/\/www.fiorentini-iberia.com\/es\/\",\"logo\":{\"@type\":\"ImageObject\",\"inLanguage\":\"es\",\"@id\":\"https:\/\/www.fiorentini-iberia.com\/es\/#\/schema\/logo\/image\/\",\"url\":\"https:\/\/www.fiorentini-iberia.com\/wp-content\/uploads\/2020\/11\/logo.svg\",\"contentUrl\":\"https:\/\/www.fiorentini-iberia.com\/wp-content\/uploads\/2020\/11\/logo.svg\",\"width\":227,\"height\":59,\"caption\":\"Pietro Fiorentini Iberia\"},\"image\":{\"@id\":\"https:\/\/www.fiorentini-iberia.com\/es\/#\/schema\/logo\/image\/\"},\"sameAs\":[\"https:\/\/x.com\/FiorentiniSpa\",\"https:\/\/www.linkedin.com\/company\/pietro-fiorentini-iberia\/\"]}]}<\/script>\n<!-- \/ Yoast SEO plugin. -->","yoast_head_json":{"title":"SSM-Aquo, digitalizaci\u00f3n del caudal con contadores de agua ultras\u00f3nicos - Pietro Fiorentini Iberia","description":"Los contadores de agua miden el volumen de agua utilizada por los usuarios finales a los que suministra agua un sistema p\u00fablico de abastecimiento de agua.","robots":{"index":"index","follow":"follow","max-snippet":"max-snippet:-1","max-image-preview":"max-image-preview:large","max-video-preview":"max-video-preview:-1"},"canonical":"https:\/\/www.fiorentini-iberia.com\/es\/experiencia\/agua\/contadores-de-agua-ultrasonicos-inteligentes\/","og_locale":"es_ES","og_type":"article","og_title":"SSM-Aquo, digitalizaci\u00f3n del caudal con contadores de agua ultras\u00f3nicos - Pietro Fiorentini Iberia","og_description":"Los contadores de agua miden el volumen de agua utilizada por los usuarios finales a los que suministra agua un sistema p\u00fablico de abastecimiento de agua.","og_url":"https:\/\/www.fiorentini-iberia.com\/es\/experiencia\/agua\/contadores-de-agua-ultrasonicos-inteligentes\/","og_site_name":"Pietro Fiorentini Iberia","article_modified_time":"2026-02-17T11:56:25+00:00","og_image":[{"width":970,"height":1020,"url":"https:\/\/www.fiorentini-iberia.com\/wp-content\/uploads\/2023\/11\/Noticia-Smart-Water-meters-ESP.jpg","type":"image\/jpeg"}],"twitter_card":"summary_large_image","twitter_site":"@FiorentiniSpa","twitter_misc":{"Tiempo de lectura":"3 minutos"},"schema":{"@context":"https:\/\/schema.org","@graph":[{"@type":"WebPage","@id":"https:\/\/www.fiorentini-iberia.com\/es\/experiencia\/agua\/contadores-de-agua-ultrasonicos-inteligentes\/","url":"https:\/\/www.fiorentini-iberia.com\/es\/experiencia\/agua\/contadores-de-agua-ultrasonicos-inteligentes\/","name":"SSM-Aquo, digitalizaci\u00f3n del caudal con contadores de agua ultras\u00f3nicos - Pietro Fiorentini Iberia","isPartOf":{"@id":"https:\/\/www.fiorentini-iberia.com\/es\/#website"},"primaryImageOfPage":{"@id":"https:\/\/www.fiorentini-iberia.com\/es\/experiencia\/agua\/contadores-de-agua-ultrasonicos-inteligentes\/#primaryimage"},"image":{"@id":"https:\/\/www.fiorentini-iberia.com\/es\/experiencia\/agua\/contadores-de-agua-ultrasonicos-inteligentes\/#primaryimage"},"thumbnailUrl":"https:\/\/www.fiorentini-iberia.com\/wp-content\/uploads\/2023\/11\/Noticia-Smart-Water-meters-ESP.jpg","datePublished":"2024-02-21T12:38:56+00:00","dateModified":"2026-02-17T11:56:25+00:00","description":"Los contadores de agua miden el volumen de agua utilizada por los usuarios finales a los que suministra agua un sistema p\u00fablico de abastecimiento de agua.","breadcrumb":{"@id":"https:\/\/www.fiorentini-iberia.com\/es\/experiencia\/agua\/contadores-de-agua-ultrasonicos-inteligentes\/#breadcrumb"},"inLanguage":"es","potentialAction":[{"@type":"ReadAction","target":["https:\/\/www.fiorentini-iberia.com\/es\/experiencia\/agua\/contadores-de-agua-ultrasonicos-inteligentes\/"]}]},{"@type":"ImageObject","inLanguage":"es","@id":"https:\/\/www.fiorentini-iberia.com\/es\/experiencia\/agua\/contadores-de-agua-ultrasonicos-inteligentes\/#primaryimage","url":"https:\/\/www.fiorentini-iberia.com\/wp-content\/uploads\/2023\/11\/Noticia-Smart-Water-meters-ESP.jpg","contentUrl":"https:\/\/www.fiorentini-iberia.com\/wp-content\/uploads\/2023\/11\/Noticia-Smart-Water-meters-ESP.jpg","width":970,"height":1020,"caption":"Noticia Smart Water meters-ESP"},{"@type":"BreadcrumbList","@id":"https:\/\/www.fiorentini-iberia.com\/es\/experiencia\/agua\/contadores-de-agua-ultrasonicos-inteligentes\/#breadcrumb","itemListElement":[{"@type":"ListItem","position":1,"name":"Home","item":"https:\/\/www.fiorentini-iberia.com\/es\/"},{"@type":"ListItem","position":2,"name":"Experiencia","item":"https:\/\/www.fiorentini-iberia.com\/es\/experiencia\/"},{"@type":"ListItem","position":3,"name":"Agua","item":"https:\/\/www.fiorentini-iberia.com\/es\/experiencia\/agua\/"},{"@type":"ListItem","position":4,"name":"SSM-Aquo, digitalizaci\u00f3n del caudal con contadores de agua ultras\u00f3nicos"}]},{"@type":"WebSite","@id":"https:\/\/www.fiorentini-iberia.com\/es\/#website","url":"https:\/\/www.fiorentini-iberia.com\/es\/","name":"Pietro Fiorentini Iberia","description":"Pietro Fiorentini dise\u00f1a y fabrica componentes, sistemas y servicios para la regulaci\u00f3n, medici\u00f3n, gesti\u00f3n de redes de agua, energ\u00edas renovables, petr\u00f3leo y el gas natural, con sistemas adaptados 100% al hidr\u00f3geno.","publisher":{"@id":"https:\/\/www.fiorentini-iberia.com\/es\/#organization"},"potentialAction":[{"@type":"SearchAction","target":{"@type":"EntryPoint","urlTemplate":"https:\/\/www.fiorentini-iberia.com\/es\/?s={search_term_string}"},"query-input":{"@type":"PropertyValueSpecification","valueRequired":true,"valueName":"search_term_string"}}],"inLanguage":"es"},{"@type":"Organization","@id":"https:\/\/www.fiorentini-iberia.com\/es\/#organization","name":"Pietro Fiorentini Iberia","url":"https:\/\/www.fiorentini-iberia.com\/es\/","logo":{"@type":"ImageObject","inLanguage":"es","@id":"https:\/\/www.fiorentini-iberia.com\/es\/#\/schema\/logo\/image\/","url":"https:\/\/www.fiorentini-iberia.com\/wp-content\/uploads\/2020\/11\/logo.svg","contentUrl":"https:\/\/www.fiorentini-iberia.com\/wp-content\/uploads\/2020\/11\/logo.svg","width":227,"height":59,"caption":"Pietro Fiorentini Iberia"},"image":{"@id":"https:\/\/www.fiorentini-iberia.com\/es\/#\/schema\/logo\/image\/"},"sameAs":["https:\/\/x.com\/FiorentiniSpa","https:\/\/www.linkedin.com\/company\/pietro-fiorentini-iberia\/"]}]}},"_links":{"self":[{"href":"https:\/\/www.fiorentini-iberia.com\/es\/wp-json\/wp\/v2\/pages\/49108","targetHints":{"allow":["GET"]}}],"collection":[{"href":"https:\/\/www.fiorentini-iberia.com\/es\/wp-json\/wp\/v2\/pages"}],"about":[{"href":"https:\/\/www.fiorentini-iberia.com\/es\/wp-json\/wp\/v2\/types\/page"}],"author":[{"embeddable":true,"href":"https:\/\/www.fiorentini-iberia.com\/es\/wp-json\/wp\/v2\/users\/15"}],"replies":[{"embeddable":true,"href":"https:\/\/www.fiorentini-iberia.com\/es\/wp-json\/wp\/v2\/comments?post=49108"}],"version-history":[{"count":3,"href":"https:\/\/www.fiorentini-iberia.com\/es\/wp-json\/wp\/v2\/pages\/49108\/revisions"}],"predecessor-version":[{"id":63248,"href":"https:\/\/www.fiorentini-iberia.com\/es\/wp-json\/wp\/v2\/pages\/49108\/revisions\/63248"}],"up":[{"embeddable":true,"href":"https:\/\/www.fiorentini-iberia.com\/es\/wp-json\/wp\/v2\/pages\/48341"}],"wp:featuredmedia":[{"embeddable":true,"href":"https:\/\/www.fiorentini-iberia.com\/es\/wp-json\/wp\/v2\/media\/26059"}],"wp:attachment":[{"href":"https:\/\/www.fiorentini-iberia.com\/es\/wp-json\/wp\/v2\/media?parent=49108"}],"curies":[{"name":"wp","href":"https:\/\/api.w.org\/{rel}","templated":true}]}}