{"id":50488,"date":"2024-03-15T12:17:42","date_gmt":"2024-03-15T11:17:42","guid":{"rendered":"https:\/\/www.fiorentini-iberia.com\/experiencia\/biometano\/biogas-cogeneration-with-turbine\/"},"modified":"2024-03-15T13:27:18","modified_gmt":"2024-03-15T12:27:18","slug":"cogeneracion-de-biogas-con-turbina","status":"publish","type":"page","link":"https:\/\/www.fiorentini-iberia.com\/es\/experiencia\/biometano\/cogeneracion-de-biogas-con-turbina\/","title":{"rendered":"Cogeneraci\u00f3n de biog\u00e1s con turbina"},"content":{"rendered":"\n<p><strong>Biokomp<\/strong>\u00a0ofrece una amplia gama de sistemas de procesamiento de gas para aplicaciones de microturbinas con capacidades que van desde 5 Nm3\/h a 5.000 Nm3\/h. Nuestras unidades de limpieza, deshidrataci\u00f3n y compresi\u00f3n est\u00e1n dise\u00f1adas para funcionar con varios tipos de combustible (gas natural, gas de pozo, gas de petr\u00f3leo asociado, biog\u00e1s).<\/p>\n\n\n\n<figure class=\"wp-block-embed is-type-video is-provider-youtube wp-block-embed-youtube wp-embed-aspect-16-9 wp-has-aspect-ratio\"><div class=\"wp-block-embed__wrapper\">\n<iframe loading=\"lazy\" title=\"bio-komp\u00ae compression technology\" width=\"500\" height=\"281\" src=\"https:\/\/www.youtube.com\/embed\/RP5QEUpZpns?feature=oembed\" frameborder=\"0\" allow=\"accelerometer; autoplay; clipboard-write; encrypted-media; gyroscope; picture-in-picture; web-share\" referrerpolicy=\"strict-origin-when-cross-origin\" allowfullscreen><\/iframe>\n<\/div><\/figure>\n\n\n\n<p>Cliente:\u00a0<strong>LAIBACH DOO<\/strong><br>Pa\u00eds:\u00a0<strong>Eslovenia<\/strong><br>\u00a0<br>Fundada en 1992 como empresa familiar y centrada originalmente en la distribuci\u00f3n de productos industriales semielaborados, Laibach ha estado vinculada desde sus inicios a clientes activos en la distribuci\u00f3n de energ\u00eda y a institutos de investigaci\u00f3n.<br>\u00a0<br>El equipo de Laibach se encarga de la planificaci\u00f3n de proyectos, la supervisi\u00f3n de la instalaci\u00f3n, la puesta en marcha y el mantenimiento de los productos Capstone, garantizando soluciones llave en mano en Eslovenia y Croacia.<br>\u00a0<br><a href=\"https:\/\/www.bio-komp.com\/estudio-de-caso\" target=\"_blank\" rel=\"noreferrer noopener\"><strong>> M\u00e1s informaci\u00f3n sobre el estudio de caso en este enlace.<\/strong><\/a><br><a href=\"https:\/\/www.bio-komp.com\/filedata\/BIOKOMP_Natural_Gas_2018.pdf\" target=\"_blank\" rel=\"noreferrer noopener\"><strong>> Descargar la ficha t\u00e9cnica de las soluciones para gas natural.<\/strong><\/a><\/p>\n\n\n\n<p>&nbsp;<\/p>\n\n\n\n<figure class=\"wp-block-image size-large\"><img decoding=\"async\" src=\"https:\/\/www.fiorentini-iberia.com\/wp-content\/uploads\/2024\/02\/case-study-03-1.jpg\" alt=\"\"\/><\/figure>\n\n\n\n<p>&nbsp;<\/p>\n\n\n\n<p class=\"has-text-color has-link-color has-large-font-size wp-elements-9f65d5a7116ef0d0b5cdb4cd36c99107\" style=\"color:#199782\"><strong>> <\/strong><a href=\"https:\/\/www.bio-komp.com\/impianti\/103\/LAIBACH-DOO.html\" target=\"_blank\" rel=\"noreferrer noopener\"><strong>M\u00e1s detalles del proyecto.<\/strong><\/a><\/p>\n\n\n\n<div style=\"height:20px\" aria-hidden=\"true\" class=\"wp-block-spacer\"><\/div>\n\n\n\n<p class=\"has-text-color has-link-color has-large-font-size wp-elements-1c548a83c93224ea5ce8e0a78e57eca5\" style=\"color:#199782\"><strong>><\/strong>  <strong><a href=\"https:\/\/www.fiorentini-iberia.com\/es\/noticias\/biokomp-planta-de-tratamiento-de-biogas\/\">Visite la noticia de presentaci\u00f3n BIOKOMP.<\/a><\/strong><\/p>\n","protected":false},"excerpt":{"rendered":"<p>Biokomp ofrece una amplia gama de sistemas de procesamiento de gas para aplicaciones de microturbinas con capacidades que van desde 5 Nm3\/h a 5.000 Nm3\/h. Nuestras unidades de limpieza, deshidrataci\u00f3n y compresi\u00f3n est\u00e1n dise\u00f1adas para funcionar con varios tipos de combustible (gas natural, gas de pozo, gas de petr\u00f3leo asociado, biog\u00e1s).<\/p>\n","protected":false},"author":15,"featured_media":0,"parent":48210,"menu_order":0,"comment_status":"closed","ping_status":"closed","template":"template-expertise-post.php","meta":{"_acf_changed":false,"inline_featured_image":false,"footnotes":""},"class_list":["post-50488","page","type-page","status-publish","hentry"],"acf":[],"yoast_head":"<!-- This site is optimized with the Yoast SEO plugin v27.2 - https:\/\/yoast.com\/product\/yoast-seo-wordpress\/ -->\n<title>Cogeneraci\u00f3n de biog\u00e1s con turbina - Pietro Fiorentini Iberia<\/title>\n<meta name=\"description\" content=\"Nuestras unidades de limpieza, deshidrataci\u00f3n y compresi\u00f3n est\u00e1n dise\u00f1adas para funcionar con varios tipos de combustible (gas natural, gas de pozo, gas de petr\u00f3leo asociado, biog\u00e1s).\" \/>\n<meta name=\"robots\" content=\"index, follow, max-snippet:-1, max-image-preview:large, max-video-preview:-1\" \/>\n<link rel=\"canonical\" href=\"https:\/\/www.fiorentini-iberia.com\/es\/experiencia\/biometano\/cogeneracion-de-biogas-con-turbina\/\" \/>\n<meta property=\"og:locale\" content=\"es_ES\" \/>\n<meta property=\"og:type\" content=\"article\" \/>\n<meta property=\"og:title\" content=\"Cogeneraci\u00f3n de biog\u00e1s con turbina - Pietro Fiorentini Iberia\" \/>\n<meta property=\"og:description\" content=\"Nuestras unidades de limpieza, deshidrataci\u00f3n y compresi\u00f3n est\u00e1n dise\u00f1adas para funcionar con varios tipos de combustible (gas natural, gas de pozo, gas de petr\u00f3leo asociado, biog\u00e1s).\" \/>\n<meta property=\"og:url\" content=\"https:\/\/www.fiorentini-iberia.com\/es\/experiencia\/biometano\/cogeneracion-de-biogas-con-turbina\/\" \/>\n<meta property=\"og:site_name\" content=\"Pietro Fiorentini Iberia\" \/>\n<meta property=\"article:modified_time\" content=\"2024-03-15T12:27:18+00:00\" \/>\n<meta property=\"og:image\" content=\"https:\/\/www.fiorentini-iberia.com\/wp-content\/uploads\/2024\/02\/case-study-03-1.jpg\" \/>\n<meta name=\"twitter:card\" content=\"summary_large_image\" \/>\n<meta name=\"twitter:site\" content=\"@FiorentiniSpa\" \/>\n<meta name=\"twitter:label1\" content=\"Tiempo de lectura\" \/>\n\t<meta name=\"twitter:data1\" content=\"1 minuto\" \/>\n<script type=\"application\/ld+json\" class=\"yoast-schema-graph\">{\"@context\":\"https:\/\/schema.org\",\"@graph\":[{\"@type\":\"WebPage\",\"@id\":\"https:\/\/www.fiorentini-iberia.com\/es\/experiencia\/biometano\/cogeneracion-de-biogas-con-turbina\/\",\"url\":\"https:\/\/www.fiorentini-iberia.com\/es\/experiencia\/biometano\/cogeneracion-de-biogas-con-turbina\/\",\"name\":\"Cogeneraci\u00f3n de biog\u00e1s con turbina - Pietro Fiorentini Iberia\",\"isPartOf\":{\"@id\":\"https:\/\/www.fiorentini-iberia.com\/es\/#website\"},\"primaryImageOfPage\":{\"@id\":\"https:\/\/www.fiorentini-iberia.com\/es\/experiencia\/biometano\/cogeneracion-de-biogas-con-turbina\/#primaryimage\"},\"image\":{\"@id\":\"https:\/\/www.fiorentini-iberia.com\/es\/experiencia\/biometano\/cogeneracion-de-biogas-con-turbina\/#primaryimage\"},\"thumbnailUrl\":\"https:\/\/www.fiorentini-iberia.com\/wp-content\/uploads\/2024\/02\/case-study-03-1.jpg\",\"datePublished\":\"2024-03-15T11:17:42+00:00\",\"dateModified\":\"2024-03-15T12:27:18+00:00\",\"description\":\"Nuestras unidades de limpieza, deshidrataci\u00f3n y compresi\u00f3n est\u00e1n dise\u00f1adas para funcionar con varios tipos de combustible (gas natural, gas de pozo, gas de petr\u00f3leo asociado, biog\u00e1s).\",\"breadcrumb\":{\"@id\":\"https:\/\/www.fiorentini-iberia.com\/es\/experiencia\/biometano\/cogeneracion-de-biogas-con-turbina\/#breadcrumb\"},\"inLanguage\":\"es\",\"potentialAction\":[{\"@type\":\"ReadAction\",\"target\":[\"https:\/\/www.fiorentini-iberia.com\/es\/experiencia\/biometano\/cogeneracion-de-biogas-con-turbina\/\"]}]},{\"@type\":\"ImageObject\",\"inLanguage\":\"es\",\"@id\":\"https:\/\/www.fiorentini-iberia.com\/es\/experiencia\/biometano\/cogeneracion-de-biogas-con-turbina\/#primaryimage\",\"url\":\"https:\/\/www.fiorentini-iberia.com\/wp-content\/uploads\/2024\/02\/case-study-03-1.jpg\",\"contentUrl\":\"https:\/\/www.fiorentini-iberia.com\/wp-content\/uploads\/2024\/02\/case-study-03-1.jpg\"},{\"@type\":\"BreadcrumbList\",\"@id\":\"https:\/\/www.fiorentini-iberia.com\/es\/experiencia\/biometano\/cogeneracion-de-biogas-con-turbina\/#breadcrumb\",\"itemListElement\":[{\"@type\":\"ListItem\",\"position\":1,\"name\":\"Home\",\"item\":\"https:\/\/www.fiorentini-iberia.com\/es\/\"},{\"@type\":\"ListItem\",\"position\":2,\"name\":\"Experiencia\",\"item\":\"https:\/\/www.fiorentini-iberia.com\/es\/experiencia\/\"},{\"@type\":\"ListItem\",\"position\":3,\"name\":\"Biometano\",\"item\":\"https:\/\/www.fiorentini-iberia.com\/es\/experiencia\/biometano\/\"},{\"@type\":\"ListItem\",\"position\":4,\"name\":\"Cogeneraci\u00f3n de biog\u00e1s con turbina\"}]},{\"@type\":\"WebSite\",\"@id\":\"https:\/\/www.fiorentini-iberia.com\/es\/#website\",\"url\":\"https:\/\/www.fiorentini-iberia.com\/es\/\",\"name\":\"Pietro Fiorentini Iberia\",\"description\":\"Pietro Fiorentini dise\u00f1a y fabrica componentes, sistemas y servicios para la regulaci\u00f3n, medici\u00f3n, gesti\u00f3n de redes de agua, energ\u00edas renovables, petr\u00f3leo y el gas natural, con sistemas adaptados 100% al hidr\u00f3geno.\",\"publisher\":{\"@id\":\"https:\/\/www.fiorentini-iberia.com\/es\/#organization\"},\"potentialAction\":[{\"@type\":\"SearchAction\",\"target\":{\"@type\":\"EntryPoint\",\"urlTemplate\":\"https:\/\/www.fiorentini-iberia.com\/es\/?s={search_term_string}\"},\"query-input\":{\"@type\":\"PropertyValueSpecification\",\"valueRequired\":true,\"valueName\":\"search_term_string\"}}],\"inLanguage\":\"es\"},{\"@type\":\"Organization\",\"@id\":\"https:\/\/www.fiorentini-iberia.com\/es\/#organization\",\"name\":\"Pietro Fiorentini Iberia\",\"url\":\"https:\/\/www.fiorentini-iberia.com\/es\/\",\"logo\":{\"@type\":\"ImageObject\",\"inLanguage\":\"es\",\"@id\":\"https:\/\/www.fiorentini-iberia.com\/es\/#\/schema\/logo\/image\/\",\"url\":\"https:\/\/www.fiorentini-iberia.com\/wp-content\/uploads\/2020\/11\/logo.svg\",\"contentUrl\":\"https:\/\/www.fiorentini-iberia.com\/wp-content\/uploads\/2020\/11\/logo.svg\",\"width\":227,\"height\":59,\"caption\":\"Pietro Fiorentini Iberia\"},\"image\":{\"@id\":\"https:\/\/www.fiorentini-iberia.com\/es\/#\/schema\/logo\/image\/\"},\"sameAs\":[\"https:\/\/x.com\/FiorentiniSpa\",\"https:\/\/www.linkedin.com\/company\/pietro-fiorentini-iberia\/\"]}]}<\/script>\n<!-- \/ Yoast SEO plugin. -->","yoast_head_json":{"title":"Cogeneraci\u00f3n de biog\u00e1s con turbina - Pietro Fiorentini Iberia","description":"Nuestras unidades de limpieza, deshidrataci\u00f3n y compresi\u00f3n est\u00e1n dise\u00f1adas para funcionar con varios tipos de combustible (gas natural, gas de pozo, gas de petr\u00f3leo asociado, biog\u00e1s).","robots":{"index":"index","follow":"follow","max-snippet":"max-snippet:-1","max-image-preview":"max-image-preview:large","max-video-preview":"max-video-preview:-1"},"canonical":"https:\/\/www.fiorentini-iberia.com\/es\/experiencia\/biometano\/cogeneracion-de-biogas-con-turbina\/","og_locale":"es_ES","og_type":"article","og_title":"Cogeneraci\u00f3n de biog\u00e1s con turbina - Pietro Fiorentini Iberia","og_description":"Nuestras unidades de limpieza, deshidrataci\u00f3n y compresi\u00f3n est\u00e1n dise\u00f1adas para funcionar con varios tipos de combustible (gas natural, gas de pozo, gas de petr\u00f3leo asociado, biog\u00e1s).","og_url":"https:\/\/www.fiorentini-iberia.com\/es\/experiencia\/biometano\/cogeneracion-de-biogas-con-turbina\/","og_site_name":"Pietro Fiorentini Iberia","article_modified_time":"2024-03-15T12:27:18+00:00","og_image":[{"url":"https:\/\/www.fiorentini-iberia.com\/wp-content\/uploads\/2024\/02\/case-study-03-1.jpg","type":"","width":"","height":""}],"twitter_card":"summary_large_image","twitter_site":"@FiorentiniSpa","twitter_misc":{"Tiempo de lectura":"1 minuto"},"schema":{"@context":"https:\/\/schema.org","@graph":[{"@type":"WebPage","@id":"https:\/\/www.fiorentini-iberia.com\/es\/experiencia\/biometano\/cogeneracion-de-biogas-con-turbina\/","url":"https:\/\/www.fiorentini-iberia.com\/es\/experiencia\/biometano\/cogeneracion-de-biogas-con-turbina\/","name":"Cogeneraci\u00f3n de biog\u00e1s con turbina - Pietro Fiorentini Iberia","isPartOf":{"@id":"https:\/\/www.fiorentini-iberia.com\/es\/#website"},"primaryImageOfPage":{"@id":"https:\/\/www.fiorentini-iberia.com\/es\/experiencia\/biometano\/cogeneracion-de-biogas-con-turbina\/#primaryimage"},"image":{"@id":"https:\/\/www.fiorentini-iberia.com\/es\/experiencia\/biometano\/cogeneracion-de-biogas-con-turbina\/#primaryimage"},"thumbnailUrl":"https:\/\/www.fiorentini-iberia.com\/wp-content\/uploads\/2024\/02\/case-study-03-1.jpg","datePublished":"2024-03-15T11:17:42+00:00","dateModified":"2024-03-15T12:27:18+00:00","description":"Nuestras unidades de limpieza, deshidrataci\u00f3n y compresi\u00f3n est\u00e1n dise\u00f1adas para funcionar con varios tipos de combustible (gas natural, gas de pozo, gas de petr\u00f3leo asociado, biog\u00e1s).","breadcrumb":{"@id":"https:\/\/www.fiorentini-iberia.com\/es\/experiencia\/biometano\/cogeneracion-de-biogas-con-turbina\/#breadcrumb"},"inLanguage":"es","potentialAction":[{"@type":"ReadAction","target":["https:\/\/www.fiorentini-iberia.com\/es\/experiencia\/biometano\/cogeneracion-de-biogas-con-turbina\/"]}]},{"@type":"ImageObject","inLanguage":"es","@id":"https:\/\/www.fiorentini-iberia.com\/es\/experiencia\/biometano\/cogeneracion-de-biogas-con-turbina\/#primaryimage","url":"https:\/\/www.fiorentini-iberia.com\/wp-content\/uploads\/2024\/02\/case-study-03-1.jpg","contentUrl":"https:\/\/www.fiorentini-iberia.com\/wp-content\/uploads\/2024\/02\/case-study-03-1.jpg"},{"@type":"BreadcrumbList","@id":"https:\/\/www.fiorentini-iberia.com\/es\/experiencia\/biometano\/cogeneracion-de-biogas-con-turbina\/#breadcrumb","itemListElement":[{"@type":"ListItem","position":1,"name":"Home","item":"https:\/\/www.fiorentini-iberia.com\/es\/"},{"@type":"ListItem","position":2,"name":"Experiencia","item":"https:\/\/www.fiorentini-iberia.com\/es\/experiencia\/"},{"@type":"ListItem","position":3,"name":"Biometano","item":"https:\/\/www.fiorentini-iberia.com\/es\/experiencia\/biometano\/"},{"@type":"ListItem","position":4,"name":"Cogeneraci\u00f3n de biog\u00e1s con turbina"}]},{"@type":"WebSite","@id":"https:\/\/www.fiorentini-iberia.com\/es\/#website","url":"https:\/\/www.fiorentini-iberia.com\/es\/","name":"Pietro Fiorentini Iberia","description":"Pietro Fiorentini dise\u00f1a y fabrica componentes, sistemas y servicios para la regulaci\u00f3n, medici\u00f3n, gesti\u00f3n de redes de agua, energ\u00edas renovables, petr\u00f3leo y el gas natural, con sistemas adaptados 100% al hidr\u00f3geno.","publisher":{"@id":"https:\/\/www.fiorentini-iberia.com\/es\/#organization"},"potentialAction":[{"@type":"SearchAction","target":{"@type":"EntryPoint","urlTemplate":"https:\/\/www.fiorentini-iberia.com\/es\/?s={search_term_string}"},"query-input":{"@type":"PropertyValueSpecification","valueRequired":true,"valueName":"search_term_string"}}],"inLanguage":"es"},{"@type":"Organization","@id":"https:\/\/www.fiorentini-iberia.com\/es\/#organization","name":"Pietro Fiorentini Iberia","url":"https:\/\/www.fiorentini-iberia.com\/es\/","logo":{"@type":"ImageObject","inLanguage":"es","@id":"https:\/\/www.fiorentini-iberia.com\/es\/#\/schema\/logo\/image\/","url":"https:\/\/www.fiorentini-iberia.com\/wp-content\/uploads\/2020\/11\/logo.svg","contentUrl":"https:\/\/www.fiorentini-iberia.com\/wp-content\/uploads\/2020\/11\/logo.svg","width":227,"height":59,"caption":"Pietro Fiorentini Iberia"},"image":{"@id":"https:\/\/www.fiorentini-iberia.com\/es\/#\/schema\/logo\/image\/"},"sameAs":["https:\/\/x.com\/FiorentiniSpa","https:\/\/www.linkedin.com\/company\/pietro-fiorentini-iberia\/"]}]}},"_links":{"self":[{"href":"https:\/\/www.fiorentini-iberia.com\/es\/wp-json\/wp\/v2\/pages\/50488","targetHints":{"allow":["GET"]}}],"collection":[{"href":"https:\/\/www.fiorentini-iberia.com\/es\/wp-json\/wp\/v2\/pages"}],"about":[{"href":"https:\/\/www.fiorentini-iberia.com\/es\/wp-json\/wp\/v2\/types\/page"}],"author":[{"embeddable":true,"href":"https:\/\/www.fiorentini-iberia.com\/es\/wp-json\/wp\/v2\/users\/15"}],"replies":[{"embeddable":true,"href":"https:\/\/www.fiorentini-iberia.com\/es\/wp-json\/wp\/v2\/comments?post=50488"}],"version-history":[{"count":1,"href":"https:\/\/www.fiorentini-iberia.com\/es\/wp-json\/wp\/v2\/pages\/50488\/revisions"}],"predecessor-version":[{"id":50493,"href":"https:\/\/www.fiorentini-iberia.com\/es\/wp-json\/wp\/v2\/pages\/50488\/revisions\/50493"}],"up":[{"embeddable":true,"href":"https:\/\/www.fiorentini-iberia.com\/es\/wp-json\/wp\/v2\/pages\/48210"}],"wp:attachment":[{"href":"https:\/\/www.fiorentini-iberia.com\/es\/wp-json\/wp\/v2\/media?parent=50488"}],"curies":[{"name":"wp","href":"https:\/\/api.w.org\/{rel}","templated":true}]}}