{"id":50519,"date":"2024-03-15T11:20:21","date_gmt":"2024-03-15T10:20:21","guid":{"rendered":"https:\/\/www.fiorentini-iberia.com\/experiencia\/biometano\/coke-oven-gas-recovery\/"},"modified":"2024-03-15T14:10:08","modified_gmt":"2024-03-15T13:10:08","slug":"recuperacion-de-gas-de-horno-de-coque","status":"publish","type":"page","link":"https:\/\/www.fiorentini-iberia.com\/es\/experiencia\/biometano\/recuperacion-de-gas-de-horno-de-coque\/","title":{"rendered":"Recuperaci\u00f3n de gas de horno de coque"},"content":{"rendered":"\n<p><strong>Aumentar la eficacia de la siderurgia<\/strong>: Con el fin de utilizar el gas de proceso en una caldera de vapor de 2 MW, hemos suministrado recientemente un elevador de presi\u00f3n de gas con tambor extractor para la filtraci\u00f3n fina de contaminantes s\u00f3lidos y un sistema de control de temperatura para enfriar el gas a la temperatura requerida por el quemador.\u00a0<\/p>\n\n\n\n<figure class=\"wp-block-embed is-type-video is-provider-youtube wp-block-embed-youtube wp-embed-aspect-16-9 wp-has-aspect-ratio\"><div class=\"wp-block-embed__wrapper\">\n<iframe loading=\"lazy\" title=\"Hydrogen Plant in ArcelorMittal\" width=\"500\" height=\"281\" src=\"https:\/\/www.youtube.com\/embed\/I_NwiYDdViY?feature=oembed\" frameborder=\"0\" allow=\"accelerometer; autoplay; clipboard-write; encrypted-media; gyroscope; picture-in-picture; web-share\" referrerpolicy=\"strict-origin-when-cross-origin\" allowfullscreen><\/iframe>\n<\/div><\/figure>\n\n\n\n<p>Cliente:\u00a0<strong>ArcelorMittal<\/strong><br>Pa\u00eds:\u00a0<strong>Bosnia<\/strong><br>\u00a0<br>ArcelorMittal es<strong> la mayor empresa sider\u00fargica del mundo<\/strong>, con presencia en m\u00e1s de 60 pa\u00edses. Ha liderado la consolidaci\u00f3n del sector sider\u00fargico internacional, y hoy se considera el \u00fanico productor de acero verdaderamente global.<br>\u00a0\u00a0<br><a href=\"https:\/\/www.bio-komp.com\/estudio-de-caso\" target=\"_blank\" rel=\"noreferrer noopener\"><strong>> M\u00e1s informaci\u00f3n sobre el estudio de caso en este enlace.<\/strong><\/a><br><a href=\"https:\/\/www.bio-komp.com\/filedata\/BIOKOMP_Industrial_Gas_2018.pdf\" target=\"_blank\" rel=\"noreferrer noopener\"><strong>> Descargar la ficha t\u00e9cnica de Soluciones para gases industriales.<\/strong><\/a><br>\u00a0<\/p>\n\n\n\n<figure class=\"wp-block-image size-large\"><img decoding=\"async\" src=\"https:\/\/www.fiorentini-iberia.com\/wp-content\/uploads\/2024\/02\/case-study-01.jpg\" alt=\"\"\/><\/figure>\n\n\n\n<p>&nbsp;<\/p>\n\n\n\n<p class=\"has-text-color has-link-color has-large-font-size wp-elements-dd9fa9057511a5956b95e3948f114946\" style=\"color:#199782\"><strong>> <\/strong><a href=\"https:\/\/www.bio-komp.com\/impianti\/128\/ARCELOR-MITTAL.html\" target=\"_blank\" rel=\"noreferrer noopener\"><strong>M\u00e1s detalles del proyecto.<\/strong><\/a><\/p>\n\n\n\n<div style=\"height:20px\" aria-hidden=\"true\" class=\"wp-block-spacer\"><\/div>\n\n\n\n<p class=\"has-text-color has-link-color has-large-font-size wp-elements-bdf98172a97590b973cee565fc66330f\" style=\"color:#199782\"><strong>><\/strong>  <strong><a href=\"https:\/\/www.fiorentini-iberia.com\/es\/noticias\/biokomp-planta-de-tratamiento-de-biogas\/\">Visite la noticia de presentaci\u00f3n BIOKOMP.<\/a><\/strong> <\/p>\n","protected":false},"excerpt":{"rendered":"<p>Aumentar la eficacia de la siderurgia: Con el fin de utilizar el gas de proceso en una caldera de vapor de 2 MW, hemos suministrado recientemente un elevador de presi\u00f3n de gas con tambor extractor para la filtraci\u00f3n fina de contaminantes s\u00f3lidos y un sistema de control de temperatura para enfriar el gas a la temperatura requerida por el quemador.<\/p>\n","protected":false},"author":15,"featured_media":0,"parent":48210,"menu_order":0,"comment_status":"closed","ping_status":"closed","template":"template-expertise-post.php","meta":{"_acf_changed":false,"inline_featured_image":false,"footnotes":""},"class_list":["post-50519","page","type-page","status-publish","hentry"],"acf":[],"yoast_head":"<!-- This site is optimized with the Yoast SEO plugin v27.2 - https:\/\/yoast.com\/product\/yoast-seo-wordpress\/ -->\n<title>Recuperaci\u00f3n de gas de horno de coque - Pietro Fiorentini Iberia<\/title>\n<meta name=\"description\" content=\"Hemos suministrado recientemente un elevador de presi\u00f3n de gas con tambor extractor para la filtraci\u00f3n fina de contaminantes s\u00f3lidos.\" \/>\n<meta name=\"robots\" content=\"index, follow, max-snippet:-1, max-image-preview:large, max-video-preview:-1\" \/>\n<link rel=\"canonical\" href=\"https:\/\/www.fiorentini-iberia.com\/es\/experiencia\/biometano\/recuperacion-de-gas-de-horno-de-coque\/\" \/>\n<meta property=\"og:locale\" content=\"es_ES\" \/>\n<meta property=\"og:type\" content=\"article\" \/>\n<meta property=\"og:title\" content=\"Recuperaci\u00f3n de gas de horno de coque - Pietro Fiorentini Iberia\" \/>\n<meta property=\"og:description\" content=\"Hemos suministrado recientemente un elevador de presi\u00f3n de gas con tambor extractor para la filtraci\u00f3n fina de contaminantes s\u00f3lidos.\" \/>\n<meta property=\"og:url\" content=\"https:\/\/www.fiorentini-iberia.com\/es\/experiencia\/biometano\/recuperacion-de-gas-de-horno-de-coque\/\" \/>\n<meta property=\"og:site_name\" content=\"Pietro Fiorentini Iberia\" \/>\n<meta property=\"article:modified_time\" content=\"2024-03-15T13:10:08+00:00\" \/>\n<meta property=\"og:image\" content=\"https:\/\/www.fiorentini-iberia.com\/wp-content\/uploads\/2024\/02\/case-study-01.jpg\" \/>\n<meta name=\"twitter:card\" content=\"summary_large_image\" \/>\n<meta name=\"twitter:site\" content=\"@FiorentiniSpa\" \/>\n<meta name=\"twitter:label1\" content=\"Tiempo de lectura\" \/>\n\t<meta name=\"twitter:data1\" content=\"1 minuto\" \/>\n<script type=\"application\/ld+json\" class=\"yoast-schema-graph\">{\"@context\":\"https:\/\/schema.org\",\"@graph\":[{\"@type\":\"WebPage\",\"@id\":\"https:\/\/www.fiorentini-iberia.com\/es\/experiencia\/biometano\/recuperacion-de-gas-de-horno-de-coque\/\",\"url\":\"https:\/\/www.fiorentini-iberia.com\/es\/experiencia\/biometano\/recuperacion-de-gas-de-horno-de-coque\/\",\"name\":\"Recuperaci\u00f3n de gas de horno de coque - Pietro Fiorentini Iberia\",\"isPartOf\":{\"@id\":\"https:\/\/www.fiorentini-iberia.com\/es\/#website\"},\"primaryImageOfPage\":{\"@id\":\"https:\/\/www.fiorentini-iberia.com\/es\/experiencia\/biometano\/recuperacion-de-gas-de-horno-de-coque\/#primaryimage\"},\"image\":{\"@id\":\"https:\/\/www.fiorentini-iberia.com\/es\/experiencia\/biometano\/recuperacion-de-gas-de-horno-de-coque\/#primaryimage\"},\"thumbnailUrl\":\"https:\/\/www.fiorentini-iberia.com\/wp-content\/uploads\/2024\/02\/case-study-01.jpg\",\"datePublished\":\"2024-03-15T10:20:21+00:00\",\"dateModified\":\"2024-03-15T13:10:08+00:00\",\"description\":\"Hemos suministrado recientemente un elevador de presi\u00f3n de gas con tambor extractor para la filtraci\u00f3n fina de contaminantes s\u00f3lidos.\",\"breadcrumb\":{\"@id\":\"https:\/\/www.fiorentini-iberia.com\/es\/experiencia\/biometano\/recuperacion-de-gas-de-horno-de-coque\/#breadcrumb\"},\"inLanguage\":\"es\",\"potentialAction\":[{\"@type\":\"ReadAction\",\"target\":[\"https:\/\/www.fiorentini-iberia.com\/es\/experiencia\/biometano\/recuperacion-de-gas-de-horno-de-coque\/\"]}]},{\"@type\":\"ImageObject\",\"inLanguage\":\"es\",\"@id\":\"https:\/\/www.fiorentini-iberia.com\/es\/experiencia\/biometano\/recuperacion-de-gas-de-horno-de-coque\/#primaryimage\",\"url\":\"https:\/\/www.fiorentini-iberia.com\/wp-content\/uploads\/2024\/02\/case-study-01.jpg\",\"contentUrl\":\"https:\/\/www.fiorentini-iberia.com\/wp-content\/uploads\/2024\/02\/case-study-01.jpg\"},{\"@type\":\"BreadcrumbList\",\"@id\":\"https:\/\/www.fiorentini-iberia.com\/es\/experiencia\/biometano\/recuperacion-de-gas-de-horno-de-coque\/#breadcrumb\",\"itemListElement\":[{\"@type\":\"ListItem\",\"position\":1,\"name\":\"Home\",\"item\":\"https:\/\/www.fiorentini-iberia.com\/es\/\"},{\"@type\":\"ListItem\",\"position\":2,\"name\":\"Experiencia\",\"item\":\"https:\/\/www.fiorentini-iberia.com\/es\/experiencia\/\"},{\"@type\":\"ListItem\",\"position\":3,\"name\":\"Biometano\",\"item\":\"https:\/\/www.fiorentini-iberia.com\/es\/experiencia\/biometano\/\"},{\"@type\":\"ListItem\",\"position\":4,\"name\":\"Recuperaci\u00f3n de gas de horno de coque\"}]},{\"@type\":\"WebSite\",\"@id\":\"https:\/\/www.fiorentini-iberia.com\/es\/#website\",\"url\":\"https:\/\/www.fiorentini-iberia.com\/es\/\",\"name\":\"Pietro Fiorentini Iberia\",\"description\":\"Pietro Fiorentini dise\u00f1a y fabrica componentes, sistemas y servicios para la regulaci\u00f3n, medici\u00f3n, gesti\u00f3n de redes de agua, energ\u00edas renovables, petr\u00f3leo y el gas natural, con sistemas adaptados 100% al hidr\u00f3geno.\",\"publisher\":{\"@id\":\"https:\/\/www.fiorentini-iberia.com\/es\/#organization\"},\"potentialAction\":[{\"@type\":\"SearchAction\",\"target\":{\"@type\":\"EntryPoint\",\"urlTemplate\":\"https:\/\/www.fiorentini-iberia.com\/es\/?s={search_term_string}\"},\"query-input\":{\"@type\":\"PropertyValueSpecification\",\"valueRequired\":true,\"valueName\":\"search_term_string\"}}],\"inLanguage\":\"es\"},{\"@type\":\"Organization\",\"@id\":\"https:\/\/www.fiorentini-iberia.com\/es\/#organization\",\"name\":\"Pietro Fiorentini Iberia\",\"url\":\"https:\/\/www.fiorentini-iberia.com\/es\/\",\"logo\":{\"@type\":\"ImageObject\",\"inLanguage\":\"es\",\"@id\":\"https:\/\/www.fiorentini-iberia.com\/es\/#\/schema\/logo\/image\/\",\"url\":\"https:\/\/www.fiorentini-iberia.com\/wp-content\/uploads\/2020\/11\/logo.svg\",\"contentUrl\":\"https:\/\/www.fiorentini-iberia.com\/wp-content\/uploads\/2020\/11\/logo.svg\",\"width\":227,\"height\":59,\"caption\":\"Pietro Fiorentini Iberia\"},\"image\":{\"@id\":\"https:\/\/www.fiorentini-iberia.com\/es\/#\/schema\/logo\/image\/\"},\"sameAs\":[\"https:\/\/x.com\/FiorentiniSpa\",\"https:\/\/www.linkedin.com\/company\/pietro-fiorentini-iberia\/\"]}]}<\/script>\n<!-- \/ Yoast SEO plugin. -->","yoast_head_json":{"title":"Recuperaci\u00f3n de gas de horno de coque - Pietro Fiorentini Iberia","description":"Hemos suministrado recientemente un elevador de presi\u00f3n de gas con tambor extractor para la filtraci\u00f3n fina de contaminantes s\u00f3lidos.","robots":{"index":"index","follow":"follow","max-snippet":"max-snippet:-1","max-image-preview":"max-image-preview:large","max-video-preview":"max-video-preview:-1"},"canonical":"https:\/\/www.fiorentini-iberia.com\/es\/experiencia\/biometano\/recuperacion-de-gas-de-horno-de-coque\/","og_locale":"es_ES","og_type":"article","og_title":"Recuperaci\u00f3n de gas de horno de coque - Pietro Fiorentini Iberia","og_description":"Hemos suministrado recientemente un elevador de presi\u00f3n de gas con tambor extractor para la filtraci\u00f3n fina de contaminantes s\u00f3lidos.","og_url":"https:\/\/www.fiorentini-iberia.com\/es\/experiencia\/biometano\/recuperacion-de-gas-de-horno-de-coque\/","og_site_name":"Pietro Fiorentini Iberia","article_modified_time":"2024-03-15T13:10:08+00:00","og_image":[{"url":"https:\/\/www.fiorentini-iberia.com\/wp-content\/uploads\/2024\/02\/case-study-01.jpg","type":"","width":"","height":""}],"twitter_card":"summary_large_image","twitter_site":"@FiorentiniSpa","twitter_misc":{"Tiempo de lectura":"1 minuto"},"schema":{"@context":"https:\/\/schema.org","@graph":[{"@type":"WebPage","@id":"https:\/\/www.fiorentini-iberia.com\/es\/experiencia\/biometano\/recuperacion-de-gas-de-horno-de-coque\/","url":"https:\/\/www.fiorentini-iberia.com\/es\/experiencia\/biometano\/recuperacion-de-gas-de-horno-de-coque\/","name":"Recuperaci\u00f3n de gas de horno de coque - Pietro Fiorentini Iberia","isPartOf":{"@id":"https:\/\/www.fiorentini-iberia.com\/es\/#website"},"primaryImageOfPage":{"@id":"https:\/\/www.fiorentini-iberia.com\/es\/experiencia\/biometano\/recuperacion-de-gas-de-horno-de-coque\/#primaryimage"},"image":{"@id":"https:\/\/www.fiorentini-iberia.com\/es\/experiencia\/biometano\/recuperacion-de-gas-de-horno-de-coque\/#primaryimage"},"thumbnailUrl":"https:\/\/www.fiorentini-iberia.com\/wp-content\/uploads\/2024\/02\/case-study-01.jpg","datePublished":"2024-03-15T10:20:21+00:00","dateModified":"2024-03-15T13:10:08+00:00","description":"Hemos suministrado recientemente un elevador de presi\u00f3n de gas con tambor extractor para la filtraci\u00f3n fina de contaminantes s\u00f3lidos.","breadcrumb":{"@id":"https:\/\/www.fiorentini-iberia.com\/es\/experiencia\/biometano\/recuperacion-de-gas-de-horno-de-coque\/#breadcrumb"},"inLanguage":"es","potentialAction":[{"@type":"ReadAction","target":["https:\/\/www.fiorentini-iberia.com\/es\/experiencia\/biometano\/recuperacion-de-gas-de-horno-de-coque\/"]}]},{"@type":"ImageObject","inLanguage":"es","@id":"https:\/\/www.fiorentini-iberia.com\/es\/experiencia\/biometano\/recuperacion-de-gas-de-horno-de-coque\/#primaryimage","url":"https:\/\/www.fiorentini-iberia.com\/wp-content\/uploads\/2024\/02\/case-study-01.jpg","contentUrl":"https:\/\/www.fiorentini-iberia.com\/wp-content\/uploads\/2024\/02\/case-study-01.jpg"},{"@type":"BreadcrumbList","@id":"https:\/\/www.fiorentini-iberia.com\/es\/experiencia\/biometano\/recuperacion-de-gas-de-horno-de-coque\/#breadcrumb","itemListElement":[{"@type":"ListItem","position":1,"name":"Home","item":"https:\/\/www.fiorentini-iberia.com\/es\/"},{"@type":"ListItem","position":2,"name":"Experiencia","item":"https:\/\/www.fiorentini-iberia.com\/es\/experiencia\/"},{"@type":"ListItem","position":3,"name":"Biometano","item":"https:\/\/www.fiorentini-iberia.com\/es\/experiencia\/biometano\/"},{"@type":"ListItem","position":4,"name":"Recuperaci\u00f3n de gas de horno de coque"}]},{"@type":"WebSite","@id":"https:\/\/www.fiorentini-iberia.com\/es\/#website","url":"https:\/\/www.fiorentini-iberia.com\/es\/","name":"Pietro Fiorentini Iberia","description":"Pietro Fiorentini dise\u00f1a y fabrica componentes, sistemas y servicios para la regulaci\u00f3n, medici\u00f3n, gesti\u00f3n de redes de agua, energ\u00edas renovables, petr\u00f3leo y el gas natural, con sistemas adaptados 100% al hidr\u00f3geno.","publisher":{"@id":"https:\/\/www.fiorentini-iberia.com\/es\/#organization"},"potentialAction":[{"@type":"SearchAction","target":{"@type":"EntryPoint","urlTemplate":"https:\/\/www.fiorentini-iberia.com\/es\/?s={search_term_string}"},"query-input":{"@type":"PropertyValueSpecification","valueRequired":true,"valueName":"search_term_string"}}],"inLanguage":"es"},{"@type":"Organization","@id":"https:\/\/www.fiorentini-iberia.com\/es\/#organization","name":"Pietro Fiorentini Iberia","url":"https:\/\/www.fiorentini-iberia.com\/es\/","logo":{"@type":"ImageObject","inLanguage":"es","@id":"https:\/\/www.fiorentini-iberia.com\/es\/#\/schema\/logo\/image\/","url":"https:\/\/www.fiorentini-iberia.com\/wp-content\/uploads\/2020\/11\/logo.svg","contentUrl":"https:\/\/www.fiorentini-iberia.com\/wp-content\/uploads\/2020\/11\/logo.svg","width":227,"height":59,"caption":"Pietro Fiorentini Iberia"},"image":{"@id":"https:\/\/www.fiorentini-iberia.com\/es\/#\/schema\/logo\/image\/"},"sameAs":["https:\/\/x.com\/FiorentiniSpa","https:\/\/www.linkedin.com\/company\/pietro-fiorentini-iberia\/"]}]}},"_links":{"self":[{"href":"https:\/\/www.fiorentini-iberia.com\/es\/wp-json\/wp\/v2\/pages\/50519","targetHints":{"allow":["GET"]}}],"collection":[{"href":"https:\/\/www.fiorentini-iberia.com\/es\/wp-json\/wp\/v2\/pages"}],"about":[{"href":"https:\/\/www.fiorentini-iberia.com\/es\/wp-json\/wp\/v2\/types\/page"}],"author":[{"embeddable":true,"href":"https:\/\/www.fiorentini-iberia.com\/es\/wp-json\/wp\/v2\/users\/15"}],"replies":[{"embeddable":true,"href":"https:\/\/www.fiorentini-iberia.com\/es\/wp-json\/wp\/v2\/comments?post=50519"}],"version-history":[{"count":1,"href":"https:\/\/www.fiorentini-iberia.com\/es\/wp-json\/wp\/v2\/pages\/50519\/revisions"}],"predecessor-version":[{"id":50521,"href":"https:\/\/www.fiorentini-iberia.com\/es\/wp-json\/wp\/v2\/pages\/50519\/revisions\/50521"}],"up":[{"embeddable":true,"href":"https:\/\/www.fiorentini-iberia.com\/es\/wp-json\/wp\/v2\/pages\/48210"}],"wp:attachment":[{"href":"https:\/\/www.fiorentini-iberia.com\/es\/wp-json\/wp\/v2\/media?parent=50519"}],"curies":[{"name":"wp","href":"https:\/\/api.w.org\/{rel}","templated":true}]}}