{"id":50547,"date":"2024-03-14T23:50:42","date_gmt":"2024-03-14T22:50:42","guid":{"rendered":"https:\/\/www.fiorentini-iberia.com\/experiencia\/hidrogeno\/plt-energia\/"},"modified":"2024-03-15T18:22:24","modified_gmt":"2024-03-15T17:22:24","slug":"plt-energia","status":"publish","type":"page","link":"https:\/\/www.fiorentini-iberia.com\/es\/experiencia\/hidrogeno\/plt-energia\/","title":{"rendered":"PLT ENERGIA"},"content":{"rendered":"\n<p class=\"has-text-color has-link-color wp-elements-e465e0b10eaff8c805b5532ecb42929e\" style=\"color:#199782;font-size:24px\"><strong>UNA PLANTA DE HIDR\u00d3GENO VERDE PARA PLT ENERGIA GRACIAS AL ELECTROLIZADOR HYTER<\/strong><\/p>\n\n\n\n<div style=\"height:35px\" aria-hidden=\"true\" class=\"wp-block-spacer\"><\/div>\n\n\n\n<figure class=\"wp-block-image size-large is-resized\"><img loading=\"lazy\" decoding=\"async\" width=\"1024\" height=\"384\" src=\"https:\/\/www.fiorentini-iberia.com\/wp-content\/uploads\/2024\/03\/Hyter-Electrolyser-1024x384.jpg\" alt=\"\" class=\"wp-image-50080\" style=\"width:1031px;height:auto\" srcset=\"https:\/\/www.fiorentini-iberia.com\/wp-content\/uploads\/2024\/03\/Hyter-Electrolyser-1024x384.jpg 1024w, https:\/\/www.fiorentini-iberia.com\/wp-content\/uploads\/2024\/03\/Hyter-Electrolyser-300x113.jpg 300w, https:\/\/www.fiorentini-iberia.com\/wp-content\/uploads\/2024\/03\/Hyter-Electrolyser-768x288.jpg 768w, https:\/\/www.fiorentini-iberia.com\/wp-content\/uploads\/2024\/03\/Hyter-Electrolyser-1536x576.jpg 1536w, https:\/\/www.fiorentini-iberia.com\/wp-content\/uploads\/2024\/03\/Hyter-Electrolyser.jpg 1600w\" sizes=\"auto, (max-width: 1024px) 100vw, 1024px\" \/><\/figure>\n\n\n\n<div style=\"height:28px\" aria-hidden=\"true\" class=\"wp-block-spacer\"><\/div>\n\n\n\n<p>Con el innovador electrolizador suministrado por Hyter, empresa del&nbsp;<a href=\"https:\/\/www.fiorentini-iberia.com\/es\/grupo-pietro-fiorentini\/\"><strong>Grupo Pietro Fiorentini<\/strong><\/a>, PLT energia podr\u00e1&nbsp;<strong>utilizar el hidr\u00f3geno verde como vector energ\u00e9tico<\/strong>&nbsp;para hacer a\u00fan m\u00e1s sostenibles sus oficinas.<\/p>\n\n\n\n<p><a href=\"https:\/\/www.pltenergia.it\/EN\/\" target=\"_blank\" rel=\"noreferrer noopener\"><strong>PLT energia<\/strong><\/a>&nbsp;lleva<strong>&nbsp;15 a\u00f1os<\/strong>&nbsp;presidiendo&nbsp;<strong>toda la cadena de valor de las renovables<\/strong>, desde el dise\u00f1o de plantas e\u00f3licas y fotovoltaicas hasta la venta directa de energ\u00eda. Ahora, experimentar\u00e1 por primera vez esta tecnolog\u00eda para reducir a cero las emisiones de CO2 de sus oficinas y adquirir&nbsp;<strong>conocimientos estrat\u00e9gicos para un desarrollo a gran escala<\/strong>.<\/p>\n\n\n\n<p><strong>PLT energia Srl<\/strong>&nbsp;es una empresa que gestiona&nbsp;<strong>plantas fotovoltaicas, e\u00f3licas, minie\u00f3licas y de biomasa<\/strong>&nbsp;en Italia y en el extranjero.<\/p>\n\n\n\n<p>El proyecto se centra en la adquisici\u00f3n de la nueva planta construida por&nbsp;<strong>Hyter<\/strong>: una joya tecnol\u00f3gica para la generaci\u00f3n de hidr\u00f3geno verde mediante la electr\u00f3lisis del agua, utilizando la&nbsp;<strong>innovadora tecnolog\u00eda AEMWE<\/strong>, Anion Exchange Membrane Water Electrolyser.<\/p>\n\n\n\n<p>&nbsp;<\/p>\n\n\n\n<p class=\"has-text-color has-link-color has-large-font-size wp-elements-69675b4208a5396ab9faedc0d6b229a0\" style=\"color:#199782\"><strong>> <\/strong><a href=\"https:\/\/hyter.it\/en\/plt-energia\/?bk=1\" target=\"_blank\" rel=\"noreferrer noopener\"><strong>M\u00e1s informaci\u00f3n del proyecto.<\/strong><\/a><\/p>\n\n\n\n<div style=\"height:20px\" aria-hidden=\"true\" class=\"wp-block-spacer\"><\/div>\n\n\n\n<p class=\"has-text-color has-link-color has-large-font-size wp-elements-cb8fe8a54ffd1341b6e124845328fcec\" style=\"color:#199782\"><strong>><\/strong>  <strong><a href=\"https:\/\/www.fiorentini-iberia.com\/es\/noticias\/hyter-generacion-ecologica-de-hidrogeno-mediante-electrolisis\/\">Visite la noticia de presentaci\u00f3n HYTER.<\/a><\/strong><\/p>\n","protected":false},"excerpt":{"rendered":"<p>Una planta de hidr\u00f3geno verde para PLT Energia gracias al electrolizador Hyter<br \/>\n\u00a0<br \/>\nCon el innovador electrolizador suministrado por Hyter, empresa del Grupo Pietro Fiorentini, PLT energia podr\u00e1 utilizar el hidr\u00f3geno verde como vector energ\u00e9tico para hacer a\u00fan m\u00e1s sostenibles sus oficinas.<\/p>\n","protected":false},"author":15,"featured_media":0,"parent":48274,"menu_order":0,"comment_status":"closed","ping_status":"closed","template":"template-expertise-post.php","meta":{"_acf_changed":false,"inline_featured_image":false,"footnotes":""},"class_list":["post-50547","page","type-page","status-publish","hentry"],"acf":[],"yoast_head":"<!-- This site is optimized with the Yoast SEO plugin v27.2 - https:\/\/yoast.com\/product\/yoast-seo-wordpress\/ -->\n<title>PLT ENERGIA - Pietro Fiorentini Iberia<\/title>\n<meta name=\"description\" content=\"Con el innovador electrolizador suministrado por Hyter, empresa del Grupo Pietro Fiorentini, PLT energia podr\u00e1 utilizar el hidr\u00f3geno verde como vector energ\u00e9tico para hacer a\u00fan m\u00e1s sostenibles sus oficinas.\" \/>\n<meta name=\"robots\" content=\"index, follow, max-snippet:-1, max-image-preview:large, max-video-preview:-1\" \/>\n<link rel=\"canonical\" href=\"https:\/\/www.fiorentini-iberia.com\/es\/experiencia\/hidrogeno\/plt-energia\/\" \/>\n<meta property=\"og:locale\" content=\"es_ES\" \/>\n<meta property=\"og:type\" content=\"article\" \/>\n<meta property=\"og:title\" content=\"PLT ENERGIA - Pietro Fiorentini Iberia\" \/>\n<meta property=\"og:description\" content=\"Con el innovador electrolizador suministrado por Hyter, empresa del Grupo Pietro Fiorentini, PLT energia podr\u00e1 utilizar el hidr\u00f3geno verde como vector energ\u00e9tico para hacer a\u00fan m\u00e1s sostenibles sus oficinas.\" \/>\n<meta property=\"og:url\" content=\"https:\/\/www.fiorentini-iberia.com\/es\/experiencia\/hidrogeno\/plt-energia\/\" \/>\n<meta property=\"og:site_name\" content=\"Pietro Fiorentini Iberia\" \/>\n<meta property=\"article:modified_time\" content=\"2024-03-15T17:22:24+00:00\" \/>\n<meta property=\"og:image\" content=\"https:\/\/www.fiorentini-iberia.com\/wp-content\/uploads\/2024\/03\/Hyter-Electrolyser-1024x384.jpg\" \/>\n<meta name=\"twitter:card\" content=\"summary_large_image\" \/>\n<meta name=\"twitter:site\" content=\"@FiorentiniSpa\" \/>\n<meta name=\"twitter:label1\" content=\"Tiempo de lectura\" \/>\n\t<meta name=\"twitter:data1\" content=\"1 minuto\" \/>\n<script type=\"application\/ld+json\" class=\"yoast-schema-graph\">{\"@context\":\"https:\/\/schema.org\",\"@graph\":[{\"@type\":\"WebPage\",\"@id\":\"https:\/\/www.fiorentini-iberia.com\/es\/experiencia\/hidrogeno\/plt-energia\/\",\"url\":\"https:\/\/www.fiorentini-iberia.com\/es\/experiencia\/hidrogeno\/plt-energia\/\",\"name\":\"PLT ENERGIA - Pietro Fiorentini Iberia\",\"isPartOf\":{\"@id\":\"https:\/\/www.fiorentini-iberia.com\/es\/#website\"},\"primaryImageOfPage\":{\"@id\":\"https:\/\/www.fiorentini-iberia.com\/es\/experiencia\/hidrogeno\/plt-energia\/#primaryimage\"},\"image\":{\"@id\":\"https:\/\/www.fiorentini-iberia.com\/es\/experiencia\/hidrogeno\/plt-energia\/#primaryimage\"},\"thumbnailUrl\":\"https:\/\/www.fiorentini-iberia.com\/wp-content\/uploads\/2024\/03\/Hyter-Electrolyser-1024x384.jpg\",\"datePublished\":\"2024-03-14T22:50:42+00:00\",\"dateModified\":\"2024-03-15T17:22:24+00:00\",\"description\":\"Con el innovador electrolizador suministrado por Hyter, empresa del Grupo Pietro Fiorentini, PLT energia podr\u00e1 utilizar el hidr\u00f3geno verde como vector energ\u00e9tico para hacer a\u00fan m\u00e1s sostenibles sus oficinas.\",\"breadcrumb\":{\"@id\":\"https:\/\/www.fiorentini-iberia.com\/es\/experiencia\/hidrogeno\/plt-energia\/#breadcrumb\"},\"inLanguage\":\"es\",\"potentialAction\":[{\"@type\":\"ReadAction\",\"target\":[\"https:\/\/www.fiorentini-iberia.com\/es\/experiencia\/hidrogeno\/plt-energia\/\"]}]},{\"@type\":\"ImageObject\",\"inLanguage\":\"es\",\"@id\":\"https:\/\/www.fiorentini-iberia.com\/es\/experiencia\/hidrogeno\/plt-energia\/#primaryimage\",\"url\":\"https:\/\/www.fiorentini-iberia.com\/wp-content\/uploads\/2024\/03\/Hyter-Electrolyser-1024x384.jpg\",\"contentUrl\":\"https:\/\/www.fiorentini-iberia.com\/wp-content\/uploads\/2024\/03\/Hyter-Electrolyser-1024x384.jpg\"},{\"@type\":\"BreadcrumbList\",\"@id\":\"https:\/\/www.fiorentini-iberia.com\/es\/experiencia\/hidrogeno\/plt-energia\/#breadcrumb\",\"itemListElement\":[{\"@type\":\"ListItem\",\"position\":1,\"name\":\"Home\",\"item\":\"https:\/\/www.fiorentini-iberia.com\/es\/\"},{\"@type\":\"ListItem\",\"position\":2,\"name\":\"Experiencia\",\"item\":\"https:\/\/www.fiorentini-iberia.com\/es\/experiencia\/\"},{\"@type\":\"ListItem\",\"position\":3,\"name\":\"Hidr\u00f3geno\",\"item\":\"https:\/\/www.fiorentini-iberia.com\/es\/experiencia\/hidrogeno\/\"},{\"@type\":\"ListItem\",\"position\":4,\"name\":\"PLT ENERGIA\"}]},{\"@type\":\"WebSite\",\"@id\":\"https:\/\/www.fiorentini-iberia.com\/es\/#website\",\"url\":\"https:\/\/www.fiorentini-iberia.com\/es\/\",\"name\":\"Pietro Fiorentini Iberia\",\"description\":\"Pietro Fiorentini dise\u00f1a y fabrica componentes, sistemas y servicios para la regulaci\u00f3n, medici\u00f3n, gesti\u00f3n de redes de agua, energ\u00edas renovables, petr\u00f3leo y el gas natural, con sistemas adaptados 100% al hidr\u00f3geno.\",\"publisher\":{\"@id\":\"https:\/\/www.fiorentini-iberia.com\/es\/#organization\"},\"potentialAction\":[{\"@type\":\"SearchAction\",\"target\":{\"@type\":\"EntryPoint\",\"urlTemplate\":\"https:\/\/www.fiorentini-iberia.com\/es\/?s={search_term_string}\"},\"query-input\":{\"@type\":\"PropertyValueSpecification\",\"valueRequired\":true,\"valueName\":\"search_term_string\"}}],\"inLanguage\":\"es\"},{\"@type\":\"Organization\",\"@id\":\"https:\/\/www.fiorentini-iberia.com\/es\/#organization\",\"name\":\"Pietro Fiorentini Iberia\",\"url\":\"https:\/\/www.fiorentini-iberia.com\/es\/\",\"logo\":{\"@type\":\"ImageObject\",\"inLanguage\":\"es\",\"@id\":\"https:\/\/www.fiorentini-iberia.com\/es\/#\/schema\/logo\/image\/\",\"url\":\"https:\/\/www.fiorentini-iberia.com\/wp-content\/uploads\/2020\/11\/logo.svg\",\"contentUrl\":\"https:\/\/www.fiorentini-iberia.com\/wp-content\/uploads\/2020\/11\/logo.svg\",\"width\":227,\"height\":59,\"caption\":\"Pietro Fiorentini Iberia\"},\"image\":{\"@id\":\"https:\/\/www.fiorentini-iberia.com\/es\/#\/schema\/logo\/image\/\"},\"sameAs\":[\"https:\/\/x.com\/FiorentiniSpa\",\"https:\/\/www.linkedin.com\/company\/pietro-fiorentini-iberia\/\"]}]}<\/script>\n<!-- \/ Yoast SEO plugin. -->","yoast_head_json":{"title":"PLT ENERGIA - Pietro Fiorentini Iberia","description":"Con el innovador electrolizador suministrado por Hyter, empresa del Grupo Pietro Fiorentini, PLT energia podr\u00e1 utilizar el hidr\u00f3geno verde como vector energ\u00e9tico para hacer a\u00fan m\u00e1s sostenibles sus oficinas.","robots":{"index":"index","follow":"follow","max-snippet":"max-snippet:-1","max-image-preview":"max-image-preview:large","max-video-preview":"max-video-preview:-1"},"canonical":"https:\/\/www.fiorentini-iberia.com\/es\/experiencia\/hidrogeno\/plt-energia\/","og_locale":"es_ES","og_type":"article","og_title":"PLT ENERGIA - Pietro Fiorentini Iberia","og_description":"Con el innovador electrolizador suministrado por Hyter, empresa del Grupo Pietro Fiorentini, PLT energia podr\u00e1 utilizar el hidr\u00f3geno verde como vector energ\u00e9tico para hacer a\u00fan m\u00e1s sostenibles sus oficinas.","og_url":"https:\/\/www.fiorentini-iberia.com\/es\/experiencia\/hidrogeno\/plt-energia\/","og_site_name":"Pietro Fiorentini Iberia","article_modified_time":"2024-03-15T17:22:24+00:00","og_image":[{"url":"https:\/\/www.fiorentini-iberia.com\/wp-content\/uploads\/2024\/03\/Hyter-Electrolyser-1024x384.jpg","type":"","width":"","height":""}],"twitter_card":"summary_large_image","twitter_site":"@FiorentiniSpa","twitter_misc":{"Tiempo de lectura":"1 minuto"},"schema":{"@context":"https:\/\/schema.org","@graph":[{"@type":"WebPage","@id":"https:\/\/www.fiorentini-iberia.com\/es\/experiencia\/hidrogeno\/plt-energia\/","url":"https:\/\/www.fiorentini-iberia.com\/es\/experiencia\/hidrogeno\/plt-energia\/","name":"PLT ENERGIA - Pietro Fiorentini Iberia","isPartOf":{"@id":"https:\/\/www.fiorentini-iberia.com\/es\/#website"},"primaryImageOfPage":{"@id":"https:\/\/www.fiorentini-iberia.com\/es\/experiencia\/hidrogeno\/plt-energia\/#primaryimage"},"image":{"@id":"https:\/\/www.fiorentini-iberia.com\/es\/experiencia\/hidrogeno\/plt-energia\/#primaryimage"},"thumbnailUrl":"https:\/\/www.fiorentini-iberia.com\/wp-content\/uploads\/2024\/03\/Hyter-Electrolyser-1024x384.jpg","datePublished":"2024-03-14T22:50:42+00:00","dateModified":"2024-03-15T17:22:24+00:00","description":"Con el innovador electrolizador suministrado por Hyter, empresa del Grupo Pietro Fiorentini, PLT energia podr\u00e1 utilizar el hidr\u00f3geno verde como vector energ\u00e9tico para hacer a\u00fan m\u00e1s sostenibles sus oficinas.","breadcrumb":{"@id":"https:\/\/www.fiorentini-iberia.com\/es\/experiencia\/hidrogeno\/plt-energia\/#breadcrumb"},"inLanguage":"es","potentialAction":[{"@type":"ReadAction","target":["https:\/\/www.fiorentini-iberia.com\/es\/experiencia\/hidrogeno\/plt-energia\/"]}]},{"@type":"ImageObject","inLanguage":"es","@id":"https:\/\/www.fiorentini-iberia.com\/es\/experiencia\/hidrogeno\/plt-energia\/#primaryimage","url":"https:\/\/www.fiorentini-iberia.com\/wp-content\/uploads\/2024\/03\/Hyter-Electrolyser-1024x384.jpg","contentUrl":"https:\/\/www.fiorentini-iberia.com\/wp-content\/uploads\/2024\/03\/Hyter-Electrolyser-1024x384.jpg"},{"@type":"BreadcrumbList","@id":"https:\/\/www.fiorentini-iberia.com\/es\/experiencia\/hidrogeno\/plt-energia\/#breadcrumb","itemListElement":[{"@type":"ListItem","position":1,"name":"Home","item":"https:\/\/www.fiorentini-iberia.com\/es\/"},{"@type":"ListItem","position":2,"name":"Experiencia","item":"https:\/\/www.fiorentini-iberia.com\/es\/experiencia\/"},{"@type":"ListItem","position":3,"name":"Hidr\u00f3geno","item":"https:\/\/www.fiorentini-iberia.com\/es\/experiencia\/hidrogeno\/"},{"@type":"ListItem","position":4,"name":"PLT ENERGIA"}]},{"@type":"WebSite","@id":"https:\/\/www.fiorentini-iberia.com\/es\/#website","url":"https:\/\/www.fiorentini-iberia.com\/es\/","name":"Pietro Fiorentini Iberia","description":"Pietro Fiorentini dise\u00f1a y fabrica componentes, sistemas y servicios para la regulaci\u00f3n, medici\u00f3n, gesti\u00f3n de redes de agua, energ\u00edas renovables, petr\u00f3leo y el gas natural, con sistemas adaptados 100% al hidr\u00f3geno.","publisher":{"@id":"https:\/\/www.fiorentini-iberia.com\/es\/#organization"},"potentialAction":[{"@type":"SearchAction","target":{"@type":"EntryPoint","urlTemplate":"https:\/\/www.fiorentini-iberia.com\/es\/?s={search_term_string}"},"query-input":{"@type":"PropertyValueSpecification","valueRequired":true,"valueName":"search_term_string"}}],"inLanguage":"es"},{"@type":"Organization","@id":"https:\/\/www.fiorentini-iberia.com\/es\/#organization","name":"Pietro Fiorentini Iberia","url":"https:\/\/www.fiorentini-iberia.com\/es\/","logo":{"@type":"ImageObject","inLanguage":"es","@id":"https:\/\/www.fiorentini-iberia.com\/es\/#\/schema\/logo\/image\/","url":"https:\/\/www.fiorentini-iberia.com\/wp-content\/uploads\/2020\/11\/logo.svg","contentUrl":"https:\/\/www.fiorentini-iberia.com\/wp-content\/uploads\/2020\/11\/logo.svg","width":227,"height":59,"caption":"Pietro Fiorentini Iberia"},"image":{"@id":"https:\/\/www.fiorentini-iberia.com\/es\/#\/schema\/logo\/image\/"},"sameAs":["https:\/\/x.com\/FiorentiniSpa","https:\/\/www.linkedin.com\/company\/pietro-fiorentini-iberia\/"]}]}},"_links":{"self":[{"href":"https:\/\/www.fiorentini-iberia.com\/es\/wp-json\/wp\/v2\/pages\/50547","targetHints":{"allow":["GET"]}}],"collection":[{"href":"https:\/\/www.fiorentini-iberia.com\/es\/wp-json\/wp\/v2\/pages"}],"about":[{"href":"https:\/\/www.fiorentini-iberia.com\/es\/wp-json\/wp\/v2\/types\/page"}],"author":[{"embeddable":true,"href":"https:\/\/www.fiorentini-iberia.com\/es\/wp-json\/wp\/v2\/users\/15"}],"replies":[{"embeddable":true,"href":"https:\/\/www.fiorentini-iberia.com\/es\/wp-json\/wp\/v2\/comments?post=50547"}],"version-history":[{"count":1,"href":"https:\/\/www.fiorentini-iberia.com\/es\/wp-json\/wp\/v2\/pages\/50547\/revisions"}],"predecessor-version":[{"id":50549,"href":"https:\/\/www.fiorentini-iberia.com\/es\/wp-json\/wp\/v2\/pages\/50547\/revisions\/50549"}],"up":[{"embeddable":true,"href":"https:\/\/www.fiorentini-iberia.com\/es\/wp-json\/wp\/v2\/pages\/48274"}],"wp:attachment":[{"href":"https:\/\/www.fiorentini-iberia.com\/es\/wp-json\/wp\/v2\/media?parent=50547"}],"curies":[{"name":"wp","href":"https:\/\/api.w.org\/{rel}","templated":true}]}}