{"id":50560,"date":"2024-03-15T00:08:52","date_gmt":"2024-03-14T23:08:52","guid":{"rendered":"https:\/\/www.fiorentini-iberia.com\/experiencia\/hidrogeno\/sirius\/"},"modified":"2024-03-15T18:44:16","modified_gmt":"2024-03-15T17:44:16","slug":"sirius","status":"publish","type":"page","link":"https:\/\/www.fiorentini-iberia.com\/es\/experiencia\/hidrogeno\/sirius\/","title":{"rendered":"SIRIUS"},"content":{"rendered":"\n<p class=\"has-text-color has-link-color wp-elements-955143af82c1f8d0a9de6a199658c672\" style=\"color:#199782;font-size:24px\"><strong>EL PROYECTO SIRIUS, DIRIGIDO POR HYTER, FIGURA ENTRE LOS GANADORES DE LA CONVOCATORIA MITE DE PROPUESTAS SOBRE INVESTIGACI\u00d3N DEL HIDR\u00d3GENO<\/strong><\/p>\n\n\n\n<div style=\"height:35px\" aria-hidden=\"true\" class=\"wp-block-spacer\"><\/div>\n\n\n\n<figure class=\"wp-block-image size-full is-resized\"><img loading=\"lazy\" decoding=\"async\" width=\"991\" height=\"495\" src=\"https:\/\/www.fiorentini-iberia.com\/wp-content\/uploads\/2024\/03\/Sirius_1.png\" alt=\"\" class=\"wp-image-50423\" style=\"width:1031px;height:auto\" srcset=\"https:\/\/www.fiorentini-iberia.com\/wp-content\/uploads\/2024\/03\/Sirius_1.png 991w, https:\/\/www.fiorentini-iberia.com\/wp-content\/uploads\/2024\/03\/Sirius_1-300x150.png 300w, https:\/\/www.fiorentini-iberia.com\/wp-content\/uploads\/2024\/03\/Sirius_1-768x384.png 768w\" sizes=\"auto, (max-width: 991px) 100vw, 991px\" \/><\/figure>\n\n\n\n<div style=\"height:54px\" aria-hidden=\"true\" class=\"wp-block-spacer\"><\/div>\n\n\n\n<p>Hyter se adjudic\u00f3 recientemente uno de los concursos de MiTE con el proyecto Sirius, que consiste en la construcci\u00f3n en un plazo de tres a\u00f1os del&nbsp;<strong>primer electrolizador del mundo con un tama\u00f1o superior a un megavatio basado en la tecnolog\u00eda AEMWE<\/strong>, Anion Exchange Membrane Water Electrolyser.<\/p>\n\n\n\n<p>El Departamento de Ciencias Qu\u00edmicas de la Universidad de Padua y MatRes llevar\u00e1n a cabo las actividades de investigaci\u00f3n encaminadas a&nbsp;<strong>mejorar el rendimiento de componentes espec\u00edficos<\/strong>&nbsp;(las c\u00e9lulas catalizadoras), explotando nuevos materiales nanoestructurados que propicien adem\u00e1s un menor impacto ambiental en comparaci\u00f3n con los que se utilizan actualmente. El proyecto ser\u00e1 completado por INRETE Distribuzione Energia con la construcci\u00f3n de la&nbsp;<strong>planta industrial experimental para la utilizaci\u00f3n del hidr\u00f3geno<\/strong>.<\/p>\n\n\n\n<p><br><strong>INRETE Distribuzione Energia S.p.A.<\/strong>&nbsp;gestiona la actividad de distribuci\u00f3n de gas natural y electricidad principalmente en la regi\u00f3n de Emilia Romagna, con la distribuci\u00f3n de gas en 143 municipios, m\u00e1s 3 en Toscana, y de electricidad en 24 municipios.<\/p>\n\n\n\n<p><strong>MBN Nanomaterialia<\/strong>&nbsp;opera en la promoci\u00f3n de materiales innovadores de alta tecnolog\u00eda y en la producci\u00f3n de soluciones de productos espec\u00edficos para clientes.<\/p>\n\n\n\n<p>&nbsp;<\/p>\n\n\n\n<p class=\"has-text-color has-link-color has-large-font-size wp-elements-b8a5d578928c63f715dbb2dd557ee345\" style=\"color:#199782\"><strong>> <\/strong><a href=\"https:\/\/hyter.it\/en\/sirius\/?bk=1\" target=\"_blank\" rel=\"noreferrer noopener\"><strong>M\u00e1s informaci\u00f3n del proyecto.<\/strong><\/a><\/p>\n\n\n\n<div style=\"height:20px\" aria-hidden=\"true\" class=\"wp-block-spacer\"><\/div>\n\n\n\n<p class=\"has-text-color has-link-color has-large-font-size wp-elements-cb8fe8a54ffd1341b6e124845328fcec\" style=\"color:#199782\"><strong>><\/strong>  <strong><a href=\"https:\/\/www.fiorentini-iberia.com\/es\/noticias\/hyter-generacion-ecologica-de-hidrogeno-mediante-electrolisis\/\">Visite la noticia de presentaci\u00f3n HYTER.<\/a><\/strong><\/p>\n","protected":false},"excerpt":{"rendered":"<p>El proyecto Sirius, dirigido por Hyter, figura entre los ganadores de la convocatoria MITE de propuestas sobre investigaci\u00f3n del hidr\u00f3geno.<br \/>\n\u00a0<br \/>\nHyter se adjudic\u00f3 recientemente uno de los concursos de MiTE con el proyecto Sirius, que consiste en la construcci\u00f3n en un plazo de tres a\u00f1os del\u00a0primer electrolizador del mundo con un tama\u00f1o superior a un megavatio basado en la tecnolog\u00eda AEMWE, Anion Exchange Membrane Water Electrolyser.<\/p>\n","protected":false},"author":15,"featured_media":0,"parent":48274,"menu_order":0,"comment_status":"closed","ping_status":"closed","template":"template-expertise-post.php","meta":{"_acf_changed":false,"inline_featured_image":false,"footnotes":""},"class_list":["post-50560","page","type-page","status-publish","hentry"],"acf":[],"yoast_head":"<!-- This site is optimized with the Yoast SEO plugin v27.2 - https:\/\/yoast.com\/product\/yoast-seo-wordpress\/ -->\n<title>SIRIUS - Pietro Fiorentini Iberia<\/title>\n<meta name=\"description\" content=\"El proyecto Sirius, dirigido por Hyter, figura entre los ganadores de la convocatoria MITE de propuestas sobre investigaci\u00f3n del hidr\u00f3geno.\" \/>\n<meta name=\"robots\" content=\"index, follow, max-snippet:-1, max-image-preview:large, max-video-preview:-1\" \/>\n<link rel=\"canonical\" href=\"https:\/\/www.fiorentini-iberia.com\/es\/experiencia\/hidrogeno\/sirius\/\" \/>\n<meta property=\"og:locale\" content=\"es_ES\" \/>\n<meta property=\"og:type\" content=\"article\" \/>\n<meta property=\"og:title\" content=\"SIRIUS - Pietro Fiorentini Iberia\" \/>\n<meta property=\"og:description\" content=\"El proyecto Sirius, dirigido por Hyter, figura entre los ganadores de la convocatoria MITE de propuestas sobre investigaci\u00f3n del hidr\u00f3geno.\" \/>\n<meta property=\"og:url\" content=\"https:\/\/www.fiorentini-iberia.com\/es\/experiencia\/hidrogeno\/sirius\/\" \/>\n<meta property=\"og:site_name\" content=\"Pietro Fiorentini Iberia\" \/>\n<meta property=\"article:modified_time\" content=\"2024-03-15T17:44:16+00:00\" \/>\n<meta property=\"og:image\" content=\"https:\/\/www.fiorentini-iberia.com\/wp-content\/uploads\/2024\/03\/Sirius_1.png\" \/>\n<meta name=\"twitter:card\" content=\"summary_large_image\" \/>\n<meta name=\"twitter:site\" content=\"@FiorentiniSpa\" \/>\n<meta name=\"twitter:label1\" content=\"Tiempo de lectura\" \/>\n\t<meta name=\"twitter:data1\" content=\"2 minutos\" \/>\n<script type=\"application\/ld+json\" class=\"yoast-schema-graph\">{\"@context\":\"https:\/\/schema.org\",\"@graph\":[{\"@type\":\"WebPage\",\"@id\":\"https:\/\/www.fiorentini-iberia.com\/es\/experiencia\/hidrogeno\/sirius\/\",\"url\":\"https:\/\/www.fiorentini-iberia.com\/es\/experiencia\/hidrogeno\/sirius\/\",\"name\":\"SIRIUS - Pietro Fiorentini Iberia\",\"isPartOf\":{\"@id\":\"https:\/\/www.fiorentini-iberia.com\/es\/#website\"},\"primaryImageOfPage\":{\"@id\":\"https:\/\/www.fiorentini-iberia.com\/es\/experiencia\/hidrogeno\/sirius\/#primaryimage\"},\"image\":{\"@id\":\"https:\/\/www.fiorentini-iberia.com\/es\/experiencia\/hidrogeno\/sirius\/#primaryimage\"},\"thumbnailUrl\":\"https:\/\/www.fiorentini-iberia.com\/wp-content\/uploads\/2024\/03\/Sirius_1.png\",\"datePublished\":\"2024-03-14T23:08:52+00:00\",\"dateModified\":\"2024-03-15T17:44:16+00:00\",\"description\":\"El proyecto Sirius, dirigido por Hyter, figura entre los ganadores de la convocatoria MITE de propuestas sobre investigaci\u00f3n del hidr\u00f3geno.\",\"breadcrumb\":{\"@id\":\"https:\/\/www.fiorentini-iberia.com\/es\/experiencia\/hidrogeno\/sirius\/#breadcrumb\"},\"inLanguage\":\"es\",\"potentialAction\":[{\"@type\":\"ReadAction\",\"target\":[\"https:\/\/www.fiorentini-iberia.com\/es\/experiencia\/hidrogeno\/sirius\/\"]}]},{\"@type\":\"ImageObject\",\"inLanguage\":\"es\",\"@id\":\"https:\/\/www.fiorentini-iberia.com\/es\/experiencia\/hidrogeno\/sirius\/#primaryimage\",\"url\":\"https:\/\/www.fiorentini-iberia.com\/wp-content\/uploads\/2024\/03\/Sirius_1.png\",\"contentUrl\":\"https:\/\/www.fiorentini-iberia.com\/wp-content\/uploads\/2024\/03\/Sirius_1.png\"},{\"@type\":\"BreadcrumbList\",\"@id\":\"https:\/\/www.fiorentini-iberia.com\/es\/experiencia\/hidrogeno\/sirius\/#breadcrumb\",\"itemListElement\":[{\"@type\":\"ListItem\",\"position\":1,\"name\":\"Home\",\"item\":\"https:\/\/www.fiorentini-iberia.com\/es\/\"},{\"@type\":\"ListItem\",\"position\":2,\"name\":\"Experiencia\",\"item\":\"https:\/\/www.fiorentini-iberia.com\/es\/experiencia\/\"},{\"@type\":\"ListItem\",\"position\":3,\"name\":\"Hidr\u00f3geno\",\"item\":\"https:\/\/www.fiorentini-iberia.com\/es\/experiencia\/hidrogeno\/\"},{\"@type\":\"ListItem\",\"position\":4,\"name\":\"SIRIUS\"}]},{\"@type\":\"WebSite\",\"@id\":\"https:\/\/www.fiorentini-iberia.com\/es\/#website\",\"url\":\"https:\/\/www.fiorentini-iberia.com\/es\/\",\"name\":\"Pietro Fiorentini Iberia\",\"description\":\"Pietro Fiorentini dise\u00f1a y fabrica componentes, sistemas y servicios para la regulaci\u00f3n, medici\u00f3n, gesti\u00f3n de redes de agua, energ\u00edas renovables, petr\u00f3leo y el gas natural, con sistemas adaptados 100% al hidr\u00f3geno.\",\"publisher\":{\"@id\":\"https:\/\/www.fiorentini-iberia.com\/es\/#organization\"},\"potentialAction\":[{\"@type\":\"SearchAction\",\"target\":{\"@type\":\"EntryPoint\",\"urlTemplate\":\"https:\/\/www.fiorentini-iberia.com\/es\/?s={search_term_string}\"},\"query-input\":{\"@type\":\"PropertyValueSpecification\",\"valueRequired\":true,\"valueName\":\"search_term_string\"}}],\"inLanguage\":\"es\"},{\"@type\":\"Organization\",\"@id\":\"https:\/\/www.fiorentini-iberia.com\/es\/#organization\",\"name\":\"Pietro Fiorentini Iberia\",\"url\":\"https:\/\/www.fiorentini-iberia.com\/es\/\",\"logo\":{\"@type\":\"ImageObject\",\"inLanguage\":\"es\",\"@id\":\"https:\/\/www.fiorentini-iberia.com\/es\/#\/schema\/logo\/image\/\",\"url\":\"https:\/\/www.fiorentini-iberia.com\/wp-content\/uploads\/2020\/11\/logo.svg\",\"contentUrl\":\"https:\/\/www.fiorentini-iberia.com\/wp-content\/uploads\/2020\/11\/logo.svg\",\"width\":227,\"height\":59,\"caption\":\"Pietro Fiorentini Iberia\"},\"image\":{\"@id\":\"https:\/\/www.fiorentini-iberia.com\/es\/#\/schema\/logo\/image\/\"},\"sameAs\":[\"https:\/\/x.com\/FiorentiniSpa\",\"https:\/\/www.linkedin.com\/company\/pietro-fiorentini-iberia\/\"]}]}<\/script>\n<!-- \/ Yoast SEO plugin. -->","yoast_head_json":{"title":"SIRIUS - Pietro Fiorentini Iberia","description":"El proyecto Sirius, dirigido por Hyter, figura entre los ganadores de la convocatoria MITE de propuestas sobre investigaci\u00f3n del hidr\u00f3geno.","robots":{"index":"index","follow":"follow","max-snippet":"max-snippet:-1","max-image-preview":"max-image-preview:large","max-video-preview":"max-video-preview:-1"},"canonical":"https:\/\/www.fiorentini-iberia.com\/es\/experiencia\/hidrogeno\/sirius\/","og_locale":"es_ES","og_type":"article","og_title":"SIRIUS - Pietro Fiorentini Iberia","og_description":"El proyecto Sirius, dirigido por Hyter, figura entre los ganadores de la convocatoria MITE de propuestas sobre investigaci\u00f3n del hidr\u00f3geno.","og_url":"https:\/\/www.fiorentini-iberia.com\/es\/experiencia\/hidrogeno\/sirius\/","og_site_name":"Pietro Fiorentini Iberia","article_modified_time":"2024-03-15T17:44:16+00:00","og_image":[{"url":"https:\/\/www.fiorentini-iberia.com\/wp-content\/uploads\/2024\/03\/Sirius_1.png","type":"","width":"","height":""}],"twitter_card":"summary_large_image","twitter_site":"@FiorentiniSpa","twitter_misc":{"Tiempo de lectura":"2 minutos"},"schema":{"@context":"https:\/\/schema.org","@graph":[{"@type":"WebPage","@id":"https:\/\/www.fiorentini-iberia.com\/es\/experiencia\/hidrogeno\/sirius\/","url":"https:\/\/www.fiorentini-iberia.com\/es\/experiencia\/hidrogeno\/sirius\/","name":"SIRIUS - Pietro Fiorentini Iberia","isPartOf":{"@id":"https:\/\/www.fiorentini-iberia.com\/es\/#website"},"primaryImageOfPage":{"@id":"https:\/\/www.fiorentini-iberia.com\/es\/experiencia\/hidrogeno\/sirius\/#primaryimage"},"image":{"@id":"https:\/\/www.fiorentini-iberia.com\/es\/experiencia\/hidrogeno\/sirius\/#primaryimage"},"thumbnailUrl":"https:\/\/www.fiorentini-iberia.com\/wp-content\/uploads\/2024\/03\/Sirius_1.png","datePublished":"2024-03-14T23:08:52+00:00","dateModified":"2024-03-15T17:44:16+00:00","description":"El proyecto Sirius, dirigido por Hyter, figura entre los ganadores de la convocatoria MITE de propuestas sobre investigaci\u00f3n del hidr\u00f3geno.","breadcrumb":{"@id":"https:\/\/www.fiorentini-iberia.com\/es\/experiencia\/hidrogeno\/sirius\/#breadcrumb"},"inLanguage":"es","potentialAction":[{"@type":"ReadAction","target":["https:\/\/www.fiorentini-iberia.com\/es\/experiencia\/hidrogeno\/sirius\/"]}]},{"@type":"ImageObject","inLanguage":"es","@id":"https:\/\/www.fiorentini-iberia.com\/es\/experiencia\/hidrogeno\/sirius\/#primaryimage","url":"https:\/\/www.fiorentini-iberia.com\/wp-content\/uploads\/2024\/03\/Sirius_1.png","contentUrl":"https:\/\/www.fiorentini-iberia.com\/wp-content\/uploads\/2024\/03\/Sirius_1.png"},{"@type":"BreadcrumbList","@id":"https:\/\/www.fiorentini-iberia.com\/es\/experiencia\/hidrogeno\/sirius\/#breadcrumb","itemListElement":[{"@type":"ListItem","position":1,"name":"Home","item":"https:\/\/www.fiorentini-iberia.com\/es\/"},{"@type":"ListItem","position":2,"name":"Experiencia","item":"https:\/\/www.fiorentini-iberia.com\/es\/experiencia\/"},{"@type":"ListItem","position":3,"name":"Hidr\u00f3geno","item":"https:\/\/www.fiorentini-iberia.com\/es\/experiencia\/hidrogeno\/"},{"@type":"ListItem","position":4,"name":"SIRIUS"}]},{"@type":"WebSite","@id":"https:\/\/www.fiorentini-iberia.com\/es\/#website","url":"https:\/\/www.fiorentini-iberia.com\/es\/","name":"Pietro Fiorentini Iberia","description":"Pietro Fiorentini dise\u00f1a y fabrica componentes, sistemas y servicios para la regulaci\u00f3n, medici\u00f3n, gesti\u00f3n de redes de agua, energ\u00edas renovables, petr\u00f3leo y el gas natural, con sistemas adaptados 100% al hidr\u00f3geno.","publisher":{"@id":"https:\/\/www.fiorentini-iberia.com\/es\/#organization"},"potentialAction":[{"@type":"SearchAction","target":{"@type":"EntryPoint","urlTemplate":"https:\/\/www.fiorentini-iberia.com\/es\/?s={search_term_string}"},"query-input":{"@type":"PropertyValueSpecification","valueRequired":true,"valueName":"search_term_string"}}],"inLanguage":"es"},{"@type":"Organization","@id":"https:\/\/www.fiorentini-iberia.com\/es\/#organization","name":"Pietro Fiorentini Iberia","url":"https:\/\/www.fiorentini-iberia.com\/es\/","logo":{"@type":"ImageObject","inLanguage":"es","@id":"https:\/\/www.fiorentini-iberia.com\/es\/#\/schema\/logo\/image\/","url":"https:\/\/www.fiorentini-iberia.com\/wp-content\/uploads\/2020\/11\/logo.svg","contentUrl":"https:\/\/www.fiorentini-iberia.com\/wp-content\/uploads\/2020\/11\/logo.svg","width":227,"height":59,"caption":"Pietro Fiorentini Iberia"},"image":{"@id":"https:\/\/www.fiorentini-iberia.com\/es\/#\/schema\/logo\/image\/"},"sameAs":["https:\/\/x.com\/FiorentiniSpa","https:\/\/www.linkedin.com\/company\/pietro-fiorentini-iberia\/"]}]}},"_links":{"self":[{"href":"https:\/\/www.fiorentini-iberia.com\/es\/wp-json\/wp\/v2\/pages\/50560","targetHints":{"allow":["GET"]}}],"collection":[{"href":"https:\/\/www.fiorentini-iberia.com\/es\/wp-json\/wp\/v2\/pages"}],"about":[{"href":"https:\/\/www.fiorentini-iberia.com\/es\/wp-json\/wp\/v2\/types\/page"}],"author":[{"embeddable":true,"href":"https:\/\/www.fiorentini-iberia.com\/es\/wp-json\/wp\/v2\/users\/15"}],"replies":[{"embeddable":true,"href":"https:\/\/www.fiorentini-iberia.com\/es\/wp-json\/wp\/v2\/comments?post=50560"}],"version-history":[{"count":1,"href":"https:\/\/www.fiorentini-iberia.com\/es\/wp-json\/wp\/v2\/pages\/50560\/revisions"}],"predecessor-version":[{"id":50562,"href":"https:\/\/www.fiorentini-iberia.com\/es\/wp-json\/wp\/v2\/pages\/50560\/revisions\/50562"}],"up":[{"embeddable":true,"href":"https:\/\/www.fiorentini-iberia.com\/es\/wp-json\/wp\/v2\/pages\/48274"}],"wp:attachment":[{"href":"https:\/\/www.fiorentini-iberia.com\/es\/wp-json\/wp\/v2\/media?parent=50560"}],"curies":[{"name":"wp","href":"https:\/\/api.w.org\/{rel}","templated":true}]}}